{"id":7248,"date":"2013-10-18T13:26:59","date_gmt":"2013-10-18T11:26:59","guid":{"rendered":"http:\/\/editorialmediterrania.net\/product\/producto\/lucia-y-valentin-aprenden-a-decir-gracias-2\/"},"modified":"2015-11-10T02:23:56","modified_gmt":"2015-11-10T01:23:56","slug":"lucia-and-valentin-learn-to-say-thank-you","status":"publish","type":"product","link":"https:\/\/editorialmediterrania.com\/en\/product\/lucia-and-valentin-learn-to-say-thank-you\/","title":{"rendered":"Luc\u00eda and Valent\u00edn learn to say THANK YOU"},"content":{"rendered":"<p style=\"text-align: justify;\">We bring to you one of the first titles of the series \u201cBuenas maneras\u201d (Good Manners Series), whose purpose is to teach children that politeness, so necessary when living together with others, implies respect, kindness and tolerance towards other people.<\/p>\n<div style=\"text-align: justify;\">With Luc\u00eda and Valent\u00edn, children will learn to use polite sets of expressions in every-day life situations.<\/div>\n<p style=\"text-align: justify;\">An educational illustrated first readers series to teach children some basic courtesy rules. Created by Pedagogy Professionals, every book includes a practical guide for parents and teachers.<\/p>\n<p style=\"text-align: justify;\">This product is available in Spanish.<\/p>\n<p>This book is also available as an ebook. You could find it in our digital distribuitor\u2019s website <a href=\"http:\/\/www.zonaebooks.com\/Inicio\">Zonaebooks<\/a><\/p>\n","protected":false},"excerpt":{"rendered":"<p>We bring to you one of the first titles of the series \u201cBuenas maneras\u201d (Good Manners), whose purpose is to teach children that politeness, so necessary when living together with others, implies respect, kindness and tolerance towards other people.<\/p>\n","protected":false},"featured_media":24449,"template":"","meta":[],"product_cat":[],"product_tag":[],"autors":[],"class_list":{"0":"post-7248","1":"product","2":"type-product","3":"status-publish","4":"has-post-thumbnail","7":"first","8":"instock","9":"purchasable","10":"product-type-simple","swatches":"rey-swatches","show_selected":""},"acf":[],"yoast_head":"<!-- This site is optimized with the Yoast SEO plugin v22.8 - https:\/\/yoast.com\/wordpress\/plugins\/seo\/ -->\n<title>Luc\u00eda and Valent\u00edn learn to say THANK YOU - Editorial Mediterr\u00e0nia<\/title>\n<meta name=\"description\" content=\"With Luc\u00eda and Valent\u00edn children will learn to say thank you.\" \/>\n<meta name=\"robots\" content=\"index, follow, max-snippet:-1, max-image-preview:large, max-video-preview:-1\" \/>\n<link rel=\"canonical\" href=\"https:\/\/editorialmediterrania.com\/en\/product\/lucia-and-valentin-learn-to-say-thank-you\/\" \/>\n<meta property=\"og:locale\" content=\"en_US\" \/>\n<meta property=\"og:type\" content=\"article\" \/>\n<meta property=\"og:title\" content=\"Luc\u00eda and Valent\u00edn learn to say THANK YOU - Editorial Mediterr\u00e0nia\" \/>\n<meta property=\"og:description\" content=\"With Luc\u00eda and Valent\u00edn children will learn to say thank you.\" \/>\n<meta property=\"og:url\" content=\"https:\/\/editorialmediterrania.com\/en\/product\/lucia-and-valentin-learn-to-say-thank-you\/\" \/>\n<meta property=\"og:site_name\" content=\"Editorial Mediterr\u00e0nia\" \/>\n<meta property=\"article:modified_time\" content=\"2015-11-10T01:23:56+00:00\" \/>\n<meta property=\"og:image\" content=\"https:\/\/editorialmediterrania.com\/wp-content\/uploads\/2013\/10\/Lucia-y-Valentin-aprenden-a-decir-Gracias.jpg\" \/>\n\t<meta property=\"og:image:width\" content=\"600\" \/>\n\t<meta property=\"og:image:height\" content=\"612\" \/>\n\t<meta property=\"og:image:type\" content=\"image\/jpeg\" \/>\n<meta name=\"twitter:card\" content=\"summary_large_image\" \/>\n<meta name=\"twitter:site\" content=\"@edmediterrania\" \/>\n<meta name=\"twitter:label1\" content=\"Est. reading time\" \/>\n\t<meta name=\"twitter:data1\" content=\"1 minute\" \/>\n<script type=\"application\/ld+json\" class=\"yoast-schema-graph\">{\"@context\":\"https:\/\/schema.org\",\"@graph\":[{\"@type\":\"WebPage\",\"@id\":\"https:\/\/editorialmediterrania.com\/en\/product\/lucia-and-valentin-learn-to-say-thank-you\/\",\"url\":\"https:\/\/editorialmediterrania.com\/en\/product\/lucia-and-valentin-learn-to-say-thank-you\/\",\"name\":\"Luc\u00eda and Valent\u00edn learn to say THANK YOU - Editorial Mediterr\u00e0nia\",\"isPartOf\":{\"@id\":\"https:\/\/editorialmediterrania.com\/en\/#website\"},\"primaryImageOfPage\":{\"@id\":\"https:\/\/editorialmediterrania.com\/en\/product\/lucia-and-valentin-learn-to-say-thank-you\/#primaryimage\"},\"image\":{\"@id\":\"https:\/\/editorialmediterrania.com\/en\/product\/lucia-and-valentin-learn-to-say-thank-you\/#primaryimage\"},\"thumbnailUrl\":\"https:\/\/editorialmediterrania.com\/wp-content\/uploads\/2013\/10\/Lucia-y-Valentin-aprenden-a-decir-Gracias.jpg\",\"datePublished\":\"2013-10-18T11:26:59+00:00\",\"dateModified\":\"2015-11-10T01:23:56+00:00\",\"description\":\"With Luc\u00eda and Valent\u00edn children will learn to say thank you.\",\"breadcrumb\":{\"@id\":\"https:\/\/editorialmediterrania.com\/en\/product\/lucia-and-valentin-learn-to-say-thank-you\/#breadcrumb\"},\"inLanguage\":\"en-US\",\"potentialAction\":[{\"@type\":\"ReadAction\",\"target\":[\"https:\/\/editorialmediterrania.com\/en\/product\/lucia-and-valentin-learn-to-say-thank-you\/\"]}]},{\"@type\":\"ImageObject\",\"inLanguage\":\"en-US\",\"@id\":\"https:\/\/editorialmediterrania.com\/en\/product\/lucia-and-valentin-learn-to-say-thank-you\/#primaryimage\",\"url\":\"https:\/\/editorialmediterrania.com\/wp-content\/uploads\/2013\/10\/Lucia-y-Valentin-aprenden-a-decir-Gracias.jpg\",\"contentUrl\":\"https:\/\/editorialmediterrania.com\/wp-content\/uploads\/2013\/10\/Lucia-y-Valentin-aprenden-a-decir-Gracias.jpg\",\"width\":600,\"height\":612},{\"@type\":\"BreadcrumbList\",\"@id\":\"https:\/\/editorialmediterrania.com\/en\/product\/lucia-and-valentin-learn-to-say-thank-you\/#breadcrumb\",\"itemListElement\":[{\"@type\":\"ListItem\",\"position\":1,\"name\":\"Children&#8217;s art book store\",\"item\":\"https:\/\/editorialmediterrania.com\/en\/childrens-art-book-store\/\"},{\"@type\":\"ListItem\",\"position\":2,\"name\":\"Luc\u00eda and Valent\u00edn learn to say THANK YOU\"}]},{\"@type\":\"WebSite\",\"@id\":\"https:\/\/editorialmediterrania.com\/en\/#website\",\"url\":\"https:\/\/editorialmediterrania.com\/en\/\",\"name\":\"Editorial Mediterrania\",\"description\":\"Llibres que t\u2019obriran nous mons\",\"publisher\":{\"@id\":\"https:\/\/editorialmediterrania.com\/en\/#organization\"},\"alternateName\":\"Llibres infantils d'art, cultura i natura\",\"potentialAction\":[{\"@type\":\"SearchAction\",\"target\":{\"@type\":\"EntryPoint\",\"urlTemplate\":\"https:\/\/editorialmediterrania.com\/en\/?s={search_term_string}\"},\"query-input\":\"required name=search_term_string\"}],\"inLanguage\":\"en-US\"},{\"@type\":\"Organization\",\"@id\":\"https:\/\/editorialmediterrania.com\/en\/#organization\",\"name\":\"Editorial Mediterrania\",\"alternateName\":\"Llibres d'art, cultura i natura per infants i fam\u00edlies\",\"url\":\"https:\/\/editorialmediterrania.com\/en\/\",\"logo\":{\"@type\":\"ImageObject\",\"inLanguage\":\"en-US\",\"@id\":\"https:\/\/editorialmediterrania.com\/en\/#\/schema\/logo\/image\/\",\"url\":\"https:\/\/editorialmediterrania.com\/wp-content\/uploads\/2023\/03\/LOGO-ED_MEDITERRANIA_OK-2.png\",\"contentUrl\":\"https:\/\/editorialmediterrania.com\/wp-content\/uploads\/2023\/03\/LOGO-ED_MEDITERRANIA_OK-2.png\",\"width\":1200,\"height\":300,\"caption\":\"Editorial Mediterrania\"},\"image\":{\"@id\":\"https:\/\/editorialmediterrania.com\/en\/#\/schema\/logo\/image\/\"},\"sameAs\":[\"https:\/\/x.com\/edmediterrania\",\"https:\/\/www.instagram.com\/editorialmediterrania\/\"]}]}<\/script>\n<!-- \/ Yoast SEO plugin. -->","yoast_head_json":{"title":"Luc\u00eda and Valent\u00edn learn to say THANK YOU - Editorial Mediterr\u00e0nia","description":"With Luc\u00eda and Valent\u00edn children will learn to say thank you.","robots":{"index":"index","follow":"follow","max-snippet":"max-snippet:-1","max-image-preview":"max-image-preview:large","max-video-preview":"max-video-preview:-1"},"canonical":"https:\/\/editorialmediterrania.com\/en\/product\/lucia-and-valentin-learn-to-say-thank-you\/","og_locale":"en_US","og_type":"article","og_title":"Luc\u00eda and Valent\u00edn learn to say THANK YOU - Editorial Mediterr\u00e0nia","og_description":"With Luc\u00eda and Valent\u00edn children will learn to say thank you.","og_url":"https:\/\/editorialmediterrania.com\/en\/product\/lucia-and-valentin-learn-to-say-thank-you\/","og_site_name":"Editorial Mediterr\u00e0nia","article_modified_time":"2015-11-10T01:23:56+00:00","og_image":[{"width":600,"height":612,"url":"https:\/\/editorialmediterrania.com\/wp-content\/uploads\/2013\/10\/Lucia-y-Valentin-aprenden-a-decir-Gracias.jpg","type":"image\/jpeg"}],"twitter_card":"summary_large_image","twitter_site":"@edmediterrania","twitter_misc":{"Est. reading time":"1 minute"},"schema":{"@context":"https:\/\/schema.org","@graph":[{"@type":"WebPage","@id":"https:\/\/editorialmediterrania.com\/en\/product\/lucia-and-valentin-learn-to-say-thank-you\/","url":"https:\/\/editorialmediterrania.com\/en\/product\/lucia-and-valentin-learn-to-say-thank-you\/","name":"Luc\u00eda and Valent\u00edn learn to say THANK YOU - Editorial Mediterr\u00e0nia","isPartOf":{"@id":"https:\/\/editorialmediterrania.com\/en\/#website"},"primaryImageOfPage":{"@id":"https:\/\/editorialmediterrania.com\/en\/product\/lucia-and-valentin-learn-to-say-thank-you\/#primaryimage"},"image":{"@id":"https:\/\/editorialmediterrania.com\/en\/product\/lucia-and-valentin-learn-to-say-thank-you\/#primaryimage"},"thumbnailUrl":"https:\/\/editorialmediterrania.com\/wp-content\/uploads\/2013\/10\/Lucia-y-Valentin-aprenden-a-decir-Gracias.jpg","datePublished":"2013-10-18T11:26:59+00:00","dateModified":"2015-11-10T01:23:56+00:00","description":"With Luc\u00eda and Valent\u00edn children will learn to say thank you.","breadcrumb":{"@id":"https:\/\/editorialmediterrania.com\/en\/product\/lucia-and-valentin-learn-to-say-thank-you\/#breadcrumb"},"inLanguage":"en-US","potentialAction":[{"@type":"ReadAction","target":["https:\/\/editorialmediterrania.com\/en\/product\/lucia-and-valentin-learn-to-say-thank-you\/"]}]},{"@type":"ImageObject","inLanguage":"en-US","@id":"https:\/\/editorialmediterrania.com\/en\/product\/lucia-and-valentin-learn-to-say-thank-you\/#primaryimage","url":"https:\/\/editorialmediterrania.com\/wp-content\/uploads\/2013\/10\/Lucia-y-Valentin-aprenden-a-decir-Gracias.jpg","contentUrl":"https:\/\/editorialmediterrania.com\/wp-content\/uploads\/2013\/10\/Lucia-y-Valentin-aprenden-a-decir-Gracias.jpg","width":600,"height":612},{"@type":"BreadcrumbList","@id":"https:\/\/editorialmediterrania.com\/en\/product\/lucia-and-valentin-learn-to-say-thank-you\/#breadcrumb","itemListElement":[{"@type":"ListItem","position":1,"name":"Children&#8217;s art book store","item":"https:\/\/editorialmediterrania.com\/en\/childrens-art-book-store\/"},{"@type":"ListItem","position":2,"name":"Luc\u00eda and Valent\u00edn learn to say THANK YOU"}]},{"@type":"WebSite","@id":"https:\/\/editorialmediterrania.com\/en\/#website","url":"https:\/\/editorialmediterrania.com\/en\/","name":"Editorial Mediterrania","description":"Llibres que t\u2019obriran nous mons","publisher":{"@id":"https:\/\/editorialmediterrania.com\/en\/#organization"},"alternateName":"Llibres infantils d'art, cultura i natura","potentialAction":[{"@type":"SearchAction","target":{"@type":"EntryPoint","urlTemplate":"https:\/\/editorialmediterrania.com\/en\/?s={search_term_string}"},"query-input":"required name=search_term_string"}],"inLanguage":"en-US"},{"@type":"Organization","@id":"https:\/\/editorialmediterrania.com\/en\/#organization","name":"Editorial Mediterrania","alternateName":"Llibres d'art, cultura i natura per infants i fam\u00edlies","url":"https:\/\/editorialmediterrania.com\/en\/","logo":{"@type":"ImageObject","inLanguage":"en-US","@id":"https:\/\/editorialmediterrania.com\/en\/#\/schema\/logo\/image\/","url":"https:\/\/editorialmediterrania.com\/wp-content\/uploads\/2023\/03\/LOGO-ED_MEDITERRANIA_OK-2.png","contentUrl":"https:\/\/editorialmediterrania.com\/wp-content\/uploads\/2023\/03\/LOGO-ED_MEDITERRANIA_OK-2.png","width":1200,"height":300,"caption":"Editorial Mediterrania"},"image":{"@id":"https:\/\/editorialmediterrania.com\/en\/#\/schema\/logo\/image\/"},"sameAs":["https:\/\/x.com\/edmediterrania","https:\/\/www.instagram.com\/editorialmediterrania\/"]}]}},"_links":{"self":[{"href":"https:\/\/editorialmediterrania.com\/en\/wp-json\/wp\/v2\/product\/7248","targetHints":{"allow":["GET"]}}],"collection":[{"href":"https:\/\/editorialmediterrania.com\/en\/wp-json\/wp\/v2\/product"}],"about":[{"href":"https:\/\/editorialmediterrania.com\/en\/wp-json\/wp\/v2\/types\/product"}],"wp:featuredmedia":[{"embeddable":true,"href":"https:\/\/editorialmediterrania.com\/en\/wp-json\/wp\/v2\/media\/24449"}],"wp:attachment":[{"href":"https:\/\/editorialmediterrania.com\/en\/wp-json\/wp\/v2\/media?parent=7248"}],"wp:term":[{"taxonomy":"product_cat","embeddable":true,"href":"https:\/\/editorialmediterrania.com\/en\/wp-json\/wp\/v2\/product_cat?post=7248"},{"taxonomy":"product_tag","embeddable":true,"href":"https:\/\/editorialmediterrania.com\/en\/wp-json\/wp\/v2\/product_tag?post=7248"},{"taxonomy":"autors","embeddable":true,"href":"https:\/\/editorialmediterrania.com\/en\/wp-json\/wp\/v2\/autors?post=7248"}],"curies":[{"name":"wp","href":"https:\/\/api.w.org\/{rel}","templated":true}]}}