{"id":7605,"date":"2013-11-13T12:36:30","date_gmt":"2013-11-13T11:36:30","guid":{"rendered":"http:\/\/editorialmediterrania.net\/?post_type=product&#038;p=7605"},"modified":"2025-07-30T10:17:10","modified_gmt":"2025-07-30T08:17:10","slug":"divuit-poemes-de-nadal-i-un-de-cap-dany","status":"publish","type":"product","link":"https:\/\/editorialmediterrania.com\/en\/product\/divuit-poemes-de-nadal-i-un-de-cap-dany\/","title":{"rendered":"Divuit poemes de Nadal i un de Cap d&#8217;Any"},"content":{"rendered":"<p style=\"text-align: justify;\"><strong>3a edici\u00f3<\/strong><\/p>\n<p style=\"text-align: justify;\">Els poemes de Joana Raspall que recull aquest nou llibre s\u00f3n majorit\u00e0riament in\u00e8dits i, com apunta el seu t\u00edtol, de tem\u00e0tica nadalenca, per a ser recitats dalt de la cadira.<\/p>\n<p style=\"text-align: justify;\">A tots ells els acompanyen les il\u00b7lustracions d\u2019Ignasi Blanch i, a m\u00e9s, el llibre compta amb un desplegable central amb la il\u00b7lustraci\u00f3 d\u2019un pessebre.<\/p>\n<p style=\"text-align: justify;\"><em>Divuit poemes de Nadal i un de Cap d\u2019Any<\/em> es public\u00e0 coincidint amb l\u2019Any Raspall i ens fan reviure \u201cimatges, expressions, melodies que formen part dels nostres records personals i col\u00b7lectius: fum, fum, fum; Caga, ti\u00f3; Qu\u00e8 li darem al noiet de la mare?&#8230;\u201d, tal com explica Carles Duarte al pr\u00f2leg.<\/p>\n","protected":false},"excerpt":{"rendered":"<p>Recuperaci\u00f3 d\u2019un poemari imprescindible\u00a0per a viure i celebrar les festes de Nadal.<\/p>\n","protected":false},"featured_media":40934,"template":"","meta":[],"product_cat":[16,5685],"product_tag":[337,5923,973],"autors":[],"class_list":{"0":"post-7605","1":"product","2":"type-product","3":"status-publish","4":"has-post-thumbnail","6":"product_cat-editorial-mediterrania","7":"product_cat-poesia-2","8":"product_tag-libro-infantil","9":"product_tag-poemes-per-nens","10":"product_tag-poesia","12":"first","13":"instock","14":"purchasable","15":"product-type-simple","swatches":"rey-swatches","show_selected":""},"acf":[],"yoast_head":"<!-- This site is optimized with the Yoast SEO plugin v22.8 - https:\/\/yoast.com\/wordpress\/plugins\/seo\/ -->\n<title>Divuit poemes de Nadal i un de Cap d&#039;Any - Editorial Mediterr\u00e0nia<\/title>\n<meta name=\"description\" content=\"Recuperaci\u00f3 d\u2019un poemari imprescindibleper a viure i celebrar les festes de Nadalamb un t\u00e0ndem de luxe: poemes de lareconeguda Joana Raspall amb il\u00b7lustracionsde l\u2019artista Ignasi Blanch.\" \/>\n<meta name=\"robots\" content=\"index, follow, max-snippet:-1, max-image-preview:large, max-video-preview:-1\" \/>\n<link rel=\"canonical\" href=\"https:\/\/editorialmediterrania.com\/en\/product\/divuit-poemes-de-nadal-i-un-de-cap-dany\/\" \/>\n<meta property=\"og:locale\" content=\"en_US\" \/>\n<meta property=\"og:type\" content=\"article\" \/>\n<meta property=\"og:title\" content=\"Divuit poemes de Nadal i un de Cap d&#039;Any - Editorial Mediterr\u00e0nia\" \/>\n<meta property=\"og:description\" content=\"Recuperaci\u00f3 d\u2019un poemari imprescindibleper a viure i celebrar les festes de Nadalamb un t\u00e0ndem de luxe: poemes de lareconeguda Joana Raspall amb il\u00b7lustracionsde l\u2019artista Ignasi Blanch.\" \/>\n<meta property=\"og:url\" content=\"https:\/\/editorialmediterrania.com\/en\/product\/divuit-poemes-de-nadal-i-un-de-cap-dany\/\" \/>\n<meta property=\"og:site_name\" content=\"Editorial Mediterr\u00e0nia\" \/>\n<meta property=\"article:modified_time\" content=\"2025-07-30T08:17:10+00:00\" \/>\n<meta property=\"og:image\" content=\"https:\/\/editorialmediterrania.com\/wp-content\/uploads\/2013\/11\/DivuitpoemesdeNadal_baixa.jpg.webp\" \/>\n\t<meta property=\"og:image:width\" content=\"471\" \/>\n\t<meta property=\"og:image:height\" content=\"530\" \/>\n\t<meta property=\"og:image:type\" content=\"image\/webp\" \/>\n<meta name=\"twitter:card\" content=\"summary_large_image\" \/>\n<meta name=\"twitter:site\" content=\"@edmediterrania\" \/>\n<meta name=\"twitter:label1\" content=\"Est. reading time\" \/>\n\t<meta name=\"twitter:data1\" content=\"1 minute\" \/>\n<script type=\"application\/ld+json\" class=\"yoast-schema-graph\">{\"@context\":\"https:\/\/schema.org\",\"@graph\":[{\"@type\":\"WebPage\",\"@id\":\"https:\/\/editorialmediterrania.com\/en\/product\/divuit-poemes-de-nadal-i-un-de-cap-dany\/\",\"url\":\"https:\/\/editorialmediterrania.com\/en\/product\/divuit-poemes-de-nadal-i-un-de-cap-dany\/\",\"name\":\"Divuit poemes de Nadal i un de Cap d'Any - Editorial Mediterr\u00e0nia\",\"isPartOf\":{\"@id\":\"https:\/\/editorialmediterrania.com\/en\/#website\"},\"primaryImageOfPage\":{\"@id\":\"https:\/\/editorialmediterrania.com\/en\/product\/divuit-poemes-de-nadal-i-un-de-cap-dany\/#primaryimage\"},\"image\":{\"@id\":\"https:\/\/editorialmediterrania.com\/en\/product\/divuit-poemes-de-nadal-i-un-de-cap-dany\/#primaryimage\"},\"thumbnailUrl\":\"https:\/\/editorialmediterrania.com\/wp-content\/uploads\/2013\/11\/DivuitpoemesdeNadal_baixa.jpg.webp\",\"datePublished\":\"2013-11-13T11:36:30+00:00\",\"dateModified\":\"2025-07-30T08:17:10+00:00\",\"description\":\"Recuperaci\u00f3 d\u2019un poemari imprescindibleper a viure i celebrar les festes de Nadalamb un t\u00e0ndem de luxe: poemes de lareconeguda Joana Raspall amb il\u00b7lustracionsde l\u2019artista Ignasi Blanch.\",\"breadcrumb\":{\"@id\":\"https:\/\/editorialmediterrania.com\/en\/product\/divuit-poemes-de-nadal-i-un-de-cap-dany\/#breadcrumb\"},\"inLanguage\":\"en-US\",\"potentialAction\":[{\"@type\":\"ReadAction\",\"target\":[\"https:\/\/editorialmediterrania.com\/en\/product\/divuit-poemes-de-nadal-i-un-de-cap-dany\/\"]}]},{\"@type\":\"ImageObject\",\"inLanguage\":\"en-US\",\"@id\":\"https:\/\/editorialmediterrania.com\/en\/product\/divuit-poemes-de-nadal-i-un-de-cap-dany\/#primaryimage\",\"url\":\"https:\/\/editorialmediterrania.com\/wp-content\/uploads\/2013\/11\/DivuitpoemesdeNadal_baixa.jpg.webp\",\"contentUrl\":\"https:\/\/editorialmediterrania.com\/wp-content\/uploads\/2013\/11\/DivuitpoemesdeNadal_baixa.jpg.webp\",\"width\":471,\"height\":530},{\"@type\":\"BreadcrumbList\",\"@id\":\"https:\/\/editorialmediterrania.com\/en\/product\/divuit-poemes-de-nadal-i-un-de-cap-dany\/#breadcrumb\",\"itemListElement\":[{\"@type\":\"ListItem\",\"position\":1,\"name\":\"Children&#8217;s art book store\",\"item\":\"https:\/\/editorialmediterrania.com\/en\/childrens-art-book-store\/\"},{\"@type\":\"ListItem\",\"position\":2,\"name\":\"Divuit poemes de Nadal i un de Cap d&#8217;Any\"}]},{\"@type\":\"WebSite\",\"@id\":\"https:\/\/editorialmediterrania.com\/en\/#website\",\"url\":\"https:\/\/editorialmediterrania.com\/en\/\",\"name\":\"Editorial Mediterrania\",\"description\":\"Llibres que t\u2019obriran nous mons\",\"publisher\":{\"@id\":\"https:\/\/editorialmediterrania.com\/en\/#organization\"},\"alternateName\":\"Llibres infantils d'art, cultura i natura\",\"potentialAction\":[{\"@type\":\"SearchAction\",\"target\":{\"@type\":\"EntryPoint\",\"urlTemplate\":\"https:\/\/editorialmediterrania.com\/en\/?s={search_term_string}\"},\"query-input\":\"required name=search_term_string\"}],\"inLanguage\":\"en-US\"},{\"@type\":\"Organization\",\"@id\":\"https:\/\/editorialmediterrania.com\/en\/#organization\",\"name\":\"Editorial Mediterrania\",\"alternateName\":\"Llibres d'art, cultura i natura per infants i fam\u00edlies\",\"url\":\"https:\/\/editorialmediterrania.com\/en\/\",\"logo\":{\"@type\":\"ImageObject\",\"inLanguage\":\"en-US\",\"@id\":\"https:\/\/editorialmediterrania.com\/en\/#\/schema\/logo\/image\/\",\"url\":\"https:\/\/editorialmediterrania.com\/wp-content\/uploads\/2023\/03\/LOGO-ED_MEDITERRANIA_OK-2.png\",\"contentUrl\":\"https:\/\/editorialmediterrania.com\/wp-content\/uploads\/2023\/03\/LOGO-ED_MEDITERRANIA_OK-2.png\",\"width\":1200,\"height\":300,\"caption\":\"Editorial Mediterrania\"},\"image\":{\"@id\":\"https:\/\/editorialmediterrania.com\/en\/#\/schema\/logo\/image\/\"},\"sameAs\":[\"https:\/\/x.com\/edmediterrania\",\"https:\/\/www.instagram.com\/editorialmediterrania\/\"]}]}<\/script>\n<!-- \/ Yoast SEO plugin. -->","yoast_head_json":{"title":"Divuit poemes de Nadal i un de Cap d'Any - Editorial Mediterr\u00e0nia","description":"Recuperaci\u00f3 d\u2019un poemari imprescindibleper a viure i celebrar les festes de Nadalamb un t\u00e0ndem de luxe: poemes de lareconeguda Joana Raspall amb il\u00b7lustracionsde l\u2019artista Ignasi Blanch.","robots":{"index":"index","follow":"follow","max-snippet":"max-snippet:-1","max-image-preview":"max-image-preview:large","max-video-preview":"max-video-preview:-1"},"canonical":"https:\/\/editorialmediterrania.com\/en\/product\/divuit-poemes-de-nadal-i-un-de-cap-dany\/","og_locale":"en_US","og_type":"article","og_title":"Divuit poemes de Nadal i un de Cap d'Any - Editorial Mediterr\u00e0nia","og_description":"Recuperaci\u00f3 d\u2019un poemari imprescindibleper a viure i celebrar les festes de Nadalamb un t\u00e0ndem de luxe: poemes de lareconeguda Joana Raspall amb il\u00b7lustracionsde l\u2019artista Ignasi Blanch.","og_url":"https:\/\/editorialmediterrania.com\/en\/product\/divuit-poemes-de-nadal-i-un-de-cap-dany\/","og_site_name":"Editorial Mediterr\u00e0nia","article_modified_time":"2025-07-30T08:17:10+00:00","og_image":[{"width":471,"height":530,"url":"https:\/\/editorialmediterrania.com\/wp-content\/uploads\/2013\/11\/DivuitpoemesdeNadal_baixa.jpg.webp","type":"image\/webp"}],"twitter_card":"summary_large_image","twitter_site":"@edmediterrania","twitter_misc":{"Est. reading time":"1 minute"},"schema":{"@context":"https:\/\/schema.org","@graph":[{"@type":"WebPage","@id":"https:\/\/editorialmediterrania.com\/en\/product\/divuit-poemes-de-nadal-i-un-de-cap-dany\/","url":"https:\/\/editorialmediterrania.com\/en\/product\/divuit-poemes-de-nadal-i-un-de-cap-dany\/","name":"Divuit poemes de Nadal i un de Cap d'Any - Editorial Mediterr\u00e0nia","isPartOf":{"@id":"https:\/\/editorialmediterrania.com\/en\/#website"},"primaryImageOfPage":{"@id":"https:\/\/editorialmediterrania.com\/en\/product\/divuit-poemes-de-nadal-i-un-de-cap-dany\/#primaryimage"},"image":{"@id":"https:\/\/editorialmediterrania.com\/en\/product\/divuit-poemes-de-nadal-i-un-de-cap-dany\/#primaryimage"},"thumbnailUrl":"https:\/\/editorialmediterrania.com\/wp-content\/uploads\/2013\/11\/DivuitpoemesdeNadal_baixa.jpg.webp","datePublished":"2013-11-13T11:36:30+00:00","dateModified":"2025-07-30T08:17:10+00:00","description":"Recuperaci\u00f3 d\u2019un poemari imprescindibleper a viure i celebrar les festes de Nadalamb un t\u00e0ndem de luxe: poemes de lareconeguda Joana Raspall amb il\u00b7lustracionsde l\u2019artista Ignasi Blanch.","breadcrumb":{"@id":"https:\/\/editorialmediterrania.com\/en\/product\/divuit-poemes-de-nadal-i-un-de-cap-dany\/#breadcrumb"},"inLanguage":"en-US","potentialAction":[{"@type":"ReadAction","target":["https:\/\/editorialmediterrania.com\/en\/product\/divuit-poemes-de-nadal-i-un-de-cap-dany\/"]}]},{"@type":"ImageObject","inLanguage":"en-US","@id":"https:\/\/editorialmediterrania.com\/en\/product\/divuit-poemes-de-nadal-i-un-de-cap-dany\/#primaryimage","url":"https:\/\/editorialmediterrania.com\/wp-content\/uploads\/2013\/11\/DivuitpoemesdeNadal_baixa.jpg.webp","contentUrl":"https:\/\/editorialmediterrania.com\/wp-content\/uploads\/2013\/11\/DivuitpoemesdeNadal_baixa.jpg.webp","width":471,"height":530},{"@type":"BreadcrumbList","@id":"https:\/\/editorialmediterrania.com\/en\/product\/divuit-poemes-de-nadal-i-un-de-cap-dany\/#breadcrumb","itemListElement":[{"@type":"ListItem","position":1,"name":"Children&#8217;s art book store","item":"https:\/\/editorialmediterrania.com\/en\/childrens-art-book-store\/"},{"@type":"ListItem","position":2,"name":"Divuit poemes de Nadal i un de Cap d&#8217;Any"}]},{"@type":"WebSite","@id":"https:\/\/editorialmediterrania.com\/en\/#website","url":"https:\/\/editorialmediterrania.com\/en\/","name":"Editorial Mediterrania","description":"Llibres que t\u2019obriran nous mons","publisher":{"@id":"https:\/\/editorialmediterrania.com\/en\/#organization"},"alternateName":"Llibres infantils d'art, cultura i natura","potentialAction":[{"@type":"SearchAction","target":{"@type":"EntryPoint","urlTemplate":"https:\/\/editorialmediterrania.com\/en\/?s={search_term_string}"},"query-input":"required name=search_term_string"}],"inLanguage":"en-US"},{"@type":"Organization","@id":"https:\/\/editorialmediterrania.com\/en\/#organization","name":"Editorial Mediterrania","alternateName":"Llibres d'art, cultura i natura per infants i fam\u00edlies","url":"https:\/\/editorialmediterrania.com\/en\/","logo":{"@type":"ImageObject","inLanguage":"en-US","@id":"https:\/\/editorialmediterrania.com\/en\/#\/schema\/logo\/image\/","url":"https:\/\/editorialmediterrania.com\/wp-content\/uploads\/2023\/03\/LOGO-ED_MEDITERRANIA_OK-2.png","contentUrl":"https:\/\/editorialmediterrania.com\/wp-content\/uploads\/2023\/03\/LOGO-ED_MEDITERRANIA_OK-2.png","width":1200,"height":300,"caption":"Editorial Mediterrania"},"image":{"@id":"https:\/\/editorialmediterrania.com\/en\/#\/schema\/logo\/image\/"},"sameAs":["https:\/\/x.com\/edmediterrania","https:\/\/www.instagram.com\/editorialmediterrania\/"]}]}},"_links":{"self":[{"href":"https:\/\/editorialmediterrania.com\/en\/wp-json\/wp\/v2\/product\/7605","targetHints":{"allow":["GET"]}}],"collection":[{"href":"https:\/\/editorialmediterrania.com\/en\/wp-json\/wp\/v2\/product"}],"about":[{"href":"https:\/\/editorialmediterrania.com\/en\/wp-json\/wp\/v2\/types\/product"}],"wp:featuredmedia":[{"embeddable":true,"href":"https:\/\/editorialmediterrania.com\/en\/wp-json\/wp\/v2\/media\/40934"}],"wp:attachment":[{"href":"https:\/\/editorialmediterrania.com\/en\/wp-json\/wp\/v2\/media?parent=7605"}],"wp:term":[{"taxonomy":"product_cat","embeddable":true,"href":"https:\/\/editorialmediterrania.com\/en\/wp-json\/wp\/v2\/product_cat?post=7605"},{"taxonomy":"product_tag","embeddable":true,"href":"https:\/\/editorialmediterrania.com\/en\/wp-json\/wp\/v2\/product_tag?post=7605"},{"taxonomy":"autors","embeddable":true,"href":"https:\/\/editorialmediterrania.com\/en\/wp-json\/wp\/v2\/autors?post=7605"}],"curies":[{"name":"wp","href":"https:\/\/api.w.org\/{rel}","templated":true}]}}