{"id":1481,"date":"2012-11-24T21:04:52","date_gmt":"2012-11-24T21:04:52","guid":{"rendered":"http:\/\/mediterrania.adgency.es\/fons-editorial-2\/"},"modified":"2014-04-15T13:35:43","modified_gmt":"2014-04-15T11:35:43","slug":"fondo-editorial","status":"publish","type":"page","link":"https:\/\/editorialmediterrania.com\/es\/fondo-editorial\/","title":{"rendered":"Fondo editorial"},"content":{"rendered":"<p>El fondo de la editorial es extenso; a lo largo de m\u00e1s de treinta a\u00f1os se han publicado m\u00e1s de mil libros. Las tres grandes \u00e1reas de publicaci\u00f3n son los <strong>libros infantiles<\/strong>, de <strong>ensayo<\/strong> y de <strong>arte<\/strong>.<\/p>\n<p>La colecci\u00f3n estrella de la editorial es la de <strong>Peque\u00f1as historias<\/strong>, con m\u00e1s de 300 t\u00edtulos editados, todos ellos ilustrados por <strong>Pilar\u00edn Bay\u00e9s<\/strong>. Su prop\u00f3sito es el de dar a conocer a los ni\u00f1os su entorno y su cultura.<\/p>\n<p>Pasead por el cat\u00e1logo, por las diferentes colecciones, y descubrid aquellos t\u00edtulos que os pueden abrir las puertas a nuevas experiencias.<\/p>\n<p>&nbsp;<\/p>\n<p>&nbsp;<\/p>\n","protected":false},"excerpt":{"rendered":"<p>El fondo de la editorial es extenso; a lo largo de m\u00e1s de treinta a\u00f1os se han publicado m\u00e1s de mil libros. Las tres grandes \u00e1reas de publicaci\u00f3n son los libros infantiles, de ensayo y de arte. La colecci\u00f3n estrella de la editorial es la de Peque\u00f1as historias, con m\u00e1s de 300 t\u00edtulos editados, todos [&hellip;]<\/p>\n","protected":false},"author":39,"featured_media":0,"parent":0,"menu_order":0,"comment_status":"closed","ping_status":"open","template":"page-fondo.php","meta":{"footnotes":""},"class_list":["post-1481","page","type-page","status-publish","hentry"],"acf":[],"yoast_head":"<!-- This site is optimized with the Yoast SEO plugin v22.8 - https:\/\/yoast.com\/wordpress\/plugins\/seo\/ -->\n<title>Los libros de Editorial Mediterr\u00e0nia<\/title>\n<meta name=\"description\" content=\"Editorial Mediterr\u00e0nia publica libros infantiles, de ensayo y de arte. La colecci\u00f3n estrella es Peque\u00f1as historias, 300 t\u00edtulos ilustrados por Pilar\u00edn Bay\u00e9s\" \/>\n<meta name=\"robots\" content=\"index, follow, max-snippet:-1, max-image-preview:large, max-video-preview:-1\" \/>\n<link rel=\"canonical\" href=\"https:\/\/editorialmediterrania.com\/es\/fondo-editorial\/\" \/>\n<meta property=\"og:locale\" content=\"es_ES\" \/>\n<meta property=\"og:type\" content=\"article\" \/>\n<meta property=\"og:title\" content=\"Los libros de Editorial Mediterr\u00e0nia\" \/>\n<meta property=\"og:description\" content=\"Editorial Mediterr\u00e0nia publica libros infantiles, de ensayo y de arte. La colecci\u00f3n estrella es Peque\u00f1as historias, 300 t\u00edtulos ilustrados por Pilar\u00edn Bay\u00e9s\" \/>\n<meta property=\"og:url\" content=\"https:\/\/editorialmediterrania.com\/es\/fondo-editorial\/\" \/>\n<meta property=\"og:site_name\" content=\"Editorial Mediterr\u00e0nia\" \/>\n<meta property=\"article:modified_time\" content=\"2014-04-15T11:35:43+00:00\" \/>\n<meta property=\"og:image\" content=\"https:\/\/editorialmediterrania.com\/wp-content\/uploads\/2023\/03\/cropped-LOGO-ED_MEDITERRANIA_OK-2.png\" \/>\n\t<meta property=\"og:image:width\" content=\"512\" \/>\n\t<meta property=\"og:image:height\" content=\"512\" \/>\n\t<meta property=\"og:image:type\" content=\"image\/png\" \/>\n<meta name=\"twitter:card\" content=\"summary_large_image\" \/>\n<meta name=\"twitter:site\" content=\"@edmediterrania\" \/>\n<meta name=\"twitter:label1\" content=\"Tiempo de lectura\" \/>\n\t<meta name=\"twitter:data1\" content=\"1 minuto\" \/>\n<script type=\"application\/ld+json\" class=\"yoast-schema-graph\">{\"@context\":\"https:\/\/schema.org\",\"@graph\":[{\"@type\":\"WebPage\",\"@id\":\"https:\/\/editorialmediterrania.com\/es\/fondo-editorial\/\",\"url\":\"https:\/\/editorialmediterrania.com\/es\/fondo-editorial\/\",\"name\":\"Los libros de Editorial Mediterr\u00e0nia\",\"isPartOf\":{\"@id\":\"https:\/\/editorialmediterrania.com\/es\/#website\"},\"datePublished\":\"2012-11-24T21:04:52+00:00\",\"dateModified\":\"2014-04-15T11:35:43+00:00\",\"description\":\"Editorial Mediterr\u00e0nia publica libros infantiles, de ensayo y de arte. La colecci\u00f3n estrella es Peque\u00f1as historias, 300 t\u00edtulos ilustrados por Pilar\u00edn Bay\u00e9s\",\"inLanguage\":\"es\",\"potentialAction\":[{\"@type\":\"ReadAction\",\"target\":[\"https:\/\/editorialmediterrania.com\/es\/fondo-editorial\/\"]}]},{\"@type\":\"WebSite\",\"@id\":\"https:\/\/editorialmediterrania.com\/es\/#website\",\"url\":\"https:\/\/editorialmediterrania.com\/es\/\",\"name\":\"Editorial Mediterrania\",\"description\":\"Llibres que t\u2019obriran nous mons\",\"publisher\":{\"@id\":\"https:\/\/editorialmediterrania.com\/es\/#organization\"},\"alternateName\":\"Llibres infantils d'art, cultura i natura\",\"potentialAction\":[{\"@type\":\"SearchAction\",\"target\":{\"@type\":\"EntryPoint\",\"urlTemplate\":\"https:\/\/editorialmediterrania.com\/es\/?s={search_term_string}\"},\"query-input\":\"required name=search_term_string\"}],\"inLanguage\":\"es\"},{\"@type\":\"Organization\",\"@id\":\"https:\/\/editorialmediterrania.com\/es\/#organization\",\"name\":\"Editorial Mediterrania\",\"alternateName\":\"Llibres d'art, cultura i natura per infants i fam\u00edlies\",\"url\":\"https:\/\/editorialmediterrania.com\/es\/\",\"logo\":{\"@type\":\"ImageObject\",\"inLanguage\":\"es\",\"@id\":\"https:\/\/editorialmediterrania.com\/es\/#\/schema\/logo\/image\/\",\"url\":\"https:\/\/editorialmediterrania.com\/wp-content\/uploads\/2023\/03\/LOGO-ED_MEDITERRANIA_OK-2.png\",\"contentUrl\":\"https:\/\/editorialmediterrania.com\/wp-content\/uploads\/2023\/03\/LOGO-ED_MEDITERRANIA_OK-2.png\",\"width\":1200,\"height\":300,\"caption\":\"Editorial Mediterrania\"},\"image\":{\"@id\":\"https:\/\/editorialmediterrania.com\/es\/#\/schema\/logo\/image\/\"},\"sameAs\":[\"https:\/\/x.com\/edmediterrania\",\"https:\/\/www.instagram.com\/editorialmediterrania\/\"]}]}<\/script>\n<!-- \/ Yoast SEO plugin. -->","yoast_head_json":{"title":"Los libros de Editorial Mediterr\u00e0nia","description":"Editorial Mediterr\u00e0nia publica libros infantiles, de ensayo y de arte. La colecci\u00f3n estrella es Peque\u00f1as historias, 300 t\u00edtulos ilustrados por Pilar\u00edn Bay\u00e9s","robots":{"index":"index","follow":"follow","max-snippet":"max-snippet:-1","max-image-preview":"max-image-preview:large","max-video-preview":"max-video-preview:-1"},"canonical":"https:\/\/editorialmediterrania.com\/es\/fondo-editorial\/","og_locale":"es_ES","og_type":"article","og_title":"Los libros de Editorial Mediterr\u00e0nia","og_description":"Editorial Mediterr\u00e0nia publica libros infantiles, de ensayo y de arte. La colecci\u00f3n estrella es Peque\u00f1as historias, 300 t\u00edtulos ilustrados por Pilar\u00edn Bay\u00e9s","og_url":"https:\/\/editorialmediterrania.com\/es\/fondo-editorial\/","og_site_name":"Editorial Mediterr\u00e0nia","article_modified_time":"2014-04-15T11:35:43+00:00","og_image":[{"width":512,"height":512,"url":"https:\/\/editorialmediterrania.com\/wp-content\/uploads\/2023\/03\/cropped-LOGO-ED_MEDITERRANIA_OK-2.png","type":"image\/png"}],"twitter_card":"summary_large_image","twitter_site":"@edmediterrania","twitter_misc":{"Tiempo de lectura":"1 minuto"},"schema":{"@context":"https:\/\/schema.org","@graph":[{"@type":"WebPage","@id":"https:\/\/editorialmediterrania.com\/es\/fondo-editorial\/","url":"https:\/\/editorialmediterrania.com\/es\/fondo-editorial\/","name":"Los libros de Editorial Mediterr\u00e0nia","isPartOf":{"@id":"https:\/\/editorialmediterrania.com\/es\/#website"},"datePublished":"2012-11-24T21:04:52+00:00","dateModified":"2014-04-15T11:35:43+00:00","description":"Editorial Mediterr\u00e0nia publica libros infantiles, de ensayo y de arte. La colecci\u00f3n estrella es Peque\u00f1as historias, 300 t\u00edtulos ilustrados por Pilar\u00edn Bay\u00e9s","inLanguage":"es","potentialAction":[{"@type":"ReadAction","target":["https:\/\/editorialmediterrania.com\/es\/fondo-editorial\/"]}]},{"@type":"WebSite","@id":"https:\/\/editorialmediterrania.com\/es\/#website","url":"https:\/\/editorialmediterrania.com\/es\/","name":"Editorial Mediterrania","description":"Llibres que t\u2019obriran nous mons","publisher":{"@id":"https:\/\/editorialmediterrania.com\/es\/#organization"},"alternateName":"Llibres infantils d'art, cultura i natura","potentialAction":[{"@type":"SearchAction","target":{"@type":"EntryPoint","urlTemplate":"https:\/\/editorialmediterrania.com\/es\/?s={search_term_string}"},"query-input":"required name=search_term_string"}],"inLanguage":"es"},{"@type":"Organization","@id":"https:\/\/editorialmediterrania.com\/es\/#organization","name":"Editorial Mediterrania","alternateName":"Llibres d'art, cultura i natura per infants i fam\u00edlies","url":"https:\/\/editorialmediterrania.com\/es\/","logo":{"@type":"ImageObject","inLanguage":"es","@id":"https:\/\/editorialmediterrania.com\/es\/#\/schema\/logo\/image\/","url":"https:\/\/editorialmediterrania.com\/wp-content\/uploads\/2023\/03\/LOGO-ED_MEDITERRANIA_OK-2.png","contentUrl":"https:\/\/editorialmediterrania.com\/wp-content\/uploads\/2023\/03\/LOGO-ED_MEDITERRANIA_OK-2.png","width":1200,"height":300,"caption":"Editorial Mediterrania"},"image":{"@id":"https:\/\/editorialmediterrania.com\/es\/#\/schema\/logo\/image\/"},"sameAs":["https:\/\/x.com\/edmediterrania","https:\/\/www.instagram.com\/editorialmediterrania\/"]}]}},"_links":{"self":[{"href":"https:\/\/editorialmediterrania.com\/es\/wp-json\/wp\/v2\/pages\/1481","targetHints":{"allow":["GET"]}}],"collection":[{"href":"https:\/\/editorialmediterrania.com\/es\/wp-json\/wp\/v2\/pages"}],"about":[{"href":"https:\/\/editorialmediterrania.com\/es\/wp-json\/wp\/v2\/types\/page"}],"author":[{"embeddable":true,"href":"https:\/\/editorialmediterrania.com\/es\/wp-json\/wp\/v2\/users\/39"}],"replies":[{"embeddable":true,"href":"https:\/\/editorialmediterrania.com\/es\/wp-json\/wp\/v2\/comments?post=1481"}],"version-history":[{"count":0,"href":"https:\/\/editorialmediterrania.com\/es\/wp-json\/wp\/v2\/pages\/1481\/revisions"}],"wp:attachment":[{"href":"https:\/\/editorialmediterrania.com\/es\/wp-json\/wp\/v2\/media?parent=1481"}],"curies":[{"name":"wp","href":"https:\/\/api.w.org\/{rel}","templated":true}]}}