{"id":1690,"date":"2012-12-12T03:26:39","date_gmt":"2012-12-12T03:26:39","guid":{"rendered":"http:\/\/mediterrania.adgency.es\/premi-pilarin-bayes-2\/"},"modified":"2016-04-18T11:18:12","modified_gmt":"2016-04-18T09:18:12","slug":"premio-pilarin-bayes","status":"publish","type":"page","link":"https:\/\/editorialmediterrania.com\/es\/premio-pilarin-bayes\/","title":{"rendered":"Premio Pilar\u00edn Bay\u00e9s"},"content":{"rendered":"<p>Visita la <a href=\"http:\/\/www.premipilarinbayes.org\/\" target=\"_blank\">p\u00e1gina web del Premio Pilar\u00edn Bay\u00e9s<\/a> donde encontrar\u00e1s la informaci\u00f3n m\u00e1s actualizada del concurso de este a\u00f1o.<\/p>\n<h2><a href=\"http:\/\/www.premipilarinbayes.org\/\"><span style=\"font-size: xx-large;\">Premio Pilar\u00edn Bay\u00e9s<\/span><\/a><br \/>\n<a href=\"http:\/\/www.premipilarinbayes.org\/\"> <span style=\"font-size: xx-large;\"> de cuentos\u00a0escritos por ni\u00f1os y ni\u00f1<\/span><span style=\"font-size: xx-large;\">as<\/span><\/a><\/h2>\n<p>En octubre de 2003, enmarcado dentro de la conmemoraci\u00f3n del vig\u00e9simo quinto\u00a0aniversario de la Editorial Mediterr\u00e0nia, empez\u00f3 la aventura del Premio Pilar\u00edn Bay\u00e9s de cuentos escritos por ni\u00f1os y ni\u00f1as.\u00a0Hoy en d\u00eda es un concurso completamente consolidado en el que cada a\u00f1o recibimos m\u00e1s de 2.500 cuentos, los leemos, seleccionamos los mejores, anunciamos los ganadores el d\u00eda de Sant Jordi por Tv3 y hacemos una gran fiesta donde entregamos el libro final ilustrado por Pilar\u00edn y escrito por nuestros escritores del futuro.<\/p>\n<p>Los principales objetivos del premio Pilar\u00edn Bay\u00e9s son fomentar la lectura y acercar los libros a los ni\u00f1os, estimular su imaginaci\u00f3n y su creaci\u00f3n literaria, y hacerlos reflexionar y trabajar sobre un tema concreto.<\/p>\n<p>Los cuentos recibidos se clasifican en tres categor\u00edas seg\u00fan las edades de los ni\u00f1os:<\/p>\n<ul>\n<li><strong>Ciclo inicial:<\/strong> los ni\u00f1os de 6 a 8 a\u00f1os presentan un solo cuento por clase que es el fruto del trabajo hecho en el aula con el\/la maestro sobre el tema propuesto<\/li>\n<li><strong>Ciclo mediano: <\/strong>los estudiantes de 10 a 12 a\u00f1os presnetan un relato cada uno<\/li>\n<li><strong>ciclo superior:<\/strong> los alumnos de 8 a 12 a\u00f1os escriben cuentos individuales<\/li>\n<\/ul>\n<p>&nbsp;<\/p>\n<p>De cada ciclo resultan 5 cuentos ganadores. La comunicaci\u00f3n del veredicto del jurado se hace siempre el 23 de abril, d\u00eda de Sant Jordi. Por otro lado, la fiesta de la entrega de premios se lleva a cabo en diferentes localidades de Catalu\u00f1a donde est\u00e1n invitadas todas las escuelas ganadoras a pasar un d\u00eda de actividades, diversi\u00f3n, espect\u00e1culos y acompa\u00f1ados de una de las ilustradoras m\u00e1s queridas y admiradas de nuestro pa\u00eds, Pilar\u00edn Bay\u00e9s.<\/p>\n<p>El premio para los galardonados consiste, adem\u00e1s de un lote de libros para la escuela, en la publicaci\u00f3n por parte de la editorial de todos los cuentos premiados en un libro ilustrado por la misma Pilar\u00edn Bay\u00e9s: una recompensa que ilusiona y anima\u00a0los ni\u00f1os y las ni\u00f1as.<\/p>\n","protected":false},"excerpt":{"rendered":"<p>Visita la p\u00e1gina web del Premio Pilar\u00edn Bay\u00e9s donde encontrar\u00e1s la informaci\u00f3n m\u00e1s actualizada del concurso de este a\u00f1o. Premio Pilar\u00edn Bay\u00e9s de cuentos\u00a0escritos por ni\u00f1os y ni\u00f1as En octubre de 2003, enmarcado dentro de la conmemoraci\u00f3n del vig\u00e9simo quinto\u00a0aniversario de la Editorial Mediterr\u00e0nia, empez\u00f3 la aventura del Premio Pilar\u00edn Bay\u00e9s de cuentos escritos por [&hellip;]<\/p>\n","protected":false},"author":39,"featured_media":0,"parent":0,"menu_order":0,"comment_status":"closed","ping_status":"open","template":"dms-templates\/dms-premi-pilarin.php","meta":{"footnotes":""},"class_list":["post-1690","page","type-page","status-publish","hentry"],"acf":[],"yoast_head":"<!-- This site is optimized with the Yoast SEO plugin v22.8 - https:\/\/yoast.com\/wordpress\/plugins\/seo\/ -->\n<title>Premio Pilar\u00edn Bay\u00e9s. Editorial Mediterr\u00e0nia<\/title>\n<meta name=\"description\" content=\"Premi Pilar\u00edn Bay\u00e9s de cuentos escritos por ni\u00f1os y ni\u00f1as de las escuelas de Catalu\u00f1a, ilustrados por Pilar\u00edn Bay\u00e9s.\" \/>\n<meta name=\"robots\" content=\"index, follow, max-snippet:-1, max-image-preview:large, max-video-preview:-1\" \/>\n<link rel=\"canonical\" href=\"https:\/\/editorialmediterrania.com\/es\/premio-pilarin-bayes\/\" \/>\n<meta property=\"og:locale\" content=\"es_ES\" \/>\n<meta property=\"og:type\" content=\"article\" \/>\n<meta property=\"og:title\" content=\"Premio Pilar\u00edn Bay\u00e9s. Editorial Mediterr\u00e0nia\" \/>\n<meta property=\"og:description\" content=\"Premi Pilar\u00edn Bay\u00e9s de cuentos escritos por ni\u00f1os y ni\u00f1as de las escuelas de Catalu\u00f1a, ilustrados por Pilar\u00edn Bay\u00e9s.\" \/>\n<meta property=\"og:url\" content=\"https:\/\/editorialmediterrania.com\/es\/premio-pilarin-bayes\/\" \/>\n<meta property=\"og:site_name\" content=\"Editorial Mediterr\u00e0nia\" \/>\n<meta property=\"article:modified_time\" content=\"2016-04-18T09:18:12+00:00\" \/>\n<meta property=\"og:image\" content=\"https:\/\/editorialmediterrania.com\/wp-content\/uploads\/2023\/03\/cropped-LOGO-ED_MEDITERRANIA_OK-2.png\" \/>\n\t<meta property=\"og:image:width\" content=\"512\" \/>\n\t<meta property=\"og:image:height\" content=\"512\" \/>\n\t<meta property=\"og:image:type\" content=\"image\/png\" \/>\n<meta name=\"twitter:card\" content=\"summary_large_image\" \/>\n<meta name=\"twitter:site\" content=\"@edmediterrania\" \/>\n<meta name=\"twitter:label1\" content=\"Tiempo de lectura\" \/>\n\t<meta name=\"twitter:data1\" content=\"2 minutos\" \/>\n<script type=\"application\/ld+json\" class=\"yoast-schema-graph\">{\"@context\":\"https:\/\/schema.org\",\"@graph\":[{\"@type\":\"WebPage\",\"@id\":\"https:\/\/editorialmediterrania.com\/es\/premio-pilarin-bayes\/\",\"url\":\"https:\/\/editorialmediterrania.com\/es\/premio-pilarin-bayes\/\",\"name\":\"Premio Pilar\u00edn Bay\u00e9s. Editorial Mediterr\u00e0nia\",\"isPartOf\":{\"@id\":\"https:\/\/editorialmediterrania.com\/es\/#website\"},\"datePublished\":\"2012-12-12T03:26:39+00:00\",\"dateModified\":\"2016-04-18T09:18:12+00:00\",\"description\":\"Premi Pilar\u00edn Bay\u00e9s de cuentos escritos por ni\u00f1os y ni\u00f1as de las escuelas de Catalu\u00f1a, ilustrados por Pilar\u00edn Bay\u00e9s.\",\"inLanguage\":\"es\",\"potentialAction\":[{\"@type\":\"ReadAction\",\"target\":[\"https:\/\/editorialmediterrania.com\/es\/premio-pilarin-bayes\/\"]}]},{\"@type\":\"WebSite\",\"@id\":\"https:\/\/editorialmediterrania.com\/es\/#website\",\"url\":\"https:\/\/editorialmediterrania.com\/es\/\",\"name\":\"Editorial Mediterrania\",\"description\":\"Llibres que t\u2019obriran nous mons\",\"publisher\":{\"@id\":\"https:\/\/editorialmediterrania.com\/es\/#organization\"},\"alternateName\":\"Llibres infantils d'art, cultura i natura\",\"potentialAction\":[{\"@type\":\"SearchAction\",\"target\":{\"@type\":\"EntryPoint\",\"urlTemplate\":\"https:\/\/editorialmediterrania.com\/es\/?s={search_term_string}\"},\"query-input\":\"required name=search_term_string\"}],\"inLanguage\":\"es\"},{\"@type\":\"Organization\",\"@id\":\"https:\/\/editorialmediterrania.com\/es\/#organization\",\"name\":\"Editorial Mediterrania\",\"alternateName\":\"Llibres d'art, cultura i natura per infants i fam\u00edlies\",\"url\":\"https:\/\/editorialmediterrania.com\/es\/\",\"logo\":{\"@type\":\"ImageObject\",\"inLanguage\":\"es\",\"@id\":\"https:\/\/editorialmediterrania.com\/es\/#\/schema\/logo\/image\/\",\"url\":\"https:\/\/editorialmediterrania.com\/wp-content\/uploads\/2023\/03\/LOGO-ED_MEDITERRANIA_OK-2.png\",\"contentUrl\":\"https:\/\/editorialmediterrania.com\/wp-content\/uploads\/2023\/03\/LOGO-ED_MEDITERRANIA_OK-2.png\",\"width\":1200,\"height\":300,\"caption\":\"Editorial Mediterrania\"},\"image\":{\"@id\":\"https:\/\/editorialmediterrania.com\/es\/#\/schema\/logo\/image\/\"},\"sameAs\":[\"https:\/\/x.com\/edmediterrania\",\"https:\/\/www.instagram.com\/editorialmediterrania\/\"]}]}<\/script>\n<!-- \/ Yoast SEO plugin. -->","yoast_head_json":{"title":"Premio Pilar\u00edn Bay\u00e9s. Editorial Mediterr\u00e0nia","description":"Premi Pilar\u00edn Bay\u00e9s de cuentos escritos por ni\u00f1os y ni\u00f1as de las escuelas de Catalu\u00f1a, ilustrados por Pilar\u00edn Bay\u00e9s.","robots":{"index":"index","follow":"follow","max-snippet":"max-snippet:-1","max-image-preview":"max-image-preview:large","max-video-preview":"max-video-preview:-1"},"canonical":"https:\/\/editorialmediterrania.com\/es\/premio-pilarin-bayes\/","og_locale":"es_ES","og_type":"article","og_title":"Premio Pilar\u00edn Bay\u00e9s. Editorial Mediterr\u00e0nia","og_description":"Premi Pilar\u00edn Bay\u00e9s de cuentos escritos por ni\u00f1os y ni\u00f1as de las escuelas de Catalu\u00f1a, ilustrados por Pilar\u00edn Bay\u00e9s.","og_url":"https:\/\/editorialmediterrania.com\/es\/premio-pilarin-bayes\/","og_site_name":"Editorial Mediterr\u00e0nia","article_modified_time":"2016-04-18T09:18:12+00:00","og_image":[{"width":512,"height":512,"url":"https:\/\/editorialmediterrania.com\/wp-content\/uploads\/2023\/03\/cropped-LOGO-ED_MEDITERRANIA_OK-2.png","type":"image\/png"}],"twitter_card":"summary_large_image","twitter_site":"@edmediterrania","twitter_misc":{"Tiempo de lectura":"2 minutos"},"schema":{"@context":"https:\/\/schema.org","@graph":[{"@type":"WebPage","@id":"https:\/\/editorialmediterrania.com\/es\/premio-pilarin-bayes\/","url":"https:\/\/editorialmediterrania.com\/es\/premio-pilarin-bayes\/","name":"Premio Pilar\u00edn Bay\u00e9s. Editorial Mediterr\u00e0nia","isPartOf":{"@id":"https:\/\/editorialmediterrania.com\/es\/#website"},"datePublished":"2012-12-12T03:26:39+00:00","dateModified":"2016-04-18T09:18:12+00:00","description":"Premi Pilar\u00edn Bay\u00e9s de cuentos escritos por ni\u00f1os y ni\u00f1as de las escuelas de Catalu\u00f1a, ilustrados por Pilar\u00edn Bay\u00e9s.","inLanguage":"es","potentialAction":[{"@type":"ReadAction","target":["https:\/\/editorialmediterrania.com\/es\/premio-pilarin-bayes\/"]}]},{"@type":"WebSite","@id":"https:\/\/editorialmediterrania.com\/es\/#website","url":"https:\/\/editorialmediterrania.com\/es\/","name":"Editorial Mediterrania","description":"Llibres que t\u2019obriran nous mons","publisher":{"@id":"https:\/\/editorialmediterrania.com\/es\/#organization"},"alternateName":"Llibres infantils d'art, cultura i natura","potentialAction":[{"@type":"SearchAction","target":{"@type":"EntryPoint","urlTemplate":"https:\/\/editorialmediterrania.com\/es\/?s={search_term_string}"},"query-input":"required name=search_term_string"}],"inLanguage":"es"},{"@type":"Organization","@id":"https:\/\/editorialmediterrania.com\/es\/#organization","name":"Editorial Mediterrania","alternateName":"Llibres d'art, cultura i natura per infants i fam\u00edlies","url":"https:\/\/editorialmediterrania.com\/es\/","logo":{"@type":"ImageObject","inLanguage":"es","@id":"https:\/\/editorialmediterrania.com\/es\/#\/schema\/logo\/image\/","url":"https:\/\/editorialmediterrania.com\/wp-content\/uploads\/2023\/03\/LOGO-ED_MEDITERRANIA_OK-2.png","contentUrl":"https:\/\/editorialmediterrania.com\/wp-content\/uploads\/2023\/03\/LOGO-ED_MEDITERRANIA_OK-2.png","width":1200,"height":300,"caption":"Editorial Mediterrania"},"image":{"@id":"https:\/\/editorialmediterrania.com\/es\/#\/schema\/logo\/image\/"},"sameAs":["https:\/\/x.com\/edmediterrania","https:\/\/www.instagram.com\/editorialmediterrania\/"]}]}},"_links":{"self":[{"href":"https:\/\/editorialmediterrania.com\/es\/wp-json\/wp\/v2\/pages\/1690","targetHints":{"allow":["GET"]}}],"collection":[{"href":"https:\/\/editorialmediterrania.com\/es\/wp-json\/wp\/v2\/pages"}],"about":[{"href":"https:\/\/editorialmediterrania.com\/es\/wp-json\/wp\/v2\/types\/page"}],"author":[{"embeddable":true,"href":"https:\/\/editorialmediterrania.com\/es\/wp-json\/wp\/v2\/users\/39"}],"replies":[{"embeddable":true,"href":"https:\/\/editorialmediterrania.com\/es\/wp-json\/wp\/v2\/comments?post=1690"}],"version-history":[{"count":0,"href":"https:\/\/editorialmediterrania.com\/es\/wp-json\/wp\/v2\/pages\/1690\/revisions"}],"wp:attachment":[{"href":"https:\/\/editorialmediterrania.com\/es\/wp-json\/wp\/v2\/media?parent=1690"}],"curies":[{"name":"wp","href":"https:\/\/api.w.org\/{rel}","templated":true}]}}