{"id":1821,"date":"2012-12-18T19:14:51","date_gmt":"2012-12-18T18:14:51","guid":{"rendered":"http:\/\/mediterrania.adgency.es\/compra-segura-2\/"},"modified":"2013-03-14T14:46:03","modified_gmt":"2013-03-14T13:46:03","slug":"compra-segura","status":"publish","type":"page","link":"https:\/\/editorialmediterrania.com\/es\/compra-segura\/","title":{"rendered":"Compra segura"},"content":{"rendered":"<p>Editorial Mediterr\u00e0nia garantiza la <strong>seguridad y confidencialidad<\/strong> de los procesos de compra y comunicaci\u00f3n en su web. El sistema de conexi\u00f3n en el proceso de pago es el utilizado por bancos, entidades financieras, instituciones y otras entidades para realizar transacciones de todo tipo, de forma segura.<\/p>\n<p>Para mejorar la seguridad de nuestros servidor y de las p\u00e1ginas web, tenemos una persona dedicada a la supervisi\u00f3n del correcto funcionamiento y a la soluci\u00f3n de incidencias, antivirus y spam, y realizamos cambios de las contrase\u00f1as de acceso al ftp de manera peri\u00f3dica.<\/p>\n<p>La web de Editorial Mediterr\u00e0nia dispone adem\u00e1s de una Pol\u00edtica de Confidencialidad.<\/p>\n<p>&nbsp;<\/p>\n<h3>Pol\u00edtica de Confidencialidad<\/h3>\n<p>Los procesos de interacci\u00f3n y de compra online con la web de Editorial Mediterr\u00e0nia garantizan la seguridad y confidencialidad de todos los datos, de acuerdo con la Ley Org\u00e1nica 15\/1999, del 13 de diciembre de 1999 de la Protecci\u00f3n de Datos de Car\u00e1cter Personal, as\u00ed como con la Ley\u00a034\/2002 del 11 de julio (LSSI).<\/p>\n<p>Usted puede ejercer en cualquier momento su derecho de acceso, rectificaci\u00f3n, cancelaci\u00f3n y oposici\u00f3n sobre sus datos personales, poni\u00e9ndose en contato por escrito con:<br \/>\nEditorial Mediterr\u00e0nia<br \/>\nCasp 108, 8\u00e8<br \/>\n08010 Barcelona<\/p>\n<p>O bien mediante un correo electr\u00f3nico a editorial@editorialmediterrania.cat, indicando como asunto, \u201cdatos personales de la web\u201d.<\/p>\n","protected":false},"excerpt":{"rendered":"<p>Editorial Mediterr\u00e0nia garantiza la seguridad y confidencialidad de los procesos de compra y comunicaci\u00f3n en su web. El sistema de conexi\u00f3n en el proceso de pago es el utilizado por bancos, entidades financieras, instituciones y otras entidades para realizar transacciones de todo tipo, de forma segura. Para mejorar la seguridad de nuestros servidor y de [&hellip;]<\/p>\n","protected":false},"author":39,"featured_media":0,"parent":0,"menu_order":0,"comment_status":"closed","ping_status":"open","template":"","meta":{"footnotes":""},"class_list":["post-1821","page","type-page","status-publish","hentry"],"acf":[],"yoast_head":"<!-- This site is optimized with the Yoast SEO plugin v22.8 - https:\/\/yoast.com\/wordpress\/plugins\/seo\/ -->\n<title>Compra segura de libros de Editorial Mediterr\u00e0nia<\/title>\n<meta name=\"description\" content=\"Garant\u00edas y seguridad de compra segura de los libros de Editorial Mediterr\u00e0nia\" \/>\n<meta name=\"robots\" content=\"index, follow, max-snippet:-1, max-image-preview:large, max-video-preview:-1\" \/>\n<link rel=\"canonical\" href=\"https:\/\/editorialmediterrania.com\/es\/compra-segura\/\" \/>\n<meta property=\"og:locale\" content=\"es_ES\" \/>\n<meta property=\"og:type\" content=\"article\" \/>\n<meta property=\"og:title\" content=\"Compra segura de libros de Editorial Mediterr\u00e0nia\" \/>\n<meta property=\"og:description\" content=\"Garant\u00edas y seguridad de compra segura de los libros de Editorial Mediterr\u00e0nia\" \/>\n<meta property=\"og:url\" content=\"https:\/\/editorialmediterrania.com\/es\/compra-segura\/\" \/>\n<meta property=\"og:site_name\" content=\"Editorial Mediterr\u00e0nia\" \/>\n<meta property=\"article:modified_time\" content=\"2013-03-14T13:46:03+00:00\" \/>\n<meta property=\"og:image\" content=\"https:\/\/editorialmediterrania.com\/wp-content\/uploads\/2023\/03\/cropped-LOGO-ED_MEDITERRANIA_OK-2.png\" \/>\n\t<meta property=\"og:image:width\" content=\"512\" \/>\n\t<meta property=\"og:image:height\" content=\"512\" \/>\n\t<meta property=\"og:image:type\" content=\"image\/png\" \/>\n<meta name=\"twitter:card\" content=\"summary_large_image\" \/>\n<meta name=\"twitter:site\" content=\"@edmediterrania\" \/>\n<meta name=\"twitter:label1\" content=\"Tiempo de lectura\" \/>\n\t<meta name=\"twitter:data1\" content=\"1 minuto\" \/>\n<script type=\"application\/ld+json\" class=\"yoast-schema-graph\">{\"@context\":\"https:\/\/schema.org\",\"@graph\":[{\"@type\":\"WebPage\",\"@id\":\"https:\/\/editorialmediterrania.com\/es\/compra-segura\/\",\"url\":\"https:\/\/editorialmediterrania.com\/es\/compra-segura\/\",\"name\":\"Compra segura de libros de Editorial Mediterr\u00e0nia\",\"isPartOf\":{\"@id\":\"https:\/\/editorialmediterrania.com\/es\/#website\"},\"datePublished\":\"2012-12-18T18:14:51+00:00\",\"dateModified\":\"2013-03-14T13:46:03+00:00\",\"description\":\"Garant\u00edas y seguridad de compra segura de los libros de Editorial Mediterr\u00e0nia\",\"inLanguage\":\"es\",\"potentialAction\":[{\"@type\":\"ReadAction\",\"target\":[\"https:\/\/editorialmediterrania.com\/es\/compra-segura\/\"]}]},{\"@type\":\"WebSite\",\"@id\":\"https:\/\/editorialmediterrania.com\/es\/#website\",\"url\":\"https:\/\/editorialmediterrania.com\/es\/\",\"name\":\"Editorial Mediterrania\",\"description\":\"Llibres que t\u2019obriran nous mons\",\"publisher\":{\"@id\":\"https:\/\/editorialmediterrania.com\/es\/#organization\"},\"alternateName\":\"Llibres infantils d'art, cultura i natura\",\"potentialAction\":[{\"@type\":\"SearchAction\",\"target\":{\"@type\":\"EntryPoint\",\"urlTemplate\":\"https:\/\/editorialmediterrania.com\/es\/?s={search_term_string}\"},\"query-input\":\"required name=search_term_string\"}],\"inLanguage\":\"es\"},{\"@type\":\"Organization\",\"@id\":\"https:\/\/editorialmediterrania.com\/es\/#organization\",\"name\":\"Editorial Mediterrania\",\"alternateName\":\"Llibres d'art, cultura i natura per infants i fam\u00edlies\",\"url\":\"https:\/\/editorialmediterrania.com\/es\/\",\"logo\":{\"@type\":\"ImageObject\",\"inLanguage\":\"es\",\"@id\":\"https:\/\/editorialmediterrania.com\/es\/#\/schema\/logo\/image\/\",\"url\":\"https:\/\/editorialmediterrania.com\/wp-content\/uploads\/2023\/03\/LOGO-ED_MEDITERRANIA_OK-2.png\",\"contentUrl\":\"https:\/\/editorialmediterrania.com\/wp-content\/uploads\/2023\/03\/LOGO-ED_MEDITERRANIA_OK-2.png\",\"width\":1200,\"height\":300,\"caption\":\"Editorial Mediterrania\"},\"image\":{\"@id\":\"https:\/\/editorialmediterrania.com\/es\/#\/schema\/logo\/image\/\"},\"sameAs\":[\"https:\/\/x.com\/edmediterrania\",\"https:\/\/www.instagram.com\/editorialmediterrania\/\"]}]}<\/script>\n<!-- \/ Yoast SEO plugin. -->","yoast_head_json":{"title":"Compra segura de libros de Editorial Mediterr\u00e0nia","description":"Garant\u00edas y seguridad de compra segura de los libros de Editorial Mediterr\u00e0nia","robots":{"index":"index","follow":"follow","max-snippet":"max-snippet:-1","max-image-preview":"max-image-preview:large","max-video-preview":"max-video-preview:-1"},"canonical":"https:\/\/editorialmediterrania.com\/es\/compra-segura\/","og_locale":"es_ES","og_type":"article","og_title":"Compra segura de libros de Editorial Mediterr\u00e0nia","og_description":"Garant\u00edas y seguridad de compra segura de los libros de Editorial Mediterr\u00e0nia","og_url":"https:\/\/editorialmediterrania.com\/es\/compra-segura\/","og_site_name":"Editorial Mediterr\u00e0nia","article_modified_time":"2013-03-14T13:46:03+00:00","og_image":[{"width":512,"height":512,"url":"https:\/\/editorialmediterrania.com\/wp-content\/uploads\/2023\/03\/cropped-LOGO-ED_MEDITERRANIA_OK-2.png","type":"image\/png"}],"twitter_card":"summary_large_image","twitter_site":"@edmediterrania","twitter_misc":{"Tiempo de lectura":"1 minuto"},"schema":{"@context":"https:\/\/schema.org","@graph":[{"@type":"WebPage","@id":"https:\/\/editorialmediterrania.com\/es\/compra-segura\/","url":"https:\/\/editorialmediterrania.com\/es\/compra-segura\/","name":"Compra segura de libros de Editorial Mediterr\u00e0nia","isPartOf":{"@id":"https:\/\/editorialmediterrania.com\/es\/#website"},"datePublished":"2012-12-18T18:14:51+00:00","dateModified":"2013-03-14T13:46:03+00:00","description":"Garant\u00edas y seguridad de compra segura de los libros de Editorial Mediterr\u00e0nia","inLanguage":"es","potentialAction":[{"@type":"ReadAction","target":["https:\/\/editorialmediterrania.com\/es\/compra-segura\/"]}]},{"@type":"WebSite","@id":"https:\/\/editorialmediterrania.com\/es\/#website","url":"https:\/\/editorialmediterrania.com\/es\/","name":"Editorial Mediterrania","description":"Llibres que t\u2019obriran nous mons","publisher":{"@id":"https:\/\/editorialmediterrania.com\/es\/#organization"},"alternateName":"Llibres infantils d'art, cultura i natura","potentialAction":[{"@type":"SearchAction","target":{"@type":"EntryPoint","urlTemplate":"https:\/\/editorialmediterrania.com\/es\/?s={search_term_string}"},"query-input":"required name=search_term_string"}],"inLanguage":"es"},{"@type":"Organization","@id":"https:\/\/editorialmediterrania.com\/es\/#organization","name":"Editorial Mediterrania","alternateName":"Llibres d'art, cultura i natura per infants i fam\u00edlies","url":"https:\/\/editorialmediterrania.com\/es\/","logo":{"@type":"ImageObject","inLanguage":"es","@id":"https:\/\/editorialmediterrania.com\/es\/#\/schema\/logo\/image\/","url":"https:\/\/editorialmediterrania.com\/wp-content\/uploads\/2023\/03\/LOGO-ED_MEDITERRANIA_OK-2.png","contentUrl":"https:\/\/editorialmediterrania.com\/wp-content\/uploads\/2023\/03\/LOGO-ED_MEDITERRANIA_OK-2.png","width":1200,"height":300,"caption":"Editorial Mediterrania"},"image":{"@id":"https:\/\/editorialmediterrania.com\/es\/#\/schema\/logo\/image\/"},"sameAs":["https:\/\/x.com\/edmediterrania","https:\/\/www.instagram.com\/editorialmediterrania\/"]}]}},"_links":{"self":[{"href":"https:\/\/editorialmediterrania.com\/es\/wp-json\/wp\/v2\/pages\/1821","targetHints":{"allow":["GET"]}}],"collection":[{"href":"https:\/\/editorialmediterrania.com\/es\/wp-json\/wp\/v2\/pages"}],"about":[{"href":"https:\/\/editorialmediterrania.com\/es\/wp-json\/wp\/v2\/types\/page"}],"author":[{"embeddable":true,"href":"https:\/\/editorialmediterrania.com\/es\/wp-json\/wp\/v2\/users\/39"}],"replies":[{"embeddable":true,"href":"https:\/\/editorialmediterrania.com\/es\/wp-json\/wp\/v2\/comments?post=1821"}],"version-history":[{"count":0,"href":"https:\/\/editorialmediterrania.com\/es\/wp-json\/wp\/v2\/pages\/1821\/revisions"}],"wp:attachment":[{"href":"https:\/\/editorialmediterrania.com\/es\/wp-json\/wp\/v2\/media?parent=1821"}],"curies":[{"name":"wp","href":"https:\/\/api.w.org\/{rel}","templated":true}]}}