{"id":1908,"date":"2012-12-12T05:43:56","date_gmt":"2012-12-12T05:43:56","guid":{"rendered":"http:\/\/mediterrania.adgency.es\/premio-pilarin-bayes\/colabora-con-el-premio\/"},"modified":"2013-02-15T14:04:32","modified_gmt":"2013-02-15T13:04:32","slug":"colabora-con-el-premio","status":"publish","type":"page","link":"https:\/\/editorialmediterrania.com\/es\/premio-pilarin-bayes\/colabora-con-el-premio\/","title":{"rendered":"Colabora con el premio"},"content":{"rendered":"<p>&nbsp;<\/p>\n<p>&nbsp;<\/p>\n<p>El Premio Pilar\u00edn Bay\u00e9s de cuentos escritos por ni\u00f1os y ni\u00f1as es un concurso literario que ha llegado ya a su d\u00e9cimo aniversario.<\/p>\n<p>Poder llevarlo a cabo cada a\u00f1o es posible gracias a muchas personas que trabajan y dedican parte de su tiempo a ello: alumnos y profesores de los colegios, que piensan y redactan los cuentos; las personas que se encargan de leerlos y clasificarlos; los miembros del jurado, que deciden cu\u00e1les ser\u00e1n los ganadores; Pilar\u00edn, que los ilustra; la figura del experto, que se encarga de elaborar el estudio sobre las reflexiones de los ni\u00f1os; patrocinadores; colaboradores\u2026<\/p>\n<p>Sin los cuentos de los alumnos de los colegios de Catalu\u00f1a, el concurso no ser\u00eda posible. As\u00ed pues, animamos a todos los centros a considerar su participaci\u00f3n: creemos que es una buena manera de fomentar la lectura y de estimular la creaci\u00f3n literaria de los ni\u00f1os y ni\u00f1as de primaria.<\/p>\n<p>Por otro lado, a\u00f1o tras a\u00f1o, contamos con la colaboraci\u00f3n de entidades, instituciones y organizaciones que hacen posible la realizaci\u00f3n de cada convocatoria y que nos facilitan poder disfrutar de grandes celebraciones de entrega de premios y ofrecer las recompensas que se merecen los participantes.<\/p>\n<p>Desde aqu\u00ed proponemos la posibilidad de <strong>colaborar en nuestra iniciativa<\/strong> a empresas e instituciones que compartan nuestros objetivos y que quieran estar en contacto con los ni\u00f1os y ni\u00f1as de Catalu\u00f1a.<\/p>\n<p>El logotipo de nuestros colaboradores aparece en todas las publicaciones e informaciones del Premio: en las bases de la convocatoria y en el libro de cada edici\u00f3n, sin olvidarnos de las redes sociales. Editorial Mediterr\u00e0nia se encarga de la organizaci\u00f3n del premio y de su difusi\u00f3n en varios medios de comunicaci\u00f3n.<\/p>\n<p>Si cre\u00e9is que pod\u00e9is formar parte de este proyecto, entrad en <a href=\"http:\/\/www.facebook.com\/Mediterraniaeditorial\">nuestro Facebook<\/a> y a\u00f1adiros al grupo \u201cPilar\u00edn Bay\u00e9s, jo tamb\u00e9 he crescut amb els seus llibres!\u201d, o enviadnos un correo electr\u00f3nico a <strong>editorial@editorialmediterrania.cat<\/strong>.<\/p>\n<p>\u00a1La organizaci\u00f3n de este premio est\u00e1 abierta a incorporar nuevas manos que est\u00e9n dispuestas a ayudar a hacerlo posible y a hacer que podamos celebrar muchos m\u00e1s a\u00f1os rodeados de las historias de los m\u00e1s peque\u00f1os!<\/p>\n","protected":false},"excerpt":{"rendered":"<p>&nbsp; &nbsp; El Premio Pilar\u00edn Bay\u00e9s de cuentos escritos por ni\u00f1os y ni\u00f1as es un concurso literario que ha llegado ya a su d\u00e9cimo aniversario. Poder llevarlo a cabo cada a\u00f1o es posible gracias a muchas personas que trabajan y dedican parte de su tiempo a ello: alumnos y profesores de los colegios, que piensan [&hellip;]<\/p>\n","protected":false},"author":39,"featured_media":0,"parent":1690,"menu_order":0,"comment_status":"closed","ping_status":"open","template":"","meta":{"footnotes":""},"class_list":["post-1908","page","type-page","status-publish","hentry"],"acf":[],"yoast_head":"<!-- This site is optimized with the Yoast SEO plugin v22.8 - https:\/\/yoast.com\/wordpress\/plugins\/seo\/ -->\n<title>Colabora con el premio - Editorial Mediterr\u00e0nia<\/title>\n<meta name=\"description\" content=\"Descobreix un m\u00f3n de meravelles a trav\u00e9s dels llibres de la nostra editorial especialitzada en art, cultura i natura per a fam\u00edlies. Amb il\u00b7lustracions fascinants i hist\u00f2ries enriquidores, inspirem el descobriment i la curiositat en petits i grans, connectant-los amb el patrimoni cultural i el meravell\u00f3s m\u00f3n natural que ens envolta\" \/>\n<meta name=\"robots\" content=\"index, follow, max-snippet:-1, max-image-preview:large, max-video-preview:-1\" \/>\n<link rel=\"canonical\" href=\"https:\/\/editorialmediterrania.com\/es\/premio-pilarin-bayes\/colabora-con-el-premio\/\" \/>\n<meta property=\"og:locale\" content=\"es_ES\" \/>\n<meta property=\"og:type\" content=\"article\" \/>\n<meta property=\"og:title\" content=\"Colabora con el premio - Editorial Mediterr\u00e0nia\" \/>\n<meta property=\"og:description\" content=\"Descobreix un m\u00f3n de meravelles a trav\u00e9s dels llibres de la nostra editorial especialitzada en art, cultura i natura per a fam\u00edlies. Amb il\u00b7lustracions fascinants i hist\u00f2ries enriquidores, inspirem el descobriment i la curiositat en petits i grans, connectant-los amb el patrimoni cultural i el meravell\u00f3s m\u00f3n natural que ens envolta\" \/>\n<meta property=\"og:url\" content=\"https:\/\/editorialmediterrania.com\/es\/premio-pilarin-bayes\/colabora-con-el-premio\/\" \/>\n<meta property=\"og:site_name\" content=\"Editorial Mediterr\u00e0nia\" \/>\n<meta property=\"article:modified_time\" content=\"2013-02-15T13:04:32+00:00\" \/>\n<meta property=\"og:image\" content=\"https:\/\/editorialmediterrania.com\/wp-content\/uploads\/2023\/03\/cropped-LOGO-ED_MEDITERRANIA_OK-2.png\" \/>\n\t<meta property=\"og:image:width\" content=\"512\" \/>\n\t<meta property=\"og:image:height\" content=\"512\" \/>\n\t<meta property=\"og:image:type\" content=\"image\/png\" \/>\n<meta name=\"twitter:card\" content=\"summary_large_image\" \/>\n<meta name=\"twitter:site\" content=\"@edmediterrania\" \/>\n<meta name=\"twitter:label1\" content=\"Tiempo de lectura\" \/>\n\t<meta name=\"twitter:data1\" content=\"2 minutos\" \/>\n<script type=\"application\/ld+json\" class=\"yoast-schema-graph\">{\"@context\":\"https:\/\/schema.org\",\"@graph\":[{\"@type\":\"WebPage\",\"@id\":\"https:\/\/editorialmediterrania.com\/es\/premio-pilarin-bayes\/colabora-con-el-premio\/\",\"url\":\"https:\/\/editorialmediterrania.com\/es\/premio-pilarin-bayes\/colabora-con-el-premio\/\",\"name\":\"Colabora con el premio - Editorial Mediterr\u00e0nia\",\"isPartOf\":{\"@id\":\"https:\/\/editorialmediterrania.com\/es\/#website\"},\"datePublished\":\"2012-12-12T05:43:56+00:00\",\"dateModified\":\"2013-02-15T13:04:32+00:00\",\"description\":\"Descobreix un m\u00f3n de meravelles a trav\u00e9s dels llibres de la nostra editorial especialitzada en art, cultura i natura per a fam\u00edlies. Amb il\u00b7lustracions fascinants i hist\u00f2ries enriquidores, inspirem el descobriment i la curiositat en petits i grans, connectant-los amb el patrimoni cultural i el meravell\u00f3s m\u00f3n natural que ens envolta\",\"breadcrumb\":{\"@id\":\"https:\/\/editorialmediterrania.com\/es\/premio-pilarin-bayes\/colabora-con-el-premio\/#breadcrumb\"},\"inLanguage\":\"es\",\"potentialAction\":[{\"@type\":\"ReadAction\",\"target\":[\"https:\/\/editorialmediterrania.com\/es\/premio-pilarin-bayes\/colabora-con-el-premio\/\"]}]},{\"@type\":\"BreadcrumbList\",\"@id\":\"https:\/\/editorialmediterrania.com\/es\/premio-pilarin-bayes\/colabora-con-el-premio\/#breadcrumb\",\"itemListElement\":[{\"@type\":\"ListItem\",\"position\":1,\"name\":\"Premio Pilar\u00edn Bay\u00e9s\",\"item\":\"https:\/\/editorialmediterrania.com\/es\/premi-pilarin-bayes\/\"},{\"@type\":\"ListItem\",\"position\":2,\"name\":\"Colabora con el premio\"}]},{\"@type\":\"WebSite\",\"@id\":\"https:\/\/editorialmediterrania.com\/es\/#website\",\"url\":\"https:\/\/editorialmediterrania.com\/es\/\",\"name\":\"Editorial Mediterrania\",\"description\":\"Llibres que t\u2019obriran nous mons\",\"publisher\":{\"@id\":\"https:\/\/editorialmediterrania.com\/es\/#organization\"},\"alternateName\":\"Llibres infantils d'art, cultura i natura\",\"potentialAction\":[{\"@type\":\"SearchAction\",\"target\":{\"@type\":\"EntryPoint\",\"urlTemplate\":\"https:\/\/editorialmediterrania.com\/es\/?s={search_term_string}\"},\"query-input\":\"required name=search_term_string\"}],\"inLanguage\":\"es\"},{\"@type\":\"Organization\",\"@id\":\"https:\/\/editorialmediterrania.com\/es\/#organization\",\"name\":\"Editorial Mediterrania\",\"alternateName\":\"Llibres d'art, cultura i natura per infants i fam\u00edlies\",\"url\":\"https:\/\/editorialmediterrania.com\/es\/\",\"logo\":{\"@type\":\"ImageObject\",\"inLanguage\":\"es\",\"@id\":\"https:\/\/editorialmediterrania.com\/es\/#\/schema\/logo\/image\/\",\"url\":\"https:\/\/editorialmediterrania.com\/wp-content\/uploads\/2023\/03\/LOGO-ED_MEDITERRANIA_OK-2.png\",\"contentUrl\":\"https:\/\/editorialmediterrania.com\/wp-content\/uploads\/2023\/03\/LOGO-ED_MEDITERRANIA_OK-2.png\",\"width\":1200,\"height\":300,\"caption\":\"Editorial Mediterrania\"},\"image\":{\"@id\":\"https:\/\/editorialmediterrania.com\/es\/#\/schema\/logo\/image\/\"},\"sameAs\":[\"https:\/\/x.com\/edmediterrania\",\"https:\/\/www.instagram.com\/editorialmediterrania\/\"]}]}<\/script>\n<!-- \/ Yoast SEO plugin. -->","yoast_head_json":{"title":"Colabora con el premio - Editorial Mediterr\u00e0nia","description":"Descobreix un m\u00f3n de meravelles a trav\u00e9s dels llibres de la nostra editorial especialitzada en art, cultura i natura per a fam\u00edlies. Amb il\u00b7lustracions fascinants i hist\u00f2ries enriquidores, inspirem el descobriment i la curiositat en petits i grans, connectant-los amb el patrimoni cultural i el meravell\u00f3s m\u00f3n natural que ens envolta","robots":{"index":"index","follow":"follow","max-snippet":"max-snippet:-1","max-image-preview":"max-image-preview:large","max-video-preview":"max-video-preview:-1"},"canonical":"https:\/\/editorialmediterrania.com\/es\/premio-pilarin-bayes\/colabora-con-el-premio\/","og_locale":"es_ES","og_type":"article","og_title":"Colabora con el premio - Editorial Mediterr\u00e0nia","og_description":"Descobreix un m\u00f3n de meravelles a trav\u00e9s dels llibres de la nostra editorial especialitzada en art, cultura i natura per a fam\u00edlies. Amb il\u00b7lustracions fascinants i hist\u00f2ries enriquidores, inspirem el descobriment i la curiositat en petits i grans, connectant-los amb el patrimoni cultural i el meravell\u00f3s m\u00f3n natural que ens envolta","og_url":"https:\/\/editorialmediterrania.com\/es\/premio-pilarin-bayes\/colabora-con-el-premio\/","og_site_name":"Editorial Mediterr\u00e0nia","article_modified_time":"2013-02-15T13:04:32+00:00","og_image":[{"width":512,"height":512,"url":"https:\/\/editorialmediterrania.com\/wp-content\/uploads\/2023\/03\/cropped-LOGO-ED_MEDITERRANIA_OK-2.png","type":"image\/png"}],"twitter_card":"summary_large_image","twitter_site":"@edmediterrania","twitter_misc":{"Tiempo de lectura":"2 minutos"},"schema":{"@context":"https:\/\/schema.org","@graph":[{"@type":"WebPage","@id":"https:\/\/editorialmediterrania.com\/es\/premio-pilarin-bayes\/colabora-con-el-premio\/","url":"https:\/\/editorialmediterrania.com\/es\/premio-pilarin-bayes\/colabora-con-el-premio\/","name":"Colabora con el premio - Editorial Mediterr\u00e0nia","isPartOf":{"@id":"https:\/\/editorialmediterrania.com\/es\/#website"},"datePublished":"2012-12-12T05:43:56+00:00","dateModified":"2013-02-15T13:04:32+00:00","description":"Descobreix un m\u00f3n de meravelles a trav\u00e9s dels llibres de la nostra editorial especialitzada en art, cultura i natura per a fam\u00edlies. Amb il\u00b7lustracions fascinants i hist\u00f2ries enriquidores, inspirem el descobriment i la curiositat en petits i grans, connectant-los amb el patrimoni cultural i el meravell\u00f3s m\u00f3n natural que ens envolta","breadcrumb":{"@id":"https:\/\/editorialmediterrania.com\/es\/premio-pilarin-bayes\/colabora-con-el-premio\/#breadcrumb"},"inLanguage":"es","potentialAction":[{"@type":"ReadAction","target":["https:\/\/editorialmediterrania.com\/es\/premio-pilarin-bayes\/colabora-con-el-premio\/"]}]},{"@type":"BreadcrumbList","@id":"https:\/\/editorialmediterrania.com\/es\/premio-pilarin-bayes\/colabora-con-el-premio\/#breadcrumb","itemListElement":[{"@type":"ListItem","position":1,"name":"Premio Pilar\u00edn Bay\u00e9s","item":"https:\/\/editorialmediterrania.com\/es\/premi-pilarin-bayes\/"},{"@type":"ListItem","position":2,"name":"Colabora con el premio"}]},{"@type":"WebSite","@id":"https:\/\/editorialmediterrania.com\/es\/#website","url":"https:\/\/editorialmediterrania.com\/es\/","name":"Editorial Mediterrania","description":"Llibres que t\u2019obriran nous mons","publisher":{"@id":"https:\/\/editorialmediterrania.com\/es\/#organization"},"alternateName":"Llibres infantils d'art, cultura i natura","potentialAction":[{"@type":"SearchAction","target":{"@type":"EntryPoint","urlTemplate":"https:\/\/editorialmediterrania.com\/es\/?s={search_term_string}"},"query-input":"required name=search_term_string"}],"inLanguage":"es"},{"@type":"Organization","@id":"https:\/\/editorialmediterrania.com\/es\/#organization","name":"Editorial Mediterrania","alternateName":"Llibres d'art, cultura i natura per infants i fam\u00edlies","url":"https:\/\/editorialmediterrania.com\/es\/","logo":{"@type":"ImageObject","inLanguage":"es","@id":"https:\/\/editorialmediterrania.com\/es\/#\/schema\/logo\/image\/","url":"https:\/\/editorialmediterrania.com\/wp-content\/uploads\/2023\/03\/LOGO-ED_MEDITERRANIA_OK-2.png","contentUrl":"https:\/\/editorialmediterrania.com\/wp-content\/uploads\/2023\/03\/LOGO-ED_MEDITERRANIA_OK-2.png","width":1200,"height":300,"caption":"Editorial Mediterrania"},"image":{"@id":"https:\/\/editorialmediterrania.com\/es\/#\/schema\/logo\/image\/"},"sameAs":["https:\/\/x.com\/edmediterrania","https:\/\/www.instagram.com\/editorialmediterrania\/"]}]}},"_links":{"self":[{"href":"https:\/\/editorialmediterrania.com\/es\/wp-json\/wp\/v2\/pages\/1908","targetHints":{"allow":["GET"]}}],"collection":[{"href":"https:\/\/editorialmediterrania.com\/es\/wp-json\/wp\/v2\/pages"}],"about":[{"href":"https:\/\/editorialmediterrania.com\/es\/wp-json\/wp\/v2\/types\/page"}],"author":[{"embeddable":true,"href":"https:\/\/editorialmediterrania.com\/es\/wp-json\/wp\/v2\/users\/39"}],"replies":[{"embeddable":true,"href":"https:\/\/editorialmediterrania.com\/es\/wp-json\/wp\/v2\/comments?post=1908"}],"version-history":[{"count":0,"href":"https:\/\/editorialmediterrania.com\/es\/wp-json\/wp\/v2\/pages\/1908\/revisions"}],"up":[{"embeddable":true,"href":"https:\/\/editorialmediterrania.com\/es\/wp-json\/wp\/v2\/pages\/1690"}],"wp:attachment":[{"href":"https:\/\/editorialmediterrania.com\/es\/wp-json\/wp\/v2\/media?parent=1908"}],"curies":[{"name":"wp","href":"https:\/\/api.w.org\/{rel}","templated":true}]}}