{"id":2008,"date":"2012-12-18T09:08:24","date_gmt":"2012-12-18T08:08:24","guid":{"rendered":"http:\/\/mediterrania.adgency.es\/premio-pilarin-bayes\/pilarin-bayes-archivo-4\/"},"modified":"2015-12-18T19:01:18","modified_gmt":"2015-12-18T18:01:18","slug":"pilarin-bayes-2007","status":"publish","type":"page","link":"https:\/\/editorialmediterrania.com\/es\/premio-pilarin-bayes\/pilarin-bayes-2007\/","title":{"rendered":"Premio Pilar\u00edn Bay\u00e9s 2007"},"content":{"rendered":"<h2 style=\"text-align: justify;\">Las fiestas populares de Catalu\u00f1a<\/h2>\n<h2 style=\"font-size: 1.5em; text-align: justify;\">4\u00aa edici\u00f3n (2007)<\/h2>\n<p style=\"text-align: justify;\">En 2007 participaron <strong>104 escuelas<\/strong> de Catalu\u00f1a con <strong>1.084 cuentos<\/strong> y, como en a\u00f1os anteriores, el veredicto se emiti\u00f3 por Catalunya R\u00e0dio el d\u00eda de Sant Jordi.<\/p>\n<p style=\"text-align: justify;\">El Institut d\u2019Estudis Ilerdencs (Lleida) abri\u00f3 sus puertas para celebrar el acto de entrega de premios por varios motivos: seis de los cuentos ganadores correspond\u00edan a escuelas de tierras de Lleida y, por otro lado, ese a\u00f1o, Lleida fue la capital de la cultura catalana.<\/p>\n<p style=\"text-align: justify;\">Al final de la celebraci\u00f3n se repartieron ejemplares del libro con los cuentos premiados: <a href=\"http:\/\/editorialmediterrania.com\/product\/contes-de-festes\/\"><strong><i>Contes de festes<\/i><\/strong><\/a>.<\/p>\n<p style=\"text-align: justify;\">Los cuentos premiados fueron:<\/p>\n<p style=\"text-align: justify;\"><b>-Ciclo inicial:\u00a0<\/b><\/p>\n<ul style=\"text-align: justify;\">\n<li><b>La il\u00b7lusi\u00f3 de ser enxaneta <\/b>con el pseud\u00f3nimo Olivins, del CEIP Joan Benet i Petit, d\u2019Els Torms (Lleida).<\/li>\n<li><b>Alegria, \u00e9s Festa Major <\/b>con el pseud\u00f3nimo\u00a0Els diables, del colegio Mare de D\u00e9u de Montserrat, de Les Borges Blanques.<\/li>\n<li><b>El monstre t\u00edmid i valent <\/b>con el pseud\u00f3nimo<b>\u00a0<\/b>Pok\u00e9mon 24, del colegio Episcopal, de Lleida.<\/li>\n<li><b>El drac entremaliat i els gegants <\/b>con el pseud\u00f3nimo\u00a0Les sargantanes, del CEIP Torres Jonama, de Mont-ras (Girona).<\/li>\n<li><b>La mona <\/b>con el pseud\u00f3nimo\u00a0Snoopy\u2019s, del colegio Sant Miquel, de Barcelona.<\/li>\n<\/ul>\n<p>&nbsp;<\/p>\n<p style=\"text-align: justify;\"><b>-Ciclo medio:\u00a0<\/b><\/p>\n<ul style=\"text-align: justify;\">\n<li><b>L\u2019espurna de Sant Joan <\/b>con el pseud\u00f3nimo\u00a0Foc d\u2019encenalls, del CEIP Pr\u00e0ctiques, de Tarragona.<\/li>\n<li><b>El capit\u00e0 esparracat, adormit i afamat <\/b>con el pseud\u00f3nimo\u00a0Lluna, del CEIP Malagrida, d\u2019Olot.<\/li>\n<li><b>El petit pi <\/b>con el pseud\u00f3nimo\u00a0Pinyonet, de la escuela\u00a0Montessori, de l\u2019Hospitalet de Llobregat.<\/li>\n<li><b>El viatge d\u2019en Joan <\/b>con el pseud\u00f3nimo\u00a0T.T., del colegio Nostra Senyora del Carme, de Balaguer.<\/li>\n<li><b>Els Castellers <\/b>con el pseud\u00f3nimo\u00a0Witch, de la Instituci\u00f3n Escolar Claret, de Sabadell.<\/li>\n<\/ul>\n<p>&nbsp;<\/p>\n<p style=\"text-align: justify;\"><b>-Ciclo superior:\u00a0<\/b><\/p>\n<ul>\n<li style=\"text-align: justify;\"><b>La recerca dels galets perduts <\/b>con el pseud\u00f3nimo\u00a0Lluc serpentina, de Saint George\u2019s School, de Fornells de la Selva.<\/li>\n<li style=\"text-align: justify;\"><b>Llibre per a somniar <\/b>con el pseud\u00f3nimo\u00a0M\u00f3n de somnis, de la escuela l\u2019Espill, de Manresa.<\/li>\n<li style=\"text-align: justify;\"><b>Els gegants <\/b>con el pseud\u00f3nimo\u00a0La bruixa de Potadacabra, del CEIP N-I de Pr\u00e0ctiques, de Barcelona.<\/li>\n<li style=\"text-align: justify;\"><b>L\u2019enxaneta i Guifr\u00e9 el Pel\u00f3s <\/b>con el pseud\u00f3nimo\u00a0Sionecs, del ZER El Si\u00f3, de Buts\u00e8nit d\u2019Urgell.<\/li>\n<li style=\"text-align: justify;\"><b>Per qu\u00e8 els enxanetes aixequen la m\u00e0? <\/b>con el pseud\u00f3nimo\u00a0Panda\u201996, del CEIP Sant Josep, de T\u00e0rrega.<\/li>\n<\/ul>\n","protected":false},"excerpt":{"rendered":"<p>Las fiestas populares de Catalu\u00f1a 4\u00aa edici\u00f3n (2007) En 2007 participaron 104 escuelas de Catalu\u00f1a con 1.084 cuentos y, como en a\u00f1os anteriores, el veredicto se emiti\u00f3 por Catalunya R\u00e0dio el d\u00eda de Sant Jordi. El Institut d\u2019Estudis Ilerdencs (Lleida) abri\u00f3 sus puertas para celebrar el acto de entrega de premios por varios motivos: seis [&hellip;]<\/p>\n","protected":false},"author":39,"featured_media":0,"parent":1690,"menu_order":0,"comment_status":"closed","ping_status":"open","template":"dms-templates\/dms-premi-pilarin.php","meta":{"footnotes":""},"class_list":["post-2008","page","type-page","status-publish","hentry"],"acf":[],"yoast_head":"<!-- This site is optimized with the Yoast SEO plugin v22.8 - https:\/\/yoast.com\/wordpress\/plugins\/seo\/ -->\n<title>Premio Pilar\u00edn Bay\u00e9s 2007 - Editorial Mediterr\u00e0nia<\/title>\n<meta name=\"description\" content=\"Descobreix un m\u00f3n de meravelles a trav\u00e9s dels llibres de la nostra editorial especialitzada en art, cultura i natura per a fam\u00edlies. Amb il\u00b7lustracions fascinants i hist\u00f2ries enriquidores, inspirem el descobriment i la curiositat en petits i grans, connectant-los amb el patrimoni cultural i el meravell\u00f3s m\u00f3n natural que ens envolta\" \/>\n<meta name=\"robots\" content=\"index, follow, max-snippet:-1, max-image-preview:large, max-video-preview:-1\" \/>\n<link rel=\"canonical\" href=\"https:\/\/editorialmediterrania.com\/es\/premio-pilarin-bayes\/pilarin-bayes-2007\/\" \/>\n<meta property=\"og:locale\" content=\"es_ES\" \/>\n<meta property=\"og:type\" content=\"article\" \/>\n<meta property=\"og:title\" content=\"Premio Pilar\u00edn Bay\u00e9s 2007 - Editorial Mediterr\u00e0nia\" \/>\n<meta property=\"og:description\" content=\"Descobreix un m\u00f3n de meravelles a trav\u00e9s dels llibres de la nostra editorial especialitzada en art, cultura i natura per a fam\u00edlies. Amb il\u00b7lustracions fascinants i hist\u00f2ries enriquidores, inspirem el descobriment i la curiositat en petits i grans, connectant-los amb el patrimoni cultural i el meravell\u00f3s m\u00f3n natural que ens envolta\" \/>\n<meta property=\"og:url\" content=\"https:\/\/editorialmediterrania.com\/es\/premio-pilarin-bayes\/pilarin-bayes-2007\/\" \/>\n<meta property=\"og:site_name\" content=\"Editorial Mediterr\u00e0nia\" \/>\n<meta property=\"article:modified_time\" content=\"2015-12-18T18:01:18+00:00\" \/>\n<meta property=\"og:image\" content=\"https:\/\/editorialmediterrania.com\/wp-content\/uploads\/2023\/03\/cropped-LOGO-ED_MEDITERRANIA_OK-2.png\" \/>\n\t<meta property=\"og:image:width\" content=\"512\" \/>\n\t<meta property=\"og:image:height\" content=\"512\" \/>\n\t<meta property=\"og:image:type\" content=\"image\/png\" \/>\n<meta name=\"twitter:card\" content=\"summary_large_image\" \/>\n<meta name=\"twitter:site\" content=\"@edmediterrania\" \/>\n<meta name=\"twitter:label1\" content=\"Tiempo de lectura\" \/>\n\t<meta name=\"twitter:data1\" content=\"2 minutos\" \/>\n<script type=\"application\/ld+json\" class=\"yoast-schema-graph\">{\"@context\":\"https:\/\/schema.org\",\"@graph\":[{\"@type\":\"WebPage\",\"@id\":\"https:\/\/editorialmediterrania.com\/es\/premio-pilarin-bayes\/pilarin-bayes-2007\/\",\"url\":\"https:\/\/editorialmediterrania.com\/es\/premio-pilarin-bayes\/pilarin-bayes-2007\/\",\"name\":\"Premio Pilar\u00edn Bay\u00e9s 2007 - Editorial Mediterr\u00e0nia\",\"isPartOf\":{\"@id\":\"https:\/\/editorialmediterrania.com\/es\/#website\"},\"datePublished\":\"2012-12-18T08:08:24+00:00\",\"dateModified\":\"2015-12-18T18:01:18+00:00\",\"description\":\"Descobreix un m\u00f3n de meravelles a trav\u00e9s dels llibres de la nostra editorial especialitzada en art, cultura i natura per a fam\u00edlies. Amb il\u00b7lustracions fascinants i hist\u00f2ries enriquidores, inspirem el descobriment i la curiositat en petits i grans, connectant-los amb el patrimoni cultural i el meravell\u00f3s m\u00f3n natural que ens envolta\",\"breadcrumb\":{\"@id\":\"https:\/\/editorialmediterrania.com\/es\/premio-pilarin-bayes\/pilarin-bayes-2007\/#breadcrumb\"},\"inLanguage\":\"es\",\"potentialAction\":[{\"@type\":\"ReadAction\",\"target\":[\"https:\/\/editorialmediterrania.com\/es\/premio-pilarin-bayes\/pilarin-bayes-2007\/\"]}]},{\"@type\":\"BreadcrumbList\",\"@id\":\"https:\/\/editorialmediterrania.com\/es\/premio-pilarin-bayes\/pilarin-bayes-2007\/#breadcrumb\",\"itemListElement\":[{\"@type\":\"ListItem\",\"position\":1,\"name\":\"Premio Pilar\u00edn Bay\u00e9s\",\"item\":\"https:\/\/editorialmediterrania.com\/es\/premi-pilarin-bayes\/\"},{\"@type\":\"ListItem\",\"position\":2,\"name\":\"Premio Pilar\u00edn Bay\u00e9s 2007\"}]},{\"@type\":\"WebSite\",\"@id\":\"https:\/\/editorialmediterrania.com\/es\/#website\",\"url\":\"https:\/\/editorialmediterrania.com\/es\/\",\"name\":\"Editorial Mediterrania\",\"description\":\"Llibres que t\u2019obriran nous mons\",\"publisher\":{\"@id\":\"https:\/\/editorialmediterrania.com\/es\/#organization\"},\"alternateName\":\"Llibres infantils d'art, cultura i natura\",\"potentialAction\":[{\"@type\":\"SearchAction\",\"target\":{\"@type\":\"EntryPoint\",\"urlTemplate\":\"https:\/\/editorialmediterrania.com\/es\/?s={search_term_string}\"},\"query-input\":\"required name=search_term_string\"}],\"inLanguage\":\"es\"},{\"@type\":\"Organization\",\"@id\":\"https:\/\/editorialmediterrania.com\/es\/#organization\",\"name\":\"Editorial Mediterrania\",\"alternateName\":\"Llibres d'art, cultura i natura per infants i fam\u00edlies\",\"url\":\"https:\/\/editorialmediterrania.com\/es\/\",\"logo\":{\"@type\":\"ImageObject\",\"inLanguage\":\"es\",\"@id\":\"https:\/\/editorialmediterrania.com\/es\/#\/schema\/logo\/image\/\",\"url\":\"https:\/\/editorialmediterrania.com\/wp-content\/uploads\/2023\/03\/LOGO-ED_MEDITERRANIA_OK-2.png\",\"contentUrl\":\"https:\/\/editorialmediterrania.com\/wp-content\/uploads\/2023\/03\/LOGO-ED_MEDITERRANIA_OK-2.png\",\"width\":1200,\"height\":300,\"caption\":\"Editorial Mediterrania\"},\"image\":{\"@id\":\"https:\/\/editorialmediterrania.com\/es\/#\/schema\/logo\/image\/\"},\"sameAs\":[\"https:\/\/x.com\/edmediterrania\",\"https:\/\/www.instagram.com\/editorialmediterrania\/\"]}]}<\/script>\n<!-- \/ Yoast SEO plugin. -->","yoast_head_json":{"title":"Premio Pilar\u00edn Bay\u00e9s 2007 - Editorial Mediterr\u00e0nia","description":"Descobreix un m\u00f3n de meravelles a trav\u00e9s dels llibres de la nostra editorial especialitzada en art, cultura i natura per a fam\u00edlies. Amb il\u00b7lustracions fascinants i hist\u00f2ries enriquidores, inspirem el descobriment i la curiositat en petits i grans, connectant-los amb el patrimoni cultural i el meravell\u00f3s m\u00f3n natural que ens envolta","robots":{"index":"index","follow":"follow","max-snippet":"max-snippet:-1","max-image-preview":"max-image-preview:large","max-video-preview":"max-video-preview:-1"},"canonical":"https:\/\/editorialmediterrania.com\/es\/premio-pilarin-bayes\/pilarin-bayes-2007\/","og_locale":"es_ES","og_type":"article","og_title":"Premio Pilar\u00edn Bay\u00e9s 2007 - Editorial Mediterr\u00e0nia","og_description":"Descobreix un m\u00f3n de meravelles a trav\u00e9s dels llibres de la nostra editorial especialitzada en art, cultura i natura per a fam\u00edlies. Amb il\u00b7lustracions fascinants i hist\u00f2ries enriquidores, inspirem el descobriment i la curiositat en petits i grans, connectant-los amb el patrimoni cultural i el meravell\u00f3s m\u00f3n natural que ens envolta","og_url":"https:\/\/editorialmediterrania.com\/es\/premio-pilarin-bayes\/pilarin-bayes-2007\/","og_site_name":"Editorial Mediterr\u00e0nia","article_modified_time":"2015-12-18T18:01:18+00:00","og_image":[{"width":512,"height":512,"url":"https:\/\/editorialmediterrania.com\/wp-content\/uploads\/2023\/03\/cropped-LOGO-ED_MEDITERRANIA_OK-2.png","type":"image\/png"}],"twitter_card":"summary_large_image","twitter_site":"@edmediterrania","twitter_misc":{"Tiempo de lectura":"2 minutos"},"schema":{"@context":"https:\/\/schema.org","@graph":[{"@type":"WebPage","@id":"https:\/\/editorialmediterrania.com\/es\/premio-pilarin-bayes\/pilarin-bayes-2007\/","url":"https:\/\/editorialmediterrania.com\/es\/premio-pilarin-bayes\/pilarin-bayes-2007\/","name":"Premio Pilar\u00edn Bay\u00e9s 2007 - Editorial Mediterr\u00e0nia","isPartOf":{"@id":"https:\/\/editorialmediterrania.com\/es\/#website"},"datePublished":"2012-12-18T08:08:24+00:00","dateModified":"2015-12-18T18:01:18+00:00","description":"Descobreix un m\u00f3n de meravelles a trav\u00e9s dels llibres de la nostra editorial especialitzada en art, cultura i natura per a fam\u00edlies. Amb il\u00b7lustracions fascinants i hist\u00f2ries enriquidores, inspirem el descobriment i la curiositat en petits i grans, connectant-los amb el patrimoni cultural i el meravell\u00f3s m\u00f3n natural que ens envolta","breadcrumb":{"@id":"https:\/\/editorialmediterrania.com\/es\/premio-pilarin-bayes\/pilarin-bayes-2007\/#breadcrumb"},"inLanguage":"es","potentialAction":[{"@type":"ReadAction","target":["https:\/\/editorialmediterrania.com\/es\/premio-pilarin-bayes\/pilarin-bayes-2007\/"]}]},{"@type":"BreadcrumbList","@id":"https:\/\/editorialmediterrania.com\/es\/premio-pilarin-bayes\/pilarin-bayes-2007\/#breadcrumb","itemListElement":[{"@type":"ListItem","position":1,"name":"Premio Pilar\u00edn Bay\u00e9s","item":"https:\/\/editorialmediterrania.com\/es\/premi-pilarin-bayes\/"},{"@type":"ListItem","position":2,"name":"Premio Pilar\u00edn Bay\u00e9s 2007"}]},{"@type":"WebSite","@id":"https:\/\/editorialmediterrania.com\/es\/#website","url":"https:\/\/editorialmediterrania.com\/es\/","name":"Editorial Mediterrania","description":"Llibres que t\u2019obriran nous mons","publisher":{"@id":"https:\/\/editorialmediterrania.com\/es\/#organization"},"alternateName":"Llibres infantils d'art, cultura i natura","potentialAction":[{"@type":"SearchAction","target":{"@type":"EntryPoint","urlTemplate":"https:\/\/editorialmediterrania.com\/es\/?s={search_term_string}"},"query-input":"required name=search_term_string"}],"inLanguage":"es"},{"@type":"Organization","@id":"https:\/\/editorialmediterrania.com\/es\/#organization","name":"Editorial Mediterrania","alternateName":"Llibres d'art, cultura i natura per infants i fam\u00edlies","url":"https:\/\/editorialmediterrania.com\/es\/","logo":{"@type":"ImageObject","inLanguage":"es","@id":"https:\/\/editorialmediterrania.com\/es\/#\/schema\/logo\/image\/","url":"https:\/\/editorialmediterrania.com\/wp-content\/uploads\/2023\/03\/LOGO-ED_MEDITERRANIA_OK-2.png","contentUrl":"https:\/\/editorialmediterrania.com\/wp-content\/uploads\/2023\/03\/LOGO-ED_MEDITERRANIA_OK-2.png","width":1200,"height":300,"caption":"Editorial Mediterrania"},"image":{"@id":"https:\/\/editorialmediterrania.com\/es\/#\/schema\/logo\/image\/"},"sameAs":["https:\/\/x.com\/edmediterrania","https:\/\/www.instagram.com\/editorialmediterrania\/"]}]}},"_links":{"self":[{"href":"https:\/\/editorialmediterrania.com\/es\/wp-json\/wp\/v2\/pages\/2008","targetHints":{"allow":["GET"]}}],"collection":[{"href":"https:\/\/editorialmediterrania.com\/es\/wp-json\/wp\/v2\/pages"}],"about":[{"href":"https:\/\/editorialmediterrania.com\/es\/wp-json\/wp\/v2\/types\/page"}],"author":[{"embeddable":true,"href":"https:\/\/editorialmediterrania.com\/es\/wp-json\/wp\/v2\/users\/39"}],"replies":[{"embeddable":true,"href":"https:\/\/editorialmediterrania.com\/es\/wp-json\/wp\/v2\/comments?post=2008"}],"version-history":[{"count":0,"href":"https:\/\/editorialmediterrania.com\/es\/wp-json\/wp\/v2\/pages\/2008\/revisions"}],"up":[{"embeddable":true,"href":"https:\/\/editorialmediterrania.com\/es\/wp-json\/wp\/v2\/pages\/1690"}],"wp:attachment":[{"href":"https:\/\/editorialmediterrania.com\/es\/wp-json\/wp\/v2\/media?parent=2008"}],"curies":[{"name":"wp","href":"https:\/\/api.w.org\/{rel}","templated":true}]}}