{"id":2135,"date":"2012-11-25T15:22:02","date_gmt":"2012-11-25T15:22:02","guid":{"rendered":"http:\/\/mediterrania.adgency.es\/atencion-al-cliente\/relacionado-con-su-compra-online\/el-embalaje-estaba-en-mal-estado\/"},"modified":"2014-06-13T12:54:45","modified_gmt":"2014-06-13T10:54:45","slug":"plazos-y-precios-entrega","status":"publish","type":"page","link":"https:\/\/editorialmediterrania.com\/es\/plazos-y-precios-entrega\/","title":{"rendered":"Plazos y precios de entrega"},"content":{"rendered":"<p>Es posible <strong>recoger el pedido en la editorial:<\/strong>\u00a0de lunes a jueves de 9 a 14 h y de 16 a 19 h, y viernes de 9h a 15h. Escoge esta opci\u00f3n en el formulario de pedido.<\/p>\n<p>Cuando se opta por el env\u00edo a domicilio, se a\u00f1ade este coste al precio total del pedido, que <strong>variar\u00e1<\/strong> seg\u00fan el peso y el destino del paquete:<\/p>\n<ul>\n<li>Env\u00edos nacionales hasta 1\/5 kg&#8230;..\u00a0 2 euros<\/li>\n<li>Env\u00edos a pa\u00edses de la Uni\u00f3n Europea hasta 1\/5&#8230;.. 6,10 euros<\/li>\n<li>Env\u00edos internacionales (excpeci\u00f3n pa\u00edses de la Uni\u00f3n Europea) hasta 1\/2&#8230;.. 9,6 euros<\/li>\n<\/ul>\n<p>En el pedido se adjunta la <strong>factura<\/strong> correspondiente, con IVA. En env\u00edos a pa\u00edses no comunitarios no se incluye el pago de impuestos, aranceles aduaneros u otros, que corren a cargo del comprador.<\/p>\n<p>Los <strong>plazos de entrega, en env\u00edos estatales, <\/strong>son de un m\u00e1ximo de <strong>siete d\u00edas laborables<\/strong>. Si pasado este tiempo el pedido no llega, contacta con nosotros.<\/p>\n","protected":false},"excerpt":{"rendered":"<p>Es posible recoger el pedido en la editorial:\u00a0de lunes a jueves de 9 a 14 h y de 16 a 19 h, y viernes de 9h a 15h. Escoge esta opci\u00f3n en el formulario de pedido. Cuando se opta por el env\u00edo a domicilio, se a\u00f1ade este coste al precio total del pedido, que variar\u00e1 [&hellip;]<\/p>\n","protected":false},"author":39,"featured_media":0,"parent":0,"menu_order":0,"comment_status":"closed","ping_status":"open","template":"","meta":{"footnotes":""},"class_list":["post-2135","page","type-page","status-publish","hentry"],"acf":[],"yoast_head":"<!-- This site is optimized with the Yoast SEO plugin v22.8 - https:\/\/yoast.com\/wordpress\/plugins\/seo\/ -->\n<title>Plazos y precios de env\u00edo de libros de Editorial Mediterr\u00e0nia<\/title>\n<meta name=\"description\" content=\"Plazos y precios de env\u00edo de los libros de Editorial Mediterr\u00e0nia\" \/>\n<meta name=\"robots\" content=\"index, follow, max-snippet:-1, max-image-preview:large, max-video-preview:-1\" \/>\n<link rel=\"canonical\" href=\"https:\/\/editorialmediterrania.com\/es\/plazos-y-precios-entrega\/\" \/>\n<meta property=\"og:locale\" content=\"es_ES\" \/>\n<meta property=\"og:type\" content=\"article\" \/>\n<meta property=\"og:title\" content=\"Plazos y precios de env\u00edo de libros de Editorial Mediterr\u00e0nia\" \/>\n<meta property=\"og:description\" content=\"Plazos y precios de env\u00edo de los libros de Editorial Mediterr\u00e0nia\" \/>\n<meta property=\"og:url\" content=\"https:\/\/editorialmediterrania.com\/es\/plazos-y-precios-entrega\/\" \/>\n<meta property=\"og:site_name\" content=\"Editorial Mediterr\u00e0nia\" \/>\n<meta property=\"article:modified_time\" content=\"2014-06-13T10:54:45+00:00\" \/>\n<meta property=\"og:image\" content=\"https:\/\/editorialmediterrania.com\/wp-content\/uploads\/2023\/03\/cropped-LOGO-ED_MEDITERRANIA_OK-2.png\" \/>\n\t<meta property=\"og:image:width\" content=\"512\" \/>\n\t<meta property=\"og:image:height\" content=\"512\" \/>\n\t<meta property=\"og:image:type\" content=\"image\/png\" \/>\n<meta name=\"twitter:card\" content=\"summary_large_image\" \/>\n<meta name=\"twitter:site\" content=\"@edmediterrania\" \/>\n<meta name=\"twitter:label1\" content=\"Tiempo de lectura\" \/>\n\t<meta name=\"twitter:data1\" content=\"1 minuto\" \/>\n<script type=\"application\/ld+json\" class=\"yoast-schema-graph\">{\"@context\":\"https:\/\/schema.org\",\"@graph\":[{\"@type\":\"WebPage\",\"@id\":\"https:\/\/editorialmediterrania.com\/es\/plazos-y-precios-entrega\/\",\"url\":\"https:\/\/editorialmediterrania.com\/es\/plazos-y-precios-entrega\/\",\"name\":\"Plazos y precios de env\u00edo de libros de Editorial Mediterr\u00e0nia\",\"isPartOf\":{\"@id\":\"https:\/\/editorialmediterrania.com\/es\/#website\"},\"datePublished\":\"2012-11-25T15:22:02+00:00\",\"dateModified\":\"2014-06-13T10:54:45+00:00\",\"description\":\"Plazos y precios de env\u00edo de los libros de Editorial Mediterr\u00e0nia\",\"inLanguage\":\"es\",\"potentialAction\":[{\"@type\":\"ReadAction\",\"target\":[\"https:\/\/editorialmediterrania.com\/es\/plazos-y-precios-entrega\/\"]}]},{\"@type\":\"WebSite\",\"@id\":\"https:\/\/editorialmediterrania.com\/es\/#website\",\"url\":\"https:\/\/editorialmediterrania.com\/es\/\",\"name\":\"Editorial Mediterrania\",\"description\":\"Llibres que t\u2019obriran nous mons\",\"publisher\":{\"@id\":\"https:\/\/editorialmediterrania.com\/es\/#organization\"},\"alternateName\":\"Llibres infantils d'art, cultura i natura\",\"potentialAction\":[{\"@type\":\"SearchAction\",\"target\":{\"@type\":\"EntryPoint\",\"urlTemplate\":\"https:\/\/editorialmediterrania.com\/es\/?s={search_term_string}\"},\"query-input\":\"required name=search_term_string\"}],\"inLanguage\":\"es\"},{\"@type\":\"Organization\",\"@id\":\"https:\/\/editorialmediterrania.com\/es\/#organization\",\"name\":\"Editorial Mediterrania\",\"alternateName\":\"Llibres d'art, cultura i natura per infants i fam\u00edlies\",\"url\":\"https:\/\/editorialmediterrania.com\/es\/\",\"logo\":{\"@type\":\"ImageObject\",\"inLanguage\":\"es\",\"@id\":\"https:\/\/editorialmediterrania.com\/es\/#\/schema\/logo\/image\/\",\"url\":\"https:\/\/editorialmediterrania.com\/wp-content\/uploads\/2023\/03\/LOGO-ED_MEDITERRANIA_OK-2.png\",\"contentUrl\":\"https:\/\/editorialmediterrania.com\/wp-content\/uploads\/2023\/03\/LOGO-ED_MEDITERRANIA_OK-2.png\",\"width\":1200,\"height\":300,\"caption\":\"Editorial Mediterrania\"},\"image\":{\"@id\":\"https:\/\/editorialmediterrania.com\/es\/#\/schema\/logo\/image\/\"},\"sameAs\":[\"https:\/\/x.com\/edmediterrania\",\"https:\/\/www.instagram.com\/editorialmediterrania\/\"]}]}<\/script>\n<!-- \/ Yoast SEO plugin. -->","yoast_head_json":{"title":"Plazos y precios de env\u00edo de libros de Editorial Mediterr\u00e0nia","description":"Plazos y precios de env\u00edo de los libros de Editorial Mediterr\u00e0nia","robots":{"index":"index","follow":"follow","max-snippet":"max-snippet:-1","max-image-preview":"max-image-preview:large","max-video-preview":"max-video-preview:-1"},"canonical":"https:\/\/editorialmediterrania.com\/es\/plazos-y-precios-entrega\/","og_locale":"es_ES","og_type":"article","og_title":"Plazos y precios de env\u00edo de libros de Editorial Mediterr\u00e0nia","og_description":"Plazos y precios de env\u00edo de los libros de Editorial Mediterr\u00e0nia","og_url":"https:\/\/editorialmediterrania.com\/es\/plazos-y-precios-entrega\/","og_site_name":"Editorial Mediterr\u00e0nia","article_modified_time":"2014-06-13T10:54:45+00:00","og_image":[{"width":512,"height":512,"url":"https:\/\/editorialmediterrania.com\/wp-content\/uploads\/2023\/03\/cropped-LOGO-ED_MEDITERRANIA_OK-2.png","type":"image\/png"}],"twitter_card":"summary_large_image","twitter_site":"@edmediterrania","twitter_misc":{"Tiempo de lectura":"1 minuto"},"schema":{"@context":"https:\/\/schema.org","@graph":[{"@type":"WebPage","@id":"https:\/\/editorialmediterrania.com\/es\/plazos-y-precios-entrega\/","url":"https:\/\/editorialmediterrania.com\/es\/plazos-y-precios-entrega\/","name":"Plazos y precios de env\u00edo de libros de Editorial Mediterr\u00e0nia","isPartOf":{"@id":"https:\/\/editorialmediterrania.com\/es\/#website"},"datePublished":"2012-11-25T15:22:02+00:00","dateModified":"2014-06-13T10:54:45+00:00","description":"Plazos y precios de env\u00edo de los libros de Editorial Mediterr\u00e0nia","inLanguage":"es","potentialAction":[{"@type":"ReadAction","target":["https:\/\/editorialmediterrania.com\/es\/plazos-y-precios-entrega\/"]}]},{"@type":"WebSite","@id":"https:\/\/editorialmediterrania.com\/es\/#website","url":"https:\/\/editorialmediterrania.com\/es\/","name":"Editorial Mediterrania","description":"Llibres que t\u2019obriran nous mons","publisher":{"@id":"https:\/\/editorialmediterrania.com\/es\/#organization"},"alternateName":"Llibres infantils d'art, cultura i natura","potentialAction":[{"@type":"SearchAction","target":{"@type":"EntryPoint","urlTemplate":"https:\/\/editorialmediterrania.com\/es\/?s={search_term_string}"},"query-input":"required name=search_term_string"}],"inLanguage":"es"},{"@type":"Organization","@id":"https:\/\/editorialmediterrania.com\/es\/#organization","name":"Editorial Mediterrania","alternateName":"Llibres d'art, cultura i natura per infants i fam\u00edlies","url":"https:\/\/editorialmediterrania.com\/es\/","logo":{"@type":"ImageObject","inLanguage":"es","@id":"https:\/\/editorialmediterrania.com\/es\/#\/schema\/logo\/image\/","url":"https:\/\/editorialmediterrania.com\/wp-content\/uploads\/2023\/03\/LOGO-ED_MEDITERRANIA_OK-2.png","contentUrl":"https:\/\/editorialmediterrania.com\/wp-content\/uploads\/2023\/03\/LOGO-ED_MEDITERRANIA_OK-2.png","width":1200,"height":300,"caption":"Editorial Mediterrania"},"image":{"@id":"https:\/\/editorialmediterrania.com\/es\/#\/schema\/logo\/image\/"},"sameAs":["https:\/\/x.com\/edmediterrania","https:\/\/www.instagram.com\/editorialmediterrania\/"]}]}},"_links":{"self":[{"href":"https:\/\/editorialmediterrania.com\/es\/wp-json\/wp\/v2\/pages\/2135","targetHints":{"allow":["GET"]}}],"collection":[{"href":"https:\/\/editorialmediterrania.com\/es\/wp-json\/wp\/v2\/pages"}],"about":[{"href":"https:\/\/editorialmediterrania.com\/es\/wp-json\/wp\/v2\/types\/page"}],"author":[{"embeddable":true,"href":"https:\/\/editorialmediterrania.com\/es\/wp-json\/wp\/v2\/users\/39"}],"replies":[{"embeddable":true,"href":"https:\/\/editorialmediterrania.com\/es\/wp-json\/wp\/v2\/comments?post=2135"}],"version-history":[{"count":0,"href":"https:\/\/editorialmediterrania.com\/es\/wp-json\/wp\/v2\/pages\/2135\/revisions"}],"wp:attachment":[{"href":"https:\/\/editorialmediterrania.com\/es\/wp-json\/wp\/v2\/media?parent=2135"}],"curies":[{"name":"wp","href":"https:\/\/api.w.org\/{rel}","templated":true}]}}