{"id":2137,"date":"2012-11-25T15:21:21","date_gmt":"2012-11-25T15:21:21","guid":{"rendered":"http:\/\/mediterrania.adgency.es\/atencion-al-cliente\/relacionado-con-su-compra-online\/mi-compra-no-me-llegado-o-no-era-correcta\/"},"modified":"2013-03-14T14:33:37","modified_gmt":"2013-03-14T13:33:37","slug":"mi-compra-no-me-llegado-o-no-era-correcta","status":"publish","type":"page","link":"https:\/\/editorialmediterrania.com\/es\/mi-compra-no-me-llegado-o-no-era-correcta\/","title":{"rendered":"Precios de los libros"},"content":{"rendered":"<div>\n<p>Los precios de los libros mostrados en la web <strong>incluyen el IVA<\/strong>: 4% para libros, 21% para el resto de art\u00edculos.<\/p>\n<p>En el caso de que <strong>un precio sea err\u00f3neo<\/strong> en la web, informaremos del precio real al comprador durante el proceso de su pedido, para que pueda continuar con \u00e9l o anularlo, sin ning\u00fan coste.<\/p>\n<p>Como sabes, por ley el libro tiene un precio fijo. En la web de Editorial Mediterr\u00e0nia encontrar\u00e1s <strong>constantes promociones<\/strong> de un m\u00e1ximo del 5% de descuento, el permitido por la ley. Te invitamos a <strong>seguir la web, <a title=\"facebook editorial mediterrania\" href=\"http:\/\/www.facebook.com\/EditorialMediterraniaCastellano\">facebook<\/a> y <a title=\"twitter editorial mediterrania\" href=\"http:\/\/twitter.com\/Mediterrania_es\">twitter<\/a><\/strong> para conocer nuestras promociones.<\/p>\n<\/div>\n","protected":false},"excerpt":{"rendered":"<p>Los precios de los libros mostrados en la web incluyen el IVA: 4% para libros, 21% para el resto de art\u00edculos. En el caso de que un precio sea err\u00f3neo en la web, informaremos del precio real al comprador durante el proceso de su pedido, para que pueda continuar con \u00e9l o anularlo, sin ning\u00fan [&hellip;]<\/p>\n","protected":false},"author":39,"featured_media":0,"parent":0,"menu_order":0,"comment_status":"closed","ping_status":"open","template":"","meta":{"footnotes":""},"class_list":["post-2137","page","type-page","status-publish","hentry"],"acf":[],"yoast_head":"<!-- This site is optimized with the Yoast SEO plugin v22.8 - https:\/\/yoast.com\/wordpress\/plugins\/seo\/ -->\n<title>Precios de los libros de Editorial Mediterr\u00e0nia<\/title>\n<meta name=\"description\" content=\"Precios de los libros de Editorial Mediterr\u00e0nia\" \/>\n<meta name=\"robots\" content=\"index, follow, max-snippet:-1, max-image-preview:large, max-video-preview:-1\" \/>\n<link rel=\"canonical\" href=\"https:\/\/editorialmediterrania.com\/es\/mi-compra-no-me-llegado-o-no-era-correcta\/\" \/>\n<meta property=\"og:locale\" content=\"es_ES\" \/>\n<meta property=\"og:type\" content=\"article\" \/>\n<meta property=\"og:title\" content=\"Precios de los libros de Editorial Mediterr\u00e0nia\" \/>\n<meta property=\"og:description\" content=\"Precios de los libros de Editorial Mediterr\u00e0nia\" \/>\n<meta property=\"og:url\" content=\"https:\/\/editorialmediterrania.com\/es\/mi-compra-no-me-llegado-o-no-era-correcta\/\" \/>\n<meta property=\"og:site_name\" content=\"Editorial Mediterr\u00e0nia\" \/>\n<meta property=\"article:modified_time\" content=\"2013-03-14T13:33:37+00:00\" \/>\n<meta property=\"og:image\" content=\"https:\/\/editorialmediterrania.com\/wp-content\/uploads\/2023\/03\/cropped-LOGO-ED_MEDITERRANIA_OK-2.png\" \/>\n\t<meta property=\"og:image:width\" content=\"512\" \/>\n\t<meta property=\"og:image:height\" content=\"512\" \/>\n\t<meta property=\"og:image:type\" content=\"image\/png\" \/>\n<meta name=\"twitter:card\" content=\"summary_large_image\" \/>\n<meta name=\"twitter:site\" content=\"@edmediterrania\" \/>\n<meta name=\"twitter:label1\" content=\"Tiempo de lectura\" \/>\n\t<meta name=\"twitter:data1\" content=\"1 minuto\" \/>\n<script type=\"application\/ld+json\" class=\"yoast-schema-graph\">{\"@context\":\"https:\/\/schema.org\",\"@graph\":[{\"@type\":\"WebPage\",\"@id\":\"https:\/\/editorialmediterrania.com\/es\/mi-compra-no-me-llegado-o-no-era-correcta\/\",\"url\":\"https:\/\/editorialmediterrania.com\/es\/mi-compra-no-me-llegado-o-no-era-correcta\/\",\"name\":\"Precios de los libros de Editorial Mediterr\u00e0nia\",\"isPartOf\":{\"@id\":\"https:\/\/editorialmediterrania.com\/es\/#website\"},\"datePublished\":\"2012-11-25T15:21:21+00:00\",\"dateModified\":\"2013-03-14T13:33:37+00:00\",\"description\":\"Precios de los libros de Editorial Mediterr\u00e0nia\",\"inLanguage\":\"es\",\"potentialAction\":[{\"@type\":\"ReadAction\",\"target\":[\"https:\/\/editorialmediterrania.com\/es\/mi-compra-no-me-llegado-o-no-era-correcta\/\"]}]},{\"@type\":\"WebSite\",\"@id\":\"https:\/\/editorialmediterrania.com\/es\/#website\",\"url\":\"https:\/\/editorialmediterrania.com\/es\/\",\"name\":\"Editorial Mediterrania\",\"description\":\"Llibres que t\u2019obriran nous mons\",\"publisher\":{\"@id\":\"https:\/\/editorialmediterrania.com\/es\/#organization\"},\"alternateName\":\"Llibres infantils d'art, cultura i natura\",\"potentialAction\":[{\"@type\":\"SearchAction\",\"target\":{\"@type\":\"EntryPoint\",\"urlTemplate\":\"https:\/\/editorialmediterrania.com\/es\/?s={search_term_string}\"},\"query-input\":\"required name=search_term_string\"}],\"inLanguage\":\"es\"},{\"@type\":\"Organization\",\"@id\":\"https:\/\/editorialmediterrania.com\/es\/#organization\",\"name\":\"Editorial Mediterrania\",\"alternateName\":\"Llibres d'art, cultura i natura per infants i fam\u00edlies\",\"url\":\"https:\/\/editorialmediterrania.com\/es\/\",\"logo\":{\"@type\":\"ImageObject\",\"inLanguage\":\"es\",\"@id\":\"https:\/\/editorialmediterrania.com\/es\/#\/schema\/logo\/image\/\",\"url\":\"https:\/\/editorialmediterrania.com\/wp-content\/uploads\/2023\/03\/LOGO-ED_MEDITERRANIA_OK-2.png\",\"contentUrl\":\"https:\/\/editorialmediterrania.com\/wp-content\/uploads\/2023\/03\/LOGO-ED_MEDITERRANIA_OK-2.png\",\"width\":1200,\"height\":300,\"caption\":\"Editorial Mediterrania\"},\"image\":{\"@id\":\"https:\/\/editorialmediterrania.com\/es\/#\/schema\/logo\/image\/\"},\"sameAs\":[\"https:\/\/x.com\/edmediterrania\",\"https:\/\/www.instagram.com\/editorialmediterrania\/\"]}]}<\/script>\n<!-- \/ Yoast SEO plugin. -->","yoast_head_json":{"title":"Precios de los libros de Editorial Mediterr\u00e0nia","description":"Precios de los libros de Editorial Mediterr\u00e0nia","robots":{"index":"index","follow":"follow","max-snippet":"max-snippet:-1","max-image-preview":"max-image-preview:large","max-video-preview":"max-video-preview:-1"},"canonical":"https:\/\/editorialmediterrania.com\/es\/mi-compra-no-me-llegado-o-no-era-correcta\/","og_locale":"es_ES","og_type":"article","og_title":"Precios de los libros de Editorial Mediterr\u00e0nia","og_description":"Precios de los libros de Editorial Mediterr\u00e0nia","og_url":"https:\/\/editorialmediterrania.com\/es\/mi-compra-no-me-llegado-o-no-era-correcta\/","og_site_name":"Editorial Mediterr\u00e0nia","article_modified_time":"2013-03-14T13:33:37+00:00","og_image":[{"width":512,"height":512,"url":"https:\/\/editorialmediterrania.com\/wp-content\/uploads\/2023\/03\/cropped-LOGO-ED_MEDITERRANIA_OK-2.png","type":"image\/png"}],"twitter_card":"summary_large_image","twitter_site":"@edmediterrania","twitter_misc":{"Tiempo de lectura":"1 minuto"},"schema":{"@context":"https:\/\/schema.org","@graph":[{"@type":"WebPage","@id":"https:\/\/editorialmediterrania.com\/es\/mi-compra-no-me-llegado-o-no-era-correcta\/","url":"https:\/\/editorialmediterrania.com\/es\/mi-compra-no-me-llegado-o-no-era-correcta\/","name":"Precios de los libros de Editorial Mediterr\u00e0nia","isPartOf":{"@id":"https:\/\/editorialmediterrania.com\/es\/#website"},"datePublished":"2012-11-25T15:21:21+00:00","dateModified":"2013-03-14T13:33:37+00:00","description":"Precios de los libros de Editorial Mediterr\u00e0nia","inLanguage":"es","potentialAction":[{"@type":"ReadAction","target":["https:\/\/editorialmediterrania.com\/es\/mi-compra-no-me-llegado-o-no-era-correcta\/"]}]},{"@type":"WebSite","@id":"https:\/\/editorialmediterrania.com\/es\/#website","url":"https:\/\/editorialmediterrania.com\/es\/","name":"Editorial Mediterrania","description":"Llibres que t\u2019obriran nous mons","publisher":{"@id":"https:\/\/editorialmediterrania.com\/es\/#organization"},"alternateName":"Llibres infantils d'art, cultura i natura","potentialAction":[{"@type":"SearchAction","target":{"@type":"EntryPoint","urlTemplate":"https:\/\/editorialmediterrania.com\/es\/?s={search_term_string}"},"query-input":"required name=search_term_string"}],"inLanguage":"es"},{"@type":"Organization","@id":"https:\/\/editorialmediterrania.com\/es\/#organization","name":"Editorial Mediterrania","alternateName":"Llibres d'art, cultura i natura per infants i fam\u00edlies","url":"https:\/\/editorialmediterrania.com\/es\/","logo":{"@type":"ImageObject","inLanguage":"es","@id":"https:\/\/editorialmediterrania.com\/es\/#\/schema\/logo\/image\/","url":"https:\/\/editorialmediterrania.com\/wp-content\/uploads\/2023\/03\/LOGO-ED_MEDITERRANIA_OK-2.png","contentUrl":"https:\/\/editorialmediterrania.com\/wp-content\/uploads\/2023\/03\/LOGO-ED_MEDITERRANIA_OK-2.png","width":1200,"height":300,"caption":"Editorial Mediterrania"},"image":{"@id":"https:\/\/editorialmediterrania.com\/es\/#\/schema\/logo\/image\/"},"sameAs":["https:\/\/x.com\/edmediterrania","https:\/\/www.instagram.com\/editorialmediterrania\/"]}]}},"_links":{"self":[{"href":"https:\/\/editorialmediterrania.com\/es\/wp-json\/wp\/v2\/pages\/2137","targetHints":{"allow":["GET"]}}],"collection":[{"href":"https:\/\/editorialmediterrania.com\/es\/wp-json\/wp\/v2\/pages"}],"about":[{"href":"https:\/\/editorialmediterrania.com\/es\/wp-json\/wp\/v2\/types\/page"}],"author":[{"embeddable":true,"href":"https:\/\/editorialmediterrania.com\/es\/wp-json\/wp\/v2\/users\/39"}],"replies":[{"embeddable":true,"href":"https:\/\/editorialmediterrania.com\/es\/wp-json\/wp\/v2\/comments?post=2137"}],"version-history":[{"count":0,"href":"https:\/\/editorialmediterrania.com\/es\/wp-json\/wp\/v2\/pages\/2137\/revisions"}],"wp:attachment":[{"href":"https:\/\/editorialmediterrania.com\/es\/wp-json\/wp\/v2\/media?parent=2137"}],"curies":[{"name":"wp","href":"https:\/\/api.w.org\/{rel}","templated":true}]}}