{"id":2139,"date":"2012-11-25T15:22:25","date_gmt":"2012-11-25T15:22:25","guid":{"rendered":"http:\/\/mediterrania.adgency.es\/atencion-al-cliente\/relacionado-con-su-compra-online\/plazos-de-entrega-y-gastos-de-envio\/"},"modified":"2013-03-21T19:23:12","modified_gmt":"2013-03-21T18:23:12","slug":"cancelaciones-y-devoluciones","status":"publish","type":"page","link":"https:\/\/editorialmediterrania.com\/es\/cancelaciones-y-devoluciones\/","title":{"rendered":"Cancelaciones y devoluciones"},"content":{"rendered":"<p>Los pedidos se pueden <strong>cancelar sin coste<\/strong> alguno hasta el momento en que el env\u00edo se hace efectivo. Si se recibe el aviso de cancelaci\u00f3n una vez el paquete est\u00e1 enviado, se considera una <strong>devoluci\u00f3n<\/strong>.<\/p>\n<p>Las devoluciones pueden hacerse hasta <strong>quince d\u00edas<\/strong> despu\u00e9s de haber recibido el producto, y los gastos de env\u00edo corren <strong>a cargo del cliente<\/strong>. El <strong>importe de la compra<\/strong> no se devuelve sino que puede utilizarse en otra compra. En el caso de que la devoluci\u00f3n se deba a un <strong>error de Editorial Mediterr\u00e0nia<\/strong> o a alg\u00fan <strong>defecto del producto<\/strong> enviado, nos comprometemos a <strong>cambiar el producto<\/strong> defectuoso por otro igual, asumiendo los gastos de devoluci\u00f3n y de env\u00edo. Si no se puede cambiar el libro, se reintegrar\u00e1 el importe.<strong><\/strong><\/p>\n","protected":false},"excerpt":{"rendered":"<p>Los pedidos se pueden cancelar sin coste alguno hasta el momento en que el env\u00edo se hace efectivo. Si se recibe el aviso de cancelaci\u00f3n una vez el paquete est\u00e1 enviado, se considera una devoluci\u00f3n. Las devoluciones pueden hacerse hasta quince d\u00edas despu\u00e9s de haber recibido el producto, y los gastos de env\u00edo corren a [&hellip;]<\/p>\n","protected":false},"author":39,"featured_media":0,"parent":0,"menu_order":0,"comment_status":"closed","ping_status":"open","template":"","meta":{"footnotes":""},"class_list":["post-2139","page","type-page","status-publish","hentry"],"acf":[],"yoast_head":"<!-- This site is optimized with the Yoast SEO plugin v22.8 - https:\/\/yoast.com\/wordpress\/plugins\/seo\/ -->\n<title>Cancelaciones y devoluciones en la compra de libros<\/title>\n<meta name=\"description\" content=\"Cancelaciones y devoluciones en la compra de libros de Editorial Mediterr\u00e0nia\" \/>\n<meta name=\"robots\" content=\"index, follow, max-snippet:-1, max-image-preview:large, max-video-preview:-1\" \/>\n<link rel=\"canonical\" href=\"https:\/\/editorialmediterrania.com\/es\/cancelaciones-y-devoluciones\/\" \/>\n<meta property=\"og:locale\" content=\"es_ES\" \/>\n<meta property=\"og:type\" content=\"article\" \/>\n<meta property=\"og:title\" content=\"Cancelaciones y devoluciones en la compra de libros\" \/>\n<meta property=\"og:description\" content=\"Cancelaciones y devoluciones en la compra de libros de Editorial Mediterr\u00e0nia\" \/>\n<meta property=\"og:url\" content=\"https:\/\/editorialmediterrania.com\/es\/cancelaciones-y-devoluciones\/\" \/>\n<meta property=\"og:site_name\" content=\"Editorial Mediterr\u00e0nia\" \/>\n<meta property=\"article:modified_time\" content=\"2013-03-21T18:23:12+00:00\" \/>\n<meta property=\"og:image\" content=\"https:\/\/editorialmediterrania.com\/wp-content\/uploads\/2023\/03\/cropped-LOGO-ED_MEDITERRANIA_OK-2.png\" \/>\n\t<meta property=\"og:image:width\" content=\"512\" \/>\n\t<meta property=\"og:image:height\" content=\"512\" \/>\n\t<meta property=\"og:image:type\" content=\"image\/png\" \/>\n<meta name=\"twitter:card\" content=\"summary_large_image\" \/>\n<meta name=\"twitter:site\" content=\"@edmediterrania\" \/>\n<meta name=\"twitter:label1\" content=\"Tiempo de lectura\" \/>\n\t<meta name=\"twitter:data1\" content=\"1 minuto\" \/>\n<script type=\"application\/ld+json\" class=\"yoast-schema-graph\">{\"@context\":\"https:\/\/schema.org\",\"@graph\":[{\"@type\":\"WebPage\",\"@id\":\"https:\/\/editorialmediterrania.com\/es\/cancelaciones-y-devoluciones\/\",\"url\":\"https:\/\/editorialmediterrania.com\/es\/cancelaciones-y-devoluciones\/\",\"name\":\"Cancelaciones y devoluciones en la compra de libros\",\"isPartOf\":{\"@id\":\"https:\/\/editorialmediterrania.com\/es\/#website\"},\"datePublished\":\"2012-11-25T15:22:25+00:00\",\"dateModified\":\"2013-03-21T18:23:12+00:00\",\"description\":\"Cancelaciones y devoluciones en la compra de libros de Editorial Mediterr\u00e0nia\",\"inLanguage\":\"es\",\"potentialAction\":[{\"@type\":\"ReadAction\",\"target\":[\"https:\/\/editorialmediterrania.com\/es\/cancelaciones-y-devoluciones\/\"]}]},{\"@type\":\"WebSite\",\"@id\":\"https:\/\/editorialmediterrania.com\/es\/#website\",\"url\":\"https:\/\/editorialmediterrania.com\/es\/\",\"name\":\"Editorial Mediterrania\",\"description\":\"Llibres que t\u2019obriran nous mons\",\"publisher\":{\"@id\":\"https:\/\/editorialmediterrania.com\/es\/#organization\"},\"alternateName\":\"Llibres infantils d'art, cultura i natura\",\"potentialAction\":[{\"@type\":\"SearchAction\",\"target\":{\"@type\":\"EntryPoint\",\"urlTemplate\":\"https:\/\/editorialmediterrania.com\/es\/?s={search_term_string}\"},\"query-input\":\"required name=search_term_string\"}],\"inLanguage\":\"es\"},{\"@type\":\"Organization\",\"@id\":\"https:\/\/editorialmediterrania.com\/es\/#organization\",\"name\":\"Editorial Mediterrania\",\"alternateName\":\"Llibres d'art, cultura i natura per infants i fam\u00edlies\",\"url\":\"https:\/\/editorialmediterrania.com\/es\/\",\"logo\":{\"@type\":\"ImageObject\",\"inLanguage\":\"es\",\"@id\":\"https:\/\/editorialmediterrania.com\/es\/#\/schema\/logo\/image\/\",\"url\":\"https:\/\/editorialmediterrania.com\/wp-content\/uploads\/2023\/03\/LOGO-ED_MEDITERRANIA_OK-2.png\",\"contentUrl\":\"https:\/\/editorialmediterrania.com\/wp-content\/uploads\/2023\/03\/LOGO-ED_MEDITERRANIA_OK-2.png\",\"width\":1200,\"height\":300,\"caption\":\"Editorial Mediterrania\"},\"image\":{\"@id\":\"https:\/\/editorialmediterrania.com\/es\/#\/schema\/logo\/image\/\"},\"sameAs\":[\"https:\/\/x.com\/edmediterrania\",\"https:\/\/www.instagram.com\/editorialmediterrania\/\"]}]}<\/script>\n<!-- \/ Yoast SEO plugin. -->","yoast_head_json":{"title":"Cancelaciones y devoluciones en la compra de libros","description":"Cancelaciones y devoluciones en la compra de libros de Editorial Mediterr\u00e0nia","robots":{"index":"index","follow":"follow","max-snippet":"max-snippet:-1","max-image-preview":"max-image-preview:large","max-video-preview":"max-video-preview:-1"},"canonical":"https:\/\/editorialmediterrania.com\/es\/cancelaciones-y-devoluciones\/","og_locale":"es_ES","og_type":"article","og_title":"Cancelaciones y devoluciones en la compra de libros","og_description":"Cancelaciones y devoluciones en la compra de libros de Editorial Mediterr\u00e0nia","og_url":"https:\/\/editorialmediterrania.com\/es\/cancelaciones-y-devoluciones\/","og_site_name":"Editorial Mediterr\u00e0nia","article_modified_time":"2013-03-21T18:23:12+00:00","og_image":[{"width":512,"height":512,"url":"https:\/\/editorialmediterrania.com\/wp-content\/uploads\/2023\/03\/cropped-LOGO-ED_MEDITERRANIA_OK-2.png","type":"image\/png"}],"twitter_card":"summary_large_image","twitter_site":"@edmediterrania","twitter_misc":{"Tiempo de lectura":"1 minuto"},"schema":{"@context":"https:\/\/schema.org","@graph":[{"@type":"WebPage","@id":"https:\/\/editorialmediterrania.com\/es\/cancelaciones-y-devoluciones\/","url":"https:\/\/editorialmediterrania.com\/es\/cancelaciones-y-devoluciones\/","name":"Cancelaciones y devoluciones en la compra de libros","isPartOf":{"@id":"https:\/\/editorialmediterrania.com\/es\/#website"},"datePublished":"2012-11-25T15:22:25+00:00","dateModified":"2013-03-21T18:23:12+00:00","description":"Cancelaciones y devoluciones en la compra de libros de Editorial Mediterr\u00e0nia","inLanguage":"es","potentialAction":[{"@type":"ReadAction","target":["https:\/\/editorialmediterrania.com\/es\/cancelaciones-y-devoluciones\/"]}]},{"@type":"WebSite","@id":"https:\/\/editorialmediterrania.com\/es\/#website","url":"https:\/\/editorialmediterrania.com\/es\/","name":"Editorial Mediterrania","description":"Llibres que t\u2019obriran nous mons","publisher":{"@id":"https:\/\/editorialmediterrania.com\/es\/#organization"},"alternateName":"Llibres infantils d'art, cultura i natura","potentialAction":[{"@type":"SearchAction","target":{"@type":"EntryPoint","urlTemplate":"https:\/\/editorialmediterrania.com\/es\/?s={search_term_string}"},"query-input":"required name=search_term_string"}],"inLanguage":"es"},{"@type":"Organization","@id":"https:\/\/editorialmediterrania.com\/es\/#organization","name":"Editorial Mediterrania","alternateName":"Llibres d'art, cultura i natura per infants i fam\u00edlies","url":"https:\/\/editorialmediterrania.com\/es\/","logo":{"@type":"ImageObject","inLanguage":"es","@id":"https:\/\/editorialmediterrania.com\/es\/#\/schema\/logo\/image\/","url":"https:\/\/editorialmediterrania.com\/wp-content\/uploads\/2023\/03\/LOGO-ED_MEDITERRANIA_OK-2.png","contentUrl":"https:\/\/editorialmediterrania.com\/wp-content\/uploads\/2023\/03\/LOGO-ED_MEDITERRANIA_OK-2.png","width":1200,"height":300,"caption":"Editorial Mediterrania"},"image":{"@id":"https:\/\/editorialmediterrania.com\/es\/#\/schema\/logo\/image\/"},"sameAs":["https:\/\/x.com\/edmediterrania","https:\/\/www.instagram.com\/editorialmediterrania\/"]}]}},"_links":{"self":[{"href":"https:\/\/editorialmediterrania.com\/es\/wp-json\/wp\/v2\/pages\/2139","targetHints":{"allow":["GET"]}}],"collection":[{"href":"https:\/\/editorialmediterrania.com\/es\/wp-json\/wp\/v2\/pages"}],"about":[{"href":"https:\/\/editorialmediterrania.com\/es\/wp-json\/wp\/v2\/types\/page"}],"author":[{"embeddable":true,"href":"https:\/\/editorialmediterrania.com\/es\/wp-json\/wp\/v2\/users\/39"}],"replies":[{"embeddable":true,"href":"https:\/\/editorialmediterrania.com\/es\/wp-json\/wp\/v2\/comments?post=2139"}],"version-history":[{"count":0,"href":"https:\/\/editorialmediterrania.com\/es\/wp-json\/wp\/v2\/pages\/2139\/revisions"}],"wp:attachment":[{"href":"https:\/\/editorialmediterrania.com\/es\/wp-json\/wp\/v2\/media?parent=2139"}],"curies":[{"name":"wp","href":"https:\/\/api.w.org\/{rel}","templated":true}]}}