{"id":2173,"date":"2012-12-18T09:09:53","date_gmt":"2012-12-18T08:09:53","guid":{"rendered":"http:\/\/mediterrania.adgency.es\/premio-pilarin-bayes\/pilarin-bayes-archivo-5\/"},"modified":"2015-12-18T19:04:22","modified_gmt":"2015-12-18T18:04:22","slug":"pilarin-bayes-2008","status":"publish","type":"page","link":"https:\/\/editorialmediterrania.com\/es\/premio-pilarin-bayes\/pilarin-bayes-2008\/","title":{"rendered":"Premio Pilar\u00edn Bay\u00e9s 2008"},"content":{"rendered":"<h2 style=\"text-align: justify;\">El agua<\/h2>\n<h2 style=\"text-align: justify;\">5\u00aa edici\u00f3n (2008)<\/h2>\n<p style=\"text-align: justify;\">Se recibieron <strong>1.728 cuentos<\/strong> de <strong>121 escuelas<\/strong> catalanas con motivo del a\u00f1o internacional del agua.<\/p>\n<p style=\"text-align: justify;\">El 23 d\u2019abril emitimos la resoluci\u00f3n de los premiados en el programa El mat\u00ed de Catalunya R\u00e0dio en el plat\u00f3 que la emisora ten\u00eda en plaza Catalu\u00f1a. Fue un hecho muy emocionante que delante del plat\u00f3 hab\u00eda una escuela escuchando c\u00f3mo emit\u00edamos el veredicto y, que para sorpresa de todos, \u00a1result\u00f3 ser una de las ganadoras! Ese momento se comparti\u00f3 en una fiesta llena de gritos, abrazos, saltos y l\u00e1grimas de alegr\u00eda.<\/p>\n<p style=\"text-align: justify;\">El acto de entrega de premios se celebr\u00f3 en el Auditori de Cornell\u00e0, porque cont\u00e1bamos con la colaboraci\u00f3n de la Fundaci\u00f3 del Museu Agbar, y ofrecieron a las escuelas participantes una visita gratuita al museo. El encargado de la ceremonia fue el Mag Lari, con el que disfrutamos grandes y peque\u00f1os.<\/p>\n<p style=\"text-align: justify;\">El libro con los cuentos ganadores editados, <a href=\"http:\/\/editorialmediterrania.com\/product\/contes-daigua\/\"><strong><i>Contes d\u2019aigua<\/i><\/strong><\/a>, se repartieron al final de la fiesta.<\/p>\n<p style=\"text-align: justify;\">Los cuentos premiados fueron:<\/p>\n<p style=\"text-align: justify;\"><b>-Ciclo inicial:<\/b><\/p>\n<ul style=\"text-align: justify;\">\n<li><b>L\u2019onada m\u00e0gica<\/b> con el pseud\u00f3nimo Gats i gossos, del CEIP Mart\u00ed Poch, de l\u2019Espluga de Francol\u00ed.<\/li>\n<li><b>La gota poruga<\/b>\u00a0con el pseud\u00f3nimo Joanets, de la Instituci\u00f3n Montserrat, de Barcelona.<\/li>\n<li><b>La font m\u00e0gica<\/b>\u00a0con el pseud\u00f3nimo L\u2019avetosa, del CEIP Font d\u2019en Fargas, de Barcelona.<\/li>\n<li><b>El secret de les gotes<\/b>\u00a0con el pseud\u00f3nimo Aigua clara, del CEIP El Canig\u00f3, de Sant Just Desvern.<\/li>\n<li><b>La Berta i l\u2019aigua<\/b>\u00a0con el pseud\u00f3nimo L\u2019univers, del CEIP Maria Oss\u00f3, de Sitges.<\/li>\n<\/ul>\n<p>&nbsp;<\/p>\n<p style=\"text-align: justify;\"><b>-Ciclo medio:<\/b><\/p>\n<ul style=\"text-align: justify;\">\n<li><b>Abans, d\u2019on es treia l\u2019aigua?<\/b>\u00a0con el pseud\u00f3nimo Hay Lin, de la escuela Claret, de Sabadell.<\/li>\n<li><b>La meva hist\u00f2ria <\/b>con el pseud\u00f3nimo\u00a0Argent\u00ed, de la escuela Claret, de Sabadell.<\/li>\n<li><b>La gota viatgera<\/b>\u00a0con el pseud\u00f3nimo Mar, del CEIP 3 d\u2019Abril, de M\u00f3ra la Nova.<\/li>\n<li><b>La gota de vidre<\/b>\u00a0con el pseud\u00f3nimo Pantera Rosa, de la escuela Mare de D\u00e9u del Lled\u00f3, de Valls.<\/li>\n<li><b>El m\u00f3n m\u00e0gic de les aig\u00fces<\/b>\u00a0con el pseud\u00f3nimo Nick, de la escuela Cultura Pr\u00e0ctica, de Terrassa.<\/li>\n<\/ul>\n<p>&nbsp;<\/p>\n<p style=\"text-align: justify;\"><b>-Ciclo superior:<\/b><\/p>\n<ul>\n<li style=\"text-align: justify;\"><b>El cam\u00ed de l\u2019aigua<\/b>\u00a0con el pseud\u00f3nimo Rojagem, del CEIP P\u00e0mies, de Ginestar.<\/li>\n<li style=\"text-align: justify;\"><b>La carta d\u2019en Hamava<\/b>\u00a0con el pseud\u00f3nimo Hola papa i mama, del CEIP Maci\u00e0-Companys, d\u2019Agramunt.<\/li>\n<li style=\"text-align: justify;\"><b>Goti <\/b>con el pseud\u00f3nimo\u00a0Kiss, de la escuela Mare de D\u00e9u del Roser, de Barcelona.<\/li>\n<li style=\"text-align: justify;\"><b>Una vida amb l\u2019aigua<\/b>\u00a0con el pseud\u00f3nimo Pa amb vi i sucre, del CEIP Els Raiers, de La Pobla de Segur.<\/li>\n<li style=\"text-align: justify;\"><b>La senyora de la muntanya<\/b>\u00a0con el pseud\u00f3nimo\u00a0Arual, del CEIP Pr\u00e0ctiques, de Tarragona.<\/li>\n<\/ul>\n","protected":false},"excerpt":{"rendered":"<p>El agua 5\u00aa edici\u00f3n (2008) Se recibieron 1.728 cuentos de 121 escuelas catalanas con motivo del a\u00f1o internacional del agua. El 23 d\u2019abril emitimos la resoluci\u00f3n de los premiados en el programa El mat\u00ed de Catalunya R\u00e0dio en el plat\u00f3 que la emisora ten\u00eda en plaza Catalu\u00f1a. Fue un hecho muy emocionante que delante del [&hellip;]<\/p>\n","protected":false},"author":39,"featured_media":0,"parent":1690,"menu_order":0,"comment_status":"closed","ping_status":"open","template":"dms-templates\/dms-premi-pilarin.php","meta":{"footnotes":""},"class_list":["post-2173","page","type-page","status-publish","hentry"],"acf":[],"yoast_head":"<!-- This site is optimized with the Yoast SEO plugin v22.8 - https:\/\/yoast.com\/wordpress\/plugins\/seo\/ -->\n<title>Premio Pilar\u00edn Bay\u00e9s 2008 - Editorial Mediterr\u00e0nia<\/title>\n<meta name=\"description\" content=\"Descobreix un m\u00f3n de meravelles a trav\u00e9s dels llibres de la nostra editorial especialitzada en art, cultura i natura per a fam\u00edlies. Amb il\u00b7lustracions fascinants i hist\u00f2ries enriquidores, inspirem el descobriment i la curiositat en petits i grans, connectant-los amb el patrimoni cultural i el meravell\u00f3s m\u00f3n natural que ens envolta\" \/>\n<meta name=\"robots\" content=\"index, follow, max-snippet:-1, max-image-preview:large, max-video-preview:-1\" \/>\n<link rel=\"canonical\" href=\"https:\/\/editorialmediterrania.com\/es\/premio-pilarin-bayes\/pilarin-bayes-2008\/\" \/>\n<meta property=\"og:locale\" content=\"es_ES\" \/>\n<meta property=\"og:type\" content=\"article\" \/>\n<meta property=\"og:title\" content=\"Premio Pilar\u00edn Bay\u00e9s 2008 - Editorial Mediterr\u00e0nia\" \/>\n<meta property=\"og:description\" content=\"Descobreix un m\u00f3n de meravelles a trav\u00e9s dels llibres de la nostra editorial especialitzada en art, cultura i natura per a fam\u00edlies. Amb il\u00b7lustracions fascinants i hist\u00f2ries enriquidores, inspirem el descobriment i la curiositat en petits i grans, connectant-los amb el patrimoni cultural i el meravell\u00f3s m\u00f3n natural que ens envolta\" \/>\n<meta property=\"og:url\" content=\"https:\/\/editorialmediterrania.com\/es\/premio-pilarin-bayes\/pilarin-bayes-2008\/\" \/>\n<meta property=\"og:site_name\" content=\"Editorial Mediterr\u00e0nia\" \/>\n<meta property=\"article:modified_time\" content=\"2015-12-18T18:04:22+00:00\" \/>\n<meta property=\"og:image\" content=\"https:\/\/editorialmediterrania.com\/wp-content\/uploads\/2023\/03\/cropped-LOGO-ED_MEDITERRANIA_OK-2.png\" \/>\n\t<meta property=\"og:image:width\" content=\"512\" \/>\n\t<meta property=\"og:image:height\" content=\"512\" \/>\n\t<meta property=\"og:image:type\" content=\"image\/png\" \/>\n<meta name=\"twitter:card\" content=\"summary_large_image\" \/>\n<meta name=\"twitter:site\" content=\"@edmediterrania\" \/>\n<meta name=\"twitter:label1\" content=\"Tiempo de lectura\" \/>\n\t<meta name=\"twitter:data1\" content=\"2 minutos\" \/>\n<script type=\"application\/ld+json\" class=\"yoast-schema-graph\">{\"@context\":\"https:\/\/schema.org\",\"@graph\":[{\"@type\":\"WebPage\",\"@id\":\"https:\/\/editorialmediterrania.com\/es\/premio-pilarin-bayes\/pilarin-bayes-2008\/\",\"url\":\"https:\/\/editorialmediterrania.com\/es\/premio-pilarin-bayes\/pilarin-bayes-2008\/\",\"name\":\"Premio Pilar\u00edn Bay\u00e9s 2008 - Editorial Mediterr\u00e0nia\",\"isPartOf\":{\"@id\":\"https:\/\/editorialmediterrania.com\/es\/#website\"},\"datePublished\":\"2012-12-18T08:09:53+00:00\",\"dateModified\":\"2015-12-18T18:04:22+00:00\",\"description\":\"Descobreix un m\u00f3n de meravelles a trav\u00e9s dels llibres de la nostra editorial especialitzada en art, cultura i natura per a fam\u00edlies. Amb il\u00b7lustracions fascinants i hist\u00f2ries enriquidores, inspirem el descobriment i la curiositat en petits i grans, connectant-los amb el patrimoni cultural i el meravell\u00f3s m\u00f3n natural que ens envolta\",\"breadcrumb\":{\"@id\":\"https:\/\/editorialmediterrania.com\/es\/premio-pilarin-bayes\/pilarin-bayes-2008\/#breadcrumb\"},\"inLanguage\":\"es\",\"potentialAction\":[{\"@type\":\"ReadAction\",\"target\":[\"https:\/\/editorialmediterrania.com\/es\/premio-pilarin-bayes\/pilarin-bayes-2008\/\"]}]},{\"@type\":\"BreadcrumbList\",\"@id\":\"https:\/\/editorialmediterrania.com\/es\/premio-pilarin-bayes\/pilarin-bayes-2008\/#breadcrumb\",\"itemListElement\":[{\"@type\":\"ListItem\",\"position\":1,\"name\":\"Premio Pilar\u00edn Bay\u00e9s\",\"item\":\"https:\/\/editorialmediterrania.com\/es\/premi-pilarin-bayes\/\"},{\"@type\":\"ListItem\",\"position\":2,\"name\":\"Premio Pilar\u00edn Bay\u00e9s 2008\"}]},{\"@type\":\"WebSite\",\"@id\":\"https:\/\/editorialmediterrania.com\/es\/#website\",\"url\":\"https:\/\/editorialmediterrania.com\/es\/\",\"name\":\"Editorial Mediterrania\",\"description\":\"Llibres que t\u2019obriran nous mons\",\"publisher\":{\"@id\":\"https:\/\/editorialmediterrania.com\/es\/#organization\"},\"alternateName\":\"Llibres infantils d'art, cultura i natura\",\"potentialAction\":[{\"@type\":\"SearchAction\",\"target\":{\"@type\":\"EntryPoint\",\"urlTemplate\":\"https:\/\/editorialmediterrania.com\/es\/?s={search_term_string}\"},\"query-input\":\"required name=search_term_string\"}],\"inLanguage\":\"es\"},{\"@type\":\"Organization\",\"@id\":\"https:\/\/editorialmediterrania.com\/es\/#organization\",\"name\":\"Editorial Mediterrania\",\"alternateName\":\"Llibres d'art, cultura i natura per infants i fam\u00edlies\",\"url\":\"https:\/\/editorialmediterrania.com\/es\/\",\"logo\":{\"@type\":\"ImageObject\",\"inLanguage\":\"es\",\"@id\":\"https:\/\/editorialmediterrania.com\/es\/#\/schema\/logo\/image\/\",\"url\":\"https:\/\/editorialmediterrania.com\/wp-content\/uploads\/2023\/03\/LOGO-ED_MEDITERRANIA_OK-2.png\",\"contentUrl\":\"https:\/\/editorialmediterrania.com\/wp-content\/uploads\/2023\/03\/LOGO-ED_MEDITERRANIA_OK-2.png\",\"width\":1200,\"height\":300,\"caption\":\"Editorial Mediterrania\"},\"image\":{\"@id\":\"https:\/\/editorialmediterrania.com\/es\/#\/schema\/logo\/image\/\"},\"sameAs\":[\"https:\/\/x.com\/edmediterrania\",\"https:\/\/www.instagram.com\/editorialmediterrania\/\"]}]}<\/script>\n<!-- \/ Yoast SEO plugin. -->","yoast_head_json":{"title":"Premio Pilar\u00edn Bay\u00e9s 2008 - Editorial Mediterr\u00e0nia","description":"Descobreix un m\u00f3n de meravelles a trav\u00e9s dels llibres de la nostra editorial especialitzada en art, cultura i natura per a fam\u00edlies. Amb il\u00b7lustracions fascinants i hist\u00f2ries enriquidores, inspirem el descobriment i la curiositat en petits i grans, connectant-los amb el patrimoni cultural i el meravell\u00f3s m\u00f3n natural que ens envolta","robots":{"index":"index","follow":"follow","max-snippet":"max-snippet:-1","max-image-preview":"max-image-preview:large","max-video-preview":"max-video-preview:-1"},"canonical":"https:\/\/editorialmediterrania.com\/es\/premio-pilarin-bayes\/pilarin-bayes-2008\/","og_locale":"es_ES","og_type":"article","og_title":"Premio Pilar\u00edn Bay\u00e9s 2008 - Editorial Mediterr\u00e0nia","og_description":"Descobreix un m\u00f3n de meravelles a trav\u00e9s dels llibres de la nostra editorial especialitzada en art, cultura i natura per a fam\u00edlies. Amb il\u00b7lustracions fascinants i hist\u00f2ries enriquidores, inspirem el descobriment i la curiositat en petits i grans, connectant-los amb el patrimoni cultural i el meravell\u00f3s m\u00f3n natural que ens envolta","og_url":"https:\/\/editorialmediterrania.com\/es\/premio-pilarin-bayes\/pilarin-bayes-2008\/","og_site_name":"Editorial Mediterr\u00e0nia","article_modified_time":"2015-12-18T18:04:22+00:00","og_image":[{"width":512,"height":512,"url":"https:\/\/editorialmediterrania.com\/wp-content\/uploads\/2023\/03\/cropped-LOGO-ED_MEDITERRANIA_OK-2.png","type":"image\/png"}],"twitter_card":"summary_large_image","twitter_site":"@edmediterrania","twitter_misc":{"Tiempo de lectura":"2 minutos"},"schema":{"@context":"https:\/\/schema.org","@graph":[{"@type":"WebPage","@id":"https:\/\/editorialmediterrania.com\/es\/premio-pilarin-bayes\/pilarin-bayes-2008\/","url":"https:\/\/editorialmediterrania.com\/es\/premio-pilarin-bayes\/pilarin-bayes-2008\/","name":"Premio Pilar\u00edn Bay\u00e9s 2008 - Editorial Mediterr\u00e0nia","isPartOf":{"@id":"https:\/\/editorialmediterrania.com\/es\/#website"},"datePublished":"2012-12-18T08:09:53+00:00","dateModified":"2015-12-18T18:04:22+00:00","description":"Descobreix un m\u00f3n de meravelles a trav\u00e9s dels llibres de la nostra editorial especialitzada en art, cultura i natura per a fam\u00edlies. Amb il\u00b7lustracions fascinants i hist\u00f2ries enriquidores, inspirem el descobriment i la curiositat en petits i grans, connectant-los amb el patrimoni cultural i el meravell\u00f3s m\u00f3n natural que ens envolta","breadcrumb":{"@id":"https:\/\/editorialmediterrania.com\/es\/premio-pilarin-bayes\/pilarin-bayes-2008\/#breadcrumb"},"inLanguage":"es","potentialAction":[{"@type":"ReadAction","target":["https:\/\/editorialmediterrania.com\/es\/premio-pilarin-bayes\/pilarin-bayes-2008\/"]}]},{"@type":"BreadcrumbList","@id":"https:\/\/editorialmediterrania.com\/es\/premio-pilarin-bayes\/pilarin-bayes-2008\/#breadcrumb","itemListElement":[{"@type":"ListItem","position":1,"name":"Premio Pilar\u00edn Bay\u00e9s","item":"https:\/\/editorialmediterrania.com\/es\/premi-pilarin-bayes\/"},{"@type":"ListItem","position":2,"name":"Premio Pilar\u00edn Bay\u00e9s 2008"}]},{"@type":"WebSite","@id":"https:\/\/editorialmediterrania.com\/es\/#website","url":"https:\/\/editorialmediterrania.com\/es\/","name":"Editorial Mediterrania","description":"Llibres que t\u2019obriran nous mons","publisher":{"@id":"https:\/\/editorialmediterrania.com\/es\/#organization"},"alternateName":"Llibres infantils d'art, cultura i natura","potentialAction":[{"@type":"SearchAction","target":{"@type":"EntryPoint","urlTemplate":"https:\/\/editorialmediterrania.com\/es\/?s={search_term_string}"},"query-input":"required name=search_term_string"}],"inLanguage":"es"},{"@type":"Organization","@id":"https:\/\/editorialmediterrania.com\/es\/#organization","name":"Editorial Mediterrania","alternateName":"Llibres d'art, cultura i natura per infants i fam\u00edlies","url":"https:\/\/editorialmediterrania.com\/es\/","logo":{"@type":"ImageObject","inLanguage":"es","@id":"https:\/\/editorialmediterrania.com\/es\/#\/schema\/logo\/image\/","url":"https:\/\/editorialmediterrania.com\/wp-content\/uploads\/2023\/03\/LOGO-ED_MEDITERRANIA_OK-2.png","contentUrl":"https:\/\/editorialmediterrania.com\/wp-content\/uploads\/2023\/03\/LOGO-ED_MEDITERRANIA_OK-2.png","width":1200,"height":300,"caption":"Editorial Mediterrania"},"image":{"@id":"https:\/\/editorialmediterrania.com\/es\/#\/schema\/logo\/image\/"},"sameAs":["https:\/\/x.com\/edmediterrania","https:\/\/www.instagram.com\/editorialmediterrania\/"]}]}},"_links":{"self":[{"href":"https:\/\/editorialmediterrania.com\/es\/wp-json\/wp\/v2\/pages\/2173","targetHints":{"allow":["GET"]}}],"collection":[{"href":"https:\/\/editorialmediterrania.com\/es\/wp-json\/wp\/v2\/pages"}],"about":[{"href":"https:\/\/editorialmediterrania.com\/es\/wp-json\/wp\/v2\/types\/page"}],"author":[{"embeddable":true,"href":"https:\/\/editorialmediterrania.com\/es\/wp-json\/wp\/v2\/users\/39"}],"replies":[{"embeddable":true,"href":"https:\/\/editorialmediterrania.com\/es\/wp-json\/wp\/v2\/comments?post=2173"}],"version-history":[{"count":0,"href":"https:\/\/editorialmediterrania.com\/es\/wp-json\/wp\/v2\/pages\/2173\/revisions"}],"up":[{"embeddable":true,"href":"https:\/\/editorialmediterrania.com\/es\/wp-json\/wp\/v2\/pages\/1690"}],"wp:attachment":[{"href":"https:\/\/editorialmediterrania.com\/es\/wp-json\/wp\/v2\/media?parent=2173"}],"curies":[{"name":"wp","href":"https:\/\/api.w.org\/{rel}","templated":true}]}}