{"id":2208,"date":"2012-11-25T21:11:05","date_gmt":"2012-11-25T21:11:05","guid":{"rendered":"http:\/\/mediterrania.adgency.es\/informacio-legal-2\/"},"modified":"2018-07-02T17:59:32","modified_gmt":"2018-07-02T15:59:32","slug":"aviso-legal","status":"publish","type":"page","link":"https:\/\/editorialmediterrania.com\/es\/aviso-legal\/","title":{"rendered":"Aviso legal"},"content":{"rendered":"<p><strong>1. Informaci\u00f3n general<\/strong><\/p>\n<p>El titular de la p\u00e1gina web es Editorial Mediterr\u00e0nia, S.L., con domicilio social en Barcelona, C\/ Casp, 63, ppal, 2\u00aa, CP 08010, con el CIF B08667230, e inscrita en el Registro Mercantil de Barcelona, al tomo 25.246, folio 202, hoja n\u00famero B-85.582, inscripci\u00f3n 7\u00aa (en adelante, \u201cEditorial Mediterr\u00e0nia\u201d).<\/p>\n<p>Puedes ponerte en contacto con nosotros por medio de nuestro correo electr\u00f3nico editorial@editorialmediterrania.com o del tel\u00e9fono [+34] 932183458. Nuestro horario de atenci\u00f3n al cliente es de lunes a jueves de 8:30 a 14:30 y de 15:30 a 18 horas, y viernes de 8:30 a 15 horas.<\/p>\n<p><strong>2. Aviso Legal<\/strong><\/p>\n<p>Por la navegaci\u00f3n por la p\u00e1gina web (en adelante, la \u00abP\u00e1gina Web\u00bb), adquieres la condici\u00f3n de usuario (en adelante, el \u00abUsuario\u00bb) y aceptas sin reservas de ninguna clase todos los t\u00e9rminos del presente Aviso.<\/p>\n<p>No seremos responsables, ni indirecta ni subsidiariamente de los da\u00f1os y perjuicios de cualquier naturaleza derivadas del uso de la P\u00e1gina Web que sea contrario a lo establecido en este Aviso Legal y en la Pol\u00edtica de Privacidad.<\/p>\n<p>Podremos en todo momento y sin previo aviso modificar el presente Aviso Legal, as\u00ed como la Pol\u00edtica de Privacidad mediante la publicaci\u00f3n de dichas modificaciones en la P\u00e1gina Web con el fin de que puedan ser conocidas por ti.<\/p>\n<p><strong>3. Derechos de Propiedad Intelectual e Industrial<\/strong><\/p>\n<p>La P\u00e1gina Web, incluyendo a t\u00edtulo enunciativo pero no limitativo su programaci\u00f3n, edici\u00f3n, compilaci\u00f3n, dise\u00f1os, marcas, logotipos, im\u00e1genes, texto y gr\u00e1ficos, son propiedad de Editorial Mediterr\u00e0nia, encontr\u00e1ndose protegidos por la normativa nacional e internacional sobre propiedad intelectual. El acceso por parte del Usuario a la P\u00e1gina Web no le otorga ning\u00fan derecho de propiedad sobre los mismos.<br \/>\nSi encuentras en la P\u00e1gina Web o por medio de la utilizaci\u00f3n del servicio cualquier contenido que pudiera vulnerar derechos de propiedad intelectual e industrial, rogamos lo pongas en conocimiento de Editorial Mediterr\u00e0nia con la mayor brevedad posible, remitiendo un correo electr\u00f3nico a la direcci\u00f3n editorial@editorialmediterrania.com.<\/p>\n<p><strong>4. Responsabilidad Civil<\/strong><\/p>\n<p>El contenido de la P\u00e1gina Web es conforme a la legislaci\u00f3n espa\u00f1ola. La responsabilidad de Editorial Mediterr\u00e0nia no puede invocarse en el caso de servicios no conformes a la legislaci\u00f3n de terceros pa\u00edses. Corresponde pues, a los Usuarios de fuera de Espa\u00f1a el verificar la legalidad de nuestros contenidos en sus respectivos pa\u00edses.<\/p>\n<p>Solamente responderemos de los da\u00f1os y perjuicios que puedas sufrir como consecuencia de la utilizaci\u00f3n de la P\u00e1gina Web cuando dichos da\u00f1os sean directamente imputables a una actuaci\u00f3n dolosa o negligente de Editorial Mediterr\u00e0nia y en la actuaci\u00f3n del Usuario no concurriera culpa o negligencia. No existir\u00e1, en cualquier caso, actuaci\u00f3n dolosa o negligente por parte de Editorial Mediterr\u00e0nia cuando pruebe que ha cumplido las exigencias y requisitos legal y reglamentariamente establecidos y los dem\u00e1s cuidados y diligencias que exige la naturaleza del servicio.<\/p>\n<p>No controlamos, con car\u00e1cter general, la utilizaci\u00f3n que los Usuarios hacen de la P\u00e1gina Web. En particular no garantizamos bajo ning\u00fan extremo que los Usuarios utilicen estos servicios de conformidad con la ley, el presente Aviso legal, la moral y buenas costumbres generalmente aceptadas y el orden p\u00fablico, ni tampoco que lo hagan de forma diligente y prudente.<\/p>\n<p>No ejerceremos ning\u00fan tipo de control sobre los enlaces o hiperv\u00ednculos hacia otros lugares de Internet. En ning\u00fan caso Editorial Mediterr\u00e0nia asumir\u00e1 responsabilidad alguna por los contenidos de alg\u00fan enlace perteneciente a una web ajena, ni garantizar\u00e1 la disponibilidad t\u00e9cnica, calidad y veracidad de cualquier material o informaci\u00f3n contenida en cabeza de los hiperv\u00ednculos u otros lugares de Internet.<\/p>\n<p><strong>5. Exclusi\u00f3n de Garant\u00eda<\/strong><\/p>\n<p>No garantizamos que la navegaci\u00f3n por la P\u00e1gina Web se ejecute sin interrupciones en tiempo \u00fatil, confiable o libre de errores. No garantizamos que la P\u00e1gina Web y el servidor est\u00e9 libre de virus y no nos hacemos responsables de los posibles da\u00f1os o perjuicios que se puedan derivar de interferencias, omisiones, interrupciones, virus inform\u00e1ticos o desconexiones en el sistema operativo de ese sistema electr\u00f3nico, motivadas por causas ajenas a Editorial Mediterr\u00e0nia.<\/p>\n<p>Es responsabilidad del Usuario adoptar todas las medidas t\u00e9cnicas adecuadas para controlar razonablemente estos riesgos y evitar da\u00f1os en sus equipos, p\u00e9rdida de datos y robo de informaci\u00f3n confidencial. A estos efectos, debe tener sistemas actualizados de detecci\u00f3n de software malicioso, tales como virus, troyanos, etc., as\u00ed como tener actualizados los parches de seguridad de los correspondientes navegadores que utilice.<\/p>\n<p>Nos comprometemos a realizar nuestros mejores esfuerzos para evitar cualquier error en los contenidos que pudieran aparecer en la P\u00e1gina Web. En cualquier caso, estaremos exentos de cualquier responsabilidad derivada de eventuales errores en los contenidos que pudieran aparecer en la misma.<\/p>\n<p>No seremos responsables por los contenidos ajenos que transmitamos, alojemos o a los que facilitemos el acceso cuando actuamos como mero intermediario. En cualquier caso, nos comprometemos a retirar inmediatamente el contenido ilegal de la P\u00e1gina Web en cuanto tengamos conocimiento efectivo de ello.<\/p>\n<p><strong>6. Obligaci\u00f3n de los Usuarios<\/strong><\/p>\n<p>A titulo enunciativo, y en ning\u00fan caso limitativo o excluyente, el Usuario se compromete a:<\/p>\n<p>a) Utilizar su identidad real en todos los formularios de la P\u00e1gina Web. Queda prohibida la suplantaci\u00f3n de personalidad de otros individuos o entidades;<\/p>\n<p>b) No introducir, almacenar o difundir en o desde la P\u00e1gina Web cualquier informaci\u00f3n de car\u00e1cter difamatorio, injurioso, obsceno, amenazador, xen\u00f3fobo, que incite a la violencia a la discriminaci\u00f3n por raz\u00f3n de raza, sexo, ideolog\u00eda, religi\u00f3n o que de cualquier forma atente contra la moral, el orden p\u00fablico, los derechos fundamentales, las libertas p\u00fablicas, el honor, la intimidad o la imagen de terceros y en general la normativa vigente;<\/p>\n<p>c) No introducir, almacenar o difundir en o desde la P\u00e1gina Web cualquier contenido que infrinja derechos de propiedad intelectual e industrial, el secreto de las comunicaciones y la legislaci\u00f3n de protecci\u00f3n de datos de car\u00e1cter personal;<\/p>\n<p>d) No introducir, almacenar o difundir mediante la P\u00e1gina Web ning\u00fan programa de ordenador, datos, virus, c\u00f3digo, equipo de hardware o de telecomunicaciones o cualquier otro instrumento o dispositivo electr\u00f3nico o f\u00edsico que sea susceptible de causar da\u00f1os a la p\u00e1gina web, a cualquier Usuario, a los proveedores de Editorial Mediterr\u00e0nia o en general a cualquier tercero, o de impedir el normal funcionamiento de los mismos;<\/p>\n<p>e) No destruir, alterar, utilizar para su uso, inutilizar o da\u00f1ar los datos, informaciones, programas o documentos electr\u00f3nicos de Editorial Mediterr\u00e0nia sus proveedores o terceros;<\/p>\n<p>f) El Usuario acepta no llevar a cabo ninguna acci\u00f3n que provoque una saturaci\u00f3n desproporcionada o innecesaria en la infraestructura de la P\u00e1gina Web o en los sistemas o redes de Editorial Mediterr\u00e0nia as\u00ed como en los sistemas y redes conectados a la P\u00e1gina Web.<\/p>\n<p><strong>7. Cookies<\/strong><\/p>\n<p>Una cookie es un fichero que se descarga en su ordenador al acceder a determinadas p\u00e1ginas web. Las cookies permiten a una p\u00e1gina web, entre otras cosas, almacenar y recuperar informaci\u00f3n sobre los h\u00e1bitos de navegaci\u00f3n de un usuario o de su equipo y, dependiendo de la informaci\u00f3n que contengan y de la forma en que utilice su equipo, pueden utilizarse para reconocer al usuario.<\/p>\n<p>Nosotros solamente utilizamos cookies de sesi\u00f3n, que son aqu\u00e9llas que permiten a la Web mantener un seguimiento del movimiento del usuario de una a otra p\u00e1gina, de forma que no le pedir\u00e1 la informaci\u00f3n que ya haya sido suministrada anteriormente. Las cookies se sesi\u00f3n permiten al usuario moverse por muchas p\u00e1ginas de un mismo sitio de manera r\u00e1pida y f\u00e1cil, sin tener que autentificarse de nuevo o volver a iniciar el proceso en cada zona que visite.<\/p>\n<p>El Usuario puede permitir, bloquear o eliminar las cookies instaladas en su equipo mediante la configuraci\u00f3n de las opciones del navegador instalado en su ordenador.<\/p>\n<p><strong>8. Menores de Edad<\/strong><\/p>\n<p>Con car\u00e1cter general, para suscribirse a la revista los menores de edad deben haber obtenido previamente la autorizaci\u00f3n de sus padres, tutores o representantes legales, quienes ser\u00e1n responsables de todos los actos realizados a trav\u00e9s de la P\u00e1gina Web por los menores a su cargo. En aquellos casos en los que expresamente se se\u00f1ale o que est\u00e9 determinado por ley, el acceso quedar\u00e1 restringido \u00fanica y exclusivamente a mayores de 18 a\u00f1os.<\/p>\n<p><strong>9. Duraci\u00f3n y terminaci\u00f3n<\/strong><\/p>\n<p>La informaci\u00f3n disponible en la P\u00e1gina Web tiene una duraci\u00f3n indefinida. Sin perjuicio de lo anterior, Editorial Mediterr\u00e0nia est\u00e1 facultado para modificarla o suspenderla unilateralmente, en cualquier momento y sin necesidad de preaviso.<\/p>\n<p><strong>10. Ley aplicable y jurisdicci\u00f3n<\/strong><\/p>\n<p>Todas las cuestiones relativas a la P\u00e1gina Web se rigen por las Leyes espa\u00f1olas y se someten a la jurisdicci\u00f3n de los Juzgados y Tribunales competentes de Barcelona.<\/p>\n","protected":false},"excerpt":{"rendered":"<p>1. Informaci\u00f3n general El titular de la p\u00e1gina web es Editorial Mediterr\u00e0nia, S.L., con domicilio social en Barcelona, C\/ Casp, 63, ppal, 2\u00aa, CP 08010, con el CIF B08667230, e inscrita en el Registro Mercantil de Barcelona, al tomo 25.246, folio 202, hoja n\u00famero B-85.582, inscripci\u00f3n 7\u00aa (en adelante, \u201cEditorial Mediterr\u00e0nia\u201d). Puedes ponerte en contacto [&hellip;]<\/p>\n","protected":false},"author":39,"featured_media":0,"parent":0,"menu_order":0,"comment_status":"closed","ping_status":"open","template":"dms-templates\/dms-atencio-client.php","meta":{"footnotes":""},"class_list":["post-2208","page","type-page","status-publish","hentry"],"acf":[],"yoast_head":"<!-- This site is optimized with the Yoast SEO plugin v22.8 - https:\/\/yoast.com\/wordpress\/plugins\/seo\/ -->\n<title>Aviso legal - Editorial Mediterr\u00e0nia<\/title>\n<meta name=\"description\" content=\"Descobreix un m\u00f3n de meravelles a trav\u00e9s dels llibres de la nostra editorial especialitzada en art, cultura i natura per a fam\u00edlies. Amb il\u00b7lustracions fascinants i hist\u00f2ries enriquidores, inspirem el descobriment i la curiositat en petits i grans, connectant-los amb el patrimoni cultural i el meravell\u00f3s m\u00f3n natural que ens envolta\" \/>\n<meta name=\"robots\" content=\"index, follow, max-snippet:-1, max-image-preview:large, max-video-preview:-1\" \/>\n<link rel=\"canonical\" href=\"https:\/\/editorialmediterrania.com\/es\/aviso-legal\/\" \/>\n<meta property=\"og:locale\" content=\"es_ES\" \/>\n<meta property=\"og:type\" content=\"article\" \/>\n<meta property=\"og:title\" content=\"Aviso legal - Editorial Mediterr\u00e0nia\" \/>\n<meta property=\"og:description\" content=\"Descobreix un m\u00f3n de meravelles a trav\u00e9s dels llibres de la nostra editorial especialitzada en art, cultura i natura per a fam\u00edlies. Amb il\u00b7lustracions fascinants i hist\u00f2ries enriquidores, inspirem el descobriment i la curiositat en petits i grans, connectant-los amb el patrimoni cultural i el meravell\u00f3s m\u00f3n natural que ens envolta\" \/>\n<meta property=\"og:url\" content=\"https:\/\/editorialmediterrania.com\/es\/aviso-legal\/\" \/>\n<meta property=\"og:site_name\" content=\"Editorial Mediterr\u00e0nia\" \/>\n<meta property=\"article:modified_time\" content=\"2018-07-02T15:59:32+00:00\" \/>\n<meta property=\"og:image\" content=\"https:\/\/editorialmediterrania.com\/wp-content\/uploads\/2023\/03\/cropped-LOGO-ED_MEDITERRANIA_OK-2.png\" \/>\n\t<meta property=\"og:image:width\" content=\"512\" \/>\n\t<meta property=\"og:image:height\" content=\"512\" \/>\n\t<meta property=\"og:image:type\" content=\"image\/png\" \/>\n<meta name=\"twitter:card\" content=\"summary_large_image\" \/>\n<meta name=\"twitter:site\" content=\"@edmediterrania\" \/>\n<meta name=\"twitter:label1\" content=\"Tiempo de lectura\" \/>\n\t<meta name=\"twitter:data1\" content=\"8 minutos\" \/>\n<script type=\"application\/ld+json\" class=\"yoast-schema-graph\">{\"@context\":\"https:\/\/schema.org\",\"@graph\":[{\"@type\":\"WebPage\",\"@id\":\"https:\/\/editorialmediterrania.com\/es\/aviso-legal\/\",\"url\":\"https:\/\/editorialmediterrania.com\/es\/aviso-legal\/\",\"name\":\"Aviso legal - Editorial Mediterr\u00e0nia\",\"isPartOf\":{\"@id\":\"https:\/\/editorialmediterrania.com\/es\/#website\"},\"datePublished\":\"2012-11-25T21:11:05+00:00\",\"dateModified\":\"2018-07-02T15:59:32+00:00\",\"description\":\"Descobreix un m\u00f3n de meravelles a trav\u00e9s dels llibres de la nostra editorial especialitzada en art, cultura i natura per a fam\u00edlies. Amb il\u00b7lustracions fascinants i hist\u00f2ries enriquidores, inspirem el descobriment i la curiositat en petits i grans, connectant-los amb el patrimoni cultural i el meravell\u00f3s m\u00f3n natural que ens envolta\",\"inLanguage\":\"es\",\"potentialAction\":[{\"@type\":\"ReadAction\",\"target\":[\"https:\/\/editorialmediterrania.com\/es\/aviso-legal\/\"]}]},{\"@type\":\"WebSite\",\"@id\":\"https:\/\/editorialmediterrania.com\/es\/#website\",\"url\":\"https:\/\/editorialmediterrania.com\/es\/\",\"name\":\"Editorial Mediterrania\",\"description\":\"Llibres que t\u2019obriran nous mons\",\"publisher\":{\"@id\":\"https:\/\/editorialmediterrania.com\/es\/#organization\"},\"alternateName\":\"Llibres infantils d'art, cultura i natura\",\"potentialAction\":[{\"@type\":\"SearchAction\",\"target\":{\"@type\":\"EntryPoint\",\"urlTemplate\":\"https:\/\/editorialmediterrania.com\/es\/?s={search_term_string}\"},\"query-input\":\"required name=search_term_string\"}],\"inLanguage\":\"es\"},{\"@type\":\"Organization\",\"@id\":\"https:\/\/editorialmediterrania.com\/es\/#organization\",\"name\":\"Editorial Mediterrania\",\"alternateName\":\"Llibres d'art, cultura i natura per infants i fam\u00edlies\",\"url\":\"https:\/\/editorialmediterrania.com\/es\/\",\"logo\":{\"@type\":\"ImageObject\",\"inLanguage\":\"es\",\"@id\":\"https:\/\/editorialmediterrania.com\/es\/#\/schema\/logo\/image\/\",\"url\":\"https:\/\/editorialmediterrania.com\/wp-content\/uploads\/2023\/03\/LOGO-ED_MEDITERRANIA_OK-2.png\",\"contentUrl\":\"https:\/\/editorialmediterrania.com\/wp-content\/uploads\/2023\/03\/LOGO-ED_MEDITERRANIA_OK-2.png\",\"width\":1200,\"height\":300,\"caption\":\"Editorial Mediterrania\"},\"image\":{\"@id\":\"https:\/\/editorialmediterrania.com\/es\/#\/schema\/logo\/image\/\"},\"sameAs\":[\"https:\/\/x.com\/edmediterrania\",\"https:\/\/www.instagram.com\/editorialmediterrania\/\"]}]}<\/script>\n<!-- \/ Yoast SEO plugin. -->","yoast_head_json":{"title":"Aviso legal - Editorial Mediterr\u00e0nia","description":"Descobreix un m\u00f3n de meravelles a trav\u00e9s dels llibres de la nostra editorial especialitzada en art, cultura i natura per a fam\u00edlies. Amb il\u00b7lustracions fascinants i hist\u00f2ries enriquidores, inspirem el descobriment i la curiositat en petits i grans, connectant-los amb el patrimoni cultural i el meravell\u00f3s m\u00f3n natural que ens envolta","robots":{"index":"index","follow":"follow","max-snippet":"max-snippet:-1","max-image-preview":"max-image-preview:large","max-video-preview":"max-video-preview:-1"},"canonical":"https:\/\/editorialmediterrania.com\/es\/aviso-legal\/","og_locale":"es_ES","og_type":"article","og_title":"Aviso legal - Editorial Mediterr\u00e0nia","og_description":"Descobreix un m\u00f3n de meravelles a trav\u00e9s dels llibres de la nostra editorial especialitzada en art, cultura i natura per a fam\u00edlies. Amb il\u00b7lustracions fascinants i hist\u00f2ries enriquidores, inspirem el descobriment i la curiositat en petits i grans, connectant-los amb el patrimoni cultural i el meravell\u00f3s m\u00f3n natural que ens envolta","og_url":"https:\/\/editorialmediterrania.com\/es\/aviso-legal\/","og_site_name":"Editorial Mediterr\u00e0nia","article_modified_time":"2018-07-02T15:59:32+00:00","og_image":[{"width":512,"height":512,"url":"https:\/\/editorialmediterrania.com\/wp-content\/uploads\/2023\/03\/cropped-LOGO-ED_MEDITERRANIA_OK-2.png","type":"image\/png"}],"twitter_card":"summary_large_image","twitter_site":"@edmediterrania","twitter_misc":{"Tiempo de lectura":"8 minutos"},"schema":{"@context":"https:\/\/schema.org","@graph":[{"@type":"WebPage","@id":"https:\/\/editorialmediterrania.com\/es\/aviso-legal\/","url":"https:\/\/editorialmediterrania.com\/es\/aviso-legal\/","name":"Aviso legal - Editorial Mediterr\u00e0nia","isPartOf":{"@id":"https:\/\/editorialmediterrania.com\/es\/#website"},"datePublished":"2012-11-25T21:11:05+00:00","dateModified":"2018-07-02T15:59:32+00:00","description":"Descobreix un m\u00f3n de meravelles a trav\u00e9s dels llibres de la nostra editorial especialitzada en art, cultura i natura per a fam\u00edlies. Amb il\u00b7lustracions fascinants i hist\u00f2ries enriquidores, inspirem el descobriment i la curiositat en petits i grans, connectant-los amb el patrimoni cultural i el meravell\u00f3s m\u00f3n natural que ens envolta","inLanguage":"es","potentialAction":[{"@type":"ReadAction","target":["https:\/\/editorialmediterrania.com\/es\/aviso-legal\/"]}]},{"@type":"WebSite","@id":"https:\/\/editorialmediterrania.com\/es\/#website","url":"https:\/\/editorialmediterrania.com\/es\/","name":"Editorial Mediterrania","description":"Llibres que t\u2019obriran nous mons","publisher":{"@id":"https:\/\/editorialmediterrania.com\/es\/#organization"},"alternateName":"Llibres infantils d'art, cultura i natura","potentialAction":[{"@type":"SearchAction","target":{"@type":"EntryPoint","urlTemplate":"https:\/\/editorialmediterrania.com\/es\/?s={search_term_string}"},"query-input":"required name=search_term_string"}],"inLanguage":"es"},{"@type":"Organization","@id":"https:\/\/editorialmediterrania.com\/es\/#organization","name":"Editorial Mediterrania","alternateName":"Llibres d'art, cultura i natura per infants i fam\u00edlies","url":"https:\/\/editorialmediterrania.com\/es\/","logo":{"@type":"ImageObject","inLanguage":"es","@id":"https:\/\/editorialmediterrania.com\/es\/#\/schema\/logo\/image\/","url":"https:\/\/editorialmediterrania.com\/wp-content\/uploads\/2023\/03\/LOGO-ED_MEDITERRANIA_OK-2.png","contentUrl":"https:\/\/editorialmediterrania.com\/wp-content\/uploads\/2023\/03\/LOGO-ED_MEDITERRANIA_OK-2.png","width":1200,"height":300,"caption":"Editorial Mediterrania"},"image":{"@id":"https:\/\/editorialmediterrania.com\/es\/#\/schema\/logo\/image\/"},"sameAs":["https:\/\/x.com\/edmediterrania","https:\/\/www.instagram.com\/editorialmediterrania\/"]}]}},"_links":{"self":[{"href":"https:\/\/editorialmediterrania.com\/es\/wp-json\/wp\/v2\/pages\/2208","targetHints":{"allow":["GET"]}}],"collection":[{"href":"https:\/\/editorialmediterrania.com\/es\/wp-json\/wp\/v2\/pages"}],"about":[{"href":"https:\/\/editorialmediterrania.com\/es\/wp-json\/wp\/v2\/types\/page"}],"author":[{"embeddable":true,"href":"https:\/\/editorialmediterrania.com\/es\/wp-json\/wp\/v2\/users\/39"}],"replies":[{"embeddable":true,"href":"https:\/\/editorialmediterrania.com\/es\/wp-json\/wp\/v2\/comments?post=2208"}],"version-history":[{"count":0,"href":"https:\/\/editorialmediterrania.com\/es\/wp-json\/wp\/v2\/pages\/2208\/revisions"}],"wp:attachment":[{"href":"https:\/\/editorialmediterrania.com\/es\/wp-json\/wp\/v2\/media?parent=2208"}],"curies":[{"name":"wp","href":"https:\/\/api.w.org\/{rel}","templated":true}]}}