{"id":2221,"date":"2012-12-18T09:14:34","date_gmt":"2012-12-18T08:14:34","guid":{"rendered":"http:\/\/mediterrania.adgency.es\/premio-pilarin-bayes\/pilarin-bayes-archivo-9\/"},"modified":"2015-12-18T19:52:54","modified_gmt":"2015-12-18T18:52:54","slug":"pilarin-bayes-2012","status":"publish","type":"page","link":"https:\/\/editorialmediterrania.com\/es\/premio-pilarin-bayes\/pilarin-bayes-2012\/","title":{"rendered":"Premio Pilar\u00edn Bay\u00e9s 2012"},"content":{"rendered":"<h2 style=\"text-align: justify;\">La crisis<\/h2>\n<h2 style=\"text-align: justify;\">9\u00aa edici\u00f3n (2012)<\/h2>\n<p style=\"text-align: justify;\">En la novena convocatoria del premio Pilar\u00edn Bay\u00e9s participaron unos 4.000 ni\u00f1os de <strong>116 escuelas<\/strong> catalanas, con <strong>1.129 cuentos<\/strong> sobre los valores para superar la crisis.<\/p>\n<p style=\"text-align: justify;\">En 2012 incorporamos una novedad importante en el premio: la figura de un experto, el fil\u00f2sofo y pedagogo Gregorio Luri, que ley\u00f3 todos los cuentos presentados y que extrajo una serie de valoraciones y an\u00e1lisis sobre la vivencia de los ni\u00f1os y la crisis. El estudio, <strong><i>Valors per superar la crisi<\/i><\/strong>, inaugura la colecci\u00f3n \u201cEstudi Mediterr\u00e0nia \u2013 Escoltem els nens\u201d.<\/p>\n<p style=\"text-align: justify;\">El veredicto se emiti\u00f3 el 23 de abril, diada de sant Jordi, en el plat\u00f3 de Els Matins de TV3 instalado en plaza de Catalunya de Barcelona, donde asistieron varios alumnos participantes, de los cuales algunos resultaron ganadores.<\/p>\n<p style=\"text-align: justify;\">El 30 de mayo se realiz\u00f3 la entrega de premios en el Palau Robert, donde hab\u00edan expuestos dibujos de Pilar\u00edn Bay\u00e9s en homenaje a sus 50 a\u00f1os de carrera profesional como ilustradora.<\/p>\n<p style=\"text-align: justify;\">Al acto acudieron alumnos, familiares y profesores representantes de las escuelas ganadoras y, al final, se les entreg\u00f3 un ejemplar del libro con los 15 cuentos premiados: <a href=\"http:\/\/editorialmediterrania.com\/product\/contes-de-la-crisi\/\"><em><strong>Contes de la crisi<\/strong><\/em><\/a>.<\/p>\n<p style=\"text-align: justify;\">Los cuentos ganadores fueron:<\/p>\n<p style=\"text-align: justify;\"><b>-Ciclo inicial:<\/b><\/p>\n<ul style=\"text-align: justify;\">\n<li><b>El problema dels Reis Mags <\/b>con el pseud\u00f3nimo Els Reis Mags, de la escuela Infant Jes\u00fas, de Barcelona.<\/li>\n<li><b>L&#8217;escola es fa vella <\/b>con el pseud\u00f3nimo T\u00f2quio, de la escuela Joan Ard\u00e8vol, de Cambrils.<\/li>\n<li><b>Voraviu vers Viufeli\u00e7 <\/b>con el pseud\u00f3nimo Els taurons, del colegio Sant Miquel Arc\u00e0ngel, de Molins de Rei.<\/li>\n<li><b>El Gerard, la Marta i els seus amics extraterrestres<\/b> con el pseud\u00f3nimo Els follets, de la escuela Ramon Faus i Esteve, de Guissona.<\/li>\n<li><b>Un n\u00favol gris al pa\u00eds de l&#8217;Alegria<\/b> con el pseud\u00f3nimo Estalvi, del colegio Claret, de Sabadell.<\/li>\n<\/ul>\n<p>&nbsp;<\/p>\n<p style=\"text-align: justify;\"><b>-Cicle mitj\u00e0:<\/b><\/p>\n<ul style=\"text-align: justify;\">\n<li><b>La noia del viol\u00ed <\/b>con el pseud\u00f3nimo Leo, de la escuela Mare de D\u00e9u del Roser, de Barcelona.<\/li>\n<li><b>La J\u00falia, la poma i les consoles <\/b>con el pseud\u00f3nimo Ares, del colegio Claret, de Sabadell.<\/li>\n<li><b>No tinc diners, i qu\u00e8? <\/b>con el pseud\u00f3nimo Jep Sab\u00e0, de la escuela Pia Balaguer de Balaguer.<\/li>\n<li><b>La granja de la vila <\/b>con el pseud\u00f3nimo Shadow, del colegio Claret, de Sabadell.<\/li>\n<li><b>El regal d&#8217;en Marcel<\/b> con el pseud\u00f3nimo Filiprim, de la escuela Salvador Espriu de Granollers.<\/li>\n<\/ul>\n<p>&nbsp;<\/p>\n<p style=\"text-align: justify;\"><b>-Ciclo superior:<\/b><\/p>\n<ul style=\"text-align: justify;\">\n<li><b>L&#8217;home a qui m\u00e9s li agradaven els contes <\/b>con el pseud\u00f3nimo Pianista star, de la escuela Arabell, de Lleida.<\/li>\n<li><b>Crisi, risc i&#8230; rics! <\/b>con el pseud\u00f3nimo Berozgari, de la escuela Rub\u00e9n Dar\u00edo, de Barcelona.<\/li>\n<li><b>Al meu barri surt el sol <\/b>con el pseud\u00f3nimo Taronja2001, de la escuela Pia Balaguer, de Balaguer.<\/li>\n<li><b>Els projectes de l&#8217;Eric <\/b>con el pseud\u00f3nimo Mark Evans, de la escuela Alexandre Gal\u00ed, de Barcelona.<\/li>\n<li><b>No diguis crisi, diguis esfor\u00e7! <\/b>con el pseud\u00f3nimo Tennismusical, de la escuela Terraferma, de l\u2019Alpicat.<\/li>\n<\/ul>\n","protected":false},"excerpt":{"rendered":"<p>La crisis 9\u00aa edici\u00f3n (2012) En la novena convocatoria del premio Pilar\u00edn Bay\u00e9s participaron unos 4.000 ni\u00f1os de 116 escuelas catalanas, con 1.129 cuentos sobre los valores para superar la crisis. En 2012 incorporamos una novedad importante en el premio: la figura de un experto, el fil\u00f2sofo y pedagogo Gregorio Luri, que ley\u00f3 todos los [&hellip;]<\/p>\n","protected":false},"author":39,"featured_media":0,"parent":1690,"menu_order":0,"comment_status":"closed","ping_status":"open","template":"dms-templates\/dms-premi-pilarin.php","meta":{"footnotes":""},"class_list":["post-2221","page","type-page","status-publish","hentry"],"acf":[],"yoast_head":"<!-- This site is optimized with the Yoast SEO plugin v22.8 - https:\/\/yoast.com\/wordpress\/plugins\/seo\/ -->\n<title>Premio Pilar\u00edn Bay\u00e9s 2012 - Editorial Mediterr\u00e0nia<\/title>\n<meta name=\"description\" content=\"Descobreix un m\u00f3n de meravelles a trav\u00e9s dels llibres de la nostra editorial especialitzada en art, cultura i natura per a fam\u00edlies. Amb il\u00b7lustracions fascinants i hist\u00f2ries enriquidores, inspirem el descobriment i la curiositat en petits i grans, connectant-los amb el patrimoni cultural i el meravell\u00f3s m\u00f3n natural que ens envolta\" \/>\n<meta name=\"robots\" content=\"index, follow, max-snippet:-1, max-image-preview:large, max-video-preview:-1\" \/>\n<link rel=\"canonical\" href=\"https:\/\/editorialmediterrania.com\/es\/premio-pilarin-bayes\/pilarin-bayes-2012\/\" \/>\n<meta property=\"og:locale\" content=\"es_ES\" \/>\n<meta property=\"og:type\" content=\"article\" \/>\n<meta property=\"og:title\" content=\"Premio Pilar\u00edn Bay\u00e9s 2012 - Editorial Mediterr\u00e0nia\" \/>\n<meta property=\"og:description\" content=\"Descobreix un m\u00f3n de meravelles a trav\u00e9s dels llibres de la nostra editorial especialitzada en art, cultura i natura per a fam\u00edlies. Amb il\u00b7lustracions fascinants i hist\u00f2ries enriquidores, inspirem el descobriment i la curiositat en petits i grans, connectant-los amb el patrimoni cultural i el meravell\u00f3s m\u00f3n natural que ens envolta\" \/>\n<meta property=\"og:url\" content=\"https:\/\/editorialmediterrania.com\/es\/premio-pilarin-bayes\/pilarin-bayes-2012\/\" \/>\n<meta property=\"og:site_name\" content=\"Editorial Mediterr\u00e0nia\" \/>\n<meta property=\"article:modified_time\" content=\"2015-12-18T18:52:54+00:00\" \/>\n<meta property=\"og:image\" content=\"https:\/\/editorialmediterrania.com\/wp-content\/uploads\/2023\/03\/cropped-LOGO-ED_MEDITERRANIA_OK-2.png\" \/>\n\t<meta property=\"og:image:width\" content=\"512\" \/>\n\t<meta property=\"og:image:height\" content=\"512\" \/>\n\t<meta property=\"og:image:type\" content=\"image\/png\" \/>\n<meta name=\"twitter:card\" content=\"summary_large_image\" \/>\n<meta name=\"twitter:site\" content=\"@edmediterrania\" \/>\n<meta name=\"twitter:label1\" content=\"Tiempo de lectura\" \/>\n\t<meta name=\"twitter:data1\" content=\"2 minutos\" \/>\n<script type=\"application\/ld+json\" class=\"yoast-schema-graph\">{\"@context\":\"https:\/\/schema.org\",\"@graph\":[{\"@type\":\"WebPage\",\"@id\":\"https:\/\/editorialmediterrania.com\/es\/premio-pilarin-bayes\/pilarin-bayes-2012\/\",\"url\":\"https:\/\/editorialmediterrania.com\/es\/premio-pilarin-bayes\/pilarin-bayes-2012\/\",\"name\":\"Premio Pilar\u00edn Bay\u00e9s 2012 - Editorial Mediterr\u00e0nia\",\"isPartOf\":{\"@id\":\"https:\/\/editorialmediterrania.com\/es\/#website\"},\"datePublished\":\"2012-12-18T08:14:34+00:00\",\"dateModified\":\"2015-12-18T18:52:54+00:00\",\"description\":\"Descobreix un m\u00f3n de meravelles a trav\u00e9s dels llibres de la nostra editorial especialitzada en art, cultura i natura per a fam\u00edlies. Amb il\u00b7lustracions fascinants i hist\u00f2ries enriquidores, inspirem el descobriment i la curiositat en petits i grans, connectant-los amb el patrimoni cultural i el meravell\u00f3s m\u00f3n natural que ens envolta\",\"breadcrumb\":{\"@id\":\"https:\/\/editorialmediterrania.com\/es\/premio-pilarin-bayes\/pilarin-bayes-2012\/#breadcrumb\"},\"inLanguage\":\"es\",\"potentialAction\":[{\"@type\":\"ReadAction\",\"target\":[\"https:\/\/editorialmediterrania.com\/es\/premio-pilarin-bayes\/pilarin-bayes-2012\/\"]}]},{\"@type\":\"BreadcrumbList\",\"@id\":\"https:\/\/editorialmediterrania.com\/es\/premio-pilarin-bayes\/pilarin-bayes-2012\/#breadcrumb\",\"itemListElement\":[{\"@type\":\"ListItem\",\"position\":1,\"name\":\"Premio Pilar\u00edn Bay\u00e9s\",\"item\":\"https:\/\/editorialmediterrania.com\/es\/premi-pilarin-bayes\/\"},{\"@type\":\"ListItem\",\"position\":2,\"name\":\"Premio Pilar\u00edn Bay\u00e9s 2012\"}]},{\"@type\":\"WebSite\",\"@id\":\"https:\/\/editorialmediterrania.com\/es\/#website\",\"url\":\"https:\/\/editorialmediterrania.com\/es\/\",\"name\":\"Editorial Mediterrania\",\"description\":\"Llibres que t\u2019obriran nous mons\",\"publisher\":{\"@id\":\"https:\/\/editorialmediterrania.com\/es\/#organization\"},\"alternateName\":\"Llibres infantils d'art, cultura i natura\",\"potentialAction\":[{\"@type\":\"SearchAction\",\"target\":{\"@type\":\"EntryPoint\",\"urlTemplate\":\"https:\/\/editorialmediterrania.com\/es\/?s={search_term_string}\"},\"query-input\":\"required name=search_term_string\"}],\"inLanguage\":\"es\"},{\"@type\":\"Organization\",\"@id\":\"https:\/\/editorialmediterrania.com\/es\/#organization\",\"name\":\"Editorial Mediterrania\",\"alternateName\":\"Llibres d'art, cultura i natura per infants i fam\u00edlies\",\"url\":\"https:\/\/editorialmediterrania.com\/es\/\",\"logo\":{\"@type\":\"ImageObject\",\"inLanguage\":\"es\",\"@id\":\"https:\/\/editorialmediterrania.com\/es\/#\/schema\/logo\/image\/\",\"url\":\"https:\/\/editorialmediterrania.com\/wp-content\/uploads\/2023\/03\/LOGO-ED_MEDITERRANIA_OK-2.png\",\"contentUrl\":\"https:\/\/editorialmediterrania.com\/wp-content\/uploads\/2023\/03\/LOGO-ED_MEDITERRANIA_OK-2.png\",\"width\":1200,\"height\":300,\"caption\":\"Editorial Mediterrania\"},\"image\":{\"@id\":\"https:\/\/editorialmediterrania.com\/es\/#\/schema\/logo\/image\/\"},\"sameAs\":[\"https:\/\/x.com\/edmediterrania\",\"https:\/\/www.instagram.com\/editorialmediterrania\/\"]}]}<\/script>\n<!-- \/ Yoast SEO plugin. -->","yoast_head_json":{"title":"Premio Pilar\u00edn Bay\u00e9s 2012 - Editorial Mediterr\u00e0nia","description":"Descobreix un m\u00f3n de meravelles a trav\u00e9s dels llibres de la nostra editorial especialitzada en art, cultura i natura per a fam\u00edlies. Amb il\u00b7lustracions fascinants i hist\u00f2ries enriquidores, inspirem el descobriment i la curiositat en petits i grans, connectant-los amb el patrimoni cultural i el meravell\u00f3s m\u00f3n natural que ens envolta","robots":{"index":"index","follow":"follow","max-snippet":"max-snippet:-1","max-image-preview":"max-image-preview:large","max-video-preview":"max-video-preview:-1"},"canonical":"https:\/\/editorialmediterrania.com\/es\/premio-pilarin-bayes\/pilarin-bayes-2012\/","og_locale":"es_ES","og_type":"article","og_title":"Premio Pilar\u00edn Bay\u00e9s 2012 - Editorial Mediterr\u00e0nia","og_description":"Descobreix un m\u00f3n de meravelles a trav\u00e9s dels llibres de la nostra editorial especialitzada en art, cultura i natura per a fam\u00edlies. Amb il\u00b7lustracions fascinants i hist\u00f2ries enriquidores, inspirem el descobriment i la curiositat en petits i grans, connectant-los amb el patrimoni cultural i el meravell\u00f3s m\u00f3n natural que ens envolta","og_url":"https:\/\/editorialmediterrania.com\/es\/premio-pilarin-bayes\/pilarin-bayes-2012\/","og_site_name":"Editorial Mediterr\u00e0nia","article_modified_time":"2015-12-18T18:52:54+00:00","og_image":[{"width":512,"height":512,"url":"https:\/\/editorialmediterrania.com\/wp-content\/uploads\/2023\/03\/cropped-LOGO-ED_MEDITERRANIA_OK-2.png","type":"image\/png"}],"twitter_card":"summary_large_image","twitter_site":"@edmediterrania","twitter_misc":{"Tiempo de lectura":"2 minutos"},"schema":{"@context":"https:\/\/schema.org","@graph":[{"@type":"WebPage","@id":"https:\/\/editorialmediterrania.com\/es\/premio-pilarin-bayes\/pilarin-bayes-2012\/","url":"https:\/\/editorialmediterrania.com\/es\/premio-pilarin-bayes\/pilarin-bayes-2012\/","name":"Premio Pilar\u00edn Bay\u00e9s 2012 - Editorial Mediterr\u00e0nia","isPartOf":{"@id":"https:\/\/editorialmediterrania.com\/es\/#website"},"datePublished":"2012-12-18T08:14:34+00:00","dateModified":"2015-12-18T18:52:54+00:00","description":"Descobreix un m\u00f3n de meravelles a trav\u00e9s dels llibres de la nostra editorial especialitzada en art, cultura i natura per a fam\u00edlies. Amb il\u00b7lustracions fascinants i hist\u00f2ries enriquidores, inspirem el descobriment i la curiositat en petits i grans, connectant-los amb el patrimoni cultural i el meravell\u00f3s m\u00f3n natural que ens envolta","breadcrumb":{"@id":"https:\/\/editorialmediterrania.com\/es\/premio-pilarin-bayes\/pilarin-bayes-2012\/#breadcrumb"},"inLanguage":"es","potentialAction":[{"@type":"ReadAction","target":["https:\/\/editorialmediterrania.com\/es\/premio-pilarin-bayes\/pilarin-bayes-2012\/"]}]},{"@type":"BreadcrumbList","@id":"https:\/\/editorialmediterrania.com\/es\/premio-pilarin-bayes\/pilarin-bayes-2012\/#breadcrumb","itemListElement":[{"@type":"ListItem","position":1,"name":"Premio Pilar\u00edn Bay\u00e9s","item":"https:\/\/editorialmediterrania.com\/es\/premi-pilarin-bayes\/"},{"@type":"ListItem","position":2,"name":"Premio Pilar\u00edn Bay\u00e9s 2012"}]},{"@type":"WebSite","@id":"https:\/\/editorialmediterrania.com\/es\/#website","url":"https:\/\/editorialmediterrania.com\/es\/","name":"Editorial Mediterrania","description":"Llibres que t\u2019obriran nous mons","publisher":{"@id":"https:\/\/editorialmediterrania.com\/es\/#organization"},"alternateName":"Llibres infantils d'art, cultura i natura","potentialAction":[{"@type":"SearchAction","target":{"@type":"EntryPoint","urlTemplate":"https:\/\/editorialmediterrania.com\/es\/?s={search_term_string}"},"query-input":"required name=search_term_string"}],"inLanguage":"es"},{"@type":"Organization","@id":"https:\/\/editorialmediterrania.com\/es\/#organization","name":"Editorial Mediterrania","alternateName":"Llibres d'art, cultura i natura per infants i fam\u00edlies","url":"https:\/\/editorialmediterrania.com\/es\/","logo":{"@type":"ImageObject","inLanguage":"es","@id":"https:\/\/editorialmediterrania.com\/es\/#\/schema\/logo\/image\/","url":"https:\/\/editorialmediterrania.com\/wp-content\/uploads\/2023\/03\/LOGO-ED_MEDITERRANIA_OK-2.png","contentUrl":"https:\/\/editorialmediterrania.com\/wp-content\/uploads\/2023\/03\/LOGO-ED_MEDITERRANIA_OK-2.png","width":1200,"height":300,"caption":"Editorial Mediterrania"},"image":{"@id":"https:\/\/editorialmediterrania.com\/es\/#\/schema\/logo\/image\/"},"sameAs":["https:\/\/x.com\/edmediterrania","https:\/\/www.instagram.com\/editorialmediterrania\/"]}]}},"_links":{"self":[{"href":"https:\/\/editorialmediterrania.com\/es\/wp-json\/wp\/v2\/pages\/2221","targetHints":{"allow":["GET"]}}],"collection":[{"href":"https:\/\/editorialmediterrania.com\/es\/wp-json\/wp\/v2\/pages"}],"about":[{"href":"https:\/\/editorialmediterrania.com\/es\/wp-json\/wp\/v2\/types\/page"}],"author":[{"embeddable":true,"href":"https:\/\/editorialmediterrania.com\/es\/wp-json\/wp\/v2\/users\/39"}],"replies":[{"embeddable":true,"href":"https:\/\/editorialmediterrania.com\/es\/wp-json\/wp\/v2\/comments?post=2221"}],"version-history":[{"count":0,"href":"https:\/\/editorialmediterrania.com\/es\/wp-json\/wp\/v2\/pages\/2221\/revisions"}],"up":[{"embeddable":true,"href":"https:\/\/editorialmediterrania.com\/es\/wp-json\/wp\/v2\/pages\/1690"}],"wp:attachment":[{"href":"https:\/\/editorialmediterrania.com\/es\/wp-json\/wp\/v2\/media?parent=2221"}],"curies":[{"name":"wp","href":"https:\/\/api.w.org\/{rel}","templated":true}]}}