{"id":2227,"date":"2012-12-18T09:12:32","date_gmt":"2012-12-18T08:12:32","guid":{"rendered":"http:\/\/mediterrania.adgency.es\/premio-pilarin-bayes\/pilarin-bayes-archivo-7\/"},"modified":"2015-12-18T19:19:48","modified_gmt":"2015-12-18T18:19:48","slug":"pilarin-bayes-2010","status":"publish","type":"page","link":"https:\/\/editorialmediterrania.com\/es\/premio-pilarin-bayes\/pilarin-bayes-2010\/","title":{"rendered":"Premio Pilar\u00edn Bay\u00e9s 2010"},"content":{"rendered":"<h2 style=\"text-align: justify;\">La alimentaci\u00f3n<\/h2>\n<h2 style=\"text-align: justify;\">7\u00aa edici\u00f3n (2010)<\/h2>\n<p style=\"text-align: justify;\">En la s\u00e9ptima convocatoria del premio Pilar\u00edn Bay\u00e9s participaron <strong>107 escuelas<\/strong> de toda Catalu\u00f1a con un total de <strong>1.098 cuentos<\/strong>.<\/p>\n<p style=\"text-align: justify;\">El 23 de abril emitimos el veredicto en el programa Els matins, en el plat\u00f3 de TV3 que estaba instalado en la plaza Catalunya de Barcelona, con la presencia de una de las escuelas galardonadas y de Pilar\u00edn Bay\u00e9s.<\/p>\n<p style=\"text-align: justify;\">La entrega de premios la realizamos en el Casal Societat La Principal de Vilafranca del Pened\u00e8s. En la ceremonia particip\u00f3 el animador Roger Canals con el espect\u00e1culo \u201cPer sucar-hi pa\u201d. Al finalizar el acto, repartimos a todos los asistentes el libro <a href=\"http:\/\/editorialmediterrania.com\/wp-content\/uploads\/2012\/12\/Contes-daliments-Premi-Pilarin-Bayes.jpg\"><em><strong>Contes d\u2019aliments<\/strong><\/em><\/a>, que contiene los 15 cuentos premiados ilustrados por Pilar\u00edn Bay\u00e9s.<\/p>\n<p style=\"text-align: justify;\">Los cuentos ganadores fueron:<\/p>\n<p style=\"text-align: justify;\"><strong>-Ciclo inicial:<\/strong><\/p>\n<ul style=\"text-align: justify;\">\n<li><strong>Arr\u00f2s, xocolata i sushi<\/strong>, con el pseud\u00f3nimo Els salvatges, del CEIP Enric Granados, de Barcelona.<\/li>\n<li><strong>El petit tom\u00e0quet<\/strong>, con el pseud\u00f3nimo\u00a0La capsa m\u00e0gica, de la escuela\u00a0Loreto-Abat Oliba, de Barcelona.<\/li>\n<li><strong>Alarma! Falten els aliments!<\/strong>, con el pseud\u00f3nimo\u00a0Els ping\u00fcins, del CEIP Bellavista-Joan Camps, de Les Franqueses del Vall\u00e8s.<\/li>\n<li><strong>L\u2019hort de l\u2019avi Francesc<\/strong>, con el pseud\u00f3nimo\u00a0Els petits hortolans, del colegio Mare de D\u00e9u de Montserrat, de Les Borges Blanques.<\/li>\n<li><strong>L\u2019home i l\u2019arbre m\u00e0gic<\/strong>, con el pseud\u00f3nimo\u00a0Els \u00e0ngels, del CEIP Sant Sebasti\u00e0, dels Palleresos.<\/li>\n<\/ul>\n<p>&nbsp;<\/p>\n<p style=\"text-align: justify;\"><strong>-Ciclo medio:<\/strong><\/p>\n<ul style=\"text-align: justify;\">\n<li><strong>\u00a0El misteri del Francesc i el tom\u00e0quet verd<\/strong>, con el pseud\u00f3nimo\u00a0Flusky Parrusky, del colegio Mare de D\u00e9u de Montserrat, de Les Borges Blanques.<\/li>\n<li><strong>La decisi\u00f3 dels aliments<\/strong>, con el pseud\u00f3nimo\u00a0La gota de vidre, de la escuela\u00a0Montessori, de L\u2019Hospitalet de Llobregat.<\/li>\n<li><strong>La guerra entre la carn i la verdura<\/strong>, con el pseud\u00f3nimo\u00a0Lola Cases, de la escuela\u00a0Montessori, de L\u2019Hospitalet de Llobregat.<\/li>\n<li><strong>Pep el geperut<\/strong>, con el pseud\u00f3nimo\u00a0Petit ping\u00fc\u00ed, de la escuela\u00a0Lola Anglada, d\u2019Esplugues de Llobregat.<\/li>\n<li><strong>Quin canvi, en Marc!<\/strong>, con el pseud\u00f3nimo\u00a0Laia Roca, del CEIP Sant Jordi, de Puigverd de Lleida.<\/li>\n<\/ul>\n<p>&nbsp;<\/p>\n<p style=\"text-align: justify;\"><strong>-Ciclo superior:<\/strong><\/p>\n<ul style=\"text-align: justify;\">\n<li><strong>El meu secret<\/strong>, con el pseud\u00f3nimo\u00a0Antamapajar, del CEIP P\u00e0mies, de Ginestar.<\/li>\n<li><strong>La caixa m\u00e0gica<\/strong>, con el pseud\u00f3nimo\u00a0Arual Ronem, de la escuela\u00a0Cultura Pr\u00e0ctica, de Terrassa.<\/li>\n<li><strong>\u00bfS\u00f3n els canelons de l\u2019\u00e0via els millors del m\u00f3n?<\/strong>, con el pseud\u00f3nimo\u00a0Kippling, del CEIP Annexa-Joan Puigbert, de Girona.<\/li>\n<li><strong>Aliments vius<\/strong>, con el pseud\u00f3nimo\u00a0Leo Messi, de la escuela\u00a0Loreto-Abat Oliba, de Barcelona.<\/li>\n<li><strong>Un nou m\u00f3n, una nova vida<\/strong>, con el pseud\u00f3nimo\u00a0Atzar, de la escuela Reina Elisenda, de Barcelona.<\/li>\n<\/ul>\n","protected":false},"excerpt":{"rendered":"<p>La alimentaci\u00f3n 7\u00aa edici\u00f3n (2010) En la s\u00e9ptima convocatoria del premio Pilar\u00edn Bay\u00e9s participaron 107 escuelas de toda Catalu\u00f1a con un total de 1.098 cuentos. El 23 de abril emitimos el veredicto en el programa Els matins, en el plat\u00f3 de TV3 que estaba instalado en la plaza Catalunya de Barcelona, con la presencia de [&hellip;]<\/p>\n","protected":false},"author":39,"featured_media":0,"parent":1690,"menu_order":0,"comment_status":"closed","ping_status":"open","template":"dms-templates\/dms-premi-pilarin.php","meta":{"footnotes":""},"class_list":["post-2227","page","type-page","status-publish","hentry"],"acf":[],"yoast_head":"<!-- This site is optimized with the Yoast SEO plugin v22.8 - https:\/\/yoast.com\/wordpress\/plugins\/seo\/ -->\n<title>Premio Pilar\u00edn Bay\u00e9s 2010 - Editorial Mediterr\u00e0nia<\/title>\n<meta name=\"description\" content=\"Descobreix un m\u00f3n de meravelles a trav\u00e9s dels llibres de la nostra editorial especialitzada en art, cultura i natura per a fam\u00edlies. Amb il\u00b7lustracions fascinants i hist\u00f2ries enriquidores, inspirem el descobriment i la curiositat en petits i grans, connectant-los amb el patrimoni cultural i el meravell\u00f3s m\u00f3n natural que ens envolta\" \/>\n<meta name=\"robots\" content=\"index, follow, max-snippet:-1, max-image-preview:large, max-video-preview:-1\" \/>\n<link rel=\"canonical\" href=\"https:\/\/editorialmediterrania.com\/es\/premio-pilarin-bayes\/pilarin-bayes-2010\/\" \/>\n<meta property=\"og:locale\" content=\"es_ES\" \/>\n<meta property=\"og:type\" content=\"article\" \/>\n<meta property=\"og:title\" content=\"Premio Pilar\u00edn Bay\u00e9s 2010 - Editorial Mediterr\u00e0nia\" \/>\n<meta property=\"og:description\" content=\"Descobreix un m\u00f3n de meravelles a trav\u00e9s dels llibres de la nostra editorial especialitzada en art, cultura i natura per a fam\u00edlies. Amb il\u00b7lustracions fascinants i hist\u00f2ries enriquidores, inspirem el descobriment i la curiositat en petits i grans, connectant-los amb el patrimoni cultural i el meravell\u00f3s m\u00f3n natural que ens envolta\" \/>\n<meta property=\"og:url\" content=\"https:\/\/editorialmediterrania.com\/es\/premio-pilarin-bayes\/pilarin-bayes-2010\/\" \/>\n<meta property=\"og:site_name\" content=\"Editorial Mediterr\u00e0nia\" \/>\n<meta property=\"article:modified_time\" content=\"2015-12-18T18:19:48+00:00\" \/>\n<meta property=\"og:image\" content=\"https:\/\/editorialmediterrania.com\/wp-content\/uploads\/2023\/03\/cropped-LOGO-ED_MEDITERRANIA_OK-2.png\" \/>\n\t<meta property=\"og:image:width\" content=\"512\" \/>\n\t<meta property=\"og:image:height\" content=\"512\" \/>\n\t<meta property=\"og:image:type\" content=\"image\/png\" \/>\n<meta name=\"twitter:card\" content=\"summary_large_image\" \/>\n<meta name=\"twitter:site\" content=\"@edmediterrania\" \/>\n<meta name=\"twitter:label1\" content=\"Tiempo de lectura\" \/>\n\t<meta name=\"twitter:data1\" content=\"2 minutos\" \/>\n<script type=\"application\/ld+json\" class=\"yoast-schema-graph\">{\"@context\":\"https:\/\/schema.org\",\"@graph\":[{\"@type\":\"WebPage\",\"@id\":\"https:\/\/editorialmediterrania.com\/es\/premio-pilarin-bayes\/pilarin-bayes-2010\/\",\"url\":\"https:\/\/editorialmediterrania.com\/es\/premio-pilarin-bayes\/pilarin-bayes-2010\/\",\"name\":\"Premio Pilar\u00edn Bay\u00e9s 2010 - Editorial Mediterr\u00e0nia\",\"isPartOf\":{\"@id\":\"https:\/\/editorialmediterrania.com\/es\/#website\"},\"datePublished\":\"2012-12-18T08:12:32+00:00\",\"dateModified\":\"2015-12-18T18:19:48+00:00\",\"description\":\"Descobreix un m\u00f3n de meravelles a trav\u00e9s dels llibres de la nostra editorial especialitzada en art, cultura i natura per a fam\u00edlies. Amb il\u00b7lustracions fascinants i hist\u00f2ries enriquidores, inspirem el descobriment i la curiositat en petits i grans, connectant-los amb el patrimoni cultural i el meravell\u00f3s m\u00f3n natural que ens envolta\",\"breadcrumb\":{\"@id\":\"https:\/\/editorialmediterrania.com\/es\/premio-pilarin-bayes\/pilarin-bayes-2010\/#breadcrumb\"},\"inLanguage\":\"es\",\"potentialAction\":[{\"@type\":\"ReadAction\",\"target\":[\"https:\/\/editorialmediterrania.com\/es\/premio-pilarin-bayes\/pilarin-bayes-2010\/\"]}]},{\"@type\":\"BreadcrumbList\",\"@id\":\"https:\/\/editorialmediterrania.com\/es\/premio-pilarin-bayes\/pilarin-bayes-2010\/#breadcrumb\",\"itemListElement\":[{\"@type\":\"ListItem\",\"position\":1,\"name\":\"Premio Pilar\u00edn Bay\u00e9s\",\"item\":\"https:\/\/editorialmediterrania.com\/es\/premi-pilarin-bayes\/\"},{\"@type\":\"ListItem\",\"position\":2,\"name\":\"Premio Pilar\u00edn Bay\u00e9s 2010\"}]},{\"@type\":\"WebSite\",\"@id\":\"https:\/\/editorialmediterrania.com\/es\/#website\",\"url\":\"https:\/\/editorialmediterrania.com\/es\/\",\"name\":\"Editorial Mediterrania\",\"description\":\"Llibres que t\u2019obriran nous mons\",\"publisher\":{\"@id\":\"https:\/\/editorialmediterrania.com\/es\/#organization\"},\"alternateName\":\"Llibres infantils d'art, cultura i natura\",\"potentialAction\":[{\"@type\":\"SearchAction\",\"target\":{\"@type\":\"EntryPoint\",\"urlTemplate\":\"https:\/\/editorialmediterrania.com\/es\/?s={search_term_string}\"},\"query-input\":\"required name=search_term_string\"}],\"inLanguage\":\"es\"},{\"@type\":\"Organization\",\"@id\":\"https:\/\/editorialmediterrania.com\/es\/#organization\",\"name\":\"Editorial Mediterrania\",\"alternateName\":\"Llibres d'art, cultura i natura per infants i fam\u00edlies\",\"url\":\"https:\/\/editorialmediterrania.com\/es\/\",\"logo\":{\"@type\":\"ImageObject\",\"inLanguage\":\"es\",\"@id\":\"https:\/\/editorialmediterrania.com\/es\/#\/schema\/logo\/image\/\",\"url\":\"https:\/\/editorialmediterrania.com\/wp-content\/uploads\/2023\/03\/LOGO-ED_MEDITERRANIA_OK-2.png\",\"contentUrl\":\"https:\/\/editorialmediterrania.com\/wp-content\/uploads\/2023\/03\/LOGO-ED_MEDITERRANIA_OK-2.png\",\"width\":1200,\"height\":300,\"caption\":\"Editorial Mediterrania\"},\"image\":{\"@id\":\"https:\/\/editorialmediterrania.com\/es\/#\/schema\/logo\/image\/\"},\"sameAs\":[\"https:\/\/x.com\/edmediterrania\",\"https:\/\/www.instagram.com\/editorialmediterrania\/\"]}]}<\/script>\n<!-- \/ Yoast SEO plugin. -->","yoast_head_json":{"title":"Premio Pilar\u00edn Bay\u00e9s 2010 - Editorial Mediterr\u00e0nia","description":"Descobreix un m\u00f3n de meravelles a trav\u00e9s dels llibres de la nostra editorial especialitzada en art, cultura i natura per a fam\u00edlies. Amb il\u00b7lustracions fascinants i hist\u00f2ries enriquidores, inspirem el descobriment i la curiositat en petits i grans, connectant-los amb el patrimoni cultural i el meravell\u00f3s m\u00f3n natural que ens envolta","robots":{"index":"index","follow":"follow","max-snippet":"max-snippet:-1","max-image-preview":"max-image-preview:large","max-video-preview":"max-video-preview:-1"},"canonical":"https:\/\/editorialmediterrania.com\/es\/premio-pilarin-bayes\/pilarin-bayes-2010\/","og_locale":"es_ES","og_type":"article","og_title":"Premio Pilar\u00edn Bay\u00e9s 2010 - Editorial Mediterr\u00e0nia","og_description":"Descobreix un m\u00f3n de meravelles a trav\u00e9s dels llibres de la nostra editorial especialitzada en art, cultura i natura per a fam\u00edlies. Amb il\u00b7lustracions fascinants i hist\u00f2ries enriquidores, inspirem el descobriment i la curiositat en petits i grans, connectant-los amb el patrimoni cultural i el meravell\u00f3s m\u00f3n natural que ens envolta","og_url":"https:\/\/editorialmediterrania.com\/es\/premio-pilarin-bayes\/pilarin-bayes-2010\/","og_site_name":"Editorial Mediterr\u00e0nia","article_modified_time":"2015-12-18T18:19:48+00:00","og_image":[{"width":512,"height":512,"url":"https:\/\/editorialmediterrania.com\/wp-content\/uploads\/2023\/03\/cropped-LOGO-ED_MEDITERRANIA_OK-2.png","type":"image\/png"}],"twitter_card":"summary_large_image","twitter_site":"@edmediterrania","twitter_misc":{"Tiempo de lectura":"2 minutos"},"schema":{"@context":"https:\/\/schema.org","@graph":[{"@type":"WebPage","@id":"https:\/\/editorialmediterrania.com\/es\/premio-pilarin-bayes\/pilarin-bayes-2010\/","url":"https:\/\/editorialmediterrania.com\/es\/premio-pilarin-bayes\/pilarin-bayes-2010\/","name":"Premio Pilar\u00edn Bay\u00e9s 2010 - Editorial Mediterr\u00e0nia","isPartOf":{"@id":"https:\/\/editorialmediterrania.com\/es\/#website"},"datePublished":"2012-12-18T08:12:32+00:00","dateModified":"2015-12-18T18:19:48+00:00","description":"Descobreix un m\u00f3n de meravelles a trav\u00e9s dels llibres de la nostra editorial especialitzada en art, cultura i natura per a fam\u00edlies. Amb il\u00b7lustracions fascinants i hist\u00f2ries enriquidores, inspirem el descobriment i la curiositat en petits i grans, connectant-los amb el patrimoni cultural i el meravell\u00f3s m\u00f3n natural que ens envolta","breadcrumb":{"@id":"https:\/\/editorialmediterrania.com\/es\/premio-pilarin-bayes\/pilarin-bayes-2010\/#breadcrumb"},"inLanguage":"es","potentialAction":[{"@type":"ReadAction","target":["https:\/\/editorialmediterrania.com\/es\/premio-pilarin-bayes\/pilarin-bayes-2010\/"]}]},{"@type":"BreadcrumbList","@id":"https:\/\/editorialmediterrania.com\/es\/premio-pilarin-bayes\/pilarin-bayes-2010\/#breadcrumb","itemListElement":[{"@type":"ListItem","position":1,"name":"Premio Pilar\u00edn Bay\u00e9s","item":"https:\/\/editorialmediterrania.com\/es\/premi-pilarin-bayes\/"},{"@type":"ListItem","position":2,"name":"Premio Pilar\u00edn Bay\u00e9s 2010"}]},{"@type":"WebSite","@id":"https:\/\/editorialmediterrania.com\/es\/#website","url":"https:\/\/editorialmediterrania.com\/es\/","name":"Editorial Mediterrania","description":"Llibres que t\u2019obriran nous mons","publisher":{"@id":"https:\/\/editorialmediterrania.com\/es\/#organization"},"alternateName":"Llibres infantils d'art, cultura i natura","potentialAction":[{"@type":"SearchAction","target":{"@type":"EntryPoint","urlTemplate":"https:\/\/editorialmediterrania.com\/es\/?s={search_term_string}"},"query-input":"required name=search_term_string"}],"inLanguage":"es"},{"@type":"Organization","@id":"https:\/\/editorialmediterrania.com\/es\/#organization","name":"Editorial Mediterrania","alternateName":"Llibres d'art, cultura i natura per infants i fam\u00edlies","url":"https:\/\/editorialmediterrania.com\/es\/","logo":{"@type":"ImageObject","inLanguage":"es","@id":"https:\/\/editorialmediterrania.com\/es\/#\/schema\/logo\/image\/","url":"https:\/\/editorialmediterrania.com\/wp-content\/uploads\/2023\/03\/LOGO-ED_MEDITERRANIA_OK-2.png","contentUrl":"https:\/\/editorialmediterrania.com\/wp-content\/uploads\/2023\/03\/LOGO-ED_MEDITERRANIA_OK-2.png","width":1200,"height":300,"caption":"Editorial Mediterrania"},"image":{"@id":"https:\/\/editorialmediterrania.com\/es\/#\/schema\/logo\/image\/"},"sameAs":["https:\/\/x.com\/edmediterrania","https:\/\/www.instagram.com\/editorialmediterrania\/"]}]}},"_links":{"self":[{"href":"https:\/\/editorialmediterrania.com\/es\/wp-json\/wp\/v2\/pages\/2227","targetHints":{"allow":["GET"]}}],"collection":[{"href":"https:\/\/editorialmediterrania.com\/es\/wp-json\/wp\/v2\/pages"}],"about":[{"href":"https:\/\/editorialmediterrania.com\/es\/wp-json\/wp\/v2\/types\/page"}],"author":[{"embeddable":true,"href":"https:\/\/editorialmediterrania.com\/es\/wp-json\/wp\/v2\/users\/39"}],"replies":[{"embeddable":true,"href":"https:\/\/editorialmediterrania.com\/es\/wp-json\/wp\/v2\/comments?post=2227"}],"version-history":[{"count":0,"href":"https:\/\/editorialmediterrania.com\/es\/wp-json\/wp\/v2\/pages\/2227\/revisions"}],"up":[{"embeddable":true,"href":"https:\/\/editorialmediterrania.com\/es\/wp-json\/wp\/v2\/pages\/1690"}],"wp:attachment":[{"href":"https:\/\/editorialmediterrania.com\/es\/wp-json\/wp\/v2\/media?parent=2227"}],"curies":[{"name":"wp","href":"https:\/\/api.w.org\/{rel}","templated":true}]}}