{"id":2247,"date":"2012-12-18T09:13:32","date_gmt":"2012-12-18T08:13:32","guid":{"rendered":"http:\/\/mediterrania.adgency.es\/premio-pilarin-bayes\/pilarin-bayes-archivo-8\/"},"modified":"2015-12-18T19:27:24","modified_gmt":"2015-12-18T18:27:24","slug":"pilarin-bayes-2011","status":"publish","type":"page","link":"https:\/\/editorialmediterrania.com\/es\/premio-pilarin-bayes\/pilarin-bayes-2011\/","title":{"rendered":"Premio Pilar\u00edn Bay\u00e9s 2011"},"content":{"rendered":"<h2 style=\"text-align: justify;\">Los bosques<\/h2>\n<h2 style=\"text-align: justify;\">8\u00aa edici\u00f3n (2011)<\/h2>\n<p style=\"text-align: justify;\">En la octava edici\u00f3n, recibimos <strong>1.575 cuentos<\/strong> de <strong>112 escuelas<\/strong> de Catalu\u00f1a, con la participaci\u00f3n de alrededor de <strong>5.000 alumnos<\/strong>. El tema que propusimos fue \u00ablos bosques\u00bb, aprovechando que el 2011 era el a\u00f1o internacional. La entrega de premios se realiz\u00f3 el \u00a0jueves 26 de mayo en el Teatre l&#8217;Atl\u00e0ntida de Vic, y asistieron PIlar\u00edn Bay\u00e9s, el resto de miembros del jurado, la directora de Editorial Mediterr\u00e0nia, M\u00f2nica Estruch, y la alcaldesa en funciones de Vic, Anna Erra. La ceremonia fue animada por el grupo infantil El Sidral.<\/p>\n<p style=\"text-align: justify;\">\n<p style=\"text-align: justify;\">El acto, llevado a cabo expresamente en la ciudad natal de la ilustradora, represent\u00f3 un sentido homenaje en su septuag\u00e9simo aniversario, y se hico coincidir con el a\u00f1o Pilar\u00edn Bay\u00e9s, que se iniciaba en abril, otorg\u00e1ndole la medalla de Oro de la ciudad.<\/p>\n<p style=\"text-align: justify;\">A todos los alumnos y profesores presentes se les obsequi\u00f3 con el libro <a href=\"http:\/\/localhost:8888\/mediterrania\/es\/producto\/contes-de-boscos\/\"><em><strong>Contes de boscos<\/strong><\/em><\/a> y con un fuet de Vic.<\/p>\n<p style=\"text-align: justify;\">Los cuentos ganadores fueron:<\/p>\n<p style=\"text-align: justify;\"><strong>-Ciclo inicial:<\/strong><\/p>\n<ul style=\"text-align: justify;\">\n<li><b>El bosc encantat\u00a0<\/b>con el pseud\u00f3nimo Pollets, de la Instituci\u00f3n Montserrat, de Barcelona<\/li>\n<li><b>Del bosc del Serrat al bosc del Tur\u00f3<\/b>\u00a0con el pseud\u00f3nimo\u00a0Els moixons, del CEIP Dr. Salarich, de Vic<\/li>\n<li><b>L\u2019arbre que no podia cr\u00e8ixer<\/b>\u00a0con el pseud\u00f3nimo\u00a0Classe de les panteres, de\u00a0la escuela\u00a0Josep Veciana, de Perafort<\/li>\n<li><b>Qui ha dit que tots els boscos s\u00f3n iguals?<\/b>\u00a0con el pseud\u00f3nimo\u00a0la Dragoneta, de\u00a0la escuela\u00a0La Draga, de Banyoles<\/li>\n<li><b>L\u2019accident de l\u2019esquirol<\/b>\u00a0con el pseud\u00f3nimo\u00a0Garb\u00ed, de\u00a0la escuela\u00a0J. Dalmau Carles, de Girona<\/li>\n<\/ul>\n<p>&nbsp;<\/p>\n<p style=\"text-align: justify;\"><strong>-Ciclo medio:<\/strong><\/p>\n<ul style=\"text-align: justify;\">\n<li><b>Els meus amics del bosc m\u00e0gic<\/b>\u00a0con el pseud\u00f3nimo\u00a0Globox, de\u00a0la escuela\u00a0La Immaculada, de Barcelona<\/li>\n<li><b>El bosc sense llum<\/b>\u00a0con el pseud\u00f3nimo\u00a0Mavoli\u00e8ncia, del CEIP Lola Anglada, d\u2019Esplugues de Llobregat<\/li>\n<li><b>El bosc espantat<\/b>\u00a0con el pseud\u00f3nimo\u00a0Dof\u00ed Blau, de la Instituci\u00f3n Escolar Claret de Sabadell<\/li>\n<li><b>EL bosc dels senglars<\/b>\u00a0con el pseud\u00f3nimo\u00a0Jug\u00f3n 10, de\u00a0la escuela\u00a0Maria Ward, de Badalona<\/li>\n<li><b>L\u2019arbre dels botons<\/b>\u00a0con el pseud\u00f3nimo\u00a0Lluna terrestre, de\u00a0la escuela\u00a0Cultura Pr\u00e0ctica de Terrassa<\/li>\n<\/ul>\n<p>&nbsp;<\/p>\n<p style=\"text-align: justify;\"><strong>-Ciclo superior:<\/strong><\/p>\n<ul>\n<li style=\"text-align: justify;\"><b>L\u2019oblit del bosc<\/b>\u00a0con el pseud\u00f3nimo\u00a0Serp de vidre,\u00a0la escuela\u00a0Shalom de Barcelona<\/li>\n<li style=\"text-align: justify;\"><b>L\u2019ultim bosc<\/b>\u00a0con el pseud\u00f3nimo\u00a0Pol serpentina, de\u00a0la escuela\u00a0Saint George\u2019s School de Fornells de la Selva<\/li>\n<li style=\"text-align: justify;\"><b>El conte de la iaia Rita<\/b>\u00a0con el pseud\u00f3nimo\u00a0Iona, de la escuela Saint George\u2019s School de Fornells de la Selva<\/li>\n<li style=\"text-align: justify;\"><b>Utx\u00ed-Llop Valent<\/b>\u00a0con el pseud\u00f3nimo\u00a0Anna Frank, de l\u2019Escolania de Montserrat, de Montserrat<\/li>\n<li style=\"text-align: justify;\"><b>Hist\u00f2ria d\u2019un tamarro<\/b>\u00a0con el pseud\u00f3nimo\u00a0Tamarro, del CEIP Els Raiers de la Pobla de Segur<\/li>\n<\/ul>\n","protected":false},"excerpt":{"rendered":"<p>Los bosques 8\u00aa edici\u00f3n (2011) En la octava edici\u00f3n, recibimos 1.575 cuentos de 112 escuelas de Catalu\u00f1a, con la participaci\u00f3n de alrededor de 5.000 alumnos. El tema que propusimos fue \u00ablos bosques\u00bb, aprovechando que el 2011 era el a\u00f1o internacional. La entrega de premios se realiz\u00f3 el \u00a0jueves 26 de mayo en el Teatre l&#8217;Atl\u00e0ntida [&hellip;]<\/p>\n","protected":false},"author":39,"featured_media":0,"parent":1690,"menu_order":0,"comment_status":"closed","ping_status":"open","template":"dms-templates\/dms-premi-pilarin.php","meta":{"footnotes":""},"class_list":["post-2247","page","type-page","status-publish","hentry"],"acf":[],"yoast_head":"<!-- This site is optimized with the Yoast SEO plugin v22.8 - https:\/\/yoast.com\/wordpress\/plugins\/seo\/ -->\n<title>Premio Pilar\u00edn Bay\u00e9s 2011 - Editorial Mediterr\u00e0nia<\/title>\n<meta name=\"description\" content=\"Descobreix un m\u00f3n de meravelles a trav\u00e9s dels llibres de la nostra editorial especialitzada en art, cultura i natura per a fam\u00edlies. Amb il\u00b7lustracions fascinants i hist\u00f2ries enriquidores, inspirem el descobriment i la curiositat en petits i grans, connectant-los amb el patrimoni cultural i el meravell\u00f3s m\u00f3n natural que ens envolta\" \/>\n<meta name=\"robots\" content=\"index, follow, max-snippet:-1, max-image-preview:large, max-video-preview:-1\" \/>\n<link rel=\"canonical\" href=\"https:\/\/editorialmediterrania.com\/es\/premio-pilarin-bayes\/pilarin-bayes-2011\/\" \/>\n<meta property=\"og:locale\" content=\"es_ES\" \/>\n<meta property=\"og:type\" content=\"article\" \/>\n<meta property=\"og:title\" content=\"Premio Pilar\u00edn Bay\u00e9s 2011 - Editorial Mediterr\u00e0nia\" \/>\n<meta property=\"og:description\" content=\"Descobreix un m\u00f3n de meravelles a trav\u00e9s dels llibres de la nostra editorial especialitzada en art, cultura i natura per a fam\u00edlies. Amb il\u00b7lustracions fascinants i hist\u00f2ries enriquidores, inspirem el descobriment i la curiositat en petits i grans, connectant-los amb el patrimoni cultural i el meravell\u00f3s m\u00f3n natural que ens envolta\" \/>\n<meta property=\"og:url\" content=\"https:\/\/editorialmediterrania.com\/es\/premio-pilarin-bayes\/pilarin-bayes-2011\/\" \/>\n<meta property=\"og:site_name\" content=\"Editorial Mediterr\u00e0nia\" \/>\n<meta property=\"article:modified_time\" content=\"2015-12-18T18:27:24+00:00\" \/>\n<meta property=\"og:image\" content=\"https:\/\/editorialmediterrania.com\/wp-content\/uploads\/2023\/03\/cropped-LOGO-ED_MEDITERRANIA_OK-2.png\" \/>\n\t<meta property=\"og:image:width\" content=\"512\" \/>\n\t<meta property=\"og:image:height\" content=\"512\" \/>\n\t<meta property=\"og:image:type\" content=\"image\/png\" \/>\n<meta name=\"twitter:card\" content=\"summary_large_image\" \/>\n<meta name=\"twitter:site\" content=\"@edmediterrania\" \/>\n<meta name=\"twitter:label1\" content=\"Tiempo de lectura\" \/>\n\t<meta name=\"twitter:data1\" content=\"2 minutos\" \/>\n<script type=\"application\/ld+json\" class=\"yoast-schema-graph\">{\"@context\":\"https:\/\/schema.org\",\"@graph\":[{\"@type\":\"WebPage\",\"@id\":\"https:\/\/editorialmediterrania.com\/es\/premio-pilarin-bayes\/pilarin-bayes-2011\/\",\"url\":\"https:\/\/editorialmediterrania.com\/es\/premio-pilarin-bayes\/pilarin-bayes-2011\/\",\"name\":\"Premio Pilar\u00edn Bay\u00e9s 2011 - Editorial Mediterr\u00e0nia\",\"isPartOf\":{\"@id\":\"https:\/\/editorialmediterrania.com\/es\/#website\"},\"datePublished\":\"2012-12-18T08:13:32+00:00\",\"dateModified\":\"2015-12-18T18:27:24+00:00\",\"description\":\"Descobreix un m\u00f3n de meravelles a trav\u00e9s dels llibres de la nostra editorial especialitzada en art, cultura i natura per a fam\u00edlies. Amb il\u00b7lustracions fascinants i hist\u00f2ries enriquidores, inspirem el descobriment i la curiositat en petits i grans, connectant-los amb el patrimoni cultural i el meravell\u00f3s m\u00f3n natural que ens envolta\",\"breadcrumb\":{\"@id\":\"https:\/\/editorialmediterrania.com\/es\/premio-pilarin-bayes\/pilarin-bayes-2011\/#breadcrumb\"},\"inLanguage\":\"es\",\"potentialAction\":[{\"@type\":\"ReadAction\",\"target\":[\"https:\/\/editorialmediterrania.com\/es\/premio-pilarin-bayes\/pilarin-bayes-2011\/\"]}]},{\"@type\":\"BreadcrumbList\",\"@id\":\"https:\/\/editorialmediterrania.com\/es\/premio-pilarin-bayes\/pilarin-bayes-2011\/#breadcrumb\",\"itemListElement\":[{\"@type\":\"ListItem\",\"position\":1,\"name\":\"Premio Pilar\u00edn Bay\u00e9s\",\"item\":\"https:\/\/editorialmediterrania.com\/es\/premi-pilarin-bayes\/\"},{\"@type\":\"ListItem\",\"position\":2,\"name\":\"Premio Pilar\u00edn Bay\u00e9s 2011\"}]},{\"@type\":\"WebSite\",\"@id\":\"https:\/\/editorialmediterrania.com\/es\/#website\",\"url\":\"https:\/\/editorialmediterrania.com\/es\/\",\"name\":\"Editorial Mediterrania\",\"description\":\"Llibres que t\u2019obriran nous mons\",\"publisher\":{\"@id\":\"https:\/\/editorialmediterrania.com\/es\/#organization\"},\"alternateName\":\"Llibres infantils d'art, cultura i natura\",\"potentialAction\":[{\"@type\":\"SearchAction\",\"target\":{\"@type\":\"EntryPoint\",\"urlTemplate\":\"https:\/\/editorialmediterrania.com\/es\/?s={search_term_string}\"},\"query-input\":\"required name=search_term_string\"}],\"inLanguage\":\"es\"},{\"@type\":\"Organization\",\"@id\":\"https:\/\/editorialmediterrania.com\/es\/#organization\",\"name\":\"Editorial Mediterrania\",\"alternateName\":\"Llibres d'art, cultura i natura per infants i fam\u00edlies\",\"url\":\"https:\/\/editorialmediterrania.com\/es\/\",\"logo\":{\"@type\":\"ImageObject\",\"inLanguage\":\"es\",\"@id\":\"https:\/\/editorialmediterrania.com\/es\/#\/schema\/logo\/image\/\",\"url\":\"https:\/\/editorialmediterrania.com\/wp-content\/uploads\/2023\/03\/LOGO-ED_MEDITERRANIA_OK-2.png\",\"contentUrl\":\"https:\/\/editorialmediterrania.com\/wp-content\/uploads\/2023\/03\/LOGO-ED_MEDITERRANIA_OK-2.png\",\"width\":1200,\"height\":300,\"caption\":\"Editorial Mediterrania\"},\"image\":{\"@id\":\"https:\/\/editorialmediterrania.com\/es\/#\/schema\/logo\/image\/\"},\"sameAs\":[\"https:\/\/x.com\/edmediterrania\",\"https:\/\/www.instagram.com\/editorialmediterrania\/\"]}]}<\/script>\n<!-- \/ Yoast SEO plugin. -->","yoast_head_json":{"title":"Premio Pilar\u00edn Bay\u00e9s 2011 - Editorial Mediterr\u00e0nia","description":"Descobreix un m\u00f3n de meravelles a trav\u00e9s dels llibres de la nostra editorial especialitzada en art, cultura i natura per a fam\u00edlies. Amb il\u00b7lustracions fascinants i hist\u00f2ries enriquidores, inspirem el descobriment i la curiositat en petits i grans, connectant-los amb el patrimoni cultural i el meravell\u00f3s m\u00f3n natural que ens envolta","robots":{"index":"index","follow":"follow","max-snippet":"max-snippet:-1","max-image-preview":"max-image-preview:large","max-video-preview":"max-video-preview:-1"},"canonical":"https:\/\/editorialmediterrania.com\/es\/premio-pilarin-bayes\/pilarin-bayes-2011\/","og_locale":"es_ES","og_type":"article","og_title":"Premio Pilar\u00edn Bay\u00e9s 2011 - Editorial Mediterr\u00e0nia","og_description":"Descobreix un m\u00f3n de meravelles a trav\u00e9s dels llibres de la nostra editorial especialitzada en art, cultura i natura per a fam\u00edlies. Amb il\u00b7lustracions fascinants i hist\u00f2ries enriquidores, inspirem el descobriment i la curiositat en petits i grans, connectant-los amb el patrimoni cultural i el meravell\u00f3s m\u00f3n natural que ens envolta","og_url":"https:\/\/editorialmediterrania.com\/es\/premio-pilarin-bayes\/pilarin-bayes-2011\/","og_site_name":"Editorial Mediterr\u00e0nia","article_modified_time":"2015-12-18T18:27:24+00:00","og_image":[{"width":512,"height":512,"url":"https:\/\/editorialmediterrania.com\/wp-content\/uploads\/2023\/03\/cropped-LOGO-ED_MEDITERRANIA_OK-2.png","type":"image\/png"}],"twitter_card":"summary_large_image","twitter_site":"@edmediterrania","twitter_misc":{"Tiempo de lectura":"2 minutos"},"schema":{"@context":"https:\/\/schema.org","@graph":[{"@type":"WebPage","@id":"https:\/\/editorialmediterrania.com\/es\/premio-pilarin-bayes\/pilarin-bayes-2011\/","url":"https:\/\/editorialmediterrania.com\/es\/premio-pilarin-bayes\/pilarin-bayes-2011\/","name":"Premio Pilar\u00edn Bay\u00e9s 2011 - Editorial Mediterr\u00e0nia","isPartOf":{"@id":"https:\/\/editorialmediterrania.com\/es\/#website"},"datePublished":"2012-12-18T08:13:32+00:00","dateModified":"2015-12-18T18:27:24+00:00","description":"Descobreix un m\u00f3n de meravelles a trav\u00e9s dels llibres de la nostra editorial especialitzada en art, cultura i natura per a fam\u00edlies. Amb il\u00b7lustracions fascinants i hist\u00f2ries enriquidores, inspirem el descobriment i la curiositat en petits i grans, connectant-los amb el patrimoni cultural i el meravell\u00f3s m\u00f3n natural que ens envolta","breadcrumb":{"@id":"https:\/\/editorialmediterrania.com\/es\/premio-pilarin-bayes\/pilarin-bayes-2011\/#breadcrumb"},"inLanguage":"es","potentialAction":[{"@type":"ReadAction","target":["https:\/\/editorialmediterrania.com\/es\/premio-pilarin-bayes\/pilarin-bayes-2011\/"]}]},{"@type":"BreadcrumbList","@id":"https:\/\/editorialmediterrania.com\/es\/premio-pilarin-bayes\/pilarin-bayes-2011\/#breadcrumb","itemListElement":[{"@type":"ListItem","position":1,"name":"Premio Pilar\u00edn Bay\u00e9s","item":"https:\/\/editorialmediterrania.com\/es\/premi-pilarin-bayes\/"},{"@type":"ListItem","position":2,"name":"Premio Pilar\u00edn Bay\u00e9s 2011"}]},{"@type":"WebSite","@id":"https:\/\/editorialmediterrania.com\/es\/#website","url":"https:\/\/editorialmediterrania.com\/es\/","name":"Editorial Mediterrania","description":"Llibres que t\u2019obriran nous mons","publisher":{"@id":"https:\/\/editorialmediterrania.com\/es\/#organization"},"alternateName":"Llibres infantils d'art, cultura i natura","potentialAction":[{"@type":"SearchAction","target":{"@type":"EntryPoint","urlTemplate":"https:\/\/editorialmediterrania.com\/es\/?s={search_term_string}"},"query-input":"required name=search_term_string"}],"inLanguage":"es"},{"@type":"Organization","@id":"https:\/\/editorialmediterrania.com\/es\/#organization","name":"Editorial Mediterrania","alternateName":"Llibres d'art, cultura i natura per infants i fam\u00edlies","url":"https:\/\/editorialmediterrania.com\/es\/","logo":{"@type":"ImageObject","inLanguage":"es","@id":"https:\/\/editorialmediterrania.com\/es\/#\/schema\/logo\/image\/","url":"https:\/\/editorialmediterrania.com\/wp-content\/uploads\/2023\/03\/LOGO-ED_MEDITERRANIA_OK-2.png","contentUrl":"https:\/\/editorialmediterrania.com\/wp-content\/uploads\/2023\/03\/LOGO-ED_MEDITERRANIA_OK-2.png","width":1200,"height":300,"caption":"Editorial Mediterrania"},"image":{"@id":"https:\/\/editorialmediterrania.com\/es\/#\/schema\/logo\/image\/"},"sameAs":["https:\/\/x.com\/edmediterrania","https:\/\/www.instagram.com\/editorialmediterrania\/"]}]}},"_links":{"self":[{"href":"https:\/\/editorialmediterrania.com\/es\/wp-json\/wp\/v2\/pages\/2247","targetHints":{"allow":["GET"]}}],"collection":[{"href":"https:\/\/editorialmediterrania.com\/es\/wp-json\/wp\/v2\/pages"}],"about":[{"href":"https:\/\/editorialmediterrania.com\/es\/wp-json\/wp\/v2\/types\/page"}],"author":[{"embeddable":true,"href":"https:\/\/editorialmediterrania.com\/es\/wp-json\/wp\/v2\/users\/39"}],"replies":[{"embeddable":true,"href":"https:\/\/editorialmediterrania.com\/es\/wp-json\/wp\/v2\/comments?post=2247"}],"version-history":[{"count":0,"href":"https:\/\/editorialmediterrania.com\/es\/wp-json\/wp\/v2\/pages\/2247\/revisions"}],"up":[{"embeddable":true,"href":"https:\/\/editorialmediterrania.com\/es\/wp-json\/wp\/v2\/pages\/1690"}],"wp:attachment":[{"href":"https:\/\/editorialmediterrania.com\/es\/wp-json\/wp\/v2\/media?parent=2247"}],"curies":[{"name":"wp","href":"https:\/\/api.w.org\/{rel}","templated":true}]}}