{"id":2440,"date":"2012-12-18T09:15:24","date_gmt":"2012-12-18T08:15:24","guid":{"rendered":"http:\/\/mediterrania.adgency.es\/premio-pilarin-bayes\/pilarin-bayes-archivo-10\/"},"modified":"2015-12-18T20:01:47","modified_gmt":"2015-12-18T19:01:47","slug":"pilarin-bayes-2013","status":"publish","type":"page","link":"https:\/\/editorialmediterrania.com\/es\/premio-pilarin-bayes\/pilarin-bayes-2013\/","title":{"rendered":"Premio Pilar\u00edn Bay\u00e9s 2013"},"content":{"rendered":"<h2 style=\"text-align: justify;\">El deporte<\/h2>\n<h2 style=\"text-align: justify;\">10\u00aa edici\u00f3n (2013)<\/h2>\n<p style=\"text-align: justify;\">Como cada a\u00f1o, Editorial Mediterr\u00e0nia volvemos a abrir el exitoso premio Pilar\u00edn Bay\u00e9s.<\/p>\n<p style=\"text-align: justify;\">El tema que proponemos para esta d\u00e9cima edici\u00f3n es <strong>\u201cSaber ganar, saber perder: cuentos sobre el deporte\u201d<\/strong>, y ya han sido convocadas <strong>m\u00e1s de 2.300 escuelas<\/strong> de Catalu\u00f1a.<\/p>\n<p style=\"text-align: justify;\">La <strong>fecha l\u00edmite de entrega<\/strong> de los cuentos ser\u00e1 el d\u00eda <strong>21 de febrero<\/strong>, y el veredicto del jurado se har\u00e1 p\u00fablico, como en ediciones anteriores, el 23 de abril, d\u00eda de Sant Jordi. A finales del mes de mayo tendr\u00e1 lugar la fiesta de entrega de premios.<\/p>\n<p style=\"text-align: justify;\">Por otro lado, en la edici\u00f3n anterior contamos con el pedagogo y fil\u00f3sofo Gregorio Luri, quien ley\u00f3 todos\u00a0 los cuentos que se presentaron al concurso y elabor\u00f3 un estudio (<em>Valors per superar la crisi<\/em>) en el que quedan reflejadas sus valoraciones sobre la vivencia de los ni\u00f1os y la crisis.<\/p>\n<p style=\"text-align: justify;\">Este a\u00f1o, visto el \u00e9xito de la presencia de la figura de un experto en el premio, contamos con la colaboraci\u00f3n del Grup de Recerca en Educaci\u00f3 F\u00edsica, de la Universitat de Vic, para el an\u00e1lisis y la extracci\u00f3n de conclusiones de las experiencias de los ni\u00f1os y ni\u00f1as respecto al mundo del deporte.<\/p>\n<p style=\"text-align: justify;\"><em><strong><a href=\"http:\/\/editorialmediterrania.com\/product\/contes-desport\/\">Contes d&#8217;esport<\/a><\/strong><\/em> incluye los relatos escritos por las escuelas galardonadas. El volumen es el resultado de la elecci\u00f3n de entre m\u00e1s de 2.300 cuentos de alumnos de 6 a 12 a\u00f1os de los ciclos de primaria de 217 escuelas de toda Catalu\u00f1a.<\/p>\n","protected":false},"excerpt":{"rendered":"<p>El deporte 10\u00aa edici\u00f3n (2013) Como cada a\u00f1o, Editorial Mediterr\u00e0nia volvemos a abrir el exitoso premio Pilar\u00edn Bay\u00e9s. El tema que proponemos para esta d\u00e9cima edici\u00f3n es \u201cSaber ganar, saber perder: cuentos sobre el deporte\u201d, y ya han sido convocadas m\u00e1s de 2.300 escuelas de Catalu\u00f1a. La fecha l\u00edmite de entrega de los cuentos ser\u00e1 [&hellip;]<\/p>\n","protected":false},"author":39,"featured_media":0,"parent":1690,"menu_order":0,"comment_status":"closed","ping_status":"open","template":"dms-templates\/dms-premi-pilarin.php","meta":{"footnotes":""},"class_list":["post-2440","page","type-page","status-publish","hentry"],"acf":[],"yoast_head":"<!-- This site is optimized with the Yoast SEO plugin v22.8 - https:\/\/yoast.com\/wordpress\/plugins\/seo\/ -->\n<title>Premio Pilar\u00edn Bay\u00e9s 2013 - Editorial Mediterr\u00e0nia<\/title>\n<meta name=\"description\" content=\"Descobreix un m\u00f3n de meravelles a trav\u00e9s dels llibres de la nostra editorial especialitzada en art, cultura i natura per a fam\u00edlies. Amb il\u00b7lustracions fascinants i hist\u00f2ries enriquidores, inspirem el descobriment i la curiositat en petits i grans, connectant-los amb el patrimoni cultural i el meravell\u00f3s m\u00f3n natural que ens envolta\" \/>\n<meta name=\"robots\" content=\"index, follow, max-snippet:-1, max-image-preview:large, max-video-preview:-1\" \/>\n<link rel=\"canonical\" href=\"https:\/\/editorialmediterrania.com\/es\/premio-pilarin-bayes\/pilarin-bayes-2013\/\" \/>\n<meta property=\"og:locale\" content=\"es_ES\" \/>\n<meta property=\"og:type\" content=\"article\" \/>\n<meta property=\"og:title\" content=\"Premio Pilar\u00edn Bay\u00e9s 2013 - Editorial Mediterr\u00e0nia\" \/>\n<meta property=\"og:description\" content=\"Descobreix un m\u00f3n de meravelles a trav\u00e9s dels llibres de la nostra editorial especialitzada en art, cultura i natura per a fam\u00edlies. Amb il\u00b7lustracions fascinants i hist\u00f2ries enriquidores, inspirem el descobriment i la curiositat en petits i grans, connectant-los amb el patrimoni cultural i el meravell\u00f3s m\u00f3n natural que ens envolta\" \/>\n<meta property=\"og:url\" content=\"https:\/\/editorialmediterrania.com\/es\/premio-pilarin-bayes\/pilarin-bayes-2013\/\" \/>\n<meta property=\"og:site_name\" content=\"Editorial Mediterr\u00e0nia\" \/>\n<meta property=\"article:modified_time\" content=\"2015-12-18T19:01:47+00:00\" \/>\n<meta property=\"og:image\" content=\"https:\/\/editorialmediterrania.com\/wp-content\/uploads\/2023\/03\/cropped-LOGO-ED_MEDITERRANIA_OK-2.png\" \/>\n\t<meta property=\"og:image:width\" content=\"512\" \/>\n\t<meta property=\"og:image:height\" content=\"512\" \/>\n\t<meta property=\"og:image:type\" content=\"image\/png\" \/>\n<meta name=\"twitter:card\" content=\"summary_large_image\" \/>\n<meta name=\"twitter:site\" content=\"@edmediterrania\" \/>\n<meta name=\"twitter:label1\" content=\"Tiempo de lectura\" \/>\n\t<meta name=\"twitter:data1\" content=\"1 minuto\" \/>\n<script type=\"application\/ld+json\" class=\"yoast-schema-graph\">{\"@context\":\"https:\/\/schema.org\",\"@graph\":[{\"@type\":\"WebPage\",\"@id\":\"https:\/\/editorialmediterrania.com\/es\/premio-pilarin-bayes\/pilarin-bayes-2013\/\",\"url\":\"https:\/\/editorialmediterrania.com\/es\/premio-pilarin-bayes\/pilarin-bayes-2013\/\",\"name\":\"Premio Pilar\u00edn Bay\u00e9s 2013 - Editorial Mediterr\u00e0nia\",\"isPartOf\":{\"@id\":\"https:\/\/editorialmediterrania.com\/es\/#website\"},\"datePublished\":\"2012-12-18T08:15:24+00:00\",\"dateModified\":\"2015-12-18T19:01:47+00:00\",\"description\":\"Descobreix un m\u00f3n de meravelles a trav\u00e9s dels llibres de la nostra editorial especialitzada en art, cultura i natura per a fam\u00edlies. Amb il\u00b7lustracions fascinants i hist\u00f2ries enriquidores, inspirem el descobriment i la curiositat en petits i grans, connectant-los amb el patrimoni cultural i el meravell\u00f3s m\u00f3n natural que ens envolta\",\"breadcrumb\":{\"@id\":\"https:\/\/editorialmediterrania.com\/es\/premio-pilarin-bayes\/pilarin-bayes-2013\/#breadcrumb\"},\"inLanguage\":\"es\",\"potentialAction\":[{\"@type\":\"ReadAction\",\"target\":[\"https:\/\/editorialmediterrania.com\/es\/premio-pilarin-bayes\/pilarin-bayes-2013\/\"]}]},{\"@type\":\"BreadcrumbList\",\"@id\":\"https:\/\/editorialmediterrania.com\/es\/premio-pilarin-bayes\/pilarin-bayes-2013\/#breadcrumb\",\"itemListElement\":[{\"@type\":\"ListItem\",\"position\":1,\"name\":\"Premio Pilar\u00edn Bay\u00e9s\",\"item\":\"https:\/\/editorialmediterrania.com\/es\/premi-pilarin-bayes\/\"},{\"@type\":\"ListItem\",\"position\":2,\"name\":\"Premio Pilar\u00edn Bay\u00e9s 2013\"}]},{\"@type\":\"WebSite\",\"@id\":\"https:\/\/editorialmediterrania.com\/es\/#website\",\"url\":\"https:\/\/editorialmediterrania.com\/es\/\",\"name\":\"Editorial Mediterrania\",\"description\":\"Llibres que t\u2019obriran nous mons\",\"publisher\":{\"@id\":\"https:\/\/editorialmediterrania.com\/es\/#organization\"},\"alternateName\":\"Llibres infantils d'art, cultura i natura\",\"potentialAction\":[{\"@type\":\"SearchAction\",\"target\":{\"@type\":\"EntryPoint\",\"urlTemplate\":\"https:\/\/editorialmediterrania.com\/es\/?s={search_term_string}\"},\"query-input\":\"required name=search_term_string\"}],\"inLanguage\":\"es\"},{\"@type\":\"Organization\",\"@id\":\"https:\/\/editorialmediterrania.com\/es\/#organization\",\"name\":\"Editorial Mediterrania\",\"alternateName\":\"Llibres d'art, cultura i natura per infants i fam\u00edlies\",\"url\":\"https:\/\/editorialmediterrania.com\/es\/\",\"logo\":{\"@type\":\"ImageObject\",\"inLanguage\":\"es\",\"@id\":\"https:\/\/editorialmediterrania.com\/es\/#\/schema\/logo\/image\/\",\"url\":\"https:\/\/editorialmediterrania.com\/wp-content\/uploads\/2023\/03\/LOGO-ED_MEDITERRANIA_OK-2.png\",\"contentUrl\":\"https:\/\/editorialmediterrania.com\/wp-content\/uploads\/2023\/03\/LOGO-ED_MEDITERRANIA_OK-2.png\",\"width\":1200,\"height\":300,\"caption\":\"Editorial Mediterrania\"},\"image\":{\"@id\":\"https:\/\/editorialmediterrania.com\/es\/#\/schema\/logo\/image\/\"},\"sameAs\":[\"https:\/\/x.com\/edmediterrania\",\"https:\/\/www.instagram.com\/editorialmediterrania\/\"]}]}<\/script>\n<!-- \/ Yoast SEO plugin. -->","yoast_head_json":{"title":"Premio Pilar\u00edn Bay\u00e9s 2013 - Editorial Mediterr\u00e0nia","description":"Descobreix un m\u00f3n de meravelles a trav\u00e9s dels llibres de la nostra editorial especialitzada en art, cultura i natura per a fam\u00edlies. Amb il\u00b7lustracions fascinants i hist\u00f2ries enriquidores, inspirem el descobriment i la curiositat en petits i grans, connectant-los amb el patrimoni cultural i el meravell\u00f3s m\u00f3n natural que ens envolta","robots":{"index":"index","follow":"follow","max-snippet":"max-snippet:-1","max-image-preview":"max-image-preview:large","max-video-preview":"max-video-preview:-1"},"canonical":"https:\/\/editorialmediterrania.com\/es\/premio-pilarin-bayes\/pilarin-bayes-2013\/","og_locale":"es_ES","og_type":"article","og_title":"Premio Pilar\u00edn Bay\u00e9s 2013 - Editorial Mediterr\u00e0nia","og_description":"Descobreix un m\u00f3n de meravelles a trav\u00e9s dels llibres de la nostra editorial especialitzada en art, cultura i natura per a fam\u00edlies. Amb il\u00b7lustracions fascinants i hist\u00f2ries enriquidores, inspirem el descobriment i la curiositat en petits i grans, connectant-los amb el patrimoni cultural i el meravell\u00f3s m\u00f3n natural que ens envolta","og_url":"https:\/\/editorialmediterrania.com\/es\/premio-pilarin-bayes\/pilarin-bayes-2013\/","og_site_name":"Editorial Mediterr\u00e0nia","article_modified_time":"2015-12-18T19:01:47+00:00","og_image":[{"width":512,"height":512,"url":"https:\/\/editorialmediterrania.com\/wp-content\/uploads\/2023\/03\/cropped-LOGO-ED_MEDITERRANIA_OK-2.png","type":"image\/png"}],"twitter_card":"summary_large_image","twitter_site":"@edmediterrania","twitter_misc":{"Tiempo de lectura":"1 minuto"},"schema":{"@context":"https:\/\/schema.org","@graph":[{"@type":"WebPage","@id":"https:\/\/editorialmediterrania.com\/es\/premio-pilarin-bayes\/pilarin-bayes-2013\/","url":"https:\/\/editorialmediterrania.com\/es\/premio-pilarin-bayes\/pilarin-bayes-2013\/","name":"Premio Pilar\u00edn Bay\u00e9s 2013 - Editorial Mediterr\u00e0nia","isPartOf":{"@id":"https:\/\/editorialmediterrania.com\/es\/#website"},"datePublished":"2012-12-18T08:15:24+00:00","dateModified":"2015-12-18T19:01:47+00:00","description":"Descobreix un m\u00f3n de meravelles a trav\u00e9s dels llibres de la nostra editorial especialitzada en art, cultura i natura per a fam\u00edlies. Amb il\u00b7lustracions fascinants i hist\u00f2ries enriquidores, inspirem el descobriment i la curiositat en petits i grans, connectant-los amb el patrimoni cultural i el meravell\u00f3s m\u00f3n natural que ens envolta","breadcrumb":{"@id":"https:\/\/editorialmediterrania.com\/es\/premio-pilarin-bayes\/pilarin-bayes-2013\/#breadcrumb"},"inLanguage":"es","potentialAction":[{"@type":"ReadAction","target":["https:\/\/editorialmediterrania.com\/es\/premio-pilarin-bayes\/pilarin-bayes-2013\/"]}]},{"@type":"BreadcrumbList","@id":"https:\/\/editorialmediterrania.com\/es\/premio-pilarin-bayes\/pilarin-bayes-2013\/#breadcrumb","itemListElement":[{"@type":"ListItem","position":1,"name":"Premio Pilar\u00edn Bay\u00e9s","item":"https:\/\/editorialmediterrania.com\/es\/premi-pilarin-bayes\/"},{"@type":"ListItem","position":2,"name":"Premio Pilar\u00edn Bay\u00e9s 2013"}]},{"@type":"WebSite","@id":"https:\/\/editorialmediterrania.com\/es\/#website","url":"https:\/\/editorialmediterrania.com\/es\/","name":"Editorial Mediterrania","description":"Llibres que t\u2019obriran nous mons","publisher":{"@id":"https:\/\/editorialmediterrania.com\/es\/#organization"},"alternateName":"Llibres infantils d'art, cultura i natura","potentialAction":[{"@type":"SearchAction","target":{"@type":"EntryPoint","urlTemplate":"https:\/\/editorialmediterrania.com\/es\/?s={search_term_string}"},"query-input":"required name=search_term_string"}],"inLanguage":"es"},{"@type":"Organization","@id":"https:\/\/editorialmediterrania.com\/es\/#organization","name":"Editorial Mediterrania","alternateName":"Llibres d'art, cultura i natura per infants i fam\u00edlies","url":"https:\/\/editorialmediterrania.com\/es\/","logo":{"@type":"ImageObject","inLanguage":"es","@id":"https:\/\/editorialmediterrania.com\/es\/#\/schema\/logo\/image\/","url":"https:\/\/editorialmediterrania.com\/wp-content\/uploads\/2023\/03\/LOGO-ED_MEDITERRANIA_OK-2.png","contentUrl":"https:\/\/editorialmediterrania.com\/wp-content\/uploads\/2023\/03\/LOGO-ED_MEDITERRANIA_OK-2.png","width":1200,"height":300,"caption":"Editorial Mediterrania"},"image":{"@id":"https:\/\/editorialmediterrania.com\/es\/#\/schema\/logo\/image\/"},"sameAs":["https:\/\/x.com\/edmediterrania","https:\/\/www.instagram.com\/editorialmediterrania\/"]}]}},"_links":{"self":[{"href":"https:\/\/editorialmediterrania.com\/es\/wp-json\/wp\/v2\/pages\/2440","targetHints":{"allow":["GET"]}}],"collection":[{"href":"https:\/\/editorialmediterrania.com\/es\/wp-json\/wp\/v2\/pages"}],"about":[{"href":"https:\/\/editorialmediterrania.com\/es\/wp-json\/wp\/v2\/types\/page"}],"author":[{"embeddable":true,"href":"https:\/\/editorialmediterrania.com\/es\/wp-json\/wp\/v2\/users\/39"}],"replies":[{"embeddable":true,"href":"https:\/\/editorialmediterrania.com\/es\/wp-json\/wp\/v2\/comments?post=2440"}],"version-history":[{"count":0,"href":"https:\/\/editorialmediterrania.com\/es\/wp-json\/wp\/v2\/pages\/2440\/revisions"}],"up":[{"embeddable":true,"href":"https:\/\/editorialmediterrania.com\/es\/wp-json\/wp\/v2\/pages\/1690"}],"wp:attachment":[{"href":"https:\/\/editorialmediterrania.com\/es\/wp-json\/wp\/v2\/media?parent=2440"}],"curies":[{"name":"wp","href":"https:\/\/api.w.org\/{rel}","templated":true}]}}