{"id":2694,"date":"2013-01-19T15:10:39","date_gmt":"2013-01-19T14:10:39","guid":{"rendered":"http:\/\/editorialmediterraneatest.grupoormo.com\/premio-pilarin-bayes\/estudi-mediterrania\/"},"modified":"2013-06-25T14:00:09","modified_gmt":"2013-06-25T12:00:09","slug":"estudi-mediterrania","status":"publish","type":"page","link":"https:\/\/editorialmediterrania.com\/es\/estudi-mediterrania\/","title":{"rendered":"Estudio Mediterr\u00e0nia"},"content":{"rendered":"<h2>Estudio Mediterr\u00e0nia\u2013Escuchamos a los ni\u00f1os<\/h2>\n<p>Cada a\u00f1o el premio Pilar\u00edn Bay\u00e9s de cuentos escritos por ni\u00f1os y ni\u00f1as cuenta con la participaci\u00f3n de miles de alumnos de las m\u00e1s de 2.300 escuelas de primaria de Catalu\u00f1a.<\/p>\n<p>Como consecuencia de esta multitudinaria participaci\u00f3n, en Editorial Mediterr\u00e0nia recibimos una inmensa cantidad de relatos que tratan sobre el tema propuesto en cada convocatoria.<\/p>\n<p>En el a\u00f1o 2012 decidimos incluir una novedad en el premio Pilar\u00edn Bay\u00e9s: <strong>la figura de un experto sobre el tema de cada edici\u00f3n<\/strong>, con el objetivo principal de realizar un an\u00e1lisis de los cuentos recibidos que nos permita conocer <strong>cu\u00e1les son las vivencias de los ni\u00f1os y ni\u00f1as<\/strong>. Todas las conclusiones extra\u00eddas se editan en un libro que forma parte de la colecci\u00f3n \u201cEstudio Mediterr\u00e0nia\u2013Escuchamos a los ni\u00f1os\u201d.<\/p>\n<p>La primera persona que colabor\u00f3 en este proyecto fue el <strong>fil\u00f3sofo y pedagogo Gregorio Luri<\/strong>. En la <strong>novena edici\u00f3n del premio<\/strong> (2012), con el tema \u201c<strong>valores para superar la crisis<\/strong>\u201d, Gregorio ley\u00f3 todos los cuentos participantes y realiz\u00f3 un estudio sobre la visi\u00f3n de los m\u00e1s peque\u00f1os respecto a la situaci\u00f3n de crisis del momento.<\/p>\n<p style=\"text-align: center;\">\u00a0<a href=\"http:\/\/editorialmediterraneatest.grupoormo.com\/wp-content\/uploads\/2013\/01\/PortadaEstudiMediterrania11.jpg\"><img decoding=\"async\" class=\"size-medium wp-image-4041 aligncenter\" alt=\"PortadaEstudiMediterrania1\" src=\"http:\/\/editorialmediterraneatest.grupoormo.com\/wp-content\/uploads\/2013\/01\/PortadaEstudiMediterrania11-195x300.jpg\" width=\"161\" height=\"248\" srcset=\"https:\/\/editorialmediterrania.com\/wp-content\/uploads\/2013\/01\/PortadaEstudiMediterrania11-195x300.jpg 195w, https:\/\/editorialmediterrania.com\/wp-content\/uploads\/2013\/01\/PortadaEstudiMediterrania11.jpg 300w\" sizes=\"(max-width: 161px) 100vw, 161px\" \/><\/a><\/p>\n<p style=\"text-align: center;\">Desc\u00e1rgate\u00a0<a href=\"http:\/\/editorialmediterrania.cat\/wp-content\/uploads\/2013\/01\/Valors-per-superar-la-crisi2.pdf\">Valors per superar la crisi<\/a> (En catal\u00e1n)<\/p>\n<p>El tema propuesto para el <strong>d\u00e9cimo premio Pilar\u00edn Bay\u00e9s<\/strong> ha sido \u201csaber ganar, saber perder\u201d y este a\u00f1o hemos tenido la oportunidad de contar con la participaci\u00f3n del <strong>Grup de Recerca en Educaci\u00f3 F\u00edsica<\/strong>, de la <a title=\"Petita Hist\u00f2ria d\u2019Europa\" href=\"http:\/\/www.uvic.es\">Universitat de Vic<\/a>, para realizar esta tarea anal\u00edtica de las experiencias y las opiniones de los ni\u00f1os y ni\u00f1as sobre <strong>el mundo del deporte<\/strong>.<\/p>\n<p>A partir de los m\u00e1s de 2.300 cuentos recibidos, el GREF ha extra\u00eddo las conclusiones sobre los valores que los ni\u00f1os creen que imperan en la deportividad: solidaridad, aceptaci\u00f3n, respeto, trabajo en equipo y alegr\u00eda, entre otros.<\/p>\n<p><a href=\"http:\/\/editorialmediterrania.cat\/wp-content\/uploads\/2013\/01\/Cob_Estudi_2013_petita.jpg\"><img decoding=\"async\" class=\"aligncenter\" alt=\"Cob_Estudi_2013_petita\" src=\"http:\/\/editorialmediterrania.cat\/wp-content\/uploads\/2013\/01\/Cob_Estudi_2013_petita.jpg\" width=\"161\" height=\"257\" \/><\/a><\/p>\n<p style=\"text-align: center;\">\u00a0Desc\u00e1rgate\u00a0<a href=\"http:\/\/editorialmediterrania.cat\/wp-content\/uploads\/2013\/01\/Valors-de-lesport1.pdf\">Valors de l&#8217;esport<\/a> (En catal\u00e1n)<\/p>\n","protected":false},"excerpt":{"rendered":"<p>Estudio Mediterr\u00e0nia\u2013Escuchamos a los ni\u00f1os Cada a\u00f1o el premio Pilar\u00edn Bay\u00e9s de cuentos escritos por ni\u00f1os y ni\u00f1as cuenta con la participaci\u00f3n de miles de alumnos de las m\u00e1s de 2.300 escuelas de primaria de Catalu\u00f1a. Como consecuencia de esta multitudinaria participaci\u00f3n, en Editorial Mediterr\u00e0nia recibimos una inmensa cantidad de relatos que tratan sobre el [&hellip;]<\/p>\n","protected":false},"author":39,"featured_media":0,"parent":0,"menu_order":0,"comment_status":"closed","ping_status":"open","template":"page-estudi.php","meta":{"footnotes":""},"class_list":["post-2694","page","type-page","status-publish","hentry"],"acf":[],"yoast_head":"<!-- This site is optimized with the Yoast SEO plugin v22.8 - https:\/\/yoast.com\/wordpress\/plugins\/seo\/ -->\n<title>Estudio Mediterr\u00e0nia del Premio Pilar\u00edn Bay\u00e9s<\/title>\n<meta name=\"description\" content=\"Un experto analiza las vivencias de los ni\u00f1os y las ni\u00f1as participantes en el Premio Pilar\u00edn Bay\u00e9s. Sus conclusiones se publican en el Estudio Mediterr\u00e0nia.\" \/>\n<meta name=\"robots\" content=\"index, follow, max-snippet:-1, max-image-preview:large, max-video-preview:-1\" \/>\n<link rel=\"canonical\" href=\"https:\/\/editorialmediterrania.com\/es\/estudi-mediterrania\/\" \/>\n<meta property=\"og:locale\" content=\"es_ES\" \/>\n<meta property=\"og:type\" content=\"article\" \/>\n<meta property=\"og:title\" content=\"Estudio Mediterr\u00e0nia del Premio Pilar\u00edn Bay\u00e9s\" \/>\n<meta property=\"og:description\" content=\"Un experto analiza las vivencias de los ni\u00f1os y las ni\u00f1as participantes en el Premio Pilar\u00edn Bay\u00e9s. Sus conclusiones se publican en el Estudio Mediterr\u00e0nia.\" \/>\n<meta property=\"og:url\" content=\"https:\/\/editorialmediterrania.com\/es\/estudi-mediterrania\/\" \/>\n<meta property=\"og:site_name\" content=\"Editorial Mediterr\u00e0nia\" \/>\n<meta property=\"article:modified_time\" content=\"2013-06-25T12:00:09+00:00\" \/>\n<meta property=\"og:image\" content=\"http:\/\/editorialmediterraneatest.grupoormo.com\/wp-content\/uploads\/2013\/01\/PortadaEstudiMediterrania11-195x300.jpg\" \/>\n<meta name=\"twitter:card\" content=\"summary_large_image\" \/>\n<meta name=\"twitter:site\" content=\"@edmediterrania\" \/>\n<meta name=\"twitter:label1\" content=\"Tiempo de lectura\" \/>\n\t<meta name=\"twitter:data1\" content=\"2 minutos\" \/>\n<script type=\"application\/ld+json\" class=\"yoast-schema-graph\">{\"@context\":\"https:\/\/schema.org\",\"@graph\":[{\"@type\":\"WebPage\",\"@id\":\"https:\/\/editorialmediterrania.com\/es\/estudi-mediterrania\/\",\"url\":\"https:\/\/editorialmediterrania.com\/es\/estudi-mediterrania\/\",\"name\":\"Estudio Mediterr\u00e0nia del Premio Pilar\u00edn Bay\u00e9s\",\"isPartOf\":{\"@id\":\"https:\/\/editorialmediterrania.com\/es\/#website\"},\"primaryImageOfPage\":{\"@id\":\"https:\/\/editorialmediterrania.com\/es\/estudi-mediterrania\/#primaryimage\"},\"image\":{\"@id\":\"https:\/\/editorialmediterrania.com\/es\/estudi-mediterrania\/#primaryimage\"},\"thumbnailUrl\":\"http:\/\/editorialmediterraneatest.grupoormo.com\/wp-content\/uploads\/2013\/01\/PortadaEstudiMediterrania11-195x300.jpg\",\"datePublished\":\"2013-01-19T14:10:39+00:00\",\"dateModified\":\"2013-06-25T12:00:09+00:00\",\"description\":\"Un experto analiza las vivencias de los ni\u00f1os y las ni\u00f1as participantes en el Premio Pilar\u00edn Bay\u00e9s. Sus conclusiones se publican en el Estudio Mediterr\u00e0nia.\",\"inLanguage\":\"es\",\"potentialAction\":[{\"@type\":\"ReadAction\",\"target\":[\"https:\/\/editorialmediterrania.com\/es\/estudi-mediterrania\/\"]}]},{\"@type\":\"ImageObject\",\"inLanguage\":\"es\",\"@id\":\"https:\/\/editorialmediterrania.com\/es\/estudi-mediterrania\/#primaryimage\",\"url\":\"http:\/\/editorialmediterraneatest.grupoormo.com\/wp-content\/uploads\/2013\/01\/PortadaEstudiMediterrania11-195x300.jpg\",\"contentUrl\":\"http:\/\/editorialmediterraneatest.grupoormo.com\/wp-content\/uploads\/2013\/01\/PortadaEstudiMediterrania11-195x300.jpg\"},{\"@type\":\"WebSite\",\"@id\":\"https:\/\/editorialmediterrania.com\/es\/#website\",\"url\":\"https:\/\/editorialmediterrania.com\/es\/\",\"name\":\"Editorial Mediterrania\",\"description\":\"Llibres que t\u2019obriran nous mons\",\"publisher\":{\"@id\":\"https:\/\/editorialmediterrania.com\/es\/#organization\"},\"alternateName\":\"Llibres infantils d'art, cultura i natura\",\"potentialAction\":[{\"@type\":\"SearchAction\",\"target\":{\"@type\":\"EntryPoint\",\"urlTemplate\":\"https:\/\/editorialmediterrania.com\/es\/?s={search_term_string}\"},\"query-input\":\"required name=search_term_string\"}],\"inLanguage\":\"es\"},{\"@type\":\"Organization\",\"@id\":\"https:\/\/editorialmediterrania.com\/es\/#organization\",\"name\":\"Editorial Mediterrania\",\"alternateName\":\"Llibres d'art, cultura i natura per infants i fam\u00edlies\",\"url\":\"https:\/\/editorialmediterrania.com\/es\/\",\"logo\":{\"@type\":\"ImageObject\",\"inLanguage\":\"es\",\"@id\":\"https:\/\/editorialmediterrania.com\/es\/#\/schema\/logo\/image\/\",\"url\":\"https:\/\/editorialmediterrania.com\/wp-content\/uploads\/2023\/03\/LOGO-ED_MEDITERRANIA_OK-2.png\",\"contentUrl\":\"https:\/\/editorialmediterrania.com\/wp-content\/uploads\/2023\/03\/LOGO-ED_MEDITERRANIA_OK-2.png\",\"width\":1200,\"height\":300,\"caption\":\"Editorial Mediterrania\"},\"image\":{\"@id\":\"https:\/\/editorialmediterrania.com\/es\/#\/schema\/logo\/image\/\"},\"sameAs\":[\"https:\/\/x.com\/edmediterrania\",\"https:\/\/www.instagram.com\/editorialmediterrania\/\"]}]}<\/script>\n<!-- \/ Yoast SEO plugin. -->","yoast_head_json":{"title":"Estudio Mediterr\u00e0nia del Premio Pilar\u00edn Bay\u00e9s","description":"Un experto analiza las vivencias de los ni\u00f1os y las ni\u00f1as participantes en el Premio Pilar\u00edn Bay\u00e9s. Sus conclusiones se publican en el Estudio Mediterr\u00e0nia.","robots":{"index":"index","follow":"follow","max-snippet":"max-snippet:-1","max-image-preview":"max-image-preview:large","max-video-preview":"max-video-preview:-1"},"canonical":"https:\/\/editorialmediterrania.com\/es\/estudi-mediterrania\/","og_locale":"es_ES","og_type":"article","og_title":"Estudio Mediterr\u00e0nia del Premio Pilar\u00edn Bay\u00e9s","og_description":"Un experto analiza las vivencias de los ni\u00f1os y las ni\u00f1as participantes en el Premio Pilar\u00edn Bay\u00e9s. Sus conclusiones se publican en el Estudio Mediterr\u00e0nia.","og_url":"https:\/\/editorialmediterrania.com\/es\/estudi-mediterrania\/","og_site_name":"Editorial Mediterr\u00e0nia","article_modified_time":"2013-06-25T12:00:09+00:00","og_image":[{"url":"http:\/\/editorialmediterraneatest.grupoormo.com\/wp-content\/uploads\/2013\/01\/PortadaEstudiMediterrania11-195x300.jpg"}],"twitter_card":"summary_large_image","twitter_site":"@edmediterrania","twitter_misc":{"Tiempo de lectura":"2 minutos"},"schema":{"@context":"https:\/\/schema.org","@graph":[{"@type":"WebPage","@id":"https:\/\/editorialmediterrania.com\/es\/estudi-mediterrania\/","url":"https:\/\/editorialmediterrania.com\/es\/estudi-mediterrania\/","name":"Estudio Mediterr\u00e0nia del Premio Pilar\u00edn Bay\u00e9s","isPartOf":{"@id":"https:\/\/editorialmediterrania.com\/es\/#website"},"primaryImageOfPage":{"@id":"https:\/\/editorialmediterrania.com\/es\/estudi-mediterrania\/#primaryimage"},"image":{"@id":"https:\/\/editorialmediterrania.com\/es\/estudi-mediterrania\/#primaryimage"},"thumbnailUrl":"http:\/\/editorialmediterraneatest.grupoormo.com\/wp-content\/uploads\/2013\/01\/PortadaEstudiMediterrania11-195x300.jpg","datePublished":"2013-01-19T14:10:39+00:00","dateModified":"2013-06-25T12:00:09+00:00","description":"Un experto analiza las vivencias de los ni\u00f1os y las ni\u00f1as participantes en el Premio Pilar\u00edn Bay\u00e9s. Sus conclusiones se publican en el Estudio Mediterr\u00e0nia.","inLanguage":"es","potentialAction":[{"@type":"ReadAction","target":["https:\/\/editorialmediterrania.com\/es\/estudi-mediterrania\/"]}]},{"@type":"ImageObject","inLanguage":"es","@id":"https:\/\/editorialmediterrania.com\/es\/estudi-mediterrania\/#primaryimage","url":"http:\/\/editorialmediterraneatest.grupoormo.com\/wp-content\/uploads\/2013\/01\/PortadaEstudiMediterrania11-195x300.jpg","contentUrl":"http:\/\/editorialmediterraneatest.grupoormo.com\/wp-content\/uploads\/2013\/01\/PortadaEstudiMediterrania11-195x300.jpg"},{"@type":"WebSite","@id":"https:\/\/editorialmediterrania.com\/es\/#website","url":"https:\/\/editorialmediterrania.com\/es\/","name":"Editorial Mediterrania","description":"Llibres que t\u2019obriran nous mons","publisher":{"@id":"https:\/\/editorialmediterrania.com\/es\/#organization"},"alternateName":"Llibres infantils d'art, cultura i natura","potentialAction":[{"@type":"SearchAction","target":{"@type":"EntryPoint","urlTemplate":"https:\/\/editorialmediterrania.com\/es\/?s={search_term_string}"},"query-input":"required name=search_term_string"}],"inLanguage":"es"},{"@type":"Organization","@id":"https:\/\/editorialmediterrania.com\/es\/#organization","name":"Editorial Mediterrania","alternateName":"Llibres d'art, cultura i natura per infants i fam\u00edlies","url":"https:\/\/editorialmediterrania.com\/es\/","logo":{"@type":"ImageObject","inLanguage":"es","@id":"https:\/\/editorialmediterrania.com\/es\/#\/schema\/logo\/image\/","url":"https:\/\/editorialmediterrania.com\/wp-content\/uploads\/2023\/03\/LOGO-ED_MEDITERRANIA_OK-2.png","contentUrl":"https:\/\/editorialmediterrania.com\/wp-content\/uploads\/2023\/03\/LOGO-ED_MEDITERRANIA_OK-2.png","width":1200,"height":300,"caption":"Editorial Mediterrania"},"image":{"@id":"https:\/\/editorialmediterrania.com\/es\/#\/schema\/logo\/image\/"},"sameAs":["https:\/\/x.com\/edmediterrania","https:\/\/www.instagram.com\/editorialmediterrania\/"]}]}},"_links":{"self":[{"href":"https:\/\/editorialmediterrania.com\/es\/wp-json\/wp\/v2\/pages\/2694","targetHints":{"allow":["GET"]}}],"collection":[{"href":"https:\/\/editorialmediterrania.com\/es\/wp-json\/wp\/v2\/pages"}],"about":[{"href":"https:\/\/editorialmediterrania.com\/es\/wp-json\/wp\/v2\/types\/page"}],"author":[{"embeddable":true,"href":"https:\/\/editorialmediterrania.com\/es\/wp-json\/wp\/v2\/users\/39"}],"replies":[{"embeddable":true,"href":"https:\/\/editorialmediterrania.com\/es\/wp-json\/wp\/v2\/comments?post=2694"}],"version-history":[{"count":0,"href":"https:\/\/editorialmediterrania.com\/es\/wp-json\/wp\/v2\/pages\/2694\/revisions"}],"wp:attachment":[{"href":"https:\/\/editorialmediterrania.com\/es\/wp-json\/wp\/v2\/media?parent=2694"}],"curies":[{"name":"wp","href":"https:\/\/api.w.org\/{rel}","templated":true}]}}