{"id":27293,"date":"2017-01-30T23:30:37","date_gmt":"2017-01-30T22:30:37","guid":{"rendered":"http:\/\/editorialmediterrania.com\/resultats-menorca-2\/"},"modified":"2017-04-26T11:24:46","modified_gmt":"2017-04-26T09:24:46","slug":"resultados-menorca","status":"publish","type":"page","link":"https:\/\/editorialmediterrania.com\/es\/resultados-menorca\/","title":{"rendered":"\u00a1Enhorabuena explorador de Menorca!"},"content":{"rendered":"<p style=\"text-align: justify;\">\u00a1Felicidades! Imprimid el diploma correspondiente al t\u00edtulo que os merec\u00e9is, escribid vuestro nombre en \u00e9l y colgadlo en un lugar destacado de vuestra habitaci\u00f3n. Menorca\u00a0es una ciudad apasionante, \u00bfverdad?\u00a0Esperamos que hay\u00e1is disfrutado explorando la ciudad y que conozc\u00e1is un poco m\u00e1s su historia y algunos de sus misterios. \u00bfYa hab\u00e9is pensado en la pr\u00f3xima expedici\u00f3n?<\/p>\n<p><a href=\"http:\/\/localhost:8888\/mediterrania\/wp-content\/uploads\/2017\/01\/ExploremMenorcacastellano-98-diploma-min.jpg\"><img fetchpriority=\"high\" decoding=\"async\" class=\"aligncenter wp-image-27622 size-large\" src=\"http:\/\/localhost:8888\/mediterrania\/wp-content\/uploads\/2017\/01\/ExploremMenorcacastellano-98-diploma-min-1024x718.jpg\" alt=\"ExploremMenorcacastellano-98-diploma-min\" width=\"1024\" height=\"718\" srcset=\"https:\/\/editorialmediterrania.com\/wp-content\/uploads\/2017\/01\/ExploremMenorcacastellano-98-diploma-min-1024x718.jpg 1024w, https:\/\/editorialmediterrania.com\/wp-content\/uploads\/2017\/01\/ExploremMenorcacastellano-98-diploma-min-600x421.jpg 600w, https:\/\/editorialmediterrania.com\/wp-content\/uploads\/2017\/01\/ExploremMenorcacastellano-98-diploma-min-300x210.jpg 300w, https:\/\/editorialmediterrania.com\/wp-content\/uploads\/2017\/01\/ExploremMenorcacastellano-98-diploma-min-510x358.jpg 510w, https:\/\/editorialmediterrania.com\/wp-content\/uploads\/2017\/01\/ExploremMenorcacastellano-98-diploma-min-1080x757.jpg 1080w\" sizes=\"(max-width: 1024px) 100vw, 1024px\" \/><\/a><\/p>\n<p>&nbsp;<\/p>\n","protected":false},"excerpt":{"rendered":"<p>\u00a1Felicidades! Imprimid el diploma correspondiente al t\u00edtulo que os merec\u00e9is, escribid vuestro nombre en \u00e9l y colgadlo en un lugar destacado de vuestra habitaci\u00f3n. Menorca\u00a0es una ciudad apasionante, \u00bfverdad?\u00a0Esperamos que hay\u00e1is disfrutado explorando la ciudad y que conozc\u00e1is un poco m\u00e1s su historia y algunos de sus misterios. \u00bfYa hab\u00e9is pensado en la pr\u00f3xima expedici\u00f3n? [&hellip;]<\/p>\n","protected":false},"author":39,"featured_media":0,"parent":0,"menu_order":0,"comment_status":"closed","ping_status":"open","template":"","meta":{"footnotes":""},"class_list":["post-27293","page","type-page","status-publish","hentry"],"acf":[],"yoast_head":"<!-- This site is optimized with the Yoast SEO plugin v22.8 - https:\/\/yoast.com\/wordpress\/plugins\/seo\/ -->\n<title>\u00a1Enhorabuena explorador de Menorca! - Editorial Mediterr\u00e0nia<\/title>\n<meta name=\"description\" content=\"Descobreix un m\u00f3n de meravelles a trav\u00e9s dels llibres de la nostra editorial especialitzada en art, cultura i natura per a fam\u00edlies. Amb il\u00b7lustracions fascinants i hist\u00f2ries enriquidores, inspirem el descobriment i la curiositat en petits i grans, connectant-los amb el patrimoni cultural i el meravell\u00f3s m\u00f3n natural que ens envolta\" \/>\n<meta name=\"robots\" content=\"index, follow, max-snippet:-1, max-image-preview:large, max-video-preview:-1\" \/>\n<link rel=\"canonical\" href=\"https:\/\/editorialmediterrania.com\/es\/resultados-menorca\/\" \/>\n<meta property=\"og:locale\" content=\"es_ES\" \/>\n<meta property=\"og:type\" content=\"article\" \/>\n<meta property=\"og:title\" content=\"\u00a1Enhorabuena explorador de Menorca! - Editorial Mediterr\u00e0nia\" \/>\n<meta property=\"og:description\" content=\"Descobreix un m\u00f3n de meravelles a trav\u00e9s dels llibres de la nostra editorial especialitzada en art, cultura i natura per a fam\u00edlies. Amb il\u00b7lustracions fascinants i hist\u00f2ries enriquidores, inspirem el descobriment i la curiositat en petits i grans, connectant-los amb el patrimoni cultural i el meravell\u00f3s m\u00f3n natural que ens envolta\" \/>\n<meta property=\"og:url\" content=\"https:\/\/editorialmediterrania.com\/es\/resultados-menorca\/\" \/>\n<meta property=\"og:site_name\" content=\"Editorial Mediterr\u00e0nia\" \/>\n<meta property=\"article:modified_time\" content=\"2017-04-26T09:24:46+00:00\" \/>\n<meta property=\"og:image\" content=\"http:\/\/localhost:8888\/mediterrania\/wp-content\/uploads\/2017\/01\/ExploremMenorcacastellano-98-diploma-min-1024x718.jpg\" \/>\n<meta name=\"twitter:card\" content=\"summary_large_image\" \/>\n<meta name=\"twitter:site\" content=\"@edmediterrania\" \/>\n<script type=\"application\/ld+json\" class=\"yoast-schema-graph\">{\"@context\":\"https:\/\/schema.org\",\"@graph\":[{\"@type\":\"WebPage\",\"@id\":\"https:\/\/editorialmediterrania.com\/es\/resultados-menorca\/\",\"url\":\"https:\/\/editorialmediterrania.com\/es\/resultados-menorca\/\",\"name\":\"\u00a1Enhorabuena explorador de Menorca! - Editorial Mediterr\u00e0nia\",\"isPartOf\":{\"@id\":\"https:\/\/editorialmediterrania.com\/es\/#website\"},\"primaryImageOfPage\":{\"@id\":\"https:\/\/editorialmediterrania.com\/es\/resultados-menorca\/#primaryimage\"},\"image\":{\"@id\":\"https:\/\/editorialmediterrania.com\/es\/resultados-menorca\/#primaryimage\"},\"thumbnailUrl\":\"http:\/\/localhost:8888\/mediterrania\/wp-content\/uploads\/2017\/01\/ExploremMenorcacastellano-98-diploma-min-1024x718.jpg\",\"datePublished\":\"2017-01-30T22:30:37+00:00\",\"dateModified\":\"2017-04-26T09:24:46+00:00\",\"description\":\"Descobreix un m\u00f3n de meravelles a trav\u00e9s dels llibres de la nostra editorial especialitzada en art, cultura i natura per a fam\u00edlies. Amb il\u00b7lustracions fascinants i hist\u00f2ries enriquidores, inspirem el descobriment i la curiositat en petits i grans, connectant-los amb el patrimoni cultural i el meravell\u00f3s m\u00f3n natural que ens envolta\",\"inLanguage\":\"es\",\"potentialAction\":[{\"@type\":\"ReadAction\",\"target\":[\"https:\/\/editorialmediterrania.com\/es\/resultados-menorca\/\"]}]},{\"@type\":\"ImageObject\",\"inLanguage\":\"es\",\"@id\":\"https:\/\/editorialmediterrania.com\/es\/resultados-menorca\/#primaryimage\",\"url\":\"http:\/\/localhost:8888\/mediterrania\/wp-content\/uploads\/2017\/01\/ExploremMenorcacastellano-98-diploma-min-1024x718.jpg\",\"contentUrl\":\"http:\/\/localhost:8888\/mediterrania\/wp-content\/uploads\/2017\/01\/ExploremMenorcacastellano-98-diploma-min-1024x718.jpg\"},{\"@type\":\"WebSite\",\"@id\":\"https:\/\/editorialmediterrania.com\/es\/#website\",\"url\":\"https:\/\/editorialmediterrania.com\/es\/\",\"name\":\"Editorial Mediterrania\",\"description\":\"Llibres que t\u2019obriran nous mons\",\"publisher\":{\"@id\":\"https:\/\/editorialmediterrania.com\/es\/#organization\"},\"alternateName\":\"Llibres infantils d'art, cultura i natura\",\"potentialAction\":[{\"@type\":\"SearchAction\",\"target\":{\"@type\":\"EntryPoint\",\"urlTemplate\":\"https:\/\/editorialmediterrania.com\/es\/?s={search_term_string}\"},\"query-input\":\"required name=search_term_string\"}],\"inLanguage\":\"es\"},{\"@type\":\"Organization\",\"@id\":\"https:\/\/editorialmediterrania.com\/es\/#organization\",\"name\":\"Editorial Mediterrania\",\"alternateName\":\"Llibres d'art, cultura i natura per infants i fam\u00edlies\",\"url\":\"https:\/\/editorialmediterrania.com\/es\/\",\"logo\":{\"@type\":\"ImageObject\",\"inLanguage\":\"es\",\"@id\":\"https:\/\/editorialmediterrania.com\/es\/#\/schema\/logo\/image\/\",\"url\":\"https:\/\/editorialmediterrania.com\/wp-content\/uploads\/2023\/03\/LOGO-ED_MEDITERRANIA_OK-2.png\",\"contentUrl\":\"https:\/\/editorialmediterrania.com\/wp-content\/uploads\/2023\/03\/LOGO-ED_MEDITERRANIA_OK-2.png\",\"width\":1200,\"height\":300,\"caption\":\"Editorial Mediterrania\"},\"image\":{\"@id\":\"https:\/\/editorialmediterrania.com\/es\/#\/schema\/logo\/image\/\"},\"sameAs\":[\"https:\/\/x.com\/edmediterrania\",\"https:\/\/www.instagram.com\/editorialmediterrania\/\"]}]}<\/script>\n<!-- \/ Yoast SEO plugin. -->","yoast_head_json":{"title":"\u00a1Enhorabuena explorador de Menorca! - Editorial Mediterr\u00e0nia","description":"Descobreix un m\u00f3n de meravelles a trav\u00e9s dels llibres de la nostra editorial especialitzada en art, cultura i natura per a fam\u00edlies. Amb il\u00b7lustracions fascinants i hist\u00f2ries enriquidores, inspirem el descobriment i la curiositat en petits i grans, connectant-los amb el patrimoni cultural i el meravell\u00f3s m\u00f3n natural que ens envolta","robots":{"index":"index","follow":"follow","max-snippet":"max-snippet:-1","max-image-preview":"max-image-preview:large","max-video-preview":"max-video-preview:-1"},"canonical":"https:\/\/editorialmediterrania.com\/es\/resultados-menorca\/","og_locale":"es_ES","og_type":"article","og_title":"\u00a1Enhorabuena explorador de Menorca! - Editorial Mediterr\u00e0nia","og_description":"Descobreix un m\u00f3n de meravelles a trav\u00e9s dels llibres de la nostra editorial especialitzada en art, cultura i natura per a fam\u00edlies. Amb il\u00b7lustracions fascinants i hist\u00f2ries enriquidores, inspirem el descobriment i la curiositat en petits i grans, connectant-los amb el patrimoni cultural i el meravell\u00f3s m\u00f3n natural que ens envolta","og_url":"https:\/\/editorialmediterrania.com\/es\/resultados-menorca\/","og_site_name":"Editorial Mediterr\u00e0nia","article_modified_time":"2017-04-26T09:24:46+00:00","og_image":[{"url":"http:\/\/localhost:8888\/mediterrania\/wp-content\/uploads\/2017\/01\/ExploremMenorcacastellano-98-diploma-min-1024x718.jpg"}],"twitter_card":"summary_large_image","twitter_site":"@edmediterrania","schema":{"@context":"https:\/\/schema.org","@graph":[{"@type":"WebPage","@id":"https:\/\/editorialmediterrania.com\/es\/resultados-menorca\/","url":"https:\/\/editorialmediterrania.com\/es\/resultados-menorca\/","name":"\u00a1Enhorabuena explorador de Menorca! - Editorial Mediterr\u00e0nia","isPartOf":{"@id":"https:\/\/editorialmediterrania.com\/es\/#website"},"primaryImageOfPage":{"@id":"https:\/\/editorialmediterrania.com\/es\/resultados-menorca\/#primaryimage"},"image":{"@id":"https:\/\/editorialmediterrania.com\/es\/resultados-menorca\/#primaryimage"},"thumbnailUrl":"http:\/\/localhost:8888\/mediterrania\/wp-content\/uploads\/2017\/01\/ExploremMenorcacastellano-98-diploma-min-1024x718.jpg","datePublished":"2017-01-30T22:30:37+00:00","dateModified":"2017-04-26T09:24:46+00:00","description":"Descobreix un m\u00f3n de meravelles a trav\u00e9s dels llibres de la nostra editorial especialitzada en art, cultura i natura per a fam\u00edlies. Amb il\u00b7lustracions fascinants i hist\u00f2ries enriquidores, inspirem el descobriment i la curiositat en petits i grans, connectant-los amb el patrimoni cultural i el meravell\u00f3s m\u00f3n natural que ens envolta","inLanguage":"es","potentialAction":[{"@type":"ReadAction","target":["https:\/\/editorialmediterrania.com\/es\/resultados-menorca\/"]}]},{"@type":"ImageObject","inLanguage":"es","@id":"https:\/\/editorialmediterrania.com\/es\/resultados-menorca\/#primaryimage","url":"http:\/\/localhost:8888\/mediterrania\/wp-content\/uploads\/2017\/01\/ExploremMenorcacastellano-98-diploma-min-1024x718.jpg","contentUrl":"http:\/\/localhost:8888\/mediterrania\/wp-content\/uploads\/2017\/01\/ExploremMenorcacastellano-98-diploma-min-1024x718.jpg"},{"@type":"WebSite","@id":"https:\/\/editorialmediterrania.com\/es\/#website","url":"https:\/\/editorialmediterrania.com\/es\/","name":"Editorial Mediterrania","description":"Llibres que t\u2019obriran nous mons","publisher":{"@id":"https:\/\/editorialmediterrania.com\/es\/#organization"},"alternateName":"Llibres infantils d'art, cultura i natura","potentialAction":[{"@type":"SearchAction","target":{"@type":"EntryPoint","urlTemplate":"https:\/\/editorialmediterrania.com\/es\/?s={search_term_string}"},"query-input":"required name=search_term_string"}],"inLanguage":"es"},{"@type":"Organization","@id":"https:\/\/editorialmediterrania.com\/es\/#organization","name":"Editorial Mediterrania","alternateName":"Llibres d'art, cultura i natura per infants i fam\u00edlies","url":"https:\/\/editorialmediterrania.com\/es\/","logo":{"@type":"ImageObject","inLanguage":"es","@id":"https:\/\/editorialmediterrania.com\/es\/#\/schema\/logo\/image\/","url":"https:\/\/editorialmediterrania.com\/wp-content\/uploads\/2023\/03\/LOGO-ED_MEDITERRANIA_OK-2.png","contentUrl":"https:\/\/editorialmediterrania.com\/wp-content\/uploads\/2023\/03\/LOGO-ED_MEDITERRANIA_OK-2.png","width":1200,"height":300,"caption":"Editorial Mediterrania"},"image":{"@id":"https:\/\/editorialmediterrania.com\/es\/#\/schema\/logo\/image\/"},"sameAs":["https:\/\/x.com\/edmediterrania","https:\/\/www.instagram.com\/editorialmediterrania\/"]}]}},"_links":{"self":[{"href":"https:\/\/editorialmediterrania.com\/es\/wp-json\/wp\/v2\/pages\/27293","targetHints":{"allow":["GET"]}}],"collection":[{"href":"https:\/\/editorialmediterrania.com\/es\/wp-json\/wp\/v2\/pages"}],"about":[{"href":"https:\/\/editorialmediterrania.com\/es\/wp-json\/wp\/v2\/types\/page"}],"author":[{"embeddable":true,"href":"https:\/\/editorialmediterrania.com\/es\/wp-json\/wp\/v2\/users\/39"}],"replies":[{"embeddable":true,"href":"https:\/\/editorialmediterrania.com\/es\/wp-json\/wp\/v2\/comments?post=27293"}],"version-history":[{"count":0,"href":"https:\/\/editorialmediterrania.com\/es\/wp-json\/wp\/v2\/pages\/27293\/revisions"}],"wp:attachment":[{"href":"https:\/\/editorialmediterrania.com\/es\/wp-json\/wp\/v2\/media?parent=27293"}],"curies":[{"name":"wp","href":"https:\/\/api.w.org\/{rel}","templated":true}]}}