{"id":35,"date":"2012-10-12T23:36:57","date_gmt":"2012-10-12T23:36:57","guid":{"rendered":"http:\/\/mediterrania.adgency.es\/leditorial-2\/"},"modified":"2014-04-15T13:25:43","modified_gmt":"2014-04-15T11:25:43","slug":"la-editorial","status":"publish","type":"page","link":"https:\/\/editorialmediterrania.com\/es\/la-editorial\/","title":{"rendered":"Bienvenidos a Editorial Mediterr\u00e0nia"},"content":{"rendered":"<p>Somos una editorial peque\u00f1a y queremos aportar lo mejor de lo que ya sabemos a <strong>la evoluci\u00f3n de los libros y de los lectores<\/strong>. Continuamos creyendo en la <strong>calidad<\/strong>, la cuidada <strong>relaci\u00f3n con los autores<\/strong> y colaboradores y la <strong>renovaci\u00f3n continua<\/strong>. Nos abrimos a la <strong>participaci\u00f3n de la sociedad<\/strong> para avanzar hacia un concepto de libro m\u00e1s amplio, que aporte valor en el mundo en que vivimos.<\/p>\n<p>Te proponemos un viaje a trav\u00e9s de <strong>libros que te abrir\u00e1n nuevos mundos<\/strong>, de los que te ofrecemos actividades, contactos, informaci\u00f3n de valor y una relaci\u00f3n cercana, en la que t\u00fa puedes aportar tu experiencia a trav\u00e9s de las redes sociales.<\/p>\n<p>&nbsp;<\/p>\n<p>&nbsp;<\/p>\n","protected":false},"excerpt":{"rendered":"<p>Somos una editorial peque\u00f1a y queremos aportar lo mejor de lo que ya sabemos a la evoluci\u00f3n de los libros y de los lectores. Continuamos creyendo en la calidad, la cuidada relaci\u00f3n con los autores y colaboradores y la renovaci\u00f3n continua. Nos abrimos a la participaci\u00f3n de la sociedad para avanzar hacia un concepto de [&hellip;]<\/p>\n","protected":false},"author":39,"featured_media":0,"parent":0,"menu_order":0,"comment_status":"closed","ping_status":"open","template":"page-editorial.php","meta":{"footnotes":""},"class_list":["post-35","page","type-page","status-publish","hentry"],"acf":[],"yoast_head":"<!-- This site is optimized with the Yoast SEO plugin v22.8 - https:\/\/yoast.com\/wordpress\/plugins\/seo\/ -->\n<title>Bienvenidos a Editorial Mediterr\u00e0nia<\/title>\n<meta name=\"description\" content=\"Libros que te abrir\u00e1n nuevos mundos, de los que te ofrecemos actividades, contactos, informaci\u00f3n de valor y una relaci\u00f3n cercana.\" \/>\n<meta name=\"robots\" content=\"index, follow, max-snippet:-1, max-image-preview:large, max-video-preview:-1\" \/>\n<link rel=\"canonical\" href=\"https:\/\/editorialmediterrania.com\/es\/la-editorial\/\" \/>\n<meta property=\"og:locale\" content=\"es_ES\" \/>\n<meta property=\"og:type\" content=\"article\" \/>\n<meta property=\"og:title\" content=\"Bienvenidos a Editorial Mediterr\u00e0nia\" \/>\n<meta property=\"og:description\" content=\"Libros que te abrir\u00e1n nuevos mundos, de los que te ofrecemos actividades, contactos, informaci\u00f3n de valor y una relaci\u00f3n cercana.\" \/>\n<meta property=\"og:url\" content=\"https:\/\/editorialmediterrania.com\/es\/la-editorial\/\" \/>\n<meta property=\"og:site_name\" content=\"Editorial Mediterr\u00e0nia\" \/>\n<meta property=\"article:modified_time\" content=\"2014-04-15T11:25:43+00:00\" \/>\n<meta property=\"og:image\" content=\"https:\/\/editorialmediterrania.com\/wp-content\/uploads\/2023\/03\/cropped-LOGO-ED_MEDITERRANIA_OK-2.png\" \/>\n\t<meta property=\"og:image:width\" content=\"512\" \/>\n\t<meta property=\"og:image:height\" content=\"512\" \/>\n\t<meta property=\"og:image:type\" content=\"image\/png\" \/>\n<meta name=\"twitter:card\" content=\"summary_large_image\" \/>\n<meta name=\"twitter:site\" content=\"@edmediterrania\" \/>\n<meta name=\"twitter:label1\" content=\"Tiempo de lectura\" \/>\n\t<meta name=\"twitter:data1\" content=\"1 minuto\" \/>\n<script type=\"application\/ld+json\" class=\"yoast-schema-graph\">{\"@context\":\"https:\/\/schema.org\",\"@graph\":[{\"@type\":\"WebPage\",\"@id\":\"https:\/\/editorialmediterrania.com\/es\/la-editorial\/\",\"url\":\"https:\/\/editorialmediterrania.com\/es\/la-editorial\/\",\"name\":\"Bienvenidos a Editorial Mediterr\u00e0nia\",\"isPartOf\":{\"@id\":\"https:\/\/editorialmediterrania.com\/es\/#website\"},\"datePublished\":\"2012-10-12T23:36:57+00:00\",\"dateModified\":\"2014-04-15T11:25:43+00:00\",\"description\":\"Libros que te abrir\u00e1n nuevos mundos, de los que te ofrecemos actividades, contactos, informaci\u00f3n de valor y una relaci\u00f3n cercana.\",\"inLanguage\":\"es\",\"potentialAction\":[{\"@type\":\"ReadAction\",\"target\":[\"https:\/\/editorialmediterrania.com\/es\/la-editorial\/\"]}]},{\"@type\":\"WebSite\",\"@id\":\"https:\/\/editorialmediterrania.com\/es\/#website\",\"url\":\"https:\/\/editorialmediterrania.com\/es\/\",\"name\":\"Editorial Mediterrania\",\"description\":\"Llibres que t\u2019obriran nous mons\",\"publisher\":{\"@id\":\"https:\/\/editorialmediterrania.com\/es\/#organization\"},\"alternateName\":\"Llibres infantils d'art, cultura i natura\",\"potentialAction\":[{\"@type\":\"SearchAction\",\"target\":{\"@type\":\"EntryPoint\",\"urlTemplate\":\"https:\/\/editorialmediterrania.com\/es\/?s={search_term_string}\"},\"query-input\":\"required name=search_term_string\"}],\"inLanguage\":\"es\"},{\"@type\":\"Organization\",\"@id\":\"https:\/\/editorialmediterrania.com\/es\/#organization\",\"name\":\"Editorial Mediterrania\",\"alternateName\":\"Llibres d'art, cultura i natura per infants i fam\u00edlies\",\"url\":\"https:\/\/editorialmediterrania.com\/es\/\",\"logo\":{\"@type\":\"ImageObject\",\"inLanguage\":\"es\",\"@id\":\"https:\/\/editorialmediterrania.com\/es\/#\/schema\/logo\/image\/\",\"url\":\"https:\/\/editorialmediterrania.com\/wp-content\/uploads\/2023\/03\/LOGO-ED_MEDITERRANIA_OK-2.png\",\"contentUrl\":\"https:\/\/editorialmediterrania.com\/wp-content\/uploads\/2023\/03\/LOGO-ED_MEDITERRANIA_OK-2.png\",\"width\":1200,\"height\":300,\"caption\":\"Editorial Mediterrania\"},\"image\":{\"@id\":\"https:\/\/editorialmediterrania.com\/es\/#\/schema\/logo\/image\/\"},\"sameAs\":[\"https:\/\/x.com\/edmediterrania\",\"https:\/\/www.instagram.com\/editorialmediterrania\/\"]}]}<\/script>\n<!-- \/ Yoast SEO plugin. -->","yoast_head_json":{"title":"Bienvenidos a Editorial Mediterr\u00e0nia","description":"Libros que te abrir\u00e1n nuevos mundos, de los que te ofrecemos actividades, contactos, informaci\u00f3n de valor y una relaci\u00f3n cercana.","robots":{"index":"index","follow":"follow","max-snippet":"max-snippet:-1","max-image-preview":"max-image-preview:large","max-video-preview":"max-video-preview:-1"},"canonical":"https:\/\/editorialmediterrania.com\/es\/la-editorial\/","og_locale":"es_ES","og_type":"article","og_title":"Bienvenidos a Editorial Mediterr\u00e0nia","og_description":"Libros que te abrir\u00e1n nuevos mundos, de los que te ofrecemos actividades, contactos, informaci\u00f3n de valor y una relaci\u00f3n cercana.","og_url":"https:\/\/editorialmediterrania.com\/es\/la-editorial\/","og_site_name":"Editorial Mediterr\u00e0nia","article_modified_time":"2014-04-15T11:25:43+00:00","og_image":[{"width":512,"height":512,"url":"https:\/\/editorialmediterrania.com\/wp-content\/uploads\/2023\/03\/cropped-LOGO-ED_MEDITERRANIA_OK-2.png","type":"image\/png"}],"twitter_card":"summary_large_image","twitter_site":"@edmediterrania","twitter_misc":{"Tiempo de lectura":"1 minuto"},"schema":{"@context":"https:\/\/schema.org","@graph":[{"@type":"WebPage","@id":"https:\/\/editorialmediterrania.com\/es\/la-editorial\/","url":"https:\/\/editorialmediterrania.com\/es\/la-editorial\/","name":"Bienvenidos a Editorial Mediterr\u00e0nia","isPartOf":{"@id":"https:\/\/editorialmediterrania.com\/es\/#website"},"datePublished":"2012-10-12T23:36:57+00:00","dateModified":"2014-04-15T11:25:43+00:00","description":"Libros que te abrir\u00e1n nuevos mundos, de los que te ofrecemos actividades, contactos, informaci\u00f3n de valor y una relaci\u00f3n cercana.","inLanguage":"es","potentialAction":[{"@type":"ReadAction","target":["https:\/\/editorialmediterrania.com\/es\/la-editorial\/"]}]},{"@type":"WebSite","@id":"https:\/\/editorialmediterrania.com\/es\/#website","url":"https:\/\/editorialmediterrania.com\/es\/","name":"Editorial Mediterrania","description":"Llibres que t\u2019obriran nous mons","publisher":{"@id":"https:\/\/editorialmediterrania.com\/es\/#organization"},"alternateName":"Llibres infantils d'art, cultura i natura","potentialAction":[{"@type":"SearchAction","target":{"@type":"EntryPoint","urlTemplate":"https:\/\/editorialmediterrania.com\/es\/?s={search_term_string}"},"query-input":"required name=search_term_string"}],"inLanguage":"es"},{"@type":"Organization","@id":"https:\/\/editorialmediterrania.com\/es\/#organization","name":"Editorial Mediterrania","alternateName":"Llibres d'art, cultura i natura per infants i fam\u00edlies","url":"https:\/\/editorialmediterrania.com\/es\/","logo":{"@type":"ImageObject","inLanguage":"es","@id":"https:\/\/editorialmediterrania.com\/es\/#\/schema\/logo\/image\/","url":"https:\/\/editorialmediterrania.com\/wp-content\/uploads\/2023\/03\/LOGO-ED_MEDITERRANIA_OK-2.png","contentUrl":"https:\/\/editorialmediterrania.com\/wp-content\/uploads\/2023\/03\/LOGO-ED_MEDITERRANIA_OK-2.png","width":1200,"height":300,"caption":"Editorial Mediterrania"},"image":{"@id":"https:\/\/editorialmediterrania.com\/es\/#\/schema\/logo\/image\/"},"sameAs":["https:\/\/x.com\/edmediterrania","https:\/\/www.instagram.com\/editorialmediterrania\/"]}]}},"_links":{"self":[{"href":"https:\/\/editorialmediterrania.com\/es\/wp-json\/wp\/v2\/pages\/35","targetHints":{"allow":["GET"]}}],"collection":[{"href":"https:\/\/editorialmediterrania.com\/es\/wp-json\/wp\/v2\/pages"}],"about":[{"href":"https:\/\/editorialmediterrania.com\/es\/wp-json\/wp\/v2\/types\/page"}],"author":[{"embeddable":true,"href":"https:\/\/editorialmediterrania.com\/es\/wp-json\/wp\/v2\/users\/39"}],"replies":[{"embeddable":true,"href":"https:\/\/editorialmediterrania.com\/es\/wp-json\/wp\/v2\/comments?post=35"}],"version-history":[{"count":0,"href":"https:\/\/editorialmediterrania.com\/es\/wp-json\/wp\/v2\/pages\/35\/revisions"}],"wp:attachment":[{"href":"https:\/\/editorialmediterrania.com\/es\/wp-json\/wp\/v2\/media?parent=35"}],"curies":[{"name":"wp","href":"https:\/\/api.w.org\/{rel}","templated":true}]}}