{"id":6547,"date":"2013-06-20T12:45:37","date_gmt":"2013-06-20T10:45:37","guid":{"rendered":"http:\/\/editorialmediterrania.cat\/petites-histories-al-servei-estacio-2\/"},"modified":"2013-06-20T13:06:06","modified_gmt":"2013-06-20T11:06:06","slug":"petites-histories-al-servei-estacio","status":"publish","type":"page","link":"https:\/\/editorialmediterrania.com\/es\/petites-histories-al-servei-estacio\/","title":{"rendered":"\u00abPeque\u00f1as historias\u00bb en el Servei Estaci\u00f3"},"content":{"rendered":"<p>Toda la <strong>colecci\u00f3n de las \u00ab<a title=\"pequenas historias pilarin bayes\" href=\"http:\/\/editorialmediterrania.cat\/es\/colleccions\/infantil-y-juvenil\/pequenas-historias\" target=\"_blank\">Peque\u00f1as historias<\/a>\u00ab<\/strong> ilustradas por <a title=\"pilarin bayes\" href=\"http:\/\/editorialmediterrania.cat\/es\/pilarin-bayes\" target=\"_blank\"><strong>Pilar\u00edn Bay\u00e9s<\/strong><\/a> la encontrar\u00e9s, en exclusiva, en el <strong><a title=\"servei estacio\" href=\"http:\/\/www.serveiestacio.com\" target=\"_blank\">Servei Estaci\u00f3<\/a> de Barcelona<\/strong>, del carrer Arag\u00f3, 270.<\/p>\n<p style=\"text-align: center;\"><a href=\"http:\/\/localhost:8888\/mediterrania\/wp-content\/uploads\/2013\/06\/serveiestaciopetita.jpg\"><img fetchpriority=\"high\" decoding=\"async\" class=\"wp-image-10982 aligncenter\" alt=\"petites histories\" src=\"http:\/\/localhost:8888\/mediterrania\/wp-content\/uploads\/2013\/06\/serveiestaciopetita.jpg\" width=\"330\" height=\"299\" srcset=\"https:\/\/editorialmediterrania.com\/wp-content\/uploads\/2013\/06\/serveiestaciopetita.jpg 412w, https:\/\/editorialmediterrania.com\/wp-content\/uploads\/2013\/06\/serveiestaciopetita-300x272.jpg 300w\" sizes=\"(max-width: 330px) 100vw, 330px\" \/><\/a><\/p>\n<p>En la <strong>PLANTA 1<\/strong> se ha habilitado un espacio exclusivo, con <strong>m\u00e1s de 150 t\u00edtulos<\/strong> de las aproximadamente 300 \u00abPeque\u00f1as historias\u00bb, y con las <strong>novedades<\/strong> que se van publicando, a disposici\u00f3n de todos. En la <strong>PLANTA 0<\/strong>, justo a la entrada de Servei Estaci\u00f3, hay un <strong>expositor<\/strong> con aquellos t\u00edtulos m\u00e1s solicitados y las \u00faltimas ediciones. Recordamos que hay \u00abPeque\u00f1as historias\u00bb agotadas.<\/p>\n<p>En <strong>idiomas<\/strong> como el catal\u00e1n, castellano, ingl\u00e9s, franc\u00e9s, alem\u00e1n, italiano, ruso, japon\u00e9s e incluso, en chino. Libros pensados para que las ni\u00f1as y los ni\u00f1os (y los que no son tan peque\u00f1os) puedan aprender y disfrutar con una lectura ilustrada.<\/p>\n<p style=\"text-align: center;\"><a href=\"http:\/\/localhost:8888\/mediterrania\/wp-content\/uploads\/2013\/06\/serveiestacio1.png\"><img decoding=\"async\" class=\"size-full wp-image-10976 aligncenter\" alt=\"petites histories\" src=\"http:\/\/localhost:8888\/mediterrania\/wp-content\/uploads\/2013\/06\/serveiestacio1.png\" width=\"419\" height=\"547\" srcset=\"https:\/\/editorialmediterrania.com\/wp-content\/uploads\/2013\/06\/serveiestacio1.png 419w, https:\/\/editorialmediterrania.com\/wp-content\/uploads\/2013\/06\/serveiestacio1-229x300.png 229w\" sizes=\"(max-width: 419px) 100vw, 419px\" \/><\/a><a href=\"http:\/\/localhost:8888\/mediterrania\/wp-content\/uploads\/2013\/06\/petiteshistories1.png\"><img decoding=\"async\" class=\"aligncenter size-full wp-image-10978\" alt=\"petites histories\" src=\"http:\/\/localhost:8888\/mediterrania\/wp-content\/uploads\/2013\/06\/petiteshistories1.png\" width=\"345\" height=\"531\" srcset=\"https:\/\/editorialmediterrania.com\/wp-content\/uploads\/2013\/06\/petiteshistories1.png 345w, https:\/\/editorialmediterrania.com\/wp-content\/uploads\/2013\/06\/petiteshistories1-194x300.png 194w\" sizes=\"(max-width: 345px) 100vw, 345px\" \/><\/a><\/p>\n","protected":false},"excerpt":{"rendered":"<p>Toda la colecci\u00f3n de las \u00abPeque\u00f1as historias\u00ab ilustradas por Pilar\u00edn Bay\u00e9s la encontrar\u00e9s, en exclusiva, en el Servei Estaci\u00f3 de Barcelona, del carrer Arag\u00f3, 270. En la PLANTA 1 se ha habilitado un espacio exclusivo, con m\u00e1s de 150 t\u00edtulos de las aproximadamente 300 \u00abPeque\u00f1as historias\u00bb, y con las novedades que se van publicando, a [&hellip;]<\/p>\n","protected":false},"author":39,"featured_media":0,"parent":0,"menu_order":0,"comment_status":"closed","ping_status":"open","template":"","meta":{"footnotes":""},"class_list":["post-6547","page","type-page","status-publish","hentry"],"acf":[],"yoast_head":"<!-- This site is optimized with the Yoast SEO plugin v22.8 - https:\/\/yoast.com\/wordpress\/plugins\/seo\/ -->\n<title>Todas las &quot;Peque\u00f1as historias&quot; en el Servei Estaci\u00f3 de Barcelona<\/title>\n<meta name=\"description\" content=\"Toda la colecci\u00f3n de las &quot;Peque\u00f1as historias&quot; ilustradas por Pilar\u00edn Bay\u00e9s la encontrar\u00e9is, en exclusiva, en el Servei Estaci\u00f3 de Barcelona.\" \/>\n<meta name=\"robots\" content=\"index, follow, max-snippet:-1, max-image-preview:large, max-video-preview:-1\" \/>\n<link rel=\"canonical\" href=\"https:\/\/editorialmediterrania.com\/es\/petites-histories-al-servei-estacio\/\" \/>\n<meta property=\"og:locale\" content=\"es_ES\" \/>\n<meta property=\"og:type\" content=\"article\" \/>\n<meta property=\"og:title\" content=\"Todas las &quot;Peque\u00f1as historias&quot; en el Servei Estaci\u00f3 de Barcelona\" \/>\n<meta property=\"og:description\" content=\"Toda la colecci\u00f3n de las &quot;Peque\u00f1as historias&quot; ilustradas por Pilar\u00edn Bay\u00e9s la encontrar\u00e9is, en exclusiva, en el Servei Estaci\u00f3 de Barcelona.\" \/>\n<meta property=\"og:url\" content=\"https:\/\/editorialmediterrania.com\/es\/petites-histories-al-servei-estacio\/\" \/>\n<meta property=\"og:site_name\" content=\"Editorial Mediterr\u00e0nia\" \/>\n<meta property=\"article:modified_time\" content=\"2013-06-20T11:06:06+00:00\" \/>\n<meta property=\"og:image\" content=\"http:\/\/localhost:8888\/mediterrania\/wp-content\/uploads\/2013\/06\/serveiestaciopetita.jpg\" \/>\n<meta name=\"twitter:card\" content=\"summary_large_image\" \/>\n<meta name=\"twitter:site\" content=\"@edmediterrania\" \/>\n<meta name=\"twitter:label1\" content=\"Tiempo de lectura\" \/>\n\t<meta name=\"twitter:data1\" content=\"1 minuto\" \/>\n<script type=\"application\/ld+json\" class=\"yoast-schema-graph\">{\"@context\":\"https:\/\/schema.org\",\"@graph\":[{\"@type\":\"WebPage\",\"@id\":\"https:\/\/editorialmediterrania.com\/es\/petites-histories-al-servei-estacio\/\",\"url\":\"https:\/\/editorialmediterrania.com\/es\/petites-histories-al-servei-estacio\/\",\"name\":\"Todas las \\\"Peque\u00f1as historias\\\" en el Servei Estaci\u00f3 de Barcelona\",\"isPartOf\":{\"@id\":\"https:\/\/editorialmediterrania.com\/es\/#website\"},\"primaryImageOfPage\":{\"@id\":\"https:\/\/editorialmediterrania.com\/es\/petites-histories-al-servei-estacio\/#primaryimage\"},\"image\":{\"@id\":\"https:\/\/editorialmediterrania.com\/es\/petites-histories-al-servei-estacio\/#primaryimage\"},\"thumbnailUrl\":\"http:\/\/localhost:8888\/mediterrania\/wp-content\/uploads\/2013\/06\/serveiestaciopetita.jpg\",\"datePublished\":\"2013-06-20T10:45:37+00:00\",\"dateModified\":\"2013-06-20T11:06:06+00:00\",\"description\":\"Toda la colecci\u00f3n de las \\\"Peque\u00f1as historias\\\" ilustradas por Pilar\u00edn Bay\u00e9s la encontrar\u00e9is, en exclusiva, en el Servei Estaci\u00f3 de Barcelona.\",\"inLanguage\":\"es\",\"potentialAction\":[{\"@type\":\"ReadAction\",\"target\":[\"https:\/\/editorialmediterrania.com\/es\/petites-histories-al-servei-estacio\/\"]}]},{\"@type\":\"ImageObject\",\"inLanguage\":\"es\",\"@id\":\"https:\/\/editorialmediterrania.com\/es\/petites-histories-al-servei-estacio\/#primaryimage\",\"url\":\"http:\/\/localhost:8888\/mediterrania\/wp-content\/uploads\/2013\/06\/serveiestaciopetita.jpg\",\"contentUrl\":\"http:\/\/localhost:8888\/mediterrania\/wp-content\/uploads\/2013\/06\/serveiestaciopetita.jpg\"},{\"@type\":\"WebSite\",\"@id\":\"https:\/\/editorialmediterrania.com\/es\/#website\",\"url\":\"https:\/\/editorialmediterrania.com\/es\/\",\"name\":\"Editorial Mediterrania\",\"description\":\"Llibres que t\u2019obriran nous mons\",\"publisher\":{\"@id\":\"https:\/\/editorialmediterrania.com\/es\/#organization\"},\"alternateName\":\"Llibres infantils d'art, cultura i natura\",\"potentialAction\":[{\"@type\":\"SearchAction\",\"target\":{\"@type\":\"EntryPoint\",\"urlTemplate\":\"https:\/\/editorialmediterrania.com\/es\/?s={search_term_string}\"},\"query-input\":\"required name=search_term_string\"}],\"inLanguage\":\"es\"},{\"@type\":\"Organization\",\"@id\":\"https:\/\/editorialmediterrania.com\/es\/#organization\",\"name\":\"Editorial Mediterrania\",\"alternateName\":\"Llibres d'art, cultura i natura per infants i fam\u00edlies\",\"url\":\"https:\/\/editorialmediterrania.com\/es\/\",\"logo\":{\"@type\":\"ImageObject\",\"inLanguage\":\"es\",\"@id\":\"https:\/\/editorialmediterrania.com\/es\/#\/schema\/logo\/image\/\",\"url\":\"https:\/\/editorialmediterrania.com\/wp-content\/uploads\/2023\/03\/LOGO-ED_MEDITERRANIA_OK-2.png\",\"contentUrl\":\"https:\/\/editorialmediterrania.com\/wp-content\/uploads\/2023\/03\/LOGO-ED_MEDITERRANIA_OK-2.png\",\"width\":1200,\"height\":300,\"caption\":\"Editorial Mediterrania\"},\"image\":{\"@id\":\"https:\/\/editorialmediterrania.com\/es\/#\/schema\/logo\/image\/\"},\"sameAs\":[\"https:\/\/x.com\/edmediterrania\",\"https:\/\/www.instagram.com\/editorialmediterrania\/\"]}]}<\/script>\n<!-- \/ Yoast SEO plugin. -->","yoast_head_json":{"title":"Todas las \"Peque\u00f1as historias\" en el Servei Estaci\u00f3 de Barcelona","description":"Toda la colecci\u00f3n de las \"Peque\u00f1as historias\" ilustradas por Pilar\u00edn Bay\u00e9s la encontrar\u00e9is, en exclusiva, en el Servei Estaci\u00f3 de Barcelona.","robots":{"index":"index","follow":"follow","max-snippet":"max-snippet:-1","max-image-preview":"max-image-preview:large","max-video-preview":"max-video-preview:-1"},"canonical":"https:\/\/editorialmediterrania.com\/es\/petites-histories-al-servei-estacio\/","og_locale":"es_ES","og_type":"article","og_title":"Todas las \"Peque\u00f1as historias\" en el Servei Estaci\u00f3 de Barcelona","og_description":"Toda la colecci\u00f3n de las \"Peque\u00f1as historias\" ilustradas por Pilar\u00edn Bay\u00e9s la encontrar\u00e9is, en exclusiva, en el Servei Estaci\u00f3 de Barcelona.","og_url":"https:\/\/editorialmediterrania.com\/es\/petites-histories-al-servei-estacio\/","og_site_name":"Editorial Mediterr\u00e0nia","article_modified_time":"2013-06-20T11:06:06+00:00","og_image":[{"url":"http:\/\/localhost:8888\/mediterrania\/wp-content\/uploads\/2013\/06\/serveiestaciopetita.jpg"}],"twitter_card":"summary_large_image","twitter_site":"@edmediterrania","twitter_misc":{"Tiempo de lectura":"1 minuto"},"schema":{"@context":"https:\/\/schema.org","@graph":[{"@type":"WebPage","@id":"https:\/\/editorialmediterrania.com\/es\/petites-histories-al-servei-estacio\/","url":"https:\/\/editorialmediterrania.com\/es\/petites-histories-al-servei-estacio\/","name":"Todas las \"Peque\u00f1as historias\" en el Servei Estaci\u00f3 de Barcelona","isPartOf":{"@id":"https:\/\/editorialmediterrania.com\/es\/#website"},"primaryImageOfPage":{"@id":"https:\/\/editorialmediterrania.com\/es\/petites-histories-al-servei-estacio\/#primaryimage"},"image":{"@id":"https:\/\/editorialmediterrania.com\/es\/petites-histories-al-servei-estacio\/#primaryimage"},"thumbnailUrl":"http:\/\/localhost:8888\/mediterrania\/wp-content\/uploads\/2013\/06\/serveiestaciopetita.jpg","datePublished":"2013-06-20T10:45:37+00:00","dateModified":"2013-06-20T11:06:06+00:00","description":"Toda la colecci\u00f3n de las \"Peque\u00f1as historias\" ilustradas por Pilar\u00edn Bay\u00e9s la encontrar\u00e9is, en exclusiva, en el Servei Estaci\u00f3 de Barcelona.","inLanguage":"es","potentialAction":[{"@type":"ReadAction","target":["https:\/\/editorialmediterrania.com\/es\/petites-histories-al-servei-estacio\/"]}]},{"@type":"ImageObject","inLanguage":"es","@id":"https:\/\/editorialmediterrania.com\/es\/petites-histories-al-servei-estacio\/#primaryimage","url":"http:\/\/localhost:8888\/mediterrania\/wp-content\/uploads\/2013\/06\/serveiestaciopetita.jpg","contentUrl":"http:\/\/localhost:8888\/mediterrania\/wp-content\/uploads\/2013\/06\/serveiestaciopetita.jpg"},{"@type":"WebSite","@id":"https:\/\/editorialmediterrania.com\/es\/#website","url":"https:\/\/editorialmediterrania.com\/es\/","name":"Editorial Mediterrania","description":"Llibres que t\u2019obriran nous mons","publisher":{"@id":"https:\/\/editorialmediterrania.com\/es\/#organization"},"alternateName":"Llibres infantils d'art, cultura i natura","potentialAction":[{"@type":"SearchAction","target":{"@type":"EntryPoint","urlTemplate":"https:\/\/editorialmediterrania.com\/es\/?s={search_term_string}"},"query-input":"required name=search_term_string"}],"inLanguage":"es"},{"@type":"Organization","@id":"https:\/\/editorialmediterrania.com\/es\/#organization","name":"Editorial Mediterrania","alternateName":"Llibres d'art, cultura i natura per infants i fam\u00edlies","url":"https:\/\/editorialmediterrania.com\/es\/","logo":{"@type":"ImageObject","inLanguage":"es","@id":"https:\/\/editorialmediterrania.com\/es\/#\/schema\/logo\/image\/","url":"https:\/\/editorialmediterrania.com\/wp-content\/uploads\/2023\/03\/LOGO-ED_MEDITERRANIA_OK-2.png","contentUrl":"https:\/\/editorialmediterrania.com\/wp-content\/uploads\/2023\/03\/LOGO-ED_MEDITERRANIA_OK-2.png","width":1200,"height":300,"caption":"Editorial Mediterrania"},"image":{"@id":"https:\/\/editorialmediterrania.com\/es\/#\/schema\/logo\/image\/"},"sameAs":["https:\/\/x.com\/edmediterrania","https:\/\/www.instagram.com\/editorialmediterrania\/"]}]}},"_links":{"self":[{"href":"https:\/\/editorialmediterrania.com\/es\/wp-json\/wp\/v2\/pages\/6547","targetHints":{"allow":["GET"]}}],"collection":[{"href":"https:\/\/editorialmediterrania.com\/es\/wp-json\/wp\/v2\/pages"}],"about":[{"href":"https:\/\/editorialmediterrania.com\/es\/wp-json\/wp\/v2\/types\/page"}],"author":[{"embeddable":true,"href":"https:\/\/editorialmediterrania.com\/es\/wp-json\/wp\/v2\/users\/39"}],"replies":[{"embeddable":true,"href":"https:\/\/editorialmediterrania.com\/es\/wp-json\/wp\/v2\/comments?post=6547"}],"version-history":[{"count":0,"href":"https:\/\/editorialmediterrania.com\/es\/wp-json\/wp\/v2\/pages\/6547\/revisions"}],"wp:attachment":[{"href":"https:\/\/editorialmediterrania.com\/es\/wp-json\/wp\/v2\/media?parent=6547"}],"curies":[{"name":"wp","href":"https:\/\/api.w.org\/{rel}","templated":true}]}}