{"id":11504,"date":"2013-10-23T12:34:42","date_gmt":"2013-10-23T10:34:42","guid":{"rendered":"http:\/\/editorialmediterrania.net\/?post_type=product&#038;p=11504"},"modified":"2019-07-03T13:39:54","modified_gmt":"2019-07-03T11:39:54","slug":"pequnas-historias-de-nuestros-pintores","status":"publish","type":"product","link":"https:\/\/editorialmediterrania.com\/es\/producto\/pequnas-historias-de-nuestros-pintores\/","title":{"rendered":"Peque\u00f1as Historias de Nuestros Pintores (Pack)"},"content":{"rendered":"<p style=\"text-align: justify;\">Este estuche agrupa tres de los t\u00edtulos que forman parte de la colecci\u00f3n Peque\u00f1as Historias que, con m\u00e1s de 260 t\u00edtulos, representa la colecci\u00f3n m\u00e1s extensa de la editorial. Son tres t\u00edtulos de grandes pintores contempor\u00e1neos: Picasso, Dal\u00ed y Mir\u00f3. Un pack indispensable para los amantes de nuestros artistas m\u00e1s internacionales.<\/p>\n","protected":false},"excerpt":{"rendered":"<p>Este estuche agrupa tres de los t\u00edtulos que forman parte de la colecci\u00f3n Peque\u00f1as Historias que, con m\u00e1s de 260 t\u00edtulos, representa la colecci\u00f3n m\u00e1s extensa de la editorial. Son tres t\u00edtulos de grandes pintores contempor\u00e1neos: Picasso, Dal\u00ed y Mir\u00f3. Un pack indispensable para los amantes de nuestros artistas m\u00e1s internacionales.<\/p>\n","protected":false},"featured_media":20853,"template":"","meta":[],"product_cat":[],"product_tag":[],"autors":[],"class_list":{"0":"post-11504","1":"product","2":"type-product","3":"status-publish","4":"has-post-thumbnail","7":"first","8":"instock","9":"purchasable","10":"product-type-variable","11":"has-default-attributes","swatches":"rey-swatches","show_selected":""},"acf":[],"yoast_head":"<!-- This site is optimized with the Yoast SEO plugin v22.8 - https:\/\/yoast.com\/wordpress\/plugins\/seo\/ -->\n<title>Peque\u00f1as historias dels nuestros pintores (Pack) - Editorial Mediterr\u00e0nia<\/title>\n<meta name=\"description\" content=\"Este pack incluye tres peque\u00f1as historias sobre Picasso, Dal\u00ed y Mir\u00f3.\" \/>\n<meta name=\"robots\" content=\"index, follow, max-snippet:-1, max-image-preview:large, max-video-preview:-1\" \/>\n<link rel=\"canonical\" href=\"https:\/\/editorialmediterrania.com\/es\/producto\/pequnas-historias-de-nuestros-pintores\/\" \/>\n<meta property=\"og:locale\" content=\"es_ES\" \/>\n<meta property=\"og:type\" content=\"article\" \/>\n<meta property=\"og:title\" content=\"Peque\u00f1as historias dels nuestros pintores (Pack) - Editorial Mediterr\u00e0nia\" \/>\n<meta property=\"og:description\" content=\"Este pack incluye tres peque\u00f1as historias sobre Picasso, Dal\u00ed y Mir\u00f3.\" \/>\n<meta property=\"og:url\" content=\"https:\/\/editorialmediterrania.com\/es\/producto\/pequnas-historias-de-nuestros-pintores\/\" \/>\n<meta property=\"og:site_name\" content=\"Editorial Mediterr\u00e0nia\" \/>\n<meta property=\"article:modified_time\" content=\"2019-07-03T11:39:54+00:00\" \/>\n<meta property=\"og:image\" content=\"https:\/\/editorialmediterrania.com\/wp-content\/uploads\/2013\/10\/Petites-Histories-dels-nostres-pintors3.jpg\" \/>\n\t<meta property=\"og:image:width\" content=\"600\" \/>\n\t<meta property=\"og:image:height\" content=\"682\" \/>\n\t<meta property=\"og:image:type\" content=\"image\/jpeg\" \/>\n<meta name=\"twitter:card\" content=\"summary_large_image\" \/>\n<meta name=\"twitter:site\" content=\"@edmediterrania\" \/>\n<script type=\"application\/ld+json\" class=\"yoast-schema-graph\">{\"@context\":\"https:\/\/schema.org\",\"@graph\":[{\"@type\":\"WebPage\",\"@id\":\"https:\/\/editorialmediterrania.com\/es\/producto\/pequnas-historias-de-nuestros-pintores\/\",\"url\":\"https:\/\/editorialmediterrania.com\/es\/producto\/pequnas-historias-de-nuestros-pintores\/\",\"name\":\"Peque\u00f1as historias dels nuestros pintores (Pack) - Editorial Mediterr\u00e0nia\",\"isPartOf\":{\"@id\":\"https:\/\/editorialmediterrania.com\/es\/#website\"},\"primaryImageOfPage\":{\"@id\":\"https:\/\/editorialmediterrania.com\/es\/producto\/pequnas-historias-de-nuestros-pintores\/#primaryimage\"},\"image\":{\"@id\":\"https:\/\/editorialmediterrania.com\/es\/producto\/pequnas-historias-de-nuestros-pintores\/#primaryimage\"},\"thumbnailUrl\":\"https:\/\/editorialmediterrania.com\/wp-content\/uploads\/2013\/10\/Petites-Histories-dels-nostres-pintors3.jpg\",\"datePublished\":\"2013-10-23T10:34:42+00:00\",\"dateModified\":\"2019-07-03T11:39:54+00:00\",\"description\":\"Este pack incluye tres peque\u00f1as historias sobre Picasso, Dal\u00ed y Mir\u00f3.\",\"breadcrumb\":{\"@id\":\"https:\/\/editorialmediterrania.com\/es\/producto\/pequnas-historias-de-nuestros-pintores\/#breadcrumb\"},\"inLanguage\":\"es\",\"potentialAction\":[{\"@type\":\"ReadAction\",\"target\":[\"https:\/\/editorialmediterrania.com\/es\/producto\/pequnas-historias-de-nuestros-pintores\/\"]}]},{\"@type\":\"ImageObject\",\"inLanguage\":\"es\",\"@id\":\"https:\/\/editorialmediterrania.com\/es\/producto\/pequnas-historias-de-nuestros-pintores\/#primaryimage\",\"url\":\"https:\/\/editorialmediterrania.com\/wp-content\/uploads\/2013\/10\/Petites-Histories-dels-nostres-pintors3.jpg\",\"contentUrl\":\"https:\/\/editorialmediterrania.com\/wp-content\/uploads\/2013\/10\/Petites-Histories-dels-nostres-pintors3.jpg\",\"width\":600,\"height\":682},{\"@type\":\"BreadcrumbList\",\"@id\":\"https:\/\/editorialmediterrania.com\/es\/producto\/pequnas-historias-de-nuestros-pintores\/#breadcrumb\",\"itemListElement\":[{\"@type\":\"ListItem\",\"position\":1,\"name\":\"Tienda de libros infantiles de arte\",\"item\":\"https:\/\/editorialmediterrania.com\/es\/tienda-de-libros-infantiles-arte\/\"},{\"@type\":\"ListItem\",\"position\":2,\"name\":\"Peque\u00f1as Historias de Nuestros Pintores (Pack)\"}]},{\"@type\":\"WebSite\",\"@id\":\"https:\/\/editorialmediterrania.com\/es\/#website\",\"url\":\"https:\/\/editorialmediterrania.com\/es\/\",\"name\":\"Editorial Mediterrania\",\"description\":\"Llibres que t\u2019obriran nous mons\",\"publisher\":{\"@id\":\"https:\/\/editorialmediterrania.com\/es\/#organization\"},\"alternateName\":\"Llibres infantils d'art, cultura i natura\",\"potentialAction\":[{\"@type\":\"SearchAction\",\"target\":{\"@type\":\"EntryPoint\",\"urlTemplate\":\"https:\/\/editorialmediterrania.com\/es\/?s={search_term_string}\"},\"query-input\":\"required name=search_term_string\"}],\"inLanguage\":\"es\"},{\"@type\":\"Organization\",\"@id\":\"https:\/\/editorialmediterrania.com\/es\/#organization\",\"name\":\"Editorial Mediterrania\",\"alternateName\":\"Llibres d'art, cultura i natura per infants i fam\u00edlies\",\"url\":\"https:\/\/editorialmediterrania.com\/es\/\",\"logo\":{\"@type\":\"ImageObject\",\"inLanguage\":\"es\",\"@id\":\"https:\/\/editorialmediterrania.com\/es\/#\/schema\/logo\/image\/\",\"url\":\"https:\/\/editorialmediterrania.com\/wp-content\/uploads\/2023\/03\/LOGO-ED_MEDITERRANIA_OK-2.png\",\"contentUrl\":\"https:\/\/editorialmediterrania.com\/wp-content\/uploads\/2023\/03\/LOGO-ED_MEDITERRANIA_OK-2.png\",\"width\":1200,\"height\":300,\"caption\":\"Editorial Mediterrania\"},\"image\":{\"@id\":\"https:\/\/editorialmediterrania.com\/es\/#\/schema\/logo\/image\/\"},\"sameAs\":[\"https:\/\/x.com\/edmediterrania\",\"https:\/\/www.instagram.com\/editorialmediterrania\/\"]}]}<\/script>\n<!-- \/ Yoast SEO plugin. -->","yoast_head_json":{"title":"Peque\u00f1as historias dels nuestros pintores (Pack) - Editorial Mediterr\u00e0nia","description":"Este pack incluye tres peque\u00f1as historias sobre Picasso, Dal\u00ed y Mir\u00f3.","robots":{"index":"index","follow":"follow","max-snippet":"max-snippet:-1","max-image-preview":"max-image-preview:large","max-video-preview":"max-video-preview:-1"},"canonical":"https:\/\/editorialmediterrania.com\/es\/producto\/pequnas-historias-de-nuestros-pintores\/","og_locale":"es_ES","og_type":"article","og_title":"Peque\u00f1as historias dels nuestros pintores (Pack) - Editorial Mediterr\u00e0nia","og_description":"Este pack incluye tres peque\u00f1as historias sobre Picasso, Dal\u00ed y Mir\u00f3.","og_url":"https:\/\/editorialmediterrania.com\/es\/producto\/pequnas-historias-de-nuestros-pintores\/","og_site_name":"Editorial Mediterr\u00e0nia","article_modified_time":"2019-07-03T11:39:54+00:00","og_image":[{"width":600,"height":682,"url":"https:\/\/editorialmediterrania.com\/wp-content\/uploads\/2013\/10\/Petites-Histories-dels-nostres-pintors3.jpg","type":"image\/jpeg"}],"twitter_card":"summary_large_image","twitter_site":"@edmediterrania","schema":{"@context":"https:\/\/schema.org","@graph":[{"@type":"WebPage","@id":"https:\/\/editorialmediterrania.com\/es\/producto\/pequnas-historias-de-nuestros-pintores\/","url":"https:\/\/editorialmediterrania.com\/es\/producto\/pequnas-historias-de-nuestros-pintores\/","name":"Peque\u00f1as historias dels nuestros pintores (Pack) - Editorial Mediterr\u00e0nia","isPartOf":{"@id":"https:\/\/editorialmediterrania.com\/es\/#website"},"primaryImageOfPage":{"@id":"https:\/\/editorialmediterrania.com\/es\/producto\/pequnas-historias-de-nuestros-pintores\/#primaryimage"},"image":{"@id":"https:\/\/editorialmediterrania.com\/es\/producto\/pequnas-historias-de-nuestros-pintores\/#primaryimage"},"thumbnailUrl":"https:\/\/editorialmediterrania.com\/wp-content\/uploads\/2013\/10\/Petites-Histories-dels-nostres-pintors3.jpg","datePublished":"2013-10-23T10:34:42+00:00","dateModified":"2019-07-03T11:39:54+00:00","description":"Este pack incluye tres peque\u00f1as historias sobre Picasso, Dal\u00ed y Mir\u00f3.","breadcrumb":{"@id":"https:\/\/editorialmediterrania.com\/es\/producto\/pequnas-historias-de-nuestros-pintores\/#breadcrumb"},"inLanguage":"es","potentialAction":[{"@type":"ReadAction","target":["https:\/\/editorialmediterrania.com\/es\/producto\/pequnas-historias-de-nuestros-pintores\/"]}]},{"@type":"ImageObject","inLanguage":"es","@id":"https:\/\/editorialmediterrania.com\/es\/producto\/pequnas-historias-de-nuestros-pintores\/#primaryimage","url":"https:\/\/editorialmediterrania.com\/wp-content\/uploads\/2013\/10\/Petites-Histories-dels-nostres-pintors3.jpg","contentUrl":"https:\/\/editorialmediterrania.com\/wp-content\/uploads\/2013\/10\/Petites-Histories-dels-nostres-pintors3.jpg","width":600,"height":682},{"@type":"BreadcrumbList","@id":"https:\/\/editorialmediterrania.com\/es\/producto\/pequnas-historias-de-nuestros-pintores\/#breadcrumb","itemListElement":[{"@type":"ListItem","position":1,"name":"Tienda de libros infantiles de arte","item":"https:\/\/editorialmediterrania.com\/es\/tienda-de-libros-infantiles-arte\/"},{"@type":"ListItem","position":2,"name":"Peque\u00f1as Historias de Nuestros Pintores (Pack)"}]},{"@type":"WebSite","@id":"https:\/\/editorialmediterrania.com\/es\/#website","url":"https:\/\/editorialmediterrania.com\/es\/","name":"Editorial Mediterrania","description":"Llibres que t\u2019obriran nous mons","publisher":{"@id":"https:\/\/editorialmediterrania.com\/es\/#organization"},"alternateName":"Llibres infantils d'art, cultura i natura","potentialAction":[{"@type":"SearchAction","target":{"@type":"EntryPoint","urlTemplate":"https:\/\/editorialmediterrania.com\/es\/?s={search_term_string}"},"query-input":"required name=search_term_string"}],"inLanguage":"es"},{"@type":"Organization","@id":"https:\/\/editorialmediterrania.com\/es\/#organization","name":"Editorial Mediterrania","alternateName":"Llibres d'art, cultura i natura per infants i fam\u00edlies","url":"https:\/\/editorialmediterrania.com\/es\/","logo":{"@type":"ImageObject","inLanguage":"es","@id":"https:\/\/editorialmediterrania.com\/es\/#\/schema\/logo\/image\/","url":"https:\/\/editorialmediterrania.com\/wp-content\/uploads\/2023\/03\/LOGO-ED_MEDITERRANIA_OK-2.png","contentUrl":"https:\/\/editorialmediterrania.com\/wp-content\/uploads\/2023\/03\/LOGO-ED_MEDITERRANIA_OK-2.png","width":1200,"height":300,"caption":"Editorial Mediterrania"},"image":{"@id":"https:\/\/editorialmediterrania.com\/es\/#\/schema\/logo\/image\/"},"sameAs":["https:\/\/x.com\/edmediterrania","https:\/\/www.instagram.com\/editorialmediterrania\/"]}]}},"_links":{"self":[{"href":"https:\/\/editorialmediterrania.com\/es\/wp-json\/wp\/v2\/product\/11504","targetHints":{"allow":["GET"]}}],"collection":[{"href":"https:\/\/editorialmediterrania.com\/es\/wp-json\/wp\/v2\/product"}],"about":[{"href":"https:\/\/editorialmediterrania.com\/es\/wp-json\/wp\/v2\/types\/product"}],"wp:featuredmedia":[{"embeddable":true,"href":"https:\/\/editorialmediterrania.com\/es\/wp-json\/wp\/v2\/media\/20853"}],"wp:attachment":[{"href":"https:\/\/editorialmediterrania.com\/es\/wp-json\/wp\/v2\/media?parent=11504"}],"wp:term":[{"taxonomy":"product_cat","embeddable":true,"href":"https:\/\/editorialmediterrania.com\/es\/wp-json\/wp\/v2\/product_cat?post=11504"},{"taxonomy":"product_tag","embeddable":true,"href":"https:\/\/editorialmediterrania.com\/es\/wp-json\/wp\/v2\/product_tag?post=11504"},{"taxonomy":"autors","embeddable":true,"href":"https:\/\/editorialmediterrania.com\/es\/wp-json\/wp\/v2\/autors?post=11504"}],"curies":[{"name":"wp","href":"https:\/\/api.w.org\/{rel}","templated":true}]}}