{"id":1166,"date":"2012-12-09T09:52:42","date_gmt":"2012-12-09T09:52:42","guid":{"rendered":"http:\/\/mediterrania.adgency.es\/producto\/producto\/petita-historia-de-josep-pratdesaba-2\/"},"modified":"2020-04-17T13:53:18","modified_gmt":"2020-04-17T11:53:18","slug":"petita-historia-de-josep-pratdesaba","status":"publish","type":"product","link":"https:\/\/editorialmediterrania.com\/es\/producto\/petita-historia-de-josep-pratdesaba\/","title":{"rendered":"Petita Hist\u00f2ria de Josep Pratdesaba"},"content":{"rendered":"<p style=\"text-align: justify;\">Esta Peque\u00f1a historia dirigida a ni\u00f1os y ni\u00f1as ofrece un recorrido por la vida y la trayectoria profesional del astr\u00f3nomo Josep Pratdesaba, desde sus inicios como aficionado hasta la fundaci\u00f3n de la Sociedad Astron\u00f3mica de Barcelona. Narrada de forma amena y rigurosa a la vez, va acompa\u00f1ada de los dibujos a todo color de Pilar\u00edn Bay\u00e9s.<\/p>\n","protected":false},"excerpt":{"rendered":"<p>Esta Peque\u00f1a historia dirigida a ni\u00f1os y ni\u00f1as ofrece un recorrido por la vida y la trayectoria profesional del astr\u00f3nomo Josep Pratdesaba, desde sus inicios como aficionado hasta la fundaci\u00f3n de la Sociedad Astron\u00f3mica de Barcelona. Narrada de forma amena y rigurosa a la vez, va acompa\u00f1ada de los dibujos a todo color de Pilar\u00edn [&hellip;]<\/p>\n","protected":false},"featured_media":18003,"template":"","meta":[],"product_cat":[30,103],"product_tag":[396],"autors":[],"class_list":{"0":"post-1166","1":"product","2":"type-product","3":"status-publish","4":"has-post-thumbnail","6":"product_cat-editorial-mediterrania","7":"product_cat-pequenas-historias","8":"product_tag-pilarin-bayes-es","10":"first","11":"outofstock","12":"purchasable","13":"product-type-simple","swatches":"rey-swatches","show_selected":""},"acf":[],"yoast_head":"<!-- This site is optimized with the Yoast SEO plugin v22.8 - https:\/\/yoast.com\/wordpress\/plugins\/seo\/ -->\n<title>Petita Hist\u00f2ria de Josep Pratdesaba - Editorial Mediterrania<\/title>\n<meta name=\"description\" content=\"Peque\u00f1a historia sobre la vida del astr\u00f3nomo Josep Pratdesaba para ni\u00f1os y ni\u00f1as de entre 8 y 12 a\u00f1os.\" \/>\n<meta name=\"robots\" content=\"index, follow, max-snippet:-1, max-image-preview:large, max-video-preview:-1\" \/>\n<link rel=\"canonical\" href=\"https:\/\/editorialmediterrania.com\/es\/producto\/petita-historia-de-josep-pratdesaba\/\" \/>\n<meta property=\"og:locale\" content=\"es_ES\" \/>\n<meta property=\"og:type\" content=\"article\" \/>\n<meta property=\"og:title\" content=\"Petita Hist\u00f2ria de Josep Pratdesaba - Editorial Mediterrania\" \/>\n<meta property=\"og:description\" content=\"Peque\u00f1a historia sobre la vida del astr\u00f3nomo Josep Pratdesaba para ni\u00f1os y ni\u00f1as de entre 8 y 12 a\u00f1os.\" \/>\n<meta property=\"og:url\" content=\"https:\/\/editorialmediterrania.com\/es\/producto\/petita-historia-de-josep-pratdesaba\/\" \/>\n<meta property=\"og:site_name\" content=\"Editorial Mediterr\u00e0nia\" \/>\n<meta property=\"article:modified_time\" content=\"2020-04-17T11:53:18+00:00\" \/>\n<meta property=\"og:image\" content=\"https:\/\/editorialmediterrania.com\/wp-content\/uploads\/2012\/12\/Petita-Historia-Josep-Pratdesaba.jpg\" \/>\n\t<meta property=\"og:image:width\" content=\"600\" \/>\n\t<meta property=\"og:image:height\" content=\"716\" \/>\n\t<meta property=\"og:image:type\" content=\"image\/jpeg\" \/>\n<meta name=\"twitter:card\" content=\"summary_large_image\" \/>\n<meta name=\"twitter:site\" content=\"@edmediterrania\" \/>\n<script type=\"application\/ld+json\" class=\"yoast-schema-graph\">{\"@context\":\"https:\/\/schema.org\",\"@graph\":[{\"@type\":\"WebPage\",\"@id\":\"https:\/\/editorialmediterrania.com\/es\/producto\/petita-historia-de-josep-pratdesaba\/\",\"url\":\"https:\/\/editorialmediterrania.com\/es\/producto\/petita-historia-de-josep-pratdesaba\/\",\"name\":\"Petita Hist\u00f2ria de Josep Pratdesaba - Editorial Mediterrania\",\"isPartOf\":{\"@id\":\"https:\/\/editorialmediterrania.com\/es\/#website\"},\"primaryImageOfPage\":{\"@id\":\"https:\/\/editorialmediterrania.com\/es\/producto\/petita-historia-de-josep-pratdesaba\/#primaryimage\"},\"image\":{\"@id\":\"https:\/\/editorialmediterrania.com\/es\/producto\/petita-historia-de-josep-pratdesaba\/#primaryimage\"},\"thumbnailUrl\":\"https:\/\/editorialmediterrania.com\/wp-content\/uploads\/2012\/12\/Petita-Historia-Josep-Pratdesaba.jpg\",\"datePublished\":\"2012-12-09T09:52:42+00:00\",\"dateModified\":\"2020-04-17T11:53:18+00:00\",\"description\":\"Peque\u00f1a historia sobre la vida del astr\u00f3nomo Josep Pratdesaba para ni\u00f1os y ni\u00f1as de entre 8 y 12 a\u00f1os.\",\"breadcrumb\":{\"@id\":\"https:\/\/editorialmediterrania.com\/es\/producto\/petita-historia-de-josep-pratdesaba\/#breadcrumb\"},\"inLanguage\":\"es\",\"potentialAction\":[{\"@type\":\"ReadAction\",\"target\":[\"https:\/\/editorialmediterrania.com\/es\/producto\/petita-historia-de-josep-pratdesaba\/\"]}]},{\"@type\":\"ImageObject\",\"inLanguage\":\"es\",\"@id\":\"https:\/\/editorialmediterrania.com\/es\/producto\/petita-historia-de-josep-pratdesaba\/#primaryimage\",\"url\":\"https:\/\/editorialmediterrania.com\/wp-content\/uploads\/2012\/12\/Petita-Historia-Josep-Pratdesaba.jpg\",\"contentUrl\":\"https:\/\/editorialmediterrania.com\/wp-content\/uploads\/2012\/12\/Petita-Historia-Josep-Pratdesaba.jpg\",\"width\":600,\"height\":716},{\"@type\":\"BreadcrumbList\",\"@id\":\"https:\/\/editorialmediterrania.com\/es\/producto\/petita-historia-de-josep-pratdesaba\/#breadcrumb\",\"itemListElement\":[{\"@type\":\"ListItem\",\"position\":1,\"name\":\"Tienda de libros infantiles de arte\",\"item\":\"https:\/\/editorialmediterrania.com\/es\/tienda-de-libros-infantiles-arte\/\"},{\"@type\":\"ListItem\",\"position\":2,\"name\":\"Petita Hist\u00f2ria de Josep Pratdesaba\"}]},{\"@type\":\"WebSite\",\"@id\":\"https:\/\/editorialmediterrania.com\/es\/#website\",\"url\":\"https:\/\/editorialmediterrania.com\/es\/\",\"name\":\"Editorial Mediterrania\",\"description\":\"Llibres que t\u2019obriran nous mons\",\"publisher\":{\"@id\":\"https:\/\/editorialmediterrania.com\/es\/#organization\"},\"alternateName\":\"Llibres infantils d'art, cultura i natura\",\"potentialAction\":[{\"@type\":\"SearchAction\",\"target\":{\"@type\":\"EntryPoint\",\"urlTemplate\":\"https:\/\/editorialmediterrania.com\/es\/?s={search_term_string}\"},\"query-input\":\"required name=search_term_string\"}],\"inLanguage\":\"es\"},{\"@type\":\"Organization\",\"@id\":\"https:\/\/editorialmediterrania.com\/es\/#organization\",\"name\":\"Editorial Mediterrania\",\"alternateName\":\"Llibres d'art, cultura i natura per infants i fam\u00edlies\",\"url\":\"https:\/\/editorialmediterrania.com\/es\/\",\"logo\":{\"@type\":\"ImageObject\",\"inLanguage\":\"es\",\"@id\":\"https:\/\/editorialmediterrania.com\/es\/#\/schema\/logo\/image\/\",\"url\":\"https:\/\/editorialmediterrania.com\/wp-content\/uploads\/2023\/03\/LOGO-ED_MEDITERRANIA_OK-2.png\",\"contentUrl\":\"https:\/\/editorialmediterrania.com\/wp-content\/uploads\/2023\/03\/LOGO-ED_MEDITERRANIA_OK-2.png\",\"width\":1200,\"height\":300,\"caption\":\"Editorial Mediterrania\"},\"image\":{\"@id\":\"https:\/\/editorialmediterrania.com\/es\/#\/schema\/logo\/image\/\"},\"sameAs\":[\"https:\/\/x.com\/edmediterrania\",\"https:\/\/www.instagram.com\/editorialmediterrania\/\"]}]}<\/script>\n<!-- \/ Yoast SEO plugin. -->","yoast_head_json":{"title":"Petita Hist\u00f2ria de Josep Pratdesaba - Editorial Mediterrania","description":"Peque\u00f1a historia sobre la vida del astr\u00f3nomo Josep Pratdesaba para ni\u00f1os y ni\u00f1as de entre 8 y 12 a\u00f1os.","robots":{"index":"index","follow":"follow","max-snippet":"max-snippet:-1","max-image-preview":"max-image-preview:large","max-video-preview":"max-video-preview:-1"},"canonical":"https:\/\/editorialmediterrania.com\/es\/producto\/petita-historia-de-josep-pratdesaba\/","og_locale":"es_ES","og_type":"article","og_title":"Petita Hist\u00f2ria de Josep Pratdesaba - Editorial Mediterrania","og_description":"Peque\u00f1a historia sobre la vida del astr\u00f3nomo Josep Pratdesaba para ni\u00f1os y ni\u00f1as de entre 8 y 12 a\u00f1os.","og_url":"https:\/\/editorialmediterrania.com\/es\/producto\/petita-historia-de-josep-pratdesaba\/","og_site_name":"Editorial Mediterr\u00e0nia","article_modified_time":"2020-04-17T11:53:18+00:00","og_image":[{"width":600,"height":716,"url":"https:\/\/editorialmediterrania.com\/wp-content\/uploads\/2012\/12\/Petita-Historia-Josep-Pratdesaba.jpg","type":"image\/jpeg"}],"twitter_card":"summary_large_image","twitter_site":"@edmediterrania","schema":{"@context":"https:\/\/schema.org","@graph":[{"@type":"WebPage","@id":"https:\/\/editorialmediterrania.com\/es\/producto\/petita-historia-de-josep-pratdesaba\/","url":"https:\/\/editorialmediterrania.com\/es\/producto\/petita-historia-de-josep-pratdesaba\/","name":"Petita Hist\u00f2ria de Josep Pratdesaba - Editorial Mediterrania","isPartOf":{"@id":"https:\/\/editorialmediterrania.com\/es\/#website"},"primaryImageOfPage":{"@id":"https:\/\/editorialmediterrania.com\/es\/producto\/petita-historia-de-josep-pratdesaba\/#primaryimage"},"image":{"@id":"https:\/\/editorialmediterrania.com\/es\/producto\/petita-historia-de-josep-pratdesaba\/#primaryimage"},"thumbnailUrl":"https:\/\/editorialmediterrania.com\/wp-content\/uploads\/2012\/12\/Petita-Historia-Josep-Pratdesaba.jpg","datePublished":"2012-12-09T09:52:42+00:00","dateModified":"2020-04-17T11:53:18+00:00","description":"Peque\u00f1a historia sobre la vida del astr\u00f3nomo Josep Pratdesaba para ni\u00f1os y ni\u00f1as de entre 8 y 12 a\u00f1os.","breadcrumb":{"@id":"https:\/\/editorialmediterrania.com\/es\/producto\/petita-historia-de-josep-pratdesaba\/#breadcrumb"},"inLanguage":"es","potentialAction":[{"@type":"ReadAction","target":["https:\/\/editorialmediterrania.com\/es\/producto\/petita-historia-de-josep-pratdesaba\/"]}]},{"@type":"ImageObject","inLanguage":"es","@id":"https:\/\/editorialmediterrania.com\/es\/producto\/petita-historia-de-josep-pratdesaba\/#primaryimage","url":"https:\/\/editorialmediterrania.com\/wp-content\/uploads\/2012\/12\/Petita-Historia-Josep-Pratdesaba.jpg","contentUrl":"https:\/\/editorialmediterrania.com\/wp-content\/uploads\/2012\/12\/Petita-Historia-Josep-Pratdesaba.jpg","width":600,"height":716},{"@type":"BreadcrumbList","@id":"https:\/\/editorialmediterrania.com\/es\/producto\/petita-historia-de-josep-pratdesaba\/#breadcrumb","itemListElement":[{"@type":"ListItem","position":1,"name":"Tienda de libros infantiles de arte","item":"https:\/\/editorialmediterrania.com\/es\/tienda-de-libros-infantiles-arte\/"},{"@type":"ListItem","position":2,"name":"Petita Hist\u00f2ria de Josep Pratdesaba"}]},{"@type":"WebSite","@id":"https:\/\/editorialmediterrania.com\/es\/#website","url":"https:\/\/editorialmediterrania.com\/es\/","name":"Editorial Mediterrania","description":"Llibres que t\u2019obriran nous mons","publisher":{"@id":"https:\/\/editorialmediterrania.com\/es\/#organization"},"alternateName":"Llibres infantils d'art, cultura i natura","potentialAction":[{"@type":"SearchAction","target":{"@type":"EntryPoint","urlTemplate":"https:\/\/editorialmediterrania.com\/es\/?s={search_term_string}"},"query-input":"required name=search_term_string"}],"inLanguage":"es"},{"@type":"Organization","@id":"https:\/\/editorialmediterrania.com\/es\/#organization","name":"Editorial Mediterrania","alternateName":"Llibres d'art, cultura i natura per infants i fam\u00edlies","url":"https:\/\/editorialmediterrania.com\/es\/","logo":{"@type":"ImageObject","inLanguage":"es","@id":"https:\/\/editorialmediterrania.com\/es\/#\/schema\/logo\/image\/","url":"https:\/\/editorialmediterrania.com\/wp-content\/uploads\/2023\/03\/LOGO-ED_MEDITERRANIA_OK-2.png","contentUrl":"https:\/\/editorialmediterrania.com\/wp-content\/uploads\/2023\/03\/LOGO-ED_MEDITERRANIA_OK-2.png","width":1200,"height":300,"caption":"Editorial Mediterrania"},"image":{"@id":"https:\/\/editorialmediterrania.com\/es\/#\/schema\/logo\/image\/"},"sameAs":["https:\/\/x.com\/edmediterrania","https:\/\/www.instagram.com\/editorialmediterrania\/"]}]}},"_links":{"self":[{"href":"https:\/\/editorialmediterrania.com\/es\/wp-json\/wp\/v2\/product\/1166","targetHints":{"allow":["GET"]}}],"collection":[{"href":"https:\/\/editorialmediterrania.com\/es\/wp-json\/wp\/v2\/product"}],"about":[{"href":"https:\/\/editorialmediterrania.com\/es\/wp-json\/wp\/v2\/types\/product"}],"wp:featuredmedia":[{"embeddable":true,"href":"https:\/\/editorialmediterrania.com\/es\/wp-json\/wp\/v2\/media\/18003"}],"wp:attachment":[{"href":"https:\/\/editorialmediterrania.com\/es\/wp-json\/wp\/v2\/media?parent=1166"}],"wp:term":[{"taxonomy":"product_cat","embeddable":true,"href":"https:\/\/editorialmediterrania.com\/es\/wp-json\/wp\/v2\/product_cat?post=1166"},{"taxonomy":"product_tag","embeddable":true,"href":"https:\/\/editorialmediterrania.com\/es\/wp-json\/wp\/v2\/product_tag?post=1166"},{"taxonomy":"autors","embeddable":true,"href":"https:\/\/editorialmediterrania.com\/es\/wp-json\/wp\/v2\/autors?post=1166"}],"curies":[{"name":"wp","href":"https:\/\/api.w.org\/{rel}","templated":true}]}}