{"id":12925,"date":"2014-03-17T08:34:05","date_gmt":"2014-04-24T12:00:03","guid":{"rendered":"http:\/\/editorialmediterrania.net\/?post_type=product&#038;p=12925"},"modified":"2022-08-25T12:32:43","modified_gmt":"2022-08-25T10:32:43","slug":"hortalisses-i-flors-remeieres","status":"publish","type":"product","link":"https:\/\/editorialmediterrania.com\/es\/producto\/hortalisses-i-flors-remeieres\/","title":{"rendered":"Hortalisses i flors remeieres"},"content":{"rendered":"<p style=\"text-align: justify;\">Despu\u00e9s de la gran acogida de los libros <em>Els caputxins i les herbes remeieres<\/em> (4 ediciones) y<em>P\u00f3cimas de capuchino<\/em>, Fray Valent\u00ed Sierra y Fornell (Manresa, 1959) nos ofrece esta aproximaci\u00f3n a las principales tradiciones agrarias desarrolladas por los hortelanos capuchinos, que ha espigado y transcrito de manuscritos in\u00e9ditos y de antiguos tratados de horticultura.<\/p>\n<p style=\"text-align: justify;\">El nuevo t\u00edtulo de la colecci\u00f3n <em>A la caputxina<\/em> presenta cu\u00e1les son las peculiares virtudes curanderas de las hierbas santas y ofrece una elecci\u00f3n de recetas y de remedios, junto con una curiosa selecci\u00f3n de antiguas tradiciones agrarias practicadas a las huertas y jardines conventuales.<\/p>\n<p>Este libro tambi\u00e9n est\u00e1 disponible en formato ebook o libro electr\u00f3nico que podr\u00e1s encontrar en la web de nuestro distribuidor digital\u00a0<a href=\"http:\/\/www.zonaebooks.com\/Inicio\">Zonaebooks<\/a>.<\/p>\n<p style=\"text-align: justify;\">\n","protected":false},"excerpt":{"rendered":"<p>Despu\u00e9s de la gran acogida de los libros Els caputxins i les herbes remeieres (4 ediciones) yP\u00f3cimas de capuchino, Fray Valent\u00ed Sierra y Fornell (Manresa, 1959) nos ofrece esta aproximaci\u00f3n a las principales tradiciones agrarias desarrolladas por los hortelanos capuchinos, que ha espigado y transcrito de manuscritos in\u00e9ditos y de antiguos tratados de horticultura. El [&hellip;]<\/p>\n","protected":false},"featured_media":22619,"template":"","meta":[],"product_cat":[6542,3350],"product_tag":[625,713],"autors":[],"class_list":{"0":"post-12925","1":"product","2":"type-product","3":"status-publish","4":"has-post-thumbnail","6":"product_cat-a-la-caputxina-es","7":"product_cat-mediterrania-productes","8":"product_tag-fra-valenti-serra-de-manresa","9":"product_tag-llibre-dassaig-es","11":"first","12":"instock","13":"purchasable","14":"product-type-simple","swatches":"rey-swatches","show_selected":""},"acf":[],"yoast_head":"<!-- This site is optimized with the Yoast SEO plugin v22.8 - https:\/\/yoast.com\/wordpress\/plugins\/seo\/ -->\n<title>Hortalisses i flors remeieres - Editorial Mediterr\u00e0nia<\/title>\n<meta name=\"description\" content=\"&quot;Hortalisses i flors remeieres&quot; presenta cu\u00e1les son las peculiares virtudes curanderas de las hierbas santas y ofrece una elecci\u00f3n de recetas y de remedios.\" \/>\n<meta name=\"robots\" content=\"index, follow, max-snippet:-1, max-image-preview:large, max-video-preview:-1\" \/>\n<link rel=\"canonical\" href=\"https:\/\/editorialmediterrania.com\/es\/producto\/hortalisses-i-flors-remeieres\/\" \/>\n<meta property=\"og:locale\" content=\"es_ES\" \/>\n<meta property=\"og:type\" content=\"article\" \/>\n<meta property=\"og:title\" content=\"Hortalisses i flors remeieres - Editorial Mediterr\u00e0nia\" \/>\n<meta property=\"og:description\" content=\"&quot;Hortalisses i flors remeieres&quot; presenta cu\u00e1les son las peculiares virtudes curanderas de las hierbas santas y ofrece una elecci\u00f3n de recetas y de remedios.\" \/>\n<meta property=\"og:url\" content=\"https:\/\/editorialmediterrania.com\/es\/producto\/hortalisses-i-flors-remeieres\/\" \/>\n<meta property=\"og:site_name\" content=\"Editorial Mediterr\u00e0nia\" \/>\n<meta property=\"article:modified_time\" content=\"2022-08-25T10:32:43+00:00\" \/>\n<meta property=\"og:image\" content=\"https:\/\/editorialmediterrania.com\/wp-content\/uploads\/2014\/03\/Hortalisses-i-flors-remeieres1.jpg\" \/>\n\t<meta property=\"og:image:width\" content=\"600\" \/>\n\t<meta property=\"og:image:height\" content=\"838\" \/>\n\t<meta property=\"og:image:type\" content=\"image\/jpeg\" \/>\n<meta name=\"twitter:card\" content=\"summary_large_image\" \/>\n<meta name=\"twitter:site\" content=\"@edmediterrania\" \/>\n<meta name=\"twitter:label1\" content=\"Tiempo de lectura\" \/>\n\t<meta name=\"twitter:data1\" content=\"1 minuto\" \/>\n<script type=\"application\/ld+json\" class=\"yoast-schema-graph\">{\"@context\":\"https:\/\/schema.org\",\"@graph\":[{\"@type\":\"WebPage\",\"@id\":\"https:\/\/editorialmediterrania.com\/es\/producto\/hortalisses-i-flors-remeieres\/\",\"url\":\"https:\/\/editorialmediterrania.com\/es\/producto\/hortalisses-i-flors-remeieres\/\",\"name\":\"Hortalisses i flors remeieres - Editorial Mediterr\u00e0nia\",\"isPartOf\":{\"@id\":\"https:\/\/editorialmediterrania.com\/es\/#website\"},\"primaryImageOfPage\":{\"@id\":\"https:\/\/editorialmediterrania.com\/es\/producto\/hortalisses-i-flors-remeieres\/#primaryimage\"},\"image\":{\"@id\":\"https:\/\/editorialmediterrania.com\/es\/producto\/hortalisses-i-flors-remeieres\/#primaryimage\"},\"thumbnailUrl\":\"https:\/\/editorialmediterrania.com\/wp-content\/uploads\/2014\/03\/Hortalisses-i-flors-remeieres1.jpg\",\"datePublished\":\"2014-04-24T12:00:03+00:00\",\"dateModified\":\"2022-08-25T10:32:43+00:00\",\"description\":\"\\\"Hortalisses i flors remeieres\\\" presenta cu\u00e1les son las peculiares virtudes curanderas de las hierbas santas y ofrece una elecci\u00f3n de recetas y de remedios.\",\"breadcrumb\":{\"@id\":\"https:\/\/editorialmediterrania.com\/es\/producto\/hortalisses-i-flors-remeieres\/#breadcrumb\"},\"inLanguage\":\"es\",\"potentialAction\":[{\"@type\":\"ReadAction\",\"target\":[\"https:\/\/editorialmediterrania.com\/es\/producto\/hortalisses-i-flors-remeieres\/\"]}]},{\"@type\":\"ImageObject\",\"inLanguage\":\"es\",\"@id\":\"https:\/\/editorialmediterrania.com\/es\/producto\/hortalisses-i-flors-remeieres\/#primaryimage\",\"url\":\"https:\/\/editorialmediterrania.com\/wp-content\/uploads\/2014\/03\/Hortalisses-i-flors-remeieres1.jpg\",\"contentUrl\":\"https:\/\/editorialmediterrania.com\/wp-content\/uploads\/2014\/03\/Hortalisses-i-flors-remeieres1.jpg\",\"width\":600,\"height\":838,\"caption\":\"Hortalisses i flors remeieres - Editorial Mediterr\u00e0nia\"},{\"@type\":\"BreadcrumbList\",\"@id\":\"https:\/\/editorialmediterrania.com\/es\/producto\/hortalisses-i-flors-remeieres\/#breadcrumb\",\"itemListElement\":[{\"@type\":\"ListItem\",\"position\":1,\"name\":\"Tienda de libros infantiles de arte\",\"item\":\"https:\/\/editorialmediterrania.com\/es\/tienda-de-libros-infantiles-arte\/\"},{\"@type\":\"ListItem\",\"position\":2,\"name\":\"Hortalisses i flors remeieres\"}]},{\"@type\":\"WebSite\",\"@id\":\"https:\/\/editorialmediterrania.com\/es\/#website\",\"url\":\"https:\/\/editorialmediterrania.com\/es\/\",\"name\":\"Editorial Mediterrania\",\"description\":\"Llibres que t\u2019obriran nous mons\",\"publisher\":{\"@id\":\"https:\/\/editorialmediterrania.com\/es\/#organization\"},\"alternateName\":\"Llibres infantils d'art, cultura i natura\",\"potentialAction\":[{\"@type\":\"SearchAction\",\"target\":{\"@type\":\"EntryPoint\",\"urlTemplate\":\"https:\/\/editorialmediterrania.com\/es\/?s={search_term_string}\"},\"query-input\":\"required name=search_term_string\"}],\"inLanguage\":\"es\"},{\"@type\":\"Organization\",\"@id\":\"https:\/\/editorialmediterrania.com\/es\/#organization\",\"name\":\"Editorial Mediterrania\",\"alternateName\":\"Llibres d'art, cultura i natura per infants i fam\u00edlies\",\"url\":\"https:\/\/editorialmediterrania.com\/es\/\",\"logo\":{\"@type\":\"ImageObject\",\"inLanguage\":\"es\",\"@id\":\"https:\/\/editorialmediterrania.com\/es\/#\/schema\/logo\/image\/\",\"url\":\"https:\/\/editorialmediterrania.com\/wp-content\/uploads\/2023\/03\/LOGO-ED_MEDITERRANIA_OK-2.png\",\"contentUrl\":\"https:\/\/editorialmediterrania.com\/wp-content\/uploads\/2023\/03\/LOGO-ED_MEDITERRANIA_OK-2.png\",\"width\":1200,\"height\":300,\"caption\":\"Editorial Mediterrania\"},\"image\":{\"@id\":\"https:\/\/editorialmediterrania.com\/es\/#\/schema\/logo\/image\/\"},\"sameAs\":[\"https:\/\/x.com\/edmediterrania\",\"https:\/\/www.instagram.com\/editorialmediterrania\/\"]}]}<\/script>\n<!-- \/ Yoast SEO plugin. -->","yoast_head_json":{"title":"Hortalisses i flors remeieres - Editorial Mediterr\u00e0nia","description":"\"Hortalisses i flors remeieres\" presenta cu\u00e1les son las peculiares virtudes curanderas de las hierbas santas y ofrece una elecci\u00f3n de recetas y de remedios.","robots":{"index":"index","follow":"follow","max-snippet":"max-snippet:-1","max-image-preview":"max-image-preview:large","max-video-preview":"max-video-preview:-1"},"canonical":"https:\/\/editorialmediterrania.com\/es\/producto\/hortalisses-i-flors-remeieres\/","og_locale":"es_ES","og_type":"article","og_title":"Hortalisses i flors remeieres - Editorial Mediterr\u00e0nia","og_description":"\"Hortalisses i flors remeieres\" presenta cu\u00e1les son las peculiares virtudes curanderas de las hierbas santas y ofrece una elecci\u00f3n de recetas y de remedios.","og_url":"https:\/\/editorialmediterrania.com\/es\/producto\/hortalisses-i-flors-remeieres\/","og_site_name":"Editorial Mediterr\u00e0nia","article_modified_time":"2022-08-25T10:32:43+00:00","og_image":[{"width":600,"height":838,"url":"https:\/\/editorialmediterrania.com\/wp-content\/uploads\/2014\/03\/Hortalisses-i-flors-remeieres1.jpg","type":"image\/jpeg"}],"twitter_card":"summary_large_image","twitter_site":"@edmediterrania","twitter_misc":{"Tiempo de lectura":"1 minuto"},"schema":{"@context":"https:\/\/schema.org","@graph":[{"@type":"WebPage","@id":"https:\/\/editorialmediterrania.com\/es\/producto\/hortalisses-i-flors-remeieres\/","url":"https:\/\/editorialmediterrania.com\/es\/producto\/hortalisses-i-flors-remeieres\/","name":"Hortalisses i flors remeieres - Editorial Mediterr\u00e0nia","isPartOf":{"@id":"https:\/\/editorialmediterrania.com\/es\/#website"},"primaryImageOfPage":{"@id":"https:\/\/editorialmediterrania.com\/es\/producto\/hortalisses-i-flors-remeieres\/#primaryimage"},"image":{"@id":"https:\/\/editorialmediterrania.com\/es\/producto\/hortalisses-i-flors-remeieres\/#primaryimage"},"thumbnailUrl":"https:\/\/editorialmediterrania.com\/wp-content\/uploads\/2014\/03\/Hortalisses-i-flors-remeieres1.jpg","datePublished":"2014-04-24T12:00:03+00:00","dateModified":"2022-08-25T10:32:43+00:00","description":"\"Hortalisses i flors remeieres\" presenta cu\u00e1les son las peculiares virtudes curanderas de las hierbas santas y ofrece una elecci\u00f3n de recetas y de remedios.","breadcrumb":{"@id":"https:\/\/editorialmediterrania.com\/es\/producto\/hortalisses-i-flors-remeieres\/#breadcrumb"},"inLanguage":"es","potentialAction":[{"@type":"ReadAction","target":["https:\/\/editorialmediterrania.com\/es\/producto\/hortalisses-i-flors-remeieres\/"]}]},{"@type":"ImageObject","inLanguage":"es","@id":"https:\/\/editorialmediterrania.com\/es\/producto\/hortalisses-i-flors-remeieres\/#primaryimage","url":"https:\/\/editorialmediterrania.com\/wp-content\/uploads\/2014\/03\/Hortalisses-i-flors-remeieres1.jpg","contentUrl":"https:\/\/editorialmediterrania.com\/wp-content\/uploads\/2014\/03\/Hortalisses-i-flors-remeieres1.jpg","width":600,"height":838,"caption":"Hortalisses i flors remeieres - Editorial Mediterr\u00e0nia"},{"@type":"BreadcrumbList","@id":"https:\/\/editorialmediterrania.com\/es\/producto\/hortalisses-i-flors-remeieres\/#breadcrumb","itemListElement":[{"@type":"ListItem","position":1,"name":"Tienda de libros infantiles de arte","item":"https:\/\/editorialmediterrania.com\/es\/tienda-de-libros-infantiles-arte\/"},{"@type":"ListItem","position":2,"name":"Hortalisses i flors remeieres"}]},{"@type":"WebSite","@id":"https:\/\/editorialmediterrania.com\/es\/#website","url":"https:\/\/editorialmediterrania.com\/es\/","name":"Editorial Mediterrania","description":"Llibres que t\u2019obriran nous mons","publisher":{"@id":"https:\/\/editorialmediterrania.com\/es\/#organization"},"alternateName":"Llibres infantils d'art, cultura i natura","potentialAction":[{"@type":"SearchAction","target":{"@type":"EntryPoint","urlTemplate":"https:\/\/editorialmediterrania.com\/es\/?s={search_term_string}"},"query-input":"required name=search_term_string"}],"inLanguage":"es"},{"@type":"Organization","@id":"https:\/\/editorialmediterrania.com\/es\/#organization","name":"Editorial Mediterrania","alternateName":"Llibres d'art, cultura i natura per infants i fam\u00edlies","url":"https:\/\/editorialmediterrania.com\/es\/","logo":{"@type":"ImageObject","inLanguage":"es","@id":"https:\/\/editorialmediterrania.com\/es\/#\/schema\/logo\/image\/","url":"https:\/\/editorialmediterrania.com\/wp-content\/uploads\/2023\/03\/LOGO-ED_MEDITERRANIA_OK-2.png","contentUrl":"https:\/\/editorialmediterrania.com\/wp-content\/uploads\/2023\/03\/LOGO-ED_MEDITERRANIA_OK-2.png","width":1200,"height":300,"caption":"Editorial Mediterrania"},"image":{"@id":"https:\/\/editorialmediterrania.com\/es\/#\/schema\/logo\/image\/"},"sameAs":["https:\/\/x.com\/edmediterrania","https:\/\/www.instagram.com\/editorialmediterrania\/"]}]}},"_links":{"self":[{"href":"https:\/\/editorialmediterrania.com\/es\/wp-json\/wp\/v2\/product\/12925","targetHints":{"allow":["GET"]}}],"collection":[{"href":"https:\/\/editorialmediterrania.com\/es\/wp-json\/wp\/v2\/product"}],"about":[{"href":"https:\/\/editorialmediterrania.com\/es\/wp-json\/wp\/v2\/types\/product"}],"wp:featuredmedia":[{"embeddable":true,"href":"https:\/\/editorialmediterrania.com\/es\/wp-json\/wp\/v2\/media\/22619"}],"wp:attachment":[{"href":"https:\/\/editorialmediterrania.com\/es\/wp-json\/wp\/v2\/media?parent=12925"}],"wp:term":[{"taxonomy":"product_cat","embeddable":true,"href":"https:\/\/editorialmediterrania.com\/es\/wp-json\/wp\/v2\/product_cat?post=12925"},{"taxonomy":"product_tag","embeddable":true,"href":"https:\/\/editorialmediterrania.com\/es\/wp-json\/wp\/v2\/product_tag?post=12925"},{"taxonomy":"autors","embeddable":true,"href":"https:\/\/editorialmediterrania.com\/es\/wp-json\/wp\/v2\/autors?post=12925"}],"curies":[{"name":"wp","href":"https:\/\/api.w.org\/{rel}","templated":true}]}}