{"id":13285,"date":"2014-06-04T11:01:11","date_gmt":"2014-06-04T09:01:11","guid":{"rendered":"http:\/\/editorialmediterrania.net\/?post_type=product&#038;p=13285"},"modified":"2015-12-17T18:12:57","modified_gmt":"2015-12-17T17:12:57","slug":"contes-de-malalties-2","status":"publish","type":"product","link":"https:\/\/editorialmediterrania.com\/es\/producto\/contes-de-malalties-2\/","title":{"rendered":"Contes de malalties"},"content":{"rendered":"<p style=\"text-align: justify;\">Este libro, ilustrado por Pilar\u00edn Bay\u00e9s, es la compilaci\u00f3n de los quince relatos ganadores del und\u00e9cimo Premi Pilar\u00edn Bay\u00e9s de cuentos escritos por ni\u00f1os y ni\u00f1as, convocado por <em>Editorial Mediterr\u00e0nia <\/em>y la<em> Obra Social Sant Joan de D\u00e9u.<\/em><\/p>\n<p style=\"text-align: justify;\">Todos los cuentos se centran en el tema propuesto en esta edici\u00f3: <strong>\u201cMalalties amb qu\u00e8 conviure\u201d<\/strong>. A dem\u00e1s, por primera vez en la colecci\u00f3n, el libro ha sido editado con la tipograf\u00eda Anna.<\/p>\n<p style=\"text-align: justify;\">El jurado eligi\u00f3 los relatos entre 1.080 cuentos de enfermedades por alumnos de 120 escuelas de todo Catalu\u00f1a y es un buen testimonio sobre como viven y entienden los ni\u00f1os las enfermedades de lara duraci\u00f3n.<\/p>\n","protected":false},"excerpt":{"rendered":"<p>Este libro, ilustrado por Pilar\u00edn Bay\u00e9s, es la compilaci\u00f3n de los quince relatos ganadores del und\u00e9cimo Premi Pilar\u00edn Bay\u00e9s de cuentos escritos por ni\u00f1os y ni\u00f1as, convocado por Editorial Mediterr\u00e0nia y la Obra Social Sant Joan de D\u00e9u. Todos los cuentos se centran en el tema propuesto en esta edici\u00f3: \u201cMalalties amb qu\u00e8 conviure\u201d. A [&hellip;]<\/p>\n","protected":false},"featured_media":16433,"template":"","meta":[],"product_cat":[30],"product_tag":[6057,6017,6009,6001,396,3460],"autors":[],"class_list":{"0":"post-13285","1":"product","2":"type-product","3":"status-publish","4":"has-post-thumbnail","6":"product_cat-editorial-mediterrania","7":"product_tag-contes-es","8":"product_tag-contes-infantils-es","9":"product_tag-llibres-il-lustrats-es","10":"product_tag-llibres-infantils-es","11":"product_tag-pilarin-bayes-es","12":"product_tag-premi-pilarin-bayes-es","14":"first","15":"outofstock","16":"purchasable","17":"product-type-simple","swatches":"rey-swatches","show_selected":""},"acf":[],"yoast_head":"<!-- This site is optimized with the Yoast SEO plugin v22.8 - https:\/\/yoast.com\/wordpress\/plugins\/seo\/ -->\n<title>Contes de malalties - Editorial Mediterr\u00e0nia<\/title>\n<meta name=\"description\" content=\"Contes de malalties. Recull dels contes guanyadors de l&#039;Onz\u00e8 Premi Pilar\u00edn Bay\u00e9s escrits per nens i nenes.\" \/>\n<meta name=\"robots\" content=\"index, follow, max-snippet:-1, max-image-preview:large, max-video-preview:-1\" \/>\n<link rel=\"canonical\" href=\"https:\/\/editorialmediterrania.com\/es\/producto\/contes-de-malalties-2\/\" \/>\n<meta property=\"og:locale\" content=\"es_ES\" \/>\n<meta property=\"og:type\" content=\"article\" \/>\n<meta property=\"og:title\" content=\"Contes de malalties - Editorial Mediterr\u00e0nia\" \/>\n<meta property=\"og:description\" content=\"Contes de malalties. Recull dels contes guanyadors de l&#039;Onz\u00e8 Premi Pilar\u00edn Bay\u00e9s escrits per nens i nenes.\" \/>\n<meta property=\"og:url\" content=\"https:\/\/editorialmediterrania.com\/es\/producto\/contes-de-malalties-2\/\" \/>\n<meta property=\"og:site_name\" content=\"Editorial Mediterr\u00e0nia\" \/>\n<meta property=\"article:modified_time\" content=\"2015-12-17T17:12:57+00:00\" \/>\n<meta property=\"og:image\" content=\"https:\/\/editorialmediterrania.com\/wp-content\/uploads\/2014\/06\/Cob_ContesMalalties-e1444815021469.jpg\" \/>\n\t<meta property=\"og:image:width\" content=\"300\" \/>\n\t<meta property=\"og:image:height\" content=\"301\" \/>\n\t<meta property=\"og:image:type\" content=\"image\/jpeg\" \/>\n<meta name=\"twitter:card\" content=\"summary_large_image\" \/>\n<meta name=\"twitter:site\" content=\"@edmediterrania\" \/>\n<meta name=\"twitter:label1\" content=\"Tiempo de lectura\" \/>\n\t<meta name=\"twitter:data1\" content=\"1 minuto\" \/>\n<script type=\"application\/ld+json\" class=\"yoast-schema-graph\">{\"@context\":\"https:\/\/schema.org\",\"@graph\":[{\"@type\":\"WebPage\",\"@id\":\"https:\/\/editorialmediterrania.com\/es\/producto\/contes-de-malalties-2\/\",\"url\":\"https:\/\/editorialmediterrania.com\/es\/producto\/contes-de-malalties-2\/\",\"name\":\"Contes de malalties - Editorial Mediterr\u00e0nia\",\"isPartOf\":{\"@id\":\"https:\/\/editorialmediterrania.com\/es\/#website\"},\"primaryImageOfPage\":{\"@id\":\"https:\/\/editorialmediterrania.com\/es\/producto\/contes-de-malalties-2\/#primaryimage\"},\"image\":{\"@id\":\"https:\/\/editorialmediterrania.com\/es\/producto\/contes-de-malalties-2\/#primaryimage\"},\"thumbnailUrl\":\"https:\/\/editorialmediterrania.com\/wp-content\/uploads\/2014\/06\/Cob_ContesMalalties-e1444815021469.jpg\",\"datePublished\":\"2014-06-04T09:01:11+00:00\",\"dateModified\":\"2015-12-17T17:12:57+00:00\",\"description\":\"Contes de malalties. Recull dels contes guanyadors de l'Onz\u00e8 Premi Pilar\u00edn Bay\u00e9s escrits per nens i nenes.\",\"breadcrumb\":{\"@id\":\"https:\/\/editorialmediterrania.com\/es\/producto\/contes-de-malalties-2\/#breadcrumb\"},\"inLanguage\":\"es\",\"potentialAction\":[{\"@type\":\"ReadAction\",\"target\":[\"https:\/\/editorialmediterrania.com\/es\/producto\/contes-de-malalties-2\/\"]}]},{\"@type\":\"ImageObject\",\"inLanguage\":\"es\",\"@id\":\"https:\/\/editorialmediterrania.com\/es\/producto\/contes-de-malalties-2\/#primaryimage\",\"url\":\"https:\/\/editorialmediterrania.com\/wp-content\/uploads\/2014\/06\/Cob_ContesMalalties-e1444815021469.jpg\",\"contentUrl\":\"https:\/\/editorialmediterrania.com\/wp-content\/uploads\/2014\/06\/Cob_ContesMalalties-e1444815021469.jpg\",\"width\":300,\"height\":301,\"caption\":\"Contes de malalties - Editorial Mediterr\u00e0nia\"},{\"@type\":\"BreadcrumbList\",\"@id\":\"https:\/\/editorialmediterrania.com\/es\/producto\/contes-de-malalties-2\/#breadcrumb\",\"itemListElement\":[{\"@type\":\"ListItem\",\"position\":1,\"name\":\"Tienda de libros infantiles de arte\",\"item\":\"https:\/\/editorialmediterrania.com\/es\/tienda-de-libros-infantiles-arte\/\"},{\"@type\":\"ListItem\",\"position\":2,\"name\":\"Contes de malalties\"}]},{\"@type\":\"WebSite\",\"@id\":\"https:\/\/editorialmediterrania.com\/es\/#website\",\"url\":\"https:\/\/editorialmediterrania.com\/es\/\",\"name\":\"Editorial Mediterrania\",\"description\":\"Llibres que t\u2019obriran nous mons\",\"publisher\":{\"@id\":\"https:\/\/editorialmediterrania.com\/es\/#organization\"},\"alternateName\":\"Llibres infantils d'art, cultura i natura\",\"potentialAction\":[{\"@type\":\"SearchAction\",\"target\":{\"@type\":\"EntryPoint\",\"urlTemplate\":\"https:\/\/editorialmediterrania.com\/es\/?s={search_term_string}\"},\"query-input\":\"required name=search_term_string\"}],\"inLanguage\":\"es\"},{\"@type\":\"Organization\",\"@id\":\"https:\/\/editorialmediterrania.com\/es\/#organization\",\"name\":\"Editorial Mediterrania\",\"alternateName\":\"Llibres d'art, cultura i natura per infants i fam\u00edlies\",\"url\":\"https:\/\/editorialmediterrania.com\/es\/\",\"logo\":{\"@type\":\"ImageObject\",\"inLanguage\":\"es\",\"@id\":\"https:\/\/editorialmediterrania.com\/es\/#\/schema\/logo\/image\/\",\"url\":\"https:\/\/editorialmediterrania.com\/wp-content\/uploads\/2023\/03\/LOGO-ED_MEDITERRANIA_OK-2.png\",\"contentUrl\":\"https:\/\/editorialmediterrania.com\/wp-content\/uploads\/2023\/03\/LOGO-ED_MEDITERRANIA_OK-2.png\",\"width\":1200,\"height\":300,\"caption\":\"Editorial Mediterrania\"},\"image\":{\"@id\":\"https:\/\/editorialmediterrania.com\/es\/#\/schema\/logo\/image\/\"},\"sameAs\":[\"https:\/\/x.com\/edmediterrania\",\"https:\/\/www.instagram.com\/editorialmediterrania\/\"]}]}<\/script>\n<!-- \/ Yoast SEO plugin. -->","yoast_head_json":{"title":"Contes de malalties - Editorial Mediterr\u00e0nia","description":"Contes de malalties. Recull dels contes guanyadors de l'Onz\u00e8 Premi Pilar\u00edn Bay\u00e9s escrits per nens i nenes.","robots":{"index":"index","follow":"follow","max-snippet":"max-snippet:-1","max-image-preview":"max-image-preview:large","max-video-preview":"max-video-preview:-1"},"canonical":"https:\/\/editorialmediterrania.com\/es\/producto\/contes-de-malalties-2\/","og_locale":"es_ES","og_type":"article","og_title":"Contes de malalties - Editorial Mediterr\u00e0nia","og_description":"Contes de malalties. Recull dels contes guanyadors de l'Onz\u00e8 Premi Pilar\u00edn Bay\u00e9s escrits per nens i nenes.","og_url":"https:\/\/editorialmediterrania.com\/es\/producto\/contes-de-malalties-2\/","og_site_name":"Editorial Mediterr\u00e0nia","article_modified_time":"2015-12-17T17:12:57+00:00","og_image":[{"width":300,"height":301,"url":"https:\/\/editorialmediterrania.com\/wp-content\/uploads\/2014\/06\/Cob_ContesMalalties-e1444815021469.jpg","type":"image\/jpeg"}],"twitter_card":"summary_large_image","twitter_site":"@edmediterrania","twitter_misc":{"Tiempo de lectura":"1 minuto"},"schema":{"@context":"https:\/\/schema.org","@graph":[{"@type":"WebPage","@id":"https:\/\/editorialmediterrania.com\/es\/producto\/contes-de-malalties-2\/","url":"https:\/\/editorialmediterrania.com\/es\/producto\/contes-de-malalties-2\/","name":"Contes de malalties - Editorial Mediterr\u00e0nia","isPartOf":{"@id":"https:\/\/editorialmediterrania.com\/es\/#website"},"primaryImageOfPage":{"@id":"https:\/\/editorialmediterrania.com\/es\/producto\/contes-de-malalties-2\/#primaryimage"},"image":{"@id":"https:\/\/editorialmediterrania.com\/es\/producto\/contes-de-malalties-2\/#primaryimage"},"thumbnailUrl":"https:\/\/editorialmediterrania.com\/wp-content\/uploads\/2014\/06\/Cob_ContesMalalties-e1444815021469.jpg","datePublished":"2014-06-04T09:01:11+00:00","dateModified":"2015-12-17T17:12:57+00:00","description":"Contes de malalties. Recull dels contes guanyadors de l'Onz\u00e8 Premi Pilar\u00edn Bay\u00e9s escrits per nens i nenes.","breadcrumb":{"@id":"https:\/\/editorialmediterrania.com\/es\/producto\/contes-de-malalties-2\/#breadcrumb"},"inLanguage":"es","potentialAction":[{"@type":"ReadAction","target":["https:\/\/editorialmediterrania.com\/es\/producto\/contes-de-malalties-2\/"]}]},{"@type":"ImageObject","inLanguage":"es","@id":"https:\/\/editorialmediterrania.com\/es\/producto\/contes-de-malalties-2\/#primaryimage","url":"https:\/\/editorialmediterrania.com\/wp-content\/uploads\/2014\/06\/Cob_ContesMalalties-e1444815021469.jpg","contentUrl":"https:\/\/editorialmediterrania.com\/wp-content\/uploads\/2014\/06\/Cob_ContesMalalties-e1444815021469.jpg","width":300,"height":301,"caption":"Contes de malalties - Editorial Mediterr\u00e0nia"},{"@type":"BreadcrumbList","@id":"https:\/\/editorialmediterrania.com\/es\/producto\/contes-de-malalties-2\/#breadcrumb","itemListElement":[{"@type":"ListItem","position":1,"name":"Tienda de libros infantiles de arte","item":"https:\/\/editorialmediterrania.com\/es\/tienda-de-libros-infantiles-arte\/"},{"@type":"ListItem","position":2,"name":"Contes de malalties"}]},{"@type":"WebSite","@id":"https:\/\/editorialmediterrania.com\/es\/#website","url":"https:\/\/editorialmediterrania.com\/es\/","name":"Editorial Mediterrania","description":"Llibres que t\u2019obriran nous mons","publisher":{"@id":"https:\/\/editorialmediterrania.com\/es\/#organization"},"alternateName":"Llibres infantils d'art, cultura i natura","potentialAction":[{"@type":"SearchAction","target":{"@type":"EntryPoint","urlTemplate":"https:\/\/editorialmediterrania.com\/es\/?s={search_term_string}"},"query-input":"required name=search_term_string"}],"inLanguage":"es"},{"@type":"Organization","@id":"https:\/\/editorialmediterrania.com\/es\/#organization","name":"Editorial Mediterrania","alternateName":"Llibres d'art, cultura i natura per infants i fam\u00edlies","url":"https:\/\/editorialmediterrania.com\/es\/","logo":{"@type":"ImageObject","inLanguage":"es","@id":"https:\/\/editorialmediterrania.com\/es\/#\/schema\/logo\/image\/","url":"https:\/\/editorialmediterrania.com\/wp-content\/uploads\/2023\/03\/LOGO-ED_MEDITERRANIA_OK-2.png","contentUrl":"https:\/\/editorialmediterrania.com\/wp-content\/uploads\/2023\/03\/LOGO-ED_MEDITERRANIA_OK-2.png","width":1200,"height":300,"caption":"Editorial Mediterrania"},"image":{"@id":"https:\/\/editorialmediterrania.com\/es\/#\/schema\/logo\/image\/"},"sameAs":["https:\/\/x.com\/edmediterrania","https:\/\/www.instagram.com\/editorialmediterrania\/"]}]}},"_links":{"self":[{"href":"https:\/\/editorialmediterrania.com\/es\/wp-json\/wp\/v2\/product\/13285","targetHints":{"allow":["GET"]}}],"collection":[{"href":"https:\/\/editorialmediterrania.com\/es\/wp-json\/wp\/v2\/product"}],"about":[{"href":"https:\/\/editorialmediterrania.com\/es\/wp-json\/wp\/v2\/types\/product"}],"wp:featuredmedia":[{"embeddable":true,"href":"https:\/\/editorialmediterrania.com\/es\/wp-json\/wp\/v2\/media\/16433"}],"wp:attachment":[{"href":"https:\/\/editorialmediterrania.com\/es\/wp-json\/wp\/v2\/media?parent=13285"}],"wp:term":[{"taxonomy":"product_cat","embeddable":true,"href":"https:\/\/editorialmediterrania.com\/es\/wp-json\/wp\/v2\/product_cat?post=13285"},{"taxonomy":"product_tag","embeddable":true,"href":"https:\/\/editorialmediterrania.com\/es\/wp-json\/wp\/v2\/product_tag?post=13285"},{"taxonomy":"autors","embeddable":true,"href":"https:\/\/editorialmediterrania.com\/es\/wp-json\/wp\/v2\/autors?post=13285"}],"curies":[{"name":"wp","href":"https:\/\/api.w.org\/{rel}","templated":true}]}}