{"id":13394,"date":"2014-06-12T11:23:57","date_gmt":"2014-06-12T09:35:40","guid":{"rendered":"http:\/\/editorialmediterrania.net\/?post_type=product&#038;p=13394"},"modified":"2015-09-17T18:33:23","modified_gmt":"2015-09-17T16:33:23","slug":"petita-historia-de-roc-boronat-2","status":"publish","type":"product","link":"https:\/\/editorialmediterrania.com\/es\/producto\/petita-historia-de-roc-boronat-2\/","title":{"rendered":"Petita Hist\u00f2ria de Roc Boronat"},"content":{"rendered":"<p style=\"text-align: justify;\">Esta Peque\u00f1a Historia narra la vida personal, la dedicaci\u00f3n pol\u00edtica y las tareas que llev\u00f3 a cabo Roc Boronat para ayudar los que m\u00e1s lo necesitaban. El cuento, escrito c\u00f3mo si lo narrara su nieto, recorre la vida de qui\u00e9n ide\u00f3 la primera rifa para que los ciegos de Catalu\u00f1a ganaran dinero y quien los anim\u00f3 a organizarse en un sindicato, del cual fue el primer presidente.<\/p>\n<p style=\"text-align: justify;\">Editorial Mediterr\u00e0nia ha contado con la colaboraci\u00f3n de la ONCE para publicar este libro, editado con tipograf\u00eda\u00a0e ilustraciones adaptadas para personas con dificultades visuales.<\/p>\n","protected":false},"excerpt":{"rendered":"<p>Esta Peque\u00f1a Historia narra la vida personal, la dedicaci\u00f3n pol\u00edtica y las tareas que llev\u00f3 a cabo Roc Boronat para ayudar los que m\u00e1s lo necesitaban. El cuento, escrito c\u00f3mo si lo narrara su nieto, recorre la vida de qui\u00e9n ide\u00f3 la primera rifa para que los ciegos de Catalu\u00f1a ganaran dinero y quien los [&hellip;]<\/p>\n","protected":false},"featured_media":20652,"template":"","meta":[],"product_cat":[30,103],"product_tag":[6057,6017,393,1970,1498,396],"autors":[],"class_list":{"0":"post-13394","1":"product","2":"type-product","3":"status-publish","4":"has-post-thumbnail","6":"product_cat-editorial-mediterrania","7":"product_cat-pequenas-historias","8":"product_tag-contes-es","9":"product_tag-contes-infantils-es","10":"product_tag-libro-infantil-es","11":"product_tag-pequenas-historias-es","12":"product_tag-petites-histories","13":"product_tag-pilarin-bayes-es","15":"first","16":"outofstock","17":"purchasable","18":"product-type-simple","swatches":"rey-swatches","show_selected":""},"acf":[],"yoast_head":"<!-- This site is optimized with the Yoast SEO plugin v22.8 - https:\/\/yoast.com\/wordpress\/plugins\/seo\/ -->\n<title>Petita Hist\u00f2ria de Roc Boronat - Editorial Mediterr\u00e0nia<\/title>\n<meta name=\"description\" content=\"Esta &quot;Petita Hist\u00f2ria de Roc Boronat&quot; narra la vida personal, la dedicaci\u00f3n pol\u00edtica y las tareas que llev\u00f3 a cabo Roc Boronat para ayudar los que m\u00e1s lo necesitaban\" \/>\n<meta name=\"robots\" content=\"index, follow, max-snippet:-1, max-image-preview:large, max-video-preview:-1\" \/>\n<link rel=\"canonical\" href=\"https:\/\/editorialmediterrania.com\/es\/producto\/petita-historia-de-roc-boronat-2\/\" \/>\n<meta property=\"og:locale\" content=\"es_ES\" \/>\n<meta property=\"og:type\" content=\"article\" \/>\n<meta property=\"og:title\" content=\"Petita Hist\u00f2ria de Roc Boronat - Editorial Mediterr\u00e0nia\" \/>\n<meta property=\"og:description\" content=\"Esta &quot;Petita Hist\u00f2ria de Roc Boronat&quot; narra la vida personal, la dedicaci\u00f3n pol\u00edtica y las tareas que llev\u00f3 a cabo Roc Boronat para ayudar los que m\u00e1s lo necesitaban\" \/>\n<meta property=\"og:url\" content=\"https:\/\/editorialmediterrania.com\/es\/producto\/petita-historia-de-roc-boronat-2\/\" \/>\n<meta property=\"og:site_name\" content=\"Editorial Mediterr\u00e0nia\" \/>\n<meta property=\"article:modified_time\" content=\"2015-09-17T16:33:23+00:00\" \/>\n<meta property=\"og:image\" content=\"https:\/\/editorialmediterrania.com\/wp-content\/uploads\/2014\/06\/Petita-Historia-de-Roc-Boronat.jpg\" \/>\n\t<meta property=\"og:image:width\" content=\"600\" \/>\n\t<meta property=\"og:image:height\" content=\"692\" \/>\n\t<meta property=\"og:image:type\" content=\"image\/jpeg\" \/>\n<meta name=\"twitter:card\" content=\"summary_large_image\" \/>\n<meta name=\"twitter:site\" content=\"@edmediterrania\" \/>\n<meta name=\"twitter:label1\" content=\"Tiempo de lectura\" \/>\n\t<meta name=\"twitter:data1\" content=\"1 minuto\" \/>\n<script type=\"application\/ld+json\" class=\"yoast-schema-graph\">{\"@context\":\"https:\/\/schema.org\",\"@graph\":[{\"@type\":\"WebPage\",\"@id\":\"https:\/\/editorialmediterrania.com\/es\/producto\/petita-historia-de-roc-boronat-2\/\",\"url\":\"https:\/\/editorialmediterrania.com\/es\/producto\/petita-historia-de-roc-boronat-2\/\",\"name\":\"Petita Hist\u00f2ria de Roc Boronat - Editorial Mediterr\u00e0nia\",\"isPartOf\":{\"@id\":\"https:\/\/editorialmediterrania.com\/es\/#website\"},\"primaryImageOfPage\":{\"@id\":\"https:\/\/editorialmediterrania.com\/es\/producto\/petita-historia-de-roc-boronat-2\/#primaryimage\"},\"image\":{\"@id\":\"https:\/\/editorialmediterrania.com\/es\/producto\/petita-historia-de-roc-boronat-2\/#primaryimage\"},\"thumbnailUrl\":\"https:\/\/editorialmediterrania.com\/wp-content\/uploads\/2014\/06\/Petita-Historia-de-Roc-Boronat.jpg\",\"datePublished\":\"2014-06-12T09:35:40+00:00\",\"dateModified\":\"2015-09-17T16:33:23+00:00\",\"description\":\"Esta \\\"Petita Hist\u00f2ria de Roc Boronat\\\" narra la vida personal, la dedicaci\u00f3n pol\u00edtica y las tareas que llev\u00f3 a cabo Roc Boronat para ayudar los que m\u00e1s lo necesitaban\",\"breadcrumb\":{\"@id\":\"https:\/\/editorialmediterrania.com\/es\/producto\/petita-historia-de-roc-boronat-2\/#breadcrumb\"},\"inLanguage\":\"es\",\"potentialAction\":[{\"@type\":\"ReadAction\",\"target\":[\"https:\/\/editorialmediterrania.com\/es\/producto\/petita-historia-de-roc-boronat-2\/\"]}]},{\"@type\":\"ImageObject\",\"inLanguage\":\"es\",\"@id\":\"https:\/\/editorialmediterrania.com\/es\/producto\/petita-historia-de-roc-boronat-2\/#primaryimage\",\"url\":\"https:\/\/editorialmediterrania.com\/wp-content\/uploads\/2014\/06\/Petita-Historia-de-Roc-Boronat.jpg\",\"contentUrl\":\"https:\/\/editorialmediterrania.com\/wp-content\/uploads\/2014\/06\/Petita-Historia-de-Roc-Boronat.jpg\",\"width\":600,\"height\":692,\"caption\":\"Petita Hist\u00f2ria de Roc Boronat - Editorial Mediterr\u00e0nia\"},{\"@type\":\"BreadcrumbList\",\"@id\":\"https:\/\/editorialmediterrania.com\/es\/producto\/petita-historia-de-roc-boronat-2\/#breadcrumb\",\"itemListElement\":[{\"@type\":\"ListItem\",\"position\":1,\"name\":\"Tienda de libros infantiles de arte\",\"item\":\"https:\/\/editorialmediterrania.com\/es\/tienda-de-libros-infantiles-arte\/\"},{\"@type\":\"ListItem\",\"position\":2,\"name\":\"Petita Hist\u00f2ria de Roc Boronat\"}]},{\"@type\":\"WebSite\",\"@id\":\"https:\/\/editorialmediterrania.com\/es\/#website\",\"url\":\"https:\/\/editorialmediterrania.com\/es\/\",\"name\":\"Editorial Mediterrania\",\"description\":\"Llibres que t\u2019obriran nous mons\",\"publisher\":{\"@id\":\"https:\/\/editorialmediterrania.com\/es\/#organization\"},\"alternateName\":\"Llibres infantils d'art, cultura i natura\",\"potentialAction\":[{\"@type\":\"SearchAction\",\"target\":{\"@type\":\"EntryPoint\",\"urlTemplate\":\"https:\/\/editorialmediterrania.com\/es\/?s={search_term_string}\"},\"query-input\":\"required name=search_term_string\"}],\"inLanguage\":\"es\"},{\"@type\":\"Organization\",\"@id\":\"https:\/\/editorialmediterrania.com\/es\/#organization\",\"name\":\"Editorial Mediterrania\",\"alternateName\":\"Llibres d'art, cultura i natura per infants i fam\u00edlies\",\"url\":\"https:\/\/editorialmediterrania.com\/es\/\",\"logo\":{\"@type\":\"ImageObject\",\"inLanguage\":\"es\",\"@id\":\"https:\/\/editorialmediterrania.com\/es\/#\/schema\/logo\/image\/\",\"url\":\"https:\/\/editorialmediterrania.com\/wp-content\/uploads\/2023\/03\/LOGO-ED_MEDITERRANIA_OK-2.png\",\"contentUrl\":\"https:\/\/editorialmediterrania.com\/wp-content\/uploads\/2023\/03\/LOGO-ED_MEDITERRANIA_OK-2.png\",\"width\":1200,\"height\":300,\"caption\":\"Editorial Mediterrania\"},\"image\":{\"@id\":\"https:\/\/editorialmediterrania.com\/es\/#\/schema\/logo\/image\/\"},\"sameAs\":[\"https:\/\/x.com\/edmediterrania\",\"https:\/\/www.instagram.com\/editorialmediterrania\/\"]}]}<\/script>\n<!-- \/ Yoast SEO plugin. -->","yoast_head_json":{"title":"Petita Hist\u00f2ria de Roc Boronat - Editorial Mediterr\u00e0nia","description":"Esta \"Petita Hist\u00f2ria de Roc Boronat\" narra la vida personal, la dedicaci\u00f3n pol\u00edtica y las tareas que llev\u00f3 a cabo Roc Boronat para ayudar los que m\u00e1s lo necesitaban","robots":{"index":"index","follow":"follow","max-snippet":"max-snippet:-1","max-image-preview":"max-image-preview:large","max-video-preview":"max-video-preview:-1"},"canonical":"https:\/\/editorialmediterrania.com\/es\/producto\/petita-historia-de-roc-boronat-2\/","og_locale":"es_ES","og_type":"article","og_title":"Petita Hist\u00f2ria de Roc Boronat - Editorial Mediterr\u00e0nia","og_description":"Esta \"Petita Hist\u00f2ria de Roc Boronat\" narra la vida personal, la dedicaci\u00f3n pol\u00edtica y las tareas que llev\u00f3 a cabo Roc Boronat para ayudar los que m\u00e1s lo necesitaban","og_url":"https:\/\/editorialmediterrania.com\/es\/producto\/petita-historia-de-roc-boronat-2\/","og_site_name":"Editorial Mediterr\u00e0nia","article_modified_time":"2015-09-17T16:33:23+00:00","og_image":[{"width":600,"height":692,"url":"https:\/\/editorialmediterrania.com\/wp-content\/uploads\/2014\/06\/Petita-Historia-de-Roc-Boronat.jpg","type":"image\/jpeg"}],"twitter_card":"summary_large_image","twitter_site":"@edmediterrania","twitter_misc":{"Tiempo de lectura":"1 minuto"},"schema":{"@context":"https:\/\/schema.org","@graph":[{"@type":"WebPage","@id":"https:\/\/editorialmediterrania.com\/es\/producto\/petita-historia-de-roc-boronat-2\/","url":"https:\/\/editorialmediterrania.com\/es\/producto\/petita-historia-de-roc-boronat-2\/","name":"Petita Hist\u00f2ria de Roc Boronat - Editorial Mediterr\u00e0nia","isPartOf":{"@id":"https:\/\/editorialmediterrania.com\/es\/#website"},"primaryImageOfPage":{"@id":"https:\/\/editorialmediterrania.com\/es\/producto\/petita-historia-de-roc-boronat-2\/#primaryimage"},"image":{"@id":"https:\/\/editorialmediterrania.com\/es\/producto\/petita-historia-de-roc-boronat-2\/#primaryimage"},"thumbnailUrl":"https:\/\/editorialmediterrania.com\/wp-content\/uploads\/2014\/06\/Petita-Historia-de-Roc-Boronat.jpg","datePublished":"2014-06-12T09:35:40+00:00","dateModified":"2015-09-17T16:33:23+00:00","description":"Esta \"Petita Hist\u00f2ria de Roc Boronat\" narra la vida personal, la dedicaci\u00f3n pol\u00edtica y las tareas que llev\u00f3 a cabo Roc Boronat para ayudar los que m\u00e1s lo necesitaban","breadcrumb":{"@id":"https:\/\/editorialmediterrania.com\/es\/producto\/petita-historia-de-roc-boronat-2\/#breadcrumb"},"inLanguage":"es","potentialAction":[{"@type":"ReadAction","target":["https:\/\/editorialmediterrania.com\/es\/producto\/petita-historia-de-roc-boronat-2\/"]}]},{"@type":"ImageObject","inLanguage":"es","@id":"https:\/\/editorialmediterrania.com\/es\/producto\/petita-historia-de-roc-boronat-2\/#primaryimage","url":"https:\/\/editorialmediterrania.com\/wp-content\/uploads\/2014\/06\/Petita-Historia-de-Roc-Boronat.jpg","contentUrl":"https:\/\/editorialmediterrania.com\/wp-content\/uploads\/2014\/06\/Petita-Historia-de-Roc-Boronat.jpg","width":600,"height":692,"caption":"Petita Hist\u00f2ria de Roc Boronat - Editorial Mediterr\u00e0nia"},{"@type":"BreadcrumbList","@id":"https:\/\/editorialmediterrania.com\/es\/producto\/petita-historia-de-roc-boronat-2\/#breadcrumb","itemListElement":[{"@type":"ListItem","position":1,"name":"Tienda de libros infantiles de arte","item":"https:\/\/editorialmediterrania.com\/es\/tienda-de-libros-infantiles-arte\/"},{"@type":"ListItem","position":2,"name":"Petita Hist\u00f2ria de Roc Boronat"}]},{"@type":"WebSite","@id":"https:\/\/editorialmediterrania.com\/es\/#website","url":"https:\/\/editorialmediterrania.com\/es\/","name":"Editorial Mediterrania","description":"Llibres que t\u2019obriran nous mons","publisher":{"@id":"https:\/\/editorialmediterrania.com\/es\/#organization"},"alternateName":"Llibres infantils d'art, cultura i natura","potentialAction":[{"@type":"SearchAction","target":{"@type":"EntryPoint","urlTemplate":"https:\/\/editorialmediterrania.com\/es\/?s={search_term_string}"},"query-input":"required name=search_term_string"}],"inLanguage":"es"},{"@type":"Organization","@id":"https:\/\/editorialmediterrania.com\/es\/#organization","name":"Editorial Mediterrania","alternateName":"Llibres d'art, cultura i natura per infants i fam\u00edlies","url":"https:\/\/editorialmediterrania.com\/es\/","logo":{"@type":"ImageObject","inLanguage":"es","@id":"https:\/\/editorialmediterrania.com\/es\/#\/schema\/logo\/image\/","url":"https:\/\/editorialmediterrania.com\/wp-content\/uploads\/2023\/03\/LOGO-ED_MEDITERRANIA_OK-2.png","contentUrl":"https:\/\/editorialmediterrania.com\/wp-content\/uploads\/2023\/03\/LOGO-ED_MEDITERRANIA_OK-2.png","width":1200,"height":300,"caption":"Editorial Mediterrania"},"image":{"@id":"https:\/\/editorialmediterrania.com\/es\/#\/schema\/logo\/image\/"},"sameAs":["https:\/\/x.com\/edmediterrania","https:\/\/www.instagram.com\/editorialmediterrania\/"]}]}},"_links":{"self":[{"href":"https:\/\/editorialmediterrania.com\/es\/wp-json\/wp\/v2\/product\/13394","targetHints":{"allow":["GET"]}}],"collection":[{"href":"https:\/\/editorialmediterrania.com\/es\/wp-json\/wp\/v2\/product"}],"about":[{"href":"https:\/\/editorialmediterrania.com\/es\/wp-json\/wp\/v2\/types\/product"}],"wp:featuredmedia":[{"embeddable":true,"href":"https:\/\/editorialmediterrania.com\/es\/wp-json\/wp\/v2\/media\/20652"}],"wp:attachment":[{"href":"https:\/\/editorialmediterrania.com\/es\/wp-json\/wp\/v2\/media?parent=13394"}],"wp:term":[{"taxonomy":"product_cat","embeddable":true,"href":"https:\/\/editorialmediterrania.com\/es\/wp-json\/wp\/v2\/product_cat?post=13394"},{"taxonomy":"product_tag","embeddable":true,"href":"https:\/\/editorialmediterrania.com\/es\/wp-json\/wp\/v2\/product_tag?post=13394"},{"taxonomy":"autors","embeddable":true,"href":"https:\/\/editorialmediterrania.com\/es\/wp-json\/wp\/v2\/autors?post=13394"}],"curies":[{"name":"wp","href":"https:\/\/api.w.org\/{rel}","templated":true}]}}