{"id":17532,"date":"2013-07-12T13:00:26","date_gmt":"2013-07-12T11:00:26","guid":{"rendered":"http:\/\/www.barcelonalab.com\/~editorialmediter\/product\/toledo-2\/"},"modified":"2021-05-10T19:07:10","modified_gmt":"2021-05-10T17:07:10","slug":"toledo","status":"publish","type":"product","link":"https:\/\/editorialmediterrania.com\/es\/producto\/toledo\/","title":{"rendered":"Pintem! Toledo"},"content":{"rendered":"<p>El quart volum de la col\u00b7lecci\u00f3 Pintem! vol donar a con\u00e8ixer als nens d&#8217;una manera l\u00fadica Toledo, ciutat Patrimoni de la Humanitat.<\/p>\n<p>La il\u00b7lustradora d&#8217;aquest quadern \u00e9s la toledana Ana Rodr\u00edguez Pastor, que ens convida a trav\u00e9s dels seus dibuixos a rec\u00f3rrer la seva ciutat pel Alc\u00e1zar, la Catedral, el Museo del Greco, la Plaza de Zocodover, el Museo Sefard\u00ed, la Mezquita del Cristo de la Luz o el Puente de Alc\u00e1ntara.<\/p>\n","protected":false},"excerpt":{"rendered":"<p>El quart volum de la col\u00b7lecci\u00f3 Pintem! vol donar a con\u00e8ixer als nens d&#8217;una manera l\u00fadica Toledo, ciutat Patrimoni de la Humanitat. La il\u00b7lustradora d&#8217;aquest quadern \u00e9s la toledana Ana Rodr\u00edguez Pastor, que ens convida a trav\u00e9s dels seus dibuixos a rec\u00f3rrer la seva ciutat pel Alc\u00e1zar, la Catedral, el Museo del Greco, la Plaza [&hellip;]<\/p>\n","protected":false},"featured_media":14894,"template":"","meta":[],"product_cat":[],"product_tag":[1264],"autors":[],"class_list":{"0":"post-17532","1":"product","2":"type-product","3":"status-publish","4":"has-post-thumbnail","6":"product_tag-llibre-per-pintar","8":"first","9":"instock","10":"purchasable","11":"product-type-simple","swatches":"rey-swatches","show_selected":""},"acf":[],"yoast_head":"<!-- This site is optimized with the Yoast SEO plugin v22.8 - https:\/\/yoast.com\/wordpress\/plugins\/seo\/ -->\n<title>Pintem!: Toledo. Editorial Mediterr\u00e0nia<\/title>\n<meta name=\"description\" content=\"Toledo \u00e9s un nou t\u00edtol de la col\u00b7lecci\u00f3 Pintem! perqu\u00e8 els m\u00e9s menuts coneguin aquesta ciutat Patrimoni de la Humanitat.\" \/>\n<meta name=\"robots\" content=\"index, follow, max-snippet:-1, max-image-preview:large, max-video-preview:-1\" \/>\n<link rel=\"canonical\" href=\"https:\/\/editorialmediterrania.com\/es\/producto\/toledo\/\" \/>\n<meta property=\"og:locale\" content=\"es_ES\" \/>\n<meta property=\"og:type\" content=\"article\" \/>\n<meta property=\"og:title\" content=\"Pintem!: Toledo. Editorial Mediterr\u00e0nia\" \/>\n<meta property=\"og:description\" content=\"Toledo \u00e9s un nou t\u00edtol de la col\u00b7lecci\u00f3 Pintem! perqu\u00e8 els m\u00e9s menuts coneguin aquesta ciutat Patrimoni de la Humanitat.\" \/>\n<meta property=\"og:url\" content=\"https:\/\/editorialmediterrania.com\/es\/producto\/toledo\/\" \/>\n<meta property=\"og:site_name\" content=\"Editorial Mediterr\u00e0nia\" \/>\n<meta property=\"article:modified_time\" content=\"2021-05-10T17:07:10+00:00\" \/>\n<meta property=\"og:image\" content=\"https:\/\/editorialmediterrania.com\/wp-content\/uploads\/2013\/07\/toledo-325x390.png\" \/>\n\t<meta property=\"og:image:width\" content=\"325\" \/>\n\t<meta property=\"og:image:height\" content=\"390\" \/>\n\t<meta property=\"og:image:type\" content=\"image\/png\" \/>\n<meta name=\"twitter:card\" content=\"summary_large_image\" \/>\n<meta name=\"twitter:site\" content=\"@edmediterrania\" \/>\n<script type=\"application\/ld+json\" class=\"yoast-schema-graph\">{\"@context\":\"https:\/\/schema.org\",\"@graph\":[{\"@type\":\"WebPage\",\"@id\":\"https:\/\/editorialmediterrania.com\/es\/producto\/toledo\/\",\"url\":\"https:\/\/editorialmediterrania.com\/es\/producto\/toledo\/\",\"name\":\"Pintem!: Toledo. Editorial Mediterr\u00e0nia\",\"isPartOf\":{\"@id\":\"https:\/\/editorialmediterrania.com\/es\/#website\"},\"primaryImageOfPage\":{\"@id\":\"https:\/\/editorialmediterrania.com\/es\/producto\/toledo\/#primaryimage\"},\"image\":{\"@id\":\"https:\/\/editorialmediterrania.com\/es\/producto\/toledo\/#primaryimage\"},\"thumbnailUrl\":\"https:\/\/editorialmediterrania.com\/wp-content\/uploads\/2013\/07\/toledo-325x390.png\",\"datePublished\":\"2013-07-12T11:00:26+00:00\",\"dateModified\":\"2021-05-10T17:07:10+00:00\",\"description\":\"Toledo \u00e9s un nou t\u00edtol de la col\u00b7lecci\u00f3 Pintem! perqu\u00e8 els m\u00e9s menuts coneguin aquesta ciutat Patrimoni de la Humanitat.\",\"breadcrumb\":{\"@id\":\"https:\/\/editorialmediterrania.com\/es\/producto\/toledo\/#breadcrumb\"},\"inLanguage\":\"es\",\"potentialAction\":[{\"@type\":\"ReadAction\",\"target\":[\"https:\/\/editorialmediterrania.com\/es\/producto\/toledo\/\"]}]},{\"@type\":\"ImageObject\",\"inLanguage\":\"es\",\"@id\":\"https:\/\/editorialmediterrania.com\/es\/producto\/toledo\/#primaryimage\",\"url\":\"https:\/\/editorialmediterrania.com\/wp-content\/uploads\/2013\/07\/toledo-325x390.png\",\"contentUrl\":\"https:\/\/editorialmediterrania.com\/wp-content\/uploads\/2013\/07\/toledo-325x390.png\",\"width\":325,\"height\":390},{\"@type\":\"BreadcrumbList\",\"@id\":\"https:\/\/editorialmediterrania.com\/es\/producto\/toledo\/#breadcrumb\",\"itemListElement\":[{\"@type\":\"ListItem\",\"position\":1,\"name\":\"Tienda de libros infantiles de arte\",\"item\":\"https:\/\/editorialmediterrania.com\/es\/tienda-de-libros-infantiles-arte\/\"},{\"@type\":\"ListItem\",\"position\":2,\"name\":\"Pintem! Toledo\"}]},{\"@type\":\"WebSite\",\"@id\":\"https:\/\/editorialmediterrania.com\/es\/#website\",\"url\":\"https:\/\/editorialmediterrania.com\/es\/\",\"name\":\"Editorial Mediterrania\",\"description\":\"Llibres que t\u2019obriran nous mons\",\"publisher\":{\"@id\":\"https:\/\/editorialmediterrania.com\/es\/#organization\"},\"alternateName\":\"Llibres infantils d'art, cultura i natura\",\"potentialAction\":[{\"@type\":\"SearchAction\",\"target\":{\"@type\":\"EntryPoint\",\"urlTemplate\":\"https:\/\/editorialmediterrania.com\/es\/?s={search_term_string}\"},\"query-input\":\"required name=search_term_string\"}],\"inLanguage\":\"es\"},{\"@type\":\"Organization\",\"@id\":\"https:\/\/editorialmediterrania.com\/es\/#organization\",\"name\":\"Editorial Mediterrania\",\"alternateName\":\"Llibres d'art, cultura i natura per infants i fam\u00edlies\",\"url\":\"https:\/\/editorialmediterrania.com\/es\/\",\"logo\":{\"@type\":\"ImageObject\",\"inLanguage\":\"es\",\"@id\":\"https:\/\/editorialmediterrania.com\/es\/#\/schema\/logo\/image\/\",\"url\":\"https:\/\/editorialmediterrania.com\/wp-content\/uploads\/2023\/03\/LOGO-ED_MEDITERRANIA_OK-2.png\",\"contentUrl\":\"https:\/\/editorialmediterrania.com\/wp-content\/uploads\/2023\/03\/LOGO-ED_MEDITERRANIA_OK-2.png\",\"width\":1200,\"height\":300,\"caption\":\"Editorial Mediterrania\"},\"image\":{\"@id\":\"https:\/\/editorialmediterrania.com\/es\/#\/schema\/logo\/image\/\"},\"sameAs\":[\"https:\/\/x.com\/edmediterrania\",\"https:\/\/www.instagram.com\/editorialmediterrania\/\"]}]}<\/script>\n<!-- \/ Yoast SEO plugin. -->","yoast_head_json":{"title":"Pintem!: Toledo. Editorial Mediterr\u00e0nia","description":"Toledo \u00e9s un nou t\u00edtol de la col\u00b7lecci\u00f3 Pintem! perqu\u00e8 els m\u00e9s menuts coneguin aquesta ciutat Patrimoni de la Humanitat.","robots":{"index":"index","follow":"follow","max-snippet":"max-snippet:-1","max-image-preview":"max-image-preview:large","max-video-preview":"max-video-preview:-1"},"canonical":"https:\/\/editorialmediterrania.com\/es\/producto\/toledo\/","og_locale":"es_ES","og_type":"article","og_title":"Pintem!: Toledo. Editorial Mediterr\u00e0nia","og_description":"Toledo \u00e9s un nou t\u00edtol de la col\u00b7lecci\u00f3 Pintem! perqu\u00e8 els m\u00e9s menuts coneguin aquesta ciutat Patrimoni de la Humanitat.","og_url":"https:\/\/editorialmediterrania.com\/es\/producto\/toledo\/","og_site_name":"Editorial Mediterr\u00e0nia","article_modified_time":"2021-05-10T17:07:10+00:00","og_image":[{"width":325,"height":390,"url":"https:\/\/editorialmediterrania.com\/wp-content\/uploads\/2013\/07\/toledo-325x390.png","type":"image\/png"}],"twitter_card":"summary_large_image","twitter_site":"@edmediterrania","schema":{"@context":"https:\/\/schema.org","@graph":[{"@type":"WebPage","@id":"https:\/\/editorialmediterrania.com\/es\/producto\/toledo\/","url":"https:\/\/editorialmediterrania.com\/es\/producto\/toledo\/","name":"Pintem!: Toledo. Editorial Mediterr\u00e0nia","isPartOf":{"@id":"https:\/\/editorialmediterrania.com\/es\/#website"},"primaryImageOfPage":{"@id":"https:\/\/editorialmediterrania.com\/es\/producto\/toledo\/#primaryimage"},"image":{"@id":"https:\/\/editorialmediterrania.com\/es\/producto\/toledo\/#primaryimage"},"thumbnailUrl":"https:\/\/editorialmediterrania.com\/wp-content\/uploads\/2013\/07\/toledo-325x390.png","datePublished":"2013-07-12T11:00:26+00:00","dateModified":"2021-05-10T17:07:10+00:00","description":"Toledo \u00e9s un nou t\u00edtol de la col\u00b7lecci\u00f3 Pintem! perqu\u00e8 els m\u00e9s menuts coneguin aquesta ciutat Patrimoni de la Humanitat.","breadcrumb":{"@id":"https:\/\/editorialmediterrania.com\/es\/producto\/toledo\/#breadcrumb"},"inLanguage":"es","potentialAction":[{"@type":"ReadAction","target":["https:\/\/editorialmediterrania.com\/es\/producto\/toledo\/"]}]},{"@type":"ImageObject","inLanguage":"es","@id":"https:\/\/editorialmediterrania.com\/es\/producto\/toledo\/#primaryimage","url":"https:\/\/editorialmediterrania.com\/wp-content\/uploads\/2013\/07\/toledo-325x390.png","contentUrl":"https:\/\/editorialmediterrania.com\/wp-content\/uploads\/2013\/07\/toledo-325x390.png","width":325,"height":390},{"@type":"BreadcrumbList","@id":"https:\/\/editorialmediterrania.com\/es\/producto\/toledo\/#breadcrumb","itemListElement":[{"@type":"ListItem","position":1,"name":"Tienda de libros infantiles de arte","item":"https:\/\/editorialmediterrania.com\/es\/tienda-de-libros-infantiles-arte\/"},{"@type":"ListItem","position":2,"name":"Pintem! Toledo"}]},{"@type":"WebSite","@id":"https:\/\/editorialmediterrania.com\/es\/#website","url":"https:\/\/editorialmediterrania.com\/es\/","name":"Editorial Mediterrania","description":"Llibres que t\u2019obriran nous mons","publisher":{"@id":"https:\/\/editorialmediterrania.com\/es\/#organization"},"alternateName":"Llibres infantils d'art, cultura i natura","potentialAction":[{"@type":"SearchAction","target":{"@type":"EntryPoint","urlTemplate":"https:\/\/editorialmediterrania.com\/es\/?s={search_term_string}"},"query-input":"required name=search_term_string"}],"inLanguage":"es"},{"@type":"Organization","@id":"https:\/\/editorialmediterrania.com\/es\/#organization","name":"Editorial Mediterrania","alternateName":"Llibres d'art, cultura i natura per infants i fam\u00edlies","url":"https:\/\/editorialmediterrania.com\/es\/","logo":{"@type":"ImageObject","inLanguage":"es","@id":"https:\/\/editorialmediterrania.com\/es\/#\/schema\/logo\/image\/","url":"https:\/\/editorialmediterrania.com\/wp-content\/uploads\/2023\/03\/LOGO-ED_MEDITERRANIA_OK-2.png","contentUrl":"https:\/\/editorialmediterrania.com\/wp-content\/uploads\/2023\/03\/LOGO-ED_MEDITERRANIA_OK-2.png","width":1200,"height":300,"caption":"Editorial Mediterrania"},"image":{"@id":"https:\/\/editorialmediterrania.com\/es\/#\/schema\/logo\/image\/"},"sameAs":["https:\/\/x.com\/edmediterrania","https:\/\/www.instagram.com\/editorialmediterrania\/"]}]}},"_links":{"self":[{"href":"https:\/\/editorialmediterrania.com\/es\/wp-json\/wp\/v2\/product\/17532","targetHints":{"allow":["GET"]}}],"collection":[{"href":"https:\/\/editorialmediterrania.com\/es\/wp-json\/wp\/v2\/product"}],"about":[{"href":"https:\/\/editorialmediterrania.com\/es\/wp-json\/wp\/v2\/types\/product"}],"wp:featuredmedia":[{"embeddable":true,"href":"https:\/\/editorialmediterrania.com\/es\/wp-json\/wp\/v2\/media\/14894"}],"wp:attachment":[{"href":"https:\/\/editorialmediterrania.com\/es\/wp-json\/wp\/v2\/media?parent=17532"}],"wp:term":[{"taxonomy":"product_cat","embeddable":true,"href":"https:\/\/editorialmediterrania.com\/es\/wp-json\/wp\/v2\/product_cat?post=17532"},{"taxonomy":"product_tag","embeddable":true,"href":"https:\/\/editorialmediterrania.com\/es\/wp-json\/wp\/v2\/product_tag?post=17532"},{"taxonomy":"autors","embeddable":true,"href":"https:\/\/editorialmediterrania.com\/es\/wp-json\/wp\/v2\/autors?post=17532"}],"curies":[{"name":"wp","href":"https:\/\/api.w.org\/{rel}","templated":true}]}}