{"id":17565,"date":"2013-07-11T12:33:41","date_gmt":"2013-07-11T10:33:41","guid":{"rendered":"http:\/\/www.barcelonalab.com\/~editorialmediter\/product\/els-caputxins-i-les-herbes-remeieres-2-2\/"},"modified":"2026-04-09T16:27:04","modified_gmt":"2026-04-09T14:27:04","slug":"els-caputxins-i-les-herbes-remeieres","status":"publish","type":"product","link":"https:\/\/editorialmediterrania.com\/es\/producto\/els-caputxins-i-les-herbes-remeieres\/","title":{"rendered":"Els caputxins i les herbes remeieres"},"content":{"rendered":"<p style=\"text-align: justify;\">En els anys de la represa de la vida religiosa alguns frares maldaren esfor\u00e7adament per tal de revitalitzar i divulgar antigues tradicions terap\u00e8utiques, pr\u00f2pies dels caputxins, a trav\u00e9s de l\u2019edici\u00f3 de receptaris.<\/p>\n<p style=\"text-align: justify;\">Fra Valent\u00ed Serra de Manresa ha fet una tria d\u2019aquestes receptes pr\u00f2pies de la tradici\u00f3 franciscano-caputxina i ens les presenta juntament amb un recull de les herbes remeieres m\u00e9s sovintment emprades en la praxi quotidiana dels antics infermers caputxins.<\/p>\n<p>Aquest llibre tamb\u00e9 est\u00e0 disponible en format ebook o llibre electr\u00f2nic que podr\u00e0s trobar a la web del nostre distribu\u00efdor digital\u00a0<a href=\"http:\/\/www.zonaebooks.com\/Inicio\">Zonaebooks<\/a>.<\/p>\n<p style=\"text-align: justify;\">\n","protected":false},"excerpt":{"rendered":"<p>En els anys de la represa de la vida religiosa alguns frares maldaren esfor\u00e7adament per tal de revitalitzar i divulgar antigues tradicions terap\u00e8utiques, pr\u00f2pies dels caputxins, a trav\u00e9s de l\u2019edici\u00f3 de receptaris. Fra Valent\u00ed Serra de Manresa ha fet una tria d\u2019aquestes receptes pr\u00f2pies de la tradici\u00f3 franciscano-caputxina i ens les presenta juntament amb un [&hellip;]<\/p>\n","protected":false},"featured_media":41279,"template":"","meta":[],"product_cat":[6542,3350],"product_tag":[625],"autors":[],"class_list":{"0":"post-17565","1":"product","2":"type-product","3":"status-publish","4":"has-post-thumbnail","6":"product_cat-a-la-caputxina-es","7":"product_cat-mediterrania-productes","8":"product_tag-fra-valenti-serra-de-manresa","10":"first","11":"outofstock","12":"purchasable","13":"product-type-simple","swatches":"rey-swatches","show_selected":""},"acf":[],"yoast_head":"<!-- This site is optimized with the Yoast SEO plugin v22.8 - https:\/\/yoast.com\/wordpress\/plugins\/seo\/ -->\n<title>Els caputxins i les herbes remeieres - Editorial Mediterrania<\/title>\n<meta name=\"description\" content=\"Alguns frares maldaren esfor\u00e7adament per tal de divulgar antigues tradicions terap\u00e8utiques, pr\u00f2pies dels caputxins, a trav\u00e9s de l\u2019edici\u00f3 de receptaris.\" \/>\n<meta name=\"robots\" content=\"index, follow, max-snippet:-1, max-image-preview:large, max-video-preview:-1\" \/>\n<link rel=\"canonical\" href=\"https:\/\/editorialmediterrania.com\/es\/producto\/els-caputxins-i-les-herbes-remeieres\/\" \/>\n<meta property=\"og:locale\" content=\"es_ES\" \/>\n<meta property=\"og:type\" content=\"article\" \/>\n<meta property=\"og:title\" content=\"Els caputxins i les herbes remeieres - Editorial Mediterrania\" \/>\n<meta property=\"og:description\" content=\"Alguns frares maldaren esfor\u00e7adament per tal de divulgar antigues tradicions terap\u00e8utiques, pr\u00f2pies dels caputxins, a trav\u00e9s de l\u2019edici\u00f3 de receptaris.\" \/>\n<meta property=\"og:url\" content=\"https:\/\/editorialmediterrania.com\/es\/producto\/els-caputxins-i-les-herbes-remeieres\/\" \/>\n<meta property=\"og:site_name\" content=\"Editorial Mediterr\u00e0nia\" \/>\n<meta property=\"article:modified_time\" content=\"2026-04-09T14:27:04+00:00\" \/>\n<meta property=\"og:image\" content=\"https:\/\/editorialmediterrania.com\/wp-content\/uploads\/2013\/07\/Portada-Els-Caputxins-i-les-Herbes-Remeieres1.jpg\" \/>\n\t<meta property=\"og:image:width\" content=\"300\" \/>\n\t<meta property=\"og:image:height\" content=\"417\" \/>\n\t<meta property=\"og:image:type\" content=\"image\/jpeg\" \/>\n<meta name=\"twitter:card\" content=\"summary_large_image\" \/>\n<meta name=\"twitter:site\" content=\"@edmediterrania\" \/>\n<meta name=\"twitter:label1\" content=\"Tiempo de lectura\" \/>\n\t<meta name=\"twitter:data1\" content=\"1 minuto\" \/>\n<script type=\"application\/ld+json\" class=\"yoast-schema-graph\">{\"@context\":\"https:\/\/schema.org\",\"@graph\":[{\"@type\":\"WebPage\",\"@id\":\"https:\/\/editorialmediterrania.com\/es\/producto\/els-caputxins-i-les-herbes-remeieres\/\",\"url\":\"https:\/\/editorialmediterrania.com\/es\/producto\/els-caputxins-i-les-herbes-remeieres\/\",\"name\":\"Els caputxins i les herbes remeieres - Editorial Mediterrania\",\"isPartOf\":{\"@id\":\"https:\/\/editorialmediterrania.com\/es\/#website\"},\"primaryImageOfPage\":{\"@id\":\"https:\/\/editorialmediterrania.com\/es\/producto\/els-caputxins-i-les-herbes-remeieres\/#primaryimage\"},\"image\":{\"@id\":\"https:\/\/editorialmediterrania.com\/es\/producto\/els-caputxins-i-les-herbes-remeieres\/#primaryimage\"},\"thumbnailUrl\":\"https:\/\/editorialmediterrania.com\/wp-content\/uploads\/2013\/07\/Portada-Els-Caputxins-i-les-Herbes-Remeieres1.jpg\",\"datePublished\":\"2013-07-11T10:33:41+00:00\",\"dateModified\":\"2026-04-09T14:27:04+00:00\",\"description\":\"Alguns frares maldaren esfor\u00e7adament per tal de divulgar antigues tradicions terap\u00e8utiques, pr\u00f2pies dels caputxins, a trav\u00e9s de l\u2019edici\u00f3 de receptaris.\",\"breadcrumb\":{\"@id\":\"https:\/\/editorialmediterrania.com\/es\/producto\/els-caputxins-i-les-herbes-remeieres\/#breadcrumb\"},\"inLanguage\":\"es\",\"potentialAction\":[{\"@type\":\"ReadAction\",\"target\":[\"https:\/\/editorialmediterrania.com\/es\/producto\/els-caputxins-i-les-herbes-remeieres\/\"]}]},{\"@type\":\"ImageObject\",\"inLanguage\":\"es\",\"@id\":\"https:\/\/editorialmediterrania.com\/es\/producto\/els-caputxins-i-les-herbes-remeieres\/#primaryimage\",\"url\":\"https:\/\/editorialmediterrania.com\/wp-content\/uploads\/2013\/07\/Portada-Els-Caputxins-i-les-Herbes-Remeieres1.jpg\",\"contentUrl\":\"https:\/\/editorialmediterrania.com\/wp-content\/uploads\/2013\/07\/Portada-Els-Caputxins-i-les-Herbes-Remeieres1.jpg\",\"width\":300,\"height\":417},{\"@type\":\"BreadcrumbList\",\"@id\":\"https:\/\/editorialmediterrania.com\/es\/producto\/els-caputxins-i-les-herbes-remeieres\/#breadcrumb\",\"itemListElement\":[{\"@type\":\"ListItem\",\"position\":1,\"name\":\"Tienda de libros infantiles de arte\",\"item\":\"https:\/\/editorialmediterrania.com\/es\/tienda-de-libros-infantiles-arte\/\"},{\"@type\":\"ListItem\",\"position\":2,\"name\":\"Els caputxins i les herbes remeieres\"}]},{\"@type\":\"WebSite\",\"@id\":\"https:\/\/editorialmediterrania.com\/es\/#website\",\"url\":\"https:\/\/editorialmediterrania.com\/es\/\",\"name\":\"Editorial Mediterrania\",\"description\":\"Llibres que t\u2019obriran nous mons\",\"publisher\":{\"@id\":\"https:\/\/editorialmediterrania.com\/es\/#organization\"},\"alternateName\":\"Llibres infantils d'art, cultura i natura\",\"potentialAction\":[{\"@type\":\"SearchAction\",\"target\":{\"@type\":\"EntryPoint\",\"urlTemplate\":\"https:\/\/editorialmediterrania.com\/es\/?s={search_term_string}\"},\"query-input\":\"required name=search_term_string\"}],\"inLanguage\":\"es\"},{\"@type\":\"Organization\",\"@id\":\"https:\/\/editorialmediterrania.com\/es\/#organization\",\"name\":\"Editorial Mediterrania\",\"alternateName\":\"Llibres d'art, cultura i natura per infants i fam\u00edlies\",\"url\":\"https:\/\/editorialmediterrania.com\/es\/\",\"logo\":{\"@type\":\"ImageObject\",\"inLanguage\":\"es\",\"@id\":\"https:\/\/editorialmediterrania.com\/es\/#\/schema\/logo\/image\/\",\"url\":\"https:\/\/editorialmediterrania.com\/wp-content\/uploads\/2023\/03\/LOGO-ED_MEDITERRANIA_OK-2.png\",\"contentUrl\":\"https:\/\/editorialmediterrania.com\/wp-content\/uploads\/2023\/03\/LOGO-ED_MEDITERRANIA_OK-2.png\",\"width\":1200,\"height\":300,\"caption\":\"Editorial Mediterrania\"},\"image\":{\"@id\":\"https:\/\/editorialmediterrania.com\/es\/#\/schema\/logo\/image\/\"},\"sameAs\":[\"https:\/\/x.com\/edmediterrania\",\"https:\/\/www.instagram.com\/editorialmediterrania\/\"]}]}<\/script>\n<!-- \/ Yoast SEO plugin. -->","yoast_head_json":{"title":"Els caputxins i les herbes remeieres - Editorial Mediterrania","description":"Alguns frares maldaren esfor\u00e7adament per tal de divulgar antigues tradicions terap\u00e8utiques, pr\u00f2pies dels caputxins, a trav\u00e9s de l\u2019edici\u00f3 de receptaris.","robots":{"index":"index","follow":"follow","max-snippet":"max-snippet:-1","max-image-preview":"max-image-preview:large","max-video-preview":"max-video-preview:-1"},"canonical":"https:\/\/editorialmediterrania.com\/es\/producto\/els-caputxins-i-les-herbes-remeieres\/","og_locale":"es_ES","og_type":"article","og_title":"Els caputxins i les herbes remeieres - Editorial Mediterrania","og_description":"Alguns frares maldaren esfor\u00e7adament per tal de divulgar antigues tradicions terap\u00e8utiques, pr\u00f2pies dels caputxins, a trav\u00e9s de l\u2019edici\u00f3 de receptaris.","og_url":"https:\/\/editorialmediterrania.com\/es\/producto\/els-caputxins-i-les-herbes-remeieres\/","og_site_name":"Editorial Mediterr\u00e0nia","article_modified_time":"2026-04-09T14:27:04+00:00","og_image":[{"width":300,"height":417,"url":"https:\/\/editorialmediterrania.com\/wp-content\/uploads\/2013\/07\/Portada-Els-Caputxins-i-les-Herbes-Remeieres1.jpg","type":"image\/jpeg"}],"twitter_card":"summary_large_image","twitter_site":"@edmediterrania","twitter_misc":{"Tiempo de lectura":"1 minuto"},"schema":{"@context":"https:\/\/schema.org","@graph":[{"@type":"WebPage","@id":"https:\/\/editorialmediterrania.com\/es\/producto\/els-caputxins-i-les-herbes-remeieres\/","url":"https:\/\/editorialmediterrania.com\/es\/producto\/els-caputxins-i-les-herbes-remeieres\/","name":"Els caputxins i les herbes remeieres - Editorial Mediterrania","isPartOf":{"@id":"https:\/\/editorialmediterrania.com\/es\/#website"},"primaryImageOfPage":{"@id":"https:\/\/editorialmediterrania.com\/es\/producto\/els-caputxins-i-les-herbes-remeieres\/#primaryimage"},"image":{"@id":"https:\/\/editorialmediterrania.com\/es\/producto\/els-caputxins-i-les-herbes-remeieres\/#primaryimage"},"thumbnailUrl":"https:\/\/editorialmediterrania.com\/wp-content\/uploads\/2013\/07\/Portada-Els-Caputxins-i-les-Herbes-Remeieres1.jpg","datePublished":"2013-07-11T10:33:41+00:00","dateModified":"2026-04-09T14:27:04+00:00","description":"Alguns frares maldaren esfor\u00e7adament per tal de divulgar antigues tradicions terap\u00e8utiques, pr\u00f2pies dels caputxins, a trav\u00e9s de l\u2019edici\u00f3 de receptaris.","breadcrumb":{"@id":"https:\/\/editorialmediterrania.com\/es\/producto\/els-caputxins-i-les-herbes-remeieres\/#breadcrumb"},"inLanguage":"es","potentialAction":[{"@type":"ReadAction","target":["https:\/\/editorialmediterrania.com\/es\/producto\/els-caputxins-i-les-herbes-remeieres\/"]}]},{"@type":"ImageObject","inLanguage":"es","@id":"https:\/\/editorialmediterrania.com\/es\/producto\/els-caputxins-i-les-herbes-remeieres\/#primaryimage","url":"https:\/\/editorialmediterrania.com\/wp-content\/uploads\/2013\/07\/Portada-Els-Caputxins-i-les-Herbes-Remeieres1.jpg","contentUrl":"https:\/\/editorialmediterrania.com\/wp-content\/uploads\/2013\/07\/Portada-Els-Caputxins-i-les-Herbes-Remeieres1.jpg","width":300,"height":417},{"@type":"BreadcrumbList","@id":"https:\/\/editorialmediterrania.com\/es\/producto\/els-caputxins-i-les-herbes-remeieres\/#breadcrumb","itemListElement":[{"@type":"ListItem","position":1,"name":"Tienda de libros infantiles de arte","item":"https:\/\/editorialmediterrania.com\/es\/tienda-de-libros-infantiles-arte\/"},{"@type":"ListItem","position":2,"name":"Els caputxins i les herbes remeieres"}]},{"@type":"WebSite","@id":"https:\/\/editorialmediterrania.com\/es\/#website","url":"https:\/\/editorialmediterrania.com\/es\/","name":"Editorial Mediterrania","description":"Llibres que t\u2019obriran nous mons","publisher":{"@id":"https:\/\/editorialmediterrania.com\/es\/#organization"},"alternateName":"Llibres infantils d'art, cultura i natura","potentialAction":[{"@type":"SearchAction","target":{"@type":"EntryPoint","urlTemplate":"https:\/\/editorialmediterrania.com\/es\/?s={search_term_string}"},"query-input":"required name=search_term_string"}],"inLanguage":"es"},{"@type":"Organization","@id":"https:\/\/editorialmediterrania.com\/es\/#organization","name":"Editorial Mediterrania","alternateName":"Llibres d'art, cultura i natura per infants i fam\u00edlies","url":"https:\/\/editorialmediterrania.com\/es\/","logo":{"@type":"ImageObject","inLanguage":"es","@id":"https:\/\/editorialmediterrania.com\/es\/#\/schema\/logo\/image\/","url":"https:\/\/editorialmediterrania.com\/wp-content\/uploads\/2023\/03\/LOGO-ED_MEDITERRANIA_OK-2.png","contentUrl":"https:\/\/editorialmediterrania.com\/wp-content\/uploads\/2023\/03\/LOGO-ED_MEDITERRANIA_OK-2.png","width":1200,"height":300,"caption":"Editorial Mediterrania"},"image":{"@id":"https:\/\/editorialmediterrania.com\/es\/#\/schema\/logo\/image\/"},"sameAs":["https:\/\/x.com\/edmediterrania","https:\/\/www.instagram.com\/editorialmediterrania\/"]}]}},"_links":{"self":[{"href":"https:\/\/editorialmediterrania.com\/es\/wp-json\/wp\/v2\/product\/17565","targetHints":{"allow":["GET"]}}],"collection":[{"href":"https:\/\/editorialmediterrania.com\/es\/wp-json\/wp\/v2\/product"}],"about":[{"href":"https:\/\/editorialmediterrania.com\/es\/wp-json\/wp\/v2\/types\/product"}],"wp:featuredmedia":[{"embeddable":true,"href":"https:\/\/editorialmediterrania.com\/es\/wp-json\/wp\/v2\/media\/41279"}],"wp:attachment":[{"href":"https:\/\/editorialmediterrania.com\/es\/wp-json\/wp\/v2\/media?parent=17565"}],"wp:term":[{"taxonomy":"product_cat","embeddable":true,"href":"https:\/\/editorialmediterrania.com\/es\/wp-json\/wp\/v2\/product_cat?post=17565"},{"taxonomy":"product_tag","embeddable":true,"href":"https:\/\/editorialmediterrania.com\/es\/wp-json\/wp\/v2\/product_tag?post=17565"},{"taxonomy":"autors","embeddable":true,"href":"https:\/\/editorialmediterrania.com\/es\/wp-json\/wp\/v2\/autors?post=17565"}],"curies":[{"name":"wp","href":"https:\/\/api.w.org\/{rel}","templated":true}]}}