{"id":19760,"date":"2013-02-07T23:16:47","date_gmt":"2013-02-07T22:16:47","guid":{"rendered":"http:\/\/www.barcelonalab.com\/~editorialmediter\/product\/petita-historia-de-montblanc-2\/"},"modified":"2024-08-26T14:33:08","modified_gmt":"2024-08-26T12:33:08","slug":"petita-historia-de-montblanc","status":"publish","type":"product","link":"https:\/\/editorialmediterrania.com\/es\/producto\/petita-historia-de-montblanc\/","title":{"rendered":"Petita Hist\u00f2ria de Montblanc"},"content":{"rendered":"<p style=\"text-align: justify;\">Llibre infantil que apropa als nens i nenes la capital de la Conca de Barber\u00e0, Montblanc, un dels punts de m\u00e9s inter\u00e8s de l\u2019interior de la Costa Daurada. La hist\u00f2ria fa un recorregut per l\u2019origen i l\u2019evoluci\u00f3 de la vila passant per l\u2019explicaci\u00f3 de les tradicions m\u00e9s populars. El conte infantil va acompanyat de les il\u00b7lustracions a tot color de Pilar\u00edn Bay\u00e9s.<\/p>\n","protected":false},"excerpt":{"rendered":"<p>Llibre infantil que apropa als nens i nenes la capital de la Conca de Barber\u00e0, Montblanc, un dels punts de m\u00e9s inter\u00e8s de l\u2019interior de la Costa Daurada. La hist\u00f2ria fa un recorregut per l\u2019origen i l\u2019evoluci\u00f3 de la vila passant per l\u2019explicaci\u00f3 de les tradicions m\u00e9s populars. El conte infantil va acompanyat de les [&hellip;]<\/p>\n","protected":false},"featured_media":42879,"template":"","meta":[],"product_cat":[30,103],"product_tag":[393,6019,6001,6002,396],"autors":[],"class_list":{"0":"post-19760","1":"product","2":"type-product","3":"status-publish","4":"has-post-thumbnail","6":"product_cat-editorial-mediterrania","7":"product_cat-pequenas-historias","8":"product_tag-libro-infantil-es","9":"product_tag-llibres-de-contes-es","10":"product_tag-llibres-infantils-es","11":"product_tag-llibres-per-nens-es","12":"product_tag-pilarin-bayes-es","14":"first","15":"outofstock","16":"purchasable","17":"product-type-simple","swatches":"rey-swatches","show_selected":""},"acf":[],"yoast_head":"<!-- This site is optimized with the Yoast SEO plugin v22.8 - https:\/\/yoast.com\/wordpress\/plugins\/seo\/ -->\n<title>Petita Hist\u00f2ria de Montblanc, llibre infantil - Editorial Mediterrania<\/title>\n<meta name=\"description\" content=\"Llibre infantil educatiu petita hist\u00f2ria sobre els or\u00edgens, les tradicions i els indrets m\u00e9s emblem\u00e0tics de Montblanc per a nens i nenes d&#039;entre 8 i 12 anys\" \/>\n<meta name=\"robots\" content=\"index, follow, max-snippet:-1, max-image-preview:large, max-video-preview:-1\" \/>\n<link rel=\"canonical\" href=\"https:\/\/editorialmediterrania.com\/es\/producto\/petita-historia-de-montblanc\/\" \/>\n<meta property=\"og:locale\" content=\"es_ES\" \/>\n<meta property=\"og:type\" content=\"article\" \/>\n<meta property=\"og:title\" content=\"Petita Hist\u00f2ria de Montblanc, llibre infantil - Editorial Mediterrania\" \/>\n<meta property=\"og:description\" content=\"Llibre infantil educatiu petita hist\u00f2ria sobre els or\u00edgens, les tradicions i els indrets m\u00e9s emblem\u00e0tics de Montblanc per a nens i nenes d&#039;entre 8 i 12 anys\" \/>\n<meta property=\"og:url\" content=\"https:\/\/editorialmediterrania.com\/es\/producto\/petita-historia-de-montblanc\/\" \/>\n<meta property=\"og:site_name\" content=\"Editorial Mediterr\u00e0nia\" \/>\n<meta property=\"article:modified_time\" content=\"2024-08-26T12:33:08+00:00\" \/>\n<meta property=\"og:image\" content=\"https:\/\/editorialmediterrania.com\/wp-content\/uploads\/2013\/02\/9788483342367.jpg\" \/>\n\t<meta property=\"og:image:width\" content=\"229\" \/>\n\t<meta property=\"og:image:height\" content=\"286\" \/>\n\t<meta property=\"og:image:type\" content=\"image\/jpeg\" \/>\n<meta name=\"twitter:card\" content=\"summary_large_image\" \/>\n<meta name=\"twitter:site\" content=\"@edmediterrania\" \/>\n<script type=\"application\/ld+json\" class=\"yoast-schema-graph\">{\"@context\":\"https:\/\/schema.org\",\"@graph\":[{\"@type\":\"WebPage\",\"@id\":\"https:\/\/editorialmediterrania.com\/es\/producto\/petita-historia-de-montblanc\/\",\"url\":\"https:\/\/editorialmediterrania.com\/es\/producto\/petita-historia-de-montblanc\/\",\"name\":\"Petita Hist\u00f2ria de Montblanc, llibre infantil - Editorial Mediterrania\",\"isPartOf\":{\"@id\":\"https:\/\/editorialmediterrania.com\/es\/#website\"},\"primaryImageOfPage\":{\"@id\":\"https:\/\/editorialmediterrania.com\/es\/producto\/petita-historia-de-montblanc\/#primaryimage\"},\"image\":{\"@id\":\"https:\/\/editorialmediterrania.com\/es\/producto\/petita-historia-de-montblanc\/#primaryimage\"},\"thumbnailUrl\":\"https:\/\/editorialmediterrania.com\/wp-content\/uploads\/2013\/02\/9788483342367.jpg\",\"datePublished\":\"2013-02-07T22:16:47+00:00\",\"dateModified\":\"2024-08-26T12:33:08+00:00\",\"description\":\"Llibre infantil educatiu petita hist\u00f2ria sobre els or\u00edgens, les tradicions i els indrets m\u00e9s emblem\u00e0tics de Montblanc per a nens i nenes d'entre 8 i 12 anys\",\"breadcrumb\":{\"@id\":\"https:\/\/editorialmediterrania.com\/es\/producto\/petita-historia-de-montblanc\/#breadcrumb\"},\"inLanguage\":\"es\",\"potentialAction\":[{\"@type\":\"ReadAction\",\"target\":[\"https:\/\/editorialmediterrania.com\/es\/producto\/petita-historia-de-montblanc\/\"]}]},{\"@type\":\"ImageObject\",\"inLanguage\":\"es\",\"@id\":\"https:\/\/editorialmediterrania.com\/es\/producto\/petita-historia-de-montblanc\/#primaryimage\",\"url\":\"https:\/\/editorialmediterrania.com\/wp-content\/uploads\/2013\/02\/9788483342367.jpg\",\"contentUrl\":\"https:\/\/editorialmediterrania.com\/wp-content\/uploads\/2013\/02\/9788483342367.jpg\",\"width\":229,\"height\":286},{\"@type\":\"BreadcrumbList\",\"@id\":\"https:\/\/editorialmediterrania.com\/es\/producto\/petita-historia-de-montblanc\/#breadcrumb\",\"itemListElement\":[{\"@type\":\"ListItem\",\"position\":1,\"name\":\"Tienda de libros infantiles de arte\",\"item\":\"https:\/\/editorialmediterrania.com\/es\/tienda-de-libros-infantiles-arte\/\"},{\"@type\":\"ListItem\",\"position\":2,\"name\":\"Petita Hist\u00f2ria de Montblanc\"}]},{\"@type\":\"WebSite\",\"@id\":\"https:\/\/editorialmediterrania.com\/es\/#website\",\"url\":\"https:\/\/editorialmediterrania.com\/es\/\",\"name\":\"Editorial Mediterrania\",\"description\":\"Llibres que t\u2019obriran nous mons\",\"publisher\":{\"@id\":\"https:\/\/editorialmediterrania.com\/es\/#organization\"},\"alternateName\":\"Llibres infantils d'art, cultura i natura\",\"potentialAction\":[{\"@type\":\"SearchAction\",\"target\":{\"@type\":\"EntryPoint\",\"urlTemplate\":\"https:\/\/editorialmediterrania.com\/es\/?s={search_term_string}\"},\"query-input\":\"required name=search_term_string\"}],\"inLanguage\":\"es\"},{\"@type\":\"Organization\",\"@id\":\"https:\/\/editorialmediterrania.com\/es\/#organization\",\"name\":\"Editorial Mediterrania\",\"alternateName\":\"Llibres d'art, cultura i natura per infants i fam\u00edlies\",\"url\":\"https:\/\/editorialmediterrania.com\/es\/\",\"logo\":{\"@type\":\"ImageObject\",\"inLanguage\":\"es\",\"@id\":\"https:\/\/editorialmediterrania.com\/es\/#\/schema\/logo\/image\/\",\"url\":\"https:\/\/editorialmediterrania.com\/wp-content\/uploads\/2023\/03\/LOGO-ED_MEDITERRANIA_OK-2.png\",\"contentUrl\":\"https:\/\/editorialmediterrania.com\/wp-content\/uploads\/2023\/03\/LOGO-ED_MEDITERRANIA_OK-2.png\",\"width\":1200,\"height\":300,\"caption\":\"Editorial Mediterrania\"},\"image\":{\"@id\":\"https:\/\/editorialmediterrania.com\/es\/#\/schema\/logo\/image\/\"},\"sameAs\":[\"https:\/\/x.com\/edmediterrania\",\"https:\/\/www.instagram.com\/editorialmediterrania\/\"]}]}<\/script>\n<!-- \/ Yoast SEO plugin. -->","yoast_head_json":{"title":"Petita Hist\u00f2ria de Montblanc, llibre infantil - Editorial Mediterrania","description":"Llibre infantil educatiu petita hist\u00f2ria sobre els or\u00edgens, les tradicions i els indrets m\u00e9s emblem\u00e0tics de Montblanc per a nens i nenes d'entre 8 i 12 anys","robots":{"index":"index","follow":"follow","max-snippet":"max-snippet:-1","max-image-preview":"max-image-preview:large","max-video-preview":"max-video-preview:-1"},"canonical":"https:\/\/editorialmediterrania.com\/es\/producto\/petita-historia-de-montblanc\/","og_locale":"es_ES","og_type":"article","og_title":"Petita Hist\u00f2ria de Montblanc, llibre infantil - Editorial Mediterrania","og_description":"Llibre infantil educatiu petita hist\u00f2ria sobre els or\u00edgens, les tradicions i els indrets m\u00e9s emblem\u00e0tics de Montblanc per a nens i nenes d'entre 8 i 12 anys","og_url":"https:\/\/editorialmediterrania.com\/es\/producto\/petita-historia-de-montblanc\/","og_site_name":"Editorial Mediterr\u00e0nia","article_modified_time":"2024-08-26T12:33:08+00:00","og_image":[{"width":229,"height":286,"url":"https:\/\/editorialmediterrania.com\/wp-content\/uploads\/2013\/02\/9788483342367.jpg","type":"image\/jpeg"}],"twitter_card":"summary_large_image","twitter_site":"@edmediterrania","schema":{"@context":"https:\/\/schema.org","@graph":[{"@type":"WebPage","@id":"https:\/\/editorialmediterrania.com\/es\/producto\/petita-historia-de-montblanc\/","url":"https:\/\/editorialmediterrania.com\/es\/producto\/petita-historia-de-montblanc\/","name":"Petita Hist\u00f2ria de Montblanc, llibre infantil - Editorial Mediterrania","isPartOf":{"@id":"https:\/\/editorialmediterrania.com\/es\/#website"},"primaryImageOfPage":{"@id":"https:\/\/editorialmediterrania.com\/es\/producto\/petita-historia-de-montblanc\/#primaryimage"},"image":{"@id":"https:\/\/editorialmediterrania.com\/es\/producto\/petita-historia-de-montblanc\/#primaryimage"},"thumbnailUrl":"https:\/\/editorialmediterrania.com\/wp-content\/uploads\/2013\/02\/9788483342367.jpg","datePublished":"2013-02-07T22:16:47+00:00","dateModified":"2024-08-26T12:33:08+00:00","description":"Llibre infantil educatiu petita hist\u00f2ria sobre els or\u00edgens, les tradicions i els indrets m\u00e9s emblem\u00e0tics de Montblanc per a nens i nenes d'entre 8 i 12 anys","breadcrumb":{"@id":"https:\/\/editorialmediterrania.com\/es\/producto\/petita-historia-de-montblanc\/#breadcrumb"},"inLanguage":"es","potentialAction":[{"@type":"ReadAction","target":["https:\/\/editorialmediterrania.com\/es\/producto\/petita-historia-de-montblanc\/"]}]},{"@type":"ImageObject","inLanguage":"es","@id":"https:\/\/editorialmediterrania.com\/es\/producto\/petita-historia-de-montblanc\/#primaryimage","url":"https:\/\/editorialmediterrania.com\/wp-content\/uploads\/2013\/02\/9788483342367.jpg","contentUrl":"https:\/\/editorialmediterrania.com\/wp-content\/uploads\/2013\/02\/9788483342367.jpg","width":229,"height":286},{"@type":"BreadcrumbList","@id":"https:\/\/editorialmediterrania.com\/es\/producto\/petita-historia-de-montblanc\/#breadcrumb","itemListElement":[{"@type":"ListItem","position":1,"name":"Tienda de libros infantiles de arte","item":"https:\/\/editorialmediterrania.com\/es\/tienda-de-libros-infantiles-arte\/"},{"@type":"ListItem","position":2,"name":"Petita Hist\u00f2ria de Montblanc"}]},{"@type":"WebSite","@id":"https:\/\/editorialmediterrania.com\/es\/#website","url":"https:\/\/editorialmediterrania.com\/es\/","name":"Editorial Mediterrania","description":"Llibres que t\u2019obriran nous mons","publisher":{"@id":"https:\/\/editorialmediterrania.com\/es\/#organization"},"alternateName":"Llibres infantils d'art, cultura i natura","potentialAction":[{"@type":"SearchAction","target":{"@type":"EntryPoint","urlTemplate":"https:\/\/editorialmediterrania.com\/es\/?s={search_term_string}"},"query-input":"required name=search_term_string"}],"inLanguage":"es"},{"@type":"Organization","@id":"https:\/\/editorialmediterrania.com\/es\/#organization","name":"Editorial Mediterrania","alternateName":"Llibres d'art, cultura i natura per infants i fam\u00edlies","url":"https:\/\/editorialmediterrania.com\/es\/","logo":{"@type":"ImageObject","inLanguage":"es","@id":"https:\/\/editorialmediterrania.com\/es\/#\/schema\/logo\/image\/","url":"https:\/\/editorialmediterrania.com\/wp-content\/uploads\/2023\/03\/LOGO-ED_MEDITERRANIA_OK-2.png","contentUrl":"https:\/\/editorialmediterrania.com\/wp-content\/uploads\/2023\/03\/LOGO-ED_MEDITERRANIA_OK-2.png","width":1200,"height":300,"caption":"Editorial Mediterrania"},"image":{"@id":"https:\/\/editorialmediterrania.com\/es\/#\/schema\/logo\/image\/"},"sameAs":["https:\/\/x.com\/edmediterrania","https:\/\/www.instagram.com\/editorialmediterrania\/"]}]}},"_links":{"self":[{"href":"https:\/\/editorialmediterrania.com\/es\/wp-json\/wp\/v2\/product\/19760","targetHints":{"allow":["GET"]}}],"collection":[{"href":"https:\/\/editorialmediterrania.com\/es\/wp-json\/wp\/v2\/product"}],"about":[{"href":"https:\/\/editorialmediterrania.com\/es\/wp-json\/wp\/v2\/types\/product"}],"wp:featuredmedia":[{"embeddable":true,"href":"https:\/\/editorialmediterrania.com\/es\/wp-json\/wp\/v2\/media\/42879"}],"wp:attachment":[{"href":"https:\/\/editorialmediterrania.com\/es\/wp-json\/wp\/v2\/media?parent=19760"}],"wp:term":[{"taxonomy":"product_cat","embeddable":true,"href":"https:\/\/editorialmediterrania.com\/es\/wp-json\/wp\/v2\/product_cat?post=19760"},{"taxonomy":"product_tag","embeddable":true,"href":"https:\/\/editorialmediterrania.com\/es\/wp-json\/wp\/v2\/product_tag?post=19760"},{"taxonomy":"autors","embeddable":true,"href":"https:\/\/editorialmediterrania.com\/es\/wp-json\/wp\/v2\/autors?post=19760"}],"curies":[{"name":"wp","href":"https:\/\/api.w.org\/{rel}","templated":true}]}}