{"id":20414,"date":"2012-10-24T10:10:28","date_gmt":"2015-07-29T10:46:32","guid":{"rendered":"http:\/\/www.barcelonalab.com\/~editorialmediter\/?post_type=product&#038;p=20414"},"modified":"2015-07-29T12:53:28","modified_gmt":"2015-07-29T10:53:28","slug":"cristians-despardenya","status":"publish","type":"product","link":"https:\/\/editorialmediterrania.com\/es\/producto\/cristians-despardenya\/","title":{"rendered":"Cristians d&#8217;espardenya"},"content":{"rendered":"<p style=\"text-align: justify;\"><em>Cristians d\u2019espardenya<\/em> es una cuidadosa selecci\u00f3n de homil\u00edas que fechan entre 2007 i 2010.<\/p>\n<p style=\"text-align: justify;\">Los sermones han sido concebidos con la intenci\u00f3n de reflexionar pausadamenete sobre el momento socioeclesial que vivimos en Catalun\u00f1a; tambi\u00e9n se quiere hacer o\u00edr la voz de una mayor\u00eda silenciosa de cristianos catalanes aparentmente inexistentes por su escasa relevancia.<\/p>\n","protected":false},"excerpt":{"rendered":"<p>Cristians d\u2019espardenya es una cuidadosa selecci\u00f3n de homil\u00edas que fechan entre 2007 i 2010. Los sermones han sido concebidos con la intenci\u00f3n de reflexionar pausadamenete sobre el momento socioeclesial que vivimos en Catalun\u00f1a; tambi\u00e9n se quiere hacer o\u00edr la voz de una mayor\u00eda silenciosa de cristianos catalanes aparentmente inexistentes por su escasa relevancia.<\/p>\n","protected":false},"featured_media":20413,"template":"","meta":[],"product_cat":[6542,3350],"product_tag":[],"autors":[],"class_list":{"0":"post-20414","1":"product","2":"type-product","3":"status-publish","4":"has-post-thumbnail","6":"product_cat-a-la-caputxina-es","7":"product_cat-mediterrania-productes","9":"first","10":"instock","11":"purchasable","12":"product-type-simple","swatches":"rey-swatches","show_selected":""},"acf":[],"yoast_head":"<!-- This site is optimized with the Yoast SEO plugin v22.8 - https:\/\/yoast.com\/wordpress\/plugins\/seo\/ -->\n<title>Cristians d&#039;espardenya - Editorial Mediterr\u00e0nia<\/title>\n<meta name=\"description\" content=\"Descobreix un m\u00f3n de meravelles a trav\u00e9s dels llibres de la nostra editorial especialitzada en art, cultura i natura per a fam\u00edlies. Amb il\u00b7lustracions fascinants i hist\u00f2ries enriquidores, inspirem el descobriment i la curiositat en petits i grans, connectant-los amb el patrimoni cultural i el meravell\u00f3s m\u00f3n natural que ens envolta\" \/>\n<meta name=\"robots\" content=\"index, follow, max-snippet:-1, max-image-preview:large, max-video-preview:-1\" \/>\n<link rel=\"canonical\" href=\"https:\/\/editorialmediterrania.com\/es\/producto\/cristians-despardenya\/\" \/>\n<meta property=\"og:locale\" content=\"es_ES\" \/>\n<meta property=\"og:type\" content=\"article\" \/>\n<meta property=\"og:title\" content=\"Cristians d&#039;espardenya - Editorial Mediterr\u00e0nia\" \/>\n<meta property=\"og:description\" content=\"Descobreix un m\u00f3n de meravelles a trav\u00e9s dels llibres de la nostra editorial especialitzada en art, cultura i natura per a fam\u00edlies. Amb il\u00b7lustracions fascinants i hist\u00f2ries enriquidores, inspirem el descobriment i la curiositat en petits i grans, connectant-los amb el patrimoni cultural i el meravell\u00f3s m\u00f3n natural que ens envolta\" \/>\n<meta property=\"og:url\" content=\"https:\/\/editorialmediterrania.com\/es\/producto\/cristians-despardenya\/\" \/>\n<meta property=\"og:site_name\" content=\"Editorial Mediterr\u00e0nia\" \/>\n<meta property=\"article:modified_time\" content=\"2015-07-29T10:53:28+00:00\" \/>\n<meta property=\"og:image\" content=\"https:\/\/editorialmediterrania.com\/wp-content\/uploads\/2012\/10\/Cristians-d-espardenya.jpg\" \/>\n\t<meta property=\"og:image:width\" content=\"600\" \/>\n\t<meta property=\"og:image:height\" content=\"885\" \/>\n\t<meta property=\"og:image:type\" content=\"image\/jpeg\" \/>\n<meta name=\"twitter:card\" content=\"summary_large_image\" \/>\n<meta name=\"twitter:site\" content=\"@edmediterrania\" \/>\n<script type=\"application\/ld+json\" class=\"yoast-schema-graph\">{\"@context\":\"https:\/\/schema.org\",\"@graph\":[{\"@type\":\"WebPage\",\"@id\":\"https:\/\/editorialmediterrania.com\/es\/producto\/cristians-despardenya\/\",\"url\":\"https:\/\/editorialmediterrania.com\/es\/producto\/cristians-despardenya\/\",\"name\":\"Cristians d'espardenya - Editorial Mediterr\u00e0nia\",\"isPartOf\":{\"@id\":\"https:\/\/editorialmediterrania.com\/es\/#website\"},\"primaryImageOfPage\":{\"@id\":\"https:\/\/editorialmediterrania.com\/es\/producto\/cristians-despardenya\/#primaryimage\"},\"image\":{\"@id\":\"https:\/\/editorialmediterrania.com\/es\/producto\/cristians-despardenya\/#primaryimage\"},\"thumbnailUrl\":\"https:\/\/editorialmediterrania.com\/wp-content\/uploads\/2012\/10\/Cristians-d-espardenya.jpg\",\"datePublished\":\"2015-07-29T10:46:32+00:00\",\"dateModified\":\"2015-07-29T10:53:28+00:00\",\"description\":\"Descobreix un m\u00f3n de meravelles a trav\u00e9s dels llibres de la nostra editorial especialitzada en art, cultura i natura per a fam\u00edlies. Amb il\u00b7lustracions fascinants i hist\u00f2ries enriquidores, inspirem el descobriment i la curiositat en petits i grans, connectant-los amb el patrimoni cultural i el meravell\u00f3s m\u00f3n natural que ens envolta\",\"breadcrumb\":{\"@id\":\"https:\/\/editorialmediterrania.com\/es\/producto\/cristians-despardenya\/#breadcrumb\"},\"inLanguage\":\"es\",\"potentialAction\":[{\"@type\":\"ReadAction\",\"target\":[\"https:\/\/editorialmediterrania.com\/es\/producto\/cristians-despardenya\/\"]}]},{\"@type\":\"ImageObject\",\"inLanguage\":\"es\",\"@id\":\"https:\/\/editorialmediterrania.com\/es\/producto\/cristians-despardenya\/#primaryimage\",\"url\":\"https:\/\/editorialmediterrania.com\/wp-content\/uploads\/2012\/10\/Cristians-d-espardenya.jpg\",\"contentUrl\":\"https:\/\/editorialmediterrania.com\/wp-content\/uploads\/2012\/10\/Cristians-d-espardenya.jpg\",\"width\":600,\"height\":885},{\"@type\":\"BreadcrumbList\",\"@id\":\"https:\/\/editorialmediterrania.com\/es\/producto\/cristians-despardenya\/#breadcrumb\",\"itemListElement\":[{\"@type\":\"ListItem\",\"position\":1,\"name\":\"Tienda de libros infantiles de arte\",\"item\":\"https:\/\/editorialmediterrania.com\/es\/tienda-de-libros-infantiles-arte\/\"},{\"@type\":\"ListItem\",\"position\":2,\"name\":\"Cristians d&#8217;espardenya\"}]},{\"@type\":\"WebSite\",\"@id\":\"https:\/\/editorialmediterrania.com\/es\/#website\",\"url\":\"https:\/\/editorialmediterrania.com\/es\/\",\"name\":\"Editorial Mediterrania\",\"description\":\"Llibres que t\u2019obriran nous mons\",\"publisher\":{\"@id\":\"https:\/\/editorialmediterrania.com\/es\/#organization\"},\"alternateName\":\"Llibres infantils d'art, cultura i natura\",\"potentialAction\":[{\"@type\":\"SearchAction\",\"target\":{\"@type\":\"EntryPoint\",\"urlTemplate\":\"https:\/\/editorialmediterrania.com\/es\/?s={search_term_string}\"},\"query-input\":\"required name=search_term_string\"}],\"inLanguage\":\"es\"},{\"@type\":\"Organization\",\"@id\":\"https:\/\/editorialmediterrania.com\/es\/#organization\",\"name\":\"Editorial Mediterrania\",\"alternateName\":\"Llibres d'art, cultura i natura per infants i fam\u00edlies\",\"url\":\"https:\/\/editorialmediterrania.com\/es\/\",\"logo\":{\"@type\":\"ImageObject\",\"inLanguage\":\"es\",\"@id\":\"https:\/\/editorialmediterrania.com\/es\/#\/schema\/logo\/image\/\",\"url\":\"https:\/\/editorialmediterrania.com\/wp-content\/uploads\/2023\/03\/LOGO-ED_MEDITERRANIA_OK-2.png\",\"contentUrl\":\"https:\/\/editorialmediterrania.com\/wp-content\/uploads\/2023\/03\/LOGO-ED_MEDITERRANIA_OK-2.png\",\"width\":1200,\"height\":300,\"caption\":\"Editorial Mediterrania\"},\"image\":{\"@id\":\"https:\/\/editorialmediterrania.com\/es\/#\/schema\/logo\/image\/\"},\"sameAs\":[\"https:\/\/x.com\/edmediterrania\",\"https:\/\/www.instagram.com\/editorialmediterrania\/\"]}]}<\/script>\n<!-- \/ Yoast SEO plugin. -->","yoast_head_json":{"title":"Cristians d'espardenya - Editorial Mediterr\u00e0nia","description":"Descobreix un m\u00f3n de meravelles a trav\u00e9s dels llibres de la nostra editorial especialitzada en art, cultura i natura per a fam\u00edlies. Amb il\u00b7lustracions fascinants i hist\u00f2ries enriquidores, inspirem el descobriment i la curiositat en petits i grans, connectant-los amb el patrimoni cultural i el meravell\u00f3s m\u00f3n natural que ens envolta","robots":{"index":"index","follow":"follow","max-snippet":"max-snippet:-1","max-image-preview":"max-image-preview:large","max-video-preview":"max-video-preview:-1"},"canonical":"https:\/\/editorialmediterrania.com\/es\/producto\/cristians-despardenya\/","og_locale":"es_ES","og_type":"article","og_title":"Cristians d'espardenya - Editorial Mediterr\u00e0nia","og_description":"Descobreix un m\u00f3n de meravelles a trav\u00e9s dels llibres de la nostra editorial especialitzada en art, cultura i natura per a fam\u00edlies. Amb il\u00b7lustracions fascinants i hist\u00f2ries enriquidores, inspirem el descobriment i la curiositat en petits i grans, connectant-los amb el patrimoni cultural i el meravell\u00f3s m\u00f3n natural que ens envolta","og_url":"https:\/\/editorialmediterrania.com\/es\/producto\/cristians-despardenya\/","og_site_name":"Editorial Mediterr\u00e0nia","article_modified_time":"2015-07-29T10:53:28+00:00","og_image":[{"width":600,"height":885,"url":"https:\/\/editorialmediterrania.com\/wp-content\/uploads\/2012\/10\/Cristians-d-espardenya.jpg","type":"image\/jpeg"}],"twitter_card":"summary_large_image","twitter_site":"@edmediterrania","schema":{"@context":"https:\/\/schema.org","@graph":[{"@type":"WebPage","@id":"https:\/\/editorialmediterrania.com\/es\/producto\/cristians-despardenya\/","url":"https:\/\/editorialmediterrania.com\/es\/producto\/cristians-despardenya\/","name":"Cristians d'espardenya - Editorial Mediterr\u00e0nia","isPartOf":{"@id":"https:\/\/editorialmediterrania.com\/es\/#website"},"primaryImageOfPage":{"@id":"https:\/\/editorialmediterrania.com\/es\/producto\/cristians-despardenya\/#primaryimage"},"image":{"@id":"https:\/\/editorialmediterrania.com\/es\/producto\/cristians-despardenya\/#primaryimage"},"thumbnailUrl":"https:\/\/editorialmediterrania.com\/wp-content\/uploads\/2012\/10\/Cristians-d-espardenya.jpg","datePublished":"2015-07-29T10:46:32+00:00","dateModified":"2015-07-29T10:53:28+00:00","description":"Descobreix un m\u00f3n de meravelles a trav\u00e9s dels llibres de la nostra editorial especialitzada en art, cultura i natura per a fam\u00edlies. Amb il\u00b7lustracions fascinants i hist\u00f2ries enriquidores, inspirem el descobriment i la curiositat en petits i grans, connectant-los amb el patrimoni cultural i el meravell\u00f3s m\u00f3n natural que ens envolta","breadcrumb":{"@id":"https:\/\/editorialmediterrania.com\/es\/producto\/cristians-despardenya\/#breadcrumb"},"inLanguage":"es","potentialAction":[{"@type":"ReadAction","target":["https:\/\/editorialmediterrania.com\/es\/producto\/cristians-despardenya\/"]}]},{"@type":"ImageObject","inLanguage":"es","@id":"https:\/\/editorialmediterrania.com\/es\/producto\/cristians-despardenya\/#primaryimage","url":"https:\/\/editorialmediterrania.com\/wp-content\/uploads\/2012\/10\/Cristians-d-espardenya.jpg","contentUrl":"https:\/\/editorialmediterrania.com\/wp-content\/uploads\/2012\/10\/Cristians-d-espardenya.jpg","width":600,"height":885},{"@type":"BreadcrumbList","@id":"https:\/\/editorialmediterrania.com\/es\/producto\/cristians-despardenya\/#breadcrumb","itemListElement":[{"@type":"ListItem","position":1,"name":"Tienda de libros infantiles de arte","item":"https:\/\/editorialmediterrania.com\/es\/tienda-de-libros-infantiles-arte\/"},{"@type":"ListItem","position":2,"name":"Cristians d&#8217;espardenya"}]},{"@type":"WebSite","@id":"https:\/\/editorialmediterrania.com\/es\/#website","url":"https:\/\/editorialmediterrania.com\/es\/","name":"Editorial Mediterrania","description":"Llibres que t\u2019obriran nous mons","publisher":{"@id":"https:\/\/editorialmediterrania.com\/es\/#organization"},"alternateName":"Llibres infantils d'art, cultura i natura","potentialAction":[{"@type":"SearchAction","target":{"@type":"EntryPoint","urlTemplate":"https:\/\/editorialmediterrania.com\/es\/?s={search_term_string}"},"query-input":"required name=search_term_string"}],"inLanguage":"es"},{"@type":"Organization","@id":"https:\/\/editorialmediterrania.com\/es\/#organization","name":"Editorial Mediterrania","alternateName":"Llibres d'art, cultura i natura per infants i fam\u00edlies","url":"https:\/\/editorialmediterrania.com\/es\/","logo":{"@type":"ImageObject","inLanguage":"es","@id":"https:\/\/editorialmediterrania.com\/es\/#\/schema\/logo\/image\/","url":"https:\/\/editorialmediterrania.com\/wp-content\/uploads\/2023\/03\/LOGO-ED_MEDITERRANIA_OK-2.png","contentUrl":"https:\/\/editorialmediterrania.com\/wp-content\/uploads\/2023\/03\/LOGO-ED_MEDITERRANIA_OK-2.png","width":1200,"height":300,"caption":"Editorial Mediterrania"},"image":{"@id":"https:\/\/editorialmediterrania.com\/es\/#\/schema\/logo\/image\/"},"sameAs":["https:\/\/x.com\/edmediterrania","https:\/\/www.instagram.com\/editorialmediterrania\/"]}]}},"_links":{"self":[{"href":"https:\/\/editorialmediterrania.com\/es\/wp-json\/wp\/v2\/product\/20414","targetHints":{"allow":["GET"]}}],"collection":[{"href":"https:\/\/editorialmediterrania.com\/es\/wp-json\/wp\/v2\/product"}],"about":[{"href":"https:\/\/editorialmediterrania.com\/es\/wp-json\/wp\/v2\/types\/product"}],"wp:featuredmedia":[{"embeddable":true,"href":"https:\/\/editorialmediterrania.com\/es\/wp-json\/wp\/v2\/media\/20413"}],"wp:attachment":[{"href":"https:\/\/editorialmediterrania.com\/es\/wp-json\/wp\/v2\/media?parent=20414"}],"wp:term":[{"taxonomy":"product_cat","embeddable":true,"href":"https:\/\/editorialmediterrania.com\/es\/wp-json\/wp\/v2\/product_cat?post=20414"},{"taxonomy":"product_tag","embeddable":true,"href":"https:\/\/editorialmediterrania.com\/es\/wp-json\/wp\/v2\/product_tag?post=20414"},{"taxonomy":"autors","embeddable":true,"href":"https:\/\/editorialmediterrania.com\/es\/wp-json\/wp\/v2\/autors?post=20414"}],"curies":[{"name":"wp","href":"https:\/\/api.w.org\/{rel}","templated":true}]}}