{"id":22933,"date":"2015-09-07T21:34:06","date_gmt":"2015-09-07T19:34:06","guid":{"rendered":"http:\/\/www.barcelonalab.com\/~editorialmediter\/?post_type=product&#038;p=22933"},"modified":"2023-08-01T14:28:26","modified_gmt":"2023-08-01T12:28:26","slug":"exploremos-barcelona","status":"publish","type":"product","link":"https:\/\/editorialmediterrania.com\/es\/producto\/exploremos-barcelona\/","title":{"rendered":"\u00a1Exploremos Barcelona!"},"content":{"rendered":"<p style=\"text-align: justify;\">\u00a1Un libro para toda la familia!<br \/>\n35 misiones y enigmas para resolver. Sigue las rutas, escanea los c\u00f3digos QR y descubre los secretos de Barcelona.<br \/>\n\u00a1Suma puntos y consigue tu diploma de superexplorador!<\/p>\n<p style=\"text-align: justify;\">Te proponemos descubrir y explorar la ciudad como no lo has hecho nunca, con un mont\u00f3n de rutas, actividades y juegos para hacer en familia. Adem\u00e1s, descubrir\u00e1s su historia y los periodos m\u00e1s importantes que han hecho que la ciudad tenga una fisonom\u00eda propia y \u00fanica (la Barcelona romana, g\u00f3tica o modernista) con propuestas para ver y vivir la ciudad como unos aut\u00e9nticos exploradores.<\/p>\n","protected":false},"excerpt":{"rendered":"<p>\u00a1Un libro para toda la familia! 35 misiones y enigmas para resolver. Sigue las rutas, escanea los c\u00f3digos QR y descubre los secretos de Barcelona. \u00a1Suma puntos y consigue tu diploma de superexplorador! Te proponemos descubrir y explorar la ciudad como no lo has hecho nunca, con un mont\u00f3n de rutas, actividades y juegos para [&hellip;]<\/p>\n","protected":false},"featured_media":25777,"template":"","meta":[],"product_cat":[6495,30,321],"product_tag":[6017,6019,6001,5606],"autors":[],"class_list":{"0":"post-22933","1":"product","2":"type-product","3":"status-publish","4":"has-post-thumbnail","6":"product_cat-outlet-es","7":"product_cat-editorial-mediterrania","8":"product_cat-tradiciones","9":"product_tag-contes-infantils-es","10":"product_tag-llibres-de-contes-es","11":"product_tag-llibres-infantils-es","12":"product_tag-lourdes-campuzano-es","14":"first","15":"instock","16":"sale","17":"purchasable","18":"product-type-variable","swatches":"rey-swatches","show_selected":""},"acf":[],"yoast_head":"<!-- This site is optimized with the Yoast SEO plugin v22.8 - https:\/\/yoast.com\/wordpress\/plugins\/seo\/ -->\n<title>\u00a1Exploremos Barcelona! , un libro para toda la familia - Editorial Mediterr\u00e0nia<\/title>\n<meta name=\"description\" content=\"\u00a1Un libro para toda la familia! 35 misiones y enigmas para resolver. Sigue las rutas, escanea los c\u00f3digos QR y descubre los secretos de Barcelona. \u00a1Suma puntos y consigue tu diploma de superexplorador!\" \/>\n<meta name=\"robots\" content=\"index, follow, max-snippet:-1, max-image-preview:large, max-video-preview:-1\" \/>\n<link rel=\"canonical\" href=\"https:\/\/editorialmediterrania.com\/es\/producto\/exploremos-barcelona\/\" \/>\n<meta property=\"og:locale\" content=\"es_ES\" \/>\n<meta property=\"og:type\" content=\"article\" \/>\n<meta property=\"og:title\" content=\"\u00a1Exploremos Barcelona! , un libro para toda la familia - Editorial Mediterr\u00e0nia\" \/>\n<meta property=\"og:description\" content=\"\u00a1Un libro para toda la familia! 35 misiones y enigmas para resolver. Sigue las rutas, escanea los c\u00f3digos QR y descubre los secretos de Barcelona. \u00a1Suma puntos y consigue tu diploma de superexplorador!\" \/>\n<meta property=\"og:url\" content=\"https:\/\/editorialmediterrania.com\/es\/producto\/exploremos-barcelona\/\" \/>\n<meta property=\"og:site_name\" content=\"Editorial Mediterr\u00e0nia\" \/>\n<meta property=\"article:modified_time\" content=\"2023-08-01T12:28:26+00:00\" \/>\n<meta property=\"og:image\" content=\"https:\/\/editorialmediterrania.com\/wp-content\/uploads\/2015\/09\/Explorem-Barcelona1.jpg\" \/>\n\t<meta property=\"og:image:width\" content=\"600\" \/>\n\t<meta property=\"og:image:height\" content=\"813\" \/>\n\t<meta property=\"og:image:type\" content=\"image\/jpeg\" \/>\n<meta name=\"twitter:card\" content=\"summary_large_image\" \/>\n<meta name=\"twitter:site\" content=\"@edmediterrania\" \/>\n<meta name=\"twitter:label1\" content=\"Tiempo de lectura\" \/>\n\t<meta name=\"twitter:data1\" content=\"1 minuto\" \/>\n<script type=\"application\/ld+json\" class=\"yoast-schema-graph\">{\"@context\":\"https:\/\/schema.org\",\"@graph\":[{\"@type\":\"WebPage\",\"@id\":\"https:\/\/editorialmediterrania.com\/es\/producto\/exploremos-barcelona\/\",\"url\":\"https:\/\/editorialmediterrania.com\/es\/producto\/exploremos-barcelona\/\",\"name\":\"\u00a1Exploremos Barcelona! , un libro para toda la familia - Editorial Mediterr\u00e0nia\",\"isPartOf\":{\"@id\":\"https:\/\/editorialmediterrania.com\/es\/#website\"},\"primaryImageOfPage\":{\"@id\":\"https:\/\/editorialmediterrania.com\/es\/producto\/exploremos-barcelona\/#primaryimage\"},\"image\":{\"@id\":\"https:\/\/editorialmediterrania.com\/es\/producto\/exploremos-barcelona\/#primaryimage\"},\"thumbnailUrl\":\"https:\/\/editorialmediterrania.com\/wp-content\/uploads\/2015\/09\/Explorem-Barcelona1.jpg\",\"datePublished\":\"2015-09-07T19:34:06+00:00\",\"dateModified\":\"2023-08-01T12:28:26+00:00\",\"description\":\"\u00a1Un libro para toda la familia! 35 misiones y enigmas para resolver. Sigue las rutas, escanea los c\u00f3digos QR y descubre los secretos de Barcelona. \u00a1Suma puntos y consigue tu diploma de superexplorador!\",\"breadcrumb\":{\"@id\":\"https:\/\/editorialmediterrania.com\/es\/producto\/exploremos-barcelona\/#breadcrumb\"},\"inLanguage\":\"es\",\"potentialAction\":[{\"@type\":\"ReadAction\",\"target\":[\"https:\/\/editorialmediterrania.com\/es\/producto\/exploremos-barcelona\/\"]}]},{\"@type\":\"ImageObject\",\"inLanguage\":\"es\",\"@id\":\"https:\/\/editorialmediterrania.com\/es\/producto\/exploremos-barcelona\/#primaryimage\",\"url\":\"https:\/\/editorialmediterrania.com\/wp-content\/uploads\/2015\/09\/Explorem-Barcelona1.jpg\",\"contentUrl\":\"https:\/\/editorialmediterrania.com\/wp-content\/uploads\/2015\/09\/Explorem-Barcelona1.jpg\",\"width\":600,\"height\":813,\"caption\":\"Explorem Barcelona - Editorial Mediterr\u00e0nia\"},{\"@type\":\"BreadcrumbList\",\"@id\":\"https:\/\/editorialmediterrania.com\/es\/producto\/exploremos-barcelona\/#breadcrumb\",\"itemListElement\":[{\"@type\":\"ListItem\",\"position\":1,\"name\":\"Tienda de libros infantiles de arte\",\"item\":\"https:\/\/editorialmediterrania.com\/es\/tienda-de-libros-infantiles-arte\/\"},{\"@type\":\"ListItem\",\"position\":2,\"name\":\"\u00a1Exploremos Barcelona!\"}]},{\"@type\":\"WebSite\",\"@id\":\"https:\/\/editorialmediterrania.com\/es\/#website\",\"url\":\"https:\/\/editorialmediterrania.com\/es\/\",\"name\":\"Editorial Mediterrania\",\"description\":\"Llibres que t\u2019obriran nous mons\",\"publisher\":{\"@id\":\"https:\/\/editorialmediterrania.com\/es\/#organization\"},\"alternateName\":\"Llibres infantils d'art, cultura i natura\",\"potentialAction\":[{\"@type\":\"SearchAction\",\"target\":{\"@type\":\"EntryPoint\",\"urlTemplate\":\"https:\/\/editorialmediterrania.com\/es\/?s={search_term_string}\"},\"query-input\":\"required name=search_term_string\"}],\"inLanguage\":\"es\"},{\"@type\":\"Organization\",\"@id\":\"https:\/\/editorialmediterrania.com\/es\/#organization\",\"name\":\"Editorial Mediterrania\",\"alternateName\":\"Llibres d'art, cultura i natura per infants i fam\u00edlies\",\"url\":\"https:\/\/editorialmediterrania.com\/es\/\",\"logo\":{\"@type\":\"ImageObject\",\"inLanguage\":\"es\",\"@id\":\"https:\/\/editorialmediterrania.com\/es\/#\/schema\/logo\/image\/\",\"url\":\"https:\/\/editorialmediterrania.com\/wp-content\/uploads\/2023\/03\/LOGO-ED_MEDITERRANIA_OK-2.png\",\"contentUrl\":\"https:\/\/editorialmediterrania.com\/wp-content\/uploads\/2023\/03\/LOGO-ED_MEDITERRANIA_OK-2.png\",\"width\":1200,\"height\":300,\"caption\":\"Editorial Mediterrania\"},\"image\":{\"@id\":\"https:\/\/editorialmediterrania.com\/es\/#\/schema\/logo\/image\/\"},\"sameAs\":[\"https:\/\/x.com\/edmediterrania\",\"https:\/\/www.instagram.com\/editorialmediterrania\/\"]}]}<\/script>\n<!-- \/ Yoast SEO plugin. -->","yoast_head_json":{"title":"\u00a1Exploremos Barcelona! , un libro para toda la familia - Editorial Mediterr\u00e0nia","description":"\u00a1Un libro para toda la familia! 35 misiones y enigmas para resolver. Sigue las rutas, escanea los c\u00f3digos QR y descubre los secretos de Barcelona. \u00a1Suma puntos y consigue tu diploma de superexplorador!","robots":{"index":"index","follow":"follow","max-snippet":"max-snippet:-1","max-image-preview":"max-image-preview:large","max-video-preview":"max-video-preview:-1"},"canonical":"https:\/\/editorialmediterrania.com\/es\/producto\/exploremos-barcelona\/","og_locale":"es_ES","og_type":"article","og_title":"\u00a1Exploremos Barcelona! , un libro para toda la familia - Editorial Mediterr\u00e0nia","og_description":"\u00a1Un libro para toda la familia! 35 misiones y enigmas para resolver. Sigue las rutas, escanea los c\u00f3digos QR y descubre los secretos de Barcelona. \u00a1Suma puntos y consigue tu diploma de superexplorador!","og_url":"https:\/\/editorialmediterrania.com\/es\/producto\/exploremos-barcelona\/","og_site_name":"Editorial Mediterr\u00e0nia","article_modified_time":"2023-08-01T12:28:26+00:00","og_image":[{"width":600,"height":813,"url":"https:\/\/editorialmediterrania.com\/wp-content\/uploads\/2015\/09\/Explorem-Barcelona1.jpg","type":"image\/jpeg"}],"twitter_card":"summary_large_image","twitter_site":"@edmediterrania","twitter_misc":{"Tiempo de lectura":"1 minuto"},"schema":{"@context":"https:\/\/schema.org","@graph":[{"@type":"WebPage","@id":"https:\/\/editorialmediterrania.com\/es\/producto\/exploremos-barcelona\/","url":"https:\/\/editorialmediterrania.com\/es\/producto\/exploremos-barcelona\/","name":"\u00a1Exploremos Barcelona! , un libro para toda la familia - Editorial Mediterr\u00e0nia","isPartOf":{"@id":"https:\/\/editorialmediterrania.com\/es\/#website"},"primaryImageOfPage":{"@id":"https:\/\/editorialmediterrania.com\/es\/producto\/exploremos-barcelona\/#primaryimage"},"image":{"@id":"https:\/\/editorialmediterrania.com\/es\/producto\/exploremos-barcelona\/#primaryimage"},"thumbnailUrl":"https:\/\/editorialmediterrania.com\/wp-content\/uploads\/2015\/09\/Explorem-Barcelona1.jpg","datePublished":"2015-09-07T19:34:06+00:00","dateModified":"2023-08-01T12:28:26+00:00","description":"\u00a1Un libro para toda la familia! 35 misiones y enigmas para resolver. Sigue las rutas, escanea los c\u00f3digos QR y descubre los secretos de Barcelona. \u00a1Suma puntos y consigue tu diploma de superexplorador!","breadcrumb":{"@id":"https:\/\/editorialmediterrania.com\/es\/producto\/exploremos-barcelona\/#breadcrumb"},"inLanguage":"es","potentialAction":[{"@type":"ReadAction","target":["https:\/\/editorialmediterrania.com\/es\/producto\/exploremos-barcelona\/"]}]},{"@type":"ImageObject","inLanguage":"es","@id":"https:\/\/editorialmediterrania.com\/es\/producto\/exploremos-barcelona\/#primaryimage","url":"https:\/\/editorialmediterrania.com\/wp-content\/uploads\/2015\/09\/Explorem-Barcelona1.jpg","contentUrl":"https:\/\/editorialmediterrania.com\/wp-content\/uploads\/2015\/09\/Explorem-Barcelona1.jpg","width":600,"height":813,"caption":"Explorem Barcelona - Editorial Mediterr\u00e0nia"},{"@type":"BreadcrumbList","@id":"https:\/\/editorialmediterrania.com\/es\/producto\/exploremos-barcelona\/#breadcrumb","itemListElement":[{"@type":"ListItem","position":1,"name":"Tienda de libros infantiles de arte","item":"https:\/\/editorialmediterrania.com\/es\/tienda-de-libros-infantiles-arte\/"},{"@type":"ListItem","position":2,"name":"\u00a1Exploremos Barcelona!"}]},{"@type":"WebSite","@id":"https:\/\/editorialmediterrania.com\/es\/#website","url":"https:\/\/editorialmediterrania.com\/es\/","name":"Editorial Mediterrania","description":"Llibres que t\u2019obriran nous mons","publisher":{"@id":"https:\/\/editorialmediterrania.com\/es\/#organization"},"alternateName":"Llibres infantils d'art, cultura i natura","potentialAction":[{"@type":"SearchAction","target":{"@type":"EntryPoint","urlTemplate":"https:\/\/editorialmediterrania.com\/es\/?s={search_term_string}"},"query-input":"required name=search_term_string"}],"inLanguage":"es"},{"@type":"Organization","@id":"https:\/\/editorialmediterrania.com\/es\/#organization","name":"Editorial Mediterrania","alternateName":"Llibres d'art, cultura i natura per infants i fam\u00edlies","url":"https:\/\/editorialmediterrania.com\/es\/","logo":{"@type":"ImageObject","inLanguage":"es","@id":"https:\/\/editorialmediterrania.com\/es\/#\/schema\/logo\/image\/","url":"https:\/\/editorialmediterrania.com\/wp-content\/uploads\/2023\/03\/LOGO-ED_MEDITERRANIA_OK-2.png","contentUrl":"https:\/\/editorialmediterrania.com\/wp-content\/uploads\/2023\/03\/LOGO-ED_MEDITERRANIA_OK-2.png","width":1200,"height":300,"caption":"Editorial Mediterrania"},"image":{"@id":"https:\/\/editorialmediterrania.com\/es\/#\/schema\/logo\/image\/"},"sameAs":["https:\/\/x.com\/edmediterrania","https:\/\/www.instagram.com\/editorialmediterrania\/"]}]}},"_links":{"self":[{"href":"https:\/\/editorialmediterrania.com\/es\/wp-json\/wp\/v2\/product\/22933","targetHints":{"allow":["GET"]}}],"collection":[{"href":"https:\/\/editorialmediterrania.com\/es\/wp-json\/wp\/v2\/product"}],"about":[{"href":"https:\/\/editorialmediterrania.com\/es\/wp-json\/wp\/v2\/types\/product"}],"wp:featuredmedia":[{"embeddable":true,"href":"https:\/\/editorialmediterrania.com\/es\/wp-json\/wp\/v2\/media\/25777"}],"wp:attachment":[{"href":"https:\/\/editorialmediterrania.com\/es\/wp-json\/wp\/v2\/media?parent=22933"}],"wp:term":[{"taxonomy":"product_cat","embeddable":true,"href":"https:\/\/editorialmediterrania.com\/es\/wp-json\/wp\/v2\/product_cat?post=22933"},{"taxonomy":"product_tag","embeddable":true,"href":"https:\/\/editorialmediterrania.com\/es\/wp-json\/wp\/v2\/product_tag?post=22933"},{"taxonomy":"autors","embeddable":true,"href":"https:\/\/editorialmediterrania.com\/es\/wp-json\/wp\/v2\/autors?post=22933"}],"curies":[{"name":"wp","href":"https:\/\/api.w.org\/{rel}","templated":true}]}}