{"id":2334,"date":"2013-01-07T13:14:48","date_gmt":"2013-01-07T12:14:48","guid":{"rendered":"http:\/\/mediterrania.adgency.es\/product\/producto\/emma-de-barcelona-2\/"},"modified":"2024-04-21T17:45:25","modified_gmt":"2024-04-21T15:45:25","slug":"emma-de-barcelona","status":"publish","type":"product","link":"https:\/\/editorialmediterrania.com\/es\/producto\/emma-de-barcelona\/","title":{"rendered":"Emma de Barcelona"},"content":{"rendered":"<p style=\"text-align: justify;\">Tercera edici\u00f3n con cubierta nueva y contenido actualizado. A caballo entre los siglos IX y X, Emma de Barcelona fue la primera abadesa del monasterio de San Juan de Ter, actualmente conocido como Sant Joan de les Abadesses. Hija de Guifr\u00e9 el Pil\u00f3s, el conde que inici\u00f3 la dinast\u00eda condal de Barcelona, fue una mujer totalmente comprometida e integrada en su tiempo. Adem\u00e1s de hacerse cargo del monasterio de nueva fundaci\u00f3n, dirigi\u00f3 la forestaci\u00f3n del territorio que lo rodeaba, malogrado por la derrota ocasionada a ra\u00edz de la conquista \u00e1rabe, y construy\u00f3 y protegi\u00f3 m\u00e1s de una veintena de pueblos de Catalu\u00f1a.<\/p>\n<p>Mediante una aproximaci\u00f3n veros\u00edmil y en primera persona, este libro reivindica la figura de la abadesas y la tarea importante que realiz\u00f3 en una \u00e9poca clave para los inicios de una nacionalidad.<\/p>\n","protected":false},"excerpt":{"rendered":"<p>Tercera edici\u00f3n con cubierta nueva y contenido actualizado. A caballo entre los siglos IX y X, Emma de Barcelona fue la primera abadesa del monasterio de San Juan de Ter, actualmente conocido como Sant Joan de les Abadesses. Hija de Guifr\u00e9 el Pil\u00f3s, el conde que inici\u00f3 la dinast\u00eda condal de Barcelona, fue una mujer [&hellip;]<\/p>\n","protected":false},"featured_media":27234,"template":"","meta":[],"product_cat":[3350,25],"product_tag":[2181],"autors":[],"class_list":{"0":"post-2334","1":"product","2":"type-product","3":"status-publish","4":"has-post-thumbnail","6":"product_cat-mediterrania-productes","7":"product_cat-ensayo-adulto","8":"product_tag-llibres-dassaig-es","10":"first","11":"outofstock","12":"purchasable","13":"product-type-simple","swatches":"rey-swatches","show_selected":""},"acf":[],"yoast_head":"<!-- This site is optimized with the Yoast SEO plugin v22.8 - https:\/\/yoast.com\/wordpress\/plugins\/seo\/ -->\n<title>Emma de Barcelona - Editorial Mediterrania<\/title>\n<meta name=\"description\" content=\"Emma de Barcelona fue una de las hijas de Guifr\u00e9 el Pil\u00f3s. Fue la primera abadesa del Monasterio de Sant Joan de Ter.\" \/>\n<meta name=\"robots\" content=\"index, follow, max-snippet:-1, max-image-preview:large, max-video-preview:-1\" \/>\n<link rel=\"canonical\" href=\"https:\/\/editorialmediterrania.com\/es\/producto\/emma-de-barcelona\/\" \/>\n<meta property=\"og:locale\" content=\"es_ES\" \/>\n<meta property=\"og:type\" content=\"article\" \/>\n<meta property=\"og:title\" content=\"Emma de Barcelona - Editorial Mediterrania\" \/>\n<meta property=\"og:description\" content=\"Emma de Barcelona fue una de las hijas de Guifr\u00e9 el Pil\u00f3s. Fue la primera abadesa del Monasterio de Sant Joan de Ter.\" \/>\n<meta property=\"og:url\" content=\"https:\/\/editorialmediterrania.com\/es\/producto\/emma-de-barcelona\/\" \/>\n<meta property=\"og:site_name\" content=\"Editorial Mediterr\u00e0nia\" \/>\n<meta property=\"article:modified_time\" content=\"2024-04-21T15:45:25+00:00\" \/>\n<meta property=\"og:image\" content=\"https:\/\/editorialmediterrania.com\/wp-content\/uploads\/2013\/01\/9788499795263.jpeg\" \/>\n\t<meta property=\"og:image:width\" content=\"456\" \/>\n\t<meta property=\"og:image:height\" content=\"640\" \/>\n\t<meta property=\"og:image:type\" content=\"image\/jpeg\" \/>\n<meta name=\"twitter:card\" content=\"summary_large_image\" \/>\n<meta name=\"twitter:site\" content=\"@edmediterrania\" \/>\n<meta name=\"twitter:label1\" content=\"Tiempo de lectura\" \/>\n\t<meta name=\"twitter:data1\" content=\"1 minuto\" \/>\n<script type=\"application\/ld+json\" class=\"yoast-schema-graph\">{\"@context\":\"https:\/\/schema.org\",\"@graph\":[{\"@type\":\"WebPage\",\"@id\":\"https:\/\/editorialmediterrania.com\/es\/producto\/emma-de-barcelona\/\",\"url\":\"https:\/\/editorialmediterrania.com\/es\/producto\/emma-de-barcelona\/\",\"name\":\"Emma de Barcelona - Editorial Mediterrania\",\"isPartOf\":{\"@id\":\"https:\/\/editorialmediterrania.com\/es\/#website\"},\"primaryImageOfPage\":{\"@id\":\"https:\/\/editorialmediterrania.com\/es\/producto\/emma-de-barcelona\/#primaryimage\"},\"image\":{\"@id\":\"https:\/\/editorialmediterrania.com\/es\/producto\/emma-de-barcelona\/#primaryimage\"},\"thumbnailUrl\":\"https:\/\/editorialmediterrania.com\/wp-content\/uploads\/2013\/01\/9788499795263.jpeg\",\"datePublished\":\"2013-01-07T12:14:48+00:00\",\"dateModified\":\"2024-04-21T15:45:25+00:00\",\"description\":\"Emma de Barcelona fue una de las hijas de Guifr\u00e9 el Pil\u00f3s. Fue la primera abadesa del Monasterio de Sant Joan de Ter.\",\"breadcrumb\":{\"@id\":\"https:\/\/editorialmediterrania.com\/es\/producto\/emma-de-barcelona\/#breadcrumb\"},\"inLanguage\":\"es\",\"potentialAction\":[{\"@type\":\"ReadAction\",\"target\":[\"https:\/\/editorialmediterrania.com\/es\/producto\/emma-de-barcelona\/\"]}]},{\"@type\":\"ImageObject\",\"inLanguage\":\"es\",\"@id\":\"https:\/\/editorialmediterrania.com\/es\/producto\/emma-de-barcelona\/#primaryimage\",\"url\":\"https:\/\/editorialmediterrania.com\/wp-content\/uploads\/2013\/01\/9788499795263.jpeg\",\"contentUrl\":\"https:\/\/editorialmediterrania.com\/wp-content\/uploads\/2013\/01\/9788499795263.jpeg\",\"width\":456,\"height\":640},{\"@type\":\"BreadcrumbList\",\"@id\":\"https:\/\/editorialmediterrania.com\/es\/producto\/emma-de-barcelona\/#breadcrumb\",\"itemListElement\":[{\"@type\":\"ListItem\",\"position\":1,\"name\":\"Tienda de libros infantiles de arte\",\"item\":\"https:\/\/editorialmediterrania.com\/es\/tienda-de-libros-infantiles-arte\/\"},{\"@type\":\"ListItem\",\"position\":2,\"name\":\"Emma de Barcelona\"}]},{\"@type\":\"WebSite\",\"@id\":\"https:\/\/editorialmediterrania.com\/es\/#website\",\"url\":\"https:\/\/editorialmediterrania.com\/es\/\",\"name\":\"Editorial Mediterrania\",\"description\":\"Llibres que t\u2019obriran nous mons\",\"publisher\":{\"@id\":\"https:\/\/editorialmediterrania.com\/es\/#organization\"},\"alternateName\":\"Llibres infantils d'art, cultura i natura\",\"potentialAction\":[{\"@type\":\"SearchAction\",\"target\":{\"@type\":\"EntryPoint\",\"urlTemplate\":\"https:\/\/editorialmediterrania.com\/es\/?s={search_term_string}\"},\"query-input\":\"required name=search_term_string\"}],\"inLanguage\":\"es\"},{\"@type\":\"Organization\",\"@id\":\"https:\/\/editorialmediterrania.com\/es\/#organization\",\"name\":\"Editorial Mediterrania\",\"alternateName\":\"Llibres d'art, cultura i natura per infants i fam\u00edlies\",\"url\":\"https:\/\/editorialmediterrania.com\/es\/\",\"logo\":{\"@type\":\"ImageObject\",\"inLanguage\":\"es\",\"@id\":\"https:\/\/editorialmediterrania.com\/es\/#\/schema\/logo\/image\/\",\"url\":\"https:\/\/editorialmediterrania.com\/wp-content\/uploads\/2023\/03\/LOGO-ED_MEDITERRANIA_OK-2.png\",\"contentUrl\":\"https:\/\/editorialmediterrania.com\/wp-content\/uploads\/2023\/03\/LOGO-ED_MEDITERRANIA_OK-2.png\",\"width\":1200,\"height\":300,\"caption\":\"Editorial Mediterrania\"},\"image\":{\"@id\":\"https:\/\/editorialmediterrania.com\/es\/#\/schema\/logo\/image\/\"},\"sameAs\":[\"https:\/\/x.com\/edmediterrania\",\"https:\/\/www.instagram.com\/editorialmediterrania\/\"]}]}<\/script>\n<!-- \/ Yoast SEO plugin. -->","yoast_head_json":{"title":"Emma de Barcelona - Editorial Mediterrania","description":"Emma de Barcelona fue una de las hijas de Guifr\u00e9 el Pil\u00f3s. Fue la primera abadesa del Monasterio de Sant Joan de Ter.","robots":{"index":"index","follow":"follow","max-snippet":"max-snippet:-1","max-image-preview":"max-image-preview:large","max-video-preview":"max-video-preview:-1"},"canonical":"https:\/\/editorialmediterrania.com\/es\/producto\/emma-de-barcelona\/","og_locale":"es_ES","og_type":"article","og_title":"Emma de Barcelona - Editorial Mediterrania","og_description":"Emma de Barcelona fue una de las hijas de Guifr\u00e9 el Pil\u00f3s. Fue la primera abadesa del Monasterio de Sant Joan de Ter.","og_url":"https:\/\/editorialmediterrania.com\/es\/producto\/emma-de-barcelona\/","og_site_name":"Editorial Mediterr\u00e0nia","article_modified_time":"2024-04-21T15:45:25+00:00","og_image":[{"width":456,"height":640,"url":"https:\/\/editorialmediterrania.com\/wp-content\/uploads\/2013\/01\/9788499795263.jpeg","type":"image\/jpeg"}],"twitter_card":"summary_large_image","twitter_site":"@edmediterrania","twitter_misc":{"Tiempo de lectura":"1 minuto"},"schema":{"@context":"https:\/\/schema.org","@graph":[{"@type":"WebPage","@id":"https:\/\/editorialmediterrania.com\/es\/producto\/emma-de-barcelona\/","url":"https:\/\/editorialmediterrania.com\/es\/producto\/emma-de-barcelona\/","name":"Emma de Barcelona - Editorial Mediterrania","isPartOf":{"@id":"https:\/\/editorialmediterrania.com\/es\/#website"},"primaryImageOfPage":{"@id":"https:\/\/editorialmediterrania.com\/es\/producto\/emma-de-barcelona\/#primaryimage"},"image":{"@id":"https:\/\/editorialmediterrania.com\/es\/producto\/emma-de-barcelona\/#primaryimage"},"thumbnailUrl":"https:\/\/editorialmediterrania.com\/wp-content\/uploads\/2013\/01\/9788499795263.jpeg","datePublished":"2013-01-07T12:14:48+00:00","dateModified":"2024-04-21T15:45:25+00:00","description":"Emma de Barcelona fue una de las hijas de Guifr\u00e9 el Pil\u00f3s. Fue la primera abadesa del Monasterio de Sant Joan de Ter.","breadcrumb":{"@id":"https:\/\/editorialmediterrania.com\/es\/producto\/emma-de-barcelona\/#breadcrumb"},"inLanguage":"es","potentialAction":[{"@type":"ReadAction","target":["https:\/\/editorialmediterrania.com\/es\/producto\/emma-de-barcelona\/"]}]},{"@type":"ImageObject","inLanguage":"es","@id":"https:\/\/editorialmediterrania.com\/es\/producto\/emma-de-barcelona\/#primaryimage","url":"https:\/\/editorialmediterrania.com\/wp-content\/uploads\/2013\/01\/9788499795263.jpeg","contentUrl":"https:\/\/editorialmediterrania.com\/wp-content\/uploads\/2013\/01\/9788499795263.jpeg","width":456,"height":640},{"@type":"BreadcrumbList","@id":"https:\/\/editorialmediterrania.com\/es\/producto\/emma-de-barcelona\/#breadcrumb","itemListElement":[{"@type":"ListItem","position":1,"name":"Tienda de libros infantiles de arte","item":"https:\/\/editorialmediterrania.com\/es\/tienda-de-libros-infantiles-arte\/"},{"@type":"ListItem","position":2,"name":"Emma de Barcelona"}]},{"@type":"WebSite","@id":"https:\/\/editorialmediterrania.com\/es\/#website","url":"https:\/\/editorialmediterrania.com\/es\/","name":"Editorial Mediterrania","description":"Llibres que t\u2019obriran nous mons","publisher":{"@id":"https:\/\/editorialmediterrania.com\/es\/#organization"},"alternateName":"Llibres infantils d'art, cultura i natura","potentialAction":[{"@type":"SearchAction","target":{"@type":"EntryPoint","urlTemplate":"https:\/\/editorialmediterrania.com\/es\/?s={search_term_string}"},"query-input":"required name=search_term_string"}],"inLanguage":"es"},{"@type":"Organization","@id":"https:\/\/editorialmediterrania.com\/es\/#organization","name":"Editorial Mediterrania","alternateName":"Llibres d'art, cultura i natura per infants i fam\u00edlies","url":"https:\/\/editorialmediterrania.com\/es\/","logo":{"@type":"ImageObject","inLanguage":"es","@id":"https:\/\/editorialmediterrania.com\/es\/#\/schema\/logo\/image\/","url":"https:\/\/editorialmediterrania.com\/wp-content\/uploads\/2023\/03\/LOGO-ED_MEDITERRANIA_OK-2.png","contentUrl":"https:\/\/editorialmediterrania.com\/wp-content\/uploads\/2023\/03\/LOGO-ED_MEDITERRANIA_OK-2.png","width":1200,"height":300,"caption":"Editorial Mediterrania"},"image":{"@id":"https:\/\/editorialmediterrania.com\/es\/#\/schema\/logo\/image\/"},"sameAs":["https:\/\/x.com\/edmediterrania","https:\/\/www.instagram.com\/editorialmediterrania\/"]}]}},"_links":{"self":[{"href":"https:\/\/editorialmediterrania.com\/es\/wp-json\/wp\/v2\/product\/2334","targetHints":{"allow":["GET"]}}],"collection":[{"href":"https:\/\/editorialmediterrania.com\/es\/wp-json\/wp\/v2\/product"}],"about":[{"href":"https:\/\/editorialmediterrania.com\/es\/wp-json\/wp\/v2\/types\/product"}],"wp:featuredmedia":[{"embeddable":true,"href":"https:\/\/editorialmediterrania.com\/es\/wp-json\/wp\/v2\/media\/27234"}],"wp:attachment":[{"href":"https:\/\/editorialmediterrania.com\/es\/wp-json\/wp\/v2\/media?parent=2334"}],"wp:term":[{"taxonomy":"product_cat","embeddable":true,"href":"https:\/\/editorialmediterrania.com\/es\/wp-json\/wp\/v2\/product_cat?post=2334"},{"taxonomy":"product_tag","embeddable":true,"href":"https:\/\/editorialmediterrania.com\/es\/wp-json\/wp\/v2\/product_tag?post=2334"},{"taxonomy":"autors","embeddable":true,"href":"https:\/\/editorialmediterrania.com\/es\/wp-json\/wp\/v2\/autors?post=2334"}],"curies":[{"name":"wp","href":"https:\/\/api.w.org\/{rel}","templated":true}]}}