{"id":23723,"date":"2015-09-21T15:48:43","date_gmt":"2015-09-21T13:48:43","guid":{"rendered":"http:\/\/www.barcelonalab.com\/~editorialmediter\/product\/petita-historia-de-la-canonja-2\/"},"modified":"2025-09-02T15:39:42","modified_gmt":"2025-09-02T13:39:42","slug":"petita-historia-de-la-canonja","status":"publish","type":"product","link":"https:\/\/editorialmediterrania.com\/es\/producto\/petita-historia-de-la-canonja\/","title":{"rendered":"Petita hist\u00f2ria de La Canonja"},"content":{"rendered":"<div class=\"accordionButton2 on\">\n<p>Aquest llibre infantil dirigit als nens i nenes d\u2019entre 8 i 12 anys els explica la hist\u00f2ria al llarg del temps de La Canonja. El 15 d\u2019abril de 2010, la seva gent va celebrar que tornava a ser un municipi independent. Amb textos de Alba Ca\u00f1ellas Canadell i il\u00b7lustracions a tot color de Pilar\u00edn Bay\u00e9s.<\/p>\n<p>La col\u00b7lecci\u00f3 de llibres infantils\u00a0<a href=\"http:\/\/localhost:8888\/mediterrania\/\/coleccions\/infantil-juvenil-i-families\/col-leccions\/petites-histories\/\">Petites hist\u00f2ries<\/a>\u00a0compta amb m\u00e9s de 330 t\u00edtols diferents, tots ells il\u00b7lustrats per Pilar\u00edn Bay\u00e9s. Gr\u00e0cies a aquesta col\u00b7lecci\u00f3, els nens i nenes de diverses generacions han pogut con\u00e8ixer els artistes, tradicions i indrets m\u00e9s destacats del nostre pa\u00eds, de manera divertida i amena.<\/p>\n<\/div>\n","protected":false},"excerpt":{"rendered":"<p>Aquest llibre infantil dirigit als nens i nenes d\u2019entre 8 i 12 anys els explica la hist\u00f2ria al llarg del temps de La Canonja. El 15 d\u2019abril de 2010, la seva gent va celebrar que tornava a ser un municipi independent. Amb textos de Alba Ca\u00f1ellas Canadell i il\u00b7lustracions a tot color de Pilar\u00edn Bay\u00e9s. [&hellip;]<\/p>\n","protected":false},"featured_media":23722,"template":"","meta":[],"product_cat":[30,103],"product_tag":[6017,393,6019,6009,6128,6001,396],"autors":[],"class_list":{"0":"post-23723","1":"product","2":"type-product","3":"status-publish","4":"has-post-thumbnail","6":"product_cat-editorial-mediterrania","7":"product_cat-pequenas-historias","8":"product_tag-contes-infantils-es","9":"product_tag-libro-infantil-es","10":"product_tag-llibres-de-contes-es","11":"product_tag-llibres-il-lustrats-es","12":"product_tag-llibres-il-lustrats-infantils-es","13":"product_tag-llibres-infantils-es","14":"product_tag-pilarin-bayes-es","16":"first","17":"instock","18":"purchasable","19":"product-type-simple","swatches":"rey-swatches","show_selected":""},"acf":[],"yoast_head":"<!-- This site is optimized with the Yoast SEO plugin v22.8 - https:\/\/yoast.com\/wordpress\/plugins\/seo\/ -->\n<title>Petita hist\u00f2ria de La Canonja , llibre infantil - Editorial Mediterr\u00e0nia<\/title>\n<meta name=\"description\" content=\"Aquest llibre infantil dirigit als nens i nenes d\u2019entre 8 i 12 anys els explica la hist\u00f2ria al llarg del temps de La Canonja. Amb textos de Alba Ca\u00f1ellas Canadell i il\u00b7lustracions a tot color de Pilar\u00edn Bay\u00e9s.\" \/>\n<meta name=\"robots\" content=\"index, follow, max-snippet:-1, max-image-preview:large, max-video-preview:-1\" \/>\n<link rel=\"canonical\" href=\"https:\/\/editorialmediterrania.com\/es\/producto\/petita-historia-de-la-canonja\/\" \/>\n<meta property=\"og:locale\" content=\"es_ES\" \/>\n<meta property=\"og:type\" content=\"article\" \/>\n<meta property=\"og:title\" content=\"Petita hist\u00f2ria de La Canonja , llibre infantil - Editorial Mediterr\u00e0nia\" \/>\n<meta property=\"og:description\" content=\"Aquest llibre infantil dirigit als nens i nenes d\u2019entre 8 i 12 anys els explica la hist\u00f2ria al llarg del temps de La Canonja. Amb textos de Alba Ca\u00f1ellas Canadell i il\u00b7lustracions a tot color de Pilar\u00edn Bay\u00e9s.\" \/>\n<meta property=\"og:url\" content=\"https:\/\/editorialmediterrania.com\/es\/producto\/petita-historia-de-la-canonja\/\" \/>\n<meta property=\"og:site_name\" content=\"Editorial Mediterr\u00e0nia\" \/>\n<meta property=\"article:modified_time\" content=\"2025-09-02T13:39:42+00:00\" \/>\n<meta property=\"og:image\" content=\"https:\/\/editorialmediterrania.com\/wp-content\/uploads\/2015\/09\/Petita-Historia-de-La-Canonja.jpg\" \/>\n\t<meta property=\"og:image:width\" content=\"600\" \/>\n\t<meta property=\"og:image:height\" content=\"703\" \/>\n\t<meta property=\"og:image:type\" content=\"image\/jpeg\" \/>\n<meta name=\"twitter:card\" content=\"summary_large_image\" \/>\n<meta name=\"twitter:site\" content=\"@edmediterrania\" \/>\n<meta name=\"twitter:label1\" content=\"Tiempo de lectura\" \/>\n\t<meta name=\"twitter:data1\" content=\"1 minuto\" \/>\n<script type=\"application\/ld+json\" class=\"yoast-schema-graph\">{\"@context\":\"https:\/\/schema.org\",\"@graph\":[{\"@type\":\"WebPage\",\"@id\":\"https:\/\/editorialmediterrania.com\/es\/producto\/petita-historia-de-la-canonja\/\",\"url\":\"https:\/\/editorialmediterrania.com\/es\/producto\/petita-historia-de-la-canonja\/\",\"name\":\"Petita hist\u00f2ria de La Canonja , llibre infantil - Editorial Mediterr\u00e0nia\",\"isPartOf\":{\"@id\":\"https:\/\/editorialmediterrania.com\/es\/#website\"},\"primaryImageOfPage\":{\"@id\":\"https:\/\/editorialmediterrania.com\/es\/producto\/petita-historia-de-la-canonja\/#primaryimage\"},\"image\":{\"@id\":\"https:\/\/editorialmediterrania.com\/es\/producto\/petita-historia-de-la-canonja\/#primaryimage\"},\"thumbnailUrl\":\"https:\/\/editorialmediterrania.com\/wp-content\/uploads\/2015\/09\/Petita-Historia-de-La-Canonja.jpg\",\"datePublished\":\"2015-09-21T13:48:43+00:00\",\"dateModified\":\"2025-09-02T13:39:42+00:00\",\"description\":\"Aquest llibre infantil dirigit als nens i nenes d\u2019entre 8 i 12 anys els explica la hist\u00f2ria al llarg del temps de La Canonja. Amb textos de Alba Ca\u00f1ellas Canadell i il\u00b7lustracions a tot color de Pilar\u00edn Bay\u00e9s.\",\"breadcrumb\":{\"@id\":\"https:\/\/editorialmediterrania.com\/es\/producto\/petita-historia-de-la-canonja\/#breadcrumb\"},\"inLanguage\":\"es\",\"potentialAction\":[{\"@type\":\"ReadAction\",\"target\":[\"https:\/\/editorialmediterrania.com\/es\/producto\/petita-historia-de-la-canonja\/\"]}]},{\"@type\":\"ImageObject\",\"inLanguage\":\"es\",\"@id\":\"https:\/\/editorialmediterrania.com\/es\/producto\/petita-historia-de-la-canonja\/#primaryimage\",\"url\":\"https:\/\/editorialmediterrania.com\/wp-content\/uploads\/2015\/09\/Petita-Historia-de-La-Canonja.jpg\",\"contentUrl\":\"https:\/\/editorialmediterrania.com\/wp-content\/uploads\/2015\/09\/Petita-Historia-de-La-Canonja.jpg\",\"width\":600,\"height\":703,\"caption\":\"Petita Hist\u00f2ria de la Canonja - Editorial Mediterr\u00e0nia\"},{\"@type\":\"BreadcrumbList\",\"@id\":\"https:\/\/editorialmediterrania.com\/es\/producto\/petita-historia-de-la-canonja\/#breadcrumb\",\"itemListElement\":[{\"@type\":\"ListItem\",\"position\":1,\"name\":\"Tienda de libros infantiles de arte\",\"item\":\"https:\/\/editorialmediterrania.com\/es\/tienda-de-libros-infantiles-arte\/\"},{\"@type\":\"ListItem\",\"position\":2,\"name\":\"Petita hist\u00f2ria de La Canonja\"}]},{\"@type\":\"WebSite\",\"@id\":\"https:\/\/editorialmediterrania.com\/es\/#website\",\"url\":\"https:\/\/editorialmediterrania.com\/es\/\",\"name\":\"Editorial Mediterrania\",\"description\":\"Llibres que t\u2019obriran nous mons\",\"publisher\":{\"@id\":\"https:\/\/editorialmediterrania.com\/es\/#organization\"},\"alternateName\":\"Llibres infantils d'art, cultura i natura\",\"potentialAction\":[{\"@type\":\"SearchAction\",\"target\":{\"@type\":\"EntryPoint\",\"urlTemplate\":\"https:\/\/editorialmediterrania.com\/es\/?s={search_term_string}\"},\"query-input\":\"required name=search_term_string\"}],\"inLanguage\":\"es\"},{\"@type\":\"Organization\",\"@id\":\"https:\/\/editorialmediterrania.com\/es\/#organization\",\"name\":\"Editorial Mediterrania\",\"alternateName\":\"Llibres d'art, cultura i natura per infants i fam\u00edlies\",\"url\":\"https:\/\/editorialmediterrania.com\/es\/\",\"logo\":{\"@type\":\"ImageObject\",\"inLanguage\":\"es\",\"@id\":\"https:\/\/editorialmediterrania.com\/es\/#\/schema\/logo\/image\/\",\"url\":\"https:\/\/editorialmediterrania.com\/wp-content\/uploads\/2023\/03\/LOGO-ED_MEDITERRANIA_OK-2.png\",\"contentUrl\":\"https:\/\/editorialmediterrania.com\/wp-content\/uploads\/2023\/03\/LOGO-ED_MEDITERRANIA_OK-2.png\",\"width\":1200,\"height\":300,\"caption\":\"Editorial Mediterrania\"},\"image\":{\"@id\":\"https:\/\/editorialmediterrania.com\/es\/#\/schema\/logo\/image\/\"},\"sameAs\":[\"https:\/\/x.com\/edmediterrania\",\"https:\/\/www.instagram.com\/editorialmediterrania\/\"]}]}<\/script>\n<!-- \/ Yoast SEO plugin. -->","yoast_head_json":{"title":"Petita hist\u00f2ria de La Canonja , llibre infantil - Editorial Mediterr\u00e0nia","description":"Aquest llibre infantil dirigit als nens i nenes d\u2019entre 8 i 12 anys els explica la hist\u00f2ria al llarg del temps de La Canonja. Amb textos de Alba Ca\u00f1ellas Canadell i il\u00b7lustracions a tot color de Pilar\u00edn Bay\u00e9s.","robots":{"index":"index","follow":"follow","max-snippet":"max-snippet:-1","max-image-preview":"max-image-preview:large","max-video-preview":"max-video-preview:-1"},"canonical":"https:\/\/editorialmediterrania.com\/es\/producto\/petita-historia-de-la-canonja\/","og_locale":"es_ES","og_type":"article","og_title":"Petita hist\u00f2ria de La Canonja , llibre infantil - Editorial Mediterr\u00e0nia","og_description":"Aquest llibre infantil dirigit als nens i nenes d\u2019entre 8 i 12 anys els explica la hist\u00f2ria al llarg del temps de La Canonja. Amb textos de Alba Ca\u00f1ellas Canadell i il\u00b7lustracions a tot color de Pilar\u00edn Bay\u00e9s.","og_url":"https:\/\/editorialmediterrania.com\/es\/producto\/petita-historia-de-la-canonja\/","og_site_name":"Editorial Mediterr\u00e0nia","article_modified_time":"2025-09-02T13:39:42+00:00","og_image":[{"width":600,"height":703,"url":"https:\/\/editorialmediterrania.com\/wp-content\/uploads\/2015\/09\/Petita-Historia-de-La-Canonja.jpg","type":"image\/jpeg"}],"twitter_card":"summary_large_image","twitter_site":"@edmediterrania","twitter_misc":{"Tiempo de lectura":"1 minuto"},"schema":{"@context":"https:\/\/schema.org","@graph":[{"@type":"WebPage","@id":"https:\/\/editorialmediterrania.com\/es\/producto\/petita-historia-de-la-canonja\/","url":"https:\/\/editorialmediterrania.com\/es\/producto\/petita-historia-de-la-canonja\/","name":"Petita hist\u00f2ria de La Canonja , llibre infantil - Editorial Mediterr\u00e0nia","isPartOf":{"@id":"https:\/\/editorialmediterrania.com\/es\/#website"},"primaryImageOfPage":{"@id":"https:\/\/editorialmediterrania.com\/es\/producto\/petita-historia-de-la-canonja\/#primaryimage"},"image":{"@id":"https:\/\/editorialmediterrania.com\/es\/producto\/petita-historia-de-la-canonja\/#primaryimage"},"thumbnailUrl":"https:\/\/editorialmediterrania.com\/wp-content\/uploads\/2015\/09\/Petita-Historia-de-La-Canonja.jpg","datePublished":"2015-09-21T13:48:43+00:00","dateModified":"2025-09-02T13:39:42+00:00","description":"Aquest llibre infantil dirigit als nens i nenes d\u2019entre 8 i 12 anys els explica la hist\u00f2ria al llarg del temps de La Canonja. Amb textos de Alba Ca\u00f1ellas Canadell i il\u00b7lustracions a tot color de Pilar\u00edn Bay\u00e9s.","breadcrumb":{"@id":"https:\/\/editorialmediterrania.com\/es\/producto\/petita-historia-de-la-canonja\/#breadcrumb"},"inLanguage":"es","potentialAction":[{"@type":"ReadAction","target":["https:\/\/editorialmediterrania.com\/es\/producto\/petita-historia-de-la-canonja\/"]}]},{"@type":"ImageObject","inLanguage":"es","@id":"https:\/\/editorialmediterrania.com\/es\/producto\/petita-historia-de-la-canonja\/#primaryimage","url":"https:\/\/editorialmediterrania.com\/wp-content\/uploads\/2015\/09\/Petita-Historia-de-La-Canonja.jpg","contentUrl":"https:\/\/editorialmediterrania.com\/wp-content\/uploads\/2015\/09\/Petita-Historia-de-La-Canonja.jpg","width":600,"height":703,"caption":"Petita Hist\u00f2ria de la Canonja - Editorial Mediterr\u00e0nia"},{"@type":"BreadcrumbList","@id":"https:\/\/editorialmediterrania.com\/es\/producto\/petita-historia-de-la-canonja\/#breadcrumb","itemListElement":[{"@type":"ListItem","position":1,"name":"Tienda de libros infantiles de arte","item":"https:\/\/editorialmediterrania.com\/es\/tienda-de-libros-infantiles-arte\/"},{"@type":"ListItem","position":2,"name":"Petita hist\u00f2ria de La Canonja"}]},{"@type":"WebSite","@id":"https:\/\/editorialmediterrania.com\/es\/#website","url":"https:\/\/editorialmediterrania.com\/es\/","name":"Editorial Mediterrania","description":"Llibres que t\u2019obriran nous mons","publisher":{"@id":"https:\/\/editorialmediterrania.com\/es\/#organization"},"alternateName":"Llibres infantils d'art, cultura i natura","potentialAction":[{"@type":"SearchAction","target":{"@type":"EntryPoint","urlTemplate":"https:\/\/editorialmediterrania.com\/es\/?s={search_term_string}"},"query-input":"required name=search_term_string"}],"inLanguage":"es"},{"@type":"Organization","@id":"https:\/\/editorialmediterrania.com\/es\/#organization","name":"Editorial Mediterrania","alternateName":"Llibres d'art, cultura i natura per infants i fam\u00edlies","url":"https:\/\/editorialmediterrania.com\/es\/","logo":{"@type":"ImageObject","inLanguage":"es","@id":"https:\/\/editorialmediterrania.com\/es\/#\/schema\/logo\/image\/","url":"https:\/\/editorialmediterrania.com\/wp-content\/uploads\/2023\/03\/LOGO-ED_MEDITERRANIA_OK-2.png","contentUrl":"https:\/\/editorialmediterrania.com\/wp-content\/uploads\/2023\/03\/LOGO-ED_MEDITERRANIA_OK-2.png","width":1200,"height":300,"caption":"Editorial Mediterrania"},"image":{"@id":"https:\/\/editorialmediterrania.com\/es\/#\/schema\/logo\/image\/"},"sameAs":["https:\/\/x.com\/edmediterrania","https:\/\/www.instagram.com\/editorialmediterrania\/"]}]}},"_links":{"self":[{"href":"https:\/\/editorialmediterrania.com\/es\/wp-json\/wp\/v2\/product\/23723","targetHints":{"allow":["GET"]}}],"collection":[{"href":"https:\/\/editorialmediterrania.com\/es\/wp-json\/wp\/v2\/product"}],"about":[{"href":"https:\/\/editorialmediterrania.com\/es\/wp-json\/wp\/v2\/types\/product"}],"wp:featuredmedia":[{"embeddable":true,"href":"https:\/\/editorialmediterrania.com\/es\/wp-json\/wp\/v2\/media\/23722"}],"wp:attachment":[{"href":"https:\/\/editorialmediterrania.com\/es\/wp-json\/wp\/v2\/media?parent=23723"}],"wp:term":[{"taxonomy":"product_cat","embeddable":true,"href":"https:\/\/editorialmediterrania.com\/es\/wp-json\/wp\/v2\/product_cat?post=23723"},{"taxonomy":"product_tag","embeddable":true,"href":"https:\/\/editorialmediterrania.com\/es\/wp-json\/wp\/v2\/product_tag?post=23723"},{"taxonomy":"autors","embeddable":true,"href":"https:\/\/editorialmediterrania.com\/es\/wp-json\/wp\/v2\/autors?post=23723"}],"curies":[{"name":"wp","href":"https:\/\/api.w.org\/{rel}","templated":true}]}}