{"id":2375,"date":"2013-01-08T12:53:15","date_gmt":"2013-01-08T11:53:15","guid":{"rendered":"http:\/\/mediterrania.adgency.es\/product\/producto\/pau-casals-i-joaquim-pena-2-2\/"},"modified":"2015-11-06T00:25:07","modified_gmt":"2015-11-05T23:25:07","slug":"pau-casals-i-joaquim-pena-2","status":"publish","type":"product","link":"https:\/\/editorialmediterrania.com\/es\/producto\/pau-casals-i-joaquim-pena-2\/","title":{"rendered":"Pau Casals i Joaquim Pena. Passi\u00f3 per la m\u00fasica i pel pa\u00eds. Correspond\u00e8ncia"},"content":{"rendered":"<div style=\"text-align: justify;\">Este epistolario entre Pau Casals y Joaquim Pena empieza en julio de 1920 y termina a finales de 1940.<\/div>\n<div style=\"text-align: justify;\">Estas fechas son la cara y la cruz de la m\u00fasica del pa\u00eds: el inicio efectivo de una revitalizaci\u00f3n cultural que fue capaz de poner Barcelona en la primera l\u00ednea de inter\u00e9s en todo el mundo, y el declive que, desde 1939, derroch\u00f3 todo el esfuerzo de unas d\u00e9cadas que se hab\u00edan propuesto normalizar y europeizar la m\u00fasica catalana.<\/div>\n<div><\/div>\n<div>Este libro tambi\u00e9n est\u00e1 disponible en formato ebook o libro electr\u00f3nico que podr\u00e1s encontrar en la web de nuestro distribuidor digital\u00a0<a href=\"http:\/\/www.zonaebooks.com\/Inicio\">Zonaebooks<\/a>.<\/div>\n","protected":false},"excerpt":{"rendered":"<p>Este epistolario entre Pau Casals y Joaquim Pena empieza en julio de 1920 y termina a finales de 1940. Estas fechas son la cara y la cruz de la m\u00fasica del pa\u00eds: el inicio efectivo de una revitalizaci\u00f3n cultural que fue capaz de poner Barcelona en la primera l\u00ednea de inter\u00e9s en todo el mundo, [&hellip;]<\/p>\n","protected":false},"featured_media":21180,"template":"","meta":[],"product_cat":[3350,25],"product_tag":[],"autors":[],"class_list":{"0":"post-2375","1":"product","2":"type-product","3":"status-publish","4":"has-post-thumbnail","6":"product_cat-mediterrania-productes","7":"product_cat-ensayo-adulto","9":"first","10":"instock","11":"purchasable","12":"product-type-simple","swatches":"rey-swatches","show_selected":""},"acf":[],"yoast_head":"<!-- This site is optimized with the Yoast SEO plugin v22.8 - https:\/\/yoast.com\/wordpress\/plugins\/seo\/ -->\n<title>Pau Casals i Joaquim Pena - Editorial Mediterrania<\/title>\n<meta name=\"description\" content=\"Este epistolario entre Pau Casals y Joaquim Pena empieza en julio de 1920 y termina a finales de 1940.\" \/>\n<meta name=\"robots\" content=\"index, follow, max-snippet:-1, max-image-preview:large, max-video-preview:-1\" \/>\n<link rel=\"canonical\" href=\"https:\/\/editorialmediterrania.com\/es\/producto\/pau-casals-i-joaquim-pena-2\/\" \/>\n<meta property=\"og:locale\" content=\"es_ES\" \/>\n<meta property=\"og:type\" content=\"article\" \/>\n<meta property=\"og:title\" content=\"Pau Casals i Joaquim Pena - Editorial Mediterrania\" \/>\n<meta property=\"og:description\" content=\"Este epistolario entre Pau Casals y Joaquim Pena empieza en julio de 1920 y termina a finales de 1940.\" \/>\n<meta property=\"og:url\" content=\"https:\/\/editorialmediterrania.com\/es\/producto\/pau-casals-i-joaquim-pena-2\/\" \/>\n<meta property=\"og:site_name\" content=\"Editorial Mediterr\u00e0nia\" \/>\n<meta property=\"article:modified_time\" content=\"2015-11-05T23:25:07+00:00\" \/>\n<meta property=\"og:image\" content=\"https:\/\/editorialmediterrania.com\/wp-content\/uploads\/2013\/01\/Pau-Casals-i-Joaquim-Pena-correspondencia.jpg\" \/>\n\t<meta property=\"og:image:width\" content=\"600\" \/>\n\t<meta property=\"og:image:height\" content=\"837\" \/>\n\t<meta property=\"og:image:type\" content=\"image\/jpeg\" \/>\n<meta name=\"twitter:card\" content=\"summary_large_image\" \/>\n<meta name=\"twitter:site\" content=\"@edmediterrania\" \/>\n<meta name=\"twitter:label1\" content=\"Tiempo de lectura\" \/>\n\t<meta name=\"twitter:data1\" content=\"1 minuto\" \/>\n<script type=\"application\/ld+json\" class=\"yoast-schema-graph\">{\"@context\":\"https:\/\/schema.org\",\"@graph\":[{\"@type\":\"WebPage\",\"@id\":\"https:\/\/editorialmediterrania.com\/es\/producto\/pau-casals-i-joaquim-pena-2\/\",\"url\":\"https:\/\/editorialmediterrania.com\/es\/producto\/pau-casals-i-joaquim-pena-2\/\",\"name\":\"Pau Casals i Joaquim Pena - Editorial Mediterrania\",\"isPartOf\":{\"@id\":\"https:\/\/editorialmediterrania.com\/es\/#website\"},\"primaryImageOfPage\":{\"@id\":\"https:\/\/editorialmediterrania.com\/es\/producto\/pau-casals-i-joaquim-pena-2\/#primaryimage\"},\"image\":{\"@id\":\"https:\/\/editorialmediterrania.com\/es\/producto\/pau-casals-i-joaquim-pena-2\/#primaryimage\"},\"thumbnailUrl\":\"https:\/\/editorialmediterrania.com\/wp-content\/uploads\/2013\/01\/Pau-Casals-i-Joaquim-Pena-correspondencia.jpg\",\"datePublished\":\"2013-01-08T11:53:15+00:00\",\"dateModified\":\"2015-11-05T23:25:07+00:00\",\"description\":\"Este epistolario entre Pau Casals y Joaquim Pena empieza en julio de 1920 y termina a finales de 1940.\",\"breadcrumb\":{\"@id\":\"https:\/\/editorialmediterrania.com\/es\/producto\/pau-casals-i-joaquim-pena-2\/#breadcrumb\"},\"inLanguage\":\"es\",\"potentialAction\":[{\"@type\":\"ReadAction\",\"target\":[\"https:\/\/editorialmediterrania.com\/es\/producto\/pau-casals-i-joaquim-pena-2\/\"]}]},{\"@type\":\"ImageObject\",\"inLanguage\":\"es\",\"@id\":\"https:\/\/editorialmediterrania.com\/es\/producto\/pau-casals-i-joaquim-pena-2\/#primaryimage\",\"url\":\"https:\/\/editorialmediterrania.com\/wp-content\/uploads\/2013\/01\/Pau-Casals-i-Joaquim-Pena-correspondencia.jpg\",\"contentUrl\":\"https:\/\/editorialmediterrania.com\/wp-content\/uploads\/2013\/01\/Pau-Casals-i-Joaquim-Pena-correspondencia.jpg\",\"width\":600,\"height\":837},{\"@type\":\"BreadcrumbList\",\"@id\":\"https:\/\/editorialmediterrania.com\/es\/producto\/pau-casals-i-joaquim-pena-2\/#breadcrumb\",\"itemListElement\":[{\"@type\":\"ListItem\",\"position\":1,\"name\":\"Tienda de libros infantiles de arte\",\"item\":\"https:\/\/editorialmediterrania.com\/es\/tienda-de-libros-infantiles-arte\/\"},{\"@type\":\"ListItem\",\"position\":2,\"name\":\"Pau Casals i Joaquim Pena. Passi\u00f3 per la m\u00fasica i pel pa\u00eds. Correspond\u00e8ncia\"}]},{\"@type\":\"WebSite\",\"@id\":\"https:\/\/editorialmediterrania.com\/es\/#website\",\"url\":\"https:\/\/editorialmediterrania.com\/es\/\",\"name\":\"Editorial Mediterrania\",\"description\":\"Llibres que t\u2019obriran nous mons\",\"publisher\":{\"@id\":\"https:\/\/editorialmediterrania.com\/es\/#organization\"},\"alternateName\":\"Llibres infantils d'art, cultura i natura\",\"potentialAction\":[{\"@type\":\"SearchAction\",\"target\":{\"@type\":\"EntryPoint\",\"urlTemplate\":\"https:\/\/editorialmediterrania.com\/es\/?s={search_term_string}\"},\"query-input\":\"required name=search_term_string\"}],\"inLanguage\":\"es\"},{\"@type\":\"Organization\",\"@id\":\"https:\/\/editorialmediterrania.com\/es\/#organization\",\"name\":\"Editorial Mediterrania\",\"alternateName\":\"Llibres d'art, cultura i natura per infants i fam\u00edlies\",\"url\":\"https:\/\/editorialmediterrania.com\/es\/\",\"logo\":{\"@type\":\"ImageObject\",\"inLanguage\":\"es\",\"@id\":\"https:\/\/editorialmediterrania.com\/es\/#\/schema\/logo\/image\/\",\"url\":\"https:\/\/editorialmediterrania.com\/wp-content\/uploads\/2023\/03\/LOGO-ED_MEDITERRANIA_OK-2.png\",\"contentUrl\":\"https:\/\/editorialmediterrania.com\/wp-content\/uploads\/2023\/03\/LOGO-ED_MEDITERRANIA_OK-2.png\",\"width\":1200,\"height\":300,\"caption\":\"Editorial Mediterrania\"},\"image\":{\"@id\":\"https:\/\/editorialmediterrania.com\/es\/#\/schema\/logo\/image\/\"},\"sameAs\":[\"https:\/\/x.com\/edmediterrania\",\"https:\/\/www.instagram.com\/editorialmediterrania\/\"]}]}<\/script>\n<!-- \/ Yoast SEO plugin. -->","yoast_head_json":{"title":"Pau Casals i Joaquim Pena - Editorial Mediterrania","description":"Este epistolario entre Pau Casals y Joaquim Pena empieza en julio de 1920 y termina a finales de 1940.","robots":{"index":"index","follow":"follow","max-snippet":"max-snippet:-1","max-image-preview":"max-image-preview:large","max-video-preview":"max-video-preview:-1"},"canonical":"https:\/\/editorialmediterrania.com\/es\/producto\/pau-casals-i-joaquim-pena-2\/","og_locale":"es_ES","og_type":"article","og_title":"Pau Casals i Joaquim Pena - Editorial Mediterrania","og_description":"Este epistolario entre Pau Casals y Joaquim Pena empieza en julio de 1920 y termina a finales de 1940.","og_url":"https:\/\/editorialmediterrania.com\/es\/producto\/pau-casals-i-joaquim-pena-2\/","og_site_name":"Editorial Mediterr\u00e0nia","article_modified_time":"2015-11-05T23:25:07+00:00","og_image":[{"width":600,"height":837,"url":"https:\/\/editorialmediterrania.com\/wp-content\/uploads\/2013\/01\/Pau-Casals-i-Joaquim-Pena-correspondencia.jpg","type":"image\/jpeg"}],"twitter_card":"summary_large_image","twitter_site":"@edmediterrania","twitter_misc":{"Tiempo de lectura":"1 minuto"},"schema":{"@context":"https:\/\/schema.org","@graph":[{"@type":"WebPage","@id":"https:\/\/editorialmediterrania.com\/es\/producto\/pau-casals-i-joaquim-pena-2\/","url":"https:\/\/editorialmediterrania.com\/es\/producto\/pau-casals-i-joaquim-pena-2\/","name":"Pau Casals i Joaquim Pena - Editorial Mediterrania","isPartOf":{"@id":"https:\/\/editorialmediterrania.com\/es\/#website"},"primaryImageOfPage":{"@id":"https:\/\/editorialmediterrania.com\/es\/producto\/pau-casals-i-joaquim-pena-2\/#primaryimage"},"image":{"@id":"https:\/\/editorialmediterrania.com\/es\/producto\/pau-casals-i-joaquim-pena-2\/#primaryimage"},"thumbnailUrl":"https:\/\/editorialmediterrania.com\/wp-content\/uploads\/2013\/01\/Pau-Casals-i-Joaquim-Pena-correspondencia.jpg","datePublished":"2013-01-08T11:53:15+00:00","dateModified":"2015-11-05T23:25:07+00:00","description":"Este epistolario entre Pau Casals y Joaquim Pena empieza en julio de 1920 y termina a finales de 1940.","breadcrumb":{"@id":"https:\/\/editorialmediterrania.com\/es\/producto\/pau-casals-i-joaquim-pena-2\/#breadcrumb"},"inLanguage":"es","potentialAction":[{"@type":"ReadAction","target":["https:\/\/editorialmediterrania.com\/es\/producto\/pau-casals-i-joaquim-pena-2\/"]}]},{"@type":"ImageObject","inLanguage":"es","@id":"https:\/\/editorialmediterrania.com\/es\/producto\/pau-casals-i-joaquim-pena-2\/#primaryimage","url":"https:\/\/editorialmediterrania.com\/wp-content\/uploads\/2013\/01\/Pau-Casals-i-Joaquim-Pena-correspondencia.jpg","contentUrl":"https:\/\/editorialmediterrania.com\/wp-content\/uploads\/2013\/01\/Pau-Casals-i-Joaquim-Pena-correspondencia.jpg","width":600,"height":837},{"@type":"BreadcrumbList","@id":"https:\/\/editorialmediterrania.com\/es\/producto\/pau-casals-i-joaquim-pena-2\/#breadcrumb","itemListElement":[{"@type":"ListItem","position":1,"name":"Tienda de libros infantiles de arte","item":"https:\/\/editorialmediterrania.com\/es\/tienda-de-libros-infantiles-arte\/"},{"@type":"ListItem","position":2,"name":"Pau Casals i Joaquim Pena. Passi\u00f3 per la m\u00fasica i pel pa\u00eds. Correspond\u00e8ncia"}]},{"@type":"WebSite","@id":"https:\/\/editorialmediterrania.com\/es\/#website","url":"https:\/\/editorialmediterrania.com\/es\/","name":"Editorial Mediterrania","description":"Llibres que t\u2019obriran nous mons","publisher":{"@id":"https:\/\/editorialmediterrania.com\/es\/#organization"},"alternateName":"Llibres infantils d'art, cultura i natura","potentialAction":[{"@type":"SearchAction","target":{"@type":"EntryPoint","urlTemplate":"https:\/\/editorialmediterrania.com\/es\/?s={search_term_string}"},"query-input":"required name=search_term_string"}],"inLanguage":"es"},{"@type":"Organization","@id":"https:\/\/editorialmediterrania.com\/es\/#organization","name":"Editorial Mediterrania","alternateName":"Llibres d'art, cultura i natura per infants i fam\u00edlies","url":"https:\/\/editorialmediterrania.com\/es\/","logo":{"@type":"ImageObject","inLanguage":"es","@id":"https:\/\/editorialmediterrania.com\/es\/#\/schema\/logo\/image\/","url":"https:\/\/editorialmediterrania.com\/wp-content\/uploads\/2023\/03\/LOGO-ED_MEDITERRANIA_OK-2.png","contentUrl":"https:\/\/editorialmediterrania.com\/wp-content\/uploads\/2023\/03\/LOGO-ED_MEDITERRANIA_OK-2.png","width":1200,"height":300,"caption":"Editorial Mediterrania"},"image":{"@id":"https:\/\/editorialmediterrania.com\/es\/#\/schema\/logo\/image\/"},"sameAs":["https:\/\/x.com\/edmediterrania","https:\/\/www.instagram.com\/editorialmediterrania\/"]}]}},"_links":{"self":[{"href":"https:\/\/editorialmediterrania.com\/es\/wp-json\/wp\/v2\/product\/2375","targetHints":{"allow":["GET"]}}],"collection":[{"href":"https:\/\/editorialmediterrania.com\/es\/wp-json\/wp\/v2\/product"}],"about":[{"href":"https:\/\/editorialmediterrania.com\/es\/wp-json\/wp\/v2\/types\/product"}],"wp:featuredmedia":[{"embeddable":true,"href":"https:\/\/editorialmediterrania.com\/es\/wp-json\/wp\/v2\/media\/21180"}],"wp:attachment":[{"href":"https:\/\/editorialmediterrania.com\/es\/wp-json\/wp\/v2\/media?parent=2375"}],"wp:term":[{"taxonomy":"product_cat","embeddable":true,"href":"https:\/\/editorialmediterrania.com\/es\/wp-json\/wp\/v2\/product_cat?post=2375"},{"taxonomy":"product_tag","embeddable":true,"href":"https:\/\/editorialmediterrania.com\/es\/wp-json\/wp\/v2\/product_tag?post=2375"},{"taxonomy":"autors","embeddable":true,"href":"https:\/\/editorialmediterrania.com\/es\/wp-json\/wp\/v2\/autors?post=2375"}],"curies":[{"name":"wp","href":"https:\/\/api.w.org\/{rel}","templated":true}]}}