{"id":23808,"date":"2015-09-22T16:28:18","date_gmt":"2015-09-22T14:28:18","guid":{"rendered":"http:\/\/www.barcelonalab.com\/~editorialmediter\/product\/petita-historia-de-la-festa-major-de-sitges-2\/"},"modified":"2023-05-22T12:49:21","modified_gmt":"2023-05-22T10:49:21","slug":"petita-historia-de-la-festa-major-de-sitges","status":"publish","type":"product","link":"https:\/\/editorialmediterrania.com\/es\/producto\/petita-historia-de-la-festa-major-de-sitges\/","title":{"rendered":"Petita Hist\u00f2ria de la Festa Major de Sitges"},"content":{"rendered":"<p style=\"text-align: justify;\">Aquest llibre infantil dirigit als nens i nenes d\u2019entre 8 i 12 anys els explica la hist\u00f2ria de la Festa Major de Sitges, declarada d\u2019inter\u00e8s nacional per la Generalitat de Catalunya. Amb textos de Joan Duran i Ferrer i il\u00b7lustracions a tot color de Pilar\u00edn Bay\u00e9s.<\/p>\n<p>La col\u00b7lecci\u00f3 de llibres infantils\u00a0<a href=\"http:\/\/localhost:8888\/mediterrania\/\/coleccions\/infantil-juvenil-i-families\/col-leccions\/petites-histories\/\">Petites hist\u00f2ries<\/a>\u00a0compta amb m\u00e9s de 330 t\u00edtols diferents, tots ells il\u00b7lustrats per Pilar\u00edn Bay\u00e9s. Gr\u00e0cies a aquesta col\u00b7lecci\u00f3, els nens i nenes de diverses generacions han pogut con\u00e8ixer els artistes, tradicions i indrets m\u00e9s destacats del nostre pa\u00eds, de manera divertida i amena.<\/p>\n","protected":false},"excerpt":{"rendered":"<p>Aquest llibre infantil dirigit als nens i nenes d\u2019entre 8 i 12 anys els explica la hist\u00f2ria de la Festa Major de Sitges, declarada d\u2019inter\u00e8s nacional per la Generalitat de Catalunya. Amb textos de Joan Duran i Ferrer i il\u00b7lustracions a tot color de Pilar\u00edn Bay\u00e9s. La col\u00b7lecci\u00f3 de llibres infantils\u00a0Petites hist\u00f2ries\u00a0compta amb m\u00e9s de [&hellip;]<\/p>\n","protected":false},"featured_media":41313,"template":"","meta":[],"product_cat":[30,103],"product_tag":[6064,6032,6018,393,6000,6139,396],"autors":[],"class_list":{"0":"post-23808","1":"product","2":"type-product","3":"status-publish","4":"has-post-thumbnail","6":"product_cat-editorial-mediterrania","7":"product_cat-pequenas-historias","8":"product_tag-conte-infantil-es","9":"product_tag-contes-il-lustrats-es","10":"product_tag-contes-per-nens-es","11":"product_tag-libro-infantil-es","12":"product_tag-llibre-per-nens-es","13":"product_tag-llibres-infantils-il-lustrats-es","14":"product_tag-pilarin-bayes-es","16":"first","17":"outofstock","18":"purchasable","19":"product-type-simple","swatches":"rey-swatches","show_selected":""},"acf":[],"yoast_head":"<!-- This site is optimized with the Yoast SEO plugin v22.8 - https:\/\/yoast.com\/wordpress\/plugins\/seo\/ -->\n<title>Petita Hist\u00f2ria de la Festa Major de Sitges - Editorial Mediterr\u00e0nia<\/title>\n<meta name=\"description\" content=\"Aquest llibre infantil dirigit als nens i nenes d\u2019entre 8 i 12 anys els explica la hist\u00f2ria de la Festa Major de Sitges. Amb textos de Joan Duran i Ferrer i il\u00b7lustracions a tot color de Pilar\u00edn Bay\u00e9s.\" \/>\n<meta name=\"robots\" content=\"index, follow, max-snippet:-1, max-image-preview:large, max-video-preview:-1\" \/>\n<link rel=\"canonical\" href=\"https:\/\/editorialmediterrania.com\/es\/producto\/petita-historia-de-la-festa-major-de-sitges\/\" \/>\n<meta property=\"og:locale\" content=\"es_ES\" \/>\n<meta property=\"og:type\" content=\"article\" \/>\n<meta property=\"og:title\" content=\"Petita Hist\u00f2ria de la Festa Major de Sitges - Editorial Mediterr\u00e0nia\" \/>\n<meta property=\"og:description\" content=\"Aquest llibre infantil dirigit als nens i nenes d\u2019entre 8 i 12 anys els explica la hist\u00f2ria de la Festa Major de Sitges. Amb textos de Joan Duran i Ferrer i il\u00b7lustracions a tot color de Pilar\u00edn Bay\u00e9s.\" \/>\n<meta property=\"og:url\" content=\"https:\/\/editorialmediterrania.com\/es\/producto\/petita-historia-de-la-festa-major-de-sitges\/\" \/>\n<meta property=\"og:site_name\" content=\"Editorial Mediterr\u00e0nia\" \/>\n<meta property=\"article:modified_time\" content=\"2023-05-22T10:49:21+00:00\" \/>\n<meta property=\"og:image\" content=\"https:\/\/editorialmediterrania.com\/wp-content\/uploads\/2015\/09\/festa_major_stiges_ph.jpeg\" \/>\n\t<meta property=\"og:image:width\" content=\"472\" \/>\n\t<meta property=\"og:image:height\" content=\"550\" \/>\n\t<meta property=\"og:image:type\" content=\"image\/jpeg\" \/>\n<meta name=\"twitter:card\" content=\"summary_large_image\" \/>\n<meta name=\"twitter:site\" content=\"@edmediterrania\" \/>\n<meta name=\"twitter:label1\" content=\"Tiempo de lectura\" \/>\n\t<meta name=\"twitter:data1\" content=\"1 minuto\" \/>\n<script type=\"application\/ld+json\" class=\"yoast-schema-graph\">{\"@context\":\"https:\/\/schema.org\",\"@graph\":[{\"@type\":\"WebPage\",\"@id\":\"https:\/\/editorialmediterrania.com\/es\/producto\/petita-historia-de-la-festa-major-de-sitges\/\",\"url\":\"https:\/\/editorialmediterrania.com\/es\/producto\/petita-historia-de-la-festa-major-de-sitges\/\",\"name\":\"Petita Hist\u00f2ria de la Festa Major de Sitges - Editorial Mediterr\u00e0nia\",\"isPartOf\":{\"@id\":\"https:\/\/editorialmediterrania.com\/es\/#website\"},\"primaryImageOfPage\":{\"@id\":\"https:\/\/editorialmediterrania.com\/es\/producto\/petita-historia-de-la-festa-major-de-sitges\/#primaryimage\"},\"image\":{\"@id\":\"https:\/\/editorialmediterrania.com\/es\/producto\/petita-historia-de-la-festa-major-de-sitges\/#primaryimage\"},\"thumbnailUrl\":\"https:\/\/editorialmediterrania.com\/wp-content\/uploads\/2015\/09\/festa_major_stiges_ph.jpeg\",\"datePublished\":\"2015-09-22T14:28:18+00:00\",\"dateModified\":\"2023-05-22T10:49:21+00:00\",\"description\":\"Aquest llibre infantil dirigit als nens i nenes d\u2019entre 8 i 12 anys els explica la hist\u00f2ria de la Festa Major de Sitges. Amb textos de Joan Duran i Ferrer i il\u00b7lustracions a tot color de Pilar\u00edn Bay\u00e9s.\",\"breadcrumb\":{\"@id\":\"https:\/\/editorialmediterrania.com\/es\/producto\/petita-historia-de-la-festa-major-de-sitges\/#breadcrumb\"},\"inLanguage\":\"es\",\"potentialAction\":[{\"@type\":\"ReadAction\",\"target\":[\"https:\/\/editorialmediterrania.com\/es\/producto\/petita-historia-de-la-festa-major-de-sitges\/\"]}]},{\"@type\":\"ImageObject\",\"inLanguage\":\"es\",\"@id\":\"https:\/\/editorialmediterrania.com\/es\/producto\/petita-historia-de-la-festa-major-de-sitges\/#primaryimage\",\"url\":\"https:\/\/editorialmediterrania.com\/wp-content\/uploads\/2015\/09\/festa_major_stiges_ph.jpeg\",\"contentUrl\":\"https:\/\/editorialmediterrania.com\/wp-content\/uploads\/2015\/09\/festa_major_stiges_ph.jpeg\",\"width\":472,\"height\":550},{\"@type\":\"BreadcrumbList\",\"@id\":\"https:\/\/editorialmediterrania.com\/es\/producto\/petita-historia-de-la-festa-major-de-sitges\/#breadcrumb\",\"itemListElement\":[{\"@type\":\"ListItem\",\"position\":1,\"name\":\"Tienda de libros infantiles de arte\",\"item\":\"https:\/\/editorialmediterrania.com\/es\/tienda-de-libros-infantiles-arte\/\"},{\"@type\":\"ListItem\",\"position\":2,\"name\":\"Petita Hist\u00f2ria de la Festa Major de Sitges\"}]},{\"@type\":\"WebSite\",\"@id\":\"https:\/\/editorialmediterrania.com\/es\/#website\",\"url\":\"https:\/\/editorialmediterrania.com\/es\/\",\"name\":\"Editorial Mediterrania\",\"description\":\"Llibres que t\u2019obriran nous mons\",\"publisher\":{\"@id\":\"https:\/\/editorialmediterrania.com\/es\/#organization\"},\"alternateName\":\"Llibres infantils d'art, cultura i natura\",\"potentialAction\":[{\"@type\":\"SearchAction\",\"target\":{\"@type\":\"EntryPoint\",\"urlTemplate\":\"https:\/\/editorialmediterrania.com\/es\/?s={search_term_string}\"},\"query-input\":\"required name=search_term_string\"}],\"inLanguage\":\"es\"},{\"@type\":\"Organization\",\"@id\":\"https:\/\/editorialmediterrania.com\/es\/#organization\",\"name\":\"Editorial Mediterrania\",\"alternateName\":\"Llibres d'art, cultura i natura per infants i fam\u00edlies\",\"url\":\"https:\/\/editorialmediterrania.com\/es\/\",\"logo\":{\"@type\":\"ImageObject\",\"inLanguage\":\"es\",\"@id\":\"https:\/\/editorialmediterrania.com\/es\/#\/schema\/logo\/image\/\",\"url\":\"https:\/\/editorialmediterrania.com\/wp-content\/uploads\/2023\/03\/LOGO-ED_MEDITERRANIA_OK-2.png\",\"contentUrl\":\"https:\/\/editorialmediterrania.com\/wp-content\/uploads\/2023\/03\/LOGO-ED_MEDITERRANIA_OK-2.png\",\"width\":1200,\"height\":300,\"caption\":\"Editorial Mediterrania\"},\"image\":{\"@id\":\"https:\/\/editorialmediterrania.com\/es\/#\/schema\/logo\/image\/\"},\"sameAs\":[\"https:\/\/x.com\/edmediterrania\",\"https:\/\/www.instagram.com\/editorialmediterrania\/\"]}]}<\/script>\n<!-- \/ Yoast SEO plugin. -->","yoast_head_json":{"title":"Petita Hist\u00f2ria de la Festa Major de Sitges - Editorial Mediterr\u00e0nia","description":"Aquest llibre infantil dirigit als nens i nenes d\u2019entre 8 i 12 anys els explica la hist\u00f2ria de la Festa Major de Sitges. Amb textos de Joan Duran i Ferrer i il\u00b7lustracions a tot color de Pilar\u00edn Bay\u00e9s.","robots":{"index":"index","follow":"follow","max-snippet":"max-snippet:-1","max-image-preview":"max-image-preview:large","max-video-preview":"max-video-preview:-1"},"canonical":"https:\/\/editorialmediterrania.com\/es\/producto\/petita-historia-de-la-festa-major-de-sitges\/","og_locale":"es_ES","og_type":"article","og_title":"Petita Hist\u00f2ria de la Festa Major de Sitges - Editorial Mediterr\u00e0nia","og_description":"Aquest llibre infantil dirigit als nens i nenes d\u2019entre 8 i 12 anys els explica la hist\u00f2ria de la Festa Major de Sitges. Amb textos de Joan Duran i Ferrer i il\u00b7lustracions a tot color de Pilar\u00edn Bay\u00e9s.","og_url":"https:\/\/editorialmediterrania.com\/es\/producto\/petita-historia-de-la-festa-major-de-sitges\/","og_site_name":"Editorial Mediterr\u00e0nia","article_modified_time":"2023-05-22T10:49:21+00:00","og_image":[{"width":472,"height":550,"url":"https:\/\/editorialmediterrania.com\/wp-content\/uploads\/2015\/09\/festa_major_stiges_ph.jpeg","type":"image\/jpeg"}],"twitter_card":"summary_large_image","twitter_site":"@edmediterrania","twitter_misc":{"Tiempo de lectura":"1 minuto"},"schema":{"@context":"https:\/\/schema.org","@graph":[{"@type":"WebPage","@id":"https:\/\/editorialmediterrania.com\/es\/producto\/petita-historia-de-la-festa-major-de-sitges\/","url":"https:\/\/editorialmediterrania.com\/es\/producto\/petita-historia-de-la-festa-major-de-sitges\/","name":"Petita Hist\u00f2ria de la Festa Major de Sitges - Editorial Mediterr\u00e0nia","isPartOf":{"@id":"https:\/\/editorialmediterrania.com\/es\/#website"},"primaryImageOfPage":{"@id":"https:\/\/editorialmediterrania.com\/es\/producto\/petita-historia-de-la-festa-major-de-sitges\/#primaryimage"},"image":{"@id":"https:\/\/editorialmediterrania.com\/es\/producto\/petita-historia-de-la-festa-major-de-sitges\/#primaryimage"},"thumbnailUrl":"https:\/\/editorialmediterrania.com\/wp-content\/uploads\/2015\/09\/festa_major_stiges_ph.jpeg","datePublished":"2015-09-22T14:28:18+00:00","dateModified":"2023-05-22T10:49:21+00:00","description":"Aquest llibre infantil dirigit als nens i nenes d\u2019entre 8 i 12 anys els explica la hist\u00f2ria de la Festa Major de Sitges. Amb textos de Joan Duran i Ferrer i il\u00b7lustracions a tot color de Pilar\u00edn Bay\u00e9s.","breadcrumb":{"@id":"https:\/\/editorialmediterrania.com\/es\/producto\/petita-historia-de-la-festa-major-de-sitges\/#breadcrumb"},"inLanguage":"es","potentialAction":[{"@type":"ReadAction","target":["https:\/\/editorialmediterrania.com\/es\/producto\/petita-historia-de-la-festa-major-de-sitges\/"]}]},{"@type":"ImageObject","inLanguage":"es","@id":"https:\/\/editorialmediterrania.com\/es\/producto\/petita-historia-de-la-festa-major-de-sitges\/#primaryimage","url":"https:\/\/editorialmediterrania.com\/wp-content\/uploads\/2015\/09\/festa_major_stiges_ph.jpeg","contentUrl":"https:\/\/editorialmediterrania.com\/wp-content\/uploads\/2015\/09\/festa_major_stiges_ph.jpeg","width":472,"height":550},{"@type":"BreadcrumbList","@id":"https:\/\/editorialmediterrania.com\/es\/producto\/petita-historia-de-la-festa-major-de-sitges\/#breadcrumb","itemListElement":[{"@type":"ListItem","position":1,"name":"Tienda de libros infantiles de arte","item":"https:\/\/editorialmediterrania.com\/es\/tienda-de-libros-infantiles-arte\/"},{"@type":"ListItem","position":2,"name":"Petita Hist\u00f2ria de la Festa Major de Sitges"}]},{"@type":"WebSite","@id":"https:\/\/editorialmediterrania.com\/es\/#website","url":"https:\/\/editorialmediterrania.com\/es\/","name":"Editorial Mediterrania","description":"Llibres que t\u2019obriran nous mons","publisher":{"@id":"https:\/\/editorialmediterrania.com\/es\/#organization"},"alternateName":"Llibres infantils d'art, cultura i natura","potentialAction":[{"@type":"SearchAction","target":{"@type":"EntryPoint","urlTemplate":"https:\/\/editorialmediterrania.com\/es\/?s={search_term_string}"},"query-input":"required name=search_term_string"}],"inLanguage":"es"},{"@type":"Organization","@id":"https:\/\/editorialmediterrania.com\/es\/#organization","name":"Editorial Mediterrania","alternateName":"Llibres d'art, cultura i natura per infants i fam\u00edlies","url":"https:\/\/editorialmediterrania.com\/es\/","logo":{"@type":"ImageObject","inLanguage":"es","@id":"https:\/\/editorialmediterrania.com\/es\/#\/schema\/logo\/image\/","url":"https:\/\/editorialmediterrania.com\/wp-content\/uploads\/2023\/03\/LOGO-ED_MEDITERRANIA_OK-2.png","contentUrl":"https:\/\/editorialmediterrania.com\/wp-content\/uploads\/2023\/03\/LOGO-ED_MEDITERRANIA_OK-2.png","width":1200,"height":300,"caption":"Editorial Mediterrania"},"image":{"@id":"https:\/\/editorialmediterrania.com\/es\/#\/schema\/logo\/image\/"},"sameAs":["https:\/\/x.com\/edmediterrania","https:\/\/www.instagram.com\/editorialmediterrania\/"]}]}},"_links":{"self":[{"href":"https:\/\/editorialmediterrania.com\/es\/wp-json\/wp\/v2\/product\/23808","targetHints":{"allow":["GET"]}}],"collection":[{"href":"https:\/\/editorialmediterrania.com\/es\/wp-json\/wp\/v2\/product"}],"about":[{"href":"https:\/\/editorialmediterrania.com\/es\/wp-json\/wp\/v2\/types\/product"}],"wp:featuredmedia":[{"embeddable":true,"href":"https:\/\/editorialmediterrania.com\/es\/wp-json\/wp\/v2\/media\/41313"}],"wp:attachment":[{"href":"https:\/\/editorialmediterrania.com\/es\/wp-json\/wp\/v2\/media?parent=23808"}],"wp:term":[{"taxonomy":"product_cat","embeddable":true,"href":"https:\/\/editorialmediterrania.com\/es\/wp-json\/wp\/v2\/product_cat?post=23808"},{"taxonomy":"product_tag","embeddable":true,"href":"https:\/\/editorialmediterrania.com\/es\/wp-json\/wp\/v2\/product_tag?post=23808"},{"taxonomy":"autors","embeddable":true,"href":"https:\/\/editorialmediterrania.com\/es\/wp-json\/wp\/v2\/autors?post=23808"}],"curies":[{"name":"wp","href":"https:\/\/api.w.org\/{rel}","templated":true}]}}