{"id":24096,"date":"2015-09-30T23:30:07","date_gmt":"2015-09-30T21:51:30","guid":{"rendered":"http:\/\/www.barcelonalab.com\/~editorialmediter\/?post_type=product&#038;p=24096"},"modified":"2020-05-27T12:57:54","modified_gmt":"2020-05-27T10:57:54","slug":"los-catorce-de-inaki","status":"publish","type":"product","link":"https:\/\/editorialmediterrania.com\/es\/producto\/los-catorce-de-inaki\/","title":{"rendered":"Los catorce de I\u00f1aki"},"content":{"rendered":"<p style=\"text-align: justify;\"><strong>5a edici\u00f3n<\/strong><\/p>\n<p style=\"text-align: justify;\">Tras la exitosa edici\u00f3n de <em>Bajo los cielos de Asia<\/em>, libro de corte autobiogr\u00e1fico de I\u00f1aki Ochoa de Olza, esta obra que refleja todos los detalles de la impresionante operaci\u00f3n con la que se intent\u00f3 salvar su vida en 2008. El t\u00edtulo, Los catorce de I\u00f1aki, se refiere tanto al n\u00famero de ascensiones a ochomiles que hab\u00eda conquistado el himalayista navarro como al de escaladores de renombre mundial que no ahorraron esfuerzos y sacrificios para rescatarle tras haber sufrido un derrame cerebral.<\/p>\n<p style=\"text-align: justify;\"><em>Los catorce de I\u00f1aki<\/em>, escrita por el periodista Jorge Nagore, amigo de I\u00f1aki e integrante del grupo que coordin\u00f3 desde Pamplona la operaci\u00f3n de rescate, cuenta la historia de esos cinco d\u00edas de mayo en los que se actu\u00f3 contra la l\u00f3gica y el destino. Es la cr\u00f3nica de una extraordinaria historia de solidaridad impulsada por el impacto que I\u00f1aki Ochoa de Olza caus\u00f3 en cuantos le conocieron durante una vida plena, feliz y propia por la que pele\u00f3 hasta el \u00faltimo instante.<\/p>\n<p>Este libro tambi\u00e9n est\u00e1 disponible en formato ebook o libro electr\u00f3nico que podr\u00e1s encontrar en las tiendas web de las librer\u00edas.<br \/>\n<a href=\"http:\/\/www.libelista.com\/los-catorce-de-inaki\">Te proponemos la compra en Libelista.<\/a><\/p>\n","protected":false},"excerpt":{"rendered":"<p>5a edici\u00f3n Tras la exitosa edici\u00f3n de Bajo los cielos de Asia, libro de corte autobiogr\u00e1fico de I\u00f1aki Ochoa de Olza, esta obra que refleja todos los detalles de la impresionante operaci\u00f3n con la que se intent\u00f3 salvar su vida en 2008. El t\u00edtulo, Los catorce de I\u00f1aki, se refiere tanto al n\u00famero de ascensiones [&hellip;]<\/p>\n","protected":false},"featured_media":40979,"template":"","meta":[],"product_cat":[3350,25],"product_tag":[],"autors":[],"class_list":{"0":"post-24096","1":"product","2":"type-product","3":"status-publish","4":"has-post-thumbnail","6":"product_cat-mediterrania-productes","7":"product_cat-ensayo-adulto","9":"first","10":"instock","11":"purchasable","12":"product-type-simple","swatches":"rey-swatches","show_selected":""},"acf":[],"yoast_head":"<!-- This site is optimized with the Yoast SEO plugin v22.8 - https:\/\/yoast.com\/wordpress\/plugins\/seo\/ -->\n<title>Los catorce de I\u00f1aki - Editorial Mediterr\u00e0nia<\/title>\n<meta name=\"description\" content=\"Descobreix un m\u00f3n de meravelles a trav\u00e9s dels llibres de la nostra editorial especialitzada en art, cultura i natura per a fam\u00edlies. Amb il\u00b7lustracions fascinants i hist\u00f2ries enriquidores, inspirem el descobriment i la curiositat en petits i grans, connectant-los amb el patrimoni cultural i el meravell\u00f3s m\u00f3n natural que ens envolta\" \/>\n<meta name=\"robots\" content=\"index, follow, max-snippet:-1, max-image-preview:large, max-video-preview:-1\" \/>\n<link rel=\"canonical\" href=\"https:\/\/editorialmediterrania.com\/es\/producto\/los-catorce-de-inaki\/\" \/>\n<meta property=\"og:locale\" content=\"es_ES\" \/>\n<meta property=\"og:type\" content=\"article\" \/>\n<meta property=\"og:title\" content=\"Los catorce de I\u00f1aki - Editorial Mediterr\u00e0nia\" \/>\n<meta property=\"og:description\" content=\"Descobreix un m\u00f3n de meravelles a trav\u00e9s dels llibres de la nostra editorial especialitzada en art, cultura i natura per a fam\u00edlies. Amb il\u00b7lustracions fascinants i hist\u00f2ries enriquidores, inspirem el descobriment i la curiositat en petits i grans, connectant-los amb el patrimoni cultural i el meravell\u00f3s m\u00f3n natural que ens envolta\" \/>\n<meta property=\"og:url\" content=\"https:\/\/editorialmediterrania.com\/es\/producto\/los-catorce-de-inaki\/\" \/>\n<meta property=\"og:site_name\" content=\"Editorial Mediterr\u00e0nia\" \/>\n<meta property=\"article:modified_time\" content=\"2020-05-27T10:57:54+00:00\" \/>\n<meta property=\"og:image\" content=\"https:\/\/editorialmediterrania.com\/wp-content\/uploads\/2015\/09\/00_CUBIERTA_e_Interior_Los-catorce-de-Inaki_5a-EDICION-1.jpg.webp\" \/>\n\t<meta property=\"og:image:width\" content=\"516\" \/>\n\t<meta property=\"og:image:height\" content=\"871\" \/>\n\t<meta property=\"og:image:type\" content=\"image\/webp\" \/>\n<meta name=\"twitter:card\" content=\"summary_large_image\" \/>\n<meta name=\"twitter:site\" content=\"@edmediterrania\" \/>\n<meta name=\"twitter:label1\" content=\"Tiempo de lectura\" \/>\n\t<meta name=\"twitter:data1\" content=\"1 minuto\" \/>\n<script type=\"application\/ld+json\" class=\"yoast-schema-graph\">{\"@context\":\"https:\/\/schema.org\",\"@graph\":[{\"@type\":\"WebPage\",\"@id\":\"https:\/\/editorialmediterrania.com\/es\/producto\/los-catorce-de-inaki\/\",\"url\":\"https:\/\/editorialmediterrania.com\/es\/producto\/los-catorce-de-inaki\/\",\"name\":\"Los catorce de I\u00f1aki - Editorial Mediterr\u00e0nia\",\"isPartOf\":{\"@id\":\"https:\/\/editorialmediterrania.com\/es\/#website\"},\"primaryImageOfPage\":{\"@id\":\"https:\/\/editorialmediterrania.com\/es\/producto\/los-catorce-de-inaki\/#primaryimage\"},\"image\":{\"@id\":\"https:\/\/editorialmediterrania.com\/es\/producto\/los-catorce-de-inaki\/#primaryimage\"},\"thumbnailUrl\":\"https:\/\/editorialmediterrania.com\/wp-content\/uploads\/2015\/09\/00_CUBIERTA_e_Interior_Los-catorce-de-Inaki_5a-EDICION-1.jpg.webp\",\"datePublished\":\"2015-09-30T21:51:30+00:00\",\"dateModified\":\"2020-05-27T10:57:54+00:00\",\"description\":\"Descobreix un m\u00f3n de meravelles a trav\u00e9s dels llibres de la nostra editorial especialitzada en art, cultura i natura per a fam\u00edlies. Amb il\u00b7lustracions fascinants i hist\u00f2ries enriquidores, inspirem el descobriment i la curiositat en petits i grans, connectant-los amb el patrimoni cultural i el meravell\u00f3s m\u00f3n natural que ens envolta\",\"breadcrumb\":{\"@id\":\"https:\/\/editorialmediterrania.com\/es\/producto\/los-catorce-de-inaki\/#breadcrumb\"},\"inLanguage\":\"es\",\"potentialAction\":[{\"@type\":\"ReadAction\",\"target\":[\"https:\/\/editorialmediterrania.com\/es\/producto\/los-catorce-de-inaki\/\"]}]},{\"@type\":\"ImageObject\",\"inLanguage\":\"es\",\"@id\":\"https:\/\/editorialmediterrania.com\/es\/producto\/los-catorce-de-inaki\/#primaryimage\",\"url\":\"https:\/\/editorialmediterrania.com\/wp-content\/uploads\/2015\/09\/00_CUBIERTA_e_Interior_Los-catorce-de-Inaki_5a-EDICION-1.jpg.webp\",\"contentUrl\":\"https:\/\/editorialmediterrania.com\/wp-content\/uploads\/2015\/09\/00_CUBIERTA_e_Interior_Los-catorce-de-Inaki_5a-EDICION-1.jpg.webp\",\"width\":516,\"height\":871},{\"@type\":\"BreadcrumbList\",\"@id\":\"https:\/\/editorialmediterrania.com\/es\/producto\/los-catorce-de-inaki\/#breadcrumb\",\"itemListElement\":[{\"@type\":\"ListItem\",\"position\":1,\"name\":\"Tienda de libros infantiles de arte\",\"item\":\"https:\/\/editorialmediterrania.com\/es\/tienda-de-libros-infantiles-arte\/\"},{\"@type\":\"ListItem\",\"position\":2,\"name\":\"Los catorce de I\u00f1aki\"}]},{\"@type\":\"WebSite\",\"@id\":\"https:\/\/editorialmediterrania.com\/es\/#website\",\"url\":\"https:\/\/editorialmediterrania.com\/es\/\",\"name\":\"Editorial Mediterrania\",\"description\":\"Llibres que t\u2019obriran nous mons\",\"publisher\":{\"@id\":\"https:\/\/editorialmediterrania.com\/es\/#organization\"},\"alternateName\":\"Llibres infantils d'art, cultura i natura\",\"potentialAction\":[{\"@type\":\"SearchAction\",\"target\":{\"@type\":\"EntryPoint\",\"urlTemplate\":\"https:\/\/editorialmediterrania.com\/es\/?s={search_term_string}\"},\"query-input\":\"required name=search_term_string\"}],\"inLanguage\":\"es\"},{\"@type\":\"Organization\",\"@id\":\"https:\/\/editorialmediterrania.com\/es\/#organization\",\"name\":\"Editorial Mediterrania\",\"alternateName\":\"Llibres d'art, cultura i natura per infants i fam\u00edlies\",\"url\":\"https:\/\/editorialmediterrania.com\/es\/\",\"logo\":{\"@type\":\"ImageObject\",\"inLanguage\":\"es\",\"@id\":\"https:\/\/editorialmediterrania.com\/es\/#\/schema\/logo\/image\/\",\"url\":\"https:\/\/editorialmediterrania.com\/wp-content\/uploads\/2023\/03\/LOGO-ED_MEDITERRANIA_OK-2.png\",\"contentUrl\":\"https:\/\/editorialmediterrania.com\/wp-content\/uploads\/2023\/03\/LOGO-ED_MEDITERRANIA_OK-2.png\",\"width\":1200,\"height\":300,\"caption\":\"Editorial Mediterrania\"},\"image\":{\"@id\":\"https:\/\/editorialmediterrania.com\/es\/#\/schema\/logo\/image\/\"},\"sameAs\":[\"https:\/\/x.com\/edmediterrania\",\"https:\/\/www.instagram.com\/editorialmediterrania\/\"]}]}<\/script>\n<!-- \/ Yoast SEO plugin. -->","yoast_head_json":{"title":"Los catorce de I\u00f1aki - Editorial Mediterr\u00e0nia","description":"Descobreix un m\u00f3n de meravelles a trav\u00e9s dels llibres de la nostra editorial especialitzada en art, cultura i natura per a fam\u00edlies. Amb il\u00b7lustracions fascinants i hist\u00f2ries enriquidores, inspirem el descobriment i la curiositat en petits i grans, connectant-los amb el patrimoni cultural i el meravell\u00f3s m\u00f3n natural que ens envolta","robots":{"index":"index","follow":"follow","max-snippet":"max-snippet:-1","max-image-preview":"max-image-preview:large","max-video-preview":"max-video-preview:-1"},"canonical":"https:\/\/editorialmediterrania.com\/es\/producto\/los-catorce-de-inaki\/","og_locale":"es_ES","og_type":"article","og_title":"Los catorce de I\u00f1aki - Editorial Mediterr\u00e0nia","og_description":"Descobreix un m\u00f3n de meravelles a trav\u00e9s dels llibres de la nostra editorial especialitzada en art, cultura i natura per a fam\u00edlies. Amb il\u00b7lustracions fascinants i hist\u00f2ries enriquidores, inspirem el descobriment i la curiositat en petits i grans, connectant-los amb el patrimoni cultural i el meravell\u00f3s m\u00f3n natural que ens envolta","og_url":"https:\/\/editorialmediterrania.com\/es\/producto\/los-catorce-de-inaki\/","og_site_name":"Editorial Mediterr\u00e0nia","article_modified_time":"2020-05-27T10:57:54+00:00","og_image":[{"width":516,"height":871,"url":"https:\/\/editorialmediterrania.com\/wp-content\/uploads\/2015\/09\/00_CUBIERTA_e_Interior_Los-catorce-de-Inaki_5a-EDICION-1.jpg.webp","type":"image\/webp"}],"twitter_card":"summary_large_image","twitter_site":"@edmediterrania","twitter_misc":{"Tiempo de lectura":"1 minuto"},"schema":{"@context":"https:\/\/schema.org","@graph":[{"@type":"WebPage","@id":"https:\/\/editorialmediterrania.com\/es\/producto\/los-catorce-de-inaki\/","url":"https:\/\/editorialmediterrania.com\/es\/producto\/los-catorce-de-inaki\/","name":"Los catorce de I\u00f1aki - Editorial Mediterr\u00e0nia","isPartOf":{"@id":"https:\/\/editorialmediterrania.com\/es\/#website"},"primaryImageOfPage":{"@id":"https:\/\/editorialmediterrania.com\/es\/producto\/los-catorce-de-inaki\/#primaryimage"},"image":{"@id":"https:\/\/editorialmediterrania.com\/es\/producto\/los-catorce-de-inaki\/#primaryimage"},"thumbnailUrl":"https:\/\/editorialmediterrania.com\/wp-content\/uploads\/2015\/09\/00_CUBIERTA_e_Interior_Los-catorce-de-Inaki_5a-EDICION-1.jpg.webp","datePublished":"2015-09-30T21:51:30+00:00","dateModified":"2020-05-27T10:57:54+00:00","description":"Descobreix un m\u00f3n de meravelles a trav\u00e9s dels llibres de la nostra editorial especialitzada en art, cultura i natura per a fam\u00edlies. Amb il\u00b7lustracions fascinants i hist\u00f2ries enriquidores, inspirem el descobriment i la curiositat en petits i grans, connectant-los amb el patrimoni cultural i el meravell\u00f3s m\u00f3n natural que ens envolta","breadcrumb":{"@id":"https:\/\/editorialmediterrania.com\/es\/producto\/los-catorce-de-inaki\/#breadcrumb"},"inLanguage":"es","potentialAction":[{"@type":"ReadAction","target":["https:\/\/editorialmediterrania.com\/es\/producto\/los-catorce-de-inaki\/"]}]},{"@type":"ImageObject","inLanguage":"es","@id":"https:\/\/editorialmediterrania.com\/es\/producto\/los-catorce-de-inaki\/#primaryimage","url":"https:\/\/editorialmediterrania.com\/wp-content\/uploads\/2015\/09\/00_CUBIERTA_e_Interior_Los-catorce-de-Inaki_5a-EDICION-1.jpg.webp","contentUrl":"https:\/\/editorialmediterrania.com\/wp-content\/uploads\/2015\/09\/00_CUBIERTA_e_Interior_Los-catorce-de-Inaki_5a-EDICION-1.jpg.webp","width":516,"height":871},{"@type":"BreadcrumbList","@id":"https:\/\/editorialmediterrania.com\/es\/producto\/los-catorce-de-inaki\/#breadcrumb","itemListElement":[{"@type":"ListItem","position":1,"name":"Tienda de libros infantiles de arte","item":"https:\/\/editorialmediterrania.com\/es\/tienda-de-libros-infantiles-arte\/"},{"@type":"ListItem","position":2,"name":"Los catorce de I\u00f1aki"}]},{"@type":"WebSite","@id":"https:\/\/editorialmediterrania.com\/es\/#website","url":"https:\/\/editorialmediterrania.com\/es\/","name":"Editorial Mediterrania","description":"Llibres que t\u2019obriran nous mons","publisher":{"@id":"https:\/\/editorialmediterrania.com\/es\/#organization"},"alternateName":"Llibres infantils d'art, cultura i natura","potentialAction":[{"@type":"SearchAction","target":{"@type":"EntryPoint","urlTemplate":"https:\/\/editorialmediterrania.com\/es\/?s={search_term_string}"},"query-input":"required name=search_term_string"}],"inLanguage":"es"},{"@type":"Organization","@id":"https:\/\/editorialmediterrania.com\/es\/#organization","name":"Editorial Mediterrania","alternateName":"Llibres d'art, cultura i natura per infants i fam\u00edlies","url":"https:\/\/editorialmediterrania.com\/es\/","logo":{"@type":"ImageObject","inLanguage":"es","@id":"https:\/\/editorialmediterrania.com\/es\/#\/schema\/logo\/image\/","url":"https:\/\/editorialmediterrania.com\/wp-content\/uploads\/2023\/03\/LOGO-ED_MEDITERRANIA_OK-2.png","contentUrl":"https:\/\/editorialmediterrania.com\/wp-content\/uploads\/2023\/03\/LOGO-ED_MEDITERRANIA_OK-2.png","width":1200,"height":300,"caption":"Editorial Mediterrania"},"image":{"@id":"https:\/\/editorialmediterrania.com\/es\/#\/schema\/logo\/image\/"},"sameAs":["https:\/\/x.com\/edmediterrania","https:\/\/www.instagram.com\/editorialmediterrania\/"]}]}},"_links":{"self":[{"href":"https:\/\/editorialmediterrania.com\/es\/wp-json\/wp\/v2\/product\/24096","targetHints":{"allow":["GET"]}}],"collection":[{"href":"https:\/\/editorialmediterrania.com\/es\/wp-json\/wp\/v2\/product"}],"about":[{"href":"https:\/\/editorialmediterrania.com\/es\/wp-json\/wp\/v2\/types\/product"}],"wp:featuredmedia":[{"embeddable":true,"href":"https:\/\/editorialmediterrania.com\/es\/wp-json\/wp\/v2\/media\/40979"}],"wp:attachment":[{"href":"https:\/\/editorialmediterrania.com\/es\/wp-json\/wp\/v2\/media?parent=24096"}],"wp:term":[{"taxonomy":"product_cat","embeddable":true,"href":"https:\/\/editorialmediterrania.com\/es\/wp-json\/wp\/v2\/product_cat?post=24096"},{"taxonomy":"product_tag","embeddable":true,"href":"https:\/\/editorialmediterrania.com\/es\/wp-json\/wp\/v2\/product_tag?post=24096"},{"taxonomy":"autors","embeddable":true,"href":"https:\/\/editorialmediterrania.com\/es\/wp-json\/wp\/v2\/autors?post=24096"}],"curies":[{"name":"wp","href":"https:\/\/api.w.org\/{rel}","templated":true}]}}