{"id":25007,"date":"2015-11-09T21:09:26","date_gmt":"2015-11-09T20:09:26","guid":{"rendered":""},"modified":"2015-11-10T01:44:51","modified_gmt":"2015-11-10T00:44:51","slug":"las-buenas-maneras-lucia-y-valentin-aprenden-a-no-hacer-bullying","status":"publish","type":"product","link":"https:\/\/editorialmediterrania.com\/es\/producto\/las-buenas-maneras-lucia-y-valentin-aprenden-a-no-hacer-bullying\/","title":{"rendered":"Las buenas maneras &#8211; Luc\u00eda y Valent\u00edn aprenden a NO HACER BULLYING"},"content":{"rendered":"<p style=\"text-align: justify;\">En compa\u00f1\u00eda de Luc\u00eda y Valent\u00edn, los ni\u00f1os y ni\u00f1as aprender\u00e1n a usar las f\u00f3rmulas de cortes\u00eda a trav\u00e9s de situaciones de la vida cotidiana.<\/p>\n<p style=\"text-align: justify;\">Cada volumen de la colecci\u00f3n cuenta con una gu\u00eda pr\u00e1ctica para orientar a los padres en la educaci\u00f3n de los valores de las tem\u00e1ticas propuestas.<\/p>\n<p>Este libro tambi\u00e9n est\u00e1 disponible en formato ebook o libro electr\u00f3nico que podr\u00e1s encontrar en la web de nuestro distribuidor digital\u00a0<a href=\"http:\/\/www.zonaebooks.com\/Inicio\">Zonaebooks<\/a>.<\/p>\n<p style=\"text-align: justify;\">\n","protected":false},"excerpt":{"rendered":"<p>Os presentamos uno de los primeros t\u00edtulos de la colecci\u00f3n \u00abBuenas maneras\u00bb que nace con el objetivo de ense\u00f1ar a los m\u00e1s peque\u00f1os que la cortes\u00eda, tan necesaria para una buena convivencia, implica respeto, amabilidad y tolerancia hacia los dem\u00e1s.<\/p>\n","protected":false},"featured_media":25010,"template":"","meta":[],"product_cat":[],"product_tag":[],"autors":[],"class_list":{"0":"post-25007","1":"product","2":"type-product","3":"status-publish","4":"has-post-thumbnail","7":"first","8":"outofstock","9":"purchasable","10":"product-type-simple","swatches":"rey-swatches","show_selected":""},"acf":[],"yoast_head":"<!-- This site is optimized with the Yoast SEO plugin v22.8 - https:\/\/yoast.com\/wordpress\/plugins\/seo\/ -->\n<title>Luc\u00eda y Valent\u00edn aprenden a decir GRACIAS - Editorial Mediterr\u00e0nia<\/title>\n<meta name=\"description\" content=\"En compa\u00f1\u00eda de Luc\u00eda y Valent\u00edn los ni\u00f1os y ni\u00f1as aprenden a decir gracias.\" \/>\n<meta name=\"robots\" content=\"index, follow, max-snippet:-1, max-image-preview:large, max-video-preview:-1\" \/>\n<link rel=\"canonical\" href=\"https:\/\/editorialmediterrania.com\/es\/producto\/las-buenas-maneras-lucia-y-valentin-aprenden-a-no-hacer-bullying\/\" \/>\n<meta property=\"og:locale\" content=\"es_ES\" \/>\n<meta property=\"og:type\" content=\"article\" \/>\n<meta property=\"og:title\" content=\"Luc\u00eda y Valent\u00edn aprenden a decir GRACIAS - Editorial Mediterr\u00e0nia\" \/>\n<meta property=\"og:description\" content=\"En compa\u00f1\u00eda de Luc\u00eda y Valent\u00edn los ni\u00f1os y ni\u00f1as aprenden a decir gracias.\" \/>\n<meta property=\"og:url\" content=\"https:\/\/editorialmediterrania.com\/es\/producto\/las-buenas-maneras-lucia-y-valentin-aprenden-a-no-hacer-bullying\/\" \/>\n<meta property=\"og:site_name\" content=\"Editorial Mediterr\u00e0nia\" \/>\n<meta property=\"article:modified_time\" content=\"2015-11-10T00:44:51+00:00\" \/>\n<meta property=\"og:image\" content=\"https:\/\/editorialmediterrania.com\/wp-content\/uploads\/2015\/11\/Lucia-y-Valentin-aprenden-a-no-hacer-Bullying.jpg\" \/>\n\t<meta property=\"og:image:width\" content=\"600\" \/>\n\t<meta property=\"og:image:height\" content=\"645\" \/>\n\t<meta property=\"og:image:type\" content=\"image\/jpeg\" \/>\n<meta name=\"twitter:card\" content=\"summary_large_image\" \/>\n<meta name=\"twitter:site\" content=\"@edmediterrania\" \/>\n<script type=\"application\/ld+json\" class=\"yoast-schema-graph\">{\"@context\":\"https:\/\/schema.org\",\"@graph\":[{\"@type\":\"WebPage\",\"@id\":\"https:\/\/editorialmediterrania.com\/es\/producto\/las-buenas-maneras-lucia-y-valentin-aprenden-a-no-hacer-bullying\/\",\"url\":\"https:\/\/editorialmediterrania.com\/es\/producto\/las-buenas-maneras-lucia-y-valentin-aprenden-a-no-hacer-bullying\/\",\"name\":\"Luc\u00eda y Valent\u00edn aprenden a decir GRACIAS - Editorial Mediterr\u00e0nia\",\"isPartOf\":{\"@id\":\"https:\/\/editorialmediterrania.com\/es\/#website\"},\"primaryImageOfPage\":{\"@id\":\"https:\/\/editorialmediterrania.com\/es\/producto\/las-buenas-maneras-lucia-y-valentin-aprenden-a-no-hacer-bullying\/#primaryimage\"},\"image\":{\"@id\":\"https:\/\/editorialmediterrania.com\/es\/producto\/las-buenas-maneras-lucia-y-valentin-aprenden-a-no-hacer-bullying\/#primaryimage\"},\"thumbnailUrl\":\"https:\/\/editorialmediterrania.com\/wp-content\/uploads\/2015\/11\/Lucia-y-Valentin-aprenden-a-no-hacer-Bullying.jpg\",\"datePublished\":\"2015-11-09T20:09:26+00:00\",\"dateModified\":\"2015-11-10T00:44:51+00:00\",\"description\":\"En compa\u00f1\u00eda de Luc\u00eda y Valent\u00edn los ni\u00f1os y ni\u00f1as aprenden a decir gracias.\",\"breadcrumb\":{\"@id\":\"https:\/\/editorialmediterrania.com\/es\/producto\/las-buenas-maneras-lucia-y-valentin-aprenden-a-no-hacer-bullying\/#breadcrumb\"},\"inLanguage\":\"es\",\"potentialAction\":[{\"@type\":\"ReadAction\",\"target\":[\"https:\/\/editorialmediterrania.com\/es\/producto\/las-buenas-maneras-lucia-y-valentin-aprenden-a-no-hacer-bullying\/\"]}]},{\"@type\":\"ImageObject\",\"inLanguage\":\"es\",\"@id\":\"https:\/\/editorialmediterrania.com\/es\/producto\/las-buenas-maneras-lucia-y-valentin-aprenden-a-no-hacer-bullying\/#primaryimage\",\"url\":\"https:\/\/editorialmediterrania.com\/wp-content\/uploads\/2015\/11\/Lucia-y-Valentin-aprenden-a-no-hacer-Bullying.jpg\",\"contentUrl\":\"https:\/\/editorialmediterrania.com\/wp-content\/uploads\/2015\/11\/Lucia-y-Valentin-aprenden-a-no-hacer-Bullying.jpg\",\"width\":600,\"height\":645},{\"@type\":\"BreadcrumbList\",\"@id\":\"https:\/\/editorialmediterrania.com\/es\/producto\/las-buenas-maneras-lucia-y-valentin-aprenden-a-no-hacer-bullying\/#breadcrumb\",\"itemListElement\":[{\"@type\":\"ListItem\",\"position\":1,\"name\":\"Tienda de libros infantiles de arte\",\"item\":\"https:\/\/editorialmediterrania.com\/es\/tienda-de-libros-infantiles-arte\/\"},{\"@type\":\"ListItem\",\"position\":2,\"name\":\"Las buenas maneras &#8211; Luc\u00eda y Valent\u00edn aprenden a NO HACER BULLYING\"}]},{\"@type\":\"WebSite\",\"@id\":\"https:\/\/editorialmediterrania.com\/es\/#website\",\"url\":\"https:\/\/editorialmediterrania.com\/es\/\",\"name\":\"Editorial Mediterrania\",\"description\":\"Llibres que t\u2019obriran nous mons\",\"publisher\":{\"@id\":\"https:\/\/editorialmediterrania.com\/es\/#organization\"},\"alternateName\":\"Llibres infantils d'art, cultura i natura\",\"potentialAction\":[{\"@type\":\"SearchAction\",\"target\":{\"@type\":\"EntryPoint\",\"urlTemplate\":\"https:\/\/editorialmediterrania.com\/es\/?s={search_term_string}\"},\"query-input\":\"required name=search_term_string\"}],\"inLanguage\":\"es\"},{\"@type\":\"Organization\",\"@id\":\"https:\/\/editorialmediterrania.com\/es\/#organization\",\"name\":\"Editorial Mediterrania\",\"alternateName\":\"Llibres d'art, cultura i natura per infants i fam\u00edlies\",\"url\":\"https:\/\/editorialmediterrania.com\/es\/\",\"logo\":{\"@type\":\"ImageObject\",\"inLanguage\":\"es\",\"@id\":\"https:\/\/editorialmediterrania.com\/es\/#\/schema\/logo\/image\/\",\"url\":\"https:\/\/editorialmediterrania.com\/wp-content\/uploads\/2023\/03\/LOGO-ED_MEDITERRANIA_OK-2.png\",\"contentUrl\":\"https:\/\/editorialmediterrania.com\/wp-content\/uploads\/2023\/03\/LOGO-ED_MEDITERRANIA_OK-2.png\",\"width\":1200,\"height\":300,\"caption\":\"Editorial Mediterrania\"},\"image\":{\"@id\":\"https:\/\/editorialmediterrania.com\/es\/#\/schema\/logo\/image\/\"},\"sameAs\":[\"https:\/\/x.com\/edmediterrania\",\"https:\/\/www.instagram.com\/editorialmediterrania\/\"]}]}<\/script>\n<!-- \/ Yoast SEO plugin. -->","yoast_head_json":{"title":"Luc\u00eda y Valent\u00edn aprenden a decir GRACIAS - Editorial Mediterr\u00e0nia","description":"En compa\u00f1\u00eda de Luc\u00eda y Valent\u00edn los ni\u00f1os y ni\u00f1as aprenden a decir gracias.","robots":{"index":"index","follow":"follow","max-snippet":"max-snippet:-1","max-image-preview":"max-image-preview:large","max-video-preview":"max-video-preview:-1"},"canonical":"https:\/\/editorialmediterrania.com\/es\/producto\/las-buenas-maneras-lucia-y-valentin-aprenden-a-no-hacer-bullying\/","og_locale":"es_ES","og_type":"article","og_title":"Luc\u00eda y Valent\u00edn aprenden a decir GRACIAS - Editorial Mediterr\u00e0nia","og_description":"En compa\u00f1\u00eda de Luc\u00eda y Valent\u00edn los ni\u00f1os y ni\u00f1as aprenden a decir gracias.","og_url":"https:\/\/editorialmediterrania.com\/es\/producto\/las-buenas-maneras-lucia-y-valentin-aprenden-a-no-hacer-bullying\/","og_site_name":"Editorial Mediterr\u00e0nia","article_modified_time":"2015-11-10T00:44:51+00:00","og_image":[{"width":600,"height":645,"url":"https:\/\/editorialmediterrania.com\/wp-content\/uploads\/2015\/11\/Lucia-y-Valentin-aprenden-a-no-hacer-Bullying.jpg","type":"image\/jpeg"}],"twitter_card":"summary_large_image","twitter_site":"@edmediterrania","schema":{"@context":"https:\/\/schema.org","@graph":[{"@type":"WebPage","@id":"https:\/\/editorialmediterrania.com\/es\/producto\/las-buenas-maneras-lucia-y-valentin-aprenden-a-no-hacer-bullying\/","url":"https:\/\/editorialmediterrania.com\/es\/producto\/las-buenas-maneras-lucia-y-valentin-aprenden-a-no-hacer-bullying\/","name":"Luc\u00eda y Valent\u00edn aprenden a decir GRACIAS - Editorial Mediterr\u00e0nia","isPartOf":{"@id":"https:\/\/editorialmediterrania.com\/es\/#website"},"primaryImageOfPage":{"@id":"https:\/\/editorialmediterrania.com\/es\/producto\/las-buenas-maneras-lucia-y-valentin-aprenden-a-no-hacer-bullying\/#primaryimage"},"image":{"@id":"https:\/\/editorialmediterrania.com\/es\/producto\/las-buenas-maneras-lucia-y-valentin-aprenden-a-no-hacer-bullying\/#primaryimage"},"thumbnailUrl":"https:\/\/editorialmediterrania.com\/wp-content\/uploads\/2015\/11\/Lucia-y-Valentin-aprenden-a-no-hacer-Bullying.jpg","datePublished":"2015-11-09T20:09:26+00:00","dateModified":"2015-11-10T00:44:51+00:00","description":"En compa\u00f1\u00eda de Luc\u00eda y Valent\u00edn los ni\u00f1os y ni\u00f1as aprenden a decir gracias.","breadcrumb":{"@id":"https:\/\/editorialmediterrania.com\/es\/producto\/las-buenas-maneras-lucia-y-valentin-aprenden-a-no-hacer-bullying\/#breadcrumb"},"inLanguage":"es","potentialAction":[{"@type":"ReadAction","target":["https:\/\/editorialmediterrania.com\/es\/producto\/las-buenas-maneras-lucia-y-valentin-aprenden-a-no-hacer-bullying\/"]}]},{"@type":"ImageObject","inLanguage":"es","@id":"https:\/\/editorialmediterrania.com\/es\/producto\/las-buenas-maneras-lucia-y-valentin-aprenden-a-no-hacer-bullying\/#primaryimage","url":"https:\/\/editorialmediterrania.com\/wp-content\/uploads\/2015\/11\/Lucia-y-Valentin-aprenden-a-no-hacer-Bullying.jpg","contentUrl":"https:\/\/editorialmediterrania.com\/wp-content\/uploads\/2015\/11\/Lucia-y-Valentin-aprenden-a-no-hacer-Bullying.jpg","width":600,"height":645},{"@type":"BreadcrumbList","@id":"https:\/\/editorialmediterrania.com\/es\/producto\/las-buenas-maneras-lucia-y-valentin-aprenden-a-no-hacer-bullying\/#breadcrumb","itemListElement":[{"@type":"ListItem","position":1,"name":"Tienda de libros infantiles de arte","item":"https:\/\/editorialmediterrania.com\/es\/tienda-de-libros-infantiles-arte\/"},{"@type":"ListItem","position":2,"name":"Las buenas maneras &#8211; Luc\u00eda y Valent\u00edn aprenden a NO HACER BULLYING"}]},{"@type":"WebSite","@id":"https:\/\/editorialmediterrania.com\/es\/#website","url":"https:\/\/editorialmediterrania.com\/es\/","name":"Editorial Mediterrania","description":"Llibres que t\u2019obriran nous mons","publisher":{"@id":"https:\/\/editorialmediterrania.com\/es\/#organization"},"alternateName":"Llibres infantils d'art, cultura i natura","potentialAction":[{"@type":"SearchAction","target":{"@type":"EntryPoint","urlTemplate":"https:\/\/editorialmediterrania.com\/es\/?s={search_term_string}"},"query-input":"required name=search_term_string"}],"inLanguage":"es"},{"@type":"Organization","@id":"https:\/\/editorialmediterrania.com\/es\/#organization","name":"Editorial Mediterrania","alternateName":"Llibres d'art, cultura i natura per infants i fam\u00edlies","url":"https:\/\/editorialmediterrania.com\/es\/","logo":{"@type":"ImageObject","inLanguage":"es","@id":"https:\/\/editorialmediterrania.com\/es\/#\/schema\/logo\/image\/","url":"https:\/\/editorialmediterrania.com\/wp-content\/uploads\/2023\/03\/LOGO-ED_MEDITERRANIA_OK-2.png","contentUrl":"https:\/\/editorialmediterrania.com\/wp-content\/uploads\/2023\/03\/LOGO-ED_MEDITERRANIA_OK-2.png","width":1200,"height":300,"caption":"Editorial Mediterrania"},"image":{"@id":"https:\/\/editorialmediterrania.com\/es\/#\/schema\/logo\/image\/"},"sameAs":["https:\/\/x.com\/edmediterrania","https:\/\/www.instagram.com\/editorialmediterrania\/"]}]}},"_links":{"self":[{"href":"https:\/\/editorialmediterrania.com\/es\/wp-json\/wp\/v2\/product\/25007","targetHints":{"allow":["GET"]}}],"collection":[{"href":"https:\/\/editorialmediterrania.com\/es\/wp-json\/wp\/v2\/product"}],"about":[{"href":"https:\/\/editorialmediterrania.com\/es\/wp-json\/wp\/v2\/types\/product"}],"wp:featuredmedia":[{"embeddable":true,"href":"https:\/\/editorialmediterrania.com\/es\/wp-json\/wp\/v2\/media\/25010"}],"wp:attachment":[{"href":"https:\/\/editorialmediterrania.com\/es\/wp-json\/wp\/v2\/media?parent=25007"}],"wp:term":[{"taxonomy":"product_cat","embeddable":true,"href":"https:\/\/editorialmediterrania.com\/es\/wp-json\/wp\/v2\/product_cat?post=25007"},{"taxonomy":"product_tag","embeddable":true,"href":"https:\/\/editorialmediterrania.com\/es\/wp-json\/wp\/v2\/product_tag?post=25007"},{"taxonomy":"autors","embeddable":true,"href":"https:\/\/editorialmediterrania.com\/es\/wp-json\/wp\/v2\/autors?post=25007"}],"curies":[{"name":"wp","href":"https:\/\/api.w.org\/{rel}","templated":true}]}}