{"id":25052,"date":"2015-11-10T02:27:12","date_gmt":"2015-11-10T01:27:21","guid":{"rendered":""},"modified":"2019-07-03T13:40:40","modified_gmt":"2019-07-03T11:40:40","slug":"pequena-historia-de-la-seu-vella-de-lleida","status":"publish","type":"product","link":"https:\/\/editorialmediterrania.com\/es\/producto\/pequena-historia-de-la-seu-vella-de-lleida\/","title":{"rendered":"Peque\u00f1a historia de la Seu Vella de Lleida"},"content":{"rendered":"<p style=\"text-align: justify;\">Os presentamos la Peque\u00f1a historia de la Seu Vella de Lleida, la catedral antigua de la ciudad, que tiene una historia apasionante y \u00fanica: desde la colocaci\u00f3n de la primera piedra en 1203 hasta la actualidad, pasando por la \u00e9poca sarracena del barrio de la Suda, su uso como cuartel militar en diversos momentos hist\u00f3ricos e incluso una leyenda, \u00a1la de la virgen del Azul!<\/p>\n<p style=\"text-align: justify;\">La colecci\u00f3n Peque\u00f1as historias cuenta con casi 300 t\u00edtulos, todos ellos ilustrados por Pilar\u00edn Bay\u00e9s. Gracias a esta colecci\u00f3n, los ni\u00f1os y ni\u00f1as de diverses generaciones han podido conocer los artistas, tradiciones y lugares m\u00e1s destacados de nuestro pa\u00eds, de manera divertida y amena.<\/p>\n<p>&nbsp;<\/p>\n","protected":false},"excerpt":{"rendered":"<p>Os presentamos la Peque\u00f1a historia de la Seu Vella de Lleida, la catedral antigua de la ciudad, que tiene una historia apasionante y \u00fanica: desde la colocaci\u00f3n de la primera piedra en 1203 hasta la actualidad, pasando por la \u00e9poca sarracena del barrio de la Suda, su uso como cuartel militar en diversos momentos hist\u00f3ricos [&hellip;]<\/p>\n","protected":false},"featured_media":25058,"template":"","meta":[],"product_cat":[30,103],"product_tag":[6064,393,6009,5609,396],"autors":[],"class_list":{"0":"post-25052","1":"product","2":"type-product","3":"status-publish","4":"has-post-thumbnail","6":"product_cat-editorial-mediterrania","7":"product_cat-pequenas-historias","8":"product_tag-conte-infantil-es","9":"product_tag-libro-infantil-es","10":"product_tag-llibres-il-lustrats-es","11":"product_tag-nuria-pique-es","12":"product_tag-pilarin-bayes-es","14":"first","15":"instock","16":"purchasable","17":"product-type-variable","swatches":"rey-swatches","show_selected":""},"acf":[],"yoast_head":"<!-- This site is optimized with the Yoast SEO plugin v22.8 - https:\/\/yoast.com\/wordpress\/plugins\/seo\/ -->\n<title>Peque\u00f1a Historia del Valle de Nuria - Editorial Mediterrania<\/title>\n<meta name=\"description\" content=\"Libro infantil educativo peque\u00f1a historia sobre los or\u00edgenes de este lugar tan divertido, el Valle de Nuria, para ni\u00f1os y ni\u00f1as entre 8 y 12 a\u00f1os\" \/>\n<meta name=\"robots\" content=\"index, follow, max-snippet:-1, max-image-preview:large, max-video-preview:-1\" \/>\n<link rel=\"canonical\" href=\"https:\/\/editorialmediterrania.com\/es\/producto\/pequena-historia-de-la-seu-vella-de-lleida\/\" \/>\n<meta property=\"og:locale\" content=\"es_ES\" \/>\n<meta property=\"og:type\" content=\"article\" \/>\n<meta property=\"og:title\" content=\"Peque\u00f1a Historia del Valle de Nuria - Editorial Mediterrania\" \/>\n<meta property=\"og:description\" content=\"Libro infantil educativo peque\u00f1a historia sobre los or\u00edgenes de este lugar tan divertido, el Valle de Nuria, para ni\u00f1os y ni\u00f1as entre 8 y 12 a\u00f1os\" \/>\n<meta property=\"og:url\" content=\"https:\/\/editorialmediterrania.com\/es\/producto\/pequena-historia-de-la-seu-vella-de-lleida\/\" \/>\n<meta property=\"og:site_name\" content=\"Editorial Mediterr\u00e0nia\" \/>\n<meta property=\"article:modified_time\" content=\"2019-07-03T11:40:40+00:00\" \/>\n<meta property=\"og:image\" content=\"https:\/\/editorialmediterrania.com\/wp-content\/uploads\/2015\/11\/Petita-Historia-de-la-Seu-Vella-de-Lleida.jpg\" \/>\n\t<meta property=\"og:image:width\" content=\"600\" \/>\n\t<meta property=\"og:image:height\" content=\"712\" \/>\n\t<meta property=\"og:image:type\" content=\"image\/jpeg\" \/>\n<meta name=\"twitter:card\" content=\"summary_large_image\" \/>\n<meta name=\"twitter:site\" content=\"@edmediterrania\" \/>\n<meta name=\"twitter:label1\" content=\"Tiempo de lectura\" \/>\n\t<meta name=\"twitter:data1\" content=\"1 minuto\" \/>\n<script type=\"application\/ld+json\" class=\"yoast-schema-graph\">{\"@context\":\"https:\/\/schema.org\",\"@graph\":[{\"@type\":\"WebPage\",\"@id\":\"https:\/\/editorialmediterrania.com\/es\/producto\/pequena-historia-de-la-seu-vella-de-lleida\/\",\"url\":\"https:\/\/editorialmediterrania.com\/es\/producto\/pequena-historia-de-la-seu-vella-de-lleida\/\",\"name\":\"Peque\u00f1a Historia del Valle de Nuria - Editorial Mediterrania\",\"isPartOf\":{\"@id\":\"https:\/\/editorialmediterrania.com\/es\/#website\"},\"primaryImageOfPage\":{\"@id\":\"https:\/\/editorialmediterrania.com\/es\/producto\/pequena-historia-de-la-seu-vella-de-lleida\/#primaryimage\"},\"image\":{\"@id\":\"https:\/\/editorialmediterrania.com\/es\/producto\/pequena-historia-de-la-seu-vella-de-lleida\/#primaryimage\"},\"thumbnailUrl\":\"https:\/\/editorialmediterrania.com\/wp-content\/uploads\/2015\/11\/Petita-Historia-de-la-Seu-Vella-de-Lleida.jpg\",\"datePublished\":\"2015-11-10T01:27:21+00:00\",\"dateModified\":\"2019-07-03T11:40:40+00:00\",\"description\":\"Libro infantil educativo peque\u00f1a historia sobre los or\u00edgenes de este lugar tan divertido, el Valle de Nuria, para ni\u00f1os y ni\u00f1as entre 8 y 12 a\u00f1os\",\"breadcrumb\":{\"@id\":\"https:\/\/editorialmediterrania.com\/es\/producto\/pequena-historia-de-la-seu-vella-de-lleida\/#breadcrumb\"},\"inLanguage\":\"es\",\"potentialAction\":[{\"@type\":\"ReadAction\",\"target\":[\"https:\/\/editorialmediterrania.com\/es\/producto\/pequena-historia-de-la-seu-vella-de-lleida\/\"]}]},{\"@type\":\"ImageObject\",\"inLanguage\":\"es\",\"@id\":\"https:\/\/editorialmediterrania.com\/es\/producto\/pequena-historia-de-la-seu-vella-de-lleida\/#primaryimage\",\"url\":\"https:\/\/editorialmediterrania.com\/wp-content\/uploads\/2015\/11\/Petita-Historia-de-la-Seu-Vella-de-Lleida.jpg\",\"contentUrl\":\"https:\/\/editorialmediterrania.com\/wp-content\/uploads\/2015\/11\/Petita-Historia-de-la-Seu-Vella-de-Lleida.jpg\",\"width\":600,\"height\":712,\"caption\":\"Petita Hist\u00f2ria - Seu Vella de Lleida\"},{\"@type\":\"BreadcrumbList\",\"@id\":\"https:\/\/editorialmediterrania.com\/es\/producto\/pequena-historia-de-la-seu-vella-de-lleida\/#breadcrumb\",\"itemListElement\":[{\"@type\":\"ListItem\",\"position\":1,\"name\":\"Tienda de libros infantiles de arte\",\"item\":\"https:\/\/editorialmediterrania.com\/es\/tienda-de-libros-infantiles-arte\/\"},{\"@type\":\"ListItem\",\"position\":2,\"name\":\"Peque\u00f1a historia de la Seu Vella de Lleida\"}]},{\"@type\":\"WebSite\",\"@id\":\"https:\/\/editorialmediterrania.com\/es\/#website\",\"url\":\"https:\/\/editorialmediterrania.com\/es\/\",\"name\":\"Editorial Mediterrania\",\"description\":\"Llibres que t\u2019obriran nous mons\",\"publisher\":{\"@id\":\"https:\/\/editorialmediterrania.com\/es\/#organization\"},\"alternateName\":\"Llibres infantils d'art, cultura i natura\",\"potentialAction\":[{\"@type\":\"SearchAction\",\"target\":{\"@type\":\"EntryPoint\",\"urlTemplate\":\"https:\/\/editorialmediterrania.com\/es\/?s={search_term_string}\"},\"query-input\":\"required name=search_term_string\"}],\"inLanguage\":\"es\"},{\"@type\":\"Organization\",\"@id\":\"https:\/\/editorialmediterrania.com\/es\/#organization\",\"name\":\"Editorial Mediterrania\",\"alternateName\":\"Llibres d'art, cultura i natura per infants i fam\u00edlies\",\"url\":\"https:\/\/editorialmediterrania.com\/es\/\",\"logo\":{\"@type\":\"ImageObject\",\"inLanguage\":\"es\",\"@id\":\"https:\/\/editorialmediterrania.com\/es\/#\/schema\/logo\/image\/\",\"url\":\"https:\/\/editorialmediterrania.com\/wp-content\/uploads\/2023\/03\/LOGO-ED_MEDITERRANIA_OK-2.png\",\"contentUrl\":\"https:\/\/editorialmediterrania.com\/wp-content\/uploads\/2023\/03\/LOGO-ED_MEDITERRANIA_OK-2.png\",\"width\":1200,\"height\":300,\"caption\":\"Editorial Mediterrania\"},\"image\":{\"@id\":\"https:\/\/editorialmediterrania.com\/es\/#\/schema\/logo\/image\/\"},\"sameAs\":[\"https:\/\/x.com\/edmediterrania\",\"https:\/\/www.instagram.com\/editorialmediterrania\/\"]}]}<\/script>\n<!-- \/ Yoast SEO plugin. -->","yoast_head_json":{"title":"Peque\u00f1a Historia del Valle de Nuria - Editorial Mediterrania","description":"Libro infantil educativo peque\u00f1a historia sobre los or\u00edgenes de este lugar tan divertido, el Valle de Nuria, para ni\u00f1os y ni\u00f1as entre 8 y 12 a\u00f1os","robots":{"index":"index","follow":"follow","max-snippet":"max-snippet:-1","max-image-preview":"max-image-preview:large","max-video-preview":"max-video-preview:-1"},"canonical":"https:\/\/editorialmediterrania.com\/es\/producto\/pequena-historia-de-la-seu-vella-de-lleida\/","og_locale":"es_ES","og_type":"article","og_title":"Peque\u00f1a Historia del Valle de Nuria - Editorial Mediterrania","og_description":"Libro infantil educativo peque\u00f1a historia sobre los or\u00edgenes de este lugar tan divertido, el Valle de Nuria, para ni\u00f1os y ni\u00f1as entre 8 y 12 a\u00f1os","og_url":"https:\/\/editorialmediterrania.com\/es\/producto\/pequena-historia-de-la-seu-vella-de-lleida\/","og_site_name":"Editorial Mediterr\u00e0nia","article_modified_time":"2019-07-03T11:40:40+00:00","og_image":[{"width":600,"height":712,"url":"https:\/\/editorialmediterrania.com\/wp-content\/uploads\/2015\/11\/Petita-Historia-de-la-Seu-Vella-de-Lleida.jpg","type":"image\/jpeg"}],"twitter_card":"summary_large_image","twitter_site":"@edmediterrania","twitter_misc":{"Tiempo de lectura":"1 minuto"},"schema":{"@context":"https:\/\/schema.org","@graph":[{"@type":"WebPage","@id":"https:\/\/editorialmediterrania.com\/es\/producto\/pequena-historia-de-la-seu-vella-de-lleida\/","url":"https:\/\/editorialmediterrania.com\/es\/producto\/pequena-historia-de-la-seu-vella-de-lleida\/","name":"Peque\u00f1a Historia del Valle de Nuria - Editorial Mediterrania","isPartOf":{"@id":"https:\/\/editorialmediterrania.com\/es\/#website"},"primaryImageOfPage":{"@id":"https:\/\/editorialmediterrania.com\/es\/producto\/pequena-historia-de-la-seu-vella-de-lleida\/#primaryimage"},"image":{"@id":"https:\/\/editorialmediterrania.com\/es\/producto\/pequena-historia-de-la-seu-vella-de-lleida\/#primaryimage"},"thumbnailUrl":"https:\/\/editorialmediterrania.com\/wp-content\/uploads\/2015\/11\/Petita-Historia-de-la-Seu-Vella-de-Lleida.jpg","datePublished":"2015-11-10T01:27:21+00:00","dateModified":"2019-07-03T11:40:40+00:00","description":"Libro infantil educativo peque\u00f1a historia sobre los or\u00edgenes de este lugar tan divertido, el Valle de Nuria, para ni\u00f1os y ni\u00f1as entre 8 y 12 a\u00f1os","breadcrumb":{"@id":"https:\/\/editorialmediterrania.com\/es\/producto\/pequena-historia-de-la-seu-vella-de-lleida\/#breadcrumb"},"inLanguage":"es","potentialAction":[{"@type":"ReadAction","target":["https:\/\/editorialmediterrania.com\/es\/producto\/pequena-historia-de-la-seu-vella-de-lleida\/"]}]},{"@type":"ImageObject","inLanguage":"es","@id":"https:\/\/editorialmediterrania.com\/es\/producto\/pequena-historia-de-la-seu-vella-de-lleida\/#primaryimage","url":"https:\/\/editorialmediterrania.com\/wp-content\/uploads\/2015\/11\/Petita-Historia-de-la-Seu-Vella-de-Lleida.jpg","contentUrl":"https:\/\/editorialmediterrania.com\/wp-content\/uploads\/2015\/11\/Petita-Historia-de-la-Seu-Vella-de-Lleida.jpg","width":600,"height":712,"caption":"Petita Hist\u00f2ria - Seu Vella de Lleida"},{"@type":"BreadcrumbList","@id":"https:\/\/editorialmediterrania.com\/es\/producto\/pequena-historia-de-la-seu-vella-de-lleida\/#breadcrumb","itemListElement":[{"@type":"ListItem","position":1,"name":"Tienda de libros infantiles de arte","item":"https:\/\/editorialmediterrania.com\/es\/tienda-de-libros-infantiles-arte\/"},{"@type":"ListItem","position":2,"name":"Peque\u00f1a historia de la Seu Vella de Lleida"}]},{"@type":"WebSite","@id":"https:\/\/editorialmediterrania.com\/es\/#website","url":"https:\/\/editorialmediterrania.com\/es\/","name":"Editorial Mediterrania","description":"Llibres que t\u2019obriran nous mons","publisher":{"@id":"https:\/\/editorialmediterrania.com\/es\/#organization"},"alternateName":"Llibres infantils d'art, cultura i natura","potentialAction":[{"@type":"SearchAction","target":{"@type":"EntryPoint","urlTemplate":"https:\/\/editorialmediterrania.com\/es\/?s={search_term_string}"},"query-input":"required name=search_term_string"}],"inLanguage":"es"},{"@type":"Organization","@id":"https:\/\/editorialmediterrania.com\/es\/#organization","name":"Editorial Mediterrania","alternateName":"Llibres d'art, cultura i natura per infants i fam\u00edlies","url":"https:\/\/editorialmediterrania.com\/es\/","logo":{"@type":"ImageObject","inLanguage":"es","@id":"https:\/\/editorialmediterrania.com\/es\/#\/schema\/logo\/image\/","url":"https:\/\/editorialmediterrania.com\/wp-content\/uploads\/2023\/03\/LOGO-ED_MEDITERRANIA_OK-2.png","contentUrl":"https:\/\/editorialmediterrania.com\/wp-content\/uploads\/2023\/03\/LOGO-ED_MEDITERRANIA_OK-2.png","width":1200,"height":300,"caption":"Editorial Mediterrania"},"image":{"@id":"https:\/\/editorialmediterrania.com\/es\/#\/schema\/logo\/image\/"},"sameAs":["https:\/\/x.com\/edmediterrania","https:\/\/www.instagram.com\/editorialmediterrania\/"]}]}},"_links":{"self":[{"href":"https:\/\/editorialmediterrania.com\/es\/wp-json\/wp\/v2\/product\/25052","targetHints":{"allow":["GET"]}}],"collection":[{"href":"https:\/\/editorialmediterrania.com\/es\/wp-json\/wp\/v2\/product"}],"about":[{"href":"https:\/\/editorialmediterrania.com\/es\/wp-json\/wp\/v2\/types\/product"}],"wp:featuredmedia":[{"embeddable":true,"href":"https:\/\/editorialmediterrania.com\/es\/wp-json\/wp\/v2\/media\/25058"}],"wp:attachment":[{"href":"https:\/\/editorialmediterrania.com\/es\/wp-json\/wp\/v2\/media?parent=25052"}],"wp:term":[{"taxonomy":"product_cat","embeddable":true,"href":"https:\/\/editorialmediterrania.com\/es\/wp-json\/wp\/v2\/product_cat?post=25052"},{"taxonomy":"product_tag","embeddable":true,"href":"https:\/\/editorialmediterrania.com\/es\/wp-json\/wp\/v2\/product_tag?post=25052"},{"taxonomy":"autors","embeddable":true,"href":"https:\/\/editorialmediterrania.com\/es\/wp-json\/wp\/v2\/autors?post=25052"}],"curies":[{"name":"wp","href":"https:\/\/api.w.org\/{rel}","templated":true}]}}