{"id":25905,"date":"2016-01-14T14:09:25","date_gmt":"2016-01-14T13:09:25","guid":{"rendered":"http:\/\/editorialmediterrania.com\/product\/la-caputxinada-frares-compromesos-amb-el-pais-i-la-llibertat-2\/"},"modified":"2025-06-17T11:42:08","modified_gmt":"2025-06-17T09:42:08","slug":"la-caputxinada-frares-compromesos-amb-el-pais-i-la-llibertat","status":"publish","type":"product","link":"https:\/\/editorialmediterrania.com\/es\/producto\/la-caputxinada-frares-compromesos-amb-el-pais-i-la-llibertat\/","title":{"rendered":"La Caputxinada"},"content":{"rendered":"<p style=\"text-align: justify;\">Tres dies de resist\u00e8ncia i dignitat. Tres dies de mar\u00e7 que van marcar un abans i un despr\u00e9s en la hist\u00f2ria recent del nostre pa\u00eds.<\/p>\n<p style=\"text-align: justify;\">Mig segle despr\u00e9s de La Caputxinada, aquest llibre presenta un punt de vista in\u00e8dit: el dels frares del convent de Sarri\u00e0 que van acollir entre els seus murs els integrants de l&#8217;assamblea constituent del SDEUB, el primer sindicat d&#8217;estudiants democr\u00e0tic en temps de la dictadura, fent front al setge de la policia franquista i a la pressi\u00f3 de tots els poders f\u00e0ctics.<\/p>\n<p style=\"text-align: justify;\">La Caputxinada revela tamb\u00e9 les conseq\u00fc\u00e8ncies que va tenir pels frarse la seva col\u00b7laboraci\u00f3 amb la lluita antifranquista: amenaces i coaccions des dels sectors m\u00e9s intransigents de l&#8217;Espanya dels seixanta, per\u00f2 tamb\u00e9 un corrent de solidaritat, fraternitat i obertura a la convulsa societat catalana de mitjans del segle XX.<\/p>\n","protected":false},"excerpt":{"rendered":"<p>Tres dies de resist\u00e8ncia i dignitat. Tres dies de mar\u00e7 que van marcar un abans i un despr\u00e9s en la hist\u00f2ria recent del nostre pa\u00eds. Mig segle despr\u00e9s de La Caputxinada, aquest llibre presenta un punt de vista in\u00e8dit: el dels frares del convent de Sarri\u00e0 que van acollir entre els seus murs els integrants [&hellip;]<\/p>\n","protected":false},"featured_media":41273,"template":"","meta":[],"product_cat":[6542,3350],"product_tag":[1526],"autors":[],"class_list":{"0":"post-25905","1":"product","2":"type-product","3":"status-publish","4":"has-post-thumbnail","6":"product_cat-a-la-caputxina-es","7":"product_cat-mediterrania-productes","8":"product_tag-pequena-historia-de-la-sagrada-familia","10":"first","11":"instock","12":"purchasable","13":"product-type-simple","swatches":"rey-swatches","show_selected":""},"acf":[],"yoast_head":"<!-- This site is optimized with the Yoast SEO plugin v22.8 - https:\/\/yoast.com\/wordpress\/plugins\/seo\/ -->\n<title>La Caputxinada - Editorial Mediterr\u00e0nia<\/title>\n<meta name=\"description\" content=\"Mig segle despr\u00e9s de La Caputxinada, aquest llibre presenta un punt d evista in\u00e8dit: el dels frares del convent de Sarri\u00e0 que van acollir entre els seus murs els integrants de l&#039;assamblea constituent del SDEUB.\" \/>\n<meta name=\"robots\" content=\"index, follow, max-snippet:-1, max-image-preview:large, max-video-preview:-1\" \/>\n<link rel=\"canonical\" href=\"https:\/\/editorialmediterrania.com\/es\/producto\/la-caputxinada-frares-compromesos-amb-el-pais-i-la-llibertat\/\" \/>\n<meta property=\"og:locale\" content=\"es_ES\" \/>\n<meta property=\"og:type\" content=\"article\" \/>\n<meta property=\"og:title\" content=\"La Caputxinada - Editorial Mediterr\u00e0nia\" \/>\n<meta property=\"og:description\" content=\"Mig segle despr\u00e9s de La Caputxinada, aquest llibre presenta un punt d evista in\u00e8dit: el dels frares del convent de Sarri\u00e0 que van acollir entre els seus murs els integrants de l&#039;assamblea constituent del SDEUB.\" \/>\n<meta property=\"og:url\" content=\"https:\/\/editorialmediterrania.com\/es\/producto\/la-caputxinada-frares-compromesos-amb-el-pais-i-la-llibertat\/\" \/>\n<meta property=\"og:site_name\" content=\"Editorial Mediterr\u00e0nia\" \/>\n<meta property=\"article:modified_time\" content=\"2025-06-17T09:42:08+00:00\" \/>\n<meta property=\"og:image\" content=\"https:\/\/editorialmediterrania.com\/wp-content\/uploads\/2016\/01\/portada.png\" \/>\n\t<meta property=\"og:image:width\" content=\"290\" \/>\n\t<meta property=\"og:image:height\" content=\"412\" \/>\n\t<meta property=\"og:image:type\" content=\"image\/png\" \/>\n<meta name=\"twitter:card\" content=\"summary_large_image\" \/>\n<meta name=\"twitter:site\" content=\"@edmediterrania\" \/>\n<meta name=\"twitter:label1\" content=\"Tiempo de lectura\" \/>\n\t<meta name=\"twitter:data1\" content=\"1 minuto\" \/>\n<script type=\"application\/ld+json\" class=\"yoast-schema-graph\">{\"@context\":\"https:\/\/schema.org\",\"@graph\":[{\"@type\":\"WebPage\",\"@id\":\"https:\/\/editorialmediterrania.com\/es\/producto\/la-caputxinada-frares-compromesos-amb-el-pais-i-la-llibertat\/\",\"url\":\"https:\/\/editorialmediterrania.com\/es\/producto\/la-caputxinada-frares-compromesos-amb-el-pais-i-la-llibertat\/\",\"name\":\"La Caputxinada - Editorial Mediterr\u00e0nia\",\"isPartOf\":{\"@id\":\"https:\/\/editorialmediterrania.com\/es\/#website\"},\"primaryImageOfPage\":{\"@id\":\"https:\/\/editorialmediterrania.com\/es\/producto\/la-caputxinada-frares-compromesos-amb-el-pais-i-la-llibertat\/#primaryimage\"},\"image\":{\"@id\":\"https:\/\/editorialmediterrania.com\/es\/producto\/la-caputxinada-frares-compromesos-amb-el-pais-i-la-llibertat\/#primaryimage\"},\"thumbnailUrl\":\"https:\/\/editorialmediterrania.com\/wp-content\/uploads\/2016\/01\/portada.png\",\"datePublished\":\"2016-01-14T13:09:25+00:00\",\"dateModified\":\"2025-06-17T09:42:08+00:00\",\"description\":\"Mig segle despr\u00e9s de La Caputxinada, aquest llibre presenta un punt d evista in\u00e8dit: el dels frares del convent de Sarri\u00e0 que van acollir entre els seus murs els integrants de l'assamblea constituent del SDEUB.\",\"breadcrumb\":{\"@id\":\"https:\/\/editorialmediterrania.com\/es\/producto\/la-caputxinada-frares-compromesos-amb-el-pais-i-la-llibertat\/#breadcrumb\"},\"inLanguage\":\"es\",\"potentialAction\":[{\"@type\":\"ReadAction\",\"target\":[\"https:\/\/editorialmediterrania.com\/es\/producto\/la-caputxinada-frares-compromesos-amb-el-pais-i-la-llibertat\/\"]}]},{\"@type\":\"ImageObject\",\"inLanguage\":\"es\",\"@id\":\"https:\/\/editorialmediterrania.com\/es\/producto\/la-caputxinada-frares-compromesos-amb-el-pais-i-la-llibertat\/#primaryimage\",\"url\":\"https:\/\/editorialmediterrania.com\/wp-content\/uploads\/2016\/01\/portada.png\",\"contentUrl\":\"https:\/\/editorialmediterrania.com\/wp-content\/uploads\/2016\/01\/portada.png\",\"width\":290,\"height\":412},{\"@type\":\"BreadcrumbList\",\"@id\":\"https:\/\/editorialmediterrania.com\/es\/producto\/la-caputxinada-frares-compromesos-amb-el-pais-i-la-llibertat\/#breadcrumb\",\"itemListElement\":[{\"@type\":\"ListItem\",\"position\":1,\"name\":\"Tienda de libros infantiles de arte\",\"item\":\"https:\/\/editorialmediterrania.com\/es\/tienda-de-libros-infantiles-arte\/\"},{\"@type\":\"ListItem\",\"position\":2,\"name\":\"La Caputxinada\"}]},{\"@type\":\"WebSite\",\"@id\":\"https:\/\/editorialmediterrania.com\/es\/#website\",\"url\":\"https:\/\/editorialmediterrania.com\/es\/\",\"name\":\"Editorial Mediterrania\",\"description\":\"Llibres que t\u2019obriran nous mons\",\"publisher\":{\"@id\":\"https:\/\/editorialmediterrania.com\/es\/#organization\"},\"alternateName\":\"Llibres infantils d'art, cultura i natura\",\"potentialAction\":[{\"@type\":\"SearchAction\",\"target\":{\"@type\":\"EntryPoint\",\"urlTemplate\":\"https:\/\/editorialmediterrania.com\/es\/?s={search_term_string}\"},\"query-input\":\"required name=search_term_string\"}],\"inLanguage\":\"es\"},{\"@type\":\"Organization\",\"@id\":\"https:\/\/editorialmediterrania.com\/es\/#organization\",\"name\":\"Editorial Mediterrania\",\"alternateName\":\"Llibres d'art, cultura i natura per infants i fam\u00edlies\",\"url\":\"https:\/\/editorialmediterrania.com\/es\/\",\"logo\":{\"@type\":\"ImageObject\",\"inLanguage\":\"es\",\"@id\":\"https:\/\/editorialmediterrania.com\/es\/#\/schema\/logo\/image\/\",\"url\":\"https:\/\/editorialmediterrania.com\/wp-content\/uploads\/2023\/03\/LOGO-ED_MEDITERRANIA_OK-2.png\",\"contentUrl\":\"https:\/\/editorialmediterrania.com\/wp-content\/uploads\/2023\/03\/LOGO-ED_MEDITERRANIA_OK-2.png\",\"width\":1200,\"height\":300,\"caption\":\"Editorial Mediterrania\"},\"image\":{\"@id\":\"https:\/\/editorialmediterrania.com\/es\/#\/schema\/logo\/image\/\"},\"sameAs\":[\"https:\/\/x.com\/edmediterrania\",\"https:\/\/www.instagram.com\/editorialmediterrania\/\"]}]}<\/script>\n<!-- \/ Yoast SEO plugin. -->","yoast_head_json":{"title":"La Caputxinada - Editorial Mediterr\u00e0nia","description":"Mig segle despr\u00e9s de La Caputxinada, aquest llibre presenta un punt d evista in\u00e8dit: el dels frares del convent de Sarri\u00e0 que van acollir entre els seus murs els integrants de l'assamblea constituent del SDEUB.","robots":{"index":"index","follow":"follow","max-snippet":"max-snippet:-1","max-image-preview":"max-image-preview:large","max-video-preview":"max-video-preview:-1"},"canonical":"https:\/\/editorialmediterrania.com\/es\/producto\/la-caputxinada-frares-compromesos-amb-el-pais-i-la-llibertat\/","og_locale":"es_ES","og_type":"article","og_title":"La Caputxinada - Editorial Mediterr\u00e0nia","og_description":"Mig segle despr\u00e9s de La Caputxinada, aquest llibre presenta un punt d evista in\u00e8dit: el dels frares del convent de Sarri\u00e0 que van acollir entre els seus murs els integrants de l'assamblea constituent del SDEUB.","og_url":"https:\/\/editorialmediterrania.com\/es\/producto\/la-caputxinada-frares-compromesos-amb-el-pais-i-la-llibertat\/","og_site_name":"Editorial Mediterr\u00e0nia","article_modified_time":"2025-06-17T09:42:08+00:00","og_image":[{"width":290,"height":412,"url":"https:\/\/editorialmediterrania.com\/wp-content\/uploads\/2016\/01\/portada.png","type":"image\/png"}],"twitter_card":"summary_large_image","twitter_site":"@edmediterrania","twitter_misc":{"Tiempo de lectura":"1 minuto"},"schema":{"@context":"https:\/\/schema.org","@graph":[{"@type":"WebPage","@id":"https:\/\/editorialmediterrania.com\/es\/producto\/la-caputxinada-frares-compromesos-amb-el-pais-i-la-llibertat\/","url":"https:\/\/editorialmediterrania.com\/es\/producto\/la-caputxinada-frares-compromesos-amb-el-pais-i-la-llibertat\/","name":"La Caputxinada - Editorial Mediterr\u00e0nia","isPartOf":{"@id":"https:\/\/editorialmediterrania.com\/es\/#website"},"primaryImageOfPage":{"@id":"https:\/\/editorialmediterrania.com\/es\/producto\/la-caputxinada-frares-compromesos-amb-el-pais-i-la-llibertat\/#primaryimage"},"image":{"@id":"https:\/\/editorialmediterrania.com\/es\/producto\/la-caputxinada-frares-compromesos-amb-el-pais-i-la-llibertat\/#primaryimage"},"thumbnailUrl":"https:\/\/editorialmediterrania.com\/wp-content\/uploads\/2016\/01\/portada.png","datePublished":"2016-01-14T13:09:25+00:00","dateModified":"2025-06-17T09:42:08+00:00","description":"Mig segle despr\u00e9s de La Caputxinada, aquest llibre presenta un punt d evista in\u00e8dit: el dels frares del convent de Sarri\u00e0 que van acollir entre els seus murs els integrants de l'assamblea constituent del SDEUB.","breadcrumb":{"@id":"https:\/\/editorialmediterrania.com\/es\/producto\/la-caputxinada-frares-compromesos-amb-el-pais-i-la-llibertat\/#breadcrumb"},"inLanguage":"es","potentialAction":[{"@type":"ReadAction","target":["https:\/\/editorialmediterrania.com\/es\/producto\/la-caputxinada-frares-compromesos-amb-el-pais-i-la-llibertat\/"]}]},{"@type":"ImageObject","inLanguage":"es","@id":"https:\/\/editorialmediterrania.com\/es\/producto\/la-caputxinada-frares-compromesos-amb-el-pais-i-la-llibertat\/#primaryimage","url":"https:\/\/editorialmediterrania.com\/wp-content\/uploads\/2016\/01\/portada.png","contentUrl":"https:\/\/editorialmediterrania.com\/wp-content\/uploads\/2016\/01\/portada.png","width":290,"height":412},{"@type":"BreadcrumbList","@id":"https:\/\/editorialmediterrania.com\/es\/producto\/la-caputxinada-frares-compromesos-amb-el-pais-i-la-llibertat\/#breadcrumb","itemListElement":[{"@type":"ListItem","position":1,"name":"Tienda de libros infantiles de arte","item":"https:\/\/editorialmediterrania.com\/es\/tienda-de-libros-infantiles-arte\/"},{"@type":"ListItem","position":2,"name":"La Caputxinada"}]},{"@type":"WebSite","@id":"https:\/\/editorialmediterrania.com\/es\/#website","url":"https:\/\/editorialmediterrania.com\/es\/","name":"Editorial Mediterrania","description":"Llibres que t\u2019obriran nous mons","publisher":{"@id":"https:\/\/editorialmediterrania.com\/es\/#organization"},"alternateName":"Llibres infantils d'art, cultura i natura","potentialAction":[{"@type":"SearchAction","target":{"@type":"EntryPoint","urlTemplate":"https:\/\/editorialmediterrania.com\/es\/?s={search_term_string}"},"query-input":"required name=search_term_string"}],"inLanguage":"es"},{"@type":"Organization","@id":"https:\/\/editorialmediterrania.com\/es\/#organization","name":"Editorial Mediterrania","alternateName":"Llibres d'art, cultura i natura per infants i fam\u00edlies","url":"https:\/\/editorialmediterrania.com\/es\/","logo":{"@type":"ImageObject","inLanguage":"es","@id":"https:\/\/editorialmediterrania.com\/es\/#\/schema\/logo\/image\/","url":"https:\/\/editorialmediterrania.com\/wp-content\/uploads\/2023\/03\/LOGO-ED_MEDITERRANIA_OK-2.png","contentUrl":"https:\/\/editorialmediterrania.com\/wp-content\/uploads\/2023\/03\/LOGO-ED_MEDITERRANIA_OK-2.png","width":1200,"height":300,"caption":"Editorial Mediterrania"},"image":{"@id":"https:\/\/editorialmediterrania.com\/es\/#\/schema\/logo\/image\/"},"sameAs":["https:\/\/x.com\/edmediterrania","https:\/\/www.instagram.com\/editorialmediterrania\/"]}]}},"_links":{"self":[{"href":"https:\/\/editorialmediterrania.com\/es\/wp-json\/wp\/v2\/product\/25905","targetHints":{"allow":["GET"]}}],"collection":[{"href":"https:\/\/editorialmediterrania.com\/es\/wp-json\/wp\/v2\/product"}],"about":[{"href":"https:\/\/editorialmediterrania.com\/es\/wp-json\/wp\/v2\/types\/product"}],"wp:featuredmedia":[{"embeddable":true,"href":"https:\/\/editorialmediterrania.com\/es\/wp-json\/wp\/v2\/media\/41273"}],"wp:attachment":[{"href":"https:\/\/editorialmediterrania.com\/es\/wp-json\/wp\/v2\/media?parent=25905"}],"wp:term":[{"taxonomy":"product_cat","embeddable":true,"href":"https:\/\/editorialmediterrania.com\/es\/wp-json\/wp\/v2\/product_cat?post=25905"},{"taxonomy":"product_tag","embeddable":true,"href":"https:\/\/editorialmediterrania.com\/es\/wp-json\/wp\/v2\/product_tag?post=25905"},{"taxonomy":"autors","embeddable":true,"href":"https:\/\/editorialmediterrania.com\/es\/wp-json\/wp\/v2\/autors?post=25905"}],"curies":[{"name":"wp","href":"https:\/\/api.w.org\/{rel}","templated":true}]}}