{"id":26032,"date":"2016-03-01T16:22:14","date_gmt":"2016-03-01T15:22:14","guid":{"rendered":"http:\/\/editorialmediterrania.com\/product\/la-huerta-de-san-francisco-los-secretos-de-horticultura-de-los-conventos-capuchinos-2\/"},"modified":"2025-06-17T11:55:43","modified_gmt":"2025-06-17T09:55:43","slug":"la-huerta-de-san-francisco-los-secretos-de-horticultura-de-los-conventos-capuchinos","status":"publish","type":"product","link":"https:\/\/editorialmediterrania.com\/es\/producto\/la-huerta-de-san-francisco-los-secretos-de-horticultura-de-los-conventos-capuchinos\/","title":{"rendered":"La huerta de San Francisco, los secretos de horticultura de los conventos capuchinos"},"content":{"rendered":"<p>La pastanaga \u00e9s resolutiva en cataplasmes calents; l&#8217;herba dels canonges\u00a0s&#8217;acomoda a tots els terrenys; l&#8217;atzeroler prefereix els s\u00f2ls solts i li s\u00f3n molt perjudicials els compactes, humits i argilosos; els cr\u00e9ixens tenen propietats depuratives i fortificante; la llentia creix en s\u00f2ls pobres i lleugers; l&#8217;api, encara que \u00e9s planta una mica ru\u0301stica, tem molt al fred&#8230;<\/p>\n<p>Aquests s\u00f3n alguns dels \u00absecrets\u00bb de la horti-cultura practicada pels caputxins\u00a0que trobem en aquesta coleccio\u0301 de textos preparada per Fra Valenti\u0301 Serra de Manresa, extrets\u00a0de manuscrits in\u00e8dits i de tractats antics molt poc coneguts.<\/p>\n<p>Despre\u0301s del gran acolliment dels llibres Els caputxins i els herbes remeieres (5 edicions) i Po\u0301cimas de capuchino, el caputx\u00ed i frare Fra Valenti\u0301 Serra (Manresa, 1959) ens ofereix aquesta aproximacio\u0301 a les principals tradicions agr\u00e0ries desenvolupades pels hortolans en els convents caputxins, que van ser, segons l&#8217;autor, \u201cels primers horts urbans\u201d.<\/p>\n","protected":false},"excerpt":{"rendered":"<p>La pastanaga \u00e9s resolutiva en cataplasmes calents; l&#8217;herba dels canonges\u00a0s&#8217;acomoda a tots els terrenys; l&#8217;atzeroler prefereix els s\u00f2ls solts i li s\u00f3n molt perjudicials els compactes, humits i argilosos; els cr\u00e9ixens tenen propietats depuratives i fortificante; la llentia creix en s\u00f2ls pobres i lleugers; l&#8217;api, encara que \u00e9s planta una mica ru\u0301stica, tem molt al [&hellip;]<\/p>\n","protected":false},"featured_media":41288,"template":"","meta":[],"product_cat":[6542,3350],"product_tag":[3855],"autors":[],"class_list":{"0":"post-26032","1":"product","2":"type-product","3":"status-publish","4":"has-post-thumbnail","6":"product_cat-a-la-caputxina-es","7":"product_cat-mediterrania-productes","8":"product_tag-fra-valenti-serra-es","10":"first","11":"instock","12":"purchasable","13":"product-type-simple","swatches":"rey-swatches","show_selected":""},"acf":[],"yoast_head":"<!-- This site is optimized with the Yoast SEO plugin v22.8 - https:\/\/yoast.com\/wordpress\/plugins\/seo\/ -->\n<title>La huerta de San Francisco, los secretos de horticultura de los conventos capuchinos - Editorial Mediterr\u00e0nia<\/title>\n<meta name=\"description\" content=\"Descobreix un m\u00f3n de meravelles a trav\u00e9s dels llibres de la nostra editorial especialitzada en art, cultura i natura per a fam\u00edlies. Amb il\u00b7lustracions fascinants i hist\u00f2ries enriquidores, inspirem el descobriment i la curiositat en petits i grans, connectant-los amb el patrimoni cultural i el meravell\u00f3s m\u00f3n natural que ens envolta\" \/>\n<meta name=\"robots\" content=\"index, follow, max-snippet:-1, max-image-preview:large, max-video-preview:-1\" \/>\n<link rel=\"canonical\" href=\"https:\/\/editorialmediterrania.com\/es\/producto\/la-huerta-de-san-francisco-los-secretos-de-horticultura-de-los-conventos-capuchinos\/\" \/>\n<meta property=\"og:locale\" content=\"es_ES\" \/>\n<meta property=\"og:type\" content=\"article\" \/>\n<meta property=\"og:title\" content=\"La huerta de San Francisco, los secretos de horticultura de los conventos capuchinos - Editorial Mediterr\u00e0nia\" \/>\n<meta property=\"og:description\" content=\"Descobreix un m\u00f3n de meravelles a trav\u00e9s dels llibres de la nostra editorial especialitzada en art, cultura i natura per a fam\u00edlies. Amb il\u00b7lustracions fascinants i hist\u00f2ries enriquidores, inspirem el descobriment i la curiositat en petits i grans, connectant-los amb el patrimoni cultural i el meravell\u00f3s m\u00f3n natural que ens envolta\" \/>\n<meta property=\"og:url\" content=\"https:\/\/editorialmediterrania.com\/es\/producto\/la-huerta-de-san-francisco-los-secretos-de-horticultura-de-los-conventos-capuchinos\/\" \/>\n<meta property=\"og:site_name\" content=\"Editorial Mediterr\u00e0nia\" \/>\n<meta property=\"article:modified_time\" content=\"2025-06-17T09:55:43+00:00\" \/>\n<meta property=\"og:image\" content=\"https:\/\/editorialmediterrania.com\/wp-content\/uploads\/2016\/03\/51kUoE3oDlL.jpg\" \/>\n\t<meta property=\"og:image:width\" content=\"350\" \/>\n\t<meta property=\"og:image:height\" content=\"500\" \/>\n\t<meta property=\"og:image:type\" content=\"image\/jpeg\" \/>\n<meta name=\"twitter:card\" content=\"summary_large_image\" \/>\n<meta name=\"twitter:site\" content=\"@edmediterrania\" \/>\n<meta name=\"twitter:label1\" content=\"Tiempo de lectura\" \/>\n\t<meta name=\"twitter:data1\" content=\"1 minuto\" \/>\n<script type=\"application\/ld+json\" class=\"yoast-schema-graph\">{\"@context\":\"https:\/\/schema.org\",\"@graph\":[{\"@type\":\"WebPage\",\"@id\":\"https:\/\/editorialmediterrania.com\/es\/producto\/la-huerta-de-san-francisco-los-secretos-de-horticultura-de-los-conventos-capuchinos\/\",\"url\":\"https:\/\/editorialmediterrania.com\/es\/producto\/la-huerta-de-san-francisco-los-secretos-de-horticultura-de-los-conventos-capuchinos\/\",\"name\":\"La huerta de San Francisco, los secretos de horticultura de los conventos capuchinos - Editorial Mediterr\u00e0nia\",\"isPartOf\":{\"@id\":\"https:\/\/editorialmediterrania.com\/es\/#website\"},\"primaryImageOfPage\":{\"@id\":\"https:\/\/editorialmediterrania.com\/es\/producto\/la-huerta-de-san-francisco-los-secretos-de-horticultura-de-los-conventos-capuchinos\/#primaryimage\"},\"image\":{\"@id\":\"https:\/\/editorialmediterrania.com\/es\/producto\/la-huerta-de-san-francisco-los-secretos-de-horticultura-de-los-conventos-capuchinos\/#primaryimage\"},\"thumbnailUrl\":\"https:\/\/editorialmediterrania.com\/wp-content\/uploads\/2016\/03\/51kUoE3oDlL.jpg\",\"datePublished\":\"2016-03-01T15:22:14+00:00\",\"dateModified\":\"2025-06-17T09:55:43+00:00\",\"description\":\"Descobreix un m\u00f3n de meravelles a trav\u00e9s dels llibres de la nostra editorial especialitzada en art, cultura i natura per a fam\u00edlies. Amb il\u00b7lustracions fascinants i hist\u00f2ries enriquidores, inspirem el descobriment i la curiositat en petits i grans, connectant-los amb el patrimoni cultural i el meravell\u00f3s m\u00f3n natural que ens envolta\",\"breadcrumb\":{\"@id\":\"https:\/\/editorialmediterrania.com\/es\/producto\/la-huerta-de-san-francisco-los-secretos-de-horticultura-de-los-conventos-capuchinos\/#breadcrumb\"},\"inLanguage\":\"es\",\"potentialAction\":[{\"@type\":\"ReadAction\",\"target\":[\"https:\/\/editorialmediterrania.com\/es\/producto\/la-huerta-de-san-francisco-los-secretos-de-horticultura-de-los-conventos-capuchinos\/\"]}]},{\"@type\":\"ImageObject\",\"inLanguage\":\"es\",\"@id\":\"https:\/\/editorialmediterrania.com\/es\/producto\/la-huerta-de-san-francisco-los-secretos-de-horticultura-de-los-conventos-capuchinos\/#primaryimage\",\"url\":\"https:\/\/editorialmediterrania.com\/wp-content\/uploads\/2016\/03\/51kUoE3oDlL.jpg\",\"contentUrl\":\"https:\/\/editorialmediterrania.com\/wp-content\/uploads\/2016\/03\/51kUoE3oDlL.jpg\",\"width\":350,\"height\":500},{\"@type\":\"BreadcrumbList\",\"@id\":\"https:\/\/editorialmediterrania.com\/es\/producto\/la-huerta-de-san-francisco-los-secretos-de-horticultura-de-los-conventos-capuchinos\/#breadcrumb\",\"itemListElement\":[{\"@type\":\"ListItem\",\"position\":1,\"name\":\"Tienda de libros infantiles de arte\",\"item\":\"https:\/\/editorialmediterrania.com\/es\/tienda-de-libros-infantiles-arte\/\"},{\"@type\":\"ListItem\",\"position\":2,\"name\":\"La huerta de San Francisco, los secretos de horticultura de los conventos capuchinos\"}]},{\"@type\":\"WebSite\",\"@id\":\"https:\/\/editorialmediterrania.com\/es\/#website\",\"url\":\"https:\/\/editorialmediterrania.com\/es\/\",\"name\":\"Editorial Mediterrania\",\"description\":\"Llibres que t\u2019obriran nous mons\",\"publisher\":{\"@id\":\"https:\/\/editorialmediterrania.com\/es\/#organization\"},\"alternateName\":\"Llibres infantils d'art, cultura i natura\",\"potentialAction\":[{\"@type\":\"SearchAction\",\"target\":{\"@type\":\"EntryPoint\",\"urlTemplate\":\"https:\/\/editorialmediterrania.com\/es\/?s={search_term_string}\"},\"query-input\":\"required name=search_term_string\"}],\"inLanguage\":\"es\"},{\"@type\":\"Organization\",\"@id\":\"https:\/\/editorialmediterrania.com\/es\/#organization\",\"name\":\"Editorial Mediterrania\",\"alternateName\":\"Llibres d'art, cultura i natura per infants i fam\u00edlies\",\"url\":\"https:\/\/editorialmediterrania.com\/es\/\",\"logo\":{\"@type\":\"ImageObject\",\"inLanguage\":\"es\",\"@id\":\"https:\/\/editorialmediterrania.com\/es\/#\/schema\/logo\/image\/\",\"url\":\"https:\/\/editorialmediterrania.com\/wp-content\/uploads\/2023\/03\/LOGO-ED_MEDITERRANIA_OK-2.png\",\"contentUrl\":\"https:\/\/editorialmediterrania.com\/wp-content\/uploads\/2023\/03\/LOGO-ED_MEDITERRANIA_OK-2.png\",\"width\":1200,\"height\":300,\"caption\":\"Editorial Mediterrania\"},\"image\":{\"@id\":\"https:\/\/editorialmediterrania.com\/es\/#\/schema\/logo\/image\/\"},\"sameAs\":[\"https:\/\/x.com\/edmediterrania\",\"https:\/\/www.instagram.com\/editorialmediterrania\/\"]}]}<\/script>\n<!-- \/ Yoast SEO plugin. -->","yoast_head_json":{"title":"La huerta de San Francisco, los secretos de horticultura de los conventos capuchinos - Editorial Mediterr\u00e0nia","description":"Descobreix un m\u00f3n de meravelles a trav\u00e9s dels llibres de la nostra editorial especialitzada en art, cultura i natura per a fam\u00edlies. Amb il\u00b7lustracions fascinants i hist\u00f2ries enriquidores, inspirem el descobriment i la curiositat en petits i grans, connectant-los amb el patrimoni cultural i el meravell\u00f3s m\u00f3n natural que ens envolta","robots":{"index":"index","follow":"follow","max-snippet":"max-snippet:-1","max-image-preview":"max-image-preview:large","max-video-preview":"max-video-preview:-1"},"canonical":"https:\/\/editorialmediterrania.com\/es\/producto\/la-huerta-de-san-francisco-los-secretos-de-horticultura-de-los-conventos-capuchinos\/","og_locale":"es_ES","og_type":"article","og_title":"La huerta de San Francisco, los secretos de horticultura de los conventos capuchinos - Editorial Mediterr\u00e0nia","og_description":"Descobreix un m\u00f3n de meravelles a trav\u00e9s dels llibres de la nostra editorial especialitzada en art, cultura i natura per a fam\u00edlies. Amb il\u00b7lustracions fascinants i hist\u00f2ries enriquidores, inspirem el descobriment i la curiositat en petits i grans, connectant-los amb el patrimoni cultural i el meravell\u00f3s m\u00f3n natural que ens envolta","og_url":"https:\/\/editorialmediterrania.com\/es\/producto\/la-huerta-de-san-francisco-los-secretos-de-horticultura-de-los-conventos-capuchinos\/","og_site_name":"Editorial Mediterr\u00e0nia","article_modified_time":"2025-06-17T09:55:43+00:00","og_image":[{"width":350,"height":500,"url":"https:\/\/editorialmediterrania.com\/wp-content\/uploads\/2016\/03\/51kUoE3oDlL.jpg","type":"image\/jpeg"}],"twitter_card":"summary_large_image","twitter_site":"@edmediterrania","twitter_misc":{"Tiempo de lectura":"1 minuto"},"schema":{"@context":"https:\/\/schema.org","@graph":[{"@type":"WebPage","@id":"https:\/\/editorialmediterrania.com\/es\/producto\/la-huerta-de-san-francisco-los-secretos-de-horticultura-de-los-conventos-capuchinos\/","url":"https:\/\/editorialmediterrania.com\/es\/producto\/la-huerta-de-san-francisco-los-secretos-de-horticultura-de-los-conventos-capuchinos\/","name":"La huerta de San Francisco, los secretos de horticultura de los conventos capuchinos - Editorial Mediterr\u00e0nia","isPartOf":{"@id":"https:\/\/editorialmediterrania.com\/es\/#website"},"primaryImageOfPage":{"@id":"https:\/\/editorialmediterrania.com\/es\/producto\/la-huerta-de-san-francisco-los-secretos-de-horticultura-de-los-conventos-capuchinos\/#primaryimage"},"image":{"@id":"https:\/\/editorialmediterrania.com\/es\/producto\/la-huerta-de-san-francisco-los-secretos-de-horticultura-de-los-conventos-capuchinos\/#primaryimage"},"thumbnailUrl":"https:\/\/editorialmediterrania.com\/wp-content\/uploads\/2016\/03\/51kUoE3oDlL.jpg","datePublished":"2016-03-01T15:22:14+00:00","dateModified":"2025-06-17T09:55:43+00:00","description":"Descobreix un m\u00f3n de meravelles a trav\u00e9s dels llibres de la nostra editorial especialitzada en art, cultura i natura per a fam\u00edlies. Amb il\u00b7lustracions fascinants i hist\u00f2ries enriquidores, inspirem el descobriment i la curiositat en petits i grans, connectant-los amb el patrimoni cultural i el meravell\u00f3s m\u00f3n natural que ens envolta","breadcrumb":{"@id":"https:\/\/editorialmediterrania.com\/es\/producto\/la-huerta-de-san-francisco-los-secretos-de-horticultura-de-los-conventos-capuchinos\/#breadcrumb"},"inLanguage":"es","potentialAction":[{"@type":"ReadAction","target":["https:\/\/editorialmediterrania.com\/es\/producto\/la-huerta-de-san-francisco-los-secretos-de-horticultura-de-los-conventos-capuchinos\/"]}]},{"@type":"ImageObject","inLanguage":"es","@id":"https:\/\/editorialmediterrania.com\/es\/producto\/la-huerta-de-san-francisco-los-secretos-de-horticultura-de-los-conventos-capuchinos\/#primaryimage","url":"https:\/\/editorialmediterrania.com\/wp-content\/uploads\/2016\/03\/51kUoE3oDlL.jpg","contentUrl":"https:\/\/editorialmediterrania.com\/wp-content\/uploads\/2016\/03\/51kUoE3oDlL.jpg","width":350,"height":500},{"@type":"BreadcrumbList","@id":"https:\/\/editorialmediterrania.com\/es\/producto\/la-huerta-de-san-francisco-los-secretos-de-horticultura-de-los-conventos-capuchinos\/#breadcrumb","itemListElement":[{"@type":"ListItem","position":1,"name":"Tienda de libros infantiles de arte","item":"https:\/\/editorialmediterrania.com\/es\/tienda-de-libros-infantiles-arte\/"},{"@type":"ListItem","position":2,"name":"La huerta de San Francisco, los secretos de horticultura de los conventos capuchinos"}]},{"@type":"WebSite","@id":"https:\/\/editorialmediterrania.com\/es\/#website","url":"https:\/\/editorialmediterrania.com\/es\/","name":"Editorial Mediterrania","description":"Llibres que t\u2019obriran nous mons","publisher":{"@id":"https:\/\/editorialmediterrania.com\/es\/#organization"},"alternateName":"Llibres infantils d'art, cultura i natura","potentialAction":[{"@type":"SearchAction","target":{"@type":"EntryPoint","urlTemplate":"https:\/\/editorialmediterrania.com\/es\/?s={search_term_string}"},"query-input":"required name=search_term_string"}],"inLanguage":"es"},{"@type":"Organization","@id":"https:\/\/editorialmediterrania.com\/es\/#organization","name":"Editorial Mediterrania","alternateName":"Llibres d'art, cultura i natura per infants i fam\u00edlies","url":"https:\/\/editorialmediterrania.com\/es\/","logo":{"@type":"ImageObject","inLanguage":"es","@id":"https:\/\/editorialmediterrania.com\/es\/#\/schema\/logo\/image\/","url":"https:\/\/editorialmediterrania.com\/wp-content\/uploads\/2023\/03\/LOGO-ED_MEDITERRANIA_OK-2.png","contentUrl":"https:\/\/editorialmediterrania.com\/wp-content\/uploads\/2023\/03\/LOGO-ED_MEDITERRANIA_OK-2.png","width":1200,"height":300,"caption":"Editorial Mediterrania"},"image":{"@id":"https:\/\/editorialmediterrania.com\/es\/#\/schema\/logo\/image\/"},"sameAs":["https:\/\/x.com\/edmediterrania","https:\/\/www.instagram.com\/editorialmediterrania\/"]}]}},"_links":{"self":[{"href":"https:\/\/editorialmediterrania.com\/es\/wp-json\/wp\/v2\/product\/26032","targetHints":{"allow":["GET"]}}],"collection":[{"href":"https:\/\/editorialmediterrania.com\/es\/wp-json\/wp\/v2\/product"}],"about":[{"href":"https:\/\/editorialmediterrania.com\/es\/wp-json\/wp\/v2\/types\/product"}],"wp:featuredmedia":[{"embeddable":true,"href":"https:\/\/editorialmediterrania.com\/es\/wp-json\/wp\/v2\/media\/41288"}],"wp:attachment":[{"href":"https:\/\/editorialmediterrania.com\/es\/wp-json\/wp\/v2\/media?parent=26032"}],"wp:term":[{"taxonomy":"product_cat","embeddable":true,"href":"https:\/\/editorialmediterrania.com\/es\/wp-json\/wp\/v2\/product_cat?post=26032"},{"taxonomy":"product_tag","embeddable":true,"href":"https:\/\/editorialmediterrania.com\/es\/wp-json\/wp\/v2\/product_tag?post=26032"},{"taxonomy":"autors","embeddable":true,"href":"https:\/\/editorialmediterrania.com\/es\/wp-json\/wp\/v2\/autors?post=26032"}],"curies":[{"name":"wp","href":"https:\/\/api.w.org\/{rel}","templated":true}]}}