{"id":26877,"date":"2016-09-01T18:50:05","date_gmt":"2016-09-01T16:50:05","guid":{"rendered":"http:\/\/editorialmediterrania.com\/product\/petita-historia-de-larc-de-bera-2\/"},"modified":"2026-03-09T09:09:53","modified_gmt":"2026-03-09T08:09:53","slug":"petita-historia-de-larc-de-bera","status":"publish","type":"product","link":"https:\/\/editorialmediterrania.com\/es\/producto\/petita-historia-de-larc-de-bera\/","title":{"rendered":"Petita hist\u00f2ria de l&#8217;Arc de Ber\u00e0"},"content":{"rendered":"<p>Us presentem el conte, Petita hist\u00f2ria de l&#8217;Arc de Ber\u00e0, un dels monuments m\u00e9s destacats de l&#8217;\u00e8poca romana a casa nostra. A trav\u00e9s dels ulls dels germans Joan, Pau i Aina, tres nens d&#8217;avui dia que viuen a Roda de Ber\u00e0, coneixerem l&#8217;origen de l&#8217;Arc, les hip\u00f2tesis sobre la seva construcci\u00f3 i algunes de les vicissituds que li han ocorregut al llarg dels segles, com ara una explosi\u00f3 durant la Guerra Civil, els treballs de restauraci\u00f3 i conservaci\u00f3, el seu valor simb\u00f2lic i la seva declaraci\u00f3 com a Patrimoni de la Humanitat.<br \/>\n<a href=\"http:\/\/El conte il.lustrat sobre Dal\u00ed descriu de manera sorprenent la genialitat extravagant del pintor empordan\u00e8s i acosta la figura, vida i obra de l'artista als nens i nenes que el llegeixen.\">La col.lecci\u00f3 de llibres infantils Petites hist\u00f2ries<\/a> compta amb gaireb\u00e9 300 t\u00edtols diferents, tots ells il\u2022lustrats per Pilar\u00edn Bay\u00e9s. Gr\u00e0cies a aquesta col.lecci\u00f3, els nens i nenes de diverses generacions han pogut con\u00e8ixer els artistes, tradicions i indrets m\u00e9s destacats de la nostra cultura, de manera divertida i amena.<\/p>\n","protected":false},"excerpt":{"rendered":"<p>Us presentem el conte, Petita hist\u00f2ria de l&#8217;Arc de Ber\u00e0, un dels monuments m\u00e9s destacats de l&#8217;\u00e8poca romana a casa nostra. A trav\u00e9s dels ulls dels germans Joan, Pau i Aina, tres nens d&#8217;avui dia que viuen a Roda de Ber\u00e0, coneixerem l&#8217;origen de l&#8217;Arc, les hip\u00f2tesis sobre la seva construcci\u00f3 i algunes de les [&hellip;]<\/p>\n","protected":false},"featured_media":41310,"template":"","meta":[],"product_cat":[30,103],"product_tag":[6114,6108,6064,5999,428,396,4113],"autors":[],"class_list":{"0":"post-26877","1":"product","2":"type-product","3":"status-publish","4":"has-post-thumbnail","6":"product_cat-editorial-mediterrania","7":"product_cat-pequenas-historias","8":"product_tag-conte-es","9":"product_tag-conte-il-lustrat-es","10":"product_tag-conte-infantil-es","11":"product_tag-llibre-il-lustrat-es","12":"product_tag-petita-historia-es","13":"product_tag-pilarin-bayes-es","14":"product_tag-tarragona-es","16":"first","17":"outofstock","18":"purchasable","19":"product-type-variable","20":"has-default-attributes","swatches":"rey-swatches","show_selected":""},"acf":[],"yoast_head":"<!-- This site is optimized with the Yoast SEO plugin v22.8 - https:\/\/yoast.com\/wordpress\/plugins\/seo\/ -->\n<title>Petita hist\u00f2ria de l&#039;Arc de Ber\u00e0 - Editorial Mediterr\u00e0nia<\/title>\n<meta name=\"description\" content=\"Conte il.lustrat, Petita hist\u00f2ria de l&#039;Arc de Ber\u00e0, un dels monuments m\u00e9s destacats de l&#039;\u00e8poca romana a casa nostra.\" \/>\n<meta name=\"robots\" content=\"index, follow, max-snippet:-1, max-image-preview:large, max-video-preview:-1\" \/>\n<link rel=\"canonical\" href=\"https:\/\/editorialmediterrania.com\/es\/producto\/petita-historia-de-larc-de-bera\/\" \/>\n<meta property=\"og:locale\" content=\"es_ES\" \/>\n<meta property=\"og:type\" content=\"article\" \/>\n<meta property=\"og:title\" content=\"Petita hist\u00f2ria de l&#039;Arc de Ber\u00e0 - Editorial Mediterr\u00e0nia\" \/>\n<meta property=\"og:description\" content=\"Conte il.lustrat, Petita hist\u00f2ria de l&#039;Arc de Ber\u00e0, un dels monuments m\u00e9s destacats de l&#039;\u00e8poca romana a casa nostra.\" \/>\n<meta property=\"og:url\" content=\"https:\/\/editorialmediterrania.com\/es\/producto\/petita-historia-de-larc-de-bera\/\" \/>\n<meta property=\"og:site_name\" content=\"Editorial Mediterr\u00e0nia\" \/>\n<meta property=\"article:modified_time\" content=\"2026-03-09T08:09:53+00:00\" \/>\n<meta property=\"og:image\" content=\"https:\/\/editorialmediterrania.com\/wp-content\/uploads\/2016\/09\/ph_arc_bera.jpeg\" \/>\n\t<meta property=\"og:image:width\" content=\"472\" \/>\n\t<meta property=\"og:image:height\" content=\"566\" \/>\n\t<meta property=\"og:image:type\" content=\"image\/jpeg\" \/>\n<meta name=\"twitter:card\" content=\"summary_large_image\" \/>\n<meta name=\"twitter:site\" content=\"@edmediterrania\" \/>\n<meta name=\"twitter:label1\" content=\"Tiempo de lectura\" \/>\n\t<meta name=\"twitter:data1\" content=\"1 minuto\" \/>\n<script type=\"application\/ld+json\" class=\"yoast-schema-graph\">{\"@context\":\"https:\/\/schema.org\",\"@graph\":[{\"@type\":\"WebPage\",\"@id\":\"https:\/\/editorialmediterrania.com\/es\/producto\/petita-historia-de-larc-de-bera\/\",\"url\":\"https:\/\/editorialmediterrania.com\/es\/producto\/petita-historia-de-larc-de-bera\/\",\"name\":\"Petita hist\u00f2ria de l'Arc de Ber\u00e0 - Editorial Mediterr\u00e0nia\",\"isPartOf\":{\"@id\":\"https:\/\/editorialmediterrania.com\/es\/#website\"},\"primaryImageOfPage\":{\"@id\":\"https:\/\/editorialmediterrania.com\/es\/producto\/petita-historia-de-larc-de-bera\/#primaryimage\"},\"image\":{\"@id\":\"https:\/\/editorialmediterrania.com\/es\/producto\/petita-historia-de-larc-de-bera\/#primaryimage\"},\"thumbnailUrl\":\"https:\/\/editorialmediterrania.com\/wp-content\/uploads\/2016\/09\/ph_arc_bera.jpeg\",\"datePublished\":\"2016-09-01T16:50:05+00:00\",\"dateModified\":\"2026-03-09T08:09:53+00:00\",\"description\":\"Conte il.lustrat, Petita hist\u00f2ria de l'Arc de Ber\u00e0, un dels monuments m\u00e9s destacats de l'\u00e8poca romana a casa nostra.\",\"breadcrumb\":{\"@id\":\"https:\/\/editorialmediterrania.com\/es\/producto\/petita-historia-de-larc-de-bera\/#breadcrumb\"},\"inLanguage\":\"es\",\"potentialAction\":[{\"@type\":\"ReadAction\",\"target\":[\"https:\/\/editorialmediterrania.com\/es\/producto\/petita-historia-de-larc-de-bera\/\"]}]},{\"@type\":\"ImageObject\",\"inLanguage\":\"es\",\"@id\":\"https:\/\/editorialmediterrania.com\/es\/producto\/petita-historia-de-larc-de-bera\/#primaryimage\",\"url\":\"https:\/\/editorialmediterrania.com\/wp-content\/uploads\/2016\/09\/ph_arc_bera.jpeg\",\"contentUrl\":\"https:\/\/editorialmediterrania.com\/wp-content\/uploads\/2016\/09\/ph_arc_bera.jpeg\",\"width\":472,\"height\":566},{\"@type\":\"BreadcrumbList\",\"@id\":\"https:\/\/editorialmediterrania.com\/es\/producto\/petita-historia-de-larc-de-bera\/#breadcrumb\",\"itemListElement\":[{\"@type\":\"ListItem\",\"position\":1,\"name\":\"Tienda de libros infantiles de arte\",\"item\":\"https:\/\/editorialmediterrania.com\/es\/tienda-de-libros-infantiles-arte\/\"},{\"@type\":\"ListItem\",\"position\":2,\"name\":\"Petita hist\u00f2ria de l&#8217;Arc de Ber\u00e0\"}]},{\"@type\":\"WebSite\",\"@id\":\"https:\/\/editorialmediterrania.com\/es\/#website\",\"url\":\"https:\/\/editorialmediterrania.com\/es\/\",\"name\":\"Editorial Mediterrania\",\"description\":\"Llibres que t\u2019obriran nous mons\",\"publisher\":{\"@id\":\"https:\/\/editorialmediterrania.com\/es\/#organization\"},\"alternateName\":\"Llibres infantils d'art, cultura i natura\",\"potentialAction\":[{\"@type\":\"SearchAction\",\"target\":{\"@type\":\"EntryPoint\",\"urlTemplate\":\"https:\/\/editorialmediterrania.com\/es\/?s={search_term_string}\"},\"query-input\":\"required name=search_term_string\"}],\"inLanguage\":\"es\"},{\"@type\":\"Organization\",\"@id\":\"https:\/\/editorialmediterrania.com\/es\/#organization\",\"name\":\"Editorial Mediterrania\",\"alternateName\":\"Llibres d'art, cultura i natura per infants i fam\u00edlies\",\"url\":\"https:\/\/editorialmediterrania.com\/es\/\",\"logo\":{\"@type\":\"ImageObject\",\"inLanguage\":\"es\",\"@id\":\"https:\/\/editorialmediterrania.com\/es\/#\/schema\/logo\/image\/\",\"url\":\"https:\/\/editorialmediterrania.com\/wp-content\/uploads\/2023\/03\/LOGO-ED_MEDITERRANIA_OK-2.png\",\"contentUrl\":\"https:\/\/editorialmediterrania.com\/wp-content\/uploads\/2023\/03\/LOGO-ED_MEDITERRANIA_OK-2.png\",\"width\":1200,\"height\":300,\"caption\":\"Editorial Mediterrania\"},\"image\":{\"@id\":\"https:\/\/editorialmediterrania.com\/es\/#\/schema\/logo\/image\/\"},\"sameAs\":[\"https:\/\/x.com\/edmediterrania\",\"https:\/\/www.instagram.com\/editorialmediterrania\/\"]}]}<\/script>\n<!-- \/ Yoast SEO plugin. -->","yoast_head_json":{"title":"Petita hist\u00f2ria de l'Arc de Ber\u00e0 - Editorial Mediterr\u00e0nia","description":"Conte il.lustrat, Petita hist\u00f2ria de l'Arc de Ber\u00e0, un dels monuments m\u00e9s destacats de l'\u00e8poca romana a casa nostra.","robots":{"index":"index","follow":"follow","max-snippet":"max-snippet:-1","max-image-preview":"max-image-preview:large","max-video-preview":"max-video-preview:-1"},"canonical":"https:\/\/editorialmediterrania.com\/es\/producto\/petita-historia-de-larc-de-bera\/","og_locale":"es_ES","og_type":"article","og_title":"Petita hist\u00f2ria de l'Arc de Ber\u00e0 - Editorial Mediterr\u00e0nia","og_description":"Conte il.lustrat, Petita hist\u00f2ria de l'Arc de Ber\u00e0, un dels monuments m\u00e9s destacats de l'\u00e8poca romana a casa nostra.","og_url":"https:\/\/editorialmediterrania.com\/es\/producto\/petita-historia-de-larc-de-bera\/","og_site_name":"Editorial Mediterr\u00e0nia","article_modified_time":"2026-03-09T08:09:53+00:00","og_image":[{"width":472,"height":566,"url":"https:\/\/editorialmediterrania.com\/wp-content\/uploads\/2016\/09\/ph_arc_bera.jpeg","type":"image\/jpeg"}],"twitter_card":"summary_large_image","twitter_site":"@edmediterrania","twitter_misc":{"Tiempo de lectura":"1 minuto"},"schema":{"@context":"https:\/\/schema.org","@graph":[{"@type":"WebPage","@id":"https:\/\/editorialmediterrania.com\/es\/producto\/petita-historia-de-larc-de-bera\/","url":"https:\/\/editorialmediterrania.com\/es\/producto\/petita-historia-de-larc-de-bera\/","name":"Petita hist\u00f2ria de l'Arc de Ber\u00e0 - Editorial Mediterr\u00e0nia","isPartOf":{"@id":"https:\/\/editorialmediterrania.com\/es\/#website"},"primaryImageOfPage":{"@id":"https:\/\/editorialmediterrania.com\/es\/producto\/petita-historia-de-larc-de-bera\/#primaryimage"},"image":{"@id":"https:\/\/editorialmediterrania.com\/es\/producto\/petita-historia-de-larc-de-bera\/#primaryimage"},"thumbnailUrl":"https:\/\/editorialmediterrania.com\/wp-content\/uploads\/2016\/09\/ph_arc_bera.jpeg","datePublished":"2016-09-01T16:50:05+00:00","dateModified":"2026-03-09T08:09:53+00:00","description":"Conte il.lustrat, Petita hist\u00f2ria de l'Arc de Ber\u00e0, un dels monuments m\u00e9s destacats de l'\u00e8poca romana a casa nostra.","breadcrumb":{"@id":"https:\/\/editorialmediterrania.com\/es\/producto\/petita-historia-de-larc-de-bera\/#breadcrumb"},"inLanguage":"es","potentialAction":[{"@type":"ReadAction","target":["https:\/\/editorialmediterrania.com\/es\/producto\/petita-historia-de-larc-de-bera\/"]}]},{"@type":"ImageObject","inLanguage":"es","@id":"https:\/\/editorialmediterrania.com\/es\/producto\/petita-historia-de-larc-de-bera\/#primaryimage","url":"https:\/\/editorialmediterrania.com\/wp-content\/uploads\/2016\/09\/ph_arc_bera.jpeg","contentUrl":"https:\/\/editorialmediterrania.com\/wp-content\/uploads\/2016\/09\/ph_arc_bera.jpeg","width":472,"height":566},{"@type":"BreadcrumbList","@id":"https:\/\/editorialmediterrania.com\/es\/producto\/petita-historia-de-larc-de-bera\/#breadcrumb","itemListElement":[{"@type":"ListItem","position":1,"name":"Tienda de libros infantiles de arte","item":"https:\/\/editorialmediterrania.com\/es\/tienda-de-libros-infantiles-arte\/"},{"@type":"ListItem","position":2,"name":"Petita hist\u00f2ria de l&#8217;Arc de Ber\u00e0"}]},{"@type":"WebSite","@id":"https:\/\/editorialmediterrania.com\/es\/#website","url":"https:\/\/editorialmediterrania.com\/es\/","name":"Editorial Mediterrania","description":"Llibres que t\u2019obriran nous mons","publisher":{"@id":"https:\/\/editorialmediterrania.com\/es\/#organization"},"alternateName":"Llibres infantils d'art, cultura i natura","potentialAction":[{"@type":"SearchAction","target":{"@type":"EntryPoint","urlTemplate":"https:\/\/editorialmediterrania.com\/es\/?s={search_term_string}"},"query-input":"required name=search_term_string"}],"inLanguage":"es"},{"@type":"Organization","@id":"https:\/\/editorialmediterrania.com\/es\/#organization","name":"Editorial Mediterrania","alternateName":"Llibres d'art, cultura i natura per infants i fam\u00edlies","url":"https:\/\/editorialmediterrania.com\/es\/","logo":{"@type":"ImageObject","inLanguage":"es","@id":"https:\/\/editorialmediterrania.com\/es\/#\/schema\/logo\/image\/","url":"https:\/\/editorialmediterrania.com\/wp-content\/uploads\/2023\/03\/LOGO-ED_MEDITERRANIA_OK-2.png","contentUrl":"https:\/\/editorialmediterrania.com\/wp-content\/uploads\/2023\/03\/LOGO-ED_MEDITERRANIA_OK-2.png","width":1200,"height":300,"caption":"Editorial Mediterrania"},"image":{"@id":"https:\/\/editorialmediterrania.com\/es\/#\/schema\/logo\/image\/"},"sameAs":["https:\/\/x.com\/edmediterrania","https:\/\/www.instagram.com\/editorialmediterrania\/"]}]}},"_links":{"self":[{"href":"https:\/\/editorialmediterrania.com\/es\/wp-json\/wp\/v2\/product\/26877","targetHints":{"allow":["GET"]}}],"collection":[{"href":"https:\/\/editorialmediterrania.com\/es\/wp-json\/wp\/v2\/product"}],"about":[{"href":"https:\/\/editorialmediterrania.com\/es\/wp-json\/wp\/v2\/types\/product"}],"wp:featuredmedia":[{"embeddable":true,"href":"https:\/\/editorialmediterrania.com\/es\/wp-json\/wp\/v2\/media\/41310"}],"wp:attachment":[{"href":"https:\/\/editorialmediterrania.com\/es\/wp-json\/wp\/v2\/media?parent=26877"}],"wp:term":[{"taxonomy":"product_cat","embeddable":true,"href":"https:\/\/editorialmediterrania.com\/es\/wp-json\/wp\/v2\/product_cat?post=26877"},{"taxonomy":"product_tag","embeddable":true,"href":"https:\/\/editorialmediterrania.com\/es\/wp-json\/wp\/v2\/product_tag?post=26877"},{"taxonomy":"autors","embeddable":true,"href":"https:\/\/editorialmediterrania.com\/es\/wp-json\/wp\/v2\/autors?post=26877"}],"curies":[{"name":"wp","href":"https:\/\/api.w.org\/{rel}","templated":true}]}}