{"id":26913,"date":"2016-09-05T19:06:10","date_gmt":"2016-09-05T17:06:10","guid":{"rendered":"http:\/\/editorialmediterrania.com\/product\/un-mar-dhistories-dali-2\/"},"modified":"2026-03-12T16:05:38","modified_gmt":"2026-03-12T15:05:38","slug":"un-mar-dhistories-dali","status":"publish","type":"product","link":"https:\/\/editorialmediterrania.com\/es\/producto\/un-mar-dhistories-dali\/","title":{"rendered":"Dal\u00ed"},"content":{"rendered":"<p>El conte il.lustrat sobre Dal\u00ed descriu de manera sorprenent la genialitat extravagant del pintor empordan\u00e8s i acosta la figura, vida i obra de l&#8217;artista als nens i nenes que el llegeixen. El text \u00e9s de l&#8217;escriptor i periodista Jordi Nopca, i se centra en el personatge histrionic, ple de llums i ombres, que ell mateix va construir m\u00e9s enll\u00e0 de la seva obra purament pict\u00f2rica. Les il\u00b7lustracions s\u00f3n d&#8217;Albert Array\u00e1s i aconsegueix impressionar el lector amb primers plans de Dal\u00ed i elements caracter\u00edstics dalinians.<\/p>\n<p>Aquest llibre infantil\u00a0 forma part de la <a href=\"http:\/\/localhost:8888\/mediterrania\/\/coleccions\/infantil-juvenil-i-families\/col-leccions\/un-mar-histories\/\">col\u00b7lecci\u00f3 Un Mar d&#8217;hist\u00f2ries,<\/a> col\u00b7lecci\u00f3 que convida a con\u00e8ixer de manera amena i rigorosa alguns dels artistes, monuments i localitats m\u00e9s rellevants de la cultura universal.<\/p>\n<p>Amb el suport de:<\/p>\n<p><a href=\"http:\/\/localhost:8888\/mediterrania\/\/wp-content\/uploads\/2016\/09\/cultura_h3.jpeg\"><img decoding=\"async\" class=\"alignleft size-medium wp-image-27847\" src=\"http:\/\/localhost:8888\/mediterrania\/\/wp-content\/uploads\/2016\/09\/cultura_h3-300x69.jpeg\" alt=\"cultura_h3\" width=\"300\" height=\"69\" srcset=\"https:\/\/editorialmediterrania.com\/wp-content\/uploads\/2016\/09\/cultura_h3-300x69.jpeg 300w, https:\/\/editorialmediterrania.com\/wp-content\/uploads\/2016\/09\/cultura_h3.jpeg 454w\" sizes=\"(max-width: 300px) 100vw, 300px\" \/><\/a><\/p>\n<p class=\"p1\">\n","protected":false},"excerpt":{"rendered":"<p>El conte il.lustrat sobre Dal\u00ed descriu de manera sorprenent la genialitat extravagant del pintor empordan\u00e8s i acosta la figura, vida i obra de l&#8217;artista als nens i nenes que el llegeixen. El text \u00e9s de l&#8217;escriptor i periodista Jordi Nopca, i se centra en el personatge histrionic, ple de llums i ombres, que ell mateix [&hellip;]<\/p>\n","protected":false},"featured_media":41371,"template":"","meta":[],"product_cat":[30,28,4641],"product_tag":[6057,6032,6017,4128,6009,6001,4131,4132],"autors":[],"class_list":{"0":"post-26913","1":"product","2":"type-product","3":"status-publish","4":"has-post-thumbnail","6":"product_cat-editorial-mediterrania","7":"product_cat-arte-en-familia","8":"product_cat-sin-categorizar","9":"product_tag-contes-es","10":"product_tag-contes-il-lustrats-es","11":"product_tag-contes-infantils-es","12":"product_tag-dali-es","13":"product_tag-llibres-il-lustrats-es","14":"product_tag-llibres-infantils-es","15":"product_tag-portlligat-es","16":"product_tag-salvador-dali-es","18":"first","19":"instock","20":"purchasable","21":"product-type-variable","swatches":"rey-swatches","show_selected":""},"acf":[],"yoast_head":"<!-- This site is optimized with the Yoast SEO plugin v22.8 - https:\/\/yoast.com\/wordpress\/plugins\/seo\/ -->\n<title>Conte il.lustrat, Dal\u00ed - Editorial Mediterr\u00e0nia<\/title>\n<meta name=\"description\" content=\"El conte il.lustrat sobre Dal\u00ed descriu de manera sorprenent la genialitat extravagant del pintor empordan\u00e8s i acosta la figura, vida i obra de l&#039;artista als nens i nenes que el llegeixen.\" \/>\n<meta name=\"robots\" content=\"index, follow, max-snippet:-1, max-image-preview:large, max-video-preview:-1\" \/>\n<link rel=\"canonical\" href=\"https:\/\/editorialmediterrania.com\/es\/producto\/un-mar-dhistories-dali\/\" \/>\n<meta property=\"og:locale\" content=\"es_ES\" \/>\n<meta property=\"og:type\" content=\"article\" \/>\n<meta property=\"og:title\" content=\"Conte il.lustrat, Dal\u00ed - Editorial Mediterr\u00e0nia\" \/>\n<meta property=\"og:description\" content=\"El conte il.lustrat sobre Dal\u00ed descriu de manera sorprenent la genialitat extravagant del pintor empordan\u00e8s i acosta la figura, vida i obra de l&#039;artista als nens i nenes que el llegeixen.\" \/>\n<meta property=\"og:url\" content=\"https:\/\/editorialmediterrania.com\/es\/producto\/un-mar-dhistories-dali\/\" \/>\n<meta property=\"og:site_name\" content=\"Editorial Mediterr\u00e0nia\" \/>\n<meta property=\"article:modified_time\" content=\"2026-03-12T15:05:38+00:00\" \/>\n<meta property=\"og:image\" content=\"https:\/\/editorialmediterrania.com\/wp-content\/uploads\/2016\/09\/Captura-de-pantalla-2023-05-23-a-les-8.50.28.png\" \/>\n\t<meta property=\"og:image:width\" content=\"1214\" \/>\n\t<meta property=\"og:image:height\" content=\"1456\" \/>\n\t<meta property=\"og:image:type\" content=\"image\/png\" \/>\n<meta name=\"twitter:card\" content=\"summary_large_image\" \/>\n<meta name=\"twitter:site\" content=\"@edmediterrania\" \/>\n<meta name=\"twitter:label1\" content=\"Tiempo de lectura\" \/>\n\t<meta name=\"twitter:data1\" content=\"1 minuto\" \/>\n<script type=\"application\/ld+json\" class=\"yoast-schema-graph\">{\"@context\":\"https:\/\/schema.org\",\"@graph\":[{\"@type\":\"WebPage\",\"@id\":\"https:\/\/editorialmediterrania.com\/es\/producto\/un-mar-dhistories-dali\/\",\"url\":\"https:\/\/editorialmediterrania.com\/es\/producto\/un-mar-dhistories-dali\/\",\"name\":\"Conte il.lustrat, Dal\u00ed - Editorial Mediterr\u00e0nia\",\"isPartOf\":{\"@id\":\"https:\/\/editorialmediterrania.com\/es\/#website\"},\"primaryImageOfPage\":{\"@id\":\"https:\/\/editorialmediterrania.com\/es\/producto\/un-mar-dhistories-dali\/#primaryimage\"},\"image\":{\"@id\":\"https:\/\/editorialmediterrania.com\/es\/producto\/un-mar-dhistories-dali\/#primaryimage\"},\"thumbnailUrl\":\"https:\/\/editorialmediterrania.com\/wp-content\/uploads\/2016\/09\/Captura-de-pantalla-2023-05-23-a-les-8.50.28.png\",\"datePublished\":\"2016-09-05T17:06:10+00:00\",\"dateModified\":\"2026-03-12T15:05:38+00:00\",\"description\":\"El conte il.lustrat sobre Dal\u00ed descriu de manera sorprenent la genialitat extravagant del pintor empordan\u00e8s i acosta la figura, vida i obra de l'artista als nens i nenes que el llegeixen.\",\"breadcrumb\":{\"@id\":\"https:\/\/editorialmediterrania.com\/es\/producto\/un-mar-dhistories-dali\/#breadcrumb\"},\"inLanguage\":\"es\",\"potentialAction\":[{\"@type\":\"ReadAction\",\"target\":[\"https:\/\/editorialmediterrania.com\/es\/producto\/un-mar-dhistories-dali\/\"]}]},{\"@type\":\"ImageObject\",\"inLanguage\":\"es\",\"@id\":\"https:\/\/editorialmediterrania.com\/es\/producto\/un-mar-dhistories-dali\/#primaryimage\",\"url\":\"https:\/\/editorialmediterrania.com\/wp-content\/uploads\/2016\/09\/Captura-de-pantalla-2023-05-23-a-les-8.50.28.png\",\"contentUrl\":\"https:\/\/editorialmediterrania.com\/wp-content\/uploads\/2016\/09\/Captura-de-pantalla-2023-05-23-a-les-8.50.28.png\",\"width\":1214,\"height\":1456},{\"@type\":\"BreadcrumbList\",\"@id\":\"https:\/\/editorialmediterrania.com\/es\/producto\/un-mar-dhistories-dali\/#breadcrumb\",\"itemListElement\":[{\"@type\":\"ListItem\",\"position\":1,\"name\":\"Tienda de libros infantiles de arte\",\"item\":\"https:\/\/editorialmediterrania.com\/es\/tienda-de-libros-infantiles-arte\/\"},{\"@type\":\"ListItem\",\"position\":2,\"name\":\"Dal\u00ed\"}]},{\"@type\":\"WebSite\",\"@id\":\"https:\/\/editorialmediterrania.com\/es\/#website\",\"url\":\"https:\/\/editorialmediterrania.com\/es\/\",\"name\":\"Editorial Mediterrania\",\"description\":\"Llibres que t\u2019obriran nous mons\",\"publisher\":{\"@id\":\"https:\/\/editorialmediterrania.com\/es\/#organization\"},\"alternateName\":\"Llibres infantils d'art, cultura i natura\",\"potentialAction\":[{\"@type\":\"SearchAction\",\"target\":{\"@type\":\"EntryPoint\",\"urlTemplate\":\"https:\/\/editorialmediterrania.com\/es\/?s={search_term_string}\"},\"query-input\":\"required name=search_term_string\"}],\"inLanguage\":\"es\"},{\"@type\":\"Organization\",\"@id\":\"https:\/\/editorialmediterrania.com\/es\/#organization\",\"name\":\"Editorial Mediterrania\",\"alternateName\":\"Llibres d'art, cultura i natura per infants i fam\u00edlies\",\"url\":\"https:\/\/editorialmediterrania.com\/es\/\",\"logo\":{\"@type\":\"ImageObject\",\"inLanguage\":\"es\",\"@id\":\"https:\/\/editorialmediterrania.com\/es\/#\/schema\/logo\/image\/\",\"url\":\"https:\/\/editorialmediterrania.com\/wp-content\/uploads\/2023\/03\/LOGO-ED_MEDITERRANIA_OK-2.png\",\"contentUrl\":\"https:\/\/editorialmediterrania.com\/wp-content\/uploads\/2023\/03\/LOGO-ED_MEDITERRANIA_OK-2.png\",\"width\":1200,\"height\":300,\"caption\":\"Editorial Mediterrania\"},\"image\":{\"@id\":\"https:\/\/editorialmediterrania.com\/es\/#\/schema\/logo\/image\/\"},\"sameAs\":[\"https:\/\/x.com\/edmediterrania\",\"https:\/\/www.instagram.com\/editorialmediterrania\/\"]}]}<\/script>\n<!-- \/ Yoast SEO plugin. -->","yoast_head_json":{"title":"Conte il.lustrat, Dal\u00ed - Editorial Mediterr\u00e0nia","description":"El conte il.lustrat sobre Dal\u00ed descriu de manera sorprenent la genialitat extravagant del pintor empordan\u00e8s i acosta la figura, vida i obra de l'artista als nens i nenes que el llegeixen.","robots":{"index":"index","follow":"follow","max-snippet":"max-snippet:-1","max-image-preview":"max-image-preview:large","max-video-preview":"max-video-preview:-1"},"canonical":"https:\/\/editorialmediterrania.com\/es\/producto\/un-mar-dhistories-dali\/","og_locale":"es_ES","og_type":"article","og_title":"Conte il.lustrat, Dal\u00ed - Editorial Mediterr\u00e0nia","og_description":"El conte il.lustrat sobre Dal\u00ed descriu de manera sorprenent la genialitat extravagant del pintor empordan\u00e8s i acosta la figura, vida i obra de l'artista als nens i nenes que el llegeixen.","og_url":"https:\/\/editorialmediterrania.com\/es\/producto\/un-mar-dhistories-dali\/","og_site_name":"Editorial Mediterr\u00e0nia","article_modified_time":"2026-03-12T15:05:38+00:00","og_image":[{"width":1214,"height":1456,"url":"https:\/\/editorialmediterrania.com\/wp-content\/uploads\/2016\/09\/Captura-de-pantalla-2023-05-23-a-les-8.50.28.png","type":"image\/png"}],"twitter_card":"summary_large_image","twitter_site":"@edmediterrania","twitter_misc":{"Tiempo de lectura":"1 minuto"},"schema":{"@context":"https:\/\/schema.org","@graph":[{"@type":"WebPage","@id":"https:\/\/editorialmediterrania.com\/es\/producto\/un-mar-dhistories-dali\/","url":"https:\/\/editorialmediterrania.com\/es\/producto\/un-mar-dhistories-dali\/","name":"Conte il.lustrat, Dal\u00ed - Editorial Mediterr\u00e0nia","isPartOf":{"@id":"https:\/\/editorialmediterrania.com\/es\/#website"},"primaryImageOfPage":{"@id":"https:\/\/editorialmediterrania.com\/es\/producto\/un-mar-dhistories-dali\/#primaryimage"},"image":{"@id":"https:\/\/editorialmediterrania.com\/es\/producto\/un-mar-dhistories-dali\/#primaryimage"},"thumbnailUrl":"https:\/\/editorialmediterrania.com\/wp-content\/uploads\/2016\/09\/Captura-de-pantalla-2023-05-23-a-les-8.50.28.png","datePublished":"2016-09-05T17:06:10+00:00","dateModified":"2026-03-12T15:05:38+00:00","description":"El conte il.lustrat sobre Dal\u00ed descriu de manera sorprenent la genialitat extravagant del pintor empordan\u00e8s i acosta la figura, vida i obra de l'artista als nens i nenes que el llegeixen.","breadcrumb":{"@id":"https:\/\/editorialmediterrania.com\/es\/producto\/un-mar-dhistories-dali\/#breadcrumb"},"inLanguage":"es","potentialAction":[{"@type":"ReadAction","target":["https:\/\/editorialmediterrania.com\/es\/producto\/un-mar-dhistories-dali\/"]}]},{"@type":"ImageObject","inLanguage":"es","@id":"https:\/\/editorialmediterrania.com\/es\/producto\/un-mar-dhistories-dali\/#primaryimage","url":"https:\/\/editorialmediterrania.com\/wp-content\/uploads\/2016\/09\/Captura-de-pantalla-2023-05-23-a-les-8.50.28.png","contentUrl":"https:\/\/editorialmediterrania.com\/wp-content\/uploads\/2016\/09\/Captura-de-pantalla-2023-05-23-a-les-8.50.28.png","width":1214,"height":1456},{"@type":"BreadcrumbList","@id":"https:\/\/editorialmediterrania.com\/es\/producto\/un-mar-dhistories-dali\/#breadcrumb","itemListElement":[{"@type":"ListItem","position":1,"name":"Tienda de libros infantiles de arte","item":"https:\/\/editorialmediterrania.com\/es\/tienda-de-libros-infantiles-arte\/"},{"@type":"ListItem","position":2,"name":"Dal\u00ed"}]},{"@type":"WebSite","@id":"https:\/\/editorialmediterrania.com\/es\/#website","url":"https:\/\/editorialmediterrania.com\/es\/","name":"Editorial Mediterrania","description":"Llibres que t\u2019obriran nous mons","publisher":{"@id":"https:\/\/editorialmediterrania.com\/es\/#organization"},"alternateName":"Llibres infantils d'art, cultura i natura","potentialAction":[{"@type":"SearchAction","target":{"@type":"EntryPoint","urlTemplate":"https:\/\/editorialmediterrania.com\/es\/?s={search_term_string}"},"query-input":"required name=search_term_string"}],"inLanguage":"es"},{"@type":"Organization","@id":"https:\/\/editorialmediterrania.com\/es\/#organization","name":"Editorial Mediterrania","alternateName":"Llibres d'art, cultura i natura per infants i fam\u00edlies","url":"https:\/\/editorialmediterrania.com\/es\/","logo":{"@type":"ImageObject","inLanguage":"es","@id":"https:\/\/editorialmediterrania.com\/es\/#\/schema\/logo\/image\/","url":"https:\/\/editorialmediterrania.com\/wp-content\/uploads\/2023\/03\/LOGO-ED_MEDITERRANIA_OK-2.png","contentUrl":"https:\/\/editorialmediterrania.com\/wp-content\/uploads\/2023\/03\/LOGO-ED_MEDITERRANIA_OK-2.png","width":1200,"height":300,"caption":"Editorial Mediterrania"},"image":{"@id":"https:\/\/editorialmediterrania.com\/es\/#\/schema\/logo\/image\/"},"sameAs":["https:\/\/x.com\/edmediterrania","https:\/\/www.instagram.com\/editorialmediterrania\/"]}]}},"_links":{"self":[{"href":"https:\/\/editorialmediterrania.com\/es\/wp-json\/wp\/v2\/product\/26913","targetHints":{"allow":["GET"]}}],"collection":[{"href":"https:\/\/editorialmediterrania.com\/es\/wp-json\/wp\/v2\/product"}],"about":[{"href":"https:\/\/editorialmediterrania.com\/es\/wp-json\/wp\/v2\/types\/product"}],"wp:featuredmedia":[{"embeddable":true,"href":"https:\/\/editorialmediterrania.com\/es\/wp-json\/wp\/v2\/media\/41371"}],"wp:attachment":[{"href":"https:\/\/editorialmediterrania.com\/es\/wp-json\/wp\/v2\/media?parent=26913"}],"wp:term":[{"taxonomy":"product_cat","embeddable":true,"href":"https:\/\/editorialmediterrania.com\/es\/wp-json\/wp\/v2\/product_cat?post=26913"},{"taxonomy":"product_tag","embeddable":true,"href":"https:\/\/editorialmediterrania.com\/es\/wp-json\/wp\/v2\/product_tag?post=26913"},{"taxonomy":"autors","embeddable":true,"href":"https:\/\/editorialmediterrania.com\/es\/wp-json\/wp\/v2\/autors?post=26913"}],"curies":[{"name":"wp","href":"https:\/\/api.w.org\/{rel}","templated":true}]}}