{"id":27256,"date":"2017-01-30T22:30:06","date_gmt":"2017-01-30T21:30:06","guid":{"rendered":"http:\/\/editorialmediterrania.com\/product\/petita-historia-de-ramon-casas-2\/"},"modified":"2025-09-02T15:42:08","modified_gmt":"2025-09-02T13:42:08","slug":"petita-historia-de-ramon-casas","status":"publish","type":"product","link":"https:\/\/editorialmediterrania.com\/es\/producto\/petita-historia-de-ramon-casas\/","title":{"rendered":"Petita hist\u00f2ria de Ramon Casas"},"content":{"rendered":"<p>Publicada amb motiu de l&#8217;Any Ramon Casas en commemoraci\u00f3 del 150\u00e8 aniversari del seu naixement.<br \/>\nUs presentem la Petita hist\u00f2ria del pintor Ramon Casas, un dels artistes m\u00e9s representatius del Modernisme i de la pintura catalana fins al primer ter\u00e7 del segle vint.<br \/>\nEl text \u00e9s de Vinyet Panyella, comiss\u00e0ria de l&#8217;Any Casas, historiadora de l&#8217;art, escriptora i directora dels Museus de Sitges.<br \/>\n<a href=\"http:\/\/localhost:8888\/mediterrania\/\/coleccions\/infantil-juvenil-i-families\/col-leccions\/petites-histories\/\">La col\u00b7lecci\u00f3 de llibres infantils Petites hist\u00f2ries<\/a> compta amb m\u00e9s de 300 t\u00edtols diferents, tots ells il\u00b7lustrats per Pilar\u00edn Bay\u00e9s. Gr\u00e0cies a aquesta col\u00b7lecci\u00f3, els nens i nenes de diverses generacions han pogut con\u00e8ixer els artistes, tradicions i indrets m\u00e9s destacats del nostre pa\u00eds, de manera divertida i amena.<\/p>\n","protected":false},"excerpt":{"rendered":"<p>Publicada amb motiu de l&#8217;Any Ramon Casas en commemoraci\u00f3 del 150\u00e8 aniversari del seu naixement. Us presentem la Petita hist\u00f2ria del pintor Ramon Casas, un dels artistes m\u00e9s representatius del Modernisme i de la pintura catalana fins al primer ter\u00e7 del segle vint. El text \u00e9s de Vinyet Panyella, comiss\u00e0ria de l&#8217;Any Casas, historiadora de [&hellip;]<\/p>\n","protected":false},"featured_media":27309,"template":"","meta":[],"product_cat":[30,103],"product_tag":[6017,393,6009,6001,396,4235],"autors":[],"class_list":{"0":"post-27256","1":"product","2":"type-product","3":"status-publish","4":"has-post-thumbnail","6":"product_cat-editorial-mediterrania","7":"product_cat-pequenas-historias","8":"product_tag-contes-infantils-es","9":"product_tag-libro-infantil-es","10":"product_tag-llibres-il-lustrats-es","11":"product_tag-llibres-infantils-es","12":"product_tag-pilarin-bayes-es","13":"product_tag-vinyet-panyella-es","15":"first","16":"instock","17":"purchasable","18":"product-type-variable","19":"has-default-attributes","swatches":"rey-swatches","show_selected":""},"acf":[],"yoast_head":"<!-- This site is optimized with the Yoast SEO plugin v22.8 - https:\/\/yoast.com\/wordpress\/plugins\/seo\/ -->\n<title>Petita hist\u00f2ria de Ramon Casas , llibre infantil - Editorial Mediterr\u00e0nia<\/title>\n<meta name=\"description\" content=\"Llibre infantil &quot; Petita hist\u00f2ria del pintor Ramon Casas&quot;, un dels artistes m\u00e9s representatius del Modernisme i de la pintura catalana fins al primer ter\u00e7 del segle vint.\" \/>\n<meta name=\"robots\" content=\"index, follow, max-snippet:-1, max-image-preview:large, max-video-preview:-1\" \/>\n<link rel=\"canonical\" href=\"https:\/\/editorialmediterrania.com\/es\/producto\/petita-historia-de-ramon-casas\/\" \/>\n<meta property=\"og:locale\" content=\"es_ES\" \/>\n<meta property=\"og:type\" content=\"article\" \/>\n<meta property=\"og:title\" content=\"Petita hist\u00f2ria de Ramon Casas , llibre infantil - Editorial Mediterr\u00e0nia\" \/>\n<meta property=\"og:description\" content=\"Llibre infantil &quot; Petita hist\u00f2ria del pintor Ramon Casas&quot;, un dels artistes m\u00e9s representatius del Modernisme i de la pintura catalana fins al primer ter\u00e7 del segle vint.\" \/>\n<meta property=\"og:url\" content=\"https:\/\/editorialmediterrania.com\/es\/producto\/petita-historia-de-ramon-casas\/\" \/>\n<meta property=\"og:site_name\" content=\"Editorial Mediterr\u00e0nia\" \/>\n<meta property=\"article:modified_time\" content=\"2025-09-02T13:42:08+00:00\" \/>\n<meta property=\"og:image\" content=\"https:\/\/editorialmediterrania.com\/wp-content\/uploads\/2017\/01\/petita-historia-de-ramon-casas-min.jpeg\" \/>\n\t<meta property=\"og:image:width\" content=\"472\" \/>\n\t<meta property=\"og:image:height\" content=\"560\" \/>\n\t<meta property=\"og:image:type\" content=\"image\/jpeg\" \/>\n<meta name=\"twitter:card\" content=\"summary_large_image\" \/>\n<meta name=\"twitter:site\" content=\"@edmediterrania\" \/>\n<meta name=\"twitter:label1\" content=\"Tiempo de lectura\" \/>\n\t<meta name=\"twitter:data1\" content=\"1 minuto\" \/>\n<script type=\"application\/ld+json\" class=\"yoast-schema-graph\">{\"@context\":\"https:\/\/schema.org\",\"@graph\":[{\"@type\":\"WebPage\",\"@id\":\"https:\/\/editorialmediterrania.com\/es\/producto\/petita-historia-de-ramon-casas\/\",\"url\":\"https:\/\/editorialmediterrania.com\/es\/producto\/petita-historia-de-ramon-casas\/\",\"name\":\"Petita hist\u00f2ria de Ramon Casas , llibre infantil - Editorial Mediterr\u00e0nia\",\"isPartOf\":{\"@id\":\"https:\/\/editorialmediterrania.com\/es\/#website\"},\"primaryImageOfPage\":{\"@id\":\"https:\/\/editorialmediterrania.com\/es\/producto\/petita-historia-de-ramon-casas\/#primaryimage\"},\"image\":{\"@id\":\"https:\/\/editorialmediterrania.com\/es\/producto\/petita-historia-de-ramon-casas\/#primaryimage\"},\"thumbnailUrl\":\"https:\/\/editorialmediterrania.com\/wp-content\/uploads\/2017\/01\/petita-historia-de-ramon-casas-min.jpeg\",\"datePublished\":\"2017-01-30T21:30:06+00:00\",\"dateModified\":\"2025-09-02T13:42:08+00:00\",\"description\":\"Llibre infantil \\\" Petita hist\u00f2ria del pintor Ramon Casas\\\", un dels artistes m\u00e9s representatius del Modernisme i de la pintura catalana fins al primer ter\u00e7 del segle vint.\",\"breadcrumb\":{\"@id\":\"https:\/\/editorialmediterrania.com\/es\/producto\/petita-historia-de-ramon-casas\/#breadcrumb\"},\"inLanguage\":\"es\",\"potentialAction\":[{\"@type\":\"ReadAction\",\"target\":[\"https:\/\/editorialmediterrania.com\/es\/producto\/petita-historia-de-ramon-casas\/\"]}]},{\"@type\":\"ImageObject\",\"inLanguage\":\"es\",\"@id\":\"https:\/\/editorialmediterrania.com\/es\/producto\/petita-historia-de-ramon-casas\/#primaryimage\",\"url\":\"https:\/\/editorialmediterrania.com\/wp-content\/uploads\/2017\/01\/petita-historia-de-ramon-casas-min.jpeg\",\"contentUrl\":\"https:\/\/editorialmediterrania.com\/wp-content\/uploads\/2017\/01\/petita-historia-de-ramon-casas-min.jpeg\",\"width\":472,\"height\":560,\"caption\":\"Petita hist\u00f2ria Ramon Casas - Editorial Mediterr\u00e0nia\"},{\"@type\":\"BreadcrumbList\",\"@id\":\"https:\/\/editorialmediterrania.com\/es\/producto\/petita-historia-de-ramon-casas\/#breadcrumb\",\"itemListElement\":[{\"@type\":\"ListItem\",\"position\":1,\"name\":\"Tienda de libros infantiles de arte\",\"item\":\"https:\/\/editorialmediterrania.com\/es\/tienda-de-libros-infantiles-arte\/\"},{\"@type\":\"ListItem\",\"position\":2,\"name\":\"Petita hist\u00f2ria de Ramon Casas\"}]},{\"@type\":\"WebSite\",\"@id\":\"https:\/\/editorialmediterrania.com\/es\/#website\",\"url\":\"https:\/\/editorialmediterrania.com\/es\/\",\"name\":\"Editorial Mediterrania\",\"description\":\"Llibres que t\u2019obriran nous mons\",\"publisher\":{\"@id\":\"https:\/\/editorialmediterrania.com\/es\/#organization\"},\"alternateName\":\"Llibres infantils d'art, cultura i natura\",\"potentialAction\":[{\"@type\":\"SearchAction\",\"target\":{\"@type\":\"EntryPoint\",\"urlTemplate\":\"https:\/\/editorialmediterrania.com\/es\/?s={search_term_string}\"},\"query-input\":\"required name=search_term_string\"}],\"inLanguage\":\"es\"},{\"@type\":\"Organization\",\"@id\":\"https:\/\/editorialmediterrania.com\/es\/#organization\",\"name\":\"Editorial Mediterrania\",\"alternateName\":\"Llibres d'art, cultura i natura per infants i fam\u00edlies\",\"url\":\"https:\/\/editorialmediterrania.com\/es\/\",\"logo\":{\"@type\":\"ImageObject\",\"inLanguage\":\"es\",\"@id\":\"https:\/\/editorialmediterrania.com\/es\/#\/schema\/logo\/image\/\",\"url\":\"https:\/\/editorialmediterrania.com\/wp-content\/uploads\/2023\/03\/LOGO-ED_MEDITERRANIA_OK-2.png\",\"contentUrl\":\"https:\/\/editorialmediterrania.com\/wp-content\/uploads\/2023\/03\/LOGO-ED_MEDITERRANIA_OK-2.png\",\"width\":1200,\"height\":300,\"caption\":\"Editorial Mediterrania\"},\"image\":{\"@id\":\"https:\/\/editorialmediterrania.com\/es\/#\/schema\/logo\/image\/\"},\"sameAs\":[\"https:\/\/x.com\/edmediterrania\",\"https:\/\/www.instagram.com\/editorialmediterrania\/\"]}]}<\/script>\n<!-- \/ Yoast SEO plugin. -->","yoast_head_json":{"title":"Petita hist\u00f2ria de Ramon Casas , llibre infantil - Editorial Mediterr\u00e0nia","description":"Llibre infantil \" Petita hist\u00f2ria del pintor Ramon Casas\", un dels artistes m\u00e9s representatius del Modernisme i de la pintura catalana fins al primer ter\u00e7 del segle vint.","robots":{"index":"index","follow":"follow","max-snippet":"max-snippet:-1","max-image-preview":"max-image-preview:large","max-video-preview":"max-video-preview:-1"},"canonical":"https:\/\/editorialmediterrania.com\/es\/producto\/petita-historia-de-ramon-casas\/","og_locale":"es_ES","og_type":"article","og_title":"Petita hist\u00f2ria de Ramon Casas , llibre infantil - Editorial Mediterr\u00e0nia","og_description":"Llibre infantil \" Petita hist\u00f2ria del pintor Ramon Casas\", un dels artistes m\u00e9s representatius del Modernisme i de la pintura catalana fins al primer ter\u00e7 del segle vint.","og_url":"https:\/\/editorialmediterrania.com\/es\/producto\/petita-historia-de-ramon-casas\/","og_site_name":"Editorial Mediterr\u00e0nia","article_modified_time":"2025-09-02T13:42:08+00:00","og_image":[{"width":472,"height":560,"url":"https:\/\/editorialmediterrania.com\/wp-content\/uploads\/2017\/01\/petita-historia-de-ramon-casas-min.jpeg","type":"image\/jpeg"}],"twitter_card":"summary_large_image","twitter_site":"@edmediterrania","twitter_misc":{"Tiempo de lectura":"1 minuto"},"schema":{"@context":"https:\/\/schema.org","@graph":[{"@type":"WebPage","@id":"https:\/\/editorialmediterrania.com\/es\/producto\/petita-historia-de-ramon-casas\/","url":"https:\/\/editorialmediterrania.com\/es\/producto\/petita-historia-de-ramon-casas\/","name":"Petita hist\u00f2ria de Ramon Casas , llibre infantil - Editorial Mediterr\u00e0nia","isPartOf":{"@id":"https:\/\/editorialmediterrania.com\/es\/#website"},"primaryImageOfPage":{"@id":"https:\/\/editorialmediterrania.com\/es\/producto\/petita-historia-de-ramon-casas\/#primaryimage"},"image":{"@id":"https:\/\/editorialmediterrania.com\/es\/producto\/petita-historia-de-ramon-casas\/#primaryimage"},"thumbnailUrl":"https:\/\/editorialmediterrania.com\/wp-content\/uploads\/2017\/01\/petita-historia-de-ramon-casas-min.jpeg","datePublished":"2017-01-30T21:30:06+00:00","dateModified":"2025-09-02T13:42:08+00:00","description":"Llibre infantil \" Petita hist\u00f2ria del pintor Ramon Casas\", un dels artistes m\u00e9s representatius del Modernisme i de la pintura catalana fins al primer ter\u00e7 del segle vint.","breadcrumb":{"@id":"https:\/\/editorialmediterrania.com\/es\/producto\/petita-historia-de-ramon-casas\/#breadcrumb"},"inLanguage":"es","potentialAction":[{"@type":"ReadAction","target":["https:\/\/editorialmediterrania.com\/es\/producto\/petita-historia-de-ramon-casas\/"]}]},{"@type":"ImageObject","inLanguage":"es","@id":"https:\/\/editorialmediterrania.com\/es\/producto\/petita-historia-de-ramon-casas\/#primaryimage","url":"https:\/\/editorialmediterrania.com\/wp-content\/uploads\/2017\/01\/petita-historia-de-ramon-casas-min.jpeg","contentUrl":"https:\/\/editorialmediterrania.com\/wp-content\/uploads\/2017\/01\/petita-historia-de-ramon-casas-min.jpeg","width":472,"height":560,"caption":"Petita hist\u00f2ria Ramon Casas - Editorial Mediterr\u00e0nia"},{"@type":"BreadcrumbList","@id":"https:\/\/editorialmediterrania.com\/es\/producto\/petita-historia-de-ramon-casas\/#breadcrumb","itemListElement":[{"@type":"ListItem","position":1,"name":"Tienda de libros infantiles de arte","item":"https:\/\/editorialmediterrania.com\/es\/tienda-de-libros-infantiles-arte\/"},{"@type":"ListItem","position":2,"name":"Petita hist\u00f2ria de Ramon Casas"}]},{"@type":"WebSite","@id":"https:\/\/editorialmediterrania.com\/es\/#website","url":"https:\/\/editorialmediterrania.com\/es\/","name":"Editorial Mediterrania","description":"Llibres que t\u2019obriran nous mons","publisher":{"@id":"https:\/\/editorialmediterrania.com\/es\/#organization"},"alternateName":"Llibres infantils d'art, cultura i natura","potentialAction":[{"@type":"SearchAction","target":{"@type":"EntryPoint","urlTemplate":"https:\/\/editorialmediterrania.com\/es\/?s={search_term_string}"},"query-input":"required name=search_term_string"}],"inLanguage":"es"},{"@type":"Organization","@id":"https:\/\/editorialmediterrania.com\/es\/#organization","name":"Editorial Mediterrania","alternateName":"Llibres d'art, cultura i natura per infants i fam\u00edlies","url":"https:\/\/editorialmediterrania.com\/es\/","logo":{"@type":"ImageObject","inLanguage":"es","@id":"https:\/\/editorialmediterrania.com\/es\/#\/schema\/logo\/image\/","url":"https:\/\/editorialmediterrania.com\/wp-content\/uploads\/2023\/03\/LOGO-ED_MEDITERRANIA_OK-2.png","contentUrl":"https:\/\/editorialmediterrania.com\/wp-content\/uploads\/2023\/03\/LOGO-ED_MEDITERRANIA_OK-2.png","width":1200,"height":300,"caption":"Editorial Mediterrania"},"image":{"@id":"https:\/\/editorialmediterrania.com\/es\/#\/schema\/logo\/image\/"},"sameAs":["https:\/\/x.com\/edmediterrania","https:\/\/www.instagram.com\/editorialmediterrania\/"]}]}},"_links":{"self":[{"href":"https:\/\/editorialmediterrania.com\/es\/wp-json\/wp\/v2\/product\/27256","targetHints":{"allow":["GET"]}}],"collection":[{"href":"https:\/\/editorialmediterrania.com\/es\/wp-json\/wp\/v2\/product"}],"about":[{"href":"https:\/\/editorialmediterrania.com\/es\/wp-json\/wp\/v2\/types\/product"}],"wp:featuredmedia":[{"embeddable":true,"href":"https:\/\/editorialmediterrania.com\/es\/wp-json\/wp\/v2\/media\/27309"}],"wp:attachment":[{"href":"https:\/\/editorialmediterrania.com\/es\/wp-json\/wp\/v2\/media?parent=27256"}],"wp:term":[{"taxonomy":"product_cat","embeddable":true,"href":"https:\/\/editorialmediterrania.com\/es\/wp-json\/wp\/v2\/product_cat?post=27256"},{"taxonomy":"product_tag","embeddable":true,"href":"https:\/\/editorialmediterrania.com\/es\/wp-json\/wp\/v2\/product_tag?post=27256"},{"taxonomy":"autors","embeddable":true,"href":"https:\/\/editorialmediterrania.com\/es\/wp-json\/wp\/v2\/autors?post=27256"}],"curies":[{"name":"wp","href":"https:\/\/api.w.org\/{rel}","templated":true}]}}