{"id":27262,"date":"2017-01-30T22:54:10","date_gmt":"2017-01-30T21:54:10","guid":{"rendered":"http:\/\/editorialmediterrania.com\/product\/explorem-tarragona-2\/"},"modified":"2023-08-01T14:32:18","modified_gmt":"2023-08-01T12:32:18","slug":"exploremos-tarragona","status":"publish","type":"product","link":"https:\/\/editorialmediterrania.com\/es\/producto\/exploremos-tarragona\/","title":{"rendered":"\u00a1Exploremos Tarragona!"},"content":{"rendered":"<p>\u00a1Un libro para toda la familia!<br \/>\nHasta 48 misiones y enigmas diferentes para resolver mientras vuestro equipo de exploradores y exploradoras descubre los secretos que esconde la ciudad de Tarragona. Sigue las rutas, escanea los c\u00f3digos QR y aver\u00edgualo todo sobre la llamada Tarraco en tiempo de los romanos. Suma puntos haciendo actividades, resolviendo enigmas y divirti\u00e9ndote con los juegos que propone esta gu\u00eda familiar y as\u00ed consigue tu diploma de superexplorador o superexploradora!<\/p>\n<p>Te proponemos descubrir y explorar la ciudad como no lo has hecho nunca, con un mont\u00f3n de rutas, actividades y juegos para hacer en familia. Adem\u00e1s, descubrir\u00e1s su historia y los periodos m\u00e1s importantes que han hecho que la ciudad tenga una fisonom\u00eda propia y \u00fanica con propuestas para ver y vivir la ciudad como aut\u00e9nticos y aut\u00e9nticas exploradores y exploradoras.<\/p>\n","protected":false},"excerpt":{"rendered":"<p>\u00a1Un libro para toda la familia! Hasta 48 misiones y enigmas diferentes para resolver mientras vuestro equipo de exploradores y exploradoras descubre los secretos que esconde la ciudad de Tarragona. Sigue las rutas, escanea los c\u00f3digos QR y aver\u00edgualo todo sobre la llamada Tarraco en tiempo de los romanos. Suma puntos haciendo actividades, resolviendo enigmas [&hellip;]<\/p>\n","protected":false},"featured_media":32874,"template":"","meta":[],"product_cat":[30,321],"product_tag":[4113],"autors":[],"class_list":{"0":"post-27262","1":"product","2":"type-product","3":"status-publish","4":"has-post-thumbnail","6":"product_cat-editorial-mediterrania","7":"product_cat-tradiciones","8":"product_tag-tarragona-es","10":"first","11":"instock","12":"purchasable","13":"product-type-simple","swatches":"rey-swatches","show_selected":""},"acf":[],"yoast_head":"<!-- This site is optimized with the Yoast SEO plugin v22.8 - https:\/\/yoast.com\/wordpress\/plugins\/seo\/ -->\n<title>\u00a1Exploremos Tarragona! Un libro para toda la familia - Editorial Mediterr\u00e0nia<\/title>\n<meta name=\"description\" content=\"Un libro para toda la familia. Hasta 48 misiones y enigmas diferentes para resolver mientras vuestro equipo de exploradores y exploradoras descubre los secretos que esconde la ciudad de Tarragona.\" \/>\n<meta name=\"robots\" content=\"index, follow, max-snippet:-1, max-image-preview:large, max-video-preview:-1\" \/>\n<link rel=\"canonical\" href=\"https:\/\/editorialmediterrania.com\/es\/producto\/exploremos-tarragona\/\" \/>\n<meta property=\"og:locale\" content=\"es_ES\" \/>\n<meta property=\"og:type\" content=\"article\" \/>\n<meta property=\"og:title\" content=\"\u00a1Exploremos Tarragona! Un libro para toda la familia - Editorial Mediterr\u00e0nia\" \/>\n<meta property=\"og:description\" content=\"Un libro para toda la familia. Hasta 48 misiones y enigmas diferentes para resolver mientras vuestro equipo de exploradores y exploradoras descubre los secretos que esconde la ciudad de Tarragona.\" \/>\n<meta property=\"og:url\" content=\"https:\/\/editorialmediterrania.com\/es\/producto\/exploremos-tarragona\/\" \/>\n<meta property=\"og:site_name\" content=\"Editorial Mediterr\u00e0nia\" \/>\n<meta property=\"article:modified_time\" content=\"2023-08-01T12:32:18+00:00\" \/>\n<meta property=\"og:image\" content=\"https:\/\/editorialmediterrania.com\/wp-content\/uploads\/2017\/01\/Captura-de-pantalla-2019-09-04-a-las-18.39.57.png\" \/>\n\t<meta property=\"og:image:width\" content=\"487\" \/>\n\t<meta property=\"og:image:height\" content=\"660\" \/>\n\t<meta property=\"og:image:type\" content=\"image\/png\" \/>\n<meta name=\"twitter:card\" content=\"summary_large_image\" \/>\n<meta name=\"twitter:site\" content=\"@edmediterrania\" \/>\n<meta name=\"twitter:label1\" content=\"Tiempo de lectura\" \/>\n\t<meta name=\"twitter:data1\" content=\"1 minuto\" \/>\n<script type=\"application\/ld+json\" class=\"yoast-schema-graph\">{\"@context\":\"https:\/\/schema.org\",\"@graph\":[{\"@type\":\"WebPage\",\"@id\":\"https:\/\/editorialmediterrania.com\/es\/producto\/exploremos-tarragona\/\",\"url\":\"https:\/\/editorialmediterrania.com\/es\/producto\/exploremos-tarragona\/\",\"name\":\"\u00a1Exploremos Tarragona! Un libro para toda la familia - Editorial Mediterr\u00e0nia\",\"isPartOf\":{\"@id\":\"https:\/\/editorialmediterrania.com\/es\/#website\"},\"primaryImageOfPage\":{\"@id\":\"https:\/\/editorialmediterrania.com\/es\/producto\/exploremos-tarragona\/#primaryimage\"},\"image\":{\"@id\":\"https:\/\/editorialmediterrania.com\/es\/producto\/exploremos-tarragona\/#primaryimage\"},\"thumbnailUrl\":\"https:\/\/editorialmediterrania.com\/wp-content\/uploads\/2017\/01\/Captura-de-pantalla-2019-09-04-a-las-18.39.57.png\",\"datePublished\":\"2017-01-30T21:54:10+00:00\",\"dateModified\":\"2023-08-01T12:32:18+00:00\",\"description\":\"Un libro para toda la familia. Hasta 48 misiones y enigmas diferentes para resolver mientras vuestro equipo de exploradores y exploradoras descubre los secretos que esconde la ciudad de Tarragona.\",\"breadcrumb\":{\"@id\":\"https:\/\/editorialmediterrania.com\/es\/producto\/exploremos-tarragona\/#breadcrumb\"},\"inLanguage\":\"es\",\"potentialAction\":[{\"@type\":\"ReadAction\",\"target\":[\"https:\/\/editorialmediterrania.com\/es\/producto\/exploremos-tarragona\/\"]}]},{\"@type\":\"ImageObject\",\"inLanguage\":\"es\",\"@id\":\"https:\/\/editorialmediterrania.com\/es\/producto\/exploremos-tarragona\/#primaryimage\",\"url\":\"https:\/\/editorialmediterrania.com\/wp-content\/uploads\/2017\/01\/Captura-de-pantalla-2019-09-04-a-las-18.39.57.png\",\"contentUrl\":\"https:\/\/editorialmediterrania.com\/wp-content\/uploads\/2017\/01\/Captura-de-pantalla-2019-09-04-a-las-18.39.57.png\",\"width\":487,\"height\":660,\"caption\":\"Explorem Tarragona\"},{\"@type\":\"BreadcrumbList\",\"@id\":\"https:\/\/editorialmediterrania.com\/es\/producto\/exploremos-tarragona\/#breadcrumb\",\"itemListElement\":[{\"@type\":\"ListItem\",\"position\":1,\"name\":\"Tienda de libros infantiles de arte\",\"item\":\"https:\/\/editorialmediterrania.com\/es\/tienda-de-libros-infantiles-arte\/\"},{\"@type\":\"ListItem\",\"position\":2,\"name\":\"\u00a1Exploremos Tarragona!\"}]},{\"@type\":\"WebSite\",\"@id\":\"https:\/\/editorialmediterrania.com\/es\/#website\",\"url\":\"https:\/\/editorialmediterrania.com\/es\/\",\"name\":\"Editorial Mediterrania\",\"description\":\"Llibres que t\u2019obriran nous mons\",\"publisher\":{\"@id\":\"https:\/\/editorialmediterrania.com\/es\/#organization\"},\"alternateName\":\"Llibres infantils d'art, cultura i natura\",\"potentialAction\":[{\"@type\":\"SearchAction\",\"target\":{\"@type\":\"EntryPoint\",\"urlTemplate\":\"https:\/\/editorialmediterrania.com\/es\/?s={search_term_string}\"},\"query-input\":\"required name=search_term_string\"}],\"inLanguage\":\"es\"},{\"@type\":\"Organization\",\"@id\":\"https:\/\/editorialmediterrania.com\/es\/#organization\",\"name\":\"Editorial Mediterrania\",\"alternateName\":\"Llibres d'art, cultura i natura per infants i fam\u00edlies\",\"url\":\"https:\/\/editorialmediterrania.com\/es\/\",\"logo\":{\"@type\":\"ImageObject\",\"inLanguage\":\"es\",\"@id\":\"https:\/\/editorialmediterrania.com\/es\/#\/schema\/logo\/image\/\",\"url\":\"https:\/\/editorialmediterrania.com\/wp-content\/uploads\/2023\/03\/LOGO-ED_MEDITERRANIA_OK-2.png\",\"contentUrl\":\"https:\/\/editorialmediterrania.com\/wp-content\/uploads\/2023\/03\/LOGO-ED_MEDITERRANIA_OK-2.png\",\"width\":1200,\"height\":300,\"caption\":\"Editorial Mediterrania\"},\"image\":{\"@id\":\"https:\/\/editorialmediterrania.com\/es\/#\/schema\/logo\/image\/\"},\"sameAs\":[\"https:\/\/x.com\/edmediterrania\",\"https:\/\/www.instagram.com\/editorialmediterrania\/\"]}]}<\/script>\n<!-- \/ Yoast SEO plugin. -->","yoast_head_json":{"title":"\u00a1Exploremos Tarragona! Un libro para toda la familia - Editorial Mediterr\u00e0nia","description":"Un libro para toda la familia. Hasta 48 misiones y enigmas diferentes para resolver mientras vuestro equipo de exploradores y exploradoras descubre los secretos que esconde la ciudad de Tarragona.","robots":{"index":"index","follow":"follow","max-snippet":"max-snippet:-1","max-image-preview":"max-image-preview:large","max-video-preview":"max-video-preview:-1"},"canonical":"https:\/\/editorialmediterrania.com\/es\/producto\/exploremos-tarragona\/","og_locale":"es_ES","og_type":"article","og_title":"\u00a1Exploremos Tarragona! Un libro para toda la familia - Editorial Mediterr\u00e0nia","og_description":"Un libro para toda la familia. Hasta 48 misiones y enigmas diferentes para resolver mientras vuestro equipo de exploradores y exploradoras descubre los secretos que esconde la ciudad de Tarragona.","og_url":"https:\/\/editorialmediterrania.com\/es\/producto\/exploremos-tarragona\/","og_site_name":"Editorial Mediterr\u00e0nia","article_modified_time":"2023-08-01T12:32:18+00:00","og_image":[{"width":487,"height":660,"url":"https:\/\/editorialmediterrania.com\/wp-content\/uploads\/2017\/01\/Captura-de-pantalla-2019-09-04-a-las-18.39.57.png","type":"image\/png"}],"twitter_card":"summary_large_image","twitter_site":"@edmediterrania","twitter_misc":{"Tiempo de lectura":"1 minuto"},"schema":{"@context":"https:\/\/schema.org","@graph":[{"@type":"WebPage","@id":"https:\/\/editorialmediterrania.com\/es\/producto\/exploremos-tarragona\/","url":"https:\/\/editorialmediterrania.com\/es\/producto\/exploremos-tarragona\/","name":"\u00a1Exploremos Tarragona! Un libro para toda la familia - Editorial Mediterr\u00e0nia","isPartOf":{"@id":"https:\/\/editorialmediterrania.com\/es\/#website"},"primaryImageOfPage":{"@id":"https:\/\/editorialmediterrania.com\/es\/producto\/exploremos-tarragona\/#primaryimage"},"image":{"@id":"https:\/\/editorialmediterrania.com\/es\/producto\/exploremos-tarragona\/#primaryimage"},"thumbnailUrl":"https:\/\/editorialmediterrania.com\/wp-content\/uploads\/2017\/01\/Captura-de-pantalla-2019-09-04-a-las-18.39.57.png","datePublished":"2017-01-30T21:54:10+00:00","dateModified":"2023-08-01T12:32:18+00:00","description":"Un libro para toda la familia. Hasta 48 misiones y enigmas diferentes para resolver mientras vuestro equipo de exploradores y exploradoras descubre los secretos que esconde la ciudad de Tarragona.","breadcrumb":{"@id":"https:\/\/editorialmediterrania.com\/es\/producto\/exploremos-tarragona\/#breadcrumb"},"inLanguage":"es","potentialAction":[{"@type":"ReadAction","target":["https:\/\/editorialmediterrania.com\/es\/producto\/exploremos-tarragona\/"]}]},{"@type":"ImageObject","inLanguage":"es","@id":"https:\/\/editorialmediterrania.com\/es\/producto\/exploremos-tarragona\/#primaryimage","url":"https:\/\/editorialmediterrania.com\/wp-content\/uploads\/2017\/01\/Captura-de-pantalla-2019-09-04-a-las-18.39.57.png","contentUrl":"https:\/\/editorialmediterrania.com\/wp-content\/uploads\/2017\/01\/Captura-de-pantalla-2019-09-04-a-las-18.39.57.png","width":487,"height":660,"caption":"Explorem Tarragona"},{"@type":"BreadcrumbList","@id":"https:\/\/editorialmediterrania.com\/es\/producto\/exploremos-tarragona\/#breadcrumb","itemListElement":[{"@type":"ListItem","position":1,"name":"Tienda de libros infantiles de arte","item":"https:\/\/editorialmediterrania.com\/es\/tienda-de-libros-infantiles-arte\/"},{"@type":"ListItem","position":2,"name":"\u00a1Exploremos Tarragona!"}]},{"@type":"WebSite","@id":"https:\/\/editorialmediterrania.com\/es\/#website","url":"https:\/\/editorialmediterrania.com\/es\/","name":"Editorial Mediterrania","description":"Llibres que t\u2019obriran nous mons","publisher":{"@id":"https:\/\/editorialmediterrania.com\/es\/#organization"},"alternateName":"Llibres infantils d'art, cultura i natura","potentialAction":[{"@type":"SearchAction","target":{"@type":"EntryPoint","urlTemplate":"https:\/\/editorialmediterrania.com\/es\/?s={search_term_string}"},"query-input":"required name=search_term_string"}],"inLanguage":"es"},{"@type":"Organization","@id":"https:\/\/editorialmediterrania.com\/es\/#organization","name":"Editorial Mediterrania","alternateName":"Llibres d'art, cultura i natura per infants i fam\u00edlies","url":"https:\/\/editorialmediterrania.com\/es\/","logo":{"@type":"ImageObject","inLanguage":"es","@id":"https:\/\/editorialmediterrania.com\/es\/#\/schema\/logo\/image\/","url":"https:\/\/editorialmediterrania.com\/wp-content\/uploads\/2023\/03\/LOGO-ED_MEDITERRANIA_OK-2.png","contentUrl":"https:\/\/editorialmediterrania.com\/wp-content\/uploads\/2023\/03\/LOGO-ED_MEDITERRANIA_OK-2.png","width":1200,"height":300,"caption":"Editorial Mediterrania"},"image":{"@id":"https:\/\/editorialmediterrania.com\/es\/#\/schema\/logo\/image\/"},"sameAs":["https:\/\/x.com\/edmediterrania","https:\/\/www.instagram.com\/editorialmediterrania\/"]}]}},"_links":{"self":[{"href":"https:\/\/editorialmediterrania.com\/es\/wp-json\/wp\/v2\/product\/27262","targetHints":{"allow":["GET"]}}],"collection":[{"href":"https:\/\/editorialmediterrania.com\/es\/wp-json\/wp\/v2\/product"}],"about":[{"href":"https:\/\/editorialmediterrania.com\/es\/wp-json\/wp\/v2\/types\/product"}],"wp:featuredmedia":[{"embeddable":true,"href":"https:\/\/editorialmediterrania.com\/es\/wp-json\/wp\/v2\/media\/32874"}],"wp:attachment":[{"href":"https:\/\/editorialmediterrania.com\/es\/wp-json\/wp\/v2\/media?parent=27262"}],"wp:term":[{"taxonomy":"product_cat","embeddable":true,"href":"https:\/\/editorialmediterrania.com\/es\/wp-json\/wp\/v2\/product_cat?post=27262"},{"taxonomy":"product_tag","embeddable":true,"href":"https:\/\/editorialmediterrania.com\/es\/wp-json\/wp\/v2\/product_tag?post=27262"},{"taxonomy":"autors","embeddable":true,"href":"https:\/\/editorialmediterrania.com\/es\/wp-json\/wp\/v2\/autors?post=27262"}],"curies":[{"name":"wp","href":"https:\/\/api.w.org\/{rel}","templated":true}]}}