{"id":27264,"date":"2017-01-30T22:56:25","date_gmt":"2017-01-30T21:56:25","guid":{"rendered":"http:\/\/editorialmediterrania.com\/product\/explorem-girona-2\/"},"modified":"2023-08-01T14:29:05","modified_gmt":"2023-08-01T12:29:05","slug":"exploremos-girona","status":"publish","type":"product","link":"https:\/\/editorialmediterrania.com\/es\/producto\/exploremos-girona\/","title":{"rendered":"\u00a1Exploremos Girona!"},"content":{"rendered":"<p>\u00a1Un libro para toda la familia!<br \/>\nHasta 30 misiones y enigmas diferentes para resolver mientras vuestro equipo de exploradores y exploradoras descubre los secretos que esconde la ciudad de Girona. Sigue las rutas, escanea los c\u00f3digos QR y aver\u00edgualo todo sobre esta villa. Suma puntos haciendo actividades, resolviendo enigmas y divirti\u00e9ndote con los juegos que propone esta gu\u00eda familiar y as\u00ed consigue tu diploma de superexplorador!<\/p>\n<p>Te proponemos descubrir y explorar la ciudad como no lo has hecho nunca, con un mont\u00f3n de rutas, actividades y juegos para hacer en familia. Adem\u00e1s, descubrir\u00e1s su historia y los periodos m\u00e1s importantes que han hecho que la ciudad tenga una fisonom\u00eda propia y \u00fanica con propuestas para ver y vivir la ciudad como unos aut\u00e9nticos exploradores.<\/p>\n","protected":false},"excerpt":{"rendered":"<p>\u00a1Un libro para toda la familia! Hasta 30 misiones y enigmas diferentes para resolver mientras vuestro equipo de exploradores y exploradoras descubre los secretos que esconde la ciudad de Girona. Sigue las rutas, escanea los c\u00f3digos QR y aver\u00edgualo todo sobre esta villa. Suma puntos haciendo actividades, resolviendo enigmas y divirti\u00e9ndote con los juegos que [&hellip;]<\/p>\n","protected":false},"featured_media":41346,"template":"","meta":[],"product_cat":[30,321],"product_tag":[4517,5606],"autors":[],"class_list":{"0":"post-27264","1":"product","2":"type-product","3":"status-publish","4":"has-post-thumbnail","6":"product_cat-editorial-mediterrania","7":"product_cat-tradiciones","8":"product_tag-girona-es","9":"product_tag-lourdes-campuzano-es","11":"first","12":"instock","13":"purchasable","14":"product-type-simple","swatches":"rey-swatches","show_selected":""},"acf":[],"yoast_head":"<!-- This site is optimized with the Yoast SEO plugin v22.8 - https:\/\/yoast.com\/wordpress\/plugins\/seo\/ -->\n<title>\u00a1Exploremos Girona! , un libro para toda la familia - Editorial Mediterr\u00e0nia<\/title>\n<meta name=\"description\" content=\"Hasta 30 misiones y enigmas diferentes para resolver mientras vuestro equipo de exploradores y exploradoras descubre los secretos que esconde la ciudad de Girona.\" \/>\n<meta name=\"robots\" content=\"index, follow, max-snippet:-1, max-image-preview:large, max-video-preview:-1\" \/>\n<link rel=\"canonical\" href=\"https:\/\/editorialmediterrania.com\/es\/producto\/exploremos-girona\/\" \/>\n<meta property=\"og:locale\" content=\"es_ES\" \/>\n<meta property=\"og:type\" content=\"article\" \/>\n<meta property=\"og:title\" content=\"\u00a1Exploremos Girona! , un libro para toda la familia - Editorial Mediterr\u00e0nia\" \/>\n<meta property=\"og:description\" content=\"Hasta 30 misiones y enigmas diferentes para resolver mientras vuestro equipo de exploradores y exploradoras descubre los secretos que esconde la ciudad de Girona.\" \/>\n<meta property=\"og:url\" content=\"https:\/\/editorialmediterrania.com\/es\/producto\/exploremos-girona\/\" \/>\n<meta property=\"og:site_name\" content=\"Editorial Mediterr\u00e0nia\" \/>\n<meta property=\"article:modified_time\" content=\"2023-08-01T12:29:05+00:00\" \/>\n<meta property=\"og:image\" content=\"https:\/\/editorialmediterrania.com\/wp-content\/uploads\/2017\/01\/Coberta-1.jpg\" \/>\n\t<meta property=\"og:image:width\" content=\"922\" \/>\n\t<meta property=\"og:image:height\" content=\"1251\" \/>\n\t<meta property=\"og:image:type\" content=\"image\/jpeg\" \/>\n<meta name=\"twitter:card\" content=\"summary_large_image\" \/>\n<meta name=\"twitter:site\" content=\"@edmediterrania\" \/>\n<meta name=\"twitter:label1\" content=\"Tiempo de lectura\" \/>\n\t<meta name=\"twitter:data1\" content=\"1 minuto\" \/>\n<script type=\"application\/ld+json\" class=\"yoast-schema-graph\">{\"@context\":\"https:\/\/schema.org\",\"@graph\":[{\"@type\":\"WebPage\",\"@id\":\"https:\/\/editorialmediterrania.com\/es\/producto\/exploremos-girona\/\",\"url\":\"https:\/\/editorialmediterrania.com\/es\/producto\/exploremos-girona\/\",\"name\":\"\u00a1Exploremos Girona! , un libro para toda la familia - Editorial Mediterr\u00e0nia\",\"isPartOf\":{\"@id\":\"https:\/\/editorialmediterrania.com\/es\/#website\"},\"primaryImageOfPage\":{\"@id\":\"https:\/\/editorialmediterrania.com\/es\/producto\/exploremos-girona\/#primaryimage\"},\"image\":{\"@id\":\"https:\/\/editorialmediterrania.com\/es\/producto\/exploremos-girona\/#primaryimage\"},\"thumbnailUrl\":\"https:\/\/editorialmediterrania.com\/wp-content\/uploads\/2017\/01\/Coberta-1.jpg\",\"datePublished\":\"2017-01-30T21:56:25+00:00\",\"dateModified\":\"2023-08-01T12:29:05+00:00\",\"description\":\"Hasta 30 misiones y enigmas diferentes para resolver mientras vuestro equipo de exploradores y exploradoras descubre los secretos que esconde la ciudad de Girona.\",\"breadcrumb\":{\"@id\":\"https:\/\/editorialmediterrania.com\/es\/producto\/exploremos-girona\/#breadcrumb\"},\"inLanguage\":\"es\",\"potentialAction\":[{\"@type\":\"ReadAction\",\"target\":[\"https:\/\/editorialmediterrania.com\/es\/producto\/exploremos-girona\/\"]}]},{\"@type\":\"ImageObject\",\"inLanguage\":\"es\",\"@id\":\"https:\/\/editorialmediterrania.com\/es\/producto\/exploremos-girona\/#primaryimage\",\"url\":\"https:\/\/editorialmediterrania.com\/wp-content\/uploads\/2017\/01\/Coberta-1.jpg\",\"contentUrl\":\"https:\/\/editorialmediterrania.com\/wp-content\/uploads\/2017\/01\/Coberta-1.jpg\",\"width\":922,\"height\":1251},{\"@type\":\"BreadcrumbList\",\"@id\":\"https:\/\/editorialmediterrania.com\/es\/producto\/exploremos-girona\/#breadcrumb\",\"itemListElement\":[{\"@type\":\"ListItem\",\"position\":1,\"name\":\"Tienda de libros infantiles de arte\",\"item\":\"https:\/\/editorialmediterrania.com\/es\/tienda-de-libros-infantiles-arte\/\"},{\"@type\":\"ListItem\",\"position\":2,\"name\":\"\u00a1Exploremos Girona!\"}]},{\"@type\":\"WebSite\",\"@id\":\"https:\/\/editorialmediterrania.com\/es\/#website\",\"url\":\"https:\/\/editorialmediterrania.com\/es\/\",\"name\":\"Editorial Mediterrania\",\"description\":\"Llibres que t\u2019obriran nous mons\",\"publisher\":{\"@id\":\"https:\/\/editorialmediterrania.com\/es\/#organization\"},\"alternateName\":\"Llibres infantils d'art, cultura i natura\",\"potentialAction\":[{\"@type\":\"SearchAction\",\"target\":{\"@type\":\"EntryPoint\",\"urlTemplate\":\"https:\/\/editorialmediterrania.com\/es\/?s={search_term_string}\"},\"query-input\":\"required name=search_term_string\"}],\"inLanguage\":\"es\"},{\"@type\":\"Organization\",\"@id\":\"https:\/\/editorialmediterrania.com\/es\/#organization\",\"name\":\"Editorial Mediterrania\",\"alternateName\":\"Llibres d'art, cultura i natura per infants i fam\u00edlies\",\"url\":\"https:\/\/editorialmediterrania.com\/es\/\",\"logo\":{\"@type\":\"ImageObject\",\"inLanguage\":\"es\",\"@id\":\"https:\/\/editorialmediterrania.com\/es\/#\/schema\/logo\/image\/\",\"url\":\"https:\/\/editorialmediterrania.com\/wp-content\/uploads\/2023\/03\/LOGO-ED_MEDITERRANIA_OK-2.png\",\"contentUrl\":\"https:\/\/editorialmediterrania.com\/wp-content\/uploads\/2023\/03\/LOGO-ED_MEDITERRANIA_OK-2.png\",\"width\":1200,\"height\":300,\"caption\":\"Editorial Mediterrania\"},\"image\":{\"@id\":\"https:\/\/editorialmediterrania.com\/es\/#\/schema\/logo\/image\/\"},\"sameAs\":[\"https:\/\/x.com\/edmediterrania\",\"https:\/\/www.instagram.com\/editorialmediterrania\/\"]}]}<\/script>\n<!-- \/ Yoast SEO plugin. -->","yoast_head_json":{"title":"\u00a1Exploremos Girona! , un libro para toda la familia - Editorial Mediterr\u00e0nia","description":"Hasta 30 misiones y enigmas diferentes para resolver mientras vuestro equipo de exploradores y exploradoras descubre los secretos que esconde la ciudad de Girona.","robots":{"index":"index","follow":"follow","max-snippet":"max-snippet:-1","max-image-preview":"max-image-preview:large","max-video-preview":"max-video-preview:-1"},"canonical":"https:\/\/editorialmediterrania.com\/es\/producto\/exploremos-girona\/","og_locale":"es_ES","og_type":"article","og_title":"\u00a1Exploremos Girona! , un libro para toda la familia - Editorial Mediterr\u00e0nia","og_description":"Hasta 30 misiones y enigmas diferentes para resolver mientras vuestro equipo de exploradores y exploradoras descubre los secretos que esconde la ciudad de Girona.","og_url":"https:\/\/editorialmediterrania.com\/es\/producto\/exploremos-girona\/","og_site_name":"Editorial Mediterr\u00e0nia","article_modified_time":"2023-08-01T12:29:05+00:00","og_image":[{"width":922,"height":1251,"url":"https:\/\/editorialmediterrania.com\/wp-content\/uploads\/2017\/01\/Coberta-1.jpg","type":"image\/jpeg"}],"twitter_card":"summary_large_image","twitter_site":"@edmediterrania","twitter_misc":{"Tiempo de lectura":"1 minuto"},"schema":{"@context":"https:\/\/schema.org","@graph":[{"@type":"WebPage","@id":"https:\/\/editorialmediterrania.com\/es\/producto\/exploremos-girona\/","url":"https:\/\/editorialmediterrania.com\/es\/producto\/exploremos-girona\/","name":"\u00a1Exploremos Girona! , un libro para toda la familia - Editorial Mediterr\u00e0nia","isPartOf":{"@id":"https:\/\/editorialmediterrania.com\/es\/#website"},"primaryImageOfPage":{"@id":"https:\/\/editorialmediterrania.com\/es\/producto\/exploremos-girona\/#primaryimage"},"image":{"@id":"https:\/\/editorialmediterrania.com\/es\/producto\/exploremos-girona\/#primaryimage"},"thumbnailUrl":"https:\/\/editorialmediterrania.com\/wp-content\/uploads\/2017\/01\/Coberta-1.jpg","datePublished":"2017-01-30T21:56:25+00:00","dateModified":"2023-08-01T12:29:05+00:00","description":"Hasta 30 misiones y enigmas diferentes para resolver mientras vuestro equipo de exploradores y exploradoras descubre los secretos que esconde la ciudad de Girona.","breadcrumb":{"@id":"https:\/\/editorialmediterrania.com\/es\/producto\/exploremos-girona\/#breadcrumb"},"inLanguage":"es","potentialAction":[{"@type":"ReadAction","target":["https:\/\/editorialmediterrania.com\/es\/producto\/exploremos-girona\/"]}]},{"@type":"ImageObject","inLanguage":"es","@id":"https:\/\/editorialmediterrania.com\/es\/producto\/exploremos-girona\/#primaryimage","url":"https:\/\/editorialmediterrania.com\/wp-content\/uploads\/2017\/01\/Coberta-1.jpg","contentUrl":"https:\/\/editorialmediterrania.com\/wp-content\/uploads\/2017\/01\/Coberta-1.jpg","width":922,"height":1251},{"@type":"BreadcrumbList","@id":"https:\/\/editorialmediterrania.com\/es\/producto\/exploremos-girona\/#breadcrumb","itemListElement":[{"@type":"ListItem","position":1,"name":"Tienda de libros infantiles de arte","item":"https:\/\/editorialmediterrania.com\/es\/tienda-de-libros-infantiles-arte\/"},{"@type":"ListItem","position":2,"name":"\u00a1Exploremos Girona!"}]},{"@type":"WebSite","@id":"https:\/\/editorialmediterrania.com\/es\/#website","url":"https:\/\/editorialmediterrania.com\/es\/","name":"Editorial Mediterrania","description":"Llibres que t\u2019obriran nous mons","publisher":{"@id":"https:\/\/editorialmediterrania.com\/es\/#organization"},"alternateName":"Llibres infantils d'art, cultura i natura","potentialAction":[{"@type":"SearchAction","target":{"@type":"EntryPoint","urlTemplate":"https:\/\/editorialmediterrania.com\/es\/?s={search_term_string}"},"query-input":"required name=search_term_string"}],"inLanguage":"es"},{"@type":"Organization","@id":"https:\/\/editorialmediterrania.com\/es\/#organization","name":"Editorial Mediterrania","alternateName":"Llibres d'art, cultura i natura per infants i fam\u00edlies","url":"https:\/\/editorialmediterrania.com\/es\/","logo":{"@type":"ImageObject","inLanguage":"es","@id":"https:\/\/editorialmediterrania.com\/es\/#\/schema\/logo\/image\/","url":"https:\/\/editorialmediterrania.com\/wp-content\/uploads\/2023\/03\/LOGO-ED_MEDITERRANIA_OK-2.png","contentUrl":"https:\/\/editorialmediterrania.com\/wp-content\/uploads\/2023\/03\/LOGO-ED_MEDITERRANIA_OK-2.png","width":1200,"height":300,"caption":"Editorial Mediterrania"},"image":{"@id":"https:\/\/editorialmediterrania.com\/es\/#\/schema\/logo\/image\/"},"sameAs":["https:\/\/x.com\/edmediterrania","https:\/\/www.instagram.com\/editorialmediterrania\/"]}]}},"_links":{"self":[{"href":"https:\/\/editorialmediterrania.com\/es\/wp-json\/wp\/v2\/product\/27264","targetHints":{"allow":["GET"]}}],"collection":[{"href":"https:\/\/editorialmediterrania.com\/es\/wp-json\/wp\/v2\/product"}],"about":[{"href":"https:\/\/editorialmediterrania.com\/es\/wp-json\/wp\/v2\/types\/product"}],"wp:featuredmedia":[{"embeddable":true,"href":"https:\/\/editorialmediterrania.com\/es\/wp-json\/wp\/v2\/media\/41346"}],"wp:attachment":[{"href":"https:\/\/editorialmediterrania.com\/es\/wp-json\/wp\/v2\/media?parent=27264"}],"wp:term":[{"taxonomy":"product_cat","embeddable":true,"href":"https:\/\/editorialmediterrania.com\/es\/wp-json\/wp\/v2\/product_cat?post=27264"},{"taxonomy":"product_tag","embeddable":true,"href":"https:\/\/editorialmediterrania.com\/es\/wp-json\/wp\/v2\/product_tag?post=27264"},{"taxonomy":"autors","embeddable":true,"href":"https:\/\/editorialmediterrania.com\/es\/wp-json\/wp\/v2\/autors?post=27264"}],"curies":[{"name":"wp","href":"https:\/\/api.w.org\/{rel}","templated":true}]}}