{"id":27672,"date":"2017-05-04T13:45:52","date_gmt":"2017-05-04T11:45:52","guid":{"rendered":"http:\/\/localhost:8888\/mediterrania\/product\/lart-quina-marranada-2\/"},"modified":"2025-03-11T12:10:54","modified_gmt":"2025-03-11T11:10:54","slug":"el-arte-que-menuda-cochinada","status":"publish","type":"product","link":"https:\/\/editorialmediterrania.com\/es\/producto\/el-arte-que-menuda-cochinada\/","title":{"rendered":"El arte, \u00a1menudo cochinada!"},"content":{"rendered":"<p><strong>Peque\u00f1o manual de la mancha bien hecha. \u00a12a edici\u00f3n!<\/strong><\/p>\n<p>\u00a1Convertir manchas en obras maestras es todo un arte! Siguiendo el ejemplo de c\u00e9lebres artistas contempor\u00e1neos como Mir\u00f3, Pollock, Calder, Klee o Rothko, entre otros. Los m\u00e1s peque\u00f1os encontrar\u00e1n en este libro un espacio de creaci\u00f3n y de iniciaci\u00f3n en el mundo del arte de la manera m\u00e1s divertida, sin miedo a las manchas: \u00a1cuantas m\u00e1s, mejor!<\/p>\n<p>Un libro para que toda la familia pase un buen rato aprendiendo sobre los pintores contempor\u00e1neos, pero sobre todo haciendo volar la creatividad! \u00a1Coged pinceles, pinturas, papel de peri\u00f3dico y cualquier objeto que pueda ayudaros a hacer una obra de arte con manchas diferentes, divertidas y diversas!<\/p>\n<p>Texto de Sandrine Andrews, traducci\u00f3n de Merc\u00e8 Ubach.<\/p>\n","protected":false},"excerpt":{"rendered":"<p>Peque\u00f1o manual de la mancha bien hecha. \u00a12a edici\u00f3n! \u00a1Convertir manchas en obras maestras es todo un arte! Siguiendo el ejemplo de c\u00e9lebres artistas contempor\u00e1neos como Mir\u00f3, Pollock, Calder, Klee o Rothko, entre otros. Los m\u00e1s peque\u00f1os encontrar\u00e1n en este libro un espacio de creaci\u00f3n y de iniciaci\u00f3n en el mundo del arte de la [&hellip;]<\/p>\n","protected":false},"featured_media":41020,"template":"","meta":[],"product_cat":[6495,30,28],"product_tag":[6017,4324,6228,4325],"autors":[],"class_list":{"0":"post-27672","1":"product","2":"type-product","3":"status-publish","4":"has-post-thumbnail","6":"product_cat-outlet-es","7":"product_cat-editorial-mediterrania","8":"product_cat-arte-en-familia","9":"product_tag-contes-infantils-es","10":"product_tag-klee-es","11":"product_tag-llibres-per-pintar-es","12":"product_tag-miro-es","14":"first","15":"instock","16":"sale","17":"purchasable","18":"product-type-variable","19":"has-default-attributes","swatches":"rey-swatches","show_selected":""},"acf":[],"yoast_head":"<!-- This site is optimized with the Yoast SEO plugin v22.8 - https:\/\/yoast.com\/wordpress\/plugins\/seo\/ -->\n<title>El arte, \u00a1menudo cochinada! - Editorial Mediterr\u00e0nia<\/title>\n<meta name=\"description\" content=\"Un libro para que toda la familia pase un buen rato aprendiendo sobre los pintores contempor\u00e1neos, pero sobre todo haciendo volar la creatividad!\" \/>\n<meta name=\"robots\" content=\"index, follow, max-snippet:-1, max-image-preview:large, max-video-preview:-1\" \/>\n<link rel=\"canonical\" href=\"https:\/\/editorialmediterrania.com\/es\/producto\/el-arte-que-menuda-cochinada\/\" \/>\n<meta property=\"og:locale\" content=\"es_ES\" \/>\n<meta property=\"og:type\" content=\"article\" \/>\n<meta property=\"og:title\" content=\"El arte, \u00a1menudo cochinada! - Editorial Mediterr\u00e0nia\" \/>\n<meta property=\"og:description\" content=\"Un libro para que toda la familia pase un buen rato aprendiendo sobre los pintores contempor\u00e1neos, pero sobre todo haciendo volar la creatividad!\" \/>\n<meta property=\"og:url\" content=\"https:\/\/editorialmediterrania.com\/es\/producto\/el-arte-que-menuda-cochinada\/\" \/>\n<meta property=\"og:site_name\" content=\"Editorial Mediterr\u00e0nia\" \/>\n<meta property=\"article:modified_time\" content=\"2025-03-11T11:10:54+00:00\" \/>\n<meta property=\"og:image\" content=\"https:\/\/editorialmediterrania.com\/wp-content\/uploads\/2023\/08\/arte-cochinada.jpeg\" \/>\n\t<meta property=\"og:image:width\" content=\"1024\" \/>\n\t<meta property=\"og:image:height\" content=\"717\" \/>\n\t<meta property=\"og:image:type\" content=\"image\/jpeg\" \/>\n<meta name=\"twitter:card\" content=\"summary_large_image\" \/>\n<meta name=\"twitter:site\" content=\"@edmediterrania\" \/>\n<meta name=\"twitter:label1\" content=\"Tiempo de lectura\" \/>\n\t<meta name=\"twitter:data1\" content=\"1 minuto\" \/>\n<script type=\"application\/ld+json\" class=\"yoast-schema-graph\">{\"@context\":\"https:\/\/schema.org\",\"@graph\":[{\"@type\":\"WebPage\",\"@id\":\"https:\/\/editorialmediterrania.com\/es\/producto\/el-arte-que-menuda-cochinada\/\",\"url\":\"https:\/\/editorialmediterrania.com\/es\/producto\/el-arte-que-menuda-cochinada\/\",\"name\":\"El arte, \u00a1menudo cochinada! - Editorial Mediterr\u00e0nia\",\"isPartOf\":{\"@id\":\"https:\/\/editorialmediterrania.com\/es\/#website\"},\"primaryImageOfPage\":{\"@id\":\"https:\/\/editorialmediterrania.com\/es\/producto\/el-arte-que-menuda-cochinada\/#primaryimage\"},\"image\":{\"@id\":\"https:\/\/editorialmediterrania.com\/es\/producto\/el-arte-que-menuda-cochinada\/#primaryimage\"},\"thumbnailUrl\":\"https:\/\/editorialmediterrania.com\/wp-content\/uploads\/2023\/08\/arte-cochinada.jpeg\",\"datePublished\":\"2017-05-04T11:45:52+00:00\",\"dateModified\":\"2025-03-11T11:10:54+00:00\",\"description\":\"Un libro para que toda la familia pase un buen rato aprendiendo sobre los pintores contempor\u00e1neos, pero sobre todo haciendo volar la creatividad!\",\"breadcrumb\":{\"@id\":\"https:\/\/editorialmediterrania.com\/es\/producto\/el-arte-que-menuda-cochinada\/#breadcrumb\"},\"inLanguage\":\"es\",\"potentialAction\":[{\"@type\":\"ReadAction\",\"target\":[\"https:\/\/editorialmediterrania.com\/es\/producto\/el-arte-que-menuda-cochinada\/\"]}]},{\"@type\":\"ImageObject\",\"inLanguage\":\"es\",\"@id\":\"https:\/\/editorialmediterrania.com\/es\/producto\/el-arte-que-menuda-cochinada\/#primaryimage\",\"url\":\"https:\/\/editorialmediterrania.com\/wp-content\/uploads\/2023\/08\/arte-cochinada.jpeg\",\"contentUrl\":\"https:\/\/editorialmediterrania.com\/wp-content\/uploads\/2023\/08\/arte-cochinada.jpeg\",\"width\":1024,\"height\":717},{\"@type\":\"BreadcrumbList\",\"@id\":\"https:\/\/editorialmediterrania.com\/es\/producto\/el-arte-que-menuda-cochinada\/#breadcrumb\",\"itemListElement\":[{\"@type\":\"ListItem\",\"position\":1,\"name\":\"Tienda de libros infantiles de arte\",\"item\":\"https:\/\/editorialmediterrania.com\/es\/tienda-de-libros-infantiles-arte\/\"},{\"@type\":\"ListItem\",\"position\":2,\"name\":\"El arte, \u00a1menudo cochinada!\"}]},{\"@type\":\"WebSite\",\"@id\":\"https:\/\/editorialmediterrania.com\/es\/#website\",\"url\":\"https:\/\/editorialmediterrania.com\/es\/\",\"name\":\"Editorial Mediterrania\",\"description\":\"Llibres que t\u2019obriran nous mons\",\"publisher\":{\"@id\":\"https:\/\/editorialmediterrania.com\/es\/#organization\"},\"alternateName\":\"Llibres infantils d'art, cultura i natura\",\"potentialAction\":[{\"@type\":\"SearchAction\",\"target\":{\"@type\":\"EntryPoint\",\"urlTemplate\":\"https:\/\/editorialmediterrania.com\/es\/?s={search_term_string}\"},\"query-input\":\"required name=search_term_string\"}],\"inLanguage\":\"es\"},{\"@type\":\"Organization\",\"@id\":\"https:\/\/editorialmediterrania.com\/es\/#organization\",\"name\":\"Editorial Mediterrania\",\"alternateName\":\"Llibres d'art, cultura i natura per infants i fam\u00edlies\",\"url\":\"https:\/\/editorialmediterrania.com\/es\/\",\"logo\":{\"@type\":\"ImageObject\",\"inLanguage\":\"es\",\"@id\":\"https:\/\/editorialmediterrania.com\/es\/#\/schema\/logo\/image\/\",\"url\":\"https:\/\/editorialmediterrania.com\/wp-content\/uploads\/2023\/03\/LOGO-ED_MEDITERRANIA_OK-2.png\",\"contentUrl\":\"https:\/\/editorialmediterrania.com\/wp-content\/uploads\/2023\/03\/LOGO-ED_MEDITERRANIA_OK-2.png\",\"width\":1200,\"height\":300,\"caption\":\"Editorial Mediterrania\"},\"image\":{\"@id\":\"https:\/\/editorialmediterrania.com\/es\/#\/schema\/logo\/image\/\"},\"sameAs\":[\"https:\/\/x.com\/edmediterrania\",\"https:\/\/www.instagram.com\/editorialmediterrania\/\"]}]}<\/script>\n<!-- \/ Yoast SEO plugin. -->","yoast_head_json":{"title":"El arte, \u00a1menudo cochinada! - Editorial Mediterr\u00e0nia","description":"Un libro para que toda la familia pase un buen rato aprendiendo sobre los pintores contempor\u00e1neos, pero sobre todo haciendo volar la creatividad!","robots":{"index":"index","follow":"follow","max-snippet":"max-snippet:-1","max-image-preview":"max-image-preview:large","max-video-preview":"max-video-preview:-1"},"canonical":"https:\/\/editorialmediterrania.com\/es\/producto\/el-arte-que-menuda-cochinada\/","og_locale":"es_ES","og_type":"article","og_title":"El arte, \u00a1menudo cochinada! - Editorial Mediterr\u00e0nia","og_description":"Un libro para que toda la familia pase un buen rato aprendiendo sobre los pintores contempor\u00e1neos, pero sobre todo haciendo volar la creatividad!","og_url":"https:\/\/editorialmediterrania.com\/es\/producto\/el-arte-que-menuda-cochinada\/","og_site_name":"Editorial Mediterr\u00e0nia","article_modified_time":"2025-03-11T11:10:54+00:00","og_image":[{"width":1024,"height":717,"url":"https:\/\/editorialmediterrania.com\/wp-content\/uploads\/2023\/08\/arte-cochinada.jpeg","type":"image\/jpeg"}],"twitter_card":"summary_large_image","twitter_site":"@edmediterrania","twitter_misc":{"Tiempo de lectura":"1 minuto"},"schema":{"@context":"https:\/\/schema.org","@graph":[{"@type":"WebPage","@id":"https:\/\/editorialmediterrania.com\/es\/producto\/el-arte-que-menuda-cochinada\/","url":"https:\/\/editorialmediterrania.com\/es\/producto\/el-arte-que-menuda-cochinada\/","name":"El arte, \u00a1menudo cochinada! - Editorial Mediterr\u00e0nia","isPartOf":{"@id":"https:\/\/editorialmediterrania.com\/es\/#website"},"primaryImageOfPage":{"@id":"https:\/\/editorialmediterrania.com\/es\/producto\/el-arte-que-menuda-cochinada\/#primaryimage"},"image":{"@id":"https:\/\/editorialmediterrania.com\/es\/producto\/el-arte-que-menuda-cochinada\/#primaryimage"},"thumbnailUrl":"https:\/\/editorialmediterrania.com\/wp-content\/uploads\/2023\/08\/arte-cochinada.jpeg","datePublished":"2017-05-04T11:45:52+00:00","dateModified":"2025-03-11T11:10:54+00:00","description":"Un libro para que toda la familia pase un buen rato aprendiendo sobre los pintores contempor\u00e1neos, pero sobre todo haciendo volar la creatividad!","breadcrumb":{"@id":"https:\/\/editorialmediterrania.com\/es\/producto\/el-arte-que-menuda-cochinada\/#breadcrumb"},"inLanguage":"es","potentialAction":[{"@type":"ReadAction","target":["https:\/\/editorialmediterrania.com\/es\/producto\/el-arte-que-menuda-cochinada\/"]}]},{"@type":"ImageObject","inLanguage":"es","@id":"https:\/\/editorialmediterrania.com\/es\/producto\/el-arte-que-menuda-cochinada\/#primaryimage","url":"https:\/\/editorialmediterrania.com\/wp-content\/uploads\/2023\/08\/arte-cochinada.jpeg","contentUrl":"https:\/\/editorialmediterrania.com\/wp-content\/uploads\/2023\/08\/arte-cochinada.jpeg","width":1024,"height":717},{"@type":"BreadcrumbList","@id":"https:\/\/editorialmediterrania.com\/es\/producto\/el-arte-que-menuda-cochinada\/#breadcrumb","itemListElement":[{"@type":"ListItem","position":1,"name":"Tienda de libros infantiles de arte","item":"https:\/\/editorialmediterrania.com\/es\/tienda-de-libros-infantiles-arte\/"},{"@type":"ListItem","position":2,"name":"El arte, \u00a1menudo cochinada!"}]},{"@type":"WebSite","@id":"https:\/\/editorialmediterrania.com\/es\/#website","url":"https:\/\/editorialmediterrania.com\/es\/","name":"Editorial Mediterrania","description":"Llibres que t\u2019obriran nous mons","publisher":{"@id":"https:\/\/editorialmediterrania.com\/es\/#organization"},"alternateName":"Llibres infantils d'art, cultura i natura","potentialAction":[{"@type":"SearchAction","target":{"@type":"EntryPoint","urlTemplate":"https:\/\/editorialmediterrania.com\/es\/?s={search_term_string}"},"query-input":"required name=search_term_string"}],"inLanguage":"es"},{"@type":"Organization","@id":"https:\/\/editorialmediterrania.com\/es\/#organization","name":"Editorial Mediterrania","alternateName":"Llibres d'art, cultura i natura per infants i fam\u00edlies","url":"https:\/\/editorialmediterrania.com\/es\/","logo":{"@type":"ImageObject","inLanguage":"es","@id":"https:\/\/editorialmediterrania.com\/es\/#\/schema\/logo\/image\/","url":"https:\/\/editorialmediterrania.com\/wp-content\/uploads\/2023\/03\/LOGO-ED_MEDITERRANIA_OK-2.png","contentUrl":"https:\/\/editorialmediterrania.com\/wp-content\/uploads\/2023\/03\/LOGO-ED_MEDITERRANIA_OK-2.png","width":1200,"height":300,"caption":"Editorial Mediterrania"},"image":{"@id":"https:\/\/editorialmediterrania.com\/es\/#\/schema\/logo\/image\/"},"sameAs":["https:\/\/x.com\/edmediterrania","https:\/\/www.instagram.com\/editorialmediterrania\/"]}]}},"_links":{"self":[{"href":"https:\/\/editorialmediterrania.com\/es\/wp-json\/wp\/v2\/product\/27672","targetHints":{"allow":["GET"]}}],"collection":[{"href":"https:\/\/editorialmediterrania.com\/es\/wp-json\/wp\/v2\/product"}],"about":[{"href":"https:\/\/editorialmediterrania.com\/es\/wp-json\/wp\/v2\/types\/product"}],"wp:featuredmedia":[{"embeddable":true,"href":"https:\/\/editorialmediterrania.com\/es\/wp-json\/wp\/v2\/media\/41020"}],"wp:attachment":[{"href":"https:\/\/editorialmediterrania.com\/es\/wp-json\/wp\/v2\/media?parent=27672"}],"wp:term":[{"taxonomy":"product_cat","embeddable":true,"href":"https:\/\/editorialmediterrania.com\/es\/wp-json\/wp\/v2\/product_cat?post=27672"},{"taxonomy":"product_tag","embeddable":true,"href":"https:\/\/editorialmediterrania.com\/es\/wp-json\/wp\/v2\/product_tag?post=27672"},{"taxonomy":"autors","embeddable":true,"href":"https:\/\/editorialmediterrania.com\/es\/wp-json\/wp\/v2\/autors?post=27672"}],"curies":[{"name":"wp","href":"https:\/\/api.w.org\/{rel}","templated":true}]}}