{"id":27691,"date":"2017-05-05T13:24:29","date_gmt":"2017-05-05T11:24:29","guid":{"rendered":"http:\/\/localhost:8888\/mediterrania\/product\/confident-2\/"},"modified":"2023-08-03T14:41:06","modified_gmt":"2023-08-03T12:41:06","slug":"confident","status":"publish","type":"product","link":"https:\/\/editorialmediterrania.com\/es\/producto\/confident\/","title":{"rendered":"Confidente"},"content":{"rendered":"<p>Esta miniatura del Confidente hecho en resina, fabricada a escala 1\/6, reproduce con toda fidelidad la m\u00edtica silla doble, dise\u00f1ada por Antoni Gaud\u00ed en 1906 para la sala comedor de la Casa Batll\u00f3. En la cual se puede constatar como Gaud\u00ed, adem\u00e1s de un arquitecto genial, fue un innovador creador de mobiliario y precursor del dise\u00f1o ergon\u00f3mico. Sus l\u00edneas depuradas, adaptadas a la morfolog\u00eda humana, convierten el Confidente en un referente imprescindible del dise\u00f1o contempor\u00e1neo.<\/p>\n","protected":false},"excerpt":{"rendered":"<p>Esta miniatura del Confidente hecho en resina, fabricada a escala 1\/6, reproduce con toda fidelidad la m\u00edtica silla doble, dise\u00f1ada por Antoni Gaud\u00ed en 1906 para la sala comedor de la Casa Batll\u00f3. En la cual se puede constatar como Gaud\u00ed, adem\u00e1s de un arquitecto genial, fue un innovador creador de mobiliario y precursor del [&hellip;]<\/p>\n","protected":false},"featured_media":41168,"template":"","meta":[],"product_cat":[4570],"product_tag":[4334],"autors":[],"class_list":{"0":"post-27691","1":"product","2":"type-product","3":"status-publish","4":"has-post-thumbnail","6":"product_cat-productos","7":"product_tag-gaudi-es","9":"first","10":"instock","11":"purchasable","12":"product-type-simple","swatches":"rey-swatches","show_selected":""},"acf":[],"yoast_head":"<!-- This site is optimized with the Yoast SEO plugin v22.8 - https:\/\/yoast.com\/wordpress\/plugins\/seo\/ -->\n<title>Cadira Confidente , reproducci\u00f3 en miniatura - Editorial Mediterr\u00e0nia<\/title>\n<meta name=\"description\" content=\"Aquesta miniatura del Confident\u00a0feta en resina, fabricada a escala 1\/6, reprodueix amb tota fidelitat la m\u00edtica cadira doble, dissenyada per Antoni Gaud\u00ed l&#039;any 1906 per a la sala menjador de la Casa Batll\u00f3.\" \/>\n<meta name=\"robots\" content=\"index, follow, max-snippet:-1, max-image-preview:large, max-video-preview:-1\" \/>\n<link rel=\"canonical\" href=\"https:\/\/editorialmediterrania.com\/es\/producto\/confident\/\" \/>\n<meta property=\"og:locale\" content=\"es_ES\" \/>\n<meta property=\"og:type\" content=\"article\" \/>\n<meta property=\"og:title\" content=\"Cadira Confidente , reproducci\u00f3 en miniatura - Editorial Mediterr\u00e0nia\" \/>\n<meta property=\"og:description\" content=\"Aquesta miniatura del Confident\u00a0feta en resina, fabricada a escala 1\/6, reprodueix amb tota fidelitat la m\u00edtica cadira doble, dissenyada per Antoni Gaud\u00ed l&#039;any 1906 per a la sala menjador de la Casa Batll\u00f3.\" \/>\n<meta property=\"og:url\" content=\"https:\/\/editorialmediterrania.com\/es\/producto\/confident\/\" \/>\n<meta property=\"og:site_name\" content=\"Editorial Mediterr\u00e0nia\" \/>\n<meta property=\"article:modified_time\" content=\"2023-08-03T12:41:06+00:00\" \/>\n<meta property=\"og:image\" content=\"https:\/\/editorialmediterrania.com\/wp-content\/uploads\/2017\/05\/reproduccion-silla-doble-casa-batllo.jpg\" \/>\n\t<meta property=\"og:image:width\" content=\"1100\" \/>\n\t<meta property=\"og:image:height\" content=\"1422\" \/>\n\t<meta property=\"og:image:type\" content=\"image\/jpeg\" \/>\n<meta name=\"twitter:card\" content=\"summary_large_image\" \/>\n<meta name=\"twitter:site\" content=\"@edmediterrania\" \/>\n<script type=\"application\/ld+json\" class=\"yoast-schema-graph\">{\"@context\":\"https:\/\/schema.org\",\"@graph\":[{\"@type\":\"WebPage\",\"@id\":\"https:\/\/editorialmediterrania.com\/es\/producto\/confident\/\",\"url\":\"https:\/\/editorialmediterrania.com\/es\/producto\/confident\/\",\"name\":\"Cadira Confidente , reproducci\u00f3 en miniatura - Editorial Mediterr\u00e0nia\",\"isPartOf\":{\"@id\":\"https:\/\/editorialmediterrania.com\/es\/#website\"},\"primaryImageOfPage\":{\"@id\":\"https:\/\/editorialmediterrania.com\/es\/producto\/confident\/#primaryimage\"},\"image\":{\"@id\":\"https:\/\/editorialmediterrania.com\/es\/producto\/confident\/#primaryimage\"},\"thumbnailUrl\":\"https:\/\/editorialmediterrania.com\/wp-content\/uploads\/2017\/05\/reproduccion-silla-doble-casa-batllo.jpg\",\"datePublished\":\"2017-05-05T11:24:29+00:00\",\"dateModified\":\"2023-08-03T12:41:06+00:00\",\"description\":\"Aquesta miniatura del Confident\u00a0feta en resina, fabricada a escala 1\/6, reprodueix amb tota fidelitat la m\u00edtica cadira doble, dissenyada per Antoni Gaud\u00ed l'any 1906 per a la sala menjador de la Casa Batll\u00f3.\",\"breadcrumb\":{\"@id\":\"https:\/\/editorialmediterrania.com\/es\/producto\/confident\/#breadcrumb\"},\"inLanguage\":\"es\",\"potentialAction\":[{\"@type\":\"ReadAction\",\"target\":[\"https:\/\/editorialmediterrania.com\/es\/producto\/confident\/\"]}]},{\"@type\":\"ImageObject\",\"inLanguage\":\"es\",\"@id\":\"https:\/\/editorialmediterrania.com\/es\/producto\/confident\/#primaryimage\",\"url\":\"https:\/\/editorialmediterrania.com\/wp-content\/uploads\/2017\/05\/reproduccion-silla-doble-casa-batllo.jpg\",\"contentUrl\":\"https:\/\/editorialmediterrania.com\/wp-content\/uploads\/2017\/05\/reproduccion-silla-doble-casa-batllo.jpg\",\"width\":1100,\"height\":1422},{\"@type\":\"BreadcrumbList\",\"@id\":\"https:\/\/editorialmediterrania.com\/es\/producto\/confident\/#breadcrumb\",\"itemListElement\":[{\"@type\":\"ListItem\",\"position\":1,\"name\":\"Tienda de libros infantiles de arte\",\"item\":\"https:\/\/editorialmediterrania.com\/es\/tienda-de-libros-infantiles-arte\/\"},{\"@type\":\"ListItem\",\"position\":2,\"name\":\"Confidente\"}]},{\"@type\":\"WebSite\",\"@id\":\"https:\/\/editorialmediterrania.com\/es\/#website\",\"url\":\"https:\/\/editorialmediterrania.com\/es\/\",\"name\":\"Editorial Mediterrania\",\"description\":\"Llibres que t\u2019obriran nous mons\",\"publisher\":{\"@id\":\"https:\/\/editorialmediterrania.com\/es\/#organization\"},\"alternateName\":\"Llibres infantils d'art, cultura i natura\",\"potentialAction\":[{\"@type\":\"SearchAction\",\"target\":{\"@type\":\"EntryPoint\",\"urlTemplate\":\"https:\/\/editorialmediterrania.com\/es\/?s={search_term_string}\"},\"query-input\":\"required name=search_term_string\"}],\"inLanguage\":\"es\"},{\"@type\":\"Organization\",\"@id\":\"https:\/\/editorialmediterrania.com\/es\/#organization\",\"name\":\"Editorial Mediterrania\",\"alternateName\":\"Llibres d'art, cultura i natura per infants i fam\u00edlies\",\"url\":\"https:\/\/editorialmediterrania.com\/es\/\",\"logo\":{\"@type\":\"ImageObject\",\"inLanguage\":\"es\",\"@id\":\"https:\/\/editorialmediterrania.com\/es\/#\/schema\/logo\/image\/\",\"url\":\"https:\/\/editorialmediterrania.com\/wp-content\/uploads\/2023\/03\/LOGO-ED_MEDITERRANIA_OK-2.png\",\"contentUrl\":\"https:\/\/editorialmediterrania.com\/wp-content\/uploads\/2023\/03\/LOGO-ED_MEDITERRANIA_OK-2.png\",\"width\":1200,\"height\":300,\"caption\":\"Editorial Mediterrania\"},\"image\":{\"@id\":\"https:\/\/editorialmediterrania.com\/es\/#\/schema\/logo\/image\/\"},\"sameAs\":[\"https:\/\/x.com\/edmediterrania\",\"https:\/\/www.instagram.com\/editorialmediterrania\/\"]}]}<\/script>\n<!-- \/ Yoast SEO plugin. -->","yoast_head_json":{"title":"Cadira Confidente , reproducci\u00f3 en miniatura - Editorial Mediterr\u00e0nia","description":"Aquesta miniatura del Confident\u00a0feta en resina, fabricada a escala 1\/6, reprodueix amb tota fidelitat la m\u00edtica cadira doble, dissenyada per Antoni Gaud\u00ed l'any 1906 per a la sala menjador de la Casa Batll\u00f3.","robots":{"index":"index","follow":"follow","max-snippet":"max-snippet:-1","max-image-preview":"max-image-preview:large","max-video-preview":"max-video-preview:-1"},"canonical":"https:\/\/editorialmediterrania.com\/es\/producto\/confident\/","og_locale":"es_ES","og_type":"article","og_title":"Cadira Confidente , reproducci\u00f3 en miniatura - Editorial Mediterr\u00e0nia","og_description":"Aquesta miniatura del Confident\u00a0feta en resina, fabricada a escala 1\/6, reprodueix amb tota fidelitat la m\u00edtica cadira doble, dissenyada per Antoni Gaud\u00ed l'any 1906 per a la sala menjador de la Casa Batll\u00f3.","og_url":"https:\/\/editorialmediterrania.com\/es\/producto\/confident\/","og_site_name":"Editorial Mediterr\u00e0nia","article_modified_time":"2023-08-03T12:41:06+00:00","og_image":[{"width":1100,"height":1422,"url":"https:\/\/editorialmediterrania.com\/wp-content\/uploads\/2017\/05\/reproduccion-silla-doble-casa-batllo.jpg","type":"image\/jpeg"}],"twitter_card":"summary_large_image","twitter_site":"@edmediterrania","schema":{"@context":"https:\/\/schema.org","@graph":[{"@type":"WebPage","@id":"https:\/\/editorialmediterrania.com\/es\/producto\/confident\/","url":"https:\/\/editorialmediterrania.com\/es\/producto\/confident\/","name":"Cadira Confidente , reproducci\u00f3 en miniatura - Editorial Mediterr\u00e0nia","isPartOf":{"@id":"https:\/\/editorialmediterrania.com\/es\/#website"},"primaryImageOfPage":{"@id":"https:\/\/editorialmediterrania.com\/es\/producto\/confident\/#primaryimage"},"image":{"@id":"https:\/\/editorialmediterrania.com\/es\/producto\/confident\/#primaryimage"},"thumbnailUrl":"https:\/\/editorialmediterrania.com\/wp-content\/uploads\/2017\/05\/reproduccion-silla-doble-casa-batllo.jpg","datePublished":"2017-05-05T11:24:29+00:00","dateModified":"2023-08-03T12:41:06+00:00","description":"Aquesta miniatura del Confident\u00a0feta en resina, fabricada a escala 1\/6, reprodueix amb tota fidelitat la m\u00edtica cadira doble, dissenyada per Antoni Gaud\u00ed l'any 1906 per a la sala menjador de la Casa Batll\u00f3.","breadcrumb":{"@id":"https:\/\/editorialmediterrania.com\/es\/producto\/confident\/#breadcrumb"},"inLanguage":"es","potentialAction":[{"@type":"ReadAction","target":["https:\/\/editorialmediterrania.com\/es\/producto\/confident\/"]}]},{"@type":"ImageObject","inLanguage":"es","@id":"https:\/\/editorialmediterrania.com\/es\/producto\/confident\/#primaryimage","url":"https:\/\/editorialmediterrania.com\/wp-content\/uploads\/2017\/05\/reproduccion-silla-doble-casa-batllo.jpg","contentUrl":"https:\/\/editorialmediterrania.com\/wp-content\/uploads\/2017\/05\/reproduccion-silla-doble-casa-batllo.jpg","width":1100,"height":1422},{"@type":"BreadcrumbList","@id":"https:\/\/editorialmediterrania.com\/es\/producto\/confident\/#breadcrumb","itemListElement":[{"@type":"ListItem","position":1,"name":"Tienda de libros infantiles de arte","item":"https:\/\/editorialmediterrania.com\/es\/tienda-de-libros-infantiles-arte\/"},{"@type":"ListItem","position":2,"name":"Confidente"}]},{"@type":"WebSite","@id":"https:\/\/editorialmediterrania.com\/es\/#website","url":"https:\/\/editorialmediterrania.com\/es\/","name":"Editorial Mediterrania","description":"Llibres que t\u2019obriran nous mons","publisher":{"@id":"https:\/\/editorialmediterrania.com\/es\/#organization"},"alternateName":"Llibres infantils d'art, cultura i natura","potentialAction":[{"@type":"SearchAction","target":{"@type":"EntryPoint","urlTemplate":"https:\/\/editorialmediterrania.com\/es\/?s={search_term_string}"},"query-input":"required name=search_term_string"}],"inLanguage":"es"},{"@type":"Organization","@id":"https:\/\/editorialmediterrania.com\/es\/#organization","name":"Editorial Mediterrania","alternateName":"Llibres d'art, cultura i natura per infants i fam\u00edlies","url":"https:\/\/editorialmediterrania.com\/es\/","logo":{"@type":"ImageObject","inLanguage":"es","@id":"https:\/\/editorialmediterrania.com\/es\/#\/schema\/logo\/image\/","url":"https:\/\/editorialmediterrania.com\/wp-content\/uploads\/2023\/03\/LOGO-ED_MEDITERRANIA_OK-2.png","contentUrl":"https:\/\/editorialmediterrania.com\/wp-content\/uploads\/2023\/03\/LOGO-ED_MEDITERRANIA_OK-2.png","width":1200,"height":300,"caption":"Editorial Mediterrania"},"image":{"@id":"https:\/\/editorialmediterrania.com\/es\/#\/schema\/logo\/image\/"},"sameAs":["https:\/\/x.com\/edmediterrania","https:\/\/www.instagram.com\/editorialmediterrania\/"]}]}},"_links":{"self":[{"href":"https:\/\/editorialmediterrania.com\/es\/wp-json\/wp\/v2\/product\/27691","targetHints":{"allow":["GET"]}}],"collection":[{"href":"https:\/\/editorialmediterrania.com\/es\/wp-json\/wp\/v2\/product"}],"about":[{"href":"https:\/\/editorialmediterrania.com\/es\/wp-json\/wp\/v2\/types\/product"}],"wp:featuredmedia":[{"embeddable":true,"href":"https:\/\/editorialmediterrania.com\/es\/wp-json\/wp\/v2\/media\/41168"}],"wp:attachment":[{"href":"https:\/\/editorialmediterrania.com\/es\/wp-json\/wp\/v2\/media?parent=27691"}],"wp:term":[{"taxonomy":"product_cat","embeddable":true,"href":"https:\/\/editorialmediterrania.com\/es\/wp-json\/wp\/v2\/product_cat?post=27691"},{"taxonomy":"product_tag","embeddable":true,"href":"https:\/\/editorialmediterrania.com\/es\/wp-json\/wp\/v2\/product_tag?post=27691"},{"taxonomy":"autors","embeddable":true,"href":"https:\/\/editorialmediterrania.com\/es\/wp-json\/wp\/v2\/autors?post=27691"}],"curies":[{"name":"wp","href":"https:\/\/api.w.org\/{rel}","templated":true}]}}