{"id":27913,"date":"2017-12-05T09:58:06","date_gmt":"2017-12-05T08:58:06","guid":{"rendered":"http:\/\/localhost:8888\/mediterrania\/product\/un-mar-dhistories-maria-fortuny-2\/"},"modified":"2019-07-09T13:11:53","modified_gmt":"2019-07-09T11:11:53","slug":"un-mar-dhistories-maria-fortuny","status":"publish","type":"product","link":"https:\/\/editorialmediterrania.com\/es\/producto\/un-mar-dhistories-maria-fortuny\/","title":{"rendered":"Un Mar de historias: Mariano Fortuny"},"content":{"rendered":"<p>El nuevo t\u00edtulo de la colecci\u00f3n Un mar de historias trata sobre el pintor Mari\u00e0 Fortuny, qui\u00e9n naci\u00f3 en Reus en 1838 y muri\u00f3 en Roma 36 a\u00f1os despu\u00e9s. Uno de los pintores m\u00e1s importantes y reconocidos del S. XIX, despu\u00e9s de Goya. Sus cuadros se vendieron, ya en vida suya, a precios desorbitados.<\/p>\n<p>El libro narra la historia del artista en primera persona para hacer m\u00e1s cercana su biograf\u00eda al lector. Est\u00e1 escrito por la autora galardonada por el premio Nadal 2017 Care Santos, y las ilustraciones son de Roberta Bridda.<\/p>\n<p>Con el apoyo de:<br \/>\n<a href=\"http:\/\/localhost:8888\/mediterrania\/wp-content\/uploads\/2016\/09\/cultura_h3.jpeg\"><img decoding=\"async\" class=\" wp-image-27847 aligncenter\" src=\"http:\/\/localhost:8888\/mediterrania\/\/wp-content\/uploads\/2016\/09\/cultura_h3-300x69.jpeg\" alt=\"\" width=\"150\" height=\"34\" srcset=\"https:\/\/editorialmediterrania.com\/wp-content\/uploads\/2016\/09\/cultura_h3-300x69.jpeg 300w, https:\/\/editorialmediterrania.com\/wp-content\/uploads\/2016\/09\/cultura_h3.jpeg 454w\" sizes=\"(max-width: 150px) 100vw, 150px\" \/><\/a><\/p>\n","protected":false},"excerpt":{"rendered":"<p>El nuevo t\u00edtulo de la colecci\u00f3n Un mar de historias trata sobre el pintor Mari\u00e0 Fortuny, qui\u00e9n naci\u00f3 en Reus en 1838 y muri\u00f3 en Roma 36 a\u00f1os despu\u00e9s. Uno de los pintores m\u00e1s importantes y reconocidos del S. XIX, despu\u00e9s de Goya. Sus cuadros se vendieron, ya en vida suya, a precios desorbitados. El [&hellip;]<\/p>\n","protected":false},"featured_media":27908,"template":"","meta":[],"product_cat":[30,28],"product_tag":[6059,6032,6017,6018,6019,6009,6001,4411],"autors":[],"class_list":{"0":"post-27913","1":"product","2":"type-product","3":"status-publish","4":"has-post-thumbnail","6":"product_cat-editorial-mediterrania","7":"product_cat-arte-en-familia","8":"product_tag-contes-en-catala-es","9":"product_tag-contes-il-lustrats-es","10":"product_tag-contes-infantils-es","11":"product_tag-contes-per-nens-es","12":"product_tag-llibres-de-contes-es","13":"product_tag-llibres-il-lustrats-es","14":"product_tag-llibres-infantils-es","15":"product_tag-reus-es","17":"first","18":"instock","19":"purchasable","20":"product-type-variable","21":"has-default-attributes","swatches":"rey-swatches","show_selected":""},"acf":[],"yoast_head":"<!-- This site is optimized with the Yoast SEO plugin v22.8 - https:\/\/yoast.com\/wordpress\/plugins\/seo\/ -->\n<title>Un Mar de historias: Mariano Fortuny - Editorial Mediterr\u00e0nia<\/title>\n<meta name=\"description\" content=\"Descobreix un m\u00f3n de meravelles a trav\u00e9s dels llibres de la nostra editorial especialitzada en art, cultura i natura per a fam\u00edlies. Amb il\u00b7lustracions fascinants i hist\u00f2ries enriquidores, inspirem el descobriment i la curiositat en petits i grans, connectant-los amb el patrimoni cultural i el meravell\u00f3s m\u00f3n natural que ens envolta\" \/>\n<meta name=\"robots\" content=\"index, follow, max-snippet:-1, max-image-preview:large, max-video-preview:-1\" \/>\n<link rel=\"canonical\" href=\"https:\/\/editorialmediterrania.com\/es\/producto\/un-mar-dhistories-maria-fortuny\/\" \/>\n<meta property=\"og:locale\" content=\"es_ES\" \/>\n<meta property=\"og:type\" content=\"article\" \/>\n<meta property=\"og:title\" content=\"Un Mar de historias: Mariano Fortuny - Editorial Mediterr\u00e0nia\" \/>\n<meta property=\"og:description\" content=\"Descobreix un m\u00f3n de meravelles a trav\u00e9s dels llibres de la nostra editorial especialitzada en art, cultura i natura per a fam\u00edlies. Amb il\u00b7lustracions fascinants i hist\u00f2ries enriquidores, inspirem el descobriment i la curiositat en petits i grans, connectant-los amb el patrimoni cultural i el meravell\u00f3s m\u00f3n natural que ens envolta\" \/>\n<meta property=\"og:url\" content=\"https:\/\/editorialmediterrania.com\/es\/producto\/un-mar-dhistories-maria-fortuny\/\" \/>\n<meta property=\"og:site_name\" content=\"Editorial Mediterr\u00e0nia\" \/>\n<meta property=\"article:modified_time\" content=\"2019-07-09T11:11:53+00:00\" \/>\n<meta property=\"og:image\" content=\"https:\/\/editorialmediterrania.com\/wp-content\/uploads\/2017\/12\/Un-Mar-dhisto\u0300ries-Maria\u0300-Fortuny-min.png\" \/>\n\t<meta property=\"og:image:width\" content=\"603\" \/>\n\t<meta property=\"og:image:height\" content=\"758\" \/>\n\t<meta property=\"og:image:type\" content=\"image\/png\" \/>\n<meta name=\"twitter:card\" content=\"summary_large_image\" \/>\n<meta name=\"twitter:site\" content=\"@edmediterrania\" \/>\n<meta name=\"twitter:label1\" content=\"Tiempo de lectura\" \/>\n\t<meta name=\"twitter:data1\" content=\"1 minuto\" \/>\n<script type=\"application\/ld+json\" class=\"yoast-schema-graph\">{\"@context\":\"https:\/\/schema.org\",\"@graph\":[{\"@type\":\"WebPage\",\"@id\":\"https:\/\/editorialmediterrania.com\/es\/producto\/un-mar-dhistories-maria-fortuny\/\",\"url\":\"https:\/\/editorialmediterrania.com\/es\/producto\/un-mar-dhistories-maria-fortuny\/\",\"name\":\"Un Mar de historias: Mariano Fortuny - Editorial Mediterr\u00e0nia\",\"isPartOf\":{\"@id\":\"https:\/\/editorialmediterrania.com\/es\/#website\"},\"primaryImageOfPage\":{\"@id\":\"https:\/\/editorialmediterrania.com\/es\/producto\/un-mar-dhistories-maria-fortuny\/#primaryimage\"},\"image\":{\"@id\":\"https:\/\/editorialmediterrania.com\/es\/producto\/un-mar-dhistories-maria-fortuny\/#primaryimage\"},\"thumbnailUrl\":\"https:\/\/editorialmediterrania.com\/wp-content\/uploads\/2017\/12\/Un-Mar-dhisto\u0300ries-Maria\u0300-Fortuny-min.png\",\"datePublished\":\"2017-12-05T08:58:06+00:00\",\"dateModified\":\"2019-07-09T11:11:53+00:00\",\"description\":\"Descobreix un m\u00f3n de meravelles a trav\u00e9s dels llibres de la nostra editorial especialitzada en art, cultura i natura per a fam\u00edlies. Amb il\u00b7lustracions fascinants i hist\u00f2ries enriquidores, inspirem el descobriment i la curiositat en petits i grans, connectant-los amb el patrimoni cultural i el meravell\u00f3s m\u00f3n natural que ens envolta\",\"breadcrumb\":{\"@id\":\"https:\/\/editorialmediterrania.com\/es\/producto\/un-mar-dhistories-maria-fortuny\/#breadcrumb\"},\"inLanguage\":\"es\",\"potentialAction\":[{\"@type\":\"ReadAction\",\"target\":[\"https:\/\/editorialmediterrania.com\/es\/producto\/un-mar-dhistories-maria-fortuny\/\"]}]},{\"@type\":\"ImageObject\",\"inLanguage\":\"es\",\"@id\":\"https:\/\/editorialmediterrania.com\/es\/producto\/un-mar-dhistories-maria-fortuny\/#primaryimage\",\"url\":\"https:\/\/editorialmediterrania.com\/wp-content\/uploads\/2017\/12\/Un-Mar-dhisto\u0300ries-Maria\u0300-Fortuny-min.png\",\"contentUrl\":\"https:\/\/editorialmediterrania.com\/wp-content\/uploads\/2017\/12\/Un-Mar-dhisto\u0300ries-Maria\u0300-Fortuny-min.png\",\"width\":603,\"height\":758,\"caption\":\"Mari\u00e0 Fortuny - Editorial Mediterr\u00e0nbia\"},{\"@type\":\"BreadcrumbList\",\"@id\":\"https:\/\/editorialmediterrania.com\/es\/producto\/un-mar-dhistories-maria-fortuny\/#breadcrumb\",\"itemListElement\":[{\"@type\":\"ListItem\",\"position\":1,\"name\":\"Tienda de libros infantiles de arte\",\"item\":\"https:\/\/editorialmediterrania.com\/es\/tienda-de-libros-infantiles-arte\/\"},{\"@type\":\"ListItem\",\"position\":2,\"name\":\"Un Mar de historias: Mariano Fortuny\"}]},{\"@type\":\"WebSite\",\"@id\":\"https:\/\/editorialmediterrania.com\/es\/#website\",\"url\":\"https:\/\/editorialmediterrania.com\/es\/\",\"name\":\"Editorial Mediterrania\",\"description\":\"Llibres que t\u2019obriran nous mons\",\"publisher\":{\"@id\":\"https:\/\/editorialmediterrania.com\/es\/#organization\"},\"alternateName\":\"Llibres infantils d'art, cultura i natura\",\"potentialAction\":[{\"@type\":\"SearchAction\",\"target\":{\"@type\":\"EntryPoint\",\"urlTemplate\":\"https:\/\/editorialmediterrania.com\/es\/?s={search_term_string}\"},\"query-input\":\"required name=search_term_string\"}],\"inLanguage\":\"es\"},{\"@type\":\"Organization\",\"@id\":\"https:\/\/editorialmediterrania.com\/es\/#organization\",\"name\":\"Editorial Mediterrania\",\"alternateName\":\"Llibres d'art, cultura i natura per infants i fam\u00edlies\",\"url\":\"https:\/\/editorialmediterrania.com\/es\/\",\"logo\":{\"@type\":\"ImageObject\",\"inLanguage\":\"es\",\"@id\":\"https:\/\/editorialmediterrania.com\/es\/#\/schema\/logo\/image\/\",\"url\":\"https:\/\/editorialmediterrania.com\/wp-content\/uploads\/2023\/03\/LOGO-ED_MEDITERRANIA_OK-2.png\",\"contentUrl\":\"https:\/\/editorialmediterrania.com\/wp-content\/uploads\/2023\/03\/LOGO-ED_MEDITERRANIA_OK-2.png\",\"width\":1200,\"height\":300,\"caption\":\"Editorial Mediterrania\"},\"image\":{\"@id\":\"https:\/\/editorialmediterrania.com\/es\/#\/schema\/logo\/image\/\"},\"sameAs\":[\"https:\/\/x.com\/edmediterrania\",\"https:\/\/www.instagram.com\/editorialmediterrania\/\"]}]}<\/script>\n<!-- \/ Yoast SEO plugin. -->","yoast_head_json":{"title":"Un Mar de historias: Mariano Fortuny - Editorial Mediterr\u00e0nia","description":"Descobreix un m\u00f3n de meravelles a trav\u00e9s dels llibres de la nostra editorial especialitzada en art, cultura i natura per a fam\u00edlies. Amb il\u00b7lustracions fascinants i hist\u00f2ries enriquidores, inspirem el descobriment i la curiositat en petits i grans, connectant-los amb el patrimoni cultural i el meravell\u00f3s m\u00f3n natural que ens envolta","robots":{"index":"index","follow":"follow","max-snippet":"max-snippet:-1","max-image-preview":"max-image-preview:large","max-video-preview":"max-video-preview:-1"},"canonical":"https:\/\/editorialmediterrania.com\/es\/producto\/un-mar-dhistories-maria-fortuny\/","og_locale":"es_ES","og_type":"article","og_title":"Un Mar de historias: Mariano Fortuny - Editorial Mediterr\u00e0nia","og_description":"Descobreix un m\u00f3n de meravelles a trav\u00e9s dels llibres de la nostra editorial especialitzada en art, cultura i natura per a fam\u00edlies. Amb il\u00b7lustracions fascinants i hist\u00f2ries enriquidores, inspirem el descobriment i la curiositat en petits i grans, connectant-los amb el patrimoni cultural i el meravell\u00f3s m\u00f3n natural que ens envolta","og_url":"https:\/\/editorialmediterrania.com\/es\/producto\/un-mar-dhistories-maria-fortuny\/","og_site_name":"Editorial Mediterr\u00e0nia","article_modified_time":"2019-07-09T11:11:53+00:00","og_image":[{"width":603,"height":758,"url":"https:\/\/editorialmediterrania.com\/wp-content\/uploads\/2017\/12\/Un-Mar-dhisto\u0300ries-Maria\u0300-Fortuny-min.png","type":"image\/png"}],"twitter_card":"summary_large_image","twitter_site":"@edmediterrania","twitter_misc":{"Tiempo de lectura":"1 minuto"},"schema":{"@context":"https:\/\/schema.org","@graph":[{"@type":"WebPage","@id":"https:\/\/editorialmediterrania.com\/es\/producto\/un-mar-dhistories-maria-fortuny\/","url":"https:\/\/editorialmediterrania.com\/es\/producto\/un-mar-dhistories-maria-fortuny\/","name":"Un Mar de historias: Mariano Fortuny - Editorial Mediterr\u00e0nia","isPartOf":{"@id":"https:\/\/editorialmediterrania.com\/es\/#website"},"primaryImageOfPage":{"@id":"https:\/\/editorialmediterrania.com\/es\/producto\/un-mar-dhistories-maria-fortuny\/#primaryimage"},"image":{"@id":"https:\/\/editorialmediterrania.com\/es\/producto\/un-mar-dhistories-maria-fortuny\/#primaryimage"},"thumbnailUrl":"https:\/\/editorialmediterrania.com\/wp-content\/uploads\/2017\/12\/Un-Mar-dhisto\u0300ries-Maria\u0300-Fortuny-min.png","datePublished":"2017-12-05T08:58:06+00:00","dateModified":"2019-07-09T11:11:53+00:00","description":"Descobreix un m\u00f3n de meravelles a trav\u00e9s dels llibres de la nostra editorial especialitzada en art, cultura i natura per a fam\u00edlies. Amb il\u00b7lustracions fascinants i hist\u00f2ries enriquidores, inspirem el descobriment i la curiositat en petits i grans, connectant-los amb el patrimoni cultural i el meravell\u00f3s m\u00f3n natural que ens envolta","breadcrumb":{"@id":"https:\/\/editorialmediterrania.com\/es\/producto\/un-mar-dhistories-maria-fortuny\/#breadcrumb"},"inLanguage":"es","potentialAction":[{"@type":"ReadAction","target":["https:\/\/editorialmediterrania.com\/es\/producto\/un-mar-dhistories-maria-fortuny\/"]}]},{"@type":"ImageObject","inLanguage":"es","@id":"https:\/\/editorialmediterrania.com\/es\/producto\/un-mar-dhistories-maria-fortuny\/#primaryimage","url":"https:\/\/editorialmediterrania.com\/wp-content\/uploads\/2017\/12\/Un-Mar-dhisto\u0300ries-Maria\u0300-Fortuny-min.png","contentUrl":"https:\/\/editorialmediterrania.com\/wp-content\/uploads\/2017\/12\/Un-Mar-dhisto\u0300ries-Maria\u0300-Fortuny-min.png","width":603,"height":758,"caption":"Mari\u00e0 Fortuny - Editorial Mediterr\u00e0nbia"},{"@type":"BreadcrumbList","@id":"https:\/\/editorialmediterrania.com\/es\/producto\/un-mar-dhistories-maria-fortuny\/#breadcrumb","itemListElement":[{"@type":"ListItem","position":1,"name":"Tienda de libros infantiles de arte","item":"https:\/\/editorialmediterrania.com\/es\/tienda-de-libros-infantiles-arte\/"},{"@type":"ListItem","position":2,"name":"Un Mar de historias: Mariano Fortuny"}]},{"@type":"WebSite","@id":"https:\/\/editorialmediterrania.com\/es\/#website","url":"https:\/\/editorialmediterrania.com\/es\/","name":"Editorial Mediterrania","description":"Llibres que t\u2019obriran nous mons","publisher":{"@id":"https:\/\/editorialmediterrania.com\/es\/#organization"},"alternateName":"Llibres infantils d'art, cultura i natura","potentialAction":[{"@type":"SearchAction","target":{"@type":"EntryPoint","urlTemplate":"https:\/\/editorialmediterrania.com\/es\/?s={search_term_string}"},"query-input":"required name=search_term_string"}],"inLanguage":"es"},{"@type":"Organization","@id":"https:\/\/editorialmediterrania.com\/es\/#organization","name":"Editorial Mediterrania","alternateName":"Llibres d'art, cultura i natura per infants i fam\u00edlies","url":"https:\/\/editorialmediterrania.com\/es\/","logo":{"@type":"ImageObject","inLanguage":"es","@id":"https:\/\/editorialmediterrania.com\/es\/#\/schema\/logo\/image\/","url":"https:\/\/editorialmediterrania.com\/wp-content\/uploads\/2023\/03\/LOGO-ED_MEDITERRANIA_OK-2.png","contentUrl":"https:\/\/editorialmediterrania.com\/wp-content\/uploads\/2023\/03\/LOGO-ED_MEDITERRANIA_OK-2.png","width":1200,"height":300,"caption":"Editorial Mediterrania"},"image":{"@id":"https:\/\/editorialmediterrania.com\/es\/#\/schema\/logo\/image\/"},"sameAs":["https:\/\/x.com\/edmediterrania","https:\/\/www.instagram.com\/editorialmediterrania\/"]}]}},"_links":{"self":[{"href":"https:\/\/editorialmediterrania.com\/es\/wp-json\/wp\/v2\/product\/27913","targetHints":{"allow":["GET"]}}],"collection":[{"href":"https:\/\/editorialmediterrania.com\/es\/wp-json\/wp\/v2\/product"}],"about":[{"href":"https:\/\/editorialmediterrania.com\/es\/wp-json\/wp\/v2\/types\/product"}],"wp:featuredmedia":[{"embeddable":true,"href":"https:\/\/editorialmediterrania.com\/es\/wp-json\/wp\/v2\/media\/27908"}],"wp:attachment":[{"href":"https:\/\/editorialmediterrania.com\/es\/wp-json\/wp\/v2\/media?parent=27913"}],"wp:term":[{"taxonomy":"product_cat","embeddable":true,"href":"https:\/\/editorialmediterrania.com\/es\/wp-json\/wp\/v2\/product_cat?post=27913"},{"taxonomy":"product_tag","embeddable":true,"href":"https:\/\/editorialmediterrania.com\/es\/wp-json\/wp\/v2\/product_tag?post=27913"},{"taxonomy":"autors","embeddable":true,"href":"https:\/\/editorialmediterrania.com\/es\/wp-json\/wp\/v2\/autors?post=27913"}],"curies":[{"name":"wp","href":"https:\/\/api.w.org\/{rel}","templated":true}]}}