{"id":28251,"date":"2018-05-15T17:59:42","date_gmt":"2018-05-15T15:59:42","guid":{"rendered":"http:\/\/localhost:8888\/mediterrania\/product\/art-amb-pastis-2\/"},"modified":"2025-03-11T11:45:37","modified_gmt":"2025-03-11T10:45:37","slug":"arte-con-pastel","status":"publish","type":"product","link":"https:\/\/editorialmediterrania.com\/es\/producto\/arte-con-pastel\/","title":{"rendered":"Arte con pastel"},"content":{"rendered":"<p>Alguien ha mangado el cuadro que acaba de pintar una se\u00f1ora. Sus amigos empiezan a investigar. \u00bfAtrapar\u00e1n al ladr\u00f3n? Mientras lo persiguen, los personajes de esta historia van pasando por escenarios de todo tipo pintados por los mejores artistas de todos los tiempos. Adentrarte en este gran libro infantil ilustrado en la b\u00fasqueda de los grandes pintores de nuestros tiempos: los bigotes de Dal\u00ed, los colores inconfundibles de Kandinsky, los girasoles de Van Gogh, las l\u00edneas rectas de Mondrian, el cubismo de Picasso, \u00a1y as\u00ed hasta 25 pintores diferentes! Un gran \u00e1lbum que combina humor y arte, ilustrado por el prestigioso Th\u00e9 Tjong-Khing, uno de los ilustradores m\u00e1s conocidos y apreciados de Europa.<\/p>\n<p><strong>Nueva gu\u00eda de lectura de Arte con pastel: <a href=\"http:\/\/localhost:8888\/mediterrania\/\/guia-art-amb-pastis\/\">descarga aqu\u00ed<\/a><\/strong><\/p>\n","protected":false},"excerpt":{"rendered":"<p>Alguien ha mangado el cuadro que acaba de pintar una se\u00f1ora. Sus amigos empiezan a investigar. \u00bfAtrapar\u00e1n al ladr\u00f3n? Mientras lo persiguen, los personajes de esta historia van pasando por escenarios de todo tipo pintados por los mejores artistas de todos los tiempos. Adentrarte en este gran libro infantil ilustrado en la b\u00fasqueda de los [&hellip;]<\/p>\n","protected":false},"featured_media":28239,"template":"","meta":[],"product_cat":[6495,30,28],"product_tag":[6032,6017,4128,6009,6128,6001,6002,4397],"autors":[],"class_list":{"0":"post-28251","1":"product","2":"type-product","3":"status-publish","4":"has-post-thumbnail","6":"product_cat-outlet-es","7":"product_cat-editorial-mediterrania","8":"product_cat-arte-en-familia","9":"product_tag-contes-il-lustrats-es","10":"product_tag-contes-infantils-es","11":"product_tag-dali-es","12":"product_tag-llibres-il-lustrats-es","13":"product_tag-llibres-il-lustrats-infantils-es","14":"product_tag-llibres-infantils-es","15":"product_tag-llibres-per-nens-es","16":"product_tag-picasso-es","18":"first","19":"instock","20":"sale","21":"featured","22":"purchasable","23":"product-type-variable","24":"has-default-attributes","swatches":"rey-swatches","show_selected":""},"acf":[],"yoast_head":"<!-- This site is optimized with the Yoast SEO plugin v22.8 - https:\/\/yoast.com\/wordpress\/plugins\/seo\/ -->\n<title>Arte con pastel , libro ilustrado - Editorial Mediterr\u00e0nia<\/title>\n<meta name=\"description\" content=\"Ad\u00e9ntrate en este gran libro infantil ilustrado en la busca de los grandes pintores de nuestros tiempos: los bigotes de Dal\u00ed, los colores inconfundibles de Kandinsky, los girasoles de Van Gogh, las l\u00edneas rectas de Mondrian, el cubismo de Picasso \u00a1y as\u00ed hasta 25 pintores diferentes!\" \/>\n<meta name=\"robots\" content=\"index, follow, max-snippet:-1, max-image-preview:large, max-video-preview:-1\" \/>\n<link rel=\"canonical\" href=\"https:\/\/editorialmediterrania.com\/es\/producto\/arte-con-pastel\/\" \/>\n<meta property=\"og:locale\" content=\"es_ES\" \/>\n<meta property=\"og:type\" content=\"article\" \/>\n<meta property=\"og:title\" content=\"Arte con pastel , libro ilustrado - Editorial Mediterr\u00e0nia\" \/>\n<meta property=\"og:description\" content=\"Ad\u00e9ntrate en este gran libro infantil ilustrado en la busca de los grandes pintores de nuestros tiempos: los bigotes de Dal\u00ed, los colores inconfundibles de Kandinsky, los girasoles de Van Gogh, las l\u00edneas rectas de Mondrian, el cubismo de Picasso \u00a1y as\u00ed hasta 25 pintores diferentes!\" \/>\n<meta property=\"og:url\" content=\"https:\/\/editorialmediterrania.com\/es\/producto\/arte-con-pastel\/\" \/>\n<meta property=\"og:site_name\" content=\"Editorial Mediterr\u00e0nia\" \/>\n<meta property=\"article:modified_time\" content=\"2025-03-11T10:45:37+00:00\" \/>\n<meta property=\"og:image\" content=\"https:\/\/editorialmediterrania.com\/wp-content\/uploads\/2018\/05\/Art-amb-pasti\u0301s.jpeg\" \/>\n\t<meta property=\"og:image:width\" content=\"472\" \/>\n\t<meta property=\"og:image:height\" content=\"561\" \/>\n\t<meta property=\"og:image:type\" content=\"image\/jpeg\" \/>\n<meta name=\"twitter:card\" content=\"summary_large_image\" \/>\n<meta name=\"twitter:site\" content=\"@edmediterrania\" \/>\n<meta name=\"twitter:label1\" content=\"Tiempo de lectura\" \/>\n\t<meta name=\"twitter:data1\" content=\"1 minuto\" \/>\n<script type=\"application\/ld+json\" class=\"yoast-schema-graph\">{\"@context\":\"https:\/\/schema.org\",\"@graph\":[{\"@type\":\"WebPage\",\"@id\":\"https:\/\/editorialmediterrania.com\/es\/producto\/arte-con-pastel\/\",\"url\":\"https:\/\/editorialmediterrania.com\/es\/producto\/arte-con-pastel\/\",\"name\":\"Arte con pastel , libro ilustrado - Editorial Mediterr\u00e0nia\",\"isPartOf\":{\"@id\":\"https:\/\/editorialmediterrania.com\/es\/#website\"},\"primaryImageOfPage\":{\"@id\":\"https:\/\/editorialmediterrania.com\/es\/producto\/arte-con-pastel\/#primaryimage\"},\"image\":{\"@id\":\"https:\/\/editorialmediterrania.com\/es\/producto\/arte-con-pastel\/#primaryimage\"},\"thumbnailUrl\":\"https:\/\/editorialmediterrania.com\/wp-content\/uploads\/2018\/05\/Art-amb-pasti\u0301s.jpeg\",\"datePublished\":\"2018-05-15T15:59:42+00:00\",\"dateModified\":\"2025-03-11T10:45:37+00:00\",\"description\":\"Ad\u00e9ntrate en este gran libro infantil ilustrado en la busca de los grandes pintores de nuestros tiempos: los bigotes de Dal\u00ed, los colores inconfundibles de Kandinsky, los girasoles de Van Gogh, las l\u00edneas rectas de Mondrian, el cubismo de Picasso \u00a1y as\u00ed hasta 25 pintores diferentes!\",\"breadcrumb\":{\"@id\":\"https:\/\/editorialmediterrania.com\/es\/producto\/arte-con-pastel\/#breadcrumb\"},\"inLanguage\":\"es\",\"potentialAction\":[{\"@type\":\"ReadAction\",\"target\":[\"https:\/\/editorialmediterrania.com\/es\/producto\/arte-con-pastel\/\"]}]},{\"@type\":\"ImageObject\",\"inLanguage\":\"es\",\"@id\":\"https:\/\/editorialmediterrania.com\/es\/producto\/arte-con-pastel\/#primaryimage\",\"url\":\"https:\/\/editorialmediterrania.com\/wp-content\/uploads\/2018\/05\/Art-amb-pasti\u0301s.jpeg\",\"contentUrl\":\"https:\/\/editorialmediterrania.com\/wp-content\/uploads\/2018\/05\/Art-amb-pasti\u0301s.jpeg\",\"width\":472,\"height\":561,\"caption\":\"Art amb Past\u00eds - Editorial Mediterr\u00e0nia\"},{\"@type\":\"BreadcrumbList\",\"@id\":\"https:\/\/editorialmediterrania.com\/es\/producto\/arte-con-pastel\/#breadcrumb\",\"itemListElement\":[{\"@type\":\"ListItem\",\"position\":1,\"name\":\"Tienda de libros infantiles de arte\",\"item\":\"https:\/\/editorialmediterrania.com\/es\/tienda-de-libros-infantiles-arte\/\"},{\"@type\":\"ListItem\",\"position\":2,\"name\":\"Arte con pastel\"}]},{\"@type\":\"WebSite\",\"@id\":\"https:\/\/editorialmediterrania.com\/es\/#website\",\"url\":\"https:\/\/editorialmediterrania.com\/es\/\",\"name\":\"Editorial Mediterrania\",\"description\":\"Llibres que t\u2019obriran nous mons\",\"publisher\":{\"@id\":\"https:\/\/editorialmediterrania.com\/es\/#organization\"},\"alternateName\":\"Llibres infantils d'art, cultura i natura\",\"potentialAction\":[{\"@type\":\"SearchAction\",\"target\":{\"@type\":\"EntryPoint\",\"urlTemplate\":\"https:\/\/editorialmediterrania.com\/es\/?s={search_term_string}\"},\"query-input\":\"required name=search_term_string\"}],\"inLanguage\":\"es\"},{\"@type\":\"Organization\",\"@id\":\"https:\/\/editorialmediterrania.com\/es\/#organization\",\"name\":\"Editorial Mediterrania\",\"alternateName\":\"Llibres d'art, cultura i natura per infants i fam\u00edlies\",\"url\":\"https:\/\/editorialmediterrania.com\/es\/\",\"logo\":{\"@type\":\"ImageObject\",\"inLanguage\":\"es\",\"@id\":\"https:\/\/editorialmediterrania.com\/es\/#\/schema\/logo\/image\/\",\"url\":\"https:\/\/editorialmediterrania.com\/wp-content\/uploads\/2023\/03\/LOGO-ED_MEDITERRANIA_OK-2.png\",\"contentUrl\":\"https:\/\/editorialmediterrania.com\/wp-content\/uploads\/2023\/03\/LOGO-ED_MEDITERRANIA_OK-2.png\",\"width\":1200,\"height\":300,\"caption\":\"Editorial Mediterrania\"},\"image\":{\"@id\":\"https:\/\/editorialmediterrania.com\/es\/#\/schema\/logo\/image\/\"},\"sameAs\":[\"https:\/\/x.com\/edmediterrania\",\"https:\/\/www.instagram.com\/editorialmediterrania\/\"]}]}<\/script>\n<!-- \/ Yoast SEO plugin. -->","yoast_head_json":{"title":"Arte con pastel , libro ilustrado - Editorial Mediterr\u00e0nia","description":"Ad\u00e9ntrate en este gran libro infantil ilustrado en la busca de los grandes pintores de nuestros tiempos: los bigotes de Dal\u00ed, los colores inconfundibles de Kandinsky, los girasoles de Van Gogh, las l\u00edneas rectas de Mondrian, el cubismo de Picasso \u00a1y as\u00ed hasta 25 pintores diferentes!","robots":{"index":"index","follow":"follow","max-snippet":"max-snippet:-1","max-image-preview":"max-image-preview:large","max-video-preview":"max-video-preview:-1"},"canonical":"https:\/\/editorialmediterrania.com\/es\/producto\/arte-con-pastel\/","og_locale":"es_ES","og_type":"article","og_title":"Arte con pastel , libro ilustrado - Editorial Mediterr\u00e0nia","og_description":"Ad\u00e9ntrate en este gran libro infantil ilustrado en la busca de los grandes pintores de nuestros tiempos: los bigotes de Dal\u00ed, los colores inconfundibles de Kandinsky, los girasoles de Van Gogh, las l\u00edneas rectas de Mondrian, el cubismo de Picasso \u00a1y as\u00ed hasta 25 pintores diferentes!","og_url":"https:\/\/editorialmediterrania.com\/es\/producto\/arte-con-pastel\/","og_site_name":"Editorial Mediterr\u00e0nia","article_modified_time":"2025-03-11T10:45:37+00:00","og_image":[{"width":472,"height":561,"url":"https:\/\/editorialmediterrania.com\/wp-content\/uploads\/2018\/05\/Art-amb-pasti\u0301s.jpeg","type":"image\/jpeg"}],"twitter_card":"summary_large_image","twitter_site":"@edmediterrania","twitter_misc":{"Tiempo de lectura":"1 minuto"},"schema":{"@context":"https:\/\/schema.org","@graph":[{"@type":"WebPage","@id":"https:\/\/editorialmediterrania.com\/es\/producto\/arte-con-pastel\/","url":"https:\/\/editorialmediterrania.com\/es\/producto\/arte-con-pastel\/","name":"Arte con pastel , libro ilustrado - Editorial Mediterr\u00e0nia","isPartOf":{"@id":"https:\/\/editorialmediterrania.com\/es\/#website"},"primaryImageOfPage":{"@id":"https:\/\/editorialmediterrania.com\/es\/producto\/arte-con-pastel\/#primaryimage"},"image":{"@id":"https:\/\/editorialmediterrania.com\/es\/producto\/arte-con-pastel\/#primaryimage"},"thumbnailUrl":"https:\/\/editorialmediterrania.com\/wp-content\/uploads\/2018\/05\/Art-amb-pasti\u0301s.jpeg","datePublished":"2018-05-15T15:59:42+00:00","dateModified":"2025-03-11T10:45:37+00:00","description":"Ad\u00e9ntrate en este gran libro infantil ilustrado en la busca de los grandes pintores de nuestros tiempos: los bigotes de Dal\u00ed, los colores inconfundibles de Kandinsky, los girasoles de Van Gogh, las l\u00edneas rectas de Mondrian, el cubismo de Picasso \u00a1y as\u00ed hasta 25 pintores diferentes!","breadcrumb":{"@id":"https:\/\/editorialmediterrania.com\/es\/producto\/arte-con-pastel\/#breadcrumb"},"inLanguage":"es","potentialAction":[{"@type":"ReadAction","target":["https:\/\/editorialmediterrania.com\/es\/producto\/arte-con-pastel\/"]}]},{"@type":"ImageObject","inLanguage":"es","@id":"https:\/\/editorialmediterrania.com\/es\/producto\/arte-con-pastel\/#primaryimage","url":"https:\/\/editorialmediterrania.com\/wp-content\/uploads\/2018\/05\/Art-amb-pasti\u0301s.jpeg","contentUrl":"https:\/\/editorialmediterrania.com\/wp-content\/uploads\/2018\/05\/Art-amb-pasti\u0301s.jpeg","width":472,"height":561,"caption":"Art amb Past\u00eds - Editorial Mediterr\u00e0nia"},{"@type":"BreadcrumbList","@id":"https:\/\/editorialmediterrania.com\/es\/producto\/arte-con-pastel\/#breadcrumb","itemListElement":[{"@type":"ListItem","position":1,"name":"Tienda de libros infantiles de arte","item":"https:\/\/editorialmediterrania.com\/es\/tienda-de-libros-infantiles-arte\/"},{"@type":"ListItem","position":2,"name":"Arte con pastel"}]},{"@type":"WebSite","@id":"https:\/\/editorialmediterrania.com\/es\/#website","url":"https:\/\/editorialmediterrania.com\/es\/","name":"Editorial Mediterrania","description":"Llibres que t\u2019obriran nous mons","publisher":{"@id":"https:\/\/editorialmediterrania.com\/es\/#organization"},"alternateName":"Llibres infantils d'art, cultura i natura","potentialAction":[{"@type":"SearchAction","target":{"@type":"EntryPoint","urlTemplate":"https:\/\/editorialmediterrania.com\/es\/?s={search_term_string}"},"query-input":"required name=search_term_string"}],"inLanguage":"es"},{"@type":"Organization","@id":"https:\/\/editorialmediterrania.com\/es\/#organization","name":"Editorial Mediterrania","alternateName":"Llibres d'art, cultura i natura per infants i fam\u00edlies","url":"https:\/\/editorialmediterrania.com\/es\/","logo":{"@type":"ImageObject","inLanguage":"es","@id":"https:\/\/editorialmediterrania.com\/es\/#\/schema\/logo\/image\/","url":"https:\/\/editorialmediterrania.com\/wp-content\/uploads\/2023\/03\/LOGO-ED_MEDITERRANIA_OK-2.png","contentUrl":"https:\/\/editorialmediterrania.com\/wp-content\/uploads\/2023\/03\/LOGO-ED_MEDITERRANIA_OK-2.png","width":1200,"height":300,"caption":"Editorial Mediterrania"},"image":{"@id":"https:\/\/editorialmediterrania.com\/es\/#\/schema\/logo\/image\/"},"sameAs":["https:\/\/x.com\/edmediterrania","https:\/\/www.instagram.com\/editorialmediterrania\/"]}]}},"_links":{"self":[{"href":"https:\/\/editorialmediterrania.com\/es\/wp-json\/wp\/v2\/product\/28251","targetHints":{"allow":["GET"]}}],"collection":[{"href":"https:\/\/editorialmediterrania.com\/es\/wp-json\/wp\/v2\/product"}],"about":[{"href":"https:\/\/editorialmediterrania.com\/es\/wp-json\/wp\/v2\/types\/product"}],"wp:featuredmedia":[{"embeddable":true,"href":"https:\/\/editorialmediterrania.com\/es\/wp-json\/wp\/v2\/media\/28239"}],"wp:attachment":[{"href":"https:\/\/editorialmediterrania.com\/es\/wp-json\/wp\/v2\/media?parent=28251"}],"wp:term":[{"taxonomy":"product_cat","embeddable":true,"href":"https:\/\/editorialmediterrania.com\/es\/wp-json\/wp\/v2\/product_cat?post=28251"},{"taxonomy":"product_tag","embeddable":true,"href":"https:\/\/editorialmediterrania.com\/es\/wp-json\/wp\/v2\/product_tag?post=28251"},{"taxonomy":"autors","embeddable":true,"href":"https:\/\/editorialmediterrania.com\/es\/wp-json\/wp\/v2\/autors?post=28251"}],"curies":[{"name":"wp","href":"https:\/\/api.w.org\/{rel}","templated":true}]}}