{"id":28666,"date":"2018-09-28T10:56:30","date_gmt":"2018-09-28T08:56:30","guid":{"rendered":"http:\/\/localhost:8888\/mediterrania\/product\/els-vitralls-de-la-sagrada-familia-2\/"},"modified":"2019-07-19T11:08:59","modified_gmt":"2019-07-19T09:08:59","slug":"els-vitralls-de-la-sagrada-familia","status":"publish","type":"product","link":"https:\/\/editorialmediterrania.com\/es\/producto\/els-vitralls-de-la-sagrada-familia\/","title":{"rendered":"Els vitralls de la Sagrada Fam\u00edlia"},"content":{"rendered":"<p>L&#8217;any 1999, el pintor Joan Vila-Grau va rebre la comanda de dissenyar i realitzar els vitralls que formen el gran finestral de la fa\u00e7ana de Ponent de la Sagrada Fam\u00edlia. Va estudiar el temple i tamb\u00e9 el concepte i la funci\u00f3 dels vitralls en les diferents obres d&#8217;Antoni Gaud\u00ed, i va emprendre la realitzaci\u00f3 del finestral de la Resurrecci\u00f3, que va ser instal\u00b7lat a mitjan 2001. La Junta Constructora del Temple de la Sagrada Fam\u00edlia li va encomanar el disseny i la realitzaci\u00f3 de la totalitat dels vitralls d&#8217;aquest temple, tasca en la qual continua des d&#8217;aquell any.<br \/>\nEl prop\u00f2sit de Joan Vila-Grau \u00e9s el de desenvolupar una aut\u00e8ntica, total i suggerent simfonia de color i llum, per crear, amb el seu estil personal, aquest ambient que embolcalla tot el temple i fer realitat el desig que expressen els mots de Gaud\u00ed: \u00abLa Sagrada Fam\u00edlia ser\u00e0 lluminosa&#8230; Ser\u00e0 el temple de la llum harmoniosa\u00bb.<\/p>\n<p>Amb el suport de:<br \/>\n<a href=\"http:\/\/localhost:8888\/mediterrania\/wp-content\/uploads\/2016\/09\/cultura_h3.jpeg\"><img decoding=\"async\" class=\" wp-image-27847 alignleft\" src=\"http:\/\/localhost:8888\/mediterrania\/\/wp-content\/uploads\/2016\/09\/cultura_h3-300x69.jpeg\" alt=\"\" width=\"150\" height=\"34\" srcset=\"https:\/\/editorialmediterrania.com\/wp-content\/uploads\/2016\/09\/cultura_h3-300x69.jpeg 300w, https:\/\/editorialmediterrania.com\/wp-content\/uploads\/2016\/09\/cultura_h3.jpeg 454w\" sizes=\"(max-width: 150px) 100vw, 150px\" \/><\/a><\/p>\n","protected":false},"excerpt":{"rendered":"<p>L&#8217;any 1999, el pintor Joan Vila-Grau va rebre la comanda de dissenyar i realitzar els vitralls que formen el gran finestral de la fa\u00e7ana de Ponent de la Sagrada Fam\u00edlia. Va estudiar el temple i tamb\u00e9 el concepte i la funci\u00f3 dels vitralls en les diferents obres d&#8217;Antoni Gaud\u00ed, i va emprendre la realitzaci\u00f3 del [&hellip;]<\/p>\n","protected":false},"featured_media":28655,"template":"","meta":[],"product_cat":[3350,198],"product_tag":[2589],"autors":[],"class_list":{"0":"post-28666","1":"product","2":"type-product","3":"status-publish","4":"has-post-thumbnail","6":"product_cat-mediterrania-productes","7":"product_cat-arte-adulto","8":"product_tag-sagrada-familia-es","10":"first","11":"instock","12":"purchasable","13":"product-type-variable","14":"has-default-attributes","swatches":"rey-swatches","show_selected":""},"acf":[],"yoast_head":"<!-- This site is optimized with the Yoast SEO plugin v22.8 - https:\/\/yoast.com\/wordpress\/plugins\/seo\/ -->\n<title>Els vitralls de la Sagrada Fam\u00edlia - Editorial Mediterr\u00e0nia<\/title>\n<meta name=\"description\" content=\"Descobreix un m\u00f3n de meravelles a trav\u00e9s dels llibres de la nostra editorial especialitzada en art, cultura i natura per a fam\u00edlies. Amb il\u00b7lustracions fascinants i hist\u00f2ries enriquidores, inspirem el descobriment i la curiositat en petits i grans, connectant-los amb el patrimoni cultural i el meravell\u00f3s m\u00f3n natural que ens envolta\" \/>\n<meta name=\"robots\" content=\"index, follow, max-snippet:-1, max-image-preview:large, max-video-preview:-1\" \/>\n<link rel=\"canonical\" href=\"https:\/\/editorialmediterrania.com\/es\/producto\/els-vitralls-de-la-sagrada-familia\/\" \/>\n<meta property=\"og:locale\" content=\"es_ES\" \/>\n<meta property=\"og:type\" content=\"article\" \/>\n<meta property=\"og:title\" content=\"Els vitralls de la Sagrada Fam\u00edlia - Editorial Mediterr\u00e0nia\" \/>\n<meta property=\"og:description\" content=\"Descobreix un m\u00f3n de meravelles a trav\u00e9s dels llibres de la nostra editorial especialitzada en art, cultura i natura per a fam\u00edlies. Amb il\u00b7lustracions fascinants i hist\u00f2ries enriquidores, inspirem el descobriment i la curiositat en petits i grans, connectant-los amb el patrimoni cultural i el meravell\u00f3s m\u00f3n natural que ens envolta\" \/>\n<meta property=\"og:url\" content=\"https:\/\/editorialmediterrania.com\/es\/producto\/els-vitralls-de-la-sagrada-familia\/\" \/>\n<meta property=\"og:site_name\" content=\"Editorial Mediterr\u00e0nia\" \/>\n<meta property=\"article:modified_time\" content=\"2019-07-19T09:08:59+00:00\" \/>\n<meta property=\"og:image\" content=\"https:\/\/editorialmediterrania.com\/wp-content\/uploads\/2018\/09\/els-vitralls-d-ela-sgrada-familia.jpeg\" \/>\n\t<meta property=\"og:image:width\" content=\"631\" \/>\n\t<meta property=\"og:image:height\" content=\"939\" \/>\n\t<meta property=\"og:image:type\" content=\"image\/jpeg\" \/>\n<meta name=\"twitter:card\" content=\"summary_large_image\" \/>\n<meta name=\"twitter:site\" content=\"@edmediterrania\" \/>\n<meta name=\"twitter:label1\" content=\"Tiempo de lectura\" \/>\n\t<meta name=\"twitter:data1\" content=\"1 minuto\" \/>\n<script type=\"application\/ld+json\" class=\"yoast-schema-graph\">{\"@context\":\"https:\/\/schema.org\",\"@graph\":[{\"@type\":\"WebPage\",\"@id\":\"https:\/\/editorialmediterrania.com\/es\/producto\/els-vitralls-de-la-sagrada-familia\/\",\"url\":\"https:\/\/editorialmediterrania.com\/es\/producto\/els-vitralls-de-la-sagrada-familia\/\",\"name\":\"Els vitralls de la Sagrada Fam\u00edlia - Editorial Mediterr\u00e0nia\",\"isPartOf\":{\"@id\":\"https:\/\/editorialmediterrania.com\/es\/#website\"},\"primaryImageOfPage\":{\"@id\":\"https:\/\/editorialmediterrania.com\/es\/producto\/els-vitralls-de-la-sagrada-familia\/#primaryimage\"},\"image\":{\"@id\":\"https:\/\/editorialmediterrania.com\/es\/producto\/els-vitralls-de-la-sagrada-familia\/#primaryimage\"},\"thumbnailUrl\":\"https:\/\/editorialmediterrania.com\/wp-content\/uploads\/2018\/09\/els-vitralls-d-ela-sgrada-familia.jpeg\",\"datePublished\":\"2018-09-28T08:56:30+00:00\",\"dateModified\":\"2019-07-19T09:08:59+00:00\",\"description\":\"Descobreix un m\u00f3n de meravelles a trav\u00e9s dels llibres de la nostra editorial especialitzada en art, cultura i natura per a fam\u00edlies. Amb il\u00b7lustracions fascinants i hist\u00f2ries enriquidores, inspirem el descobriment i la curiositat en petits i grans, connectant-los amb el patrimoni cultural i el meravell\u00f3s m\u00f3n natural que ens envolta\",\"breadcrumb\":{\"@id\":\"https:\/\/editorialmediterrania.com\/es\/producto\/els-vitralls-de-la-sagrada-familia\/#breadcrumb\"},\"inLanguage\":\"es\",\"potentialAction\":[{\"@type\":\"ReadAction\",\"target\":[\"https:\/\/editorialmediterrania.com\/es\/producto\/els-vitralls-de-la-sagrada-familia\/\"]}]},{\"@type\":\"ImageObject\",\"inLanguage\":\"es\",\"@id\":\"https:\/\/editorialmediterrania.com\/es\/producto\/els-vitralls-de-la-sagrada-familia\/#primaryimage\",\"url\":\"https:\/\/editorialmediterrania.com\/wp-content\/uploads\/2018\/09\/els-vitralls-d-ela-sgrada-familia.jpeg\",\"contentUrl\":\"https:\/\/editorialmediterrania.com\/wp-content\/uploads\/2018\/09\/els-vitralls-d-ela-sgrada-familia.jpeg\",\"width\":631,\"height\":939,\"caption\":\"Els vitralls de la Sagrada Familia - Editorial Mediterr\u00e0nia\"},{\"@type\":\"BreadcrumbList\",\"@id\":\"https:\/\/editorialmediterrania.com\/es\/producto\/els-vitralls-de-la-sagrada-familia\/#breadcrumb\",\"itemListElement\":[{\"@type\":\"ListItem\",\"position\":1,\"name\":\"Tienda de libros infantiles de arte\",\"item\":\"https:\/\/editorialmediterrania.com\/es\/tienda-de-libros-infantiles-arte\/\"},{\"@type\":\"ListItem\",\"position\":2,\"name\":\"Els vitralls de la Sagrada Fam\u00edlia\"}]},{\"@type\":\"WebSite\",\"@id\":\"https:\/\/editorialmediterrania.com\/es\/#website\",\"url\":\"https:\/\/editorialmediterrania.com\/es\/\",\"name\":\"Editorial Mediterrania\",\"description\":\"Llibres que t\u2019obriran nous mons\",\"publisher\":{\"@id\":\"https:\/\/editorialmediterrania.com\/es\/#organization\"},\"alternateName\":\"Llibres infantils d'art, cultura i natura\",\"potentialAction\":[{\"@type\":\"SearchAction\",\"target\":{\"@type\":\"EntryPoint\",\"urlTemplate\":\"https:\/\/editorialmediterrania.com\/es\/?s={search_term_string}\"},\"query-input\":\"required name=search_term_string\"}],\"inLanguage\":\"es\"},{\"@type\":\"Organization\",\"@id\":\"https:\/\/editorialmediterrania.com\/es\/#organization\",\"name\":\"Editorial Mediterrania\",\"alternateName\":\"Llibres d'art, cultura i natura per infants i fam\u00edlies\",\"url\":\"https:\/\/editorialmediterrania.com\/es\/\",\"logo\":{\"@type\":\"ImageObject\",\"inLanguage\":\"es\",\"@id\":\"https:\/\/editorialmediterrania.com\/es\/#\/schema\/logo\/image\/\",\"url\":\"https:\/\/editorialmediterrania.com\/wp-content\/uploads\/2023\/03\/LOGO-ED_MEDITERRANIA_OK-2.png\",\"contentUrl\":\"https:\/\/editorialmediterrania.com\/wp-content\/uploads\/2023\/03\/LOGO-ED_MEDITERRANIA_OK-2.png\",\"width\":1200,\"height\":300,\"caption\":\"Editorial Mediterrania\"},\"image\":{\"@id\":\"https:\/\/editorialmediterrania.com\/es\/#\/schema\/logo\/image\/\"},\"sameAs\":[\"https:\/\/x.com\/edmediterrania\",\"https:\/\/www.instagram.com\/editorialmediterrania\/\"]}]}<\/script>\n<!-- \/ Yoast SEO plugin. -->","yoast_head_json":{"title":"Els vitralls de la Sagrada Fam\u00edlia - Editorial Mediterr\u00e0nia","description":"Descobreix un m\u00f3n de meravelles a trav\u00e9s dels llibres de la nostra editorial especialitzada en art, cultura i natura per a fam\u00edlies. Amb il\u00b7lustracions fascinants i hist\u00f2ries enriquidores, inspirem el descobriment i la curiositat en petits i grans, connectant-los amb el patrimoni cultural i el meravell\u00f3s m\u00f3n natural que ens envolta","robots":{"index":"index","follow":"follow","max-snippet":"max-snippet:-1","max-image-preview":"max-image-preview:large","max-video-preview":"max-video-preview:-1"},"canonical":"https:\/\/editorialmediterrania.com\/es\/producto\/els-vitralls-de-la-sagrada-familia\/","og_locale":"es_ES","og_type":"article","og_title":"Els vitralls de la Sagrada Fam\u00edlia - Editorial Mediterr\u00e0nia","og_description":"Descobreix un m\u00f3n de meravelles a trav\u00e9s dels llibres de la nostra editorial especialitzada en art, cultura i natura per a fam\u00edlies. Amb il\u00b7lustracions fascinants i hist\u00f2ries enriquidores, inspirem el descobriment i la curiositat en petits i grans, connectant-los amb el patrimoni cultural i el meravell\u00f3s m\u00f3n natural que ens envolta","og_url":"https:\/\/editorialmediterrania.com\/es\/producto\/els-vitralls-de-la-sagrada-familia\/","og_site_name":"Editorial Mediterr\u00e0nia","article_modified_time":"2019-07-19T09:08:59+00:00","og_image":[{"width":631,"height":939,"url":"https:\/\/editorialmediterrania.com\/wp-content\/uploads\/2018\/09\/els-vitralls-d-ela-sgrada-familia.jpeg","type":"image\/jpeg"}],"twitter_card":"summary_large_image","twitter_site":"@edmediterrania","twitter_misc":{"Tiempo de lectura":"1 minuto"},"schema":{"@context":"https:\/\/schema.org","@graph":[{"@type":"WebPage","@id":"https:\/\/editorialmediterrania.com\/es\/producto\/els-vitralls-de-la-sagrada-familia\/","url":"https:\/\/editorialmediterrania.com\/es\/producto\/els-vitralls-de-la-sagrada-familia\/","name":"Els vitralls de la Sagrada Fam\u00edlia - Editorial Mediterr\u00e0nia","isPartOf":{"@id":"https:\/\/editorialmediterrania.com\/es\/#website"},"primaryImageOfPage":{"@id":"https:\/\/editorialmediterrania.com\/es\/producto\/els-vitralls-de-la-sagrada-familia\/#primaryimage"},"image":{"@id":"https:\/\/editorialmediterrania.com\/es\/producto\/els-vitralls-de-la-sagrada-familia\/#primaryimage"},"thumbnailUrl":"https:\/\/editorialmediterrania.com\/wp-content\/uploads\/2018\/09\/els-vitralls-d-ela-sgrada-familia.jpeg","datePublished":"2018-09-28T08:56:30+00:00","dateModified":"2019-07-19T09:08:59+00:00","description":"Descobreix un m\u00f3n de meravelles a trav\u00e9s dels llibres de la nostra editorial especialitzada en art, cultura i natura per a fam\u00edlies. Amb il\u00b7lustracions fascinants i hist\u00f2ries enriquidores, inspirem el descobriment i la curiositat en petits i grans, connectant-los amb el patrimoni cultural i el meravell\u00f3s m\u00f3n natural que ens envolta","breadcrumb":{"@id":"https:\/\/editorialmediterrania.com\/es\/producto\/els-vitralls-de-la-sagrada-familia\/#breadcrumb"},"inLanguage":"es","potentialAction":[{"@type":"ReadAction","target":["https:\/\/editorialmediterrania.com\/es\/producto\/els-vitralls-de-la-sagrada-familia\/"]}]},{"@type":"ImageObject","inLanguage":"es","@id":"https:\/\/editorialmediterrania.com\/es\/producto\/els-vitralls-de-la-sagrada-familia\/#primaryimage","url":"https:\/\/editorialmediterrania.com\/wp-content\/uploads\/2018\/09\/els-vitralls-d-ela-sgrada-familia.jpeg","contentUrl":"https:\/\/editorialmediterrania.com\/wp-content\/uploads\/2018\/09\/els-vitralls-d-ela-sgrada-familia.jpeg","width":631,"height":939,"caption":"Els vitralls de la Sagrada Familia - Editorial Mediterr\u00e0nia"},{"@type":"BreadcrumbList","@id":"https:\/\/editorialmediterrania.com\/es\/producto\/els-vitralls-de-la-sagrada-familia\/#breadcrumb","itemListElement":[{"@type":"ListItem","position":1,"name":"Tienda de libros infantiles de arte","item":"https:\/\/editorialmediterrania.com\/es\/tienda-de-libros-infantiles-arte\/"},{"@type":"ListItem","position":2,"name":"Els vitralls de la Sagrada Fam\u00edlia"}]},{"@type":"WebSite","@id":"https:\/\/editorialmediterrania.com\/es\/#website","url":"https:\/\/editorialmediterrania.com\/es\/","name":"Editorial Mediterrania","description":"Llibres que t\u2019obriran nous mons","publisher":{"@id":"https:\/\/editorialmediterrania.com\/es\/#organization"},"alternateName":"Llibres infantils d'art, cultura i natura","potentialAction":[{"@type":"SearchAction","target":{"@type":"EntryPoint","urlTemplate":"https:\/\/editorialmediterrania.com\/es\/?s={search_term_string}"},"query-input":"required name=search_term_string"}],"inLanguage":"es"},{"@type":"Organization","@id":"https:\/\/editorialmediterrania.com\/es\/#organization","name":"Editorial Mediterrania","alternateName":"Llibres d'art, cultura i natura per infants i fam\u00edlies","url":"https:\/\/editorialmediterrania.com\/es\/","logo":{"@type":"ImageObject","inLanguage":"es","@id":"https:\/\/editorialmediterrania.com\/es\/#\/schema\/logo\/image\/","url":"https:\/\/editorialmediterrania.com\/wp-content\/uploads\/2023\/03\/LOGO-ED_MEDITERRANIA_OK-2.png","contentUrl":"https:\/\/editorialmediterrania.com\/wp-content\/uploads\/2023\/03\/LOGO-ED_MEDITERRANIA_OK-2.png","width":1200,"height":300,"caption":"Editorial Mediterrania"},"image":{"@id":"https:\/\/editorialmediterrania.com\/es\/#\/schema\/logo\/image\/"},"sameAs":["https:\/\/x.com\/edmediterrania","https:\/\/www.instagram.com\/editorialmediterrania\/"]}]}},"_links":{"self":[{"href":"https:\/\/editorialmediterrania.com\/es\/wp-json\/wp\/v2\/product\/28666","targetHints":{"allow":["GET"]}}],"collection":[{"href":"https:\/\/editorialmediterrania.com\/es\/wp-json\/wp\/v2\/product"}],"about":[{"href":"https:\/\/editorialmediterrania.com\/es\/wp-json\/wp\/v2\/types\/product"}],"wp:featuredmedia":[{"embeddable":true,"href":"https:\/\/editorialmediterrania.com\/es\/wp-json\/wp\/v2\/media\/28655"}],"wp:attachment":[{"href":"https:\/\/editorialmediterrania.com\/es\/wp-json\/wp\/v2\/media?parent=28666"}],"wp:term":[{"taxonomy":"product_cat","embeddable":true,"href":"https:\/\/editorialmediterrania.com\/es\/wp-json\/wp\/v2\/product_cat?post=28666"},{"taxonomy":"product_tag","embeddable":true,"href":"https:\/\/editorialmediterrania.com\/es\/wp-json\/wp\/v2\/product_tag?post=28666"},{"taxonomy":"autors","embeddable":true,"href":"https:\/\/editorialmediterrania.com\/es\/wp-json\/wp\/v2\/autors?post=28666"}],"curies":[{"name":"wp","href":"https:\/\/api.w.org\/{rel}","templated":true}]}}