{"id":3003,"date":"2013-01-26T23:36:31","date_gmt":"2013-01-26T22:36:31","guid":{"rendered":"http:\/\/editorialmediterraneatest.grupoormo.com\/product\/producto\/petita-historia-de-lluis-companys-2\/"},"modified":"2015-09-19T17:38:21","modified_gmt":"2015-09-19T15:38:21","slug":"petita-historia-de-lluis-companys","status":"publish","type":"product","link":"https:\/\/editorialmediterrania.com\/es\/producto\/petita-historia-de-lluis-companys\/","title":{"rendered":"Petita Hist\u00f2ria de Llu\u00eds Companys"},"content":{"rendered":"<p style=\"text-align: justify;\">Esta peque\u00f1a historia acerca a los ni\u00f1os y ni\u00f1as, de manera amena y rigurosa, la figura de Llu\u00eds Companys. La historia narra la vida del pol\u00edtico catal\u00e1n, l\u00edder de Esquerra Republicana de Cata\u00f1unya, desde su infancia hasta su asesinato en el castillo de Montju\u00efc. El texto va acomp\u00f1ado de las ilustraciones a todo color de Pilar\u00edn Bay\u00e9s.<\/p>\n","protected":false},"excerpt":{"rendered":"<p>Esta peque\u00f1a historia acerca a los ni\u00f1os y ni\u00f1as, de manera amena y rigurosa, la figura de Llu\u00eds Companys. La historia narra la vida del pol\u00edtico catal\u00e1n, l\u00edder de Esquerra Republicana de Cata\u00f1unya, desde su infancia hasta su asesinato en el castillo de Montju\u00efc. El texto va acomp\u00f1ado de las ilustraciones a todo color de [&hellip;]<\/p>\n","protected":false},"featured_media":19029,"template":"","meta":[],"product_cat":[30,103],"product_tag":[393,396],"autors":[],"class_list":{"0":"post-3003","1":"product","2":"type-product","3":"status-publish","4":"has-post-thumbnail","6":"product_cat-editorial-mediterrania","7":"product_cat-pequenas-historias","8":"product_tag-libro-infantil-es","9":"product_tag-pilarin-bayes-es","11":"first","12":"outofstock","13":"purchasable","14":"product-type-simple","swatches":"rey-swatches","show_selected":""},"acf":[],"yoast_head":"<!-- This site is optimized with the Yoast SEO plugin v22.8 - https:\/\/yoast.com\/wordpress\/plugins\/seo\/ -->\n<title>Petita Hist\u00f2ria de Llu\u00eds Companys - Editorial Mediterrania<\/title>\n<meta name=\"description\" content=\"Libro infantil educativo peque\u00f1a historia sobre la vida del pol\u00edtico y presidente de la Generalitat Llu\u00eds Companys para ni\u00f1os y ni\u00f1as entre 8 y 12 a\u00f1os\" \/>\n<meta name=\"robots\" content=\"index, follow, max-snippet:-1, max-image-preview:large, max-video-preview:-1\" \/>\n<link rel=\"canonical\" href=\"https:\/\/editorialmediterrania.com\/es\/producto\/petita-historia-de-lluis-companys\/\" \/>\n<meta property=\"og:locale\" content=\"es_ES\" \/>\n<meta property=\"og:type\" content=\"article\" \/>\n<meta property=\"og:title\" content=\"Petita Hist\u00f2ria de Llu\u00eds Companys - Editorial Mediterrania\" \/>\n<meta property=\"og:description\" content=\"Libro infantil educativo peque\u00f1a historia sobre la vida del pol\u00edtico y presidente de la Generalitat Llu\u00eds Companys para ni\u00f1os y ni\u00f1as entre 8 y 12 a\u00f1os\" \/>\n<meta property=\"og:url\" content=\"https:\/\/editorialmediterrania.com\/es\/producto\/petita-historia-de-lluis-companys\/\" \/>\n<meta property=\"og:site_name\" content=\"Editorial Mediterr\u00e0nia\" \/>\n<meta property=\"article:modified_time\" content=\"2015-09-19T15:38:21+00:00\" \/>\n<meta property=\"og:image\" content=\"https:\/\/editorialmediterrania.com\/wp-content\/uploads\/2013\/01\/Petita-Historia-de-Lluis-Companys.jpg\" \/>\n\t<meta property=\"og:image:width\" content=\"700\" \/>\n\t<meta property=\"og:image:height\" content=\"877\" \/>\n\t<meta property=\"og:image:type\" content=\"image\/jpeg\" \/>\n<meta name=\"twitter:card\" content=\"summary_large_image\" \/>\n<meta name=\"twitter:site\" content=\"@edmediterrania\" \/>\n<script type=\"application\/ld+json\" class=\"yoast-schema-graph\">{\"@context\":\"https:\/\/schema.org\",\"@graph\":[{\"@type\":\"WebPage\",\"@id\":\"https:\/\/editorialmediterrania.com\/es\/producto\/petita-historia-de-lluis-companys\/\",\"url\":\"https:\/\/editorialmediterrania.com\/es\/producto\/petita-historia-de-lluis-companys\/\",\"name\":\"Petita Hist\u00f2ria de Llu\u00eds Companys - Editorial Mediterrania\",\"isPartOf\":{\"@id\":\"https:\/\/editorialmediterrania.com\/es\/#website\"},\"primaryImageOfPage\":{\"@id\":\"https:\/\/editorialmediterrania.com\/es\/producto\/petita-historia-de-lluis-companys\/#primaryimage\"},\"image\":{\"@id\":\"https:\/\/editorialmediterrania.com\/es\/producto\/petita-historia-de-lluis-companys\/#primaryimage\"},\"thumbnailUrl\":\"https:\/\/editorialmediterrania.com\/wp-content\/uploads\/2013\/01\/Petita-Historia-de-Lluis-Companys.jpg\",\"datePublished\":\"2013-01-26T22:36:31+00:00\",\"dateModified\":\"2015-09-19T15:38:21+00:00\",\"description\":\"Libro infantil educativo peque\u00f1a historia sobre la vida del pol\u00edtico y presidente de la Generalitat Llu\u00eds Companys para ni\u00f1os y ni\u00f1as entre 8 y 12 a\u00f1os\",\"breadcrumb\":{\"@id\":\"https:\/\/editorialmediterrania.com\/es\/producto\/petita-historia-de-lluis-companys\/#breadcrumb\"},\"inLanguage\":\"es\",\"potentialAction\":[{\"@type\":\"ReadAction\",\"target\":[\"https:\/\/editorialmediterrania.com\/es\/producto\/petita-historia-de-lluis-companys\/\"]}]},{\"@type\":\"ImageObject\",\"inLanguage\":\"es\",\"@id\":\"https:\/\/editorialmediterrania.com\/es\/producto\/petita-historia-de-lluis-companys\/#primaryimage\",\"url\":\"https:\/\/editorialmediterrania.com\/wp-content\/uploads\/2013\/01\/Petita-Historia-de-Lluis-Companys.jpg\",\"contentUrl\":\"https:\/\/editorialmediterrania.com\/wp-content\/uploads\/2013\/01\/Petita-Historia-de-Lluis-Companys.jpg\",\"width\":700,\"height\":877},{\"@type\":\"BreadcrumbList\",\"@id\":\"https:\/\/editorialmediterrania.com\/es\/producto\/petita-historia-de-lluis-companys\/#breadcrumb\",\"itemListElement\":[{\"@type\":\"ListItem\",\"position\":1,\"name\":\"Tienda de libros infantiles de arte\",\"item\":\"https:\/\/editorialmediterrania.com\/es\/tienda-de-libros-infantiles-arte\/\"},{\"@type\":\"ListItem\",\"position\":2,\"name\":\"Petita Hist\u00f2ria de Llu\u00eds Companys\"}]},{\"@type\":\"WebSite\",\"@id\":\"https:\/\/editorialmediterrania.com\/es\/#website\",\"url\":\"https:\/\/editorialmediterrania.com\/es\/\",\"name\":\"Editorial Mediterrania\",\"description\":\"Llibres que t\u2019obriran nous mons\",\"publisher\":{\"@id\":\"https:\/\/editorialmediterrania.com\/es\/#organization\"},\"alternateName\":\"Llibres infantils d'art, cultura i natura\",\"potentialAction\":[{\"@type\":\"SearchAction\",\"target\":{\"@type\":\"EntryPoint\",\"urlTemplate\":\"https:\/\/editorialmediterrania.com\/es\/?s={search_term_string}\"},\"query-input\":\"required name=search_term_string\"}],\"inLanguage\":\"es\"},{\"@type\":\"Organization\",\"@id\":\"https:\/\/editorialmediterrania.com\/es\/#organization\",\"name\":\"Editorial Mediterrania\",\"alternateName\":\"Llibres d'art, cultura i natura per infants i fam\u00edlies\",\"url\":\"https:\/\/editorialmediterrania.com\/es\/\",\"logo\":{\"@type\":\"ImageObject\",\"inLanguage\":\"es\",\"@id\":\"https:\/\/editorialmediterrania.com\/es\/#\/schema\/logo\/image\/\",\"url\":\"https:\/\/editorialmediterrania.com\/wp-content\/uploads\/2023\/03\/LOGO-ED_MEDITERRANIA_OK-2.png\",\"contentUrl\":\"https:\/\/editorialmediterrania.com\/wp-content\/uploads\/2023\/03\/LOGO-ED_MEDITERRANIA_OK-2.png\",\"width\":1200,\"height\":300,\"caption\":\"Editorial Mediterrania\"},\"image\":{\"@id\":\"https:\/\/editorialmediterrania.com\/es\/#\/schema\/logo\/image\/\"},\"sameAs\":[\"https:\/\/x.com\/edmediterrania\",\"https:\/\/www.instagram.com\/editorialmediterrania\/\"]}]}<\/script>\n<!-- \/ Yoast SEO plugin. -->","yoast_head_json":{"title":"Petita Hist\u00f2ria de Llu\u00eds Companys - Editorial Mediterrania","description":"Libro infantil educativo peque\u00f1a historia sobre la vida del pol\u00edtico y presidente de la Generalitat Llu\u00eds Companys para ni\u00f1os y ni\u00f1as entre 8 y 12 a\u00f1os","robots":{"index":"index","follow":"follow","max-snippet":"max-snippet:-1","max-image-preview":"max-image-preview:large","max-video-preview":"max-video-preview:-1"},"canonical":"https:\/\/editorialmediterrania.com\/es\/producto\/petita-historia-de-lluis-companys\/","og_locale":"es_ES","og_type":"article","og_title":"Petita Hist\u00f2ria de Llu\u00eds Companys - Editorial Mediterrania","og_description":"Libro infantil educativo peque\u00f1a historia sobre la vida del pol\u00edtico y presidente de la Generalitat Llu\u00eds Companys para ni\u00f1os y ni\u00f1as entre 8 y 12 a\u00f1os","og_url":"https:\/\/editorialmediterrania.com\/es\/producto\/petita-historia-de-lluis-companys\/","og_site_name":"Editorial Mediterr\u00e0nia","article_modified_time":"2015-09-19T15:38:21+00:00","og_image":[{"width":700,"height":877,"url":"https:\/\/editorialmediterrania.com\/wp-content\/uploads\/2013\/01\/Petita-Historia-de-Lluis-Companys.jpg","type":"image\/jpeg"}],"twitter_card":"summary_large_image","twitter_site":"@edmediterrania","schema":{"@context":"https:\/\/schema.org","@graph":[{"@type":"WebPage","@id":"https:\/\/editorialmediterrania.com\/es\/producto\/petita-historia-de-lluis-companys\/","url":"https:\/\/editorialmediterrania.com\/es\/producto\/petita-historia-de-lluis-companys\/","name":"Petita Hist\u00f2ria de Llu\u00eds Companys - Editorial Mediterrania","isPartOf":{"@id":"https:\/\/editorialmediterrania.com\/es\/#website"},"primaryImageOfPage":{"@id":"https:\/\/editorialmediterrania.com\/es\/producto\/petita-historia-de-lluis-companys\/#primaryimage"},"image":{"@id":"https:\/\/editorialmediterrania.com\/es\/producto\/petita-historia-de-lluis-companys\/#primaryimage"},"thumbnailUrl":"https:\/\/editorialmediterrania.com\/wp-content\/uploads\/2013\/01\/Petita-Historia-de-Lluis-Companys.jpg","datePublished":"2013-01-26T22:36:31+00:00","dateModified":"2015-09-19T15:38:21+00:00","description":"Libro infantil educativo peque\u00f1a historia sobre la vida del pol\u00edtico y presidente de la Generalitat Llu\u00eds Companys para ni\u00f1os y ni\u00f1as entre 8 y 12 a\u00f1os","breadcrumb":{"@id":"https:\/\/editorialmediterrania.com\/es\/producto\/petita-historia-de-lluis-companys\/#breadcrumb"},"inLanguage":"es","potentialAction":[{"@type":"ReadAction","target":["https:\/\/editorialmediterrania.com\/es\/producto\/petita-historia-de-lluis-companys\/"]}]},{"@type":"ImageObject","inLanguage":"es","@id":"https:\/\/editorialmediterrania.com\/es\/producto\/petita-historia-de-lluis-companys\/#primaryimage","url":"https:\/\/editorialmediterrania.com\/wp-content\/uploads\/2013\/01\/Petita-Historia-de-Lluis-Companys.jpg","contentUrl":"https:\/\/editorialmediterrania.com\/wp-content\/uploads\/2013\/01\/Petita-Historia-de-Lluis-Companys.jpg","width":700,"height":877},{"@type":"BreadcrumbList","@id":"https:\/\/editorialmediterrania.com\/es\/producto\/petita-historia-de-lluis-companys\/#breadcrumb","itemListElement":[{"@type":"ListItem","position":1,"name":"Tienda de libros infantiles de arte","item":"https:\/\/editorialmediterrania.com\/es\/tienda-de-libros-infantiles-arte\/"},{"@type":"ListItem","position":2,"name":"Petita Hist\u00f2ria de Llu\u00eds Companys"}]},{"@type":"WebSite","@id":"https:\/\/editorialmediterrania.com\/es\/#website","url":"https:\/\/editorialmediterrania.com\/es\/","name":"Editorial Mediterrania","description":"Llibres que t\u2019obriran nous mons","publisher":{"@id":"https:\/\/editorialmediterrania.com\/es\/#organization"},"alternateName":"Llibres infantils d'art, cultura i natura","potentialAction":[{"@type":"SearchAction","target":{"@type":"EntryPoint","urlTemplate":"https:\/\/editorialmediterrania.com\/es\/?s={search_term_string}"},"query-input":"required name=search_term_string"}],"inLanguage":"es"},{"@type":"Organization","@id":"https:\/\/editorialmediterrania.com\/es\/#organization","name":"Editorial Mediterrania","alternateName":"Llibres d'art, cultura i natura per infants i fam\u00edlies","url":"https:\/\/editorialmediterrania.com\/es\/","logo":{"@type":"ImageObject","inLanguage":"es","@id":"https:\/\/editorialmediterrania.com\/es\/#\/schema\/logo\/image\/","url":"https:\/\/editorialmediterrania.com\/wp-content\/uploads\/2023\/03\/LOGO-ED_MEDITERRANIA_OK-2.png","contentUrl":"https:\/\/editorialmediterrania.com\/wp-content\/uploads\/2023\/03\/LOGO-ED_MEDITERRANIA_OK-2.png","width":1200,"height":300,"caption":"Editorial Mediterrania"},"image":{"@id":"https:\/\/editorialmediterrania.com\/es\/#\/schema\/logo\/image\/"},"sameAs":["https:\/\/x.com\/edmediterrania","https:\/\/www.instagram.com\/editorialmediterrania\/"]}]}},"_links":{"self":[{"href":"https:\/\/editorialmediterrania.com\/es\/wp-json\/wp\/v2\/product\/3003","targetHints":{"allow":["GET"]}}],"collection":[{"href":"https:\/\/editorialmediterrania.com\/es\/wp-json\/wp\/v2\/product"}],"about":[{"href":"https:\/\/editorialmediterrania.com\/es\/wp-json\/wp\/v2\/types\/product"}],"wp:featuredmedia":[{"embeddable":true,"href":"https:\/\/editorialmediterrania.com\/es\/wp-json\/wp\/v2\/media\/19029"}],"wp:attachment":[{"href":"https:\/\/editorialmediterrania.com\/es\/wp-json\/wp\/v2\/media?parent=3003"}],"wp:term":[{"taxonomy":"product_cat","embeddable":true,"href":"https:\/\/editorialmediterrania.com\/es\/wp-json\/wp\/v2\/product_cat?post=3003"},{"taxonomy":"product_tag","embeddable":true,"href":"https:\/\/editorialmediterrania.com\/es\/wp-json\/wp\/v2\/product_tag?post=3003"},{"taxonomy":"autors","embeddable":true,"href":"https:\/\/editorialmediterrania.com\/es\/wp-json\/wp\/v2\/autors?post=3003"}],"curies":[{"name":"wp","href":"https:\/\/api.w.org\/{rel}","templated":true}]}}